{"id":6210,"date":"2021-01-21T22:54:58","date_gmt":"2021-01-21T20:54:58","guid":{"rendered":"https:\/\/spindeja.lt\/?post_type=product&#038;p=6210"},"modified":"2025-08-28T22:42:58","modified_gmt":"2025-08-28T20:42:58","slug":"gintaro-ir-rozinio-kvarco-apyranke","status":"publish","type":"product","link":"https:\/\/spindeja.lt\/en\/product\/gintaro-ir-rozinio-kvarco-apyranke\/","title":{"rendered":"Gintaro ir ro\u017einio kvarco apyrank\u0117"},"content":{"rendered":"<div class=\"o9v6fnle cxmmr5t8 oygrvhab hcukyx3x c1et5uql ii04i59q\">\n<div dir=\"auto\">\n<div class=\"kvgmc6g5 cxmmr5t8 oygrvhab hcukyx3x c1et5uql ii04i59q\">\n<div dir=\"auto\">Baltijos gintaras ir Madagaskaro ro\u017einis kvarcas puikiai dera tarpusavyje, nes abu spinduliuoja \u0161velni\u0105, rami\u0105 ir tyr\u0105 energij\u0105.<\/div>\n<\/div>\n<\/div>\n<div dir=\"auto\"><\/div>\n<div dir=\"auto\">\n<div class=\"o9v6fnle cxmmr5t8 oygrvhab hcukyx3x c1et5uql ii04i59q\">\n<div dir=\"auto\"><strong>Ro\u017einis kvarcas<\/strong> yra apie bes\u0105lygin\u0119 meil\u0119, apie jos pri\u0117mim\u0105 ir spinduliavim\u0105 ja. Suteikia ramyb\u0117s, \u0161velnumo. Jis spinduliuoja \u0161velni\u0105 moteri\u0161k\u0105 energij\u0105: u\u017euojaut\u0105 ir ramyb\u0119, \u0161velnum\u0105 ir gijim\u0105, puosel\u0117jim\u0105 ir jaukum\u0105. Ro\u017einis kvarcas kalba tiesiogiai su \u0161irdies \u010dakra, naikindamas emocines \u017eaizdas, baimes bei neapykant\u0105, per vis\u0105 aur\u0105 skleid\u017eia dievi\u0161kosios meil\u0117s energij\u0105. Prikeldamas \u0161ird\u012f jos pagrindinei funkcijai \u2013 meilei, ro\u017einis kvarcas suteikia gil\u0173 asmeninio pasitenkinimo jausm\u0105, leisdamas nuo\u0161ird\u017eiai dovanoti ir priimti meil\u0119 i\u0161 kit\u0173.<\/div>\n<\/div>\n<\/div>\n<div dir=\"auto\"><\/div>\n<div dir=\"auto\"><strong>Gintaras<\/strong>\u00a0suteikia d\u017eiaugsming\u0105 ir ram\u0173 buvim\u0105 \u010dia ir dabar, priartina prie gamtos ir sustiprina susijungim\u0105 su ja. Jie yra tarsi ma\u017eos saulyt\u0117s, spinduliuojan\u010dios \u0161ilum\u0105 ir jaukum\u0105. \u0160iluma jau\u010diama netgi fizi\u0161kai. \u00a0Tai amorfin\u0117s strukt\u016bros mineralai, padedantys dar labiau susijungti su K\u016br\u0117ju. J\u0173 galia \u0161velni, subtili ir efektyvi.<\/div>\n<div dir=\"auto\"><\/div>\n<\/div>\n<div class=\"o9v6fnle cxmmr5t8 oygrvhab hcukyx3x c1et5uql ii04i59q\">\n<div dir=\"auto\">Taip pat gintaras veikia, kaip \u0160viesos sargas nuo negatyvi\u0173 energij\u0173, \u012fvairi\u0173 virus\u0173 ir bakterij\u0173. Manoma, kad gintaro pavadinimas kilo nuo \u017eod\u017eio \u201eginti\u201c. Be vis\u0173 kit\u0173 ger\u0173 savybi\u0173 gintar\u0105 sudaranti r\u016bg\u0161tis (sukcinitas) prisideda prie imuniteto stiprinimo, kadangi, papuo\u0161alui lie\u010diantis prie odos, sukcinito mikrodalel\u0117s prasiskverbia pro od\u0105 \u012f m\u016bs\u0173 organizm\u0105.<\/div>\n<div dir=\"auto\"><\/div>\n<\/div>\n<div class=\"o9v6fnle cxmmr5t8 oygrvhab hcukyx3x c1et5uql ii04i59q\">\n<div dir=\"auto\">Gintaruose yra sukaupta milijon\u0173 met\u0173 patirtis, tobula s\u0105mon\u0117, kurios \u017einutes ir apsaug\u0105 reikia priimti atvira \u0161irdimi. Jie spinduliuoja tobul\u0105 i\u0161mint\u012f. Priimk ir pajusk Stebuklus.<\/div>\n<\/div>","protected":false},"excerpt":{"rendered":"<div dir=\"auto\">\n<div class=\"kvgmc6g5 cxmmr5t8 oygrvhab hcukyx3x c1et5uql ii04i59q\">\n<p dir=\"auto\">Baltijos gintaro ir Madagaskaro ro\u017einio kvarco apyrank\u0117 su hematito intarpais, dviem pakabukais ir ner\u016bdijan\u010dio plieno detal\u0117m.<\/p>\n<p dir=\"auto\">Karoliuk\u0173 skersmuo &#8211; 9 mm.<\/p>\n<\/div>\n<\/div>\n<p dir=\"auto\"><strong>Atkreipkite d\u0117mes\u012f \u012f pasirinkimo variantus.<\/strong><\/p>\n<p>Apyrank\u0117s dyd\u017eiai nurodyti pagal rie\u0161o apimt\u012f. Rie\u0161\u0105 reikia matuoti be laisvumo ties lankstom\u0105ja dalimi. Kilus klausim\u0173 d\u0117l dyd\u017eio pasirinkimo, pra\u0161ome susisiekti el. pa\u0161tu: info@spindeja.lt.<\/p>\n<p>Apyrank\u0117 pristatoma \u201eSpind\u0117ja\u201c dovan\u0173 d\u0117\u017eut\u0117je.<\/p>\n<p dir=\"auto\">","protected":false},"featured_media":20580,"comment_status":"open","ping_status":"closed","template":"","meta":{"_uag_custom_page_level_css":"","site-sidebar-layout":"default","site-content-layout":"","ast-site-content-layout":"default","site-content-style":"default","site-sidebar-style":"default","ast-global-header-display":"","ast-banner-title-visibility":"","ast-main-header-display":"","ast-hfb-above-header-display":"","ast-hfb-below-header-display":"","ast-hfb-mobile-header-display":"","site-post-title":"","ast-breadcrumbs-content":"","ast-featured-img":"","footer-sml-layout":"","ast-disable-related-posts":"","theme-transparent-header-meta":"default","adv-header-id-meta":"","stick-header-meta":"default","header-above-stick-meta":"","header-main-stick-meta":"","header-below-stick-meta":"","astra-migrate-meta-layouts":"set","ast-page-background-enabled":"default","ast-page-background-meta":{"desktop":{"background-color":"","background-image":"","background-repeat":"repeat","background-position":"center center","background-size":"auto","background-attachment":"scroll","background-type":"","background-media":"","overlay-type":"","overlay-color":"","overlay-opacity":"","overlay-gradient":""},"tablet":{"background-color":"","background-image":"","background-repeat":"repeat","background-position":"center center","background-size":"auto","background-attachment":"scroll","background-type":"","background-media":"","overlay-type":"","overlay-color":"","overlay-opacity":"","overlay-gradient":""},"mobile":{"background-color":"","background-image":"","background-repeat":"repeat","background-position":"center center","background-size":"auto","background-attachment":"scroll","background-type":"","background-media":"","overlay-type":"","overlay-color":"","overlay-opacity":"","overlay-gradient":""}},"ast-content-background-meta":{"desktop":{"background-color":"var(--ast-global-color-5)","background-image":"","background-repeat":"repeat","background-position":"center center","background-size":"auto","background-attachment":"scroll","background-type":"","background-media":"","overlay-type":"","overlay-color":"","overlay-opacity":"","overlay-gradient":""},"tablet":{"background-color":"var(--ast-global-color-5)","background-image":"","background-repeat":"repeat","background-position":"center center","background-size":"auto","background-attachment":"scroll","background-type":"","background-media":"","overlay-type":"","overlay-color":"","overlay-opacity":"","overlay-gradient":""},"mobile":{"background-color":"var(--ast-global-color-5)","background-image":"","background-repeat":"repeat","background-position":"center center","background-size":"auto","background-attachment":"scroll","background-type":"","background-media":"","overlay-type":"","overlay-color":"","overlay-opacity":"","overlay-gradient":""}}},"product_brand":[],"product_cat":[53,59],"product_tag":[],"class_list":{"0":"post-6210","1":"product","2":"type-product","3":"status-publish","4":"has-post-thumbnail","6":"product_cat-apyrankes","7":"product_cat-gintaro-papuosalai","8":"desktop-align-left","9":"tablet-align-left","10":"mobile-align-left","11":"ast-product-gallery-layout-horizontal-slider","12":"ast-product-gallery-with-no-image","13":"ast-product-single-variable","14":"ast-product-tabs-layout-horizontal","16":"first","17":"instock","18":"shipping-taxable","19":"purchasable","20":"product-type-variable"},"yoast_head":"<!-- This site is optimized with the Yoast SEO plugin v26.9 - https:\/\/yoast.com\/product\/yoast-seo-wordpress\/ -->\n<title>Gintaro ir ro\u017einio kvarco apyrank\u0117 - Spind\u0117ja<\/title>\n<meta name=\"description\" content=\"Gintaro ir ro\u017einio kvarco apyrank\u0117 - Spind\u0117ja Baltijos gintaro ir Madagaskaro ro\u017einio kvarco apyrank\u0117 su hematito intarpais, dviem pakabukais ir ner\u016bdijan\u010dio plieno detal\u0117m.\" \/>\n<meta name=\"robots\" content=\"index, follow, max-snippet:-1, max-image-preview:large, max-video-preview:-1\" \/>\n<link rel=\"canonical\" href=\"https:\/\/spindeja.lt\/en\/product\/gintaro-ir-rozinio-kvarco-apyranke\/\" \/>\n<meta property=\"og:locale\" content=\"en_GB\" \/>\n<meta property=\"og:type\" content=\"article\" \/>\n<meta property=\"og:title\" content=\"Gintaro ir ro\u017einio kvarco apyrank\u0117 - Spind\u0117ja\" \/>\n<meta property=\"og:description\" content=\"Gintaro ir ro\u017einio kvarco apyrank\u0117 - Spind\u0117ja Baltijos gintaro ir Madagaskaro ro\u017einio kvarco apyrank\u0117 su hematito intarpais, dviem pakabukais ir ner\u016bdijan\u010dio plieno detal\u0117m.\" \/>\n<meta property=\"og:url\" content=\"https:\/\/spindeja.lt\/en\/product\/gintaro-ir-rozinio-kvarco-apyranke\/\" \/>\n<meta property=\"og:site_name\" content=\"Spind\u0117ja\" \/>\n<meta property=\"article:publisher\" content=\"https:\/\/www.facebook.com\/profile.php?id=100063674195191\" \/>\n<meta property=\"article:modified_time\" content=\"2025-08-28T20:42:58+00:00\" \/>\n<meta property=\"og:image\" content=\"https:\/\/spindeja.lt\/wp-content\/uploads\/2021\/01\/Gintaro-rozinio-kvarco-apyranke.webp\" \/>\n\t<meta property=\"og:image:width\" content=\"800\" \/>\n\t<meta property=\"og:image:height\" content=\"600\" \/>\n\t<meta property=\"og:image:type\" content=\"image\/webp\" \/>\n<meta name=\"twitter:card\" content=\"summary_large_image\" \/>\n<meta name=\"twitter:label1\" content=\"Estimated reading time\" \/>\n\t<meta name=\"twitter:data1\" content=\"2 minutes\" \/>\n<script type=\"application\/ld+json\" class=\"yoast-schema-graph\">{\"@context\":\"https:\/\/schema.org\",\"@graph\":[{\"@type\":\"WebPage\",\"@id\":\"https:\/\/spindeja.lt\/produktas\/gintaro-ir-rozinio-kvarco-apyranke\/\",\"url\":\"https:\/\/spindeja.lt\/produktas\/gintaro-ir-rozinio-kvarco-apyranke\/\",\"name\":\"Gintaro ir ro\u017einio kvarco apyrank\u0117 - Spind\u0117ja\",\"isPartOf\":{\"@id\":\"https:\/\/spindeja.lt\/#website\"},\"primaryImageOfPage\":{\"@id\":\"https:\/\/spindeja.lt\/produktas\/gintaro-ir-rozinio-kvarco-apyranke\/#primaryimage\"},\"image\":{\"@id\":\"https:\/\/spindeja.lt\/produktas\/gintaro-ir-rozinio-kvarco-apyranke\/#primaryimage\"},\"thumbnailUrl\":\"https:\/\/spindeja.lt\/wp-content\/uploads\/2021\/01\/Gintaro-rozinio-kvarco-apyranke.webp\",\"datePublished\":\"2021-01-21T20:54:58+00:00\",\"dateModified\":\"2025-08-28T20:42:58+00:00\",\"description\":\"Gintaro ir ro\u017einio kvarco apyrank\u0117 - Spind\u0117ja Baltijos gintaro ir Madagaskaro ro\u017einio kvarco apyrank\u0117 su hematito intarpais, dviem pakabukais ir ner\u016bdijan\u010dio plieno detal\u0117m.\",\"breadcrumb\":{\"@id\":\"https:\/\/spindeja.lt\/produktas\/gintaro-ir-rozinio-kvarco-apyranke\/#breadcrumb\"},\"inLanguage\":\"en-GB\",\"potentialAction\":[{\"@type\":\"ReadAction\",\"target\":[\"https:\/\/spindeja.lt\/produktas\/gintaro-ir-rozinio-kvarco-apyranke\/\"]}]},{\"@type\":\"ImageObject\",\"inLanguage\":\"en-GB\",\"@id\":\"https:\/\/spindeja.lt\/produktas\/gintaro-ir-rozinio-kvarco-apyranke\/#primaryimage\",\"url\":\"https:\/\/spindeja.lt\/wp-content\/uploads\/2021\/01\/Gintaro-rozinio-kvarco-apyranke.webp\",\"contentUrl\":\"https:\/\/spindeja.lt\/wp-content\/uploads\/2021\/01\/Gintaro-rozinio-kvarco-apyranke.webp\",\"width\":800,\"height\":600,\"caption\":\"Gintaro ro\u017einio kvarco apyrank\u0117\"},{\"@type\":\"BreadcrumbList\",\"@id\":\"https:\/\/spindeja.lt\/produktas\/gintaro-ir-rozinio-kvarco-apyranke\/#breadcrumb\",\"itemListElement\":[{\"@type\":\"ListItem\",\"position\":1,\"name\":\"Prad\u017eia\",\"item\":\"https:\/\/spindeja.lt\/\"},{\"@type\":\"ListItem\",\"position\":2,\"name\":\"Parduotuv\u0117\",\"item\":\"https:\/\/spindeja.lt\/parduotuve\/\"},{\"@type\":\"ListItem\",\"position\":3,\"name\":\"Gintaro ir ro\u017einio kvarco apyrank\u0117\"}]},{\"@type\":\"WebSite\",\"@id\":\"https:\/\/spindeja.lt\/#website\",\"url\":\"https:\/\/spindeja.lt\/\",\"name\":\"Spind\u0117ja\",\"description\":\"Rank\u0173 darbo papuo\u0161alai Jums\",\"publisher\":{\"@id\":\"https:\/\/spindeja.lt\/#organization\"},\"potentialAction\":[{\"@type\":\"SearchAction\",\"target\":{\"@type\":\"EntryPoint\",\"urlTemplate\":\"https:\/\/spindeja.lt\/?s={search_term_string}\"},\"query-input\":{\"@type\":\"PropertyValueSpecification\",\"valueRequired\":true,\"valueName\":\"search_term_string\"}}],\"inLanguage\":\"en-GB\"},{\"@type\":\"Organization\",\"@id\":\"https:\/\/spindeja.lt\/#organization\",\"name\":\"Spind\u0117ja\",\"url\":\"https:\/\/spindeja.lt\/\",\"logo\":{\"@type\":\"ImageObject\",\"inLanguage\":\"en-GB\",\"@id\":\"https:\/\/spindeja.lt\/#\/schema\/logo\/image\/\",\"url\":\"https:\/\/spindeja.lt\/wp-content\/uploads\/2019\/12\/Layer-2.png\",\"contentUrl\":\"https:\/\/spindeja.lt\/wp-content\/uploads\/2019\/12\/Layer-2.png\",\"width\":915,\"height\":616,\"caption\":\"Spind\u0117ja\"},\"image\":{\"@id\":\"https:\/\/spindeja.lt\/#\/schema\/logo\/image\/\"},\"sameAs\":[\"https:\/\/www.facebook.com\/profile.php?id=100063674195191\",\"https:\/\/www.instagram.com\/spindeja\/\"]}]}<\/script>\n<!-- \/ Yoast SEO plugin. -->","yoast_head_json":{"title":"Gintaro ir ro\u017einio kvarco apyrank\u0117 - Spind\u0117ja","description":"Gintaro ir ro\u017einio kvarco apyrank\u0117 - Spind\u0117ja Baltijos gintaro ir Madagaskaro ro\u017einio kvarco apyrank\u0117 su hematito intarpais, dviem pakabukais ir ner\u016bdijan\u010dio plieno detal\u0117m.","robots":{"index":"index","follow":"follow","max-snippet":"max-snippet:-1","max-image-preview":"max-image-preview:large","max-video-preview":"max-video-preview:-1"},"canonical":"https:\/\/spindeja.lt\/en\/product\/gintaro-ir-rozinio-kvarco-apyranke\/","og_locale":"en_GB","og_type":"article","og_title":"Gintaro ir ro\u017einio kvarco apyrank\u0117 - Spind\u0117ja","og_description":"Gintaro ir ro\u017einio kvarco apyrank\u0117 - Spind\u0117ja Baltijos gintaro ir Madagaskaro ro\u017einio kvarco apyrank\u0117 su hematito intarpais, dviem pakabukais ir ner\u016bdijan\u010dio plieno detal\u0117m.","og_url":"https:\/\/spindeja.lt\/en\/product\/gintaro-ir-rozinio-kvarco-apyranke\/","og_site_name":"Spind\u0117ja","article_publisher":"https:\/\/www.facebook.com\/profile.php?id=100063674195191","article_modified_time":"2025-08-28T20:42:58+00:00","og_image":[{"width":800,"height":600,"url":"https:\/\/spindeja.lt\/wp-content\/uploads\/2021\/01\/Gintaro-rozinio-kvarco-apyranke.webp","type":"image\/webp"}],"twitter_card":"summary_large_image","twitter_misc":{"Estimated reading time":"2 minutes"},"schema":{"@context":"https:\/\/schema.org","@graph":[{"@type":"WebPage","@id":"https:\/\/spindeja.lt\/produktas\/gintaro-ir-rozinio-kvarco-apyranke\/","url":"https:\/\/spindeja.lt\/produktas\/gintaro-ir-rozinio-kvarco-apyranke\/","name":"Gintaro ir ro\u017einio kvarco apyrank\u0117 - Spind\u0117ja","isPartOf":{"@id":"https:\/\/spindeja.lt\/#website"},"primaryImageOfPage":{"@id":"https:\/\/spindeja.lt\/produktas\/gintaro-ir-rozinio-kvarco-apyranke\/#primaryimage"},"image":{"@id":"https:\/\/spindeja.lt\/produktas\/gintaro-ir-rozinio-kvarco-apyranke\/#primaryimage"},"thumbnailUrl":"https:\/\/spindeja.lt\/wp-content\/uploads\/2021\/01\/Gintaro-rozinio-kvarco-apyranke.webp","datePublished":"2021-01-21T20:54:58+00:00","dateModified":"2025-08-28T20:42:58+00:00","description":"Gintaro ir ro\u017einio kvarco apyrank\u0117 - Spind\u0117ja Baltijos gintaro ir Madagaskaro ro\u017einio kvarco apyrank\u0117 su hematito intarpais, dviem pakabukais ir ner\u016bdijan\u010dio plieno detal\u0117m.","breadcrumb":{"@id":"https:\/\/spindeja.lt\/produktas\/gintaro-ir-rozinio-kvarco-apyranke\/#breadcrumb"},"inLanguage":"en-GB","potentialAction":[{"@type":"ReadAction","target":["https:\/\/spindeja.lt\/produktas\/gintaro-ir-rozinio-kvarco-apyranke\/"]}]},{"@type":"ImageObject","inLanguage":"en-GB","@id":"https:\/\/spindeja.lt\/produktas\/gintaro-ir-rozinio-kvarco-apyranke\/#primaryimage","url":"https:\/\/spindeja.lt\/wp-content\/uploads\/2021\/01\/Gintaro-rozinio-kvarco-apyranke.webp","contentUrl":"https:\/\/spindeja.lt\/wp-content\/uploads\/2021\/01\/Gintaro-rozinio-kvarco-apyranke.webp","width":800,"height":600,"caption":"Gintaro ro\u017einio kvarco apyrank\u0117"},{"@type":"BreadcrumbList","@id":"https:\/\/spindeja.lt\/produktas\/gintaro-ir-rozinio-kvarco-apyranke\/#breadcrumb","itemListElement":[{"@type":"ListItem","position":1,"name":"Prad\u017eia","item":"https:\/\/spindeja.lt\/"},{"@type":"ListItem","position":2,"name":"Parduotuv\u0117","item":"https:\/\/spindeja.lt\/parduotuve\/"},{"@type":"ListItem","position":3,"name":"Gintaro ir ro\u017einio kvarco apyrank\u0117"}]},{"@type":"WebSite","@id":"https:\/\/spindeja.lt\/#website","url":"https:\/\/spindeja.lt\/","name":"Spind\u0117ja","description":"Rank\u0173 darbo papuo\u0161alai Jums","publisher":{"@id":"https:\/\/spindeja.lt\/#organization"},"potentialAction":[{"@type":"SearchAction","target":{"@type":"EntryPoint","urlTemplate":"https:\/\/spindeja.lt\/?s={search_term_string}"},"query-input":{"@type":"PropertyValueSpecification","valueRequired":true,"valueName":"search_term_string"}}],"inLanguage":"en-GB"},{"@type":"Organization","@id":"https:\/\/spindeja.lt\/#organization","name":"Spind\u0117ja","url":"https:\/\/spindeja.lt\/","logo":{"@type":"ImageObject","inLanguage":"en-GB","@id":"https:\/\/spindeja.lt\/#\/schema\/logo\/image\/","url":"https:\/\/spindeja.lt\/wp-content\/uploads\/2019\/12\/Layer-2.png","contentUrl":"https:\/\/spindeja.lt\/wp-content\/uploads\/2019\/12\/Layer-2.png","width":915,"height":616,"caption":"Spind\u0117ja"},"image":{"@id":"https:\/\/spindeja.lt\/#\/schema\/logo\/image\/"},"sameAs":["https:\/\/www.facebook.com\/profile.php?id=100063674195191","https:\/\/www.instagram.com\/spindeja\/"]}]}},"uagb_featured_image_src":{"full":["https:\/\/spindeja.lt\/wp-content\/uploads\/2021\/01\/Gintaro-rozinio-kvarco-apyranke.webp",800,600,false],"thumbnail":["https:\/\/spindeja.lt\/wp-content\/uploads\/2021\/01\/Gintaro-rozinio-kvarco-apyranke-150x150.webp",150,150,true],"medium":["https:\/\/spindeja.lt\/wp-content\/uploads\/2021\/01\/Gintaro-rozinio-kvarco-apyranke-300x225.webp",300,225,true],"medium_large":["https:\/\/spindeja.lt\/wp-content\/uploads\/2021\/01\/Gintaro-rozinio-kvarco-apyranke-768x576.webp",768,576,true],"large":["https:\/\/spindeja.lt\/wp-content\/uploads\/2021\/01\/Gintaro-rozinio-kvarco-apyranke.webp",800,600,false],"1536x1536":["https:\/\/spindeja.lt\/wp-content\/uploads\/2021\/01\/Gintaro-rozinio-kvarco-apyranke.webp",800,600,false],"2048x2048":["https:\/\/spindeja.lt\/wp-content\/uploads\/2021\/01\/Gintaro-rozinio-kvarco-apyranke.webp",800,600,false],"trp-custom-language-flag":["https:\/\/spindeja.lt\/wp-content\/uploads\/2021\/01\/Gintaro-rozinio-kvarco-apyranke-16x12.webp",16,12,true],"woocommerce_thumbnail":["https:\/\/spindeja.lt\/wp-content\/uploads\/2021\/01\/Gintaro-rozinio-kvarco-apyranke-540x540.webp",540,540,true],"woocommerce_single":["https:\/\/spindeja.lt\/wp-content\/uploads\/2021\/01\/Gintaro-rozinio-kvarco-apyranke-540x405.webp",540,405,true],"woocommerce_gallery_thumbnail":["https:\/\/spindeja.lt\/wp-content\/uploads\/2021\/01\/Gintaro-rozinio-kvarco-apyranke-100x100.webp",100,100,true]},"uagb_author_info":{"display_name":"spindeja","author_link":"https:\/\/spindeja.lt\/en\/author\/"},"uagb_comment_info":0,"uagb_excerpt":"Baltijos gintaro ir Madagaskaro ro\u017einio kvarco apyrank\u0117 su hematito intarpais, dviem pakabukais ir ner\u016bdijan\u010dio plieno detal\u0117m. Karoliuk\u0173 skersmuo - 9 mm. Atkreipkite d\u0117mes\u012f \u012f pasirinkimo variantus. Apyrank\u0117s dyd\u017eiai nurodyti pagal rie\u0161o apimt\u012f. Rie\u0161\u0105 reikia matuoti be laisvumo ties lankstom\u0105ja dalimi. Kilus klausim\u0173 d\u0117l dyd\u017eio pasirinkimo, pra\u0161ome susisiekti el. pa\u0161tu: info@spindeja.lt. Apyrank\u0117 pristatoma \u201eSpind\u0117ja\u201c dovan\u0173 d\u0117\u017eut\u0117je.","_links":{"self":[{"href":"https:\/\/spindeja.lt\/en\/wp-json\/wp\/v2\/product\/6210","targetHints":{"allow":["GET"]}}],"collection":[{"href":"https:\/\/spindeja.lt\/en\/wp-json\/wp\/v2\/product"}],"about":[{"href":"https:\/\/spindeja.lt\/en\/wp-json\/wp\/v2\/types\/product"}],"replies":[{"embeddable":true,"href":"https:\/\/spindeja.lt\/en\/wp-json\/wp\/v2\/comments?post=6210"}],"wp:featuredmedia":[{"embeddable":true,"href":"https:\/\/spindeja.lt\/en\/wp-json\/wp\/v2\/media\/20580"}],"wp:attachment":[{"href":"https:\/\/spindeja.lt\/en\/wp-json\/wp\/v2\/media?parent=6210"}],"wp:term":[{"taxonomy":"product_brand","embeddable":true,"href":"https:\/\/spindeja.lt\/en\/wp-json\/wp\/v2\/product_brand?post=6210"},{"taxonomy":"product_cat","embeddable":true,"href":"https:\/\/spindeja.lt\/en\/wp-json\/wp\/v2\/product_cat?post=6210"},{"taxonomy":"product_tag","embeddable":true,"href":"https:\/\/spindeja.lt\/en\/wp-json\/wp\/v2\/product_tag?post=6210"}],"curies":[{"name":"wp","href":"https:\/\/api.w.org\/{rel}","templated":true}]}}