{"id":4160,"date":"2020-04-26T14:40:09","date_gmt":"2020-04-26T12:40:09","guid":{"rendered":"https:\/\/spindeja.lt\/?post_type=product&#038;p=4160"},"modified":"2025-05-11T18:51:24","modified_gmt":"2025-05-11T16:51:24","slug":"gintaro-auskarai-misko-gylis","status":"publish","type":"product","link":"https:\/\/spindeja.lt\/en\/product\/gintaro-auskarai-misko-gylis\/","title":{"rendered":"Gintaro auskarai &#8222;Mi\u0161ko gylis&#8221;"},"content":{"rendered":"<div class=\"o9v6fnle cxmmr5t8 oygrvhab hcukyx3x c1et5uql ii04i59q\">\n<div dir=\"auto\">Kiekvienas gintaro gabal\u0117lis yra unikalus gamtos k\u016brinys, susiformav\u0119s prie\u0161 milijonus met\u0173. Tai liudija ne\u012fkainojam\u0105 gintaro vert\u0119.<\/div>\n<div dir=\"auto\"><\/div>\n<div dir=\"auto\">Gintarai suteikia d\u017eiaugsming\u0105 ir ram\u0173 buvim\u0105 \u010dia ir dabar, priartina prie gamtos ir sustiprina susijungim\u0105 su ja. Jie yra tarsi ma\u017eos saulyt\u0117s, spinduliuojan\u010dios \u0161ilum\u0105 ir jaukum\u0105. \u0160iluma jau\u010diama netgi fizi\u0161kai. \u00a0Tai amorfin\u0117s strukt\u016bros mineralai, padedantys dar labiau susijungti su K\u016br\u0117ju. J\u0173 galia \u0161velni, subtili ir efektyvi.<\/div>\n<div dir=\"auto\"><\/div>\n<\/div>\n<div class=\"o9v6fnle cxmmr5t8 oygrvhab hcukyx3x c1et5uql ii04i59q\">\n<div dir=\"auto\">Taip pat gintaras veikia, kaip \u0160viesos sargas nuo negatyvi\u0173 energij\u0173, \u012fvairi\u0173 virus\u0173 ir bakterij\u0173. Manoma, kad gintaro pavadinimas kilo nuo \u017eod\u017eio \u201eginti\u201c. Be vis\u0173 kit\u0173 ger\u0173 savybi\u0173 gintar\u0105 sudaranti r\u016bg\u0161tis (sukcinitas) prisideda prie imuniteto stiprinimo, kadangi, papuo\u0161alui lie\u010diantis prie odos, sukcinito mikrodalel\u0117s prasiskverbia pro od\u0105 \u012f m\u016bs\u0173 organizm\u0105.<\/div>\n<div dir=\"auto\"><\/div>\n<\/div>\n<div class=\"o9v6fnle cxmmr5t8 oygrvhab hcukyx3x c1et5uql ii04i59q\">\n<div dir=\"auto\">Gintaruose yra sukaupta milijon\u0173 met\u0173 patirtis, tobula s\u0105mon\u0117, kurios \u017einutes ir apsaug\u0105 reikia priimti atvira \u0161irdimi. Jie spinduliuoja tobul\u0105 i\u0161mint\u012f. Priimk ir pajusk Stebuklus.<\/div>\n<\/div>","protected":false},"excerpt":{"rendered":"<p>Tamsaus Baltijos gintaro su saman\u0173 inkliuzais auskarai.<\/p>\n<p>Bendras ilgis \u2013 35 mm, gintaro skersmuo \u2013 13 mm.<\/p>\n<p>U\u017esegimai ir kitos detal\u0117s \u2013 925 sidabras.<\/p>\n<p>Pristatomi &#8222;Spind\u0117ja&#8221; dovan\u0173 d\u0117\u017eut\u0117je. Pridedama mini servet\u0117l\u0117 sidabrui valyti.<\/p>","protected":false},"featured_media":4162,"comment_status":"closed","ping_status":"closed","template":"","meta":{"_uag_custom_page_level_css":"","site-sidebar-layout":"default","site-content-layout":"","ast-site-content-layout":"default","site-content-style":"default","site-sidebar-style":"default","ast-global-header-display":"","ast-banner-title-visibility":"","ast-main-header-display":"","ast-hfb-above-header-display":"","ast-hfb-below-header-display":"","ast-hfb-mobile-header-display":"","site-post-title":"","ast-breadcrumbs-content":"","ast-featured-img":"","footer-sml-layout":"","ast-disable-related-posts":"","theme-transparent-header-meta":"default","adv-header-id-meta":"","stick-header-meta":"default","header-above-stick-meta":"","header-main-stick-meta":"","header-below-stick-meta":"","astra-migrate-meta-layouts":"set","ast-page-background-enabled":"default","ast-page-background-meta":{"desktop":{"background-color":"","background-image":"","background-repeat":"repeat","background-position":"center center","background-size":"auto","background-attachment":"scroll","background-type":"","background-media":"","overlay-type":"","overlay-color":"","overlay-opacity":"","overlay-gradient":""},"tablet":{"background-color":"","background-image":"","background-repeat":"repeat","background-position":"center center","background-size":"auto","background-attachment":"scroll","background-type":"","background-media":"","overlay-type":"","overlay-color":"","overlay-opacity":"","overlay-gradient":""},"mobile":{"background-color":"","background-image":"","background-repeat":"repeat","background-position":"center center","background-size":"auto","background-attachment":"scroll","background-type":"","background-media":"","overlay-type":"","overlay-color":"","overlay-opacity":"","overlay-gradient":""}},"ast-content-background-meta":{"desktop":{"background-color":"var(--ast-global-color-5)","background-image":"","background-repeat":"repeat","background-position":"center center","background-size":"auto","background-attachment":"scroll","background-type":"","background-media":"","overlay-type":"","overlay-color":"","overlay-opacity":"","overlay-gradient":""},"tablet":{"background-color":"var(--ast-global-color-5)","background-image":"","background-repeat":"repeat","background-position":"center center","background-size":"auto","background-attachment":"scroll","background-type":"","background-media":"","overlay-type":"","overlay-color":"","overlay-opacity":"","overlay-gradient":""},"mobile":{"background-color":"var(--ast-global-color-5)","background-image":"","background-repeat":"repeat","background-position":"center center","background-size":"auto","background-attachment":"scroll","background-type":"","background-media":"","overlay-type":"","overlay-color":"","overlay-opacity":"","overlay-gradient":""}}},"product_brand":[],"product_cat":[59,56],"product_tag":[],"class_list":{"0":"post-4160","1":"product","2":"type-product","3":"status-publish","4":"has-post-thumbnail","6":"product_cat-gintaro-papuosalai","7":"product_cat-auskarai","8":"desktop-align-left","9":"tablet-align-left","10":"mobile-align-left","11":"ast-product-gallery-layout-horizontal-slider","12":"ast-product-tabs-layout-horizontal","14":"first","15":"instock","16":"shipping-taxable","17":"purchasable","18":"product-type-simple"},"yoast_head":"<!-- This site is optimized with the Yoast SEO plugin v26.9 - https:\/\/yoast.com\/product\/yoast-seo-wordpress\/ -->\n<title>Gintaro auskarai &quot;Mi\u0161ko gylis&quot; - Spind\u0117ja<\/title>\n<meta name=\"description\" content=\"Gintaro auskarai &quot;Mi\u0161ko gylis&quot; - Spind\u0117ja\" \/>\n<meta name=\"robots\" content=\"index, follow, max-snippet:-1, max-image-preview:large, max-video-preview:-1\" \/>\n<link rel=\"canonical\" href=\"https:\/\/spindeja.lt\/en\/product\/gintaro-auskarai-misko-gylis\/\" \/>\n<meta property=\"og:locale\" content=\"en_GB\" \/>\n<meta property=\"og:type\" content=\"article\" \/>\n<meta property=\"og:title\" content=\"Gintaro auskarai &quot;Mi\u0161ko gylis&quot; - Spind\u0117ja\" \/>\n<meta property=\"og:description\" content=\"Gintaro auskarai &quot;Mi\u0161ko gylis&quot; - Spind\u0117ja\" \/>\n<meta property=\"og:url\" content=\"https:\/\/spindeja.lt\/en\/product\/gintaro-auskarai-misko-gylis\/\" \/>\n<meta property=\"og:site_name\" content=\"Spind\u0117ja\" \/>\n<meta property=\"article:publisher\" content=\"https:\/\/www.facebook.com\/profile.php?id=100063674195191\" \/>\n<meta property=\"article:modified_time\" content=\"2025-05-11T16:51:24+00:00\" \/>\n<meta property=\"og:image\" content=\"https:\/\/spindeja.lt\/wp-content\/uploads\/2020\/04\/IMG_0035-scaled.jpg\" \/>\n\t<meta property=\"og:image:width\" content=\"2560\" \/>\n\t<meta property=\"og:image:height\" content=\"1707\" \/>\n\t<meta property=\"og:image:type\" content=\"image\/jpeg\" \/>\n<meta name=\"twitter:card\" content=\"summary_large_image\" \/>\n<meta name=\"twitter:label1\" content=\"Estimated reading time\" \/>\n\t<meta name=\"twitter:data1\" content=\"1 minute\" \/>\n<script type=\"application\/ld+json\" class=\"yoast-schema-graph\">{\"@context\":\"https:\/\/schema.org\",\"@graph\":[{\"@type\":\"WebPage\",\"@id\":\"https:\/\/spindeja.lt\/produktas\/gintaro-auskarai-misko-gylis\/\",\"url\":\"https:\/\/spindeja.lt\/produktas\/gintaro-auskarai-misko-gylis\/\",\"name\":\"Gintaro auskarai \\\"Mi\u0161ko gylis\\\" - Spind\u0117ja\",\"isPartOf\":{\"@id\":\"https:\/\/spindeja.lt\/#website\"},\"primaryImageOfPage\":{\"@id\":\"https:\/\/spindeja.lt\/produktas\/gintaro-auskarai-misko-gylis\/#primaryimage\"},\"image\":{\"@id\":\"https:\/\/spindeja.lt\/produktas\/gintaro-auskarai-misko-gylis\/#primaryimage\"},\"thumbnailUrl\":\"https:\/\/spindeja.lt\/wp-content\/uploads\/2020\/04\/IMG_0035-scaled.jpg\",\"datePublished\":\"2020-04-26T12:40:09+00:00\",\"dateModified\":\"2025-05-11T16:51:24+00:00\",\"description\":\"Gintaro auskarai \\\"Mi\u0161ko gylis\\\" - Spind\u0117ja\",\"breadcrumb\":{\"@id\":\"https:\/\/spindeja.lt\/produktas\/gintaro-auskarai-misko-gylis\/#breadcrumb\"},\"inLanguage\":\"en-GB\",\"potentialAction\":[{\"@type\":\"ReadAction\",\"target\":[\"https:\/\/spindeja.lt\/produktas\/gintaro-auskarai-misko-gylis\/\"]}]},{\"@type\":\"ImageObject\",\"inLanguage\":\"en-GB\",\"@id\":\"https:\/\/spindeja.lt\/produktas\/gintaro-auskarai-misko-gylis\/#primaryimage\",\"url\":\"https:\/\/spindeja.lt\/wp-content\/uploads\/2020\/04\/IMG_0035-scaled.jpg\",\"contentUrl\":\"https:\/\/spindeja.lt\/wp-content\/uploads\/2020\/04\/IMG_0035-scaled.jpg\",\"width\":2560,\"height\":1707},{\"@type\":\"BreadcrumbList\",\"@id\":\"https:\/\/spindeja.lt\/produktas\/gintaro-auskarai-misko-gylis\/#breadcrumb\",\"itemListElement\":[{\"@type\":\"ListItem\",\"position\":1,\"name\":\"Prad\u017eia\",\"item\":\"https:\/\/spindeja.lt\/\"},{\"@type\":\"ListItem\",\"position\":2,\"name\":\"Parduotuv\u0117\",\"item\":\"https:\/\/spindeja.lt\/parduotuve\/\"},{\"@type\":\"ListItem\",\"position\":3,\"name\":\"Gintaro auskarai &#8222;Mi\u0161ko gylis&#8221;\"}]},{\"@type\":\"WebSite\",\"@id\":\"https:\/\/spindeja.lt\/#website\",\"url\":\"https:\/\/spindeja.lt\/\",\"name\":\"Spind\u0117ja\",\"description\":\"Rank\u0173 darbo papuo\u0161alai Jums\",\"publisher\":{\"@id\":\"https:\/\/spindeja.lt\/#organization\"},\"potentialAction\":[{\"@type\":\"SearchAction\",\"target\":{\"@type\":\"EntryPoint\",\"urlTemplate\":\"https:\/\/spindeja.lt\/?s={search_term_string}\"},\"query-input\":{\"@type\":\"PropertyValueSpecification\",\"valueRequired\":true,\"valueName\":\"search_term_string\"}}],\"inLanguage\":\"en-GB\"},{\"@type\":\"Organization\",\"@id\":\"https:\/\/spindeja.lt\/#organization\",\"name\":\"Spind\u0117ja\",\"url\":\"https:\/\/spindeja.lt\/\",\"logo\":{\"@type\":\"ImageObject\",\"inLanguage\":\"en-GB\",\"@id\":\"https:\/\/spindeja.lt\/#\/schema\/logo\/image\/\",\"url\":\"https:\/\/spindeja.lt\/wp-content\/uploads\/2019\/12\/Layer-2.png\",\"contentUrl\":\"https:\/\/spindeja.lt\/wp-content\/uploads\/2019\/12\/Layer-2.png\",\"width\":915,\"height\":616,\"caption\":\"Spind\u0117ja\"},\"image\":{\"@id\":\"https:\/\/spindeja.lt\/#\/schema\/logo\/image\/\"},\"sameAs\":[\"https:\/\/www.facebook.com\/profile.php?id=100063674195191\",\"https:\/\/www.instagram.com\/spindeja\/\"]}]}<\/script>\n<!-- \/ Yoast SEO plugin. -->","yoast_head_json":{"title":"Gintaro auskarai \"Mi\u0161ko gylis\" - Spind\u0117ja","description":"Gintaro auskarai \"Mi\u0161ko gylis\" - Spind\u0117ja","robots":{"index":"index","follow":"follow","max-snippet":"max-snippet:-1","max-image-preview":"max-image-preview:large","max-video-preview":"max-video-preview:-1"},"canonical":"https:\/\/spindeja.lt\/en\/product\/gintaro-auskarai-misko-gylis\/","og_locale":"en_GB","og_type":"article","og_title":"Gintaro auskarai \"Mi\u0161ko gylis\" - Spind\u0117ja","og_description":"Gintaro auskarai \"Mi\u0161ko gylis\" - Spind\u0117ja","og_url":"https:\/\/spindeja.lt\/en\/product\/gintaro-auskarai-misko-gylis\/","og_site_name":"Spind\u0117ja","article_publisher":"https:\/\/www.facebook.com\/profile.php?id=100063674195191","article_modified_time":"2025-05-11T16:51:24+00:00","og_image":[{"width":2560,"height":1707,"url":"https:\/\/spindeja.lt\/wp-content\/uploads\/2020\/04\/IMG_0035-scaled.jpg","type":"image\/jpeg"}],"twitter_card":"summary_large_image","twitter_misc":{"Estimated reading time":"1 minute"},"schema":{"@context":"https:\/\/schema.org","@graph":[{"@type":"WebPage","@id":"https:\/\/spindeja.lt\/produktas\/gintaro-auskarai-misko-gylis\/","url":"https:\/\/spindeja.lt\/produktas\/gintaro-auskarai-misko-gylis\/","name":"Gintaro auskarai \"Mi\u0161ko gylis\" - Spind\u0117ja","isPartOf":{"@id":"https:\/\/spindeja.lt\/#website"},"primaryImageOfPage":{"@id":"https:\/\/spindeja.lt\/produktas\/gintaro-auskarai-misko-gylis\/#primaryimage"},"image":{"@id":"https:\/\/spindeja.lt\/produktas\/gintaro-auskarai-misko-gylis\/#primaryimage"},"thumbnailUrl":"https:\/\/spindeja.lt\/wp-content\/uploads\/2020\/04\/IMG_0035-scaled.jpg","datePublished":"2020-04-26T12:40:09+00:00","dateModified":"2025-05-11T16:51:24+00:00","description":"Gintaro auskarai \"Mi\u0161ko gylis\" - Spind\u0117ja","breadcrumb":{"@id":"https:\/\/spindeja.lt\/produktas\/gintaro-auskarai-misko-gylis\/#breadcrumb"},"inLanguage":"en-GB","potentialAction":[{"@type":"ReadAction","target":["https:\/\/spindeja.lt\/produktas\/gintaro-auskarai-misko-gylis\/"]}]},{"@type":"ImageObject","inLanguage":"en-GB","@id":"https:\/\/spindeja.lt\/produktas\/gintaro-auskarai-misko-gylis\/#primaryimage","url":"https:\/\/spindeja.lt\/wp-content\/uploads\/2020\/04\/IMG_0035-scaled.jpg","contentUrl":"https:\/\/spindeja.lt\/wp-content\/uploads\/2020\/04\/IMG_0035-scaled.jpg","width":2560,"height":1707},{"@type":"BreadcrumbList","@id":"https:\/\/spindeja.lt\/produktas\/gintaro-auskarai-misko-gylis\/#breadcrumb","itemListElement":[{"@type":"ListItem","position":1,"name":"Prad\u017eia","item":"https:\/\/spindeja.lt\/"},{"@type":"ListItem","position":2,"name":"Parduotuv\u0117","item":"https:\/\/spindeja.lt\/parduotuve\/"},{"@type":"ListItem","position":3,"name":"Gintaro auskarai &#8222;Mi\u0161ko gylis&#8221;"}]},{"@type":"WebSite","@id":"https:\/\/spindeja.lt\/#website","url":"https:\/\/spindeja.lt\/","name":"Spind\u0117ja","description":"Rank\u0173 darbo papuo\u0161alai Jums","publisher":{"@id":"https:\/\/spindeja.lt\/#organization"},"potentialAction":[{"@type":"SearchAction","target":{"@type":"EntryPoint","urlTemplate":"https:\/\/spindeja.lt\/?s={search_term_string}"},"query-input":{"@type":"PropertyValueSpecification","valueRequired":true,"valueName":"search_term_string"}}],"inLanguage":"en-GB"},{"@type":"Organization","@id":"https:\/\/spindeja.lt\/#organization","name":"Spind\u0117ja","url":"https:\/\/spindeja.lt\/","logo":{"@type":"ImageObject","inLanguage":"en-GB","@id":"https:\/\/spindeja.lt\/#\/schema\/logo\/image\/","url":"https:\/\/spindeja.lt\/wp-content\/uploads\/2019\/12\/Layer-2.png","contentUrl":"https:\/\/spindeja.lt\/wp-content\/uploads\/2019\/12\/Layer-2.png","width":915,"height":616,"caption":"Spind\u0117ja"},"image":{"@id":"https:\/\/spindeja.lt\/#\/schema\/logo\/image\/"},"sameAs":["https:\/\/www.facebook.com\/profile.php?id=100063674195191","https:\/\/www.instagram.com\/spindeja\/"]}]}},"uagb_featured_image_src":{"full":["https:\/\/spindeja.lt\/wp-content\/uploads\/2020\/04\/IMG_0035-scaled.jpg",2560,1707,false],"thumbnail":["https:\/\/spindeja.lt\/wp-content\/uploads\/2020\/04\/IMG_0035-150x150.jpg",150,150,true],"medium":["https:\/\/spindeja.lt\/wp-content\/uploads\/2020\/04\/IMG_0035-300x200.jpg",300,200,true],"medium_large":["https:\/\/spindeja.lt\/wp-content\/uploads\/2020\/04\/IMG_0035-768x512.jpg",768,512,true],"large":["https:\/\/spindeja.lt\/wp-content\/uploads\/2020\/04\/IMG_0035-1024x683.jpg",1024,683,true],"1536x1536":["https:\/\/spindeja.lt\/wp-content\/uploads\/2020\/04\/IMG_0035-1536x1024.jpg",1536,1024,true],"2048x2048":["https:\/\/spindeja.lt\/wp-content\/uploads\/2020\/04\/IMG_0035-2048x1366.jpg",2048,1366,true],"trp-custom-language-flag":["https:\/\/spindeja.lt\/wp-content\/uploads\/2020\/04\/IMG_0035-scaled.jpg",18,12,false],"woocommerce_thumbnail":["https:\/\/spindeja.lt\/wp-content\/uploads\/2020\/04\/IMG_0035-scaled-540x540.jpg",540,540,true],"woocommerce_single":["https:\/\/spindeja.lt\/wp-content\/uploads\/2020\/04\/IMG_0035-540x360.jpg",540,360,true],"woocommerce_gallery_thumbnail":["https:\/\/spindeja.lt\/wp-content\/uploads\/2020\/04\/IMG_0035-scaled-100x100.jpg",100,100,true]},"uagb_author_info":{"display_name":"spindeja","author_link":"https:\/\/spindeja.lt\/en\/author\/"},"uagb_comment_info":0,"uagb_excerpt":"Tamsaus Baltijos gintaro su saman\u0173 inkliuzais auskarai. Bendras ilgis \u2013 35 mm, gintaro skersmuo \u2013 13 mm. U\u017esegimai ir kitos detal\u0117s \u2013 925 sidabras. Pristatomi \"Spind\u0117ja\" dovan\u0173 d\u0117\u017eut\u0117je. Pridedama mini servet\u0117l\u0117 sidabrui valyti.","_links":{"self":[{"href":"https:\/\/spindeja.lt\/en\/wp-json\/wp\/v2\/product\/4160","targetHints":{"allow":["GET"]}}],"collection":[{"href":"https:\/\/spindeja.lt\/en\/wp-json\/wp\/v2\/product"}],"about":[{"href":"https:\/\/spindeja.lt\/en\/wp-json\/wp\/v2\/types\/product"}],"replies":[{"embeddable":true,"href":"https:\/\/spindeja.lt\/en\/wp-json\/wp\/v2\/comments?post=4160"}],"wp:featuredmedia":[{"embeddable":true,"href":"https:\/\/spindeja.lt\/en\/wp-json\/wp\/v2\/media\/4162"}],"wp:attachment":[{"href":"https:\/\/spindeja.lt\/en\/wp-json\/wp\/v2\/media?parent=4160"}],"wp:term":[{"taxonomy":"product_brand","embeddable":true,"href":"https:\/\/spindeja.lt\/en\/wp-json\/wp\/v2\/product_brand?post=4160"},{"taxonomy":"product_cat","embeddable":true,"href":"https:\/\/spindeja.lt\/en\/wp-json\/wp\/v2\/product_cat?post=4160"},{"taxonomy":"product_tag","embeddable":true,"href":"https:\/\/spindeja.lt\/en\/wp-json\/wp\/v2\/product_tag?post=4160"}],"curies":[{"name":"wp","href":"https:\/\/api.w.org\/{rel}","templated":true}]}}