{"id":21060,"date":"2026-05-10T23:36:30","date_gmt":"2026-05-10T21:36:30","guid":{"rendered":"https:\/\/spindeja.lt\/?post_type=product&#038;p=21060"},"modified":"2026-05-10T23:36:31","modified_gmt":"2026-05-10T21:36:31","slug":"persikinio-menulio-akmens-apyranke","status":"publish","type":"product","link":"https:\/\/spindeja.lt\/en\/product\/persikinio-menulio-akmens-apyranke\/","title":{"rendered":"Persikinio m\u0117nulio akmens apyrank\u0117"},"content":{"rendered":"<div class=\"relative basis-auto flex-col -mb-(--composer-overlap-px) pb-(--composer-overlap-px) [--composer-overlap-px:28px] grow flex\">\n<div class=\"flex flex-col text-sm\">\n<div class=\"relative w-full overflow-visible\">\n<section class=\"text-token-text-primary w-full focus:outline-none [--shadow-height:45px] has-data-writing-block:pointer-events-none has-data-writing-block:-mt-(--shadow-height) has-data-writing-block:pt-(--shadow-height) [&amp;:has([data-writing-block])&gt;*]:pointer-events-auto [content-visibility:auto] supports-[content-visibility:auto]:[contain-intrinsic-size:auto_100lvh] R6Vx5W_threadScrollVars scroll-mb-[calc(var(--scroll-root-safe-area-inset-bottom,0px)+var(--thread-response-height))] scroll-mt-[calc(var(--header-height)+min(200px,max(70px,20svh)))]\" dir=\"auto\" data-turn-id=\"request-685166aa-3b24-8013-bc89-3c8eba184649-8\" data-turn-id-container=\"request-685166aa-3b24-8013-bc89-3c8eba184649-8\" data-testid=\"conversation-turn-52\" data-scroll-anchor=\"false\" data-turn=\"assistant\">\n<div class=\"text-base my-auto mx-auto pb-10 [--thread-content-margin:var(--thread-content-margin-xs,calc(var(--spacing)*4))] @w-sm\/main:[--thread-content-margin:var(--thread-content-margin-sm,calc(var(--spacing)*6))] @w-lg\/main:[--thread-content-margin:var(--thread-content-margin-lg,calc(var(--spacing)*16))] px-(--thread-content-margin)\">\n<div class=\"[--thread-content-max-width:40rem] @w-lg\/main:[--thread-content-max-width:48rem] mx-auto max-w-(--thread-content-max-width) flex-1 group\/turn-messages focus-visible:outline-hidden relative flex w-full min-w-0 flex-col agent-turn\">\n<div class=\"flex max-w-full flex-col gap-4 grow\">\n<div class=\"min-h-8 text-message relative flex w-full flex-col items-end gap-2 text-start break-words whitespace-normal outline-none keyboard-focused:focus-ring [.text-message+&amp;]:mt-1\" dir=\"auto\" tabindex=\"0\" data-message-author-role=\"assistant\" data-message-id=\"8094b00a-e679-48f0-aec0-714e0823c081\" data-message-model-slug=\"gpt-5-5\" data-turn-start-message=\"true\">\n<div class=\"flex w-full flex-col gap-1 empty:hidden\">\n<div class=\"markdown prose dark:prose-invert wrap-break-word w-full light markdown-new-styling\">\n<p>Persikinio m\u0117nulio akmens apyrank\u0117 su ner\u016bdijan\u010dio plieno \u201eSpind\u0117jos\u201c logotipo intarpu.<br \/>\nKaroliuk\u0173 skersmuo &#8211; 8 mm.<br \/>\nTurima vietoje i\u0161siun\u010diama per 1-2 d. d.<br \/>\nIndividualiems u\u017esakymams &#8211; 5-9 d. d. gamyba. Apyrank\u0117s da\u017eniausiai gaminamos individualiai, retai turimos vietoje. Esant skubiam u\u017esakymui, para\u0161ykite susisiekite u\u017epild\u0119 <a href=\"https:\/\/spindeja.lt\/en\/kontaktai\/\">\u0161i\u0105 form\u0105<\/a> arba per soc. tinklus.<\/p>\n<p><strong>Atkreipkite d\u0117mes\u012f \u012f dyd\u017ei\u0173 ir logotipo intarpo spalvos pasirinkimo variantus.<\/strong><br \/>\nGalima rinktis logotipo intarp\u0105 aukso spalvos ir plieno spalvos.<br \/>\nApyrank\u0117s dyd\u017eiai nurodyti pagal rie\u0161o apimt\u012f. Rie\u0161\u0105 reikia matuoti be laisvumo ties lankstom\u0105ja dalimi. Kilus klausim\u0173 d\u0117l dyd\u017eio pasirinkimo, pra\u0161ome susisiekti el. pa\u0161tu: spindeja8@gmail.com.<\/p>\n<p>Persikinio m\u0117nulio akmens apyrank\u0117 pristatoma \u201eSpind\u0117ja\u201c dovan\u0173 d\u0117\u017eut\u0117je.<\/p>\n<p><em>&#8211; Spind\u0117jos papuo\u0161al\u0173 gamyba &#8211; tai k\u016brybinis ritualas su pozityviomis afirmacijomis ir intuityviu energetiniu pakrovimu. <strong>Kartu su papuo\u0161alu J\u016bs gausite asmeni\u0161kai Jums i\u0161traukt\u0105 orakulo kort\u0105.<\/strong><\/em><\/p>\n<p data-start=\"0\" data-end=\"91\"><strong data-start=\"0\" data-end=\"91\">Persikinis m\u0117nulio akmuo &#8211; moteri\u0161kumo, intuicijos ir \u0161velnios vidin\u0117s harmonijos akmuo.<\/strong><\/p>\n<p data-start=\"93\" data-end=\"322\">Persikinis m\u0117nulio akmuo spinduliuoja \u0161ilta, \u0161velnia ir raminan\u010dia energija, siejama su <strong data-start=\"181\" data-end=\"227\">moteri\u0161kumu, emociniu balansu ir intuicija<\/strong>. Jo persikiniai atspalviai padeda atverti \u0161ird\u012f \u0161velnumui, sav\u0119s pri\u0117mimui ir vidinei ramybei.<\/p>\n<p data-start=\"324\" data-end=\"509\">\u0160is kristalas skatina <strong data-start=\"346\" data-end=\"412\">emocij\u0173 harmonij\u0105, jautrum\u0105 ir pasitik\u0117jim\u0105 savo vidiniu balsu<\/strong>. Jis padeda nuraminti emocinius svyravimus, stiprina ry\u0161\u012f su savimi ir palaiko vidin\u012f stabilum\u0105.<\/p>\n<p data-start=\"511\" data-end=\"657\">Energeti\u0161kai persikinis m\u0117nulio akmuo veikia <strong data-start=\"556\" data-end=\"596\">\u0161irdies, sakralin\u0119 ir kar\u016bnos \u010dakras<\/strong>, stiprina intuicij\u0105, moteri\u0161k\u0105 energij\u0105 ir emocin\u012f \u0161velnum\u0105.<\/p>\n<p data-start=\"659\" data-end=\"878\"><strong data-start=\"659\" data-end=\"672\">Emoci\u0161kai<\/strong> &#8211; ramina, padeda paleisti \u012ftamp\u0105 ir emocin\u012f nerim\u0105.<br data-start=\"724\" data-end=\"727\" \/><strong data-start=\"727\" data-end=\"743\">Energeti\u0161kai<\/strong> &#8211; harmonizuoja, mink\u0161tina ir stiprina vidin\u012f balans\u0105.<br data-start=\"797\" data-end=\"800\" \/><strong data-start=\"800\" data-end=\"815\">Simboli\u0161kai<\/strong> &#8211; moteri\u0161kos \u0161viesos, intuicijos ir emocin\u0117s harmonijos akmuo.<\/p>\n<p data-start=\"880\" data-end=\"999\" data-is-last-node=\"\" data-is-only-node=\"\">Persikinis m\u0117nulio akmuo ypa\u010d tinka tiems, kurie siekia <strong data-start=\"936\" data-end=\"998\">daugiau \u0161velnumo, intuicijos ir harmoningo ry\u0161io su savimi<\/strong>.<\/p>\n<\/div>\n<\/div>\n<\/div>\n<\/div>\n<\/div>\n<\/div>\n<\/section>\n<\/div>\n<\/div>\n<\/div>","protected":false},"excerpt":{"rendered":"<p data-start=\"85\" data-end=\"315\">Apyrank\u0117 i\u0161 nat\u016bralaus persikinio m\u0117nulio akmens karoliuk\u0173, skatinanti <strong data-start=\"156\" data-end=\"211\">intuicij\u0105, emocin\u012f balans\u0105 ir \u0161veln\u0173 ry\u0161\u012f su savimi<\/strong>.<br data-start=\"212\" data-end=\"215\" \/>\u0160is akmuo padeda nuraminti emocijas, stiprina moteri\u0161k\u0105 energij\u0105 ir suteikia vidin\u0117s ramyb\u0117s poj\u016bt\u012f.<\/p>\n<p data-start=\"317\" data-end=\"411\" data-is-last-node=\"\" data-is-only-node=\"\">Puikiai tinka tiems, kurie ie\u0161ko <strong data-start=\"350\" data-end=\"410\">\u0161velnumo, harmonijos ir gilesnio ry\u0161io su savo intuicija<\/strong>.<\/p>","protected":false},"featured_media":21073,"comment_status":"closed","ping_status":"closed","template":"","meta":{"_uag_custom_page_level_css":"","site-sidebar-layout":"default","site-content-layout":"","ast-site-content-layout":"default","site-content-style":"default","site-sidebar-style":"default","ast-global-header-display":"","ast-banner-title-visibility":"","ast-main-header-display":"","ast-hfb-above-header-display":"","ast-hfb-below-header-display":"","ast-hfb-mobile-header-display":"","site-post-title":"","ast-breadcrumbs-content":"","ast-featured-img":"","footer-sml-layout":"","ast-disable-related-posts":"","theme-transparent-header-meta":"default","adv-header-id-meta":"","stick-header-meta":"default","header-above-stick-meta":"","header-main-stick-meta":"","header-below-stick-meta":"","astra-migrate-meta-layouts":"set","ast-page-background-enabled":"default","ast-page-background-meta":{"desktop":{"background-color":"","background-image":"","background-repeat":"repeat","background-position":"center center","background-size":"auto","background-attachment":"scroll","background-type":"","background-media":"","overlay-type":"","overlay-color":"","overlay-opacity":"","overlay-gradient":""},"tablet":{"background-color":"","background-image":"","background-repeat":"repeat","background-position":"center center","background-size":"auto","background-attachment":"scroll","background-type":"","background-media":"","overlay-type":"","overlay-color":"","overlay-opacity":"","overlay-gradient":""},"mobile":{"background-color":"","background-image":"","background-repeat":"repeat","background-position":"center center","background-size":"auto","background-attachment":"scroll","background-type":"","background-media":"","overlay-type":"","overlay-color":"","overlay-opacity":"","overlay-gradient":""}},"ast-content-background-meta":{"desktop":{"background-color":"var(--ast-global-color-5)","background-image":"","background-repeat":"repeat","background-position":"center center","background-size":"auto","background-attachment":"scroll","background-type":"","background-media":"","overlay-type":"","overlay-color":"","overlay-opacity":"","overlay-gradient":""},"tablet":{"background-color":"var(--ast-global-color-5)","background-image":"","background-repeat":"repeat","background-position":"center center","background-size":"auto","background-attachment":"scroll","background-type":"","background-media":"","overlay-type":"","overlay-color":"","overlay-opacity":"","overlay-gradient":""},"mobile":{"background-color":"var(--ast-global-color-5)","background-image":"","background-repeat":"repeat","background-position":"center center","background-size":"auto","background-attachment":"scroll","background-type":"","background-media":"","overlay-type":"","overlay-color":"","overlay-opacity":"","overlay-gradient":""}}},"product_brand":[],"product_cat":[53],"product_tag":[135],"class_list":{"0":"post-21060","1":"product","2":"type-product","3":"status-publish","4":"has-post-thumbnail","6":"product_cat-apyrankes","7":"product_tag-menulio-akmuo","8":"desktop-align-left","9":"tablet-align-left","10":"mobile-align-left","11":"ast-product-gallery-layout-horizontal-slider","12":"ast-product-single-variable","13":"ast-product-tabs-layout-horizontal","15":"first","16":"instock","17":"shipping-taxable","18":"purchasable","19":"product-type-variable"},"yoast_head":"<!-- This site is optimized with the Yoast SEO plugin v26.9 - https:\/\/yoast.com\/product\/yoast-seo-wordpress\/ -->\n<title>Persikinio m\u0117nulio akmens apyrank\u0117 - Spind\u0117ja<\/title>\n<meta name=\"description\" content=\"Persikinio m\u0117nulio akmens apyrank\u0117 - Spind\u0117ja Auk\u0161ta kokyb\u0117, 100 proc. nat\u016bralumas, pagaminta su meile, intencijomis ir d\u0117mesiu klientui.\" \/>\n<meta name=\"robots\" content=\"index, follow, max-snippet:-1, max-image-preview:large, max-video-preview:-1\" \/>\n<link rel=\"canonical\" href=\"https:\/\/spindeja.lt\/en\/product\/persikinio-menulio-akmens-apyranke\/\" \/>\n<meta property=\"og:locale\" content=\"en_GB\" \/>\n<meta property=\"og:type\" content=\"article\" \/>\n<meta property=\"og:title\" content=\"Persikinio m\u0117nulio akmens apyrank\u0117 - Spind\u0117ja\" \/>\n<meta property=\"og:description\" content=\"Persikinio m\u0117nulio akmens apyrank\u0117 - Spind\u0117ja Auk\u0161ta kokyb\u0117, 100 proc. nat\u016bralumas, pagaminta su meile, intencijomis ir d\u0117mesiu klientui.\" \/>\n<meta property=\"og:url\" content=\"https:\/\/spindeja.lt\/en\/product\/persikinio-menulio-akmens-apyranke\/\" \/>\n<meta property=\"og:site_name\" content=\"Spind\u0117ja\" \/>\n<meta property=\"article:publisher\" content=\"https:\/\/www.facebook.com\/profile.php?id=100063674195191\" \/>\n<meta property=\"article:modified_time\" content=\"2026-05-10T21:36:31+00:00\" \/>\n<meta property=\"og:image\" content=\"https:\/\/spindeja.lt\/wp-content\/uploads\/2026\/05\/Persikinio_menulio_akmens_apyranke2.jpg\" \/>\n\t<meta property=\"og:image:width\" content=\"1536\" \/>\n\t<meta property=\"og:image:height\" content=\"2048\" \/>\n\t<meta property=\"og:image:type\" content=\"image\/jpeg\" \/>\n<meta name=\"twitter:card\" content=\"summary_large_image\" \/>\n<meta name=\"twitter:label1\" content=\"Estimated reading time\" \/>\n\t<meta name=\"twitter:data1\" content=\"2 minutes\" \/>\n<script type=\"application\/ld+json\" class=\"yoast-schema-graph\">{\"@context\":\"https:\/\/schema.org\",\"@graph\":[{\"@type\":\"WebPage\",\"@id\":\"https:\/\/spindeja.lt\/produktas\/persikinio-menulio-akmens-apyranke\/\",\"url\":\"https:\/\/spindeja.lt\/produktas\/persikinio-menulio-akmens-apyranke\/\",\"name\":\"Persikinio m\u0117nulio akmens apyrank\u0117 - Spind\u0117ja\",\"isPartOf\":{\"@id\":\"https:\/\/spindeja.lt\/#website\"},\"primaryImageOfPage\":{\"@id\":\"https:\/\/spindeja.lt\/produktas\/persikinio-menulio-akmens-apyranke\/#primaryimage\"},\"image\":{\"@id\":\"https:\/\/spindeja.lt\/produktas\/persikinio-menulio-akmens-apyranke\/#primaryimage\"},\"thumbnailUrl\":\"https:\/\/spindeja.lt\/wp-content\/uploads\/2026\/05\/Persikinio_menulio_akmens_apyranke2.jpg\",\"datePublished\":\"2026-05-10T21:36:30+00:00\",\"dateModified\":\"2026-05-10T21:36:31+00:00\",\"description\":\"Persikinio m\u0117nulio akmens apyrank\u0117 - Spind\u0117ja Auk\u0161ta kokyb\u0117, 100 proc. nat\u016bralumas, pagaminta su meile, intencijomis ir d\u0117mesiu klientui.\",\"breadcrumb\":{\"@id\":\"https:\/\/spindeja.lt\/produktas\/persikinio-menulio-akmens-apyranke\/#breadcrumb\"},\"inLanguage\":\"en-GB\",\"potentialAction\":[{\"@type\":\"ReadAction\",\"target\":[\"https:\/\/spindeja.lt\/produktas\/persikinio-menulio-akmens-apyranke\/\"]}]},{\"@type\":\"ImageObject\",\"inLanguage\":\"en-GB\",\"@id\":\"https:\/\/spindeja.lt\/produktas\/persikinio-menulio-akmens-apyranke\/#primaryimage\",\"url\":\"https:\/\/spindeja.lt\/wp-content\/uploads\/2026\/05\/Persikinio_menulio_akmens_apyranke2.jpg\",\"contentUrl\":\"https:\/\/spindeja.lt\/wp-content\/uploads\/2026\/05\/Persikinio_menulio_akmens_apyranke2.jpg\",\"width\":1536,\"height\":2048,\"caption\":\"Persikinio_menulio_akmens_apyranke\"},{\"@type\":\"BreadcrumbList\",\"@id\":\"https:\/\/spindeja.lt\/produktas\/persikinio-menulio-akmens-apyranke\/#breadcrumb\",\"itemListElement\":[{\"@type\":\"ListItem\",\"position\":1,\"name\":\"Prad\u017eia\",\"item\":\"https:\/\/spindeja.lt\/\"},{\"@type\":\"ListItem\",\"position\":2,\"name\":\"Parduotuv\u0117\",\"item\":\"https:\/\/spindeja.lt\/parduotuve\/\"},{\"@type\":\"ListItem\",\"position\":3,\"name\":\"Persikinio m\u0117nulio akmens apyrank\u0117\"}]},{\"@type\":\"WebSite\",\"@id\":\"https:\/\/spindeja.lt\/#website\",\"url\":\"https:\/\/spindeja.lt\/\",\"name\":\"Spind\u0117ja\",\"description\":\"Rank\u0173 darbo papuo\u0161alai Jums\",\"publisher\":{\"@id\":\"https:\/\/spindeja.lt\/#organization\"},\"potentialAction\":[{\"@type\":\"SearchAction\",\"target\":{\"@type\":\"EntryPoint\",\"urlTemplate\":\"https:\/\/spindeja.lt\/?s={search_term_string}\"},\"query-input\":{\"@type\":\"PropertyValueSpecification\",\"valueRequired\":true,\"valueName\":\"search_term_string\"}}],\"inLanguage\":\"en-GB\"},{\"@type\":\"Organization\",\"@id\":\"https:\/\/spindeja.lt\/#organization\",\"name\":\"Spind\u0117ja\",\"url\":\"https:\/\/spindeja.lt\/\",\"logo\":{\"@type\":\"ImageObject\",\"inLanguage\":\"en-GB\",\"@id\":\"https:\/\/spindeja.lt\/#\/schema\/logo\/image\/\",\"url\":\"https:\/\/spindeja.lt\/wp-content\/uploads\/2019\/12\/Layer-2.png\",\"contentUrl\":\"https:\/\/spindeja.lt\/wp-content\/uploads\/2019\/12\/Layer-2.png\",\"width\":915,\"height\":616,\"caption\":\"Spind\u0117ja\"},\"image\":{\"@id\":\"https:\/\/spindeja.lt\/#\/schema\/logo\/image\/\"},\"sameAs\":[\"https:\/\/www.facebook.com\/profile.php?id=100063674195191\",\"https:\/\/www.instagram.com\/spindeja\/\"]}]}<\/script>\n<!-- \/ Yoast SEO plugin. -->","yoast_head_json":{"title":"Persikinio m\u0117nulio akmens apyrank\u0117 - Spind\u0117ja","description":"Persikinio m\u0117nulio akmens apyrank\u0117 - Spind\u0117ja Auk\u0161ta kokyb\u0117, 100 proc. nat\u016bralumas, pagaminta su meile, intencijomis ir d\u0117mesiu klientui.","robots":{"index":"index","follow":"follow","max-snippet":"max-snippet:-1","max-image-preview":"max-image-preview:large","max-video-preview":"max-video-preview:-1"},"canonical":"https:\/\/spindeja.lt\/en\/product\/persikinio-menulio-akmens-apyranke\/","og_locale":"en_GB","og_type":"article","og_title":"Persikinio m\u0117nulio akmens apyrank\u0117 - Spind\u0117ja","og_description":"Persikinio m\u0117nulio akmens apyrank\u0117 - Spind\u0117ja Auk\u0161ta kokyb\u0117, 100 proc. nat\u016bralumas, pagaminta su meile, intencijomis ir d\u0117mesiu klientui.","og_url":"https:\/\/spindeja.lt\/en\/product\/persikinio-menulio-akmens-apyranke\/","og_site_name":"Spind\u0117ja","article_publisher":"https:\/\/www.facebook.com\/profile.php?id=100063674195191","article_modified_time":"2026-05-10T21:36:31+00:00","og_image":[{"width":1536,"height":2048,"url":"https:\/\/spindeja.lt\/wp-content\/uploads\/2026\/05\/Persikinio_menulio_akmens_apyranke2.jpg","type":"image\/jpeg"}],"twitter_card":"summary_large_image","twitter_misc":{"Estimated reading time":"2 minutes"},"schema":{"@context":"https:\/\/schema.org","@graph":[{"@type":"WebPage","@id":"https:\/\/spindeja.lt\/produktas\/persikinio-menulio-akmens-apyranke\/","url":"https:\/\/spindeja.lt\/produktas\/persikinio-menulio-akmens-apyranke\/","name":"Persikinio m\u0117nulio akmens apyrank\u0117 - Spind\u0117ja","isPartOf":{"@id":"https:\/\/spindeja.lt\/#website"},"primaryImageOfPage":{"@id":"https:\/\/spindeja.lt\/produktas\/persikinio-menulio-akmens-apyranke\/#primaryimage"},"image":{"@id":"https:\/\/spindeja.lt\/produktas\/persikinio-menulio-akmens-apyranke\/#primaryimage"},"thumbnailUrl":"https:\/\/spindeja.lt\/wp-content\/uploads\/2026\/05\/Persikinio_menulio_akmens_apyranke2.jpg","datePublished":"2026-05-10T21:36:30+00:00","dateModified":"2026-05-10T21:36:31+00:00","description":"Persikinio m\u0117nulio akmens apyrank\u0117 - Spind\u0117ja Auk\u0161ta kokyb\u0117, 100 proc. nat\u016bralumas, pagaminta su meile, intencijomis ir d\u0117mesiu klientui.","breadcrumb":{"@id":"https:\/\/spindeja.lt\/produktas\/persikinio-menulio-akmens-apyranke\/#breadcrumb"},"inLanguage":"en-GB","potentialAction":[{"@type":"ReadAction","target":["https:\/\/spindeja.lt\/produktas\/persikinio-menulio-akmens-apyranke\/"]}]},{"@type":"ImageObject","inLanguage":"en-GB","@id":"https:\/\/spindeja.lt\/produktas\/persikinio-menulio-akmens-apyranke\/#primaryimage","url":"https:\/\/spindeja.lt\/wp-content\/uploads\/2026\/05\/Persikinio_menulio_akmens_apyranke2.jpg","contentUrl":"https:\/\/spindeja.lt\/wp-content\/uploads\/2026\/05\/Persikinio_menulio_akmens_apyranke2.jpg","width":1536,"height":2048,"caption":"Persikinio_menulio_akmens_apyranke"},{"@type":"BreadcrumbList","@id":"https:\/\/spindeja.lt\/produktas\/persikinio-menulio-akmens-apyranke\/#breadcrumb","itemListElement":[{"@type":"ListItem","position":1,"name":"Prad\u017eia","item":"https:\/\/spindeja.lt\/"},{"@type":"ListItem","position":2,"name":"Parduotuv\u0117","item":"https:\/\/spindeja.lt\/parduotuve\/"},{"@type":"ListItem","position":3,"name":"Persikinio m\u0117nulio akmens apyrank\u0117"}]},{"@type":"WebSite","@id":"https:\/\/spindeja.lt\/#website","url":"https:\/\/spindeja.lt\/","name":"Spind\u0117ja","description":"Rank\u0173 darbo papuo\u0161alai Jums","publisher":{"@id":"https:\/\/spindeja.lt\/#organization"},"potentialAction":[{"@type":"SearchAction","target":{"@type":"EntryPoint","urlTemplate":"https:\/\/spindeja.lt\/?s={search_term_string}"},"query-input":{"@type":"PropertyValueSpecification","valueRequired":true,"valueName":"search_term_string"}}],"inLanguage":"en-GB"},{"@type":"Organization","@id":"https:\/\/spindeja.lt\/#organization","name":"Spind\u0117ja","url":"https:\/\/spindeja.lt\/","logo":{"@type":"ImageObject","inLanguage":"en-GB","@id":"https:\/\/spindeja.lt\/#\/schema\/logo\/image\/","url":"https:\/\/spindeja.lt\/wp-content\/uploads\/2019\/12\/Layer-2.png","contentUrl":"https:\/\/spindeja.lt\/wp-content\/uploads\/2019\/12\/Layer-2.png","width":915,"height":616,"caption":"Spind\u0117ja"},"image":{"@id":"https:\/\/spindeja.lt\/#\/schema\/logo\/image\/"},"sameAs":["https:\/\/www.facebook.com\/profile.php?id=100063674195191","https:\/\/www.instagram.com\/spindeja\/"]}]}},"uagb_featured_image_src":{"full":["https:\/\/spindeja.lt\/wp-content\/uploads\/2026\/05\/Persikinio_menulio_akmens_apyranke2.jpg",1536,2048,false],"thumbnail":["https:\/\/spindeja.lt\/wp-content\/uploads\/2026\/05\/Persikinio_menulio_akmens_apyranke2-150x150.jpg",150,150,true],"medium":["https:\/\/spindeja.lt\/wp-content\/uploads\/2026\/05\/Persikinio_menulio_akmens_apyranke2-225x300.jpg",225,300,true],"medium_large":["https:\/\/spindeja.lt\/wp-content\/uploads\/2026\/05\/Persikinio_menulio_akmens_apyranke2-768x1024.jpg",768,1024,true],"large":["https:\/\/spindeja.lt\/wp-content\/uploads\/2026\/05\/Persikinio_menulio_akmens_apyranke2-768x1024.jpg",768,1024,true],"1536x1536":["https:\/\/spindeja.lt\/wp-content\/uploads\/2026\/05\/Persikinio_menulio_akmens_apyranke2-1152x1536.jpg",1152,1536,true],"2048x2048":["https:\/\/spindeja.lt\/wp-content\/uploads\/2026\/05\/Persikinio_menulio_akmens_apyranke2.jpg",1536,2048,false],"trp-custom-language-flag":["https:\/\/spindeja.lt\/wp-content\/uploads\/2026\/05\/Persikinio_menulio_akmens_apyranke2-9x12.jpg",9,12,true],"woocommerce_thumbnail":["https:\/\/spindeja.lt\/wp-content\/uploads\/2026\/05\/Persikinio_menulio_akmens_apyranke2-540x540.jpg",540,540,true],"woocommerce_single":["https:\/\/spindeja.lt\/wp-content\/uploads\/2026\/05\/Persikinio_menulio_akmens_apyranke2-540x720.jpg",540,720,true],"woocommerce_gallery_thumbnail":["https:\/\/spindeja.lt\/wp-content\/uploads\/2026\/05\/Persikinio_menulio_akmens_apyranke2-100x100.jpg",100,100,true]},"uagb_author_info":{"display_name":"spindeja","author_link":"https:\/\/spindeja.lt\/en\/author\/"},"uagb_comment_info":0,"uagb_excerpt":"Apyrank\u0117 i\u0161 nat\u016bralaus persikinio m\u0117nulio akmens karoliuk\u0173, skatinanti intuicij\u0105, emocin\u012f balans\u0105 ir \u0161veln\u0173 ry\u0161\u012f su savimi.\u0160is akmuo padeda nuraminti emocijas, stiprina moteri\u0161k\u0105 energij\u0105 ir suteikia vidin\u0117s ramyb\u0117s poj\u016bt\u012f. Puikiai tinka tiems, kurie ie\u0161ko \u0161velnumo, harmonijos ir gilesnio ry\u0161io su savo intuicija.","_links":{"self":[{"href":"https:\/\/spindeja.lt\/en\/wp-json\/wp\/v2\/product\/21060","targetHints":{"allow":["GET"]}}],"collection":[{"href":"https:\/\/spindeja.lt\/en\/wp-json\/wp\/v2\/product"}],"about":[{"href":"https:\/\/spindeja.lt\/en\/wp-json\/wp\/v2\/types\/product"}],"replies":[{"embeddable":true,"href":"https:\/\/spindeja.lt\/en\/wp-json\/wp\/v2\/comments?post=21060"}],"wp:featuredmedia":[{"embeddable":true,"href":"https:\/\/spindeja.lt\/en\/wp-json\/wp\/v2\/media\/21073"}],"wp:attachment":[{"href":"https:\/\/spindeja.lt\/en\/wp-json\/wp\/v2\/media?parent=21060"}],"wp:term":[{"taxonomy":"product_brand","embeddable":true,"href":"https:\/\/spindeja.lt\/en\/wp-json\/wp\/v2\/product_brand?post=21060"},{"taxonomy":"product_cat","embeddable":true,"href":"https:\/\/spindeja.lt\/en\/wp-json\/wp\/v2\/product_cat?post=21060"},{"taxonomy":"product_tag","embeddable":true,"href":"https:\/\/spindeja.lt\/en\/wp-json\/wp\/v2\/product_tag?post=21060"}],"curies":[{"name":"wp","href":"https:\/\/api.w.org\/{rel}","templated":true}]}}