{"id":21045,"date":"2026-05-10T23:23:47","date_gmt":"2026-05-10T21:23:47","guid":{"rendered":"https:\/\/spindeja.lt\/?post_type=product&#038;p=21045"},"modified":"2026-05-10T23:23:47","modified_gmt":"2026-05-10T21:23:47","slug":"samanu-agato-apyranke","status":"publish","type":"product","link":"https:\/\/spindeja.lt\/en\/product\/samanu-agato-apyranke\/","title":{"rendered":"Saman\u0173 agato apyrank\u0117"},"content":{"rendered":"<p>Saman\u0173 agato apyrank\u0117 su ner\u016bdijan\u010dio plieno \u201eSpind\u0117jos\u201c logotipo intarpu.<br \/>\nKaroliuk\u0173 skersmuo &#8211; 8 mm.<br \/>\nTurima vietoje i\u0161siun\u010diama per 1-2 d. d.<br \/>\nIndividualiems u\u017esakymams &#8211; 5-9 d. d. gamyba. Apyrank\u0117s da\u017eniausiai gaminamos individualiai, retai turimos vietoje. Esant skubiam u\u017esakymui, para\u0161ykite susisiekite u\u017epild\u0119 <a href=\"https:\/\/spindeja.lt\/en\/kontaktai\/\">\u0161i\u0105 form\u0105<\/a> arba per soc. tinklus.<\/p>\n<p><strong>Atkreipkite d\u0117mes\u012f \u012f dyd\u017ei\u0173 ir logotipo intarpo spalvos pasirinkimo variantus.<\/strong><br \/>\nGalima rinktis logotipo intarp\u0105 aukso spalvos ir plieno spalvos.<br \/>\nApyrank\u0117s dyd\u017eiai nurodyti pagal rie\u0161o apimt\u012f. Rie\u0161\u0105 reikia matuoti be laisvumo ties lankstom\u0105ja dalimi. Kilus klausim\u0173 d\u0117l dyd\u017eio pasirinkimo, pra\u0161ome susisiekti el. pa\u0161tu: spindeja8@gmail.com.<\/p>\n<p>Saman\u0173 agato apyrank\u0117 pristatoma \u201eSpind\u0117ja\u201c dovan\u0173 d\u0117\u017eut\u0117je.<\/p>\n<p><em>&#8211; Spind\u0117jos papuo\u0161al\u0173 gamyba \u2013 tai k\u016brybinis ritualas su pozityviomis afirmacijomis ir intuityviu energetiniu pakrovimu. <strong>Kartu su papuo\u0161alu J\u016bs gausite asmeni\u0161kai Jums i\u0161traukt\u0105 orakulo kort\u0105.<\/strong><\/em><\/p>\n<p data-start=\"0\" data-end=\"61\"><strong data-start=\"0\" data-end=\"61\">Saman\u0173 agatas &#8211; gamtos harmonijos ir vidinio augimo akmuo<\/strong><\/p>\n<p data-start=\"63\" data-end=\"302\">Saman\u0173 agatas spinduliuoja raminan\u010dia, \u017eemi\u0161ka energija, glaud\u017eiai susijusia su gamta, augimu ir vidine pusiausvyra. Jo unikal\u016bs ra\u0161tai primena samanomis apaugusi\u0105 \u017eem\u0119, simbolizuojan\u010di\u0105 gyvyb\u0119, atsinaujinim\u0105 ir nat\u016bral\u0173 gyvenimo tek\u0117jim\u0105.<\/p>\n<p data-start=\"304\" data-end=\"459\">\u0160is akmuo padeda <strong data-start=\"321\" data-end=\"400\">atkurti emocin\u012f balans\u0105, stiprina ry\u0161\u012f su gamta ir skatina vidin\u012f stabilum\u0105<\/strong>. Jis siejamas su gausa, augimu bei nauj\u0173 prad\u017ei\u0173 energija.<\/p>\n<p data-start=\"461\" data-end=\"642\">Energeti\u0161kai saman\u0173 agatas veikia <strong data-start=\"495\" data-end=\"512\">\u0161irdies \u010dakr\u0105<\/strong>, padeda atverti \u0161ird\u012f ramybei, \u0161velnumui ir pasitik\u0117jimui gyvenimu. Jis taip pat skatina kantryb\u0119, s\u0105moningum\u0105 ir emocin\u012f gijim\u0105.<\/p>\n<p data-start=\"644\" data-end=\"841\"><strong data-start=\"644\" data-end=\"657\">Emoci\u0161kai<\/strong> &#8211; ramina, ma\u017eina \u012ftamp\u0105 ir suteikia stabilumo.<br data-start=\"704\" data-end=\"707\" \/><strong data-start=\"707\" data-end=\"723\">Energeti\u0161kai<\/strong> &#8211; harmonizuoja, \u012f\u017eemina ir stiprina augimo energij\u0105.<br data-start=\"776\" data-end=\"779\" \/><strong data-start=\"779\" data-end=\"794\">Simboli\u0161kai<\/strong> &#8211; gamtos, gyvyb\u0117s ir vidin\u0117s harmonijos akmuo.<\/p>\n<p data-start=\"843\" data-end=\"954\" data-is-last-node=\"\" data-is-only-node=\"\">Saman\u0173 agatas ypa\u010d tinka tiems, kurie siekia <strong data-start=\"888\" data-end=\"953\">ramyb\u0117s, augimo, gausos ir gilesnio ry\u0161io su gamta bei savimi<\/strong>.<\/p>","protected":false},"excerpt":{"rendered":"<p data-start=\"74\" data-end=\"279\">Apyrank\u0117 i\u0161 nat\u016bralaus saman\u0173 agato karoliuk\u0173, skatinanti <strong data-start=\"132\" data-end=\"176\">ramyb\u0119, emocin\u012f balans\u0105 ir ry\u0161\u012f su gamta<\/strong>.<br data-start=\"177\" data-end=\"180\" \/>Saman\u0173 agatas padeda \u012f\u017eeminti, harmonizuoti emocijas ir palaiko vidinio augimo bei gausos energij\u0105.<\/p>\n<p data-start=\"281\" data-end=\"380\" data-is-last-node=\"\" data-is-only-node=\"\">Puikiai tinka tiems, kurie ie\u0161ko <strong data-start=\"314\" data-end=\"379\">stabilumo, harmonijos ir nat\u016bralaus gyvenimo tek\u0117jimo poj\u016b\u010dio<\/strong>.<\/p>","protected":false},"featured_media":21058,"comment_status":"closed","ping_status":"closed","template":"","meta":{"_uag_custom_page_level_css":"","site-sidebar-layout":"default","site-content-layout":"","ast-site-content-layout":"default","site-content-style":"default","site-sidebar-style":"default","ast-global-header-display":"","ast-banner-title-visibility":"","ast-main-header-display":"","ast-hfb-above-header-display":"","ast-hfb-below-header-display":"","ast-hfb-mobile-header-display":"","site-post-title":"","ast-breadcrumbs-content":"","ast-featured-img":"","footer-sml-layout":"","ast-disable-related-posts":"","theme-transparent-header-meta":"default","adv-header-id-meta":"","stick-header-meta":"default","header-above-stick-meta":"","header-main-stick-meta":"","header-below-stick-meta":"","astra-migrate-meta-layouts":"set","ast-page-background-enabled":"default","ast-page-background-meta":{"desktop":{"background-color":"","background-image":"","background-repeat":"repeat","background-position":"center center","background-size":"auto","background-attachment":"scroll","background-type":"","background-media":"","overlay-type":"","overlay-color":"","overlay-opacity":"","overlay-gradient":""},"tablet":{"background-color":"","background-image":"","background-repeat":"repeat","background-position":"center center","background-size":"auto","background-attachment":"scroll","background-type":"","background-media":"","overlay-type":"","overlay-color":"","overlay-opacity":"","overlay-gradient":""},"mobile":{"background-color":"","background-image":"","background-repeat":"repeat","background-position":"center center","background-size":"auto","background-attachment":"scroll","background-type":"","background-media":"","overlay-type":"","overlay-color":"","overlay-opacity":"","overlay-gradient":""}},"ast-content-background-meta":{"desktop":{"background-color":"var(--ast-global-color-5)","background-image":"","background-repeat":"repeat","background-position":"center center","background-size":"auto","background-attachment":"scroll","background-type":"","background-media":"","overlay-type":"","overlay-color":"","overlay-opacity":"","overlay-gradient":""},"tablet":{"background-color":"var(--ast-global-color-5)","background-image":"","background-repeat":"repeat","background-position":"center center","background-size":"auto","background-attachment":"scroll","background-type":"","background-media":"","overlay-type":"","overlay-color":"","overlay-opacity":"","overlay-gradient":""},"mobile":{"background-color":"var(--ast-global-color-5)","background-image":"","background-repeat":"repeat","background-position":"center center","background-size":"auto","background-attachment":"scroll","background-type":"","background-media":"","overlay-type":"","overlay-color":"","overlay-opacity":"","overlay-gradient":""}}},"product_brand":[],"product_cat":[53],"product_tag":[134],"class_list":{"0":"post-21045","1":"product","2":"type-product","3":"status-publish","4":"has-post-thumbnail","6":"product_cat-apyrankes","7":"product_tag-agatas","8":"desktop-align-left","9":"tablet-align-left","10":"mobile-align-left","11":"ast-product-gallery-layout-horizontal-slider","12":"ast-product-single-variable","13":"ast-product-tabs-layout-horizontal","15":"first","16":"instock","17":"shipping-taxable","18":"purchasable","19":"product-type-variable"},"yoast_head":"<!-- This site is optimized with the Yoast SEO plugin v26.9 - https:\/\/yoast.com\/product\/yoast-seo-wordpress\/ -->\n<title>Saman\u0173 agato apyrank\u0117 - Spind\u0117ja<\/title>\n<meta name=\"description\" content=\"Saman\u0173 agato apyrank\u0117 - Spind\u0117ja Auk\u0161ta kokyb\u0117, 100 proc. nat\u016bralumas, pagaminta su meile, intencijomis ir d\u0117mesiu klientui.\" \/>\n<meta name=\"robots\" content=\"index, follow, max-snippet:-1, max-image-preview:large, max-video-preview:-1\" \/>\n<link rel=\"canonical\" href=\"https:\/\/spindeja.lt\/en\/product\/samanu-agato-apyranke\/\" \/>\n<meta property=\"og:locale\" content=\"en_GB\" \/>\n<meta property=\"og:type\" content=\"article\" \/>\n<meta property=\"og:title\" content=\"Saman\u0173 agato apyrank\u0117 - Spind\u0117ja\" \/>\n<meta property=\"og:description\" content=\"Saman\u0173 agato apyrank\u0117 - Spind\u0117ja Auk\u0161ta kokyb\u0117, 100 proc. nat\u016bralumas, pagaminta su meile, intencijomis ir d\u0117mesiu klientui.\" \/>\n<meta property=\"og:url\" content=\"https:\/\/spindeja.lt\/en\/product\/samanu-agato-apyranke\/\" \/>\n<meta property=\"og:site_name\" content=\"Spind\u0117ja\" \/>\n<meta property=\"article:publisher\" content=\"https:\/\/www.facebook.com\/profile.php?id=100063674195191\" \/>\n<meta property=\"og:image\" content=\"https:\/\/spindeja.lt\/wp-content\/uploads\/2026\/05\/Samanu_agato_apyranke1.jpg\" \/>\n\t<meta property=\"og:image:width\" content=\"1536\" \/>\n\t<meta property=\"og:image:height\" content=\"2048\" \/>\n\t<meta property=\"og:image:type\" content=\"image\/jpeg\" \/>\n<meta name=\"twitter:card\" content=\"summary_large_image\" \/>\n<meta name=\"twitter:label1\" content=\"Estimated reading time\" \/>\n\t<meta name=\"twitter:data1\" content=\"2 minutes\" \/>\n<script type=\"application\/ld+json\" class=\"yoast-schema-graph\">{\"@context\":\"https:\/\/schema.org\",\"@graph\":[{\"@type\":\"WebPage\",\"@id\":\"https:\/\/spindeja.lt\/produktas\/samanu-agato-apyranke\/\",\"url\":\"https:\/\/spindeja.lt\/produktas\/samanu-agato-apyranke\/\",\"name\":\"Saman\u0173 agato apyrank\u0117 - Spind\u0117ja\",\"isPartOf\":{\"@id\":\"https:\/\/spindeja.lt\/#website\"},\"primaryImageOfPage\":{\"@id\":\"https:\/\/spindeja.lt\/produktas\/samanu-agato-apyranke\/#primaryimage\"},\"image\":{\"@id\":\"https:\/\/spindeja.lt\/produktas\/samanu-agato-apyranke\/#primaryimage\"},\"thumbnailUrl\":\"https:\/\/spindeja.lt\/wp-content\/uploads\/2026\/05\/Samanu_agato_apyranke1.jpg\",\"datePublished\":\"2026-05-10T21:23:47+00:00\",\"description\":\"Saman\u0173 agato apyrank\u0117 - Spind\u0117ja Auk\u0161ta kokyb\u0117, 100 proc. nat\u016bralumas, pagaminta su meile, intencijomis ir d\u0117mesiu klientui.\",\"breadcrumb\":{\"@id\":\"https:\/\/spindeja.lt\/produktas\/samanu-agato-apyranke\/#breadcrumb\"},\"inLanguage\":\"en-GB\",\"potentialAction\":[{\"@type\":\"ReadAction\",\"target\":[\"https:\/\/spindeja.lt\/produktas\/samanu-agato-apyranke\/\"]}]},{\"@type\":\"ImageObject\",\"inLanguage\":\"en-GB\",\"@id\":\"https:\/\/spindeja.lt\/produktas\/samanu-agato-apyranke\/#primaryimage\",\"url\":\"https:\/\/spindeja.lt\/wp-content\/uploads\/2026\/05\/Samanu_agato_apyranke1.jpg\",\"contentUrl\":\"https:\/\/spindeja.lt\/wp-content\/uploads\/2026\/05\/Samanu_agato_apyranke1.jpg\",\"width\":1536,\"height\":2048,\"caption\":\"Samanu_agato_apyranke\"},{\"@type\":\"BreadcrumbList\",\"@id\":\"https:\/\/spindeja.lt\/produktas\/samanu-agato-apyranke\/#breadcrumb\",\"itemListElement\":[{\"@type\":\"ListItem\",\"position\":1,\"name\":\"Prad\u017eia\",\"item\":\"https:\/\/spindeja.lt\/\"},{\"@type\":\"ListItem\",\"position\":2,\"name\":\"Parduotuv\u0117\",\"item\":\"https:\/\/spindeja.lt\/parduotuve\/\"},{\"@type\":\"ListItem\",\"position\":3,\"name\":\"Saman\u0173 agato apyrank\u0117\"}]},{\"@type\":\"WebSite\",\"@id\":\"https:\/\/spindeja.lt\/#website\",\"url\":\"https:\/\/spindeja.lt\/\",\"name\":\"Spind\u0117ja\",\"description\":\"Rank\u0173 darbo papuo\u0161alai Jums\",\"publisher\":{\"@id\":\"https:\/\/spindeja.lt\/#organization\"},\"potentialAction\":[{\"@type\":\"SearchAction\",\"target\":{\"@type\":\"EntryPoint\",\"urlTemplate\":\"https:\/\/spindeja.lt\/?s={search_term_string}\"},\"query-input\":{\"@type\":\"PropertyValueSpecification\",\"valueRequired\":true,\"valueName\":\"search_term_string\"}}],\"inLanguage\":\"en-GB\"},{\"@type\":\"Organization\",\"@id\":\"https:\/\/spindeja.lt\/#organization\",\"name\":\"Spind\u0117ja\",\"url\":\"https:\/\/spindeja.lt\/\",\"logo\":{\"@type\":\"ImageObject\",\"inLanguage\":\"en-GB\",\"@id\":\"https:\/\/spindeja.lt\/#\/schema\/logo\/image\/\",\"url\":\"https:\/\/spindeja.lt\/wp-content\/uploads\/2019\/12\/Layer-2.png\",\"contentUrl\":\"https:\/\/spindeja.lt\/wp-content\/uploads\/2019\/12\/Layer-2.png\",\"width\":915,\"height\":616,\"caption\":\"Spind\u0117ja\"},\"image\":{\"@id\":\"https:\/\/spindeja.lt\/#\/schema\/logo\/image\/\"},\"sameAs\":[\"https:\/\/www.facebook.com\/profile.php?id=100063674195191\",\"https:\/\/www.instagram.com\/spindeja\/\"]}]}<\/script>\n<!-- \/ Yoast SEO plugin. -->","yoast_head_json":{"title":"Saman\u0173 agato apyrank\u0117 - Spind\u0117ja","description":"Saman\u0173 agato apyrank\u0117 - Spind\u0117ja Auk\u0161ta kokyb\u0117, 100 proc. nat\u016bralumas, pagaminta su meile, intencijomis ir d\u0117mesiu klientui.","robots":{"index":"index","follow":"follow","max-snippet":"max-snippet:-1","max-image-preview":"max-image-preview:large","max-video-preview":"max-video-preview:-1"},"canonical":"https:\/\/spindeja.lt\/en\/product\/samanu-agato-apyranke\/","og_locale":"en_GB","og_type":"article","og_title":"Saman\u0173 agato apyrank\u0117 - Spind\u0117ja","og_description":"Saman\u0173 agato apyrank\u0117 - Spind\u0117ja Auk\u0161ta kokyb\u0117, 100 proc. nat\u016bralumas, pagaminta su meile, intencijomis ir d\u0117mesiu klientui.","og_url":"https:\/\/spindeja.lt\/en\/product\/samanu-agato-apyranke\/","og_site_name":"Spind\u0117ja","article_publisher":"https:\/\/www.facebook.com\/profile.php?id=100063674195191","og_image":[{"width":1536,"height":2048,"url":"https:\/\/spindeja.lt\/wp-content\/uploads\/2026\/05\/Samanu_agato_apyranke1.jpg","type":"image\/jpeg"}],"twitter_card":"summary_large_image","twitter_misc":{"Estimated reading time":"2 minutes"},"schema":{"@context":"https:\/\/schema.org","@graph":[{"@type":"WebPage","@id":"https:\/\/spindeja.lt\/produktas\/samanu-agato-apyranke\/","url":"https:\/\/spindeja.lt\/produktas\/samanu-agato-apyranke\/","name":"Saman\u0173 agato apyrank\u0117 - Spind\u0117ja","isPartOf":{"@id":"https:\/\/spindeja.lt\/#website"},"primaryImageOfPage":{"@id":"https:\/\/spindeja.lt\/produktas\/samanu-agato-apyranke\/#primaryimage"},"image":{"@id":"https:\/\/spindeja.lt\/produktas\/samanu-agato-apyranke\/#primaryimage"},"thumbnailUrl":"https:\/\/spindeja.lt\/wp-content\/uploads\/2026\/05\/Samanu_agato_apyranke1.jpg","datePublished":"2026-05-10T21:23:47+00:00","description":"Saman\u0173 agato apyrank\u0117 - Spind\u0117ja Auk\u0161ta kokyb\u0117, 100 proc. nat\u016bralumas, pagaminta su meile, intencijomis ir d\u0117mesiu klientui.","breadcrumb":{"@id":"https:\/\/spindeja.lt\/produktas\/samanu-agato-apyranke\/#breadcrumb"},"inLanguage":"en-GB","potentialAction":[{"@type":"ReadAction","target":["https:\/\/spindeja.lt\/produktas\/samanu-agato-apyranke\/"]}]},{"@type":"ImageObject","inLanguage":"en-GB","@id":"https:\/\/spindeja.lt\/produktas\/samanu-agato-apyranke\/#primaryimage","url":"https:\/\/spindeja.lt\/wp-content\/uploads\/2026\/05\/Samanu_agato_apyranke1.jpg","contentUrl":"https:\/\/spindeja.lt\/wp-content\/uploads\/2026\/05\/Samanu_agato_apyranke1.jpg","width":1536,"height":2048,"caption":"Samanu_agato_apyranke"},{"@type":"BreadcrumbList","@id":"https:\/\/spindeja.lt\/produktas\/samanu-agato-apyranke\/#breadcrumb","itemListElement":[{"@type":"ListItem","position":1,"name":"Prad\u017eia","item":"https:\/\/spindeja.lt\/"},{"@type":"ListItem","position":2,"name":"Parduotuv\u0117","item":"https:\/\/spindeja.lt\/parduotuve\/"},{"@type":"ListItem","position":3,"name":"Saman\u0173 agato apyrank\u0117"}]},{"@type":"WebSite","@id":"https:\/\/spindeja.lt\/#website","url":"https:\/\/spindeja.lt\/","name":"Spind\u0117ja","description":"Rank\u0173 darbo papuo\u0161alai Jums","publisher":{"@id":"https:\/\/spindeja.lt\/#organization"},"potentialAction":[{"@type":"SearchAction","target":{"@type":"EntryPoint","urlTemplate":"https:\/\/spindeja.lt\/?s={search_term_string}"},"query-input":{"@type":"PropertyValueSpecification","valueRequired":true,"valueName":"search_term_string"}}],"inLanguage":"en-GB"},{"@type":"Organization","@id":"https:\/\/spindeja.lt\/#organization","name":"Spind\u0117ja","url":"https:\/\/spindeja.lt\/","logo":{"@type":"ImageObject","inLanguage":"en-GB","@id":"https:\/\/spindeja.lt\/#\/schema\/logo\/image\/","url":"https:\/\/spindeja.lt\/wp-content\/uploads\/2019\/12\/Layer-2.png","contentUrl":"https:\/\/spindeja.lt\/wp-content\/uploads\/2019\/12\/Layer-2.png","width":915,"height":616,"caption":"Spind\u0117ja"},"image":{"@id":"https:\/\/spindeja.lt\/#\/schema\/logo\/image\/"},"sameAs":["https:\/\/www.facebook.com\/profile.php?id=100063674195191","https:\/\/www.instagram.com\/spindeja\/"]}]}},"uagb_featured_image_src":{"full":["https:\/\/spindeja.lt\/wp-content\/uploads\/2026\/05\/Samanu_agato_apyranke1.jpg",1536,2048,false],"thumbnail":["https:\/\/spindeja.lt\/wp-content\/uploads\/2026\/05\/Samanu_agato_apyranke1-150x150.jpg",150,150,true],"medium":["https:\/\/spindeja.lt\/wp-content\/uploads\/2026\/05\/Samanu_agato_apyranke1-225x300.jpg",225,300,true],"medium_large":["https:\/\/spindeja.lt\/wp-content\/uploads\/2026\/05\/Samanu_agato_apyranke1-768x1024.jpg",768,1024,true],"large":["https:\/\/spindeja.lt\/wp-content\/uploads\/2026\/05\/Samanu_agato_apyranke1-768x1024.jpg",768,1024,true],"1536x1536":["https:\/\/spindeja.lt\/wp-content\/uploads\/2026\/05\/Samanu_agato_apyranke1-1152x1536.jpg",1152,1536,true],"2048x2048":["https:\/\/spindeja.lt\/wp-content\/uploads\/2026\/05\/Samanu_agato_apyranke1.jpg",1536,2048,false],"trp-custom-language-flag":["https:\/\/spindeja.lt\/wp-content\/uploads\/2026\/05\/Samanu_agato_apyranke1-9x12.jpg",9,12,true],"woocommerce_thumbnail":["https:\/\/spindeja.lt\/wp-content\/uploads\/2026\/05\/Samanu_agato_apyranke1-540x540.jpg",540,540,true],"woocommerce_single":["https:\/\/spindeja.lt\/wp-content\/uploads\/2026\/05\/Samanu_agato_apyranke1-540x720.jpg",540,720,true],"woocommerce_gallery_thumbnail":["https:\/\/spindeja.lt\/wp-content\/uploads\/2026\/05\/Samanu_agato_apyranke1-100x100.jpg",100,100,true]},"uagb_author_info":{"display_name":"spindeja","author_link":"https:\/\/spindeja.lt\/en\/author\/"},"uagb_comment_info":0,"uagb_excerpt":"Apyrank\u0117 i\u0161 nat\u016bralaus saman\u0173 agato karoliuk\u0173, skatinanti ramyb\u0119, emocin\u012f balans\u0105 ir ry\u0161\u012f su gamta.Saman\u0173 agatas padeda \u012f\u017eeminti, harmonizuoti emocijas ir palaiko vidinio augimo bei gausos energij\u0105. Puikiai tinka tiems, kurie ie\u0161ko stabilumo, harmonijos ir nat\u016bralaus gyvenimo tek\u0117jimo poj\u016b\u010dio.","_links":{"self":[{"href":"https:\/\/spindeja.lt\/en\/wp-json\/wp\/v2\/product\/21045","targetHints":{"allow":["GET"]}}],"collection":[{"href":"https:\/\/spindeja.lt\/en\/wp-json\/wp\/v2\/product"}],"about":[{"href":"https:\/\/spindeja.lt\/en\/wp-json\/wp\/v2\/types\/product"}],"replies":[{"embeddable":true,"href":"https:\/\/spindeja.lt\/en\/wp-json\/wp\/v2\/comments?post=21045"}],"wp:featuredmedia":[{"embeddable":true,"href":"https:\/\/spindeja.lt\/en\/wp-json\/wp\/v2\/media\/21058"}],"wp:attachment":[{"href":"https:\/\/spindeja.lt\/en\/wp-json\/wp\/v2\/media?parent=21045"}],"wp:term":[{"taxonomy":"product_brand","embeddable":true,"href":"https:\/\/spindeja.lt\/en\/wp-json\/wp\/v2\/product_brand?post=21045"},{"taxonomy":"product_cat","embeddable":true,"href":"https:\/\/spindeja.lt\/en\/wp-json\/wp\/v2\/product_cat?post=21045"},{"taxonomy":"product_tag","embeddable":true,"href":"https:\/\/spindeja.lt\/en\/wp-json\/wp\/v2\/product_tag?post=21045"}],"curies":[{"name":"wp","href":"https:\/\/api.w.org\/{rel}","templated":true}]}}