{"id":21014,"date":"2026-05-10T22:09:34","date_gmt":"2026-05-10T20:09:34","guid":{"rendered":"https:\/\/spindeja.lt\/?post_type=product&#038;p=21014"},"modified":"2026-05-10T22:09:34","modified_gmt":"2026-05-10T20:09:34","slug":"oranzinio-kalcito-apyranke","status":"publish","type":"product","link":"https:\/\/spindeja.lt\/en\/product\/oranzinio-kalcito-apyranke\/","title":{"rendered":"Oran\u017einio kalcito apyrank\u0117"},"content":{"rendered":"<p>Oran\u017einio kalcito apyrank\u0117 su ner\u016bdijan\u010dio plieno \u201eSpind\u0117jos\u201c logotipo intarpu.<br \/>\nKaroliuk\u0173 skersmuo &#8211; 8 mm.<br \/>\nTurima vietoje i\u0161siun\u010diama per 1-2 d. d.<br \/>\nIndividualiems u\u017esakymams &#8211; 5-9 d. d. gamyba. Apyrank\u0117s da\u017eniausiai gaminamos individualiai, retai turimos vietoje. Esant skubiam u\u017esakymui, para\u0161ykite susisiekite u\u017epild\u0119 <a href=\"https:\/\/spindeja.lt\/en\/kontaktai\/\">\u0161i\u0105 form\u0105<\/a> arba per soc. tinklus.<\/p>\n<p><strong>Atkreipkite d\u0117mes\u012f \u012f dyd\u017ei\u0173 ir logotipo intarpo spalvos pasirinkimo variantus.<\/strong><br \/>\nGalima rinktis logotipo intarp\u0105 aukso spalvos ir plieno spalvos.<br \/>\nApyrank\u0117s dyd\u017eiai nurodyti pagal rie\u0161o apimt\u012f. Rie\u0161\u0105 reikia matuoti be laisvumo ties lankstom\u0105ja dalimi. Kilus klausim\u0173 d\u0117l dyd\u017eio pasirinkimo, pra\u0161ome susisiekti el. pa\u0161tu: spindeja8@gmail.com.<\/p>\n<p>Oran\u017einio kalcito apyrank\u0117 pristatoma \u201eSpind\u0117ja\u201c dovan\u0173 d\u0117\u017eut\u0117je.<\/p>\n<p><em>&#8211; Spind\u0117jos papuo\u0161al\u0173 gamyba &#8211; tai k\u016brybinis ritualas su pozityviomis afirmacijomis ir intuityviu energetiniu pakrovimu. <strong>Kartu su papuo\u0161alu J\u016bs gausite asmeni\u0161kai Jums i\u0161traukt\u0105 orakulo kort\u0105.<\/strong><\/em><\/p>\n<div>\n<div class=\"flex h-svh w-screen flex-col\">\n<div class=\"relative z-0 flex min-h-0 w-full flex-1\">\n<div class=\"relative flex min-h-0 w-full flex-1\">\n<div class=\"@container\/main relative flex min-w-0 flex-1 flex-col -translate-y-[calc(env(safe-area-inset-bottom,0px)\/2)] pt-[calc(env(safe-area-inset-bottom,0px)\/2)]\">\n<div class=\"@w-sm\/main:[scrollbar-gutter:var(--stage-scroll-gutter)] touch:[scrollbar-width:none] group\/scroll-root relative flex min-h-0 min-w-0 flex-1 flex-col [scrollbar-gutter:stable] not-print:overflow-x-clip not-print:overflow-y-auto group-data-stream-active\/scroll-root:[overflow-anchor:none] scroll-pt-(--header-height) [--sticky-padding-top:var(--header-height)] [--sticky-padding-bottom:0px] [--scroll-root-safe-area-inset-top:calc(var(--sticky-padding-top)+env(safe-area-inset-top,0px))] [--scroll-root-safe-area-inset-bottom:calc(var(--sticky-padding-bottom)+var(--screen-keyboard-height,0px)+env(safe-area-inset-bottom,0px))] [--scroll-root-safe-area-height:calc(100lvh-var(--scroll-root-safe-area-inset-top)-var(--scroll-root-safe-area-inset-bottom))] has-data-[fixed-header=less-than-xl]:@w-xl\/main:scroll-pt-0 has-data-[fixed-header=less-than-xl]:@w-xl\/main:[--sticky-padding-top:0px] has-data-[fixed-header=less-than-xxl]:@w-2xl\/main:scroll-pt-0 has-data-[fixed-header=less-than-xxl]:@w-2xl\/main:[--sticky-padding-top:0px]\" data-scroll-root=\"\" data-scroll-from-top=\"\" data-scroll-from-end=\"\"><main id=\"main\" class=\"min-h-0 flex-1\"><\/p>\n<div id=\"thread\" class=\"group\/thread flex flex-col min-h-full\">\n<div class=\"composer-parent flex flex-1 flex-col focus-visible:outline-0\" role=\"presentation\">\n<div class=\"relative basis-auto flex-col -mb-(--composer-overlap-px) pb-(--composer-overlap-px) [--composer-overlap-px:28px] grow flex\">\n<div class=\"flex flex-col text-sm\">\n<div class=\"relative w-full overflow-visible\">\n<section class=\"text-token-text-primary w-full focus:outline-none [--shadow-height:45px] has-data-writing-block:pointer-events-none has-data-writing-block:-mt-(--shadow-height) has-data-writing-block:pt-(--shadow-height) [&amp;:has([data-writing-block])&gt;*]:pointer-events-auto [content-visibility:auto] supports-[content-visibility:auto]:[contain-intrinsic-size:auto_100lvh] R6Vx5W_threadScrollVars scroll-mb-[calc(var(--scroll-root-safe-area-inset-bottom,0px)+var(--thread-response-height))] scroll-mt-[calc(var(--header-height)+min(200px,max(70px,20svh)))]\" dir=\"auto\" data-turn-id=\"request-685166aa-3b24-8013-bc89-3c8eba184649-1\" data-turn-id-container=\"request-685166aa-3b24-8013-bc89-3c8eba184649-1\" data-testid=\"conversation-turn-38\" data-scroll-anchor=\"false\" data-turn=\"assistant\">\n<div class=\"text-base my-auto mx-auto pb-10 [--thread-content-margin:var(--thread-content-margin-xs,calc(var(--spacing)*4))] @w-sm\/main:[--thread-content-margin:var(--thread-content-margin-sm,calc(var(--spacing)*6))] @w-lg\/main:[--thread-content-margin:var(--thread-content-margin-lg,calc(var(--spacing)*16))] px-(--thread-content-margin)\">\n<div class=\"[--thread-content-max-width:40rem] @w-lg\/main:[--thread-content-max-width:48rem] mx-auto max-w-(--thread-content-max-width) flex-1 group\/turn-messages focus-visible:outline-hidden relative flex w-full min-w-0 flex-col agent-turn\">\n<div class=\"flex max-w-full flex-col gap-4 grow\">\n<div class=\"min-h-8 text-message relative flex w-full flex-col items-end gap-2 text-start break-words whitespace-normal outline-none keyboard-focused:focus-ring [.text-message+&amp;]:mt-1\" dir=\"auto\" tabindex=\"0\" data-message-author-role=\"assistant\" data-message-id=\"19695b3e-d6fe-47f7-8f5f-20cbed59aa0b\" data-message-model-slug=\"gpt-5-5\" data-turn-start-message=\"true\">\n<div class=\"flex w-full flex-col gap-1 empty:hidden\">\n<div class=\"markdown prose dark:prose-invert wrap-break-word w-full light markdown-new-styling\">\n<p data-start=\"0\" data-end=\"64\"><strong data-start=\"0\" data-end=\"64\">Oran\u017einis kalcitas &#8211; k\u016brybos, gyvybingumo ir d\u017eiaugsmo akmuo.<\/strong><\/p>\n<p data-start=\"66\" data-end=\"287\">Oran\u017einis kalcitas spinduliuoja \u0161ilta, lengva ir \u012fkvepian\u010dia energija, siejama su k\u016brybi\u0161kumu, emociniu laisvumu ir gyvenimo d\u017eiaugsmu. Jo ry\u0161ki oran\u017ein\u0117 spalva padeda pa\u017eadinti vidin\u0119 ugn\u012f, motyvacij\u0105 ir nor\u0105 veikti.<\/p>\n<p data-start=\"289\" data-end=\"461\">\u0160is kristalas skatina pozityvum\u0105, pasitik\u0117jim\u0105 savimi ir energijos tek\u0117jim\u0105. Jis padeda paleisti emocin\u012f sunkum\u0105, s\u0105sting\u012f bei baimes, trukdan\u010dias laisvai reik\u0161ti save.<\/p>\n<p data-start=\"463\" data-end=\"606\">Energeti\u0161kai oran\u017einis kalcitas veikia sakralin\u0119 \u010dakr\u0105, stiprina k\u016brybin\u0119 energij\u0105, moteri\u0161kum\u0105, spontani\u0161kum\u0105 ir ry\u0161\u012f su malonumu gyventi.<\/p>\n<p data-start=\"608\" data-end=\"821\">Emoci\u0161kai &#8211; kelia nuotaik\u0105, ma\u017eina \u012ftamp\u0105 ir apatij\u0105.<br data-start=\"665\" data-end=\"668\" \/>Energeti\u0161kai &#8211; aktyvina, valo sustingusi\u0105 energij\u0105 ir suteikia lengvumo.<br data-start=\"744\" data-end=\"747\" \/>Simboli\u0161kai &#8211; saul\u0117tos k\u016brybos, jud\u0117jimo ir gyvybin\u0117s energijos akmuo.<\/p>\n<p data-start=\"823\" data-end=\"939\" data-is-last-node=\"\" data-is-only-node=\"\">Oran\u017einis kalcitas ypa\u010d tinka tiems, kurie nori daugiau \u012fkv\u0117pimo, d\u017eiaugsmo ir k\u016brybin\u0117s energijos kasdienyb\u0117je.<\/p>\n<\/div>\n<\/div>\n<\/div>\n<\/div>\n<\/div>\n<\/div>\n<\/section>\n<\/div>\n<\/div>\n<\/div>\n<div id=\"thread-bottom-container\" class=\"sticky bottom-0 z-10 group\/thread-bottom-container relative isolate w-full basis-auto has-data-has-thread-error:pt-2 has-data-has-thread-error:[box-shadow:var(--sharp-edge-bottom-shadow)] md:border-transparent md:pt-0 dark:border-white\/20 md:dark:border-transparent print:hidden content-fade single-line flex flex-col\">\n<div id=\"thread-bottom\">\n<div class=\"text-base mx-auto [--thread-content-margin:var(--thread-content-margin-xs,calc(var(--spacing)*4))] @w-sm\/main:[--thread-content-margin:var(--thread-content-margin-sm,calc(var(--spacing)*6))] @w-lg\/main:[--thread-content-margin:var(--thread-content-margin-lg,calc(var(--spacing)*16))] px-(--thread-content-margin)\">\n<div class=\"[--thread-content-max-width:40rem] @w-lg\/main:[--thread-content-max-width:48rem] mx-auto max-w-(--thread-content-max-width) flex-1 mb-[var(--thread-component-gap,1rem)]\">\n<div class=\"pointer-events-auto relative z-1 flex h-(--composer-container-height,100%) max-w-full flex-(--composer-container-flex,1) flex-col\">\n<form class=\"group\/composer w-full\" data-type=\"unified-composer\" action=\"\">\n<div class=\"\">\n<div class=\"bg-token-bg-primary dark:bg-token-bg-elevated-primary dark-oled:bg-token-bg-primary corner-superellipse\/1.1 cursor-text overflow-clip bg-clip-padding p-2.5 contain-inline-size motion-safe:transition-colors motion-safe:duration-200 motion-safe:ease-in-out grid grid-cols-[auto_1fr_auto] [grid-template-areas:'header_header_header'_'leading_primary_trailing'_'._footer_.'] group-data-expanded\/composer:[grid-template-areas:'header_header_header'_'primary_primary_primary'_'leading_footer_trailing'] shadow-short-composer\" data-composer-surface=\"true\">\n<div class=\"flex items-center gap-2 [grid-area:trailing]\">\n<div class=\"ms-auto flex items-center gap-1.5\">\n<div class=\"inline-flex\"><\/div>\n<\/div>\n<\/div>\n<\/div>\n<\/div>\n<input type=\"hidden\" name=\"trp-form-language\" value=\"en\"\/><\/form>\n<\/div>\n<\/div>\n<\/div>\n<\/div>\n<\/div>\n<\/div>\n<\/div>\n<p><\/main><\/div>\n<\/div>\n<\/div>\n<\/div>\n<\/div>\n<\/div>","protected":false},"excerpt":{"rendered":"<p data-start=\"74\" data-end=\"297\">Apyrank\u0117 i\u0161 nat\u016bralaus oran\u017einio kalcito karoliuk\u0173, skatinanti k\u016brybi\u0161kum\u0105, pozityvum\u0105 ir emocin\u012f lengvum\u0105.<br data-start=\"185\" data-end=\"188\" \/>Oran\u017einis kalcitas padeda paleisti s\u0105sting\u012f, stiprina motyvacij\u0105 ir pripildo \u0161iltos, d\u017eiaugsmingos energijos. Puikiai tinka tiems, kurie nori daugiau \u012fkv\u0117pimo, gyvybingumo ir gyvenimo d\u017eiaugsmo.<\/p>","protected":false},"featured_media":21028,"comment_status":"closed","ping_status":"closed","template":"","meta":{"_uag_custom_page_level_css":"","site-sidebar-layout":"default","site-content-layout":"","ast-site-content-layout":"default","site-content-style":"default","site-sidebar-style":"default","ast-global-header-display":"","ast-banner-title-visibility":"","ast-main-header-display":"","ast-hfb-above-header-display":"","ast-hfb-below-header-display":"","ast-hfb-mobile-header-display":"","site-post-title":"","ast-breadcrumbs-content":"","ast-featured-img":"","footer-sml-layout":"","ast-disable-related-posts":"","theme-transparent-header-meta":"default","adv-header-id-meta":"","stick-header-meta":"default","header-above-stick-meta":"","header-main-stick-meta":"","header-below-stick-meta":"","astra-migrate-meta-layouts":"set","ast-page-background-enabled":"default","ast-page-background-meta":{"desktop":{"background-color":"","background-image":"","background-repeat":"repeat","background-position":"center center","background-size":"auto","background-attachment":"scroll","background-type":"","background-media":"","overlay-type":"","overlay-color":"","overlay-opacity":"","overlay-gradient":""},"tablet":{"background-color":"","background-image":"","background-repeat":"repeat","background-position":"center center","background-size":"auto","background-attachment":"scroll","background-type":"","background-media":"","overlay-type":"","overlay-color":"","overlay-opacity":"","overlay-gradient":""},"mobile":{"background-color":"","background-image":"","background-repeat":"repeat","background-position":"center center","background-size":"auto","background-attachment":"scroll","background-type":"","background-media":"","overlay-type":"","overlay-color":"","overlay-opacity":"","overlay-gradient":""}},"ast-content-background-meta":{"desktop":{"background-color":"var(--ast-global-color-5)","background-image":"","background-repeat":"repeat","background-position":"center center","background-size":"auto","background-attachment":"scroll","background-type":"","background-media":"","overlay-type":"","overlay-color":"","overlay-opacity":"","overlay-gradient":""},"tablet":{"background-color":"var(--ast-global-color-5)","background-image":"","background-repeat":"repeat","background-position":"center center","background-size":"auto","background-attachment":"scroll","background-type":"","background-media":"","overlay-type":"","overlay-color":"","overlay-opacity":"","overlay-gradient":""},"mobile":{"background-color":"var(--ast-global-color-5)","background-image":"","background-repeat":"repeat","background-position":"center center","background-size":"auto","background-attachment":"scroll","background-type":"","background-media":"","overlay-type":"","overlay-color":"","overlay-opacity":"","overlay-gradient":""}}},"product_brand":[],"product_cat":[53],"product_tag":[130],"class_list":{"0":"post-21014","1":"product","2":"type-product","3":"status-publish","4":"has-post-thumbnail","6":"product_cat-apyrankes","7":"product_tag-kalcitas","8":"desktop-align-left","9":"tablet-align-left","10":"mobile-align-left","11":"ast-product-gallery-layout-horizontal-slider","12":"ast-product-single-variable","13":"ast-product-tabs-layout-horizontal","15":"first","16":"instock","17":"shipping-taxable","18":"purchasable","19":"product-type-variable"},"yoast_head":"<!-- This site is optimized with the Yoast SEO plugin v26.9 - https:\/\/yoast.com\/product\/yoast-seo-wordpress\/ -->\n<title>Oran\u017einio kalcito apyrank\u0117 - Spind\u0117ja<\/title>\n<meta name=\"description\" content=\"Oran\u017einio kalcito apyrank\u0117 - Spind\u0117ja Auk\u0161ta kokyb\u0117, 100 proc. nat\u016bralumas, pagaminta su meile, intencijomis ir d\u0117mesiu klientui.\" \/>\n<meta name=\"robots\" content=\"index, follow, max-snippet:-1, max-image-preview:large, max-video-preview:-1\" \/>\n<link rel=\"canonical\" href=\"https:\/\/spindeja.lt\/en\/product\/oranzinio-kalcito-apyranke\/\" \/>\n<meta property=\"og:locale\" content=\"en_GB\" \/>\n<meta property=\"og:type\" content=\"article\" \/>\n<meta property=\"og:title\" content=\"Oran\u017einio kalcito apyrank\u0117 - Spind\u0117ja\" \/>\n<meta property=\"og:description\" content=\"Oran\u017einio kalcito apyrank\u0117 - Spind\u0117ja Auk\u0161ta kokyb\u0117, 100 proc. nat\u016bralumas, pagaminta su meile, intencijomis ir d\u0117mesiu klientui.\" \/>\n<meta property=\"og:url\" content=\"https:\/\/spindeja.lt\/en\/product\/oranzinio-kalcito-apyranke\/\" \/>\n<meta property=\"og:site_name\" content=\"Spind\u0117ja\" \/>\n<meta property=\"article:publisher\" content=\"https:\/\/www.facebook.com\/profile.php?id=100063674195191\" \/>\n<meta property=\"og:image\" content=\"https:\/\/spindeja.lt\/wp-content\/uploads\/2026\/05\/Oranzinio_kalcito_apyranke.jpg\" \/>\n\t<meta property=\"og:image:width\" content=\"1536\" \/>\n\t<meta property=\"og:image:height\" content=\"2048\" \/>\n\t<meta property=\"og:image:type\" content=\"image\/jpeg\" \/>\n<meta name=\"twitter:card\" content=\"summary_large_image\" \/>\n<meta name=\"twitter:label1\" content=\"Estimated reading time\" \/>\n\t<meta name=\"twitter:data1\" content=\"2 minutes\" \/>\n<script type=\"application\/ld+json\" class=\"yoast-schema-graph\">{\"@context\":\"https:\/\/schema.org\",\"@graph\":[{\"@type\":\"WebPage\",\"@id\":\"https:\/\/spindeja.lt\/produktas\/oranzinio-kalcito-apyranke\/\",\"url\":\"https:\/\/spindeja.lt\/produktas\/oranzinio-kalcito-apyranke\/\",\"name\":\"Oran\u017einio kalcito apyrank\u0117 - Spind\u0117ja\",\"isPartOf\":{\"@id\":\"https:\/\/spindeja.lt\/#website\"},\"primaryImageOfPage\":{\"@id\":\"https:\/\/spindeja.lt\/produktas\/oranzinio-kalcito-apyranke\/#primaryimage\"},\"image\":{\"@id\":\"https:\/\/spindeja.lt\/produktas\/oranzinio-kalcito-apyranke\/#primaryimage\"},\"thumbnailUrl\":\"https:\/\/spindeja.lt\/wp-content\/uploads\/2026\/05\/Oranzinio_kalcito_apyranke.jpg\",\"datePublished\":\"2026-05-10T20:09:34+00:00\",\"description\":\"Oran\u017einio kalcito apyrank\u0117 - Spind\u0117ja Auk\u0161ta kokyb\u0117, 100 proc. nat\u016bralumas, pagaminta su meile, intencijomis ir d\u0117mesiu klientui.\",\"breadcrumb\":{\"@id\":\"https:\/\/spindeja.lt\/produktas\/oranzinio-kalcito-apyranke\/#breadcrumb\"},\"inLanguage\":\"en-GB\",\"potentialAction\":[{\"@type\":\"ReadAction\",\"target\":[\"https:\/\/spindeja.lt\/produktas\/oranzinio-kalcito-apyranke\/\"]}]},{\"@type\":\"ImageObject\",\"inLanguage\":\"en-GB\",\"@id\":\"https:\/\/spindeja.lt\/produktas\/oranzinio-kalcito-apyranke\/#primaryimage\",\"url\":\"https:\/\/spindeja.lt\/wp-content\/uploads\/2026\/05\/Oranzinio_kalcito_apyranke.jpg\",\"contentUrl\":\"https:\/\/spindeja.lt\/wp-content\/uploads\/2026\/05\/Oranzinio_kalcito_apyranke.jpg\",\"width\":1536,\"height\":2048,\"caption\":\"oran\u017einio kalcito apyrank\u0117\"},{\"@type\":\"BreadcrumbList\",\"@id\":\"https:\/\/spindeja.lt\/produktas\/oranzinio-kalcito-apyranke\/#breadcrumb\",\"itemListElement\":[{\"@type\":\"ListItem\",\"position\":1,\"name\":\"Prad\u017eia\",\"item\":\"https:\/\/spindeja.lt\/\"},{\"@type\":\"ListItem\",\"position\":2,\"name\":\"Parduotuv\u0117\",\"item\":\"https:\/\/spindeja.lt\/parduotuve\/\"},{\"@type\":\"ListItem\",\"position\":3,\"name\":\"Oran\u017einio kalcito apyrank\u0117\"}]},{\"@type\":\"WebSite\",\"@id\":\"https:\/\/spindeja.lt\/#website\",\"url\":\"https:\/\/spindeja.lt\/\",\"name\":\"Spind\u0117ja\",\"description\":\"Rank\u0173 darbo papuo\u0161alai Jums\",\"publisher\":{\"@id\":\"https:\/\/spindeja.lt\/#organization\"},\"potentialAction\":[{\"@type\":\"SearchAction\",\"target\":{\"@type\":\"EntryPoint\",\"urlTemplate\":\"https:\/\/spindeja.lt\/?s={search_term_string}\"},\"query-input\":{\"@type\":\"PropertyValueSpecification\",\"valueRequired\":true,\"valueName\":\"search_term_string\"}}],\"inLanguage\":\"en-GB\"},{\"@type\":\"Organization\",\"@id\":\"https:\/\/spindeja.lt\/#organization\",\"name\":\"Spind\u0117ja\",\"url\":\"https:\/\/spindeja.lt\/\",\"logo\":{\"@type\":\"ImageObject\",\"inLanguage\":\"en-GB\",\"@id\":\"https:\/\/spindeja.lt\/#\/schema\/logo\/image\/\",\"url\":\"https:\/\/spindeja.lt\/wp-content\/uploads\/2019\/12\/Layer-2.png\",\"contentUrl\":\"https:\/\/spindeja.lt\/wp-content\/uploads\/2019\/12\/Layer-2.png\",\"width\":915,\"height\":616,\"caption\":\"Spind\u0117ja\"},\"image\":{\"@id\":\"https:\/\/spindeja.lt\/#\/schema\/logo\/image\/\"},\"sameAs\":[\"https:\/\/www.facebook.com\/profile.php?id=100063674195191\",\"https:\/\/www.instagram.com\/spindeja\/\"]}]}<\/script>\n<!-- \/ Yoast SEO plugin. -->","yoast_head_json":{"title":"Oran\u017einio kalcito apyrank\u0117 - Spind\u0117ja","description":"Oran\u017einio kalcito apyrank\u0117 - Spind\u0117ja Auk\u0161ta kokyb\u0117, 100 proc. nat\u016bralumas, pagaminta su meile, intencijomis ir d\u0117mesiu klientui.","robots":{"index":"index","follow":"follow","max-snippet":"max-snippet:-1","max-image-preview":"max-image-preview:large","max-video-preview":"max-video-preview:-1"},"canonical":"https:\/\/spindeja.lt\/en\/product\/oranzinio-kalcito-apyranke\/","og_locale":"en_GB","og_type":"article","og_title":"Oran\u017einio kalcito apyrank\u0117 - Spind\u0117ja","og_description":"Oran\u017einio kalcito apyrank\u0117 - Spind\u0117ja Auk\u0161ta kokyb\u0117, 100 proc. nat\u016bralumas, pagaminta su meile, intencijomis ir d\u0117mesiu klientui.","og_url":"https:\/\/spindeja.lt\/en\/product\/oranzinio-kalcito-apyranke\/","og_site_name":"Spind\u0117ja","article_publisher":"https:\/\/www.facebook.com\/profile.php?id=100063674195191","og_image":[{"width":1536,"height":2048,"url":"https:\/\/spindeja.lt\/wp-content\/uploads\/2026\/05\/Oranzinio_kalcito_apyranke.jpg","type":"image\/jpeg"}],"twitter_card":"summary_large_image","twitter_misc":{"Estimated reading time":"2 minutes"},"schema":{"@context":"https:\/\/schema.org","@graph":[{"@type":"WebPage","@id":"https:\/\/spindeja.lt\/produktas\/oranzinio-kalcito-apyranke\/","url":"https:\/\/spindeja.lt\/produktas\/oranzinio-kalcito-apyranke\/","name":"Oran\u017einio kalcito apyrank\u0117 - Spind\u0117ja","isPartOf":{"@id":"https:\/\/spindeja.lt\/#website"},"primaryImageOfPage":{"@id":"https:\/\/spindeja.lt\/produktas\/oranzinio-kalcito-apyranke\/#primaryimage"},"image":{"@id":"https:\/\/spindeja.lt\/produktas\/oranzinio-kalcito-apyranke\/#primaryimage"},"thumbnailUrl":"https:\/\/spindeja.lt\/wp-content\/uploads\/2026\/05\/Oranzinio_kalcito_apyranke.jpg","datePublished":"2026-05-10T20:09:34+00:00","description":"Oran\u017einio kalcito apyrank\u0117 - Spind\u0117ja Auk\u0161ta kokyb\u0117, 100 proc. nat\u016bralumas, pagaminta su meile, intencijomis ir d\u0117mesiu klientui.","breadcrumb":{"@id":"https:\/\/spindeja.lt\/produktas\/oranzinio-kalcito-apyranke\/#breadcrumb"},"inLanguage":"en-GB","potentialAction":[{"@type":"ReadAction","target":["https:\/\/spindeja.lt\/produktas\/oranzinio-kalcito-apyranke\/"]}]},{"@type":"ImageObject","inLanguage":"en-GB","@id":"https:\/\/spindeja.lt\/produktas\/oranzinio-kalcito-apyranke\/#primaryimage","url":"https:\/\/spindeja.lt\/wp-content\/uploads\/2026\/05\/Oranzinio_kalcito_apyranke.jpg","contentUrl":"https:\/\/spindeja.lt\/wp-content\/uploads\/2026\/05\/Oranzinio_kalcito_apyranke.jpg","width":1536,"height":2048,"caption":"oran\u017einio kalcito apyrank\u0117"},{"@type":"BreadcrumbList","@id":"https:\/\/spindeja.lt\/produktas\/oranzinio-kalcito-apyranke\/#breadcrumb","itemListElement":[{"@type":"ListItem","position":1,"name":"Prad\u017eia","item":"https:\/\/spindeja.lt\/"},{"@type":"ListItem","position":2,"name":"Parduotuv\u0117","item":"https:\/\/spindeja.lt\/parduotuve\/"},{"@type":"ListItem","position":3,"name":"Oran\u017einio kalcito apyrank\u0117"}]},{"@type":"WebSite","@id":"https:\/\/spindeja.lt\/#website","url":"https:\/\/spindeja.lt\/","name":"Spind\u0117ja","description":"Rank\u0173 darbo papuo\u0161alai Jums","publisher":{"@id":"https:\/\/spindeja.lt\/#organization"},"potentialAction":[{"@type":"SearchAction","target":{"@type":"EntryPoint","urlTemplate":"https:\/\/spindeja.lt\/?s={search_term_string}"},"query-input":{"@type":"PropertyValueSpecification","valueRequired":true,"valueName":"search_term_string"}}],"inLanguage":"en-GB"},{"@type":"Organization","@id":"https:\/\/spindeja.lt\/#organization","name":"Spind\u0117ja","url":"https:\/\/spindeja.lt\/","logo":{"@type":"ImageObject","inLanguage":"en-GB","@id":"https:\/\/spindeja.lt\/#\/schema\/logo\/image\/","url":"https:\/\/spindeja.lt\/wp-content\/uploads\/2019\/12\/Layer-2.png","contentUrl":"https:\/\/spindeja.lt\/wp-content\/uploads\/2019\/12\/Layer-2.png","width":915,"height":616,"caption":"Spind\u0117ja"},"image":{"@id":"https:\/\/spindeja.lt\/#\/schema\/logo\/image\/"},"sameAs":["https:\/\/www.facebook.com\/profile.php?id=100063674195191","https:\/\/www.instagram.com\/spindeja\/"]}]}},"uagb_featured_image_src":{"full":["https:\/\/spindeja.lt\/wp-content\/uploads\/2026\/05\/Oranzinio_kalcito_apyranke.jpg",1536,2048,false],"thumbnail":["https:\/\/spindeja.lt\/wp-content\/uploads\/2026\/05\/Oranzinio_kalcito_apyranke-150x150.jpg",150,150,true],"medium":["https:\/\/spindeja.lt\/wp-content\/uploads\/2026\/05\/Oranzinio_kalcito_apyranke-225x300.jpg",225,300,true],"medium_large":["https:\/\/spindeja.lt\/wp-content\/uploads\/2026\/05\/Oranzinio_kalcito_apyranke-768x1024.jpg",768,1024,true],"large":["https:\/\/spindeja.lt\/wp-content\/uploads\/2026\/05\/Oranzinio_kalcito_apyranke-768x1024.jpg",768,1024,true],"1536x1536":["https:\/\/spindeja.lt\/wp-content\/uploads\/2026\/05\/Oranzinio_kalcito_apyranke-1152x1536.jpg",1152,1536,true],"2048x2048":["https:\/\/spindeja.lt\/wp-content\/uploads\/2026\/05\/Oranzinio_kalcito_apyranke.jpg",1536,2048,false],"trp-custom-language-flag":["https:\/\/spindeja.lt\/wp-content\/uploads\/2026\/05\/Oranzinio_kalcito_apyranke-9x12.jpg",9,12,true],"woocommerce_thumbnail":["https:\/\/spindeja.lt\/wp-content\/uploads\/2026\/05\/Oranzinio_kalcito_apyranke-540x540.jpg",540,540,true],"woocommerce_single":["https:\/\/spindeja.lt\/wp-content\/uploads\/2026\/05\/Oranzinio_kalcito_apyranke-540x720.jpg",540,720,true],"woocommerce_gallery_thumbnail":["https:\/\/spindeja.lt\/wp-content\/uploads\/2026\/05\/Oranzinio_kalcito_apyranke-100x100.jpg",100,100,true]},"uagb_author_info":{"display_name":"spindeja","author_link":"https:\/\/spindeja.lt\/en\/author\/"},"uagb_comment_info":0,"uagb_excerpt":"Apyrank\u0117 i\u0161 nat\u016bralaus oran\u017einio kalcito karoliuk\u0173, skatinanti k\u016brybi\u0161kum\u0105, pozityvum\u0105 ir emocin\u012f lengvum\u0105.Oran\u017einis kalcitas padeda paleisti s\u0105sting\u012f, stiprina motyvacij\u0105 ir pripildo \u0161iltos, d\u017eiaugsmingos energijos. Puikiai tinka tiems, kurie nori daugiau \u012fkv\u0117pimo, gyvybingumo ir gyvenimo d\u017eiaugsmo.","_links":{"self":[{"href":"https:\/\/spindeja.lt\/en\/wp-json\/wp\/v2\/product\/21014","targetHints":{"allow":["GET"]}}],"collection":[{"href":"https:\/\/spindeja.lt\/en\/wp-json\/wp\/v2\/product"}],"about":[{"href":"https:\/\/spindeja.lt\/en\/wp-json\/wp\/v2\/types\/product"}],"replies":[{"embeddable":true,"href":"https:\/\/spindeja.lt\/en\/wp-json\/wp\/v2\/comments?post=21014"}],"wp:featuredmedia":[{"embeddable":true,"href":"https:\/\/spindeja.lt\/en\/wp-json\/wp\/v2\/media\/21028"}],"wp:attachment":[{"href":"https:\/\/spindeja.lt\/en\/wp-json\/wp\/v2\/media?parent=21014"}],"wp:term":[{"taxonomy":"product_brand","embeddable":true,"href":"https:\/\/spindeja.lt\/en\/wp-json\/wp\/v2\/product_brand?post=21014"},{"taxonomy":"product_cat","embeddable":true,"href":"https:\/\/spindeja.lt\/en\/wp-json\/wp\/v2\/product_cat?post=21014"},{"taxonomy":"product_tag","embeddable":true,"href":"https:\/\/spindeja.lt\/en\/wp-json\/wp\/v2\/product_tag?post=21014"}],"curies":[{"name":"wp","href":"https:\/\/api.w.org\/{rel}","templated":true}]}}