{"id":20991,"date":"2026-05-07T23:50:10","date_gmt":"2026-05-07T21:50:10","guid":{"rendered":"https:\/\/spindeja.lt\/?post_type=product&#038;p=20991"},"modified":"2026-05-07T23:53:30","modified_gmt":"2026-05-07T21:53:30","slug":"geltonojo-kalcito-apyranke","status":"publish","type":"product","link":"https:\/\/spindeja.lt\/en\/product\/geltonojo-kalcito-apyranke\/","title":{"rendered":"Geltonojo kalcito apyrank\u0117"},"content":{"rendered":"<p>Geltonojo kalcito apyrank\u0117 su ner\u016bdijan\u010dio plieno \u201eSpind\u0117jos\u201c logotipo intarpu.<br \/>\nKaroliuk\u0173 skersmuo \u2013 8 mm.<br \/>\nTurima vietoje i\u0161siun\u010diama per 1\u20132 d. d.<br \/>\nIndividualiems u\u017esakymams \u2013 5\u20139 d. d. gamyba. Apyrank\u0117s da\u017eniausiai gaminamos individualiai, retai turimos vietoje. Esant skubiam u\u017esakymui, para\u0161ykite susisiekite u\u017epild\u0119 <a href=\"https:\/\/spindeja.lt\/en\/kontaktai\/\">\u0161i\u0105 form\u0105<\/a> arba per soc. tinklus.<\/p>\n<p><strong>Atkreipkite d\u0117mes\u012f \u012f dyd\u017ei\u0173 ir logotipo intarpo spalvos pasirinkimo variantus.<\/strong><br \/>\nGalima rinktis logotipo intarp\u0105 aukso spalvos ir plieno spalvos.<br \/>\nApyrank\u0117s dyd\u017eiai nurodyti pagal rie\u0161o apimt\u012f. Rie\u0161\u0105 reikia matuoti be laisvumo ties lankstom\u0105ja dalimi. Kilus klausim\u0173 d\u0117l dyd\u017eio pasirinkimo, pra\u0161ome susisiekti el. pa\u0161tu: spindeja8@gmail.com.<\/p>\n<p>Geltonojo kalcito apyrank\u0117 pristatoma \u201eSpind\u0117ja\u201c dovan\u0173 d\u0117\u017eut\u0117je.<\/p>\n<p><em>&#8211; Spind\u0117jos papuo\u0161al\u0173 gamyba \u2013 tai k\u016brybinis ritualas su pozityviomis afirmacijomis ir intuityviu energetiniu pakrovimu. <strong>Kartu su papuo\u0161alu J\u016bs gausite asmeni\u0161kai Jums i\u0161traukt\u0105 orakulo kort\u0105.<\/strong><\/em><\/p>\n<p data-start=\"0\" data-end=\"68\"><strong data-start=\"0\" data-end=\"68\">Geltonasis kalcitas &#8211; saul\u0117s energijos ir vidinio lengvumo akmuo.<\/strong><\/p>\n<p data-start=\"0\" data-end=\"68\">Geltonasis kalcitas spinduliuoja \u0161ilta, \u0161viesia energija, siejama su d\u017eiaugsmu, pasitik\u0117jimu savimi ir vidine motyvacija. Jo saul\u0117ta spalva padeda pakelti nuotaik\u0105, i\u0161sklaidyti sunkias mintis ir sugr\u0105\u017einti gyvenimo lengvumo poj\u016bt\u012f.<\/p>\n<p data-start=\"0\" data-end=\"68\">\u0160is kristalas skatina pozityvum\u0105, k\u016brybi\u0161kum\u0105 ir emocin\u012f balans\u0105. Jis padeda paleisti s\u0105sting\u012f, stiprina ry\u017et\u0105 veikti ir palaiko vidin\u012f augim\u0105.<\/p>\n<p data-start=\"0\" data-end=\"68\">Energeti\u0161kai geltonasis kalcitas veikia saul\u0117s rezginio \u010dakr\u0105, stiprina asmenin\u0119 gali\u0105, savivert\u0119 ir pasitik\u0117jim\u0105 savo sprendimais.<\/p>\n<p data-start=\"0\" data-end=\"68\">Emoci\u0161kai &#8211; ramina emocin\u0119 \u012ftamp\u0105, suteikia daugiau optimizmo.<br data-start=\"659\" data-end=\"662\" \/>Energeti\u0161kai &#8211; valo sustingusi\u0105 energij\u0105 ir aktyvina gyvybingum\u0105.<br data-start=\"731\" data-end=\"734\" \/>Simboli\u0161kai &#8211; saul\u0117s \u0161viesos, vidin\u0117s stipryb\u0117s ir d\u017eiaugsmo akmuo.<\/p>\n<p data-start=\"807\" data-end=\"926\" data-is-last-node=\"\" data-is-only-node=\"\">Geltonasis kalcitas ypa\u010d tinka tiems, kurie nori daugiau \u0161viesos, motyvacijos ir pozityvios energijos kasdienyb\u0117je.<\/p>","protected":false},"excerpt":{"rendered":"<section class=\"text-token-text-primary w-full focus:outline-none [--shadow-height:45px] has-data-writing-block:pointer-events-none has-data-writing-block:-mt-(--shadow-height) has-data-writing-block:pt-(--shadow-height) [&amp;:has([data-writing-block])&gt;*]:pointer-events-auto [content-visibility:auto] supports-[content-visibility:auto]:[contain-intrinsic-size:auto_100lvh] R6Vx5W_threadScrollVars scroll-mb-[calc(var(--scroll-root-safe-area-inset-bottom,0px)+var(--thread-response-height))] scroll-mt-[calc(var(--header-height)+min(200px,max(70px,20svh)))]\" dir=\"auto\" data-turn-id=\"request-685166aa-3b24-8013-bc89-3c8eba184649-1\" data-testid=\"conversation-turn-32\" data-scroll-anchor=\"false\" data-turn=\"assistant\">\n<div class=\"text-base my-auto mx-auto pb-10 [--thread-content-margin:var(--thread-content-margin-xs,calc(var(--spacing)*4))] @w-sm\/main:[--thread-content-margin:var(--thread-content-margin-sm,calc(var(--spacing)*6))] @w-lg\/main:[--thread-content-margin:var(--thread-content-margin-lg,calc(var(--spacing)*16))] px-(--thread-content-margin)\">\n<div class=\"[--thread-content-max-width:40rem] @w-lg\/main:[--thread-content-max-width:48rem] mx-auto max-w-(--thread-content-max-width) flex-1 group\/turn-messages focus-visible:outline-hidden relative flex w-full min-w-0 flex-col agent-turn\">\n<div class=\"flex max-w-full flex-col gap-4 grow\">\n<div class=\"min-h-8 text-message relative flex w-full flex-col items-end gap-2 text-start break-words whitespace-normal outline-none keyboard-focused:focus-ring [.text-message+&amp;]:mt-1\" dir=\"auto\" tabindex=\"0\" data-message-author-role=\"assistant\" data-message-id=\"d15e5920-2192-4259-945f-4f039a5215c1\" data-message-model-slug=\"gpt-5-5\" data-turn-start-message=\"true\">\n<div class=\"flex w-full flex-col gap-1 empty:hidden\">\n<div class=\"markdown prose dark:prose-invert wrap-break-word w-full light markdown-new-styling\">\n<p data-start=\"0\" data-end=\"70\"><strong data-start=\"0\" data-end=\"70\">Geltonojo kalcito apyrank\u0117 \u2013 \u0161viesos ir vidin\u0117s energijos simbolis<\/strong><\/p>\n<p data-start=\"72\" data-end=\"308\">Apyrank\u0117 i\u0161 nat\u016bralaus geltonojo kalcito karoliuk\u0173, skatinanti pozityvum\u0105, pasitik\u0117jim\u0105 savimi ir emocin\u012f lengvum\u0105.<br data-start=\"191\" data-end=\"194\" \/>Geltonasis kalcitas padeda i\u0161sklaidyti sunkias mintis, stiprina motyvacij\u0105 ir pripildo \u0161iltos, saul\u0117tos energijos.<\/p>\n<p data-start=\"310\" data-end=\"400\" data-is-last-node=\"\" data-is-only-node=\"\">Puikiai tinka tiems, kurie siekia daugiau d\u017eiaugsmo, vidin\u0117s stipryb\u0117s ir gyvybingumo.<\/p>\n<\/div>\n<\/div>\n<\/div>\n<\/div>\n<div class=\"z-0 flex min-h-[46px] justify-start\"><\/div>\n<div class=\"mt-3 w-full empty:hidden\">\n<div class=\"text-center\"><\/div>\n<\/div>\n<\/div>\n<\/div>\n<\/section>\n<div class=\"pointer-events-none -mt-px h-px translate-y-[calc(var(--scroll-root-safe-area-inset-bottom)-14*var(--spacing))]\" aria-hidden=\"true\"><\/div>","protected":false},"featured_media":21010,"comment_status":"closed","ping_status":"closed","template":"","meta":{"_uag_custom_page_level_css":"","site-sidebar-layout":"default","site-content-layout":"","ast-site-content-layout":"default","site-content-style":"default","site-sidebar-style":"default","ast-global-header-display":"","ast-banner-title-visibility":"","ast-main-header-display":"","ast-hfb-above-header-display":"","ast-hfb-below-header-display":"","ast-hfb-mobile-header-display":"","site-post-title":"","ast-breadcrumbs-content":"","ast-featured-img":"","footer-sml-layout":"","ast-disable-related-posts":"","theme-transparent-header-meta":"default","adv-header-id-meta":"","stick-header-meta":"default","header-above-stick-meta":"","header-main-stick-meta":"","header-below-stick-meta":"","astra-migrate-meta-layouts":"set","ast-page-background-enabled":"default","ast-page-background-meta":{"desktop":{"background-color":"","background-image":"","background-repeat":"repeat","background-position":"center center","background-size":"auto","background-attachment":"scroll","background-type":"","background-media":"","overlay-type":"","overlay-color":"","overlay-opacity":"","overlay-gradient":""},"tablet":{"background-color":"","background-image":"","background-repeat":"repeat","background-position":"center center","background-size":"auto","background-attachment":"scroll","background-type":"","background-media":"","overlay-type":"","overlay-color":"","overlay-opacity":"","overlay-gradient":""},"mobile":{"background-color":"","background-image":"","background-repeat":"repeat","background-position":"center center","background-size":"auto","background-attachment":"scroll","background-type":"","background-media":"","overlay-type":"","overlay-color":"","overlay-opacity":"","overlay-gradient":""}},"ast-content-background-meta":{"desktop":{"background-color":"var(--ast-global-color-5)","background-image":"","background-repeat":"repeat","background-position":"center center","background-size":"auto","background-attachment":"scroll","background-type":"","background-media":"","overlay-type":"","overlay-color":"","overlay-opacity":"","overlay-gradient":""},"tablet":{"background-color":"var(--ast-global-color-5)","background-image":"","background-repeat":"repeat","background-position":"center center","background-size":"auto","background-attachment":"scroll","background-type":"","background-media":"","overlay-type":"","overlay-color":"","overlay-opacity":"","overlay-gradient":""},"mobile":{"background-color":"var(--ast-global-color-5)","background-image":"","background-repeat":"repeat","background-position":"center center","background-size":"auto","background-attachment":"scroll","background-type":"","background-media":"","overlay-type":"","overlay-color":"","overlay-opacity":"","overlay-gradient":""}}},"product_brand":[],"product_cat":[53],"product_tag":[130],"class_list":{"0":"post-20991","1":"product","2":"type-product","3":"status-publish","4":"has-post-thumbnail","6":"product_cat-apyrankes","7":"product_tag-kalcitas","8":"desktop-align-left","9":"tablet-align-left","10":"mobile-align-left","11":"ast-product-gallery-layout-horizontal-slider","12":"ast-product-single-variable","13":"ast-product-tabs-layout-horizontal","15":"first","16":"instock","17":"shipping-taxable","18":"purchasable","19":"product-type-variable"},"yoast_head":"<!-- This site is optimized with the Yoast SEO plugin v26.9 - https:\/\/yoast.com\/product\/yoast-seo-wordpress\/ -->\n<title>Geltonojo kalcito apyrank\u0117 - Spind\u0117ja<\/title>\n<meta name=\"description\" content=\"Geltonojo kalcito apyrank\u0117 - Spind\u0117ja Auk\u0161ta kokyb\u0117, 100 proc. nat\u016bralumas, pagaminta su meile, intencijomis ir d\u0117mesiu klientui.\" \/>\n<meta name=\"robots\" content=\"index, follow, max-snippet:-1, max-image-preview:large, max-video-preview:-1\" \/>\n<link rel=\"canonical\" href=\"https:\/\/spindeja.lt\/en\/product\/geltonojo-kalcito-apyranke\/\" \/>\n<meta property=\"og:locale\" content=\"en_GB\" \/>\n<meta property=\"og:type\" content=\"article\" \/>\n<meta property=\"og:title\" content=\"Geltonojo kalcito apyrank\u0117 - Spind\u0117ja\" \/>\n<meta property=\"og:description\" content=\"Geltonojo kalcito apyrank\u0117 - Spind\u0117ja Auk\u0161ta kokyb\u0117, 100 proc. nat\u016bralumas, pagaminta su meile, intencijomis ir d\u0117mesiu klientui.\" \/>\n<meta property=\"og:url\" content=\"https:\/\/spindeja.lt\/en\/product\/geltonojo-kalcito-apyranke\/\" \/>\n<meta property=\"og:site_name\" content=\"Spind\u0117ja\" \/>\n<meta property=\"article:publisher\" content=\"https:\/\/www.facebook.com\/profile.php?id=100063674195191\" \/>\n<meta property=\"article:modified_time\" content=\"2026-05-07T21:53:30+00:00\" \/>\n<meta property=\"og:image\" content=\"https:\/\/spindeja.lt\/wp-content\/uploads\/2026\/05\/Geltono_kalcito_apyranke1.jpg\" \/>\n\t<meta property=\"og:image:width\" content=\"1536\" \/>\n\t<meta property=\"og:image:height\" content=\"2048\" \/>\n\t<meta property=\"og:image:type\" content=\"image\/jpeg\" \/>\n<meta name=\"twitter:card\" content=\"summary_large_image\" \/>\n<meta name=\"twitter:label1\" content=\"Estimated reading time\" \/>\n\t<meta name=\"twitter:data1\" content=\"2 minutes\" \/>\n<script type=\"application\/ld+json\" class=\"yoast-schema-graph\">{\"@context\":\"https:\/\/schema.org\",\"@graph\":[{\"@type\":\"WebPage\",\"@id\":\"https:\/\/spindeja.lt\/produktas\/geltonojo-kalcito-apyranke\/\",\"url\":\"https:\/\/spindeja.lt\/produktas\/geltonojo-kalcito-apyranke\/\",\"name\":\"Geltonojo kalcito apyrank\u0117 - Spind\u0117ja\",\"isPartOf\":{\"@id\":\"https:\/\/spindeja.lt\/#website\"},\"primaryImageOfPage\":{\"@id\":\"https:\/\/spindeja.lt\/produktas\/geltonojo-kalcito-apyranke\/#primaryimage\"},\"image\":{\"@id\":\"https:\/\/spindeja.lt\/produktas\/geltonojo-kalcito-apyranke\/#primaryimage\"},\"thumbnailUrl\":\"https:\/\/spindeja.lt\/wp-content\/uploads\/2026\/05\/Geltono_kalcito_apyranke1.jpg\",\"datePublished\":\"2026-05-07T21:50:10+00:00\",\"dateModified\":\"2026-05-07T21:53:30+00:00\",\"description\":\"Geltonojo kalcito apyrank\u0117 - Spind\u0117ja Auk\u0161ta kokyb\u0117, 100 proc. nat\u016bralumas, pagaminta su meile, intencijomis ir d\u0117mesiu klientui.\",\"breadcrumb\":{\"@id\":\"https:\/\/spindeja.lt\/produktas\/geltonojo-kalcito-apyranke\/#breadcrumb\"},\"inLanguage\":\"en-GB\",\"potentialAction\":[{\"@type\":\"ReadAction\",\"target\":[\"https:\/\/spindeja.lt\/produktas\/geltonojo-kalcito-apyranke\/\"]}]},{\"@type\":\"ImageObject\",\"inLanguage\":\"en-GB\",\"@id\":\"https:\/\/spindeja.lt\/produktas\/geltonojo-kalcito-apyranke\/#primaryimage\",\"url\":\"https:\/\/spindeja.lt\/wp-content\/uploads\/2026\/05\/Geltono_kalcito_apyranke1.jpg\",\"contentUrl\":\"https:\/\/spindeja.lt\/wp-content\/uploads\/2026\/05\/Geltono_kalcito_apyranke1.jpg\",\"width\":1536,\"height\":2048,\"caption\":\"Geltojojo kalcito apyrank\u0117\"},{\"@type\":\"BreadcrumbList\",\"@id\":\"https:\/\/spindeja.lt\/produktas\/geltonojo-kalcito-apyranke\/#breadcrumb\",\"itemListElement\":[{\"@type\":\"ListItem\",\"position\":1,\"name\":\"Prad\u017eia\",\"item\":\"https:\/\/spindeja.lt\/\"},{\"@type\":\"ListItem\",\"position\":2,\"name\":\"Parduotuv\u0117\",\"item\":\"https:\/\/spindeja.lt\/parduotuve\/\"},{\"@type\":\"ListItem\",\"position\":3,\"name\":\"Geltonojo kalcito apyrank\u0117\"}]},{\"@type\":\"WebSite\",\"@id\":\"https:\/\/spindeja.lt\/#website\",\"url\":\"https:\/\/spindeja.lt\/\",\"name\":\"Spind\u0117ja\",\"description\":\"Rank\u0173 darbo papuo\u0161alai Jums\",\"publisher\":{\"@id\":\"https:\/\/spindeja.lt\/#organization\"},\"potentialAction\":[{\"@type\":\"SearchAction\",\"target\":{\"@type\":\"EntryPoint\",\"urlTemplate\":\"https:\/\/spindeja.lt\/?s={search_term_string}\"},\"query-input\":{\"@type\":\"PropertyValueSpecification\",\"valueRequired\":true,\"valueName\":\"search_term_string\"}}],\"inLanguage\":\"en-GB\"},{\"@type\":\"Organization\",\"@id\":\"https:\/\/spindeja.lt\/#organization\",\"name\":\"Spind\u0117ja\",\"url\":\"https:\/\/spindeja.lt\/\",\"logo\":{\"@type\":\"ImageObject\",\"inLanguage\":\"en-GB\",\"@id\":\"https:\/\/spindeja.lt\/#\/schema\/logo\/image\/\",\"url\":\"https:\/\/spindeja.lt\/wp-content\/uploads\/2019\/12\/Layer-2.png\",\"contentUrl\":\"https:\/\/spindeja.lt\/wp-content\/uploads\/2019\/12\/Layer-2.png\",\"width\":915,\"height\":616,\"caption\":\"Spind\u0117ja\"},\"image\":{\"@id\":\"https:\/\/spindeja.lt\/#\/schema\/logo\/image\/\"},\"sameAs\":[\"https:\/\/www.facebook.com\/profile.php?id=100063674195191\",\"https:\/\/www.instagram.com\/spindeja\/\"]}]}<\/script>\n<!-- \/ Yoast SEO plugin. -->","yoast_head_json":{"title":"Geltonojo kalcito apyrank\u0117 - Spind\u0117ja","description":"Geltonojo kalcito apyrank\u0117 - Spind\u0117ja Auk\u0161ta kokyb\u0117, 100 proc. nat\u016bralumas, pagaminta su meile, intencijomis ir d\u0117mesiu klientui.","robots":{"index":"index","follow":"follow","max-snippet":"max-snippet:-1","max-image-preview":"max-image-preview:large","max-video-preview":"max-video-preview:-1"},"canonical":"https:\/\/spindeja.lt\/en\/product\/geltonojo-kalcito-apyranke\/","og_locale":"en_GB","og_type":"article","og_title":"Geltonojo kalcito apyrank\u0117 - Spind\u0117ja","og_description":"Geltonojo kalcito apyrank\u0117 - Spind\u0117ja Auk\u0161ta kokyb\u0117, 100 proc. nat\u016bralumas, pagaminta su meile, intencijomis ir d\u0117mesiu klientui.","og_url":"https:\/\/spindeja.lt\/en\/product\/geltonojo-kalcito-apyranke\/","og_site_name":"Spind\u0117ja","article_publisher":"https:\/\/www.facebook.com\/profile.php?id=100063674195191","article_modified_time":"2026-05-07T21:53:30+00:00","og_image":[{"width":1536,"height":2048,"url":"https:\/\/spindeja.lt\/wp-content\/uploads\/2026\/05\/Geltono_kalcito_apyranke1.jpg","type":"image\/jpeg"}],"twitter_card":"summary_large_image","twitter_misc":{"Estimated reading time":"2 minutes"},"schema":{"@context":"https:\/\/schema.org","@graph":[{"@type":"WebPage","@id":"https:\/\/spindeja.lt\/produktas\/geltonojo-kalcito-apyranke\/","url":"https:\/\/spindeja.lt\/produktas\/geltonojo-kalcito-apyranke\/","name":"Geltonojo kalcito apyrank\u0117 - Spind\u0117ja","isPartOf":{"@id":"https:\/\/spindeja.lt\/#website"},"primaryImageOfPage":{"@id":"https:\/\/spindeja.lt\/produktas\/geltonojo-kalcito-apyranke\/#primaryimage"},"image":{"@id":"https:\/\/spindeja.lt\/produktas\/geltonojo-kalcito-apyranke\/#primaryimage"},"thumbnailUrl":"https:\/\/spindeja.lt\/wp-content\/uploads\/2026\/05\/Geltono_kalcito_apyranke1.jpg","datePublished":"2026-05-07T21:50:10+00:00","dateModified":"2026-05-07T21:53:30+00:00","description":"Geltonojo kalcito apyrank\u0117 - Spind\u0117ja Auk\u0161ta kokyb\u0117, 100 proc. nat\u016bralumas, pagaminta su meile, intencijomis ir d\u0117mesiu klientui.","breadcrumb":{"@id":"https:\/\/spindeja.lt\/produktas\/geltonojo-kalcito-apyranke\/#breadcrumb"},"inLanguage":"en-GB","potentialAction":[{"@type":"ReadAction","target":["https:\/\/spindeja.lt\/produktas\/geltonojo-kalcito-apyranke\/"]}]},{"@type":"ImageObject","inLanguage":"en-GB","@id":"https:\/\/spindeja.lt\/produktas\/geltonojo-kalcito-apyranke\/#primaryimage","url":"https:\/\/spindeja.lt\/wp-content\/uploads\/2026\/05\/Geltono_kalcito_apyranke1.jpg","contentUrl":"https:\/\/spindeja.lt\/wp-content\/uploads\/2026\/05\/Geltono_kalcito_apyranke1.jpg","width":1536,"height":2048,"caption":"Geltojojo kalcito apyrank\u0117"},{"@type":"BreadcrumbList","@id":"https:\/\/spindeja.lt\/produktas\/geltonojo-kalcito-apyranke\/#breadcrumb","itemListElement":[{"@type":"ListItem","position":1,"name":"Prad\u017eia","item":"https:\/\/spindeja.lt\/"},{"@type":"ListItem","position":2,"name":"Parduotuv\u0117","item":"https:\/\/spindeja.lt\/parduotuve\/"},{"@type":"ListItem","position":3,"name":"Geltonojo kalcito apyrank\u0117"}]},{"@type":"WebSite","@id":"https:\/\/spindeja.lt\/#website","url":"https:\/\/spindeja.lt\/","name":"Spind\u0117ja","description":"Rank\u0173 darbo papuo\u0161alai Jums","publisher":{"@id":"https:\/\/spindeja.lt\/#organization"},"potentialAction":[{"@type":"SearchAction","target":{"@type":"EntryPoint","urlTemplate":"https:\/\/spindeja.lt\/?s={search_term_string}"},"query-input":{"@type":"PropertyValueSpecification","valueRequired":true,"valueName":"search_term_string"}}],"inLanguage":"en-GB"},{"@type":"Organization","@id":"https:\/\/spindeja.lt\/#organization","name":"Spind\u0117ja","url":"https:\/\/spindeja.lt\/","logo":{"@type":"ImageObject","inLanguage":"en-GB","@id":"https:\/\/spindeja.lt\/#\/schema\/logo\/image\/","url":"https:\/\/spindeja.lt\/wp-content\/uploads\/2019\/12\/Layer-2.png","contentUrl":"https:\/\/spindeja.lt\/wp-content\/uploads\/2019\/12\/Layer-2.png","width":915,"height":616,"caption":"Spind\u0117ja"},"image":{"@id":"https:\/\/spindeja.lt\/#\/schema\/logo\/image\/"},"sameAs":["https:\/\/www.facebook.com\/profile.php?id=100063674195191","https:\/\/www.instagram.com\/spindeja\/"]}]}},"uagb_featured_image_src":{"full":["https:\/\/spindeja.lt\/wp-content\/uploads\/2026\/05\/Geltono_kalcito_apyranke1.jpg",1536,2048,false],"thumbnail":["https:\/\/spindeja.lt\/wp-content\/uploads\/2026\/05\/Geltono_kalcito_apyranke1-150x150.jpg",150,150,true],"medium":["https:\/\/spindeja.lt\/wp-content\/uploads\/2026\/05\/Geltono_kalcito_apyranke1-225x300.jpg",225,300,true],"medium_large":["https:\/\/spindeja.lt\/wp-content\/uploads\/2026\/05\/Geltono_kalcito_apyranke1-768x1024.jpg",768,1024,true],"large":["https:\/\/spindeja.lt\/wp-content\/uploads\/2026\/05\/Geltono_kalcito_apyranke1-768x1024.jpg",768,1024,true],"1536x1536":["https:\/\/spindeja.lt\/wp-content\/uploads\/2026\/05\/Geltono_kalcito_apyranke1-1152x1536.jpg",1152,1536,true],"2048x2048":["https:\/\/spindeja.lt\/wp-content\/uploads\/2026\/05\/Geltono_kalcito_apyranke1.jpg",1536,2048,false],"trp-custom-language-flag":["https:\/\/spindeja.lt\/wp-content\/uploads\/2026\/05\/Geltono_kalcito_apyranke1-9x12.jpg",9,12,true],"woocommerce_thumbnail":["https:\/\/spindeja.lt\/wp-content\/uploads\/2026\/05\/Geltono_kalcito_apyranke1-540x540.jpg",540,540,true],"woocommerce_single":["https:\/\/spindeja.lt\/wp-content\/uploads\/2026\/05\/Geltono_kalcito_apyranke1-540x720.jpg",540,720,true],"woocommerce_gallery_thumbnail":["https:\/\/spindeja.lt\/wp-content\/uploads\/2026\/05\/Geltono_kalcito_apyranke1-100x100.jpg",100,100,true]},"uagb_author_info":{"display_name":"spindeja","author_link":"https:\/\/spindeja.lt\/en\/author\/"},"uagb_comment_info":0,"uagb_excerpt":"Geltonojo kalcito apyrank\u0117 \u2013 \u0161viesos ir vidin\u0117s energijos simbolis Apyrank\u0117 i\u0161 nat\u016bralaus geltonojo kalcito karoliuk\u0173, skatinanti pozityvum\u0105, pasitik\u0117jim\u0105 savimi ir emocin\u012f lengvum\u0105.Geltonasis kalcitas padeda i\u0161sklaidyti sunkias mintis, stiprina motyvacij\u0105 ir pripildo \u0161iltos, saul\u0117tos energijos. Puikiai tinka tiems, kurie siekia daugiau d\u017eiaugsmo, vidin\u0117s stipryb\u0117s ir gyvybingumo.","_links":{"self":[{"href":"https:\/\/spindeja.lt\/en\/wp-json\/wp\/v2\/product\/20991","targetHints":{"allow":["GET"]}}],"collection":[{"href":"https:\/\/spindeja.lt\/en\/wp-json\/wp\/v2\/product"}],"about":[{"href":"https:\/\/spindeja.lt\/en\/wp-json\/wp\/v2\/types\/product"}],"replies":[{"embeddable":true,"href":"https:\/\/spindeja.lt\/en\/wp-json\/wp\/v2\/comments?post=20991"}],"wp:featuredmedia":[{"embeddable":true,"href":"https:\/\/spindeja.lt\/en\/wp-json\/wp\/v2\/media\/21010"}],"wp:attachment":[{"href":"https:\/\/spindeja.lt\/en\/wp-json\/wp\/v2\/media?parent=20991"}],"wp:term":[{"taxonomy":"product_brand","embeddable":true,"href":"https:\/\/spindeja.lt\/en\/wp-json\/wp\/v2\/product_brand?post=20991"},{"taxonomy":"product_cat","embeddable":true,"href":"https:\/\/spindeja.lt\/en\/wp-json\/wp\/v2\/product_cat?post=20991"},{"taxonomy":"product_tag","embeddable":true,"href":"https:\/\/spindeja.lt\/en\/wp-json\/wp\/v2\/product_tag?post=20991"}],"curies":[{"name":"wp","href":"https:\/\/api.w.org\/{rel}","templated":true}]}}