{"id":20928,"date":"2026-02-10T18:44:00","date_gmt":"2026-02-10T16:44:00","guid":{"rendered":"https:\/\/spindeja.lt\/?post_type=product&#038;p=20928"},"modified":"2026-02-10T18:44:00","modified_gmt":"2026-02-10T16:44:00","slug":"auksinio-obsidiano-apyranke","status":"publish","type":"product","link":"https:\/\/spindeja.lt\/en\/product\/auksinio-obsidiano-apyranke\/","title":{"rendered":"Auksinio obsidiano apyrank\u0117"},"content":{"rendered":"<p>Auksinio obsidiano apyrank\u0117 su ner\u016bdijan\u010dio plieno \u201eSpind\u0117jos\u201c logotipo intarpu.<br \/>\nKaroliuk\u0173 skersmuo \u2013 8 mm.<br \/>\nTurima vietoje i\u0161siun\u010diama per 1\u20132 d. d.<br \/>\nIndividualiems u\u017esakymams \u2013 5\u20139 d. d. gamyba. Apyrank\u0117s da\u017eniausiai gaminamos individualiai, retai turimos vietoje. Esant skubiam u\u017esakymui, para\u0161ykite susisiekite u\u017epild\u0119 <a href=\"https:\/\/spindeja.lt\/en\/kontaktai\/\">\u0161i\u0105 form\u0105<\/a> arba per soc. tinklus.<\/p>\n<p><strong>Atkreipkite d\u0117mes\u012f \u012f dyd\u017ei\u0173 ir logotipo intarpo spalvos pasirinkimo variantus.<\/strong><br \/>\nGalima rinktis logotipo intarp\u0105 aukso spalvos ir plieno spalvos.<br \/>\nApyrank\u0117s dyd\u017eiai nurodyti pagal rie\u0161o apimt\u012f. Rie\u0161\u0105 reikia matuoti be laisvumo ties lankstom\u0105ja dalimi. Kilus klausim\u0173 d\u0117l dyd\u017eio pasirinkimo, pra\u0161ome susisiekti el. pa\u0161tu: info@spindeja.lt.<\/p>\n<p>Auksinio obsidiano apyrank\u0117 pristatoma \u201eSpind\u0117ja\u201c dovan\u0173 d\u0117\u017eut\u0117je.<\/p>\n<p><em>&#8211; Spind\u0117jos papuo\u0161al\u0173 gamyba \u2013 tai k\u016brybinis ritualas su pozityviomis afirmacijomis ir intuityviu energetiniu pakrovimu.<\/em><\/p>\n<p data-start=\"90\" data-end=\"159\"><strong data-start=\"90\" data-end=\"159\">Auksinis obsidianas \u2013 tiesos, apsaugos ir vidin\u0117s stipryb\u0117s akmuo<\/strong><\/p>\n<p data-start=\"161\" data-end=\"392\">Auksinis obsidianas \u2013 tai stiprus apsauginis kristalas, kuriame susilieja juoda \u017eem\u0117s j\u0117ga ir \u0161vytinti aukso \u0161viesa. Jis padeda atskleisti pas\u0105monines programas, i\u0161ry\u0161kinti vidines tiesas ir i\u0161laisvinti senus emocinius blokus.<\/p>\n<p data-start=\"394\" data-end=\"572\">\u0160is akmuo stiprina s\u0105moningum\u0105, pasitik\u0117jim\u0105 savimi ir vidin\u0119 disciplin\u0105. Jis veikia kaip veidrodis, padedantis pamatyti savo \u0161e\u0161\u0117lius be baim\u0117s ir priimti juos su i\u0161mintimi.<\/p>\n<p data-start=\"574\" data-end=\"732\">Energeti\u0161kai auksinis obsidianas veikia \u0161aknies ir saul\u0117s rezginio \u010dakras, pad\u0117damas \u012f\u017eeminti, sustiprinti vali\u0105 ir apsaugoti nuo neigiamos aplinkos \u012ftakos.<\/p>\n<p data-start=\"734\" data-end=\"899\">Emoci\u0161kai &#8211; padeda paleisti baimes, atkuria vidin\u0119 ramyb\u0119.<br data-start=\"796\" data-end=\"799\" \/>Energeti\u0161kai &#8211; stiprina apsaug\u0105 ir stabilum\u0105.<br data-start=\"848\" data-end=\"851\" \/>Simboli\u0161kai &#8211; s\u0105mon\u0117s \u0161viesos tamsoje akmuo.<\/p>\n<p data-start=\"901\" data-end=\"1007\" data-is-last-node=\"\" data-is-only-node=\"\">Auksinis obsidianas ypa\u010d tinka tiems, kurie nori gyventi s\u0105moningiau, dr\u0105siau ir tvir\u010diau savo kelyje.<\/p>","protected":false},"excerpt":{"rendered":"<p data-start=\"82\" data-end=\"154\"><strong data-start=\"82\" data-end=\"154\">Auksinio obsidiano apyrank\u0117 &#8211; apsaugos ir vidin\u0117s stipryb\u0117s simbolis<\/strong><\/p>\n<p data-start=\"156\" data-end=\"384\">Apyrank\u0117 i\u0161 nat\u016bralaus auksinio obsidiano karoliuk\u0173, padedanti saugoti nuo neigiamos energijos, stiprinti pasitik\u0117jim\u0105 savimi ir atskleisti vidines tiesas.<br data-start=\"315\" data-end=\"318\" \/>Auksinis obsidianas skatina s\u0105moningum\u0105, \u012f\u017eeminim\u0105 ir vidin\u0119 j\u0117g\u0105.<\/p>\n<p data-start=\"386\" data-end=\"462\" data-is-last-node=\"\" data-is-only-node=\"\">Puikiai tinka tiems, kurie ie\u0161ko apsaugos, ai\u0161kumo ir vidin\u0117s stipryb\u0117s.<\/p>","protected":false},"featured_media":20942,"comment_status":"closed","ping_status":"closed","template":"","meta":{"_uag_custom_page_level_css":"","site-sidebar-layout":"default","site-content-layout":"","ast-site-content-layout":"default","site-content-style":"default","site-sidebar-style":"default","ast-global-header-display":"","ast-banner-title-visibility":"","ast-main-header-display":"","ast-hfb-above-header-display":"","ast-hfb-below-header-display":"","ast-hfb-mobile-header-display":"","site-post-title":"","ast-breadcrumbs-content":"","ast-featured-img":"","footer-sml-layout":"","ast-disable-related-posts":"","theme-transparent-header-meta":"default","adv-header-id-meta":"","stick-header-meta":"default","header-above-stick-meta":"","header-main-stick-meta":"","header-below-stick-meta":"","astra-migrate-meta-layouts":"set","ast-page-background-enabled":"default","ast-page-background-meta":{"desktop":{"background-color":"","background-image":"","background-repeat":"repeat","background-position":"center center","background-size":"auto","background-attachment":"scroll","background-type":"","background-media":"","overlay-type":"","overlay-color":"","overlay-opacity":"","overlay-gradient":""},"tablet":{"background-color":"","background-image":"","background-repeat":"repeat","background-position":"center center","background-size":"auto","background-attachment":"scroll","background-type":"","background-media":"","overlay-type":"","overlay-color":"","overlay-opacity":"","overlay-gradient":""},"mobile":{"background-color":"","background-image":"","background-repeat":"repeat","background-position":"center center","background-size":"auto","background-attachment":"scroll","background-type":"","background-media":"","overlay-type":"","overlay-color":"","overlay-opacity":"","overlay-gradient":""}},"ast-content-background-meta":{"desktop":{"background-color":"var(--ast-global-color-5)","background-image":"","background-repeat":"repeat","background-position":"center center","background-size":"auto","background-attachment":"scroll","background-type":"","background-media":"","overlay-type":"","overlay-color":"","overlay-opacity":"","overlay-gradient":""},"tablet":{"background-color":"var(--ast-global-color-5)","background-image":"","background-repeat":"repeat","background-position":"center center","background-size":"auto","background-attachment":"scroll","background-type":"","background-media":"","overlay-type":"","overlay-color":"","overlay-opacity":"","overlay-gradient":""},"mobile":{"background-color":"var(--ast-global-color-5)","background-image":"","background-repeat":"repeat","background-position":"center center","background-size":"auto","background-attachment":"scroll","background-type":"","background-media":"","overlay-type":"","overlay-color":"","overlay-opacity":"","overlay-gradient":""}}},"product_brand":[],"product_cat":[53],"product_tag":[],"class_list":{"0":"post-20928","1":"product","2":"type-product","3":"status-publish","4":"has-post-thumbnail","6":"product_cat-apyrankes","7":"desktop-align-left","8":"tablet-align-left","9":"mobile-align-left","10":"ast-product-gallery-layout-horizontal-slider","11":"ast-product-single-variable","12":"ast-product-tabs-layout-horizontal","14":"first","15":"instock","16":"shipping-taxable","17":"purchasable","18":"product-type-variable"},"yoast_head":"<!-- This site is optimized with the Yoast SEO plugin v26.9 - https:\/\/yoast.com\/product\/yoast-seo-wordpress\/ -->\n<title>Auksinio obsidiano apyrank\u0117 - Spind\u0117ja<\/title>\n<meta name=\"description\" content=\"Auksinio obsidiano apyrank\u0117 - Spind\u0117ja Auk\u0161ta kokyb\u0117, 100 proc. nat\u016bralumas, pagaminta su meile, intencijomis ir d\u0117mesiu klientui.\" \/>\n<meta name=\"robots\" content=\"index, follow, max-snippet:-1, max-image-preview:large, max-video-preview:-1\" \/>\n<link rel=\"canonical\" href=\"https:\/\/spindeja.lt\/en\/product\/auksinio-obsidiano-apyranke\/\" \/>\n<meta property=\"og:locale\" content=\"en_GB\" \/>\n<meta property=\"og:type\" content=\"article\" \/>\n<meta property=\"og:title\" content=\"Auksinio obsidiano apyrank\u0117 - Spind\u0117ja\" \/>\n<meta property=\"og:description\" content=\"Auksinio obsidiano apyrank\u0117 - Spind\u0117ja Auk\u0161ta kokyb\u0117, 100 proc. nat\u016bralumas, pagaminta su meile, intencijomis ir d\u0117mesiu klientui.\" \/>\n<meta property=\"og:url\" content=\"https:\/\/spindeja.lt\/en\/product\/auksinio-obsidiano-apyranke\/\" \/>\n<meta property=\"og:site_name\" content=\"Spind\u0117ja\" \/>\n<meta property=\"article:publisher\" content=\"https:\/\/www.facebook.com\/profile.php?id=100063674195191\" \/>\n<meta property=\"og:image\" content=\"https:\/\/spindeja.lt\/wp-content\/uploads\/2026\/02\/Obsidiano_apyranke1.jpg\" \/>\n\t<meta property=\"og:image:width\" content=\"1080\" \/>\n\t<meta property=\"og:image:height\" content=\"1440\" \/>\n\t<meta property=\"og:image:type\" content=\"image\/jpeg\" \/>\n<meta name=\"twitter:card\" content=\"summary_large_image\" \/>\n<meta name=\"twitter:label1\" content=\"Estimated reading time\" \/>\n\t<meta name=\"twitter:data1\" content=\"2 minutes\" \/>\n<script type=\"application\/ld+json\" class=\"yoast-schema-graph\">{\"@context\":\"https:\/\/schema.org\",\"@graph\":[{\"@type\":\"WebPage\",\"@id\":\"https:\/\/spindeja.lt\/produktas\/auksinio-obsidiano-apyranke\/\",\"url\":\"https:\/\/spindeja.lt\/produktas\/auksinio-obsidiano-apyranke\/\",\"name\":\"Auksinio obsidiano apyrank\u0117 - Spind\u0117ja\",\"isPartOf\":{\"@id\":\"https:\/\/spindeja.lt\/#website\"},\"primaryImageOfPage\":{\"@id\":\"https:\/\/spindeja.lt\/produktas\/auksinio-obsidiano-apyranke\/#primaryimage\"},\"image\":{\"@id\":\"https:\/\/spindeja.lt\/produktas\/auksinio-obsidiano-apyranke\/#primaryimage\"},\"thumbnailUrl\":\"https:\/\/spindeja.lt\/wp-content\/uploads\/2026\/02\/Obsidiano_apyranke1.jpg\",\"datePublished\":\"2026-02-10T16:44:00+00:00\",\"description\":\"Auksinio obsidiano apyrank\u0117 - Spind\u0117ja Auk\u0161ta kokyb\u0117, 100 proc. nat\u016bralumas, pagaminta su meile, intencijomis ir d\u0117mesiu klientui.\",\"breadcrumb\":{\"@id\":\"https:\/\/spindeja.lt\/produktas\/auksinio-obsidiano-apyranke\/#breadcrumb\"},\"inLanguage\":\"en-GB\",\"potentialAction\":[{\"@type\":\"ReadAction\",\"target\":[\"https:\/\/spindeja.lt\/produktas\/auksinio-obsidiano-apyranke\/\"]}]},{\"@type\":\"ImageObject\",\"inLanguage\":\"en-GB\",\"@id\":\"https:\/\/spindeja.lt\/produktas\/auksinio-obsidiano-apyranke\/#primaryimage\",\"url\":\"https:\/\/spindeja.lt\/wp-content\/uploads\/2026\/02\/Obsidiano_apyranke1.jpg\",\"contentUrl\":\"https:\/\/spindeja.lt\/wp-content\/uploads\/2026\/02\/Obsidiano_apyranke1.jpg\",\"width\":1080,\"height\":1440,\"caption\":\"Obsidiano apyrank\u0117\"},{\"@type\":\"BreadcrumbList\",\"@id\":\"https:\/\/spindeja.lt\/produktas\/auksinio-obsidiano-apyranke\/#breadcrumb\",\"itemListElement\":[{\"@type\":\"ListItem\",\"position\":1,\"name\":\"Prad\u017eia\",\"item\":\"https:\/\/spindeja.lt\/\"},{\"@type\":\"ListItem\",\"position\":2,\"name\":\"Parduotuv\u0117\",\"item\":\"https:\/\/spindeja.lt\/parduotuve\/\"},{\"@type\":\"ListItem\",\"position\":3,\"name\":\"Auksinio obsidiano apyrank\u0117\"}]},{\"@type\":\"WebSite\",\"@id\":\"https:\/\/spindeja.lt\/#website\",\"url\":\"https:\/\/spindeja.lt\/\",\"name\":\"Spind\u0117ja\",\"description\":\"Rank\u0173 darbo papuo\u0161alai Jums\",\"publisher\":{\"@id\":\"https:\/\/spindeja.lt\/#organization\"},\"potentialAction\":[{\"@type\":\"SearchAction\",\"target\":{\"@type\":\"EntryPoint\",\"urlTemplate\":\"https:\/\/spindeja.lt\/?s={search_term_string}\"},\"query-input\":{\"@type\":\"PropertyValueSpecification\",\"valueRequired\":true,\"valueName\":\"search_term_string\"}}],\"inLanguage\":\"en-GB\"},{\"@type\":\"Organization\",\"@id\":\"https:\/\/spindeja.lt\/#organization\",\"name\":\"Spind\u0117ja\",\"url\":\"https:\/\/spindeja.lt\/\",\"logo\":{\"@type\":\"ImageObject\",\"inLanguage\":\"en-GB\",\"@id\":\"https:\/\/spindeja.lt\/#\/schema\/logo\/image\/\",\"url\":\"https:\/\/spindeja.lt\/wp-content\/uploads\/2019\/12\/Layer-2.png\",\"contentUrl\":\"https:\/\/spindeja.lt\/wp-content\/uploads\/2019\/12\/Layer-2.png\",\"width\":915,\"height\":616,\"caption\":\"Spind\u0117ja\"},\"image\":{\"@id\":\"https:\/\/spindeja.lt\/#\/schema\/logo\/image\/\"},\"sameAs\":[\"https:\/\/www.facebook.com\/profile.php?id=100063674195191\",\"https:\/\/www.instagram.com\/spindeja\/\"]}]}<\/script>\n<!-- \/ Yoast SEO plugin. -->","yoast_head_json":{"title":"Auksinio obsidiano apyrank\u0117 - Spind\u0117ja","description":"Auksinio obsidiano apyrank\u0117 - Spind\u0117ja Auk\u0161ta kokyb\u0117, 100 proc. nat\u016bralumas, pagaminta su meile, intencijomis ir d\u0117mesiu klientui.","robots":{"index":"index","follow":"follow","max-snippet":"max-snippet:-1","max-image-preview":"max-image-preview:large","max-video-preview":"max-video-preview:-1"},"canonical":"https:\/\/spindeja.lt\/en\/product\/auksinio-obsidiano-apyranke\/","og_locale":"en_GB","og_type":"article","og_title":"Auksinio obsidiano apyrank\u0117 - Spind\u0117ja","og_description":"Auksinio obsidiano apyrank\u0117 - Spind\u0117ja Auk\u0161ta kokyb\u0117, 100 proc. nat\u016bralumas, pagaminta su meile, intencijomis ir d\u0117mesiu klientui.","og_url":"https:\/\/spindeja.lt\/en\/product\/auksinio-obsidiano-apyranke\/","og_site_name":"Spind\u0117ja","article_publisher":"https:\/\/www.facebook.com\/profile.php?id=100063674195191","og_image":[{"width":1080,"height":1440,"url":"https:\/\/spindeja.lt\/wp-content\/uploads\/2026\/02\/Obsidiano_apyranke1.jpg","type":"image\/jpeg"}],"twitter_card":"summary_large_image","twitter_misc":{"Estimated reading time":"2 minutes"},"schema":{"@context":"https:\/\/schema.org","@graph":[{"@type":"WebPage","@id":"https:\/\/spindeja.lt\/produktas\/auksinio-obsidiano-apyranke\/","url":"https:\/\/spindeja.lt\/produktas\/auksinio-obsidiano-apyranke\/","name":"Auksinio obsidiano apyrank\u0117 - Spind\u0117ja","isPartOf":{"@id":"https:\/\/spindeja.lt\/#website"},"primaryImageOfPage":{"@id":"https:\/\/spindeja.lt\/produktas\/auksinio-obsidiano-apyranke\/#primaryimage"},"image":{"@id":"https:\/\/spindeja.lt\/produktas\/auksinio-obsidiano-apyranke\/#primaryimage"},"thumbnailUrl":"https:\/\/spindeja.lt\/wp-content\/uploads\/2026\/02\/Obsidiano_apyranke1.jpg","datePublished":"2026-02-10T16:44:00+00:00","description":"Auksinio obsidiano apyrank\u0117 - Spind\u0117ja Auk\u0161ta kokyb\u0117, 100 proc. nat\u016bralumas, pagaminta su meile, intencijomis ir d\u0117mesiu klientui.","breadcrumb":{"@id":"https:\/\/spindeja.lt\/produktas\/auksinio-obsidiano-apyranke\/#breadcrumb"},"inLanguage":"en-GB","potentialAction":[{"@type":"ReadAction","target":["https:\/\/spindeja.lt\/produktas\/auksinio-obsidiano-apyranke\/"]}]},{"@type":"ImageObject","inLanguage":"en-GB","@id":"https:\/\/spindeja.lt\/produktas\/auksinio-obsidiano-apyranke\/#primaryimage","url":"https:\/\/spindeja.lt\/wp-content\/uploads\/2026\/02\/Obsidiano_apyranke1.jpg","contentUrl":"https:\/\/spindeja.lt\/wp-content\/uploads\/2026\/02\/Obsidiano_apyranke1.jpg","width":1080,"height":1440,"caption":"Obsidiano apyrank\u0117"},{"@type":"BreadcrumbList","@id":"https:\/\/spindeja.lt\/produktas\/auksinio-obsidiano-apyranke\/#breadcrumb","itemListElement":[{"@type":"ListItem","position":1,"name":"Prad\u017eia","item":"https:\/\/spindeja.lt\/"},{"@type":"ListItem","position":2,"name":"Parduotuv\u0117","item":"https:\/\/spindeja.lt\/parduotuve\/"},{"@type":"ListItem","position":3,"name":"Auksinio obsidiano apyrank\u0117"}]},{"@type":"WebSite","@id":"https:\/\/spindeja.lt\/#website","url":"https:\/\/spindeja.lt\/","name":"Spind\u0117ja","description":"Rank\u0173 darbo papuo\u0161alai Jums","publisher":{"@id":"https:\/\/spindeja.lt\/#organization"},"potentialAction":[{"@type":"SearchAction","target":{"@type":"EntryPoint","urlTemplate":"https:\/\/spindeja.lt\/?s={search_term_string}"},"query-input":{"@type":"PropertyValueSpecification","valueRequired":true,"valueName":"search_term_string"}}],"inLanguage":"en-GB"},{"@type":"Organization","@id":"https:\/\/spindeja.lt\/#organization","name":"Spind\u0117ja","url":"https:\/\/spindeja.lt\/","logo":{"@type":"ImageObject","inLanguage":"en-GB","@id":"https:\/\/spindeja.lt\/#\/schema\/logo\/image\/","url":"https:\/\/spindeja.lt\/wp-content\/uploads\/2019\/12\/Layer-2.png","contentUrl":"https:\/\/spindeja.lt\/wp-content\/uploads\/2019\/12\/Layer-2.png","width":915,"height":616,"caption":"Spind\u0117ja"},"image":{"@id":"https:\/\/spindeja.lt\/#\/schema\/logo\/image\/"},"sameAs":["https:\/\/www.facebook.com\/profile.php?id=100063674195191","https:\/\/www.instagram.com\/spindeja\/"]}]}},"uagb_featured_image_src":{"full":["https:\/\/spindeja.lt\/wp-content\/uploads\/2026\/02\/Obsidiano_apyranke1.jpg",1080,1440,false],"thumbnail":["https:\/\/spindeja.lt\/wp-content\/uploads\/2026\/02\/Obsidiano_apyranke1-150x150.jpg",150,150,true],"medium":["https:\/\/spindeja.lt\/wp-content\/uploads\/2026\/02\/Obsidiano_apyranke1-225x300.jpg",225,300,true],"medium_large":["https:\/\/spindeja.lt\/wp-content\/uploads\/2026\/02\/Obsidiano_apyranke1-768x1024.jpg",768,1024,true],"large":["https:\/\/spindeja.lt\/wp-content\/uploads\/2026\/02\/Obsidiano_apyranke1-768x1024.jpg",768,1024,true],"1536x1536":["https:\/\/spindeja.lt\/wp-content\/uploads\/2026\/02\/Obsidiano_apyranke1.jpg",1080,1440,false],"2048x2048":["https:\/\/spindeja.lt\/wp-content\/uploads\/2026\/02\/Obsidiano_apyranke1.jpg",1080,1440,false],"trp-custom-language-flag":["https:\/\/spindeja.lt\/wp-content\/uploads\/2026\/02\/Obsidiano_apyranke1-9x12.jpg",9,12,true],"woocommerce_thumbnail":["https:\/\/spindeja.lt\/wp-content\/uploads\/2026\/02\/Obsidiano_apyranke1-540x540.jpg",540,540,true],"woocommerce_single":["https:\/\/spindeja.lt\/wp-content\/uploads\/2026\/02\/Obsidiano_apyranke1-540x720.jpg",540,720,true],"woocommerce_gallery_thumbnail":["https:\/\/spindeja.lt\/wp-content\/uploads\/2026\/02\/Obsidiano_apyranke1-100x100.jpg",100,100,true]},"uagb_author_info":{"display_name":"spindeja","author_link":"https:\/\/spindeja.lt\/en\/author\/"},"uagb_comment_info":0,"uagb_excerpt":"Auksinio obsidiano apyrank\u0117 - apsaugos ir vidin\u0117s stipryb\u0117s simbolis Apyrank\u0117 i\u0161 nat\u016bralaus auksinio obsidiano karoliuk\u0173, padedanti saugoti nuo neigiamos energijos, stiprinti pasitik\u0117jim\u0105 savimi ir atskleisti vidines tiesas.Auksinis obsidianas skatina s\u0105moningum\u0105, \u012f\u017eeminim\u0105 ir vidin\u0119 j\u0117g\u0105. Puikiai tinka tiems, kurie ie\u0161ko apsaugos, ai\u0161kumo ir vidin\u0117s stipryb\u0117s.","_links":{"self":[{"href":"https:\/\/spindeja.lt\/en\/wp-json\/wp\/v2\/product\/20928","targetHints":{"allow":["GET"]}}],"collection":[{"href":"https:\/\/spindeja.lt\/en\/wp-json\/wp\/v2\/product"}],"about":[{"href":"https:\/\/spindeja.lt\/en\/wp-json\/wp\/v2\/types\/product"}],"replies":[{"embeddable":true,"href":"https:\/\/spindeja.lt\/en\/wp-json\/wp\/v2\/comments?post=20928"}],"wp:featuredmedia":[{"embeddable":true,"href":"https:\/\/spindeja.lt\/en\/wp-json\/wp\/v2\/media\/20942"}],"wp:attachment":[{"href":"https:\/\/spindeja.lt\/en\/wp-json\/wp\/v2\/media?parent=20928"}],"wp:term":[{"taxonomy":"product_brand","embeddable":true,"href":"https:\/\/spindeja.lt\/en\/wp-json\/wp\/v2\/product_brand?post=20928"},{"taxonomy":"product_cat","embeddable":true,"href":"https:\/\/spindeja.lt\/en\/wp-json\/wp\/v2\/product_cat?post=20928"},{"taxonomy":"product_tag","embeddable":true,"href":"https:\/\/spindeja.lt\/en\/wp-json\/wp\/v2\/product_tag?post=20928"}],"curies":[{"name":"wp","href":"https:\/\/api.w.org\/{rel}","templated":true}]}}