{"id":20912,"date":"2026-02-10T16:59:43","date_gmt":"2026-02-10T14:59:43","guid":{"rendered":"https:\/\/spindeja.lt\/?post_type=product&#038;p=20912"},"modified":"2026-04-23T21:13:13","modified_gmt":"2026-04-23T19:13:13","slug":"karneolio-apyranke","status":"publish","type":"product","link":"https:\/\/spindeja.lt\/en\/product\/karneolio-apyranke\/","title":{"rendered":"Karneolio apyrank\u0117"},"content":{"rendered":"<p>Karneolio apyrank\u0117 su ner\u016bdijan\u010dio plieno \u201eSpind\u0117jos\u201c logotipo intarpu.<br \/>\nKarneolio karoliuk\u0173 skersmuo \u2013 8 mm.<br \/>\nTurima vietoje i\u0161siun\u010diama per 1\u20132 d. d.<br \/>\nIndividualiems u\u017esakymams \u2013 5\u20139 d. d. gamyba. Apyrank\u0117s da\u017eniausiai gaminamos individualiai, retai turimos vietoje. Esant skubiam u\u017esakymui, para\u0161ykite susisiekite u\u017epild\u0119 <a href=\"https:\/\/spindeja.lt\/en\/kontaktai\/\">\u0161i\u0105 form\u0105<\/a> arba per soc. tinklus.<\/p>\n<p><strong>Atkreipkite d\u0117mes\u012f \u012f dyd\u017ei\u0173 ir logotipo intarpo spalvos pasirinkimo variantus.<\/strong><br \/>\nGalima rinktis logotipo intarp\u0105 aukso spalvos ir plieno spalvos.<br \/>\nApyrank\u0117s dyd\u017eiai nurodyti pagal rie\u0161o apimt\u012f. Rie\u0161\u0105 reikia matuoti be laisvumo ties lankstom\u0105ja dalimi. Kilus klausim\u0173 d\u0117l dyd\u017eio pasirinkimo, pra\u0161ome susisiekti el. pa\u0161tu: info@spindeja.lt.<\/p>\n<p>Karneolio apyrank\u0117 pristatoma \u201eSpind\u0117ja\u201c dovan\u0173 d\u0117\u017eut\u0117je.<\/p>\n<p><em>&#8211; Spind\u0117jos papuo\u0161al\u0173 gamyba \u2013 tai k\u016brybinis ritualas su pozityviomis afirmacijomis ir intuityviu energetiniu pakrovimu.<\/em><\/p>\n<p data-start=\"81\" data-end=\"132\"><strong data-start=\"81\" data-end=\"132\">Karneolis \u2013 gyvybin\u0117s energijos ir dr\u0105sos akmuo<\/strong><\/p>\n<p data-start=\"134\" data-end=\"322\">Karneolis yra \u0161iltos, ugnin\u0117s energijos kristalas, siejamas su gyvybingumu, k\u016brybi\u0161kumu ir pasitik\u0117jimu savimi. Jo oran\u017ein\u0117\u2013raudona spalva simbolizuoja jud\u0117jim\u0105, aistr\u0105 ir vidin\u0119 j\u0117g\u0105.<\/p>\n<p data-start=\"324\" data-end=\"483\">\u0160is akmuo padeda \u012fveikti baimes, i\u0161laisvinti k\u016brybin\u0119 energij\u0105 ir sustiprinti motyvacij\u0105. Jis skatina veikti, pasitik\u0117ti savimi ir dr\u0105siai eiti savo keliu.<\/p>\n<p data-start=\"485\" data-end=\"617\">Energeti\u0161kai karneolis veikia sakralin\u0119 ir \u0161aknies \u010dakras, padeda \u012f\u017eeminti id\u0117jas, sustiprinti ry\u0161\u012f su k\u016bnu ir gyvenimo d\u017eiaugsmu.<\/p>\n<p data-start=\"619\" data-end=\"790\">Emoci\u0161kai \u2013 suteikia stabilumo, padeda paleisti abejones.<br data-start=\"680\" data-end=\"683\" \/>Energeti\u0161kai \u2013 aktyvina, \u0161ildo ir saugo.<br data-start=\"727\" data-end=\"730\" \/>Simboli\u0161kai \u2013 dr\u0105sos, k\u016brybos ir gyvenimo aistros akmuo.<\/p>\n<p data-start=\"792\" data-end=\"883\" data-is-last-node=\"\" data-is-only-node=\"\">Karneolis ypa\u010d tinka tiems, kurie nori daugiau energijos, ry\u017eto ir pasitik\u0117jimo savimi.<\/p>","protected":false},"excerpt":{"rendered":"<p data-start=\"73\" data-end=\"136\"><strong data-start=\"73\" data-end=\"136\">Karneolio apyrank\u0117 \u2013 gyvybin\u0117s energijos ir dr\u0105sos simbolis<\/strong><\/p>\n<p data-start=\"138\" data-end=\"328\">Apyrank\u0117 i\u0161 nat\u016bralaus karneolio karoliuk\u0173, skatinanti gyvybingum\u0105, k\u016brybi\u0161kum\u0105 ir pasitik\u0117jim\u0105 savimi.<br data-start=\"245\" data-end=\"248\" \/>Karneolis padeda \u012fveikti baimes, sustiprina motyvacij\u0105 ir suteikia ry\u017eto veikti.<\/p>\n<p data-start=\"330\" data-end=\"414\" data-is-last-node=\"\" data-is-only-node=\"\">Puikiai tinka tiems, kurie nori daugiau energijos, dr\u0105sos ir gyvenimo d\u017eiaugsmo.<\/p>","protected":false},"featured_media":20925,"comment_status":"closed","ping_status":"closed","template":"","meta":{"_uag_custom_page_level_css":"","site-sidebar-layout":"default","site-content-layout":"","ast-site-content-layout":"default","site-content-style":"default","site-sidebar-style":"default","ast-global-header-display":"","ast-banner-title-visibility":"","ast-main-header-display":"","ast-hfb-above-header-display":"","ast-hfb-below-header-display":"","ast-hfb-mobile-header-display":"","site-post-title":"","ast-breadcrumbs-content":"","ast-featured-img":"","footer-sml-layout":"","ast-disable-related-posts":"","theme-transparent-header-meta":"default","adv-header-id-meta":"","stick-header-meta":"default","header-above-stick-meta":"","header-main-stick-meta":"","header-below-stick-meta":"","astra-migrate-meta-layouts":"set","ast-page-background-enabled":"default","ast-page-background-meta":{"desktop":{"background-color":"","background-image":"","background-repeat":"repeat","background-position":"center center","background-size":"auto","background-attachment":"scroll","background-type":"","background-media":"","overlay-type":"","overlay-color":"","overlay-opacity":"","overlay-gradient":""},"tablet":{"background-color":"","background-image":"","background-repeat":"repeat","background-position":"center center","background-size":"auto","background-attachment":"scroll","background-type":"","background-media":"","overlay-type":"","overlay-color":"","overlay-opacity":"","overlay-gradient":""},"mobile":{"background-color":"","background-image":"","background-repeat":"repeat","background-position":"center center","background-size":"auto","background-attachment":"scroll","background-type":"","background-media":"","overlay-type":"","overlay-color":"","overlay-opacity":"","overlay-gradient":""}},"ast-content-background-meta":{"desktop":{"background-color":"var(--ast-global-color-5)","background-image":"","background-repeat":"repeat","background-position":"center center","background-size":"auto","background-attachment":"scroll","background-type":"","background-media":"","overlay-type":"","overlay-color":"","overlay-opacity":"","overlay-gradient":""},"tablet":{"background-color":"var(--ast-global-color-5)","background-image":"","background-repeat":"repeat","background-position":"center center","background-size":"auto","background-attachment":"scroll","background-type":"","background-media":"","overlay-type":"","overlay-color":"","overlay-opacity":"","overlay-gradient":""},"mobile":{"background-color":"var(--ast-global-color-5)","background-image":"","background-repeat":"repeat","background-position":"center center","background-size":"auto","background-attachment":"scroll","background-type":"","background-media":"","overlay-type":"","overlay-color":"","overlay-opacity":"","overlay-gradient":""}}},"product_brand":[],"product_cat":[53],"product_tag":[],"class_list":{"0":"post-20912","1":"product","2":"type-product","3":"status-publish","4":"has-post-thumbnail","6":"product_cat-apyrankes","7":"desktop-align-left","8":"tablet-align-left","9":"mobile-align-left","10":"ast-product-gallery-layout-horizontal-slider","11":"ast-product-single-variable","12":"ast-product-tabs-layout-horizontal","14":"first","15":"instock","16":"shipping-taxable","17":"purchasable","18":"product-type-variable"},"yoast_head":"<!-- This site is optimized with the Yoast SEO plugin v26.9 - https:\/\/yoast.com\/product\/yoast-seo-wordpress\/ -->\n<title>Karneolio apyrank\u0117 - Spind\u0117ja<\/title>\n<meta name=\"description\" content=\"Karneolio apyrank\u0117 - Spind\u0117ja Auk\u0161ta kokyb\u0117, 100 proc. nat\u016bralumas, pagaminta su meile, intencijomis ir d\u0117mesiu klientui.\" \/>\n<meta name=\"robots\" content=\"index, follow, max-snippet:-1, max-image-preview:large, max-video-preview:-1\" \/>\n<link rel=\"canonical\" href=\"https:\/\/spindeja.lt\/en\/product\/karneolio-apyranke\/\" \/>\n<meta property=\"og:locale\" content=\"en_GB\" \/>\n<meta property=\"og:type\" content=\"article\" \/>\n<meta property=\"og:title\" content=\"Karneolio apyrank\u0117 - Spind\u0117ja\" \/>\n<meta property=\"og:description\" content=\"Karneolio apyrank\u0117 - Spind\u0117ja Auk\u0161ta kokyb\u0117, 100 proc. nat\u016bralumas, pagaminta su meile, intencijomis ir d\u0117mesiu klientui.\" \/>\n<meta property=\"og:url\" content=\"https:\/\/spindeja.lt\/en\/product\/karneolio-apyranke\/\" \/>\n<meta property=\"og:site_name\" content=\"Spind\u0117ja\" \/>\n<meta property=\"article:publisher\" content=\"https:\/\/www.facebook.com\/profile.php?id=100063674195191\" \/>\n<meta property=\"article:modified_time\" content=\"2026-04-23T19:13:13+00:00\" \/>\n<meta property=\"og:image\" content=\"https:\/\/spindeja.lt\/wp-content\/uploads\/2026\/02\/Karneolio_apyranke.jpg\" \/>\n\t<meta property=\"og:image:width\" content=\"1536\" \/>\n\t<meta property=\"og:image:height\" content=\"2048\" \/>\n\t<meta property=\"og:image:type\" content=\"image\/jpeg\" \/>\n<meta name=\"twitter:card\" content=\"summary_large_image\" \/>\n<meta name=\"twitter:label1\" content=\"Estimated reading time\" \/>\n\t<meta name=\"twitter:data1\" content=\"2 minutes\" \/>\n<script type=\"application\/ld+json\" class=\"yoast-schema-graph\">{\"@context\":\"https:\/\/schema.org\",\"@graph\":[{\"@type\":\"WebPage\",\"@id\":\"https:\/\/spindeja.lt\/produktas\/karneolio-apyranke\/\",\"url\":\"https:\/\/spindeja.lt\/produktas\/karneolio-apyranke\/\",\"name\":\"Karneolio apyrank\u0117 - Spind\u0117ja\",\"isPartOf\":{\"@id\":\"https:\/\/spindeja.lt\/#website\"},\"primaryImageOfPage\":{\"@id\":\"https:\/\/spindeja.lt\/produktas\/karneolio-apyranke\/#primaryimage\"},\"image\":{\"@id\":\"https:\/\/spindeja.lt\/produktas\/karneolio-apyranke\/#primaryimage\"},\"thumbnailUrl\":\"https:\/\/spindeja.lt\/wp-content\/uploads\/2026\/02\/Karneolio_apyranke.jpg\",\"datePublished\":\"2026-02-10T14:59:43+00:00\",\"dateModified\":\"2026-04-23T19:13:13+00:00\",\"description\":\"Karneolio apyrank\u0117 - Spind\u0117ja Auk\u0161ta kokyb\u0117, 100 proc. nat\u016bralumas, pagaminta su meile, intencijomis ir d\u0117mesiu klientui.\",\"breadcrumb\":{\"@id\":\"https:\/\/spindeja.lt\/produktas\/karneolio-apyranke\/#breadcrumb\"},\"inLanguage\":\"en-GB\",\"potentialAction\":[{\"@type\":\"ReadAction\",\"target\":[\"https:\/\/spindeja.lt\/produktas\/karneolio-apyranke\/\"]}]},{\"@type\":\"ImageObject\",\"inLanguage\":\"en-GB\",\"@id\":\"https:\/\/spindeja.lt\/produktas\/karneolio-apyranke\/#primaryimage\",\"url\":\"https:\/\/spindeja.lt\/wp-content\/uploads\/2026\/02\/Karneolio_apyranke.jpg\",\"contentUrl\":\"https:\/\/spindeja.lt\/wp-content\/uploads\/2026\/02\/Karneolio_apyranke.jpg\",\"width\":1536,\"height\":2048,\"caption\":\"Karneolio apyrank\u0117\"},{\"@type\":\"BreadcrumbList\",\"@id\":\"https:\/\/spindeja.lt\/produktas\/karneolio-apyranke\/#breadcrumb\",\"itemListElement\":[{\"@type\":\"ListItem\",\"position\":1,\"name\":\"Prad\u017eia\",\"item\":\"https:\/\/spindeja.lt\/\"},{\"@type\":\"ListItem\",\"position\":2,\"name\":\"Parduotuv\u0117\",\"item\":\"https:\/\/spindeja.lt\/parduotuve\/\"},{\"@type\":\"ListItem\",\"position\":3,\"name\":\"Karneolio apyrank\u0117\"}]},{\"@type\":\"WebSite\",\"@id\":\"https:\/\/spindeja.lt\/#website\",\"url\":\"https:\/\/spindeja.lt\/\",\"name\":\"Spind\u0117ja\",\"description\":\"Rank\u0173 darbo papuo\u0161alai Jums\",\"publisher\":{\"@id\":\"https:\/\/spindeja.lt\/#organization\"},\"potentialAction\":[{\"@type\":\"SearchAction\",\"target\":{\"@type\":\"EntryPoint\",\"urlTemplate\":\"https:\/\/spindeja.lt\/?s={search_term_string}\"},\"query-input\":{\"@type\":\"PropertyValueSpecification\",\"valueRequired\":true,\"valueName\":\"search_term_string\"}}],\"inLanguage\":\"en-GB\"},{\"@type\":\"Organization\",\"@id\":\"https:\/\/spindeja.lt\/#organization\",\"name\":\"Spind\u0117ja\",\"url\":\"https:\/\/spindeja.lt\/\",\"logo\":{\"@type\":\"ImageObject\",\"inLanguage\":\"en-GB\",\"@id\":\"https:\/\/spindeja.lt\/#\/schema\/logo\/image\/\",\"url\":\"https:\/\/spindeja.lt\/wp-content\/uploads\/2019\/12\/Layer-2.png\",\"contentUrl\":\"https:\/\/spindeja.lt\/wp-content\/uploads\/2019\/12\/Layer-2.png\",\"width\":915,\"height\":616,\"caption\":\"Spind\u0117ja\"},\"image\":{\"@id\":\"https:\/\/spindeja.lt\/#\/schema\/logo\/image\/\"},\"sameAs\":[\"https:\/\/www.facebook.com\/profile.php?id=100063674195191\",\"https:\/\/www.instagram.com\/spindeja\/\"]}]}<\/script>\n<!-- \/ Yoast SEO plugin. -->","yoast_head_json":{"title":"Karneolio apyrank\u0117 - Spind\u0117ja","description":"Karneolio apyrank\u0117 - Spind\u0117ja Auk\u0161ta kokyb\u0117, 100 proc. nat\u016bralumas, pagaminta su meile, intencijomis ir d\u0117mesiu klientui.","robots":{"index":"index","follow":"follow","max-snippet":"max-snippet:-1","max-image-preview":"max-image-preview:large","max-video-preview":"max-video-preview:-1"},"canonical":"https:\/\/spindeja.lt\/en\/product\/karneolio-apyranke\/","og_locale":"en_GB","og_type":"article","og_title":"Karneolio apyrank\u0117 - Spind\u0117ja","og_description":"Karneolio apyrank\u0117 - Spind\u0117ja Auk\u0161ta kokyb\u0117, 100 proc. nat\u016bralumas, pagaminta su meile, intencijomis ir d\u0117mesiu klientui.","og_url":"https:\/\/spindeja.lt\/en\/product\/karneolio-apyranke\/","og_site_name":"Spind\u0117ja","article_publisher":"https:\/\/www.facebook.com\/profile.php?id=100063674195191","article_modified_time":"2026-04-23T19:13:13+00:00","og_image":[{"width":1536,"height":2048,"url":"https:\/\/spindeja.lt\/wp-content\/uploads\/2026\/02\/Karneolio_apyranke.jpg","type":"image\/jpeg"}],"twitter_card":"summary_large_image","twitter_misc":{"Estimated reading time":"2 minutes"},"schema":{"@context":"https:\/\/schema.org","@graph":[{"@type":"WebPage","@id":"https:\/\/spindeja.lt\/produktas\/karneolio-apyranke\/","url":"https:\/\/spindeja.lt\/produktas\/karneolio-apyranke\/","name":"Karneolio apyrank\u0117 - Spind\u0117ja","isPartOf":{"@id":"https:\/\/spindeja.lt\/#website"},"primaryImageOfPage":{"@id":"https:\/\/spindeja.lt\/produktas\/karneolio-apyranke\/#primaryimage"},"image":{"@id":"https:\/\/spindeja.lt\/produktas\/karneolio-apyranke\/#primaryimage"},"thumbnailUrl":"https:\/\/spindeja.lt\/wp-content\/uploads\/2026\/02\/Karneolio_apyranke.jpg","datePublished":"2026-02-10T14:59:43+00:00","dateModified":"2026-04-23T19:13:13+00:00","description":"Karneolio apyrank\u0117 - Spind\u0117ja Auk\u0161ta kokyb\u0117, 100 proc. nat\u016bralumas, pagaminta su meile, intencijomis ir d\u0117mesiu klientui.","breadcrumb":{"@id":"https:\/\/spindeja.lt\/produktas\/karneolio-apyranke\/#breadcrumb"},"inLanguage":"en-GB","potentialAction":[{"@type":"ReadAction","target":["https:\/\/spindeja.lt\/produktas\/karneolio-apyranke\/"]}]},{"@type":"ImageObject","inLanguage":"en-GB","@id":"https:\/\/spindeja.lt\/produktas\/karneolio-apyranke\/#primaryimage","url":"https:\/\/spindeja.lt\/wp-content\/uploads\/2026\/02\/Karneolio_apyranke.jpg","contentUrl":"https:\/\/spindeja.lt\/wp-content\/uploads\/2026\/02\/Karneolio_apyranke.jpg","width":1536,"height":2048,"caption":"Karneolio apyrank\u0117"},{"@type":"BreadcrumbList","@id":"https:\/\/spindeja.lt\/produktas\/karneolio-apyranke\/#breadcrumb","itemListElement":[{"@type":"ListItem","position":1,"name":"Prad\u017eia","item":"https:\/\/spindeja.lt\/"},{"@type":"ListItem","position":2,"name":"Parduotuv\u0117","item":"https:\/\/spindeja.lt\/parduotuve\/"},{"@type":"ListItem","position":3,"name":"Karneolio apyrank\u0117"}]},{"@type":"WebSite","@id":"https:\/\/spindeja.lt\/#website","url":"https:\/\/spindeja.lt\/","name":"Spind\u0117ja","description":"Rank\u0173 darbo papuo\u0161alai Jums","publisher":{"@id":"https:\/\/spindeja.lt\/#organization"},"potentialAction":[{"@type":"SearchAction","target":{"@type":"EntryPoint","urlTemplate":"https:\/\/spindeja.lt\/?s={search_term_string}"},"query-input":{"@type":"PropertyValueSpecification","valueRequired":true,"valueName":"search_term_string"}}],"inLanguage":"en-GB"},{"@type":"Organization","@id":"https:\/\/spindeja.lt\/#organization","name":"Spind\u0117ja","url":"https:\/\/spindeja.lt\/","logo":{"@type":"ImageObject","inLanguage":"en-GB","@id":"https:\/\/spindeja.lt\/#\/schema\/logo\/image\/","url":"https:\/\/spindeja.lt\/wp-content\/uploads\/2019\/12\/Layer-2.png","contentUrl":"https:\/\/spindeja.lt\/wp-content\/uploads\/2019\/12\/Layer-2.png","width":915,"height":616,"caption":"Spind\u0117ja"},"image":{"@id":"https:\/\/spindeja.lt\/#\/schema\/logo\/image\/"},"sameAs":["https:\/\/www.facebook.com\/profile.php?id=100063674195191","https:\/\/www.instagram.com\/spindeja\/"]}]}},"uagb_featured_image_src":{"full":["https:\/\/spindeja.lt\/wp-content\/uploads\/2026\/02\/Karneolio_apyranke.jpg",1536,2048,false],"thumbnail":["https:\/\/spindeja.lt\/wp-content\/uploads\/2026\/02\/Karneolio_apyranke-150x150.jpg",150,150,true],"medium":["https:\/\/spindeja.lt\/wp-content\/uploads\/2026\/02\/Karneolio_apyranke-225x300.jpg",225,300,true],"medium_large":["https:\/\/spindeja.lt\/wp-content\/uploads\/2026\/02\/Karneolio_apyranke-768x1024.jpg",768,1024,true],"large":["https:\/\/spindeja.lt\/wp-content\/uploads\/2026\/02\/Karneolio_apyranke-768x1024.jpg",768,1024,true],"1536x1536":["https:\/\/spindeja.lt\/wp-content\/uploads\/2026\/02\/Karneolio_apyranke-1152x1536.jpg",1152,1536,true],"2048x2048":["https:\/\/spindeja.lt\/wp-content\/uploads\/2026\/02\/Karneolio_apyranke.jpg",1536,2048,false],"trp-custom-language-flag":["https:\/\/spindeja.lt\/wp-content\/uploads\/2026\/02\/Karneolio_apyranke-9x12.jpg",9,12,true],"woocommerce_thumbnail":["https:\/\/spindeja.lt\/wp-content\/uploads\/2026\/02\/Karneolio_apyranke-540x540.jpg",540,540,true],"woocommerce_single":["https:\/\/spindeja.lt\/wp-content\/uploads\/2026\/02\/Karneolio_apyranke-540x720.jpg",540,720,true],"woocommerce_gallery_thumbnail":["https:\/\/spindeja.lt\/wp-content\/uploads\/2026\/02\/Karneolio_apyranke-100x100.jpg",100,100,true]},"uagb_author_info":{"display_name":"spindeja","author_link":"https:\/\/spindeja.lt\/en\/author\/"},"uagb_comment_info":0,"uagb_excerpt":"Karneolio apyrank\u0117 \u2013 gyvybin\u0117s energijos ir dr\u0105sos simbolis Apyrank\u0117 i\u0161 nat\u016bralaus karneolio karoliuk\u0173, skatinanti gyvybingum\u0105, k\u016brybi\u0161kum\u0105 ir pasitik\u0117jim\u0105 savimi.Karneolis padeda \u012fveikti baimes, sustiprina motyvacij\u0105 ir suteikia ry\u017eto veikti. Puikiai tinka tiems, kurie nori daugiau energijos, dr\u0105sos ir gyvenimo d\u017eiaugsmo.","_links":{"self":[{"href":"https:\/\/spindeja.lt\/en\/wp-json\/wp\/v2\/product\/20912","targetHints":{"allow":["GET"]}}],"collection":[{"href":"https:\/\/spindeja.lt\/en\/wp-json\/wp\/v2\/product"}],"about":[{"href":"https:\/\/spindeja.lt\/en\/wp-json\/wp\/v2\/types\/product"}],"replies":[{"embeddable":true,"href":"https:\/\/spindeja.lt\/en\/wp-json\/wp\/v2\/comments?post=20912"}],"wp:featuredmedia":[{"embeddable":true,"href":"https:\/\/spindeja.lt\/en\/wp-json\/wp\/v2\/media\/20925"}],"wp:attachment":[{"href":"https:\/\/spindeja.lt\/en\/wp-json\/wp\/v2\/media?parent=20912"}],"wp:term":[{"taxonomy":"product_brand","embeddable":true,"href":"https:\/\/spindeja.lt\/en\/wp-json\/wp\/v2\/product_brand?post=20912"},{"taxonomy":"product_cat","embeddable":true,"href":"https:\/\/spindeja.lt\/en\/wp-json\/wp\/v2\/product_cat?post=20912"},{"taxonomy":"product_tag","embeddable":true,"href":"https:\/\/spindeja.lt\/en\/wp-json\/wp\/v2\/product_tag?post=20912"}],"curies":[{"name":"wp","href":"https:\/\/api.w.org\/{rel}","templated":true}]}}