{"id":20896,"date":"2026-02-10T16:45:38","date_gmt":"2026-02-10T14:45:38","guid":{"rendered":"https:\/\/spindeja.lt\/?post_type=product&#038;p=20896"},"modified":"2026-02-10T16:48:18","modified_gmt":"2026-02-10T14:48:18","slug":"fluorito-apyranke","status":"publish","type":"product","link":"https:\/\/spindeja.lt\/en\/product\/fluorito-apyranke\/","title":{"rendered":"Fluorito apyrank\u0117"},"content":{"rendered":"<p>Fluorito apyrank\u0117 su ner\u016bdijan\u010dio plieno \u201eSpind\u0117jos\u201c logotipo intarpu.<br \/>\nFluorito karoliuk\u0173 skersmuo \u2013 8 mm.<br \/>\nTurima vietoje i\u0161siun\u010diama per 1\u20132 d. d.<br \/>\nIndividualiems u\u017esakymams \u2013 5\u20139 d. d. gamyba. Apyrank\u0117s da\u017eniausiai gaminamos individualiai, retai turimos vietoje. Esant skubiam u\u017esakymui, para\u0161ykite susisiekite u\u017epild\u0119 <a href=\"https:\/\/spindeja.lt\/en\/kontaktai\/\">\u0161i\u0105 form\u0105<\/a> arba per soc. tinklus.<\/p>\n<p><strong>Atkreipkite d\u0117mes\u012f \u012f dyd\u017ei\u0173 ir logotipo intarpo spalvos pasirinkimo variantus.<\/strong><br \/>\nGalima rinktis logotipo intarp\u0105 aukso spalvos ir plieno spalvos.<br \/>\nApyrank\u0117s dyd\u017eiai nurodyti pagal rie\u0161o apimt\u012f. Rie\u0161\u0105 reikia matuoti be laisvumo ties lankstom\u0105ja dalimi. Kilus klausim\u0173 d\u0117l dyd\u017eio pasirinkimo, pra\u0161ome susisiekti el. pa\u0161tu: info@spindeja.lt.<\/p>\n<p>Fluorito apyrank\u0117 pristatoma \u201eSpind\u0117ja\u201c dovan\u0173 d\u0117\u017eut\u0117je.<\/p>\n<p><em>&#8211; Spind\u0117jos papuo\u0161al\u0173 gamyba \u2013 tai k\u016brybinis ritualas su pozityviomis afirmacijomis ir intuityviu energetiniu pakrovimu.<\/em><\/p>\n<p data-start=\"125\" data-end=\"186\"><strong data-start=\"125\" data-end=\"186\">Fluoritas \u2013 ai\u0161kaus proto ir vidin\u0117s harmonijos kristalas<\/strong><\/p>\n<p data-start=\"188\" data-end=\"430\">Fluoritas yra vienas stipriausi\u0173 proto ai\u0161kumo, susikaupimo ir energetin\u0117s tvarkos akmen\u0173. Jo \u0161velnios, da\u017enai permatomos spalvos (\u017ealia, violetin\u0117, melsva) ramina mintis, padeda paleisti chaoti\u0161kas emocijas ir atkuria vidin\u0119 pusiausvyr\u0105.<\/p>\n<p data-start=\"432\" data-end=\"616\">\u0160is kristalas skatina login\u012f m\u0105stym\u0105, koncentracij\u0105 ir intuicijos bei proto balans\u0105. Jis ypa\u010d naudingas, kai jau\u010diamas informacijos perteklius, nerimas ar sunku priimti sprendimus.<\/p>\n<p data-start=\"618\" data-end=\"791\">Energeti\u0161kai fluoritas veikia tre\u010diosios akies ir kar\u016bnos \u010dakras, padeda ai\u0161kiau matyti savo krypt\u012f, stiprina vidin\u012f pasitik\u0117jim\u0105 ir apsaugo nuo neigiam\u0173 aplinkos \u012ftak\u0173.<\/p>\n<p data-start=\"793\" data-end=\"987\">Emoci\u0161kai \u2013 ramina, ma\u017eina \u012ftamp\u0105, padeda paleisti baimes.<br data-start=\"855\" data-end=\"858\" \/>Energeti\u0161kai \u2013 valo lauk\u0105, atstato balans\u0105, saugo nuo chaoso.<br data-start=\"923\" data-end=\"926\" \/>Simboli\u0161kai \u2013 tvarkos, ai\u0161kumo ir \u0161viesios s\u0105mon\u0117s akmuo.<\/p>\n<p data-start=\"989\" data-end=\"1085\" data-is-last-node=\"\" data-is-only-node=\"\">Fluoritas ypa\u010d tinka tiems, kurie nori susitelkti, i\u0161gryninti mintis ir gyventi harmoningai.<\/p>","protected":false},"excerpt":{"rendered":"<p data-start=\"72\" data-end=\"131\"><strong data-start=\"72\" data-end=\"131\">Fluorito apyrank\u0117 &#8211; ai\u0161kumo ir vidin\u0117s ramyb\u0117s simbolis<\/strong><\/p>\n<p data-start=\"133\" data-end=\"377\">Skaidri apyrank\u0117 i\u0161 nat\u016bralaus fluorito karoliuk\u0173, skatinanti proto ai\u0161kum\u0105, susikaupim\u0105 ir emocin\u0119 pusiausvyr\u0105.<br data-start=\"249\" data-end=\"252\" \/>Fluoritas padeda nuraminti chaoti\u0161kas mintis, stiprina intuicijos ir proto balans\u0105 bei saugo nuo i\u0161orini\u0173 energini\u0173 trikd\u017ei\u0173.<\/p>\n<p data-start=\"133\" data-end=\"377\">Puikiai tinka tiems, kurie ie\u0161ko ramyb\u0117s, ai\u0161kumo ir vidin\u0117s harmonijos.<\/p>","protected":false},"featured_media":20909,"comment_status":"closed","ping_status":"closed","template":"","meta":{"_uag_custom_page_level_css":"","site-sidebar-layout":"default","site-content-layout":"","ast-site-content-layout":"default","site-content-style":"default","site-sidebar-style":"default","ast-global-header-display":"","ast-banner-title-visibility":"","ast-main-header-display":"","ast-hfb-above-header-display":"","ast-hfb-below-header-display":"","ast-hfb-mobile-header-display":"","site-post-title":"","ast-breadcrumbs-content":"","ast-featured-img":"","footer-sml-layout":"","ast-disable-related-posts":"","theme-transparent-header-meta":"default","adv-header-id-meta":"","stick-header-meta":"default","header-above-stick-meta":"","header-main-stick-meta":"","header-below-stick-meta":"","astra-migrate-meta-layouts":"set","ast-page-background-enabled":"default","ast-page-background-meta":{"desktop":{"background-color":"","background-image":"","background-repeat":"repeat","background-position":"center center","background-size":"auto","background-attachment":"scroll","background-type":"","background-media":"","overlay-type":"","overlay-color":"","overlay-opacity":"","overlay-gradient":""},"tablet":{"background-color":"","background-image":"","background-repeat":"repeat","background-position":"center center","background-size":"auto","background-attachment":"scroll","background-type":"","background-media":"","overlay-type":"","overlay-color":"","overlay-opacity":"","overlay-gradient":""},"mobile":{"background-color":"","background-image":"","background-repeat":"repeat","background-position":"center center","background-size":"auto","background-attachment":"scroll","background-type":"","background-media":"","overlay-type":"","overlay-color":"","overlay-opacity":"","overlay-gradient":""}},"ast-content-background-meta":{"desktop":{"background-color":"var(--ast-global-color-5)","background-image":"","background-repeat":"repeat","background-position":"center center","background-size":"auto","background-attachment":"scroll","background-type":"","background-media":"","overlay-type":"","overlay-color":"","overlay-opacity":"","overlay-gradient":""},"tablet":{"background-color":"var(--ast-global-color-5)","background-image":"","background-repeat":"repeat","background-position":"center center","background-size":"auto","background-attachment":"scroll","background-type":"","background-media":"","overlay-type":"","overlay-color":"","overlay-opacity":"","overlay-gradient":""},"mobile":{"background-color":"var(--ast-global-color-5)","background-image":"","background-repeat":"repeat","background-position":"center center","background-size":"auto","background-attachment":"scroll","background-type":"","background-media":"","overlay-type":"","overlay-color":"","overlay-opacity":"","overlay-gradient":""}}},"product_brand":[],"product_cat":[53],"product_tag":[],"class_list":{"0":"post-20896","1":"product","2":"type-product","3":"status-publish","4":"has-post-thumbnail","6":"product_cat-apyrankes","7":"desktop-align-left","8":"tablet-align-left","9":"mobile-align-left","10":"ast-product-gallery-layout-horizontal-slider","11":"ast-product-single-variable","12":"ast-product-tabs-layout-horizontal","14":"first","15":"instock","16":"shipping-taxable","17":"purchasable","18":"product-type-variable"},"yoast_head":"<!-- This site is optimized with the Yoast SEO plugin v26.9 - https:\/\/yoast.com\/product\/yoast-seo-wordpress\/ -->\n<title>Fluorito apyrank\u0117 - Spind\u0117ja<\/title>\n<meta name=\"description\" content=\"Fluorito apyrank\u0117 - Spind\u0117ja Auk\u0161ta kokyb\u0117, 100 proc. nat\u016bralumas, pagaminta su meile, intencijomis ir d\u0117mesiu klientui.\" \/>\n<meta name=\"robots\" content=\"index, follow, max-snippet:-1, max-image-preview:large, max-video-preview:-1\" \/>\n<link rel=\"canonical\" href=\"https:\/\/spindeja.lt\/en\/product\/fluorito-apyranke\/\" \/>\n<meta property=\"og:locale\" content=\"en_GB\" \/>\n<meta property=\"og:type\" content=\"article\" \/>\n<meta property=\"og:title\" content=\"Fluorito apyrank\u0117 - Spind\u0117ja\" \/>\n<meta property=\"og:description\" content=\"Fluorito apyrank\u0117 - Spind\u0117ja Auk\u0161ta kokyb\u0117, 100 proc. nat\u016bralumas, pagaminta su meile, intencijomis ir d\u0117mesiu klientui.\" \/>\n<meta property=\"og:url\" content=\"https:\/\/spindeja.lt\/en\/product\/fluorito-apyranke\/\" \/>\n<meta property=\"og:site_name\" content=\"Spind\u0117ja\" \/>\n<meta property=\"article:publisher\" content=\"https:\/\/www.facebook.com\/profile.php?id=100063674195191\" \/>\n<meta property=\"article:modified_time\" content=\"2026-02-10T14:48:18+00:00\" \/>\n<meta property=\"og:image\" content=\"https:\/\/spindeja.lt\/wp-content\/uploads\/2026\/02\/Fluorito_apyranke2.jpg\" \/>\n\t<meta property=\"og:image:width\" content=\"1536\" \/>\n\t<meta property=\"og:image:height\" content=\"2048\" \/>\n\t<meta property=\"og:image:type\" content=\"image\/jpeg\" \/>\n<meta name=\"twitter:card\" content=\"summary_large_image\" \/>\n<meta name=\"twitter:label1\" content=\"Estimated reading time\" \/>\n\t<meta name=\"twitter:data1\" content=\"2 minutes\" \/>\n<script type=\"application\/ld+json\" class=\"yoast-schema-graph\">{\"@context\":\"https:\/\/schema.org\",\"@graph\":[{\"@type\":\"WebPage\",\"@id\":\"https:\/\/spindeja.lt\/produktas\/fluorito-apyranke\/\",\"url\":\"https:\/\/spindeja.lt\/produktas\/fluorito-apyranke\/\",\"name\":\"Fluorito apyrank\u0117 - Spind\u0117ja\",\"isPartOf\":{\"@id\":\"https:\/\/spindeja.lt\/#website\"},\"primaryImageOfPage\":{\"@id\":\"https:\/\/spindeja.lt\/produktas\/fluorito-apyranke\/#primaryimage\"},\"image\":{\"@id\":\"https:\/\/spindeja.lt\/produktas\/fluorito-apyranke\/#primaryimage\"},\"thumbnailUrl\":\"https:\/\/spindeja.lt\/wp-content\/uploads\/2026\/02\/Fluorito_apyranke2.jpg\",\"datePublished\":\"2026-02-10T14:45:38+00:00\",\"dateModified\":\"2026-02-10T14:48:18+00:00\",\"description\":\"Fluorito apyrank\u0117 - Spind\u0117ja Auk\u0161ta kokyb\u0117, 100 proc. nat\u016bralumas, pagaminta su meile, intencijomis ir d\u0117mesiu klientui.\",\"breadcrumb\":{\"@id\":\"https:\/\/spindeja.lt\/produktas\/fluorito-apyranke\/#breadcrumb\"},\"inLanguage\":\"en-GB\",\"potentialAction\":[{\"@type\":\"ReadAction\",\"target\":[\"https:\/\/spindeja.lt\/produktas\/fluorito-apyranke\/\"]}]},{\"@type\":\"ImageObject\",\"inLanguage\":\"en-GB\",\"@id\":\"https:\/\/spindeja.lt\/produktas\/fluorito-apyranke\/#primaryimage\",\"url\":\"https:\/\/spindeja.lt\/wp-content\/uploads\/2026\/02\/Fluorito_apyranke2.jpg\",\"contentUrl\":\"https:\/\/spindeja.lt\/wp-content\/uploads\/2026\/02\/Fluorito_apyranke2.jpg\",\"width\":1536,\"height\":2048,\"caption\":\"Fluorito apyrank\u0117\"},{\"@type\":\"BreadcrumbList\",\"@id\":\"https:\/\/spindeja.lt\/produktas\/fluorito-apyranke\/#breadcrumb\",\"itemListElement\":[{\"@type\":\"ListItem\",\"position\":1,\"name\":\"Prad\u017eia\",\"item\":\"https:\/\/spindeja.lt\/\"},{\"@type\":\"ListItem\",\"position\":2,\"name\":\"Parduotuv\u0117\",\"item\":\"https:\/\/spindeja.lt\/parduotuve\/\"},{\"@type\":\"ListItem\",\"position\":3,\"name\":\"Fluorito apyrank\u0117\"}]},{\"@type\":\"WebSite\",\"@id\":\"https:\/\/spindeja.lt\/#website\",\"url\":\"https:\/\/spindeja.lt\/\",\"name\":\"Spind\u0117ja\",\"description\":\"Rank\u0173 darbo papuo\u0161alai Jums\",\"publisher\":{\"@id\":\"https:\/\/spindeja.lt\/#organization\"},\"potentialAction\":[{\"@type\":\"SearchAction\",\"target\":{\"@type\":\"EntryPoint\",\"urlTemplate\":\"https:\/\/spindeja.lt\/?s={search_term_string}\"},\"query-input\":{\"@type\":\"PropertyValueSpecification\",\"valueRequired\":true,\"valueName\":\"search_term_string\"}}],\"inLanguage\":\"en-GB\"},{\"@type\":\"Organization\",\"@id\":\"https:\/\/spindeja.lt\/#organization\",\"name\":\"Spind\u0117ja\",\"url\":\"https:\/\/spindeja.lt\/\",\"logo\":{\"@type\":\"ImageObject\",\"inLanguage\":\"en-GB\",\"@id\":\"https:\/\/spindeja.lt\/#\/schema\/logo\/image\/\",\"url\":\"https:\/\/spindeja.lt\/wp-content\/uploads\/2019\/12\/Layer-2.png\",\"contentUrl\":\"https:\/\/spindeja.lt\/wp-content\/uploads\/2019\/12\/Layer-2.png\",\"width\":915,\"height\":616,\"caption\":\"Spind\u0117ja\"},\"image\":{\"@id\":\"https:\/\/spindeja.lt\/#\/schema\/logo\/image\/\"},\"sameAs\":[\"https:\/\/www.facebook.com\/profile.php?id=100063674195191\",\"https:\/\/www.instagram.com\/spindeja\/\"]}]}<\/script>\n<!-- \/ Yoast SEO plugin. -->","yoast_head_json":{"title":"Fluorito apyrank\u0117 - Spind\u0117ja","description":"Fluorito apyrank\u0117 - Spind\u0117ja Auk\u0161ta kokyb\u0117, 100 proc. nat\u016bralumas, pagaminta su meile, intencijomis ir d\u0117mesiu klientui.","robots":{"index":"index","follow":"follow","max-snippet":"max-snippet:-1","max-image-preview":"max-image-preview:large","max-video-preview":"max-video-preview:-1"},"canonical":"https:\/\/spindeja.lt\/en\/product\/fluorito-apyranke\/","og_locale":"en_GB","og_type":"article","og_title":"Fluorito apyrank\u0117 - Spind\u0117ja","og_description":"Fluorito apyrank\u0117 - Spind\u0117ja Auk\u0161ta kokyb\u0117, 100 proc. nat\u016bralumas, pagaminta su meile, intencijomis ir d\u0117mesiu klientui.","og_url":"https:\/\/spindeja.lt\/en\/product\/fluorito-apyranke\/","og_site_name":"Spind\u0117ja","article_publisher":"https:\/\/www.facebook.com\/profile.php?id=100063674195191","article_modified_time":"2026-02-10T14:48:18+00:00","og_image":[{"width":1536,"height":2048,"url":"https:\/\/spindeja.lt\/wp-content\/uploads\/2026\/02\/Fluorito_apyranke2.jpg","type":"image\/jpeg"}],"twitter_card":"summary_large_image","twitter_misc":{"Estimated reading time":"2 minutes"},"schema":{"@context":"https:\/\/schema.org","@graph":[{"@type":"WebPage","@id":"https:\/\/spindeja.lt\/produktas\/fluorito-apyranke\/","url":"https:\/\/spindeja.lt\/produktas\/fluorito-apyranke\/","name":"Fluorito apyrank\u0117 - Spind\u0117ja","isPartOf":{"@id":"https:\/\/spindeja.lt\/#website"},"primaryImageOfPage":{"@id":"https:\/\/spindeja.lt\/produktas\/fluorito-apyranke\/#primaryimage"},"image":{"@id":"https:\/\/spindeja.lt\/produktas\/fluorito-apyranke\/#primaryimage"},"thumbnailUrl":"https:\/\/spindeja.lt\/wp-content\/uploads\/2026\/02\/Fluorito_apyranke2.jpg","datePublished":"2026-02-10T14:45:38+00:00","dateModified":"2026-02-10T14:48:18+00:00","description":"Fluorito apyrank\u0117 - Spind\u0117ja Auk\u0161ta kokyb\u0117, 100 proc. nat\u016bralumas, pagaminta su meile, intencijomis ir d\u0117mesiu klientui.","breadcrumb":{"@id":"https:\/\/spindeja.lt\/produktas\/fluorito-apyranke\/#breadcrumb"},"inLanguage":"en-GB","potentialAction":[{"@type":"ReadAction","target":["https:\/\/spindeja.lt\/produktas\/fluorito-apyranke\/"]}]},{"@type":"ImageObject","inLanguage":"en-GB","@id":"https:\/\/spindeja.lt\/produktas\/fluorito-apyranke\/#primaryimage","url":"https:\/\/spindeja.lt\/wp-content\/uploads\/2026\/02\/Fluorito_apyranke2.jpg","contentUrl":"https:\/\/spindeja.lt\/wp-content\/uploads\/2026\/02\/Fluorito_apyranke2.jpg","width":1536,"height":2048,"caption":"Fluorito apyrank\u0117"},{"@type":"BreadcrumbList","@id":"https:\/\/spindeja.lt\/produktas\/fluorito-apyranke\/#breadcrumb","itemListElement":[{"@type":"ListItem","position":1,"name":"Prad\u017eia","item":"https:\/\/spindeja.lt\/"},{"@type":"ListItem","position":2,"name":"Parduotuv\u0117","item":"https:\/\/spindeja.lt\/parduotuve\/"},{"@type":"ListItem","position":3,"name":"Fluorito apyrank\u0117"}]},{"@type":"WebSite","@id":"https:\/\/spindeja.lt\/#website","url":"https:\/\/spindeja.lt\/","name":"Spind\u0117ja","description":"Rank\u0173 darbo papuo\u0161alai Jums","publisher":{"@id":"https:\/\/spindeja.lt\/#organization"},"potentialAction":[{"@type":"SearchAction","target":{"@type":"EntryPoint","urlTemplate":"https:\/\/spindeja.lt\/?s={search_term_string}"},"query-input":{"@type":"PropertyValueSpecification","valueRequired":true,"valueName":"search_term_string"}}],"inLanguage":"en-GB"},{"@type":"Organization","@id":"https:\/\/spindeja.lt\/#organization","name":"Spind\u0117ja","url":"https:\/\/spindeja.lt\/","logo":{"@type":"ImageObject","inLanguage":"en-GB","@id":"https:\/\/spindeja.lt\/#\/schema\/logo\/image\/","url":"https:\/\/spindeja.lt\/wp-content\/uploads\/2019\/12\/Layer-2.png","contentUrl":"https:\/\/spindeja.lt\/wp-content\/uploads\/2019\/12\/Layer-2.png","width":915,"height":616,"caption":"Spind\u0117ja"},"image":{"@id":"https:\/\/spindeja.lt\/#\/schema\/logo\/image\/"},"sameAs":["https:\/\/www.facebook.com\/profile.php?id=100063674195191","https:\/\/www.instagram.com\/spindeja\/"]}]}},"uagb_featured_image_src":{"full":["https:\/\/spindeja.lt\/wp-content\/uploads\/2026\/02\/Fluorito_apyranke2.jpg",1536,2048,false],"thumbnail":["https:\/\/spindeja.lt\/wp-content\/uploads\/2026\/02\/Fluorito_apyranke2-150x150.jpg",150,150,true],"medium":["https:\/\/spindeja.lt\/wp-content\/uploads\/2026\/02\/Fluorito_apyranke2-225x300.jpg",225,300,true],"medium_large":["https:\/\/spindeja.lt\/wp-content\/uploads\/2026\/02\/Fluorito_apyranke2-768x1024.jpg",768,1024,true],"large":["https:\/\/spindeja.lt\/wp-content\/uploads\/2026\/02\/Fluorito_apyranke2-768x1024.jpg",768,1024,true],"1536x1536":["https:\/\/spindeja.lt\/wp-content\/uploads\/2026\/02\/Fluorito_apyranke2-1152x1536.jpg",1152,1536,true],"2048x2048":["https:\/\/spindeja.lt\/wp-content\/uploads\/2026\/02\/Fluorito_apyranke2.jpg",1536,2048,false],"trp-custom-language-flag":["https:\/\/spindeja.lt\/wp-content\/uploads\/2026\/02\/Fluorito_apyranke2-9x12.jpg",9,12,true],"woocommerce_thumbnail":["https:\/\/spindeja.lt\/wp-content\/uploads\/2026\/02\/Fluorito_apyranke2-540x540.jpg",540,540,true],"woocommerce_single":["https:\/\/spindeja.lt\/wp-content\/uploads\/2026\/02\/Fluorito_apyranke2-540x720.jpg",540,720,true],"woocommerce_gallery_thumbnail":["https:\/\/spindeja.lt\/wp-content\/uploads\/2026\/02\/Fluorito_apyranke2-100x100.jpg",100,100,true]},"uagb_author_info":{"display_name":"spindeja","author_link":"https:\/\/spindeja.lt\/en\/author\/"},"uagb_comment_info":0,"uagb_excerpt":"Fluorito apyrank\u0117 - ai\u0161kumo ir vidin\u0117s ramyb\u0117s simbolis Skaidri apyrank\u0117 i\u0161 nat\u016bralaus fluorito karoliuk\u0173, skatinanti proto ai\u0161kum\u0105, susikaupim\u0105 ir emocin\u0119 pusiausvyr\u0105.Fluoritas padeda nuraminti chaoti\u0161kas mintis, stiprina intuicijos ir proto balans\u0105 bei saugo nuo i\u0161orini\u0173 energini\u0173 trikd\u017ei\u0173. Puikiai tinka tiems, kurie ie\u0161ko ramyb\u0117s, ai\u0161kumo ir vidin\u0117s harmonijos.","_links":{"self":[{"href":"https:\/\/spindeja.lt\/en\/wp-json\/wp\/v2\/product\/20896","targetHints":{"allow":["GET"]}}],"collection":[{"href":"https:\/\/spindeja.lt\/en\/wp-json\/wp\/v2\/product"}],"about":[{"href":"https:\/\/spindeja.lt\/en\/wp-json\/wp\/v2\/types\/product"}],"replies":[{"embeddable":true,"href":"https:\/\/spindeja.lt\/en\/wp-json\/wp\/v2\/comments?post=20896"}],"wp:featuredmedia":[{"embeddable":true,"href":"https:\/\/spindeja.lt\/en\/wp-json\/wp\/v2\/media\/20909"}],"wp:attachment":[{"href":"https:\/\/spindeja.lt\/en\/wp-json\/wp\/v2\/media?parent=20896"}],"wp:term":[{"taxonomy":"product_brand","embeddable":true,"href":"https:\/\/spindeja.lt\/en\/wp-json\/wp\/v2\/product_brand?post=20896"},{"taxonomy":"product_cat","embeddable":true,"href":"https:\/\/spindeja.lt\/en\/wp-json\/wp\/v2\/product_cat?post=20896"},{"taxonomy":"product_tag","embeddable":true,"href":"https:\/\/spindeja.lt\/en\/wp-json\/wp\/v2\/product_tag?post=20896"}],"curies":[{"name":"wp","href":"https:\/\/api.w.org\/{rel}","templated":true}]}}