{"id":20873,"date":"2026-02-09T20:49:26","date_gmt":"2026-02-09T18:49:26","guid":{"rendered":"https:\/\/spindeja.lt\/?post_type=product&#038;p=20873"},"modified":"2026-02-10T16:38:33","modified_gmt":"2026-02-10T14:38:33","slug":"juoda-gintarine-apyranke","status":"publish","type":"product","link":"https:\/\/spindeja.lt\/en\/product\/juoda-gintarine-apyranke\/","title":{"rendered":"Juoda gintarin\u0117 apyrank\u0117"},"content":{"rendered":"<div class=\"flex flex-col text-sm pb-25\">\n<article class=\"text-token-text-primary w-full focus:outline-none [--shadow-height:45px] has-data-writing-block:pointer-events-none has-data-writing-block:-mt-(--shadow-height) has-data-writing-block:pt-(--shadow-height) [&amp;:has([data-writing-block])&gt;*]:pointer-events-auto scroll-mt-[calc(var(--header-height)+min(200px,max(70px,20svh)))]\" dir=\"auto\" tabindex=\"-1\" data-turn-id=\"request-685166aa-3b24-8013-bc89-3c8eba184649-2\" data-testid=\"conversation-turn-10\" data-scroll-anchor=\"true\" data-turn=\"assistant\">\n<div class=\"text-base my-auto mx-auto pb-10 [--thread-content-margin:--spacing(4)] @w-sm\/main:[--thread-content-margin:--spacing(6)] @w-lg\/main:[--thread-content-margin:--spacing(16)] px-(--thread-content-margin)\">\n<div class=\"[--thread-content-max-width:40rem] @w-lg\/main:[--thread-content-max-width:48rem] mx-auto max-w-(--thread-content-max-width) flex-1 group\/turn-messages focus-visible:outline-hidden relative flex w-full min-w-0 flex-col agent-turn\" tabindex=\"-1\">\n<div class=\"flex max-w-full flex-col grow\">\n<div class=\"min-h-8 text-message relative flex w-full flex-col items-end gap-2 text-start break-words whitespace-normal [.text-message+&amp;]:mt-1\" dir=\"auto\" data-message-author-role=\"assistant\" data-message-id=\"4a8a0258-4ef8-4598-b930-aee331bfebd0\" data-message-model-slug=\"gpt-5-2\">\n<div class=\"flex w-full flex-col gap-1 empty:hidden first:pt-[1px]\">\n<div class=\"markdown prose dark:prose-invert w-full wrap-break-word light markdown-new-styling\">\n<p data-start=\"179\" data-end=\"263\"><strong data-start=\"179\" data-end=\"263\">Juoda matin\u0117 gintarin\u0117 apyrank\u0117 &#8211; apsaugos ir vidin\u0117s stipryb\u0117s simbolis<\/strong><\/p>\n<p data-start=\"265\" data-end=\"546\">Subtili, gili ir paslaptinga apyrank\u0117 i\u0161 presuoto juodo matinio gintaro karoliuk\u0173 spinduliuoja ramia, bet stipria apsaugine energija.<br data-start=\"413\" data-end=\"416\" \/>Matinis pavir\u0161ius suteikia akmeniui \u0161veln\u0173, eleganti\u0161k\u0105 charakter\u012f, o juoda spalva simbolizuoja stabilum\u0105, saugum\u0105 ir vidin\u0119 j\u0117g\u0105.<\/p>\n<p><strong>Kam tinka \u0161i gintarin\u0117 apyrank\u0117?<\/strong><\/p>\n<p>Ji ypa\u010d tiks tiems, kurie:<\/p>\n<ul>\n<li>jau\u010dia poreik\u012f apsaugai ir \u012f\u017eeminimui,<\/li>\n<li>nori atgauti vidin\u0119 ramyb\u0119 po emocini\u0173 sukr\u0117tim\u0173,<\/li>\n<li>siekia stiprinti pasitik\u0117jim\u0105 savimi ir vidin\u0119 atram\u0105.<\/li>\n<\/ul>\n<p><strong>Technin\u0117 informacija<\/strong><\/p>\n<p>&#8211; Karoliuk\u0173 skersmuo &#8211; 10 mm.<br \/>\n&#8211; Pristatymas &#8211; turima vietoje, i\u0161siun\u010diama per 1\u20132 d. d.<br \/>\n&#8211; Individual\u016bs u\u017esakymai &#8211; gamyba per 5\u20139 d. d. Apyrank\u0117s da\u017eniausiai gaminamos individualiai, retai turimos vietoje. Esant skubiam u\u017esakymui, para\u0161ykite susisiekite u\u017epild\u0119 <a href=\"https:\/\/spindeja.lt\/en\/kontaktai\/\">\u0161i\u0105 form\u0105<\/a> arba per soc. tinklus.<br \/>\n&#8211; Logo intarpas &#8211; ner\u016bdijantis plienas, pasirinktinai: aukso arba plieno spalvos.<br \/>\n&#8211; Apyrank\u0117s dyd\u017eiai &#8211; pagal rie\u0161o apimt\u012f (be laisvumo, matuoti ties lankstom\u0105ja dalimi)<br \/>\n&#8211; Dovan\u0173 pakuot\u0117 &#8211; pristatoma \u201eSpind\u0117ja\u201c d\u0117\u017eut\u0117je.<\/p>\n<p><strong>Energetinis gintaro poveikis<\/strong><\/p>\n<ul>\n<li>Juodas gintaras laikomas vienu stipriausi\u0173 apsaugini\u0173 akmen\u0173.<br \/>\nJis sugeria neigiam\u0105 energij\u0105, padeda paleisti senas emocijas, harmonizuoja k\u016bn\u0105 ir prot\u0105 bei stiprina gyvybin\u0119 energij\u0105.<\/li>\n<li>Energeti\u0161kai siejamas su \u0161akn\u0173 \u010dakra &#8211; padeda jaustis saugiai, stabiliai ir tvirtai stov\u0117ti ant \u017eem\u0117s.<\/li>\n<\/ul>\n<p><strong>Emocin\u0117 ir fizin\u0117 nauda<\/strong><\/p>\n<ul>\n<li>Ramina nerv\u0173 sistem\u0105<\/li>\n<li>Ma\u017eina \u012ftamp\u0105 ir stres\u0105<\/li>\n<li>Padeda atsistatyti po i\u0161sekimo<\/li>\n<li>Skatina \u0161ilum\u0105, gyvybingum\u0105 ir energijos tek\u0117jim\u0105.<\/li>\n<\/ul>\n<p>Gintarai suteikia d\u017eiaugsming\u0105 ir ram\u0173 buvim\u0105 \u010dia ir dabar, priartina prie gamtos ir sustiprina susijungim\u0105 su ja. Jie yra tarsi ma\u017eos saulyt\u0117s, spinduliuojan\u010dios \u0161ilum\u0105 ir jaukum\u0105. \u0160iluma jau\u010diama netgi fizi\u0161kai. \u00a0Tai amorfin\u0117s strukt\u016bros mineralai, padedantys dar labiau susijungti su K\u016br\u0117ju. J\u0173 galia \u0161velni, subtili ir efektyvi.<\/p>\n<p>Taip pat gintaras veikia, kaip \u0160viesos sargas nuo negatyvi\u0173 energij\u0173, \u012fvairi\u0173 virus\u0173 ir bakterij\u0173. Manoma, kad gintaro pavadinimas kilo nuo \u017eod\u017eio \u201eginti\u201c. Be vis\u0173 kit\u0173 ger\u0173 savybi\u0173 gintar\u0105 sudaranti r\u016bg\u0161tis (sukcinitas) prisideda prie imuniteto stiprinimo, kadangi, papuo\u0161alui lie\u010diantis prie odos, sukcinito mikrodalel\u0117s prasiskverbia pro od\u0105 \u012f m\u016bs\u0173 organizm\u0105.<\/p>\n<p>Gintaruose yra sukaupta milijon\u0173 met\u0173 patirtis, tobula s\u0105mon\u0117, kurios \u017einutes ir apsaug\u0105 reikia priimti atvira \u0161irdimi. Jie spinduliuoja tobul\u0105 i\u0161mint\u012f. Priimk ir pajusk Stebuklus.<\/p>\n<p data-start=\"1267\" data-end=\"1320\"><em style=\"font-size: 16px;\">Spind\u0117jos papuo\u0161al\u0173 gamyba \u2013 tai k\u016brybinis ritualas su pozityviomis afirmacijomis ir intuityviu energetiniu pakrovimu.<\/em><\/p>\n<p>&nbsp;<\/p>\n<\/div>\n<\/div>\n<\/div>\n<\/div>\n<\/div>\n<\/div>\n<\/article>\n<\/div>","protected":false},"excerpt":{"rendered":"<p data-start=\"107\" data-end=\"372\">Subtili apyrank\u0117 i\u0161 presuoto juodo matinio gintaro karoliuk\u0173 (10 mm), spinduliuojanti ramia, bet stipria apsaugine energija.<\/p>\n<p data-start=\"107\" data-end=\"372\">Ji padeda \u012f\u017eeminti, nuraminti mintis ir sustiprinti vidin\u0119 atram\u0105.<\/p>\n<p data-start=\"374\" data-end=\"450\" data-is-last-node=\"\" data-is-only-node=\"\">Puikiai tinka tiems, kurie ie\u0161ko <strong data-start=\"407\" data-end=\"449\">apsaugos, ramyb\u0117s ir vidin\u0117s stipryb\u0117s<\/strong>.<\/p>","protected":false},"featured_media":20890,"comment_status":"closed","ping_status":"closed","template":"","meta":{"_uag_custom_page_level_css":"","site-sidebar-layout":"default","site-content-layout":"","ast-site-content-layout":"default","site-content-style":"default","site-sidebar-style":"default","ast-global-header-display":"","ast-banner-title-visibility":"","ast-main-header-display":"","ast-hfb-above-header-display":"","ast-hfb-below-header-display":"","ast-hfb-mobile-header-display":"","site-post-title":"","ast-breadcrumbs-content":"","ast-featured-img":"","footer-sml-layout":"","ast-disable-related-posts":"","theme-transparent-header-meta":"default","adv-header-id-meta":"","stick-header-meta":"default","header-above-stick-meta":"","header-main-stick-meta":"","header-below-stick-meta":"","astra-migrate-meta-layouts":"set","ast-page-background-enabled":"default","ast-page-background-meta":{"desktop":{"background-color":"","background-image":"","background-repeat":"repeat","background-position":"center center","background-size":"auto","background-attachment":"scroll","background-type":"","background-media":"","overlay-type":"","overlay-color":"","overlay-opacity":"","overlay-gradient":""},"tablet":{"background-color":"","background-image":"","background-repeat":"repeat","background-position":"center center","background-size":"auto","background-attachment":"scroll","background-type":"","background-media":"","overlay-type":"","overlay-color":"","overlay-opacity":"","overlay-gradient":""},"mobile":{"background-color":"","background-image":"","background-repeat":"repeat","background-position":"center center","background-size":"auto","background-attachment":"scroll","background-type":"","background-media":"","overlay-type":"","overlay-color":"","overlay-opacity":"","overlay-gradient":""}},"ast-content-background-meta":{"desktop":{"background-color":"var(--ast-global-color-5)","background-image":"","background-repeat":"repeat","background-position":"center center","background-size":"auto","background-attachment":"scroll","background-type":"","background-media":"","overlay-type":"","overlay-color":"","overlay-opacity":"","overlay-gradient":""},"tablet":{"background-color":"var(--ast-global-color-5)","background-image":"","background-repeat":"repeat","background-position":"center center","background-size":"auto","background-attachment":"scroll","background-type":"","background-media":"","overlay-type":"","overlay-color":"","overlay-opacity":"","overlay-gradient":""},"mobile":{"background-color":"var(--ast-global-color-5)","background-image":"","background-repeat":"repeat","background-position":"center center","background-size":"auto","background-attachment":"scroll","background-type":"","background-media":"","overlay-type":"","overlay-color":"","overlay-opacity":"","overlay-gradient":""}}},"product_brand":[],"product_cat":[53,59,107],"product_tag":[128],"class_list":{"0":"post-20873","1":"product","2":"type-product","3":"status-publish","4":"has-post-thumbnail","6":"product_cat-apyrankes","7":"product_cat-gintaro-papuosalai","8":"product_cat-vyrams","9":"product_tag-gintaras","10":"desktop-align-left","11":"tablet-align-left","12":"mobile-align-left","13":"ast-product-gallery-layout-horizontal-slider","14":"ast-product-single-variable","15":"ast-product-tabs-layout-horizontal","17":"first","18":"instock","19":"shipping-taxable","20":"purchasable","21":"product-type-variable"},"yoast_head":"<!-- This site is optimized with the Yoast SEO plugin v26.9 - https:\/\/yoast.com\/product\/yoast-seo-wordpress\/ -->\n<title>Juoda gintarin\u0117 apyrank\u0117 - Spind\u0117ja<\/title>\n<meta name=\"description\" content=\"Juoda gintarin\u0117 apyrank\u0117 - Spind\u0117ja Auk\u0161ta kokyb\u0117, 100 proc. nat\u016bralumas, pagaminta su meile, intencijomis ir d\u0117mesiu klientui.\" \/>\n<meta name=\"robots\" content=\"index, follow, max-snippet:-1, max-image-preview:large, max-video-preview:-1\" \/>\n<link rel=\"canonical\" href=\"https:\/\/spindeja.lt\/en\/product\/juoda-gintarine-apyranke\/\" \/>\n<meta property=\"og:locale\" content=\"en_GB\" \/>\n<meta property=\"og:type\" content=\"article\" \/>\n<meta property=\"og:title\" content=\"Juoda gintarin\u0117 apyrank\u0117 - Spind\u0117ja\" \/>\n<meta property=\"og:description\" content=\"Juoda gintarin\u0117 apyrank\u0117 - Spind\u0117ja Auk\u0161ta kokyb\u0117, 100 proc. nat\u016bralumas, pagaminta su meile, intencijomis ir d\u0117mesiu klientui.\" \/>\n<meta property=\"og:url\" content=\"https:\/\/spindeja.lt\/en\/product\/juoda-gintarine-apyranke\/\" \/>\n<meta property=\"og:site_name\" content=\"Spind\u0117ja\" \/>\n<meta property=\"article:publisher\" content=\"https:\/\/www.facebook.com\/profile.php?id=100063674195191\" \/>\n<meta property=\"article:modified_time\" content=\"2026-02-10T14:38:33+00:00\" \/>\n<meta property=\"og:image\" content=\"https:\/\/spindeja.lt\/wp-content\/uploads\/2026\/02\/Gintaro_apyranke-1.jpg\" \/>\n\t<meta property=\"og:image:width\" content=\"880\" \/>\n\t<meta property=\"og:image:height\" content=\"1168\" \/>\n\t<meta property=\"og:image:type\" content=\"image\/jpeg\" \/>\n<meta name=\"twitter:card\" content=\"summary_large_image\" \/>\n<meta name=\"twitter:label1\" content=\"Estimated reading time\" \/>\n\t<meta name=\"twitter:data1\" content=\"3 minutes\" \/>\n<script type=\"application\/ld+json\" class=\"yoast-schema-graph\">{\"@context\":\"https:\/\/schema.org\",\"@graph\":[{\"@type\":\"WebPage\",\"@id\":\"https:\/\/spindeja.lt\/produktas\/juoda-gintarine-apyranke\/\",\"url\":\"https:\/\/spindeja.lt\/produktas\/juoda-gintarine-apyranke\/\",\"name\":\"Juoda gintarin\u0117 apyrank\u0117 - Spind\u0117ja\",\"isPartOf\":{\"@id\":\"https:\/\/spindeja.lt\/#website\"},\"primaryImageOfPage\":{\"@id\":\"https:\/\/spindeja.lt\/produktas\/juoda-gintarine-apyranke\/#primaryimage\"},\"image\":{\"@id\":\"https:\/\/spindeja.lt\/produktas\/juoda-gintarine-apyranke\/#primaryimage\"},\"thumbnailUrl\":\"https:\/\/spindeja.lt\/wp-content\/uploads\/2026\/02\/Gintaro_apyranke-1.jpg\",\"datePublished\":\"2026-02-09T18:49:26+00:00\",\"dateModified\":\"2026-02-10T14:38:33+00:00\",\"description\":\"Juoda gintarin\u0117 apyrank\u0117 - Spind\u0117ja Auk\u0161ta kokyb\u0117, 100 proc. nat\u016bralumas, pagaminta su meile, intencijomis ir d\u0117mesiu klientui.\",\"breadcrumb\":{\"@id\":\"https:\/\/spindeja.lt\/produktas\/juoda-gintarine-apyranke\/#breadcrumb\"},\"inLanguage\":\"en-GB\",\"potentialAction\":[{\"@type\":\"ReadAction\",\"target\":[\"https:\/\/spindeja.lt\/produktas\/juoda-gintarine-apyranke\/\"]}]},{\"@type\":\"ImageObject\",\"inLanguage\":\"en-GB\",\"@id\":\"https:\/\/spindeja.lt\/produktas\/juoda-gintarine-apyranke\/#primaryimage\",\"url\":\"https:\/\/spindeja.lt\/wp-content\/uploads\/2026\/02\/Gintaro_apyranke-1.jpg\",\"contentUrl\":\"https:\/\/spindeja.lt\/wp-content\/uploads\/2026\/02\/Gintaro_apyranke-1.jpg\",\"width\":880,\"height\":1168,\"caption\":\"Gintaro apyrank\u0117\"},{\"@type\":\"BreadcrumbList\",\"@id\":\"https:\/\/spindeja.lt\/produktas\/juoda-gintarine-apyranke\/#breadcrumb\",\"itemListElement\":[{\"@type\":\"ListItem\",\"position\":1,\"name\":\"Prad\u017eia\",\"item\":\"https:\/\/spindeja.lt\/\"},{\"@type\":\"ListItem\",\"position\":2,\"name\":\"Parduotuv\u0117\",\"item\":\"https:\/\/spindeja.lt\/parduotuve\/\"},{\"@type\":\"ListItem\",\"position\":3,\"name\":\"Juoda gintarin\u0117 apyrank\u0117\"}]},{\"@type\":\"WebSite\",\"@id\":\"https:\/\/spindeja.lt\/#website\",\"url\":\"https:\/\/spindeja.lt\/\",\"name\":\"Spind\u0117ja\",\"description\":\"Rank\u0173 darbo papuo\u0161alai Jums\",\"publisher\":{\"@id\":\"https:\/\/spindeja.lt\/#organization\"},\"potentialAction\":[{\"@type\":\"SearchAction\",\"target\":{\"@type\":\"EntryPoint\",\"urlTemplate\":\"https:\/\/spindeja.lt\/?s={search_term_string}\"},\"query-input\":{\"@type\":\"PropertyValueSpecification\",\"valueRequired\":true,\"valueName\":\"search_term_string\"}}],\"inLanguage\":\"en-GB\"},{\"@type\":\"Organization\",\"@id\":\"https:\/\/spindeja.lt\/#organization\",\"name\":\"Spind\u0117ja\",\"url\":\"https:\/\/spindeja.lt\/\",\"logo\":{\"@type\":\"ImageObject\",\"inLanguage\":\"en-GB\",\"@id\":\"https:\/\/spindeja.lt\/#\/schema\/logo\/image\/\",\"url\":\"https:\/\/spindeja.lt\/wp-content\/uploads\/2019\/12\/Layer-2.png\",\"contentUrl\":\"https:\/\/spindeja.lt\/wp-content\/uploads\/2019\/12\/Layer-2.png\",\"width\":915,\"height\":616,\"caption\":\"Spind\u0117ja\"},\"image\":{\"@id\":\"https:\/\/spindeja.lt\/#\/schema\/logo\/image\/\"},\"sameAs\":[\"https:\/\/www.facebook.com\/profile.php?id=100063674195191\",\"https:\/\/www.instagram.com\/spindeja\/\"]}]}<\/script>\n<!-- \/ Yoast SEO plugin. -->","yoast_head_json":{"title":"Juoda gintarin\u0117 apyrank\u0117 - Spind\u0117ja","description":"Juoda gintarin\u0117 apyrank\u0117 - Spind\u0117ja Auk\u0161ta kokyb\u0117, 100 proc. nat\u016bralumas, pagaminta su meile, intencijomis ir d\u0117mesiu klientui.","robots":{"index":"index","follow":"follow","max-snippet":"max-snippet:-1","max-image-preview":"max-image-preview:large","max-video-preview":"max-video-preview:-1"},"canonical":"https:\/\/spindeja.lt\/en\/product\/juoda-gintarine-apyranke\/","og_locale":"en_GB","og_type":"article","og_title":"Juoda gintarin\u0117 apyrank\u0117 - Spind\u0117ja","og_description":"Juoda gintarin\u0117 apyrank\u0117 - Spind\u0117ja Auk\u0161ta kokyb\u0117, 100 proc. nat\u016bralumas, pagaminta su meile, intencijomis ir d\u0117mesiu klientui.","og_url":"https:\/\/spindeja.lt\/en\/product\/juoda-gintarine-apyranke\/","og_site_name":"Spind\u0117ja","article_publisher":"https:\/\/www.facebook.com\/profile.php?id=100063674195191","article_modified_time":"2026-02-10T14:38:33+00:00","og_image":[{"width":880,"height":1168,"url":"https:\/\/spindeja.lt\/wp-content\/uploads\/2026\/02\/Gintaro_apyranke-1.jpg","type":"image\/jpeg"}],"twitter_card":"summary_large_image","twitter_misc":{"Estimated reading time":"3 minutes"},"schema":{"@context":"https:\/\/schema.org","@graph":[{"@type":"WebPage","@id":"https:\/\/spindeja.lt\/produktas\/juoda-gintarine-apyranke\/","url":"https:\/\/spindeja.lt\/produktas\/juoda-gintarine-apyranke\/","name":"Juoda gintarin\u0117 apyrank\u0117 - Spind\u0117ja","isPartOf":{"@id":"https:\/\/spindeja.lt\/#website"},"primaryImageOfPage":{"@id":"https:\/\/spindeja.lt\/produktas\/juoda-gintarine-apyranke\/#primaryimage"},"image":{"@id":"https:\/\/spindeja.lt\/produktas\/juoda-gintarine-apyranke\/#primaryimage"},"thumbnailUrl":"https:\/\/spindeja.lt\/wp-content\/uploads\/2026\/02\/Gintaro_apyranke-1.jpg","datePublished":"2026-02-09T18:49:26+00:00","dateModified":"2026-02-10T14:38:33+00:00","description":"Juoda gintarin\u0117 apyrank\u0117 - Spind\u0117ja Auk\u0161ta kokyb\u0117, 100 proc. nat\u016bralumas, pagaminta su meile, intencijomis ir d\u0117mesiu klientui.","breadcrumb":{"@id":"https:\/\/spindeja.lt\/produktas\/juoda-gintarine-apyranke\/#breadcrumb"},"inLanguage":"en-GB","potentialAction":[{"@type":"ReadAction","target":["https:\/\/spindeja.lt\/produktas\/juoda-gintarine-apyranke\/"]}]},{"@type":"ImageObject","inLanguage":"en-GB","@id":"https:\/\/spindeja.lt\/produktas\/juoda-gintarine-apyranke\/#primaryimage","url":"https:\/\/spindeja.lt\/wp-content\/uploads\/2026\/02\/Gintaro_apyranke-1.jpg","contentUrl":"https:\/\/spindeja.lt\/wp-content\/uploads\/2026\/02\/Gintaro_apyranke-1.jpg","width":880,"height":1168,"caption":"Gintaro apyrank\u0117"},{"@type":"BreadcrumbList","@id":"https:\/\/spindeja.lt\/produktas\/juoda-gintarine-apyranke\/#breadcrumb","itemListElement":[{"@type":"ListItem","position":1,"name":"Prad\u017eia","item":"https:\/\/spindeja.lt\/"},{"@type":"ListItem","position":2,"name":"Parduotuv\u0117","item":"https:\/\/spindeja.lt\/parduotuve\/"},{"@type":"ListItem","position":3,"name":"Juoda gintarin\u0117 apyrank\u0117"}]},{"@type":"WebSite","@id":"https:\/\/spindeja.lt\/#website","url":"https:\/\/spindeja.lt\/","name":"Spind\u0117ja","description":"Rank\u0173 darbo papuo\u0161alai Jums","publisher":{"@id":"https:\/\/spindeja.lt\/#organization"},"potentialAction":[{"@type":"SearchAction","target":{"@type":"EntryPoint","urlTemplate":"https:\/\/spindeja.lt\/?s={search_term_string}"},"query-input":{"@type":"PropertyValueSpecification","valueRequired":true,"valueName":"search_term_string"}}],"inLanguage":"en-GB"},{"@type":"Organization","@id":"https:\/\/spindeja.lt\/#organization","name":"Spind\u0117ja","url":"https:\/\/spindeja.lt\/","logo":{"@type":"ImageObject","inLanguage":"en-GB","@id":"https:\/\/spindeja.lt\/#\/schema\/logo\/image\/","url":"https:\/\/spindeja.lt\/wp-content\/uploads\/2019\/12\/Layer-2.png","contentUrl":"https:\/\/spindeja.lt\/wp-content\/uploads\/2019\/12\/Layer-2.png","width":915,"height":616,"caption":"Spind\u0117ja"},"image":{"@id":"https:\/\/spindeja.lt\/#\/schema\/logo\/image\/"},"sameAs":["https:\/\/www.facebook.com\/profile.php?id=100063674195191","https:\/\/www.instagram.com\/spindeja\/"]}]}},"uagb_featured_image_src":{"full":["https:\/\/spindeja.lt\/wp-content\/uploads\/2026\/02\/Gintaro_apyranke-1.jpg",880,1168,false],"thumbnail":["https:\/\/spindeja.lt\/wp-content\/uploads\/2026\/02\/Gintaro_apyranke-1-150x150.jpg",150,150,true],"medium":["https:\/\/spindeja.lt\/wp-content\/uploads\/2026\/02\/Gintaro_apyranke-1-226x300.jpg",226,300,true],"medium_large":["https:\/\/spindeja.lt\/wp-content\/uploads\/2026\/02\/Gintaro_apyranke-1-768x1019.jpg",768,1019,true],"large":["https:\/\/spindeja.lt\/wp-content\/uploads\/2026\/02\/Gintaro_apyranke-1-772x1024.jpg",772,1024,true],"1536x1536":["https:\/\/spindeja.lt\/wp-content\/uploads\/2026\/02\/Gintaro_apyranke-1.jpg",880,1168,false],"2048x2048":["https:\/\/spindeja.lt\/wp-content\/uploads\/2026\/02\/Gintaro_apyranke-1.jpg",880,1168,false],"trp-custom-language-flag":["https:\/\/spindeja.lt\/wp-content\/uploads\/2026\/02\/Gintaro_apyranke-1-9x12.jpg",9,12,true],"woocommerce_thumbnail":["https:\/\/spindeja.lt\/wp-content\/uploads\/2026\/02\/Gintaro_apyranke-1-540x540.jpg",540,540,true],"woocommerce_single":["https:\/\/spindeja.lt\/wp-content\/uploads\/2026\/02\/Gintaro_apyranke-1-540x717.jpg",540,717,true],"woocommerce_gallery_thumbnail":["https:\/\/spindeja.lt\/wp-content\/uploads\/2026\/02\/Gintaro_apyranke-1-100x100.jpg",100,100,true]},"uagb_author_info":{"display_name":"spindeja","author_link":"https:\/\/spindeja.lt\/en\/author\/"},"uagb_comment_info":0,"uagb_excerpt":"Subtili apyrank\u0117 i\u0161 presuoto juodo matinio gintaro karoliuk\u0173 (10 mm), spinduliuojanti ramia, bet stipria apsaugine energija. Ji padeda \u012f\u017eeminti, nuraminti mintis ir sustiprinti vidin\u0119 atram\u0105. Puikiai tinka tiems, kurie ie\u0161ko apsaugos, ramyb\u0117s ir vidin\u0117s stipryb\u0117s.","_links":{"self":[{"href":"https:\/\/spindeja.lt\/en\/wp-json\/wp\/v2\/product\/20873","targetHints":{"allow":["GET"]}}],"collection":[{"href":"https:\/\/spindeja.lt\/en\/wp-json\/wp\/v2\/product"}],"about":[{"href":"https:\/\/spindeja.lt\/en\/wp-json\/wp\/v2\/types\/product"}],"replies":[{"embeddable":true,"href":"https:\/\/spindeja.lt\/en\/wp-json\/wp\/v2\/comments?post=20873"}],"wp:featuredmedia":[{"embeddable":true,"href":"https:\/\/spindeja.lt\/en\/wp-json\/wp\/v2\/media\/20890"}],"wp:attachment":[{"href":"https:\/\/spindeja.lt\/en\/wp-json\/wp\/v2\/media?parent=20873"}],"wp:term":[{"taxonomy":"product_brand","embeddable":true,"href":"https:\/\/spindeja.lt\/en\/wp-json\/wp\/v2\/product_brand?post=20873"},{"taxonomy":"product_cat","embeddable":true,"href":"https:\/\/spindeja.lt\/en\/wp-json\/wp\/v2\/product_cat?post=20873"},{"taxonomy":"product_tag","embeddable":true,"href":"https:\/\/spindeja.lt\/en\/wp-json\/wp\/v2\/product_tag?post=20873"}],"curies":[{"name":"wp","href":"https:\/\/api.w.org\/{rel}","templated":true}]}}