{"id":20841,"date":"2025-08-22T18:45:45","date_gmt":"2025-08-22T16:45:45","guid":{"rendered":"https:\/\/spindeja.lt\/?post_type=product&#038;p=20841"},"modified":"2026-05-04T11:33:46","modified_gmt":"2026-05-04T09:33:46","slug":"safyru-kaklo-papuosalas-begalybe","status":"publish","type":"product","link":"https:\/\/spindeja.lt\/en\/product\/safyru-kaklo-papuosalas-begalybe\/","title":{"rendered":"Safyr\u0173 kaklo papuo\u0161alas &#8222;Begalyb\u0117&#8221;"},"content":{"rendered":"<p data-start=\"105\" data-end=\"165\"><strong data-start=\"105\" data-end=\"163\">M\u0117lyn\u0173j\u0173 safyr\u0173 kaklo papuo\u0161alas su begalyb\u0117s simboliu<\/strong><\/p>\n<p data-start=\"167\" data-end=\"504\">Subtilus ir eleganti\u0161kas v\u0117rinys i\u0161 smulki\u0173, 2\u00d73 mm facetuot\u0173 nat\u016brali\u0173 m\u0117lynojo safyro kristal\u0173, dekoruotas begalyb\u0117s formos intarpu &#8211; am\u017einyb\u0117s, harmonijos ir nenutr\u016bkstamo ry\u0161io simboliu. Safyras &#8211; i\u0161minties, tiesos ir vidin\u0117s ramyb\u0117s akmuo, padedantis atrasti ai\u0161kum\u0105, sustiprinti intuicij\u0105 bei sujungti \u0161ird\u012f su auk\u0161tesni\u0105ja s\u0105mone.<\/p>\n<p data-start=\"506\" data-end=\"713\">\u0160is m\u0117lynojo safyro kaklo papuo\u0161alas ypa\u010d tinka moterims, kurios trok\u0161ta vidin\u0117s stipryb\u0117s, nori augti dvasi\u0161kai ir gyventi i\u0161mintingai, i\u0161laikydamos vidin\u0119 ramyb\u0119 net ir audringais gyvenimo laikotarpiais.<\/p>\n<p data-start=\"717\" data-end=\"846\"><em>Spind\u0117jos kristal\u0173 papuo\u0161al\u0173 gamyba &#8211; tai k\u016brybinis ritualas su pozityviomis afirmacijomis ir intuityviu energetiniu pakrovimu.<\/em><\/p>\n<ul data-start=\"715\" data-end=\"1125\">\n<li data-start=\"847\" data-end=\"950\">\n<p data-start=\"849\" data-end=\"950\">Ilgis: 38 cm + 5 cm prailginimo grandin\u0117l\u0117 (galimas individualus ilgis \u2013 susisiekite d\u0117l korekcij\u0173)<\/p>\n<\/li>\n<li data-start=\"847\" data-end=\"950\">\n<p data-start=\"849\" data-end=\"950\">Paauksuoto ner\u016bdijan\u010dio plieno ir \u017ealvario detal\u0117s<\/p>\n<\/li>\n<li data-start=\"847\" data-end=\"950\">\n<p data-start=\"849\" data-end=\"950\">Safyr\u0173 kristalai patikrinti Lietuvos prabavimo r\u016bmuose<\/p>\n<\/li>\n<li data-start=\"847\" data-end=\"950\">Pristatymas &#8211; 3-5 d.d.<\/li>\n<li data-start=\"1081\" data-end=\"1125\">\n<p data-start=\"1083\" data-end=\"1125\">Supakuojamas \u012f \u201eSpind\u0117jos\u201c dovan\u0173 d\u0117\u017eut\u0119<\/p>\n<\/li>\n<\/ul>\n<p data-start=\"1127\" data-end=\"1518\"><strong data-start=\"1127\" data-end=\"1148\">M\u0117lynasis safyras<\/strong> &#8211; tai dvasin\u0117s i\u0161minties, vidin\u0117s ramyb\u0117s ir i\u0161tikimyb\u0117s akmuo. Jis skleid\u017eia ai\u0161kumo, vidin\u0117s tiesos ir kilnaus pasitik\u0117jimo energij\u0105. Safyras ramina prot\u0105, padeda \u012fveikti chaoti\u0161kas mintis, skatina koncentracij\u0105, gil\u0173 m\u0105stym\u0105 ir intuicij\u0105. Tai akmuo, kuris padeda priimti teisingus sprendimus, i\u0161likti tvirtai savo kelyje ir atsiverti auk\u0161tesniajai s\u0105mon\u0117s \u0161viesai.<\/p>\n<p data-start=\"1520\" data-end=\"1704\">Emoci\u0161kai safyras nuramina vidin\u0119 sumai\u0161t\u012f, ma\u017eina nerim\u0105, suteikia stabilumo ir pasitik\u0117jimo ateitimi. Jis padeda paleisti nereikaling\u0105 kontrol\u0119 bei atverti \u0161ird\u012f auk\u0161tesnei meilei.<\/p>\n<p data-start=\"1706\" data-end=\"1953\">Energeti\u0161kai stipriai veikia tre\u010diosios akies ir gerkl\u0117s \u010dakras &#8211; atveria intuicij\u0105, stiprina dvasin\u0119 \u012f\u017evalg\u0105, skatina vidin\u0119 komunikacij\u0105 ir tiesos sakym\u0105. Safyras palaiko dvasin\u012f augim\u0105, padeda gilinti meditacij\u0105 bei sujungti prot\u0105 su \u0161irdimi.<\/p>\n<p data-start=\"1955\" data-end=\"2077\">Fizi\u0161kai gali b\u016bti siejamas su nerv\u0173 sistemos raminimu, miego kokyb\u0117s gerinimu, reg\u0117jimo bei gerkl\u0117s srities stiprinimu.<\/p>\n<p data-start=\"2079\" data-end=\"2179\">Tai akmuo toms, kurios siekia dvasinio augimo, vidin\u0117s ramyb\u0117s ir i\u0161minties \u0161viesos savo gyvenime.<\/p>\n<p data-start=\"2181\" data-end=\"2414\"><em>Kaklo papuo\u0161alas &#8211; v\u0117rinys i\u0161 nat\u016brali\u0173 kristal\u0173, ne\u0161iojamas prie pat kaklo, veikia ypa\u010d stipriai, nes kaklas \u2013 subtili jungtis tarp galvos ir k\u016bno. Tokie v\u0117riniai &#8211; ne tik puo\u0161mena, bet ir stiprus energetinis palaikymas kasdienai.<\/em><\/p>","protected":false},"excerpt":{"rendered":"<p>Eleganti\u0161kas m\u0117lynojo safyro v\u0117rinys su begalyb\u0117s simboliu &#8211; i\u0161minties, ramyb\u0117s ir am\u017eino ry\u0161io \u017eenklas. Facetuoti nat\u016bral\u016bs safyro kristalai subtiliai spindi, suteikdami vidin\u0117s stipryb\u0117s ir dvasin\u0117s \u0161viesos.<\/p>","protected":false},"featured_media":20846,"comment_status":"closed","ping_status":"closed","template":"","meta":{"_uag_custom_page_level_css":"","site-sidebar-layout":"default","site-content-layout":"","ast-site-content-layout":"default","site-content-style":"default","site-sidebar-style":"default","ast-global-header-display":"","ast-banner-title-visibility":"","ast-main-header-display":"","ast-hfb-above-header-display":"","ast-hfb-below-header-display":"","ast-hfb-mobile-header-display":"","site-post-title":"","ast-breadcrumbs-content":"","ast-featured-img":"","footer-sml-layout":"","ast-disable-related-posts":"","theme-transparent-header-meta":"default","adv-header-id-meta":"","stick-header-meta":"default","header-above-stick-meta":"","header-main-stick-meta":"","header-below-stick-meta":"","astra-migrate-meta-layouts":"set","ast-page-background-enabled":"default","ast-page-background-meta":{"desktop":{"background-color":"","background-image":"","background-repeat":"repeat","background-position":"center center","background-size":"auto","background-attachment":"scroll","background-type":"","background-media":"","overlay-type":"","overlay-color":"","overlay-opacity":"","overlay-gradient":""},"tablet":{"background-color":"","background-image":"","background-repeat":"repeat","background-position":"center center","background-size":"auto","background-attachment":"scroll","background-type":"","background-media":"","overlay-type":"","overlay-color":"","overlay-opacity":"","overlay-gradient":""},"mobile":{"background-color":"","background-image":"","background-repeat":"repeat","background-position":"center center","background-size":"auto","background-attachment":"scroll","background-type":"","background-media":"","overlay-type":"","overlay-color":"","overlay-opacity":"","overlay-gradient":""}},"ast-content-background-meta":{"desktop":{"background-color":"var(--ast-global-color-5)","background-image":"","background-repeat":"repeat","background-position":"center center","background-size":"auto","background-attachment":"scroll","background-type":"","background-media":"","overlay-type":"","overlay-color":"","overlay-opacity":"","overlay-gradient":""},"tablet":{"background-color":"var(--ast-global-color-5)","background-image":"","background-repeat":"repeat","background-position":"center center","background-size":"auto","background-attachment":"scroll","background-type":"","background-media":"","overlay-type":"","overlay-color":"","overlay-opacity":"","overlay-gradient":""},"mobile":{"background-color":"var(--ast-global-color-5)","background-image":"","background-repeat":"repeat","background-position":"center center","background-size":"auto","background-attachment":"scroll","background-type":"","background-media":"","overlay-type":"","overlay-color":"","overlay-opacity":"","overlay-gradient":""}}},"product_brand":[],"product_cat":[55,108],"product_tag":[],"class_list":{"0":"post-20841","1":"product","2":"type-product","3":"status-publish","4":"has-post-thumbnail","6":"product_cat-kaklo-papuosalai","7":"product_cat-veriniai","8":"desktop-align-left","9":"tablet-align-left","10":"mobile-align-left","11":"ast-product-gallery-layout-horizontal-slider","12":"ast-product-tabs-layout-horizontal","14":"first","15":"outofstock","16":"shipping-taxable","17":"purchasable","18":"product-type-simple"},"yoast_head":"<!-- This site is optimized with the Yoast SEO plugin v26.9 - https:\/\/yoast.com\/product\/yoast-seo-wordpress\/ -->\n<title>Safyr\u0173 kaklo papuo\u0161alas &quot;Begalyb\u0117&quot; - Spind\u0117ja<\/title>\n<meta name=\"description\" content=\"Safyr\u0173 kaklo papuo\u0161alas &quot;Begalyb\u0117&quot; - Spind\u0117ja Minimalistinis papuo\u0161alas. Auk\u0161ta kokyb\u0117, 100 proc. nat\u016bralumas, pagaminta su meile ir intencijomis.\" \/>\n<meta name=\"robots\" content=\"index, follow, max-snippet:-1, max-image-preview:large, max-video-preview:-1\" \/>\n<link rel=\"canonical\" href=\"https:\/\/spindeja.lt\/en\/product\/safyru-kaklo-papuosalas-begalybe\/\" \/>\n<meta property=\"og:locale\" content=\"en_GB\" \/>\n<meta property=\"og:type\" content=\"article\" \/>\n<meta property=\"og:title\" content=\"Safyr\u0173 kaklo papuo\u0161alas &quot;Begalyb\u0117&quot; - Spind\u0117ja\" \/>\n<meta property=\"og:description\" content=\"Safyr\u0173 kaklo papuo\u0161alas &quot;Begalyb\u0117&quot; - Spind\u0117ja Minimalistinis papuo\u0161alas. Auk\u0161ta kokyb\u0117, 100 proc. nat\u016bralumas, pagaminta su meile ir intencijomis.\" \/>\n<meta property=\"og:url\" content=\"https:\/\/spindeja.lt\/en\/product\/safyru-kaklo-papuosalas-begalybe\/\" \/>\n<meta property=\"og:site_name\" content=\"Spind\u0117ja\" \/>\n<meta property=\"article:publisher\" content=\"https:\/\/www.facebook.com\/profile.php?id=100063674195191\" \/>\n<meta property=\"article:modified_time\" content=\"2026-05-04T09:33:46+00:00\" \/>\n<meta property=\"og:image\" content=\"https:\/\/spindeja.lt\/wp-content\/uploads\/2025\/08\/Safyru_verinys4.webp\" \/>\n\t<meta property=\"og:image:width\" content=\"750\" \/>\n\t<meta property=\"og:image:height\" content=\"1000\" \/>\n\t<meta property=\"og:image:type\" content=\"image\/webp\" \/>\n<meta name=\"twitter:card\" content=\"summary_large_image\" \/>\n<meta name=\"twitter:label1\" content=\"Estimated reading time\" \/>\n\t<meta name=\"twitter:data1\" content=\"2 minutes\" \/>\n<script type=\"application\/ld+json\" class=\"yoast-schema-graph\">{\"@context\":\"https:\/\/schema.org\",\"@graph\":[{\"@type\":\"WebPage\",\"@id\":\"https:\/\/spindeja.lt\/produktas\/safyru-kaklo-papuosalas-begalybe\/\",\"url\":\"https:\/\/spindeja.lt\/produktas\/safyru-kaklo-papuosalas-begalybe\/\",\"name\":\"Safyr\u0173 kaklo papuo\u0161alas \\\"Begalyb\u0117\\\" - Spind\u0117ja\",\"isPartOf\":{\"@id\":\"https:\/\/spindeja.lt\/#website\"},\"primaryImageOfPage\":{\"@id\":\"https:\/\/spindeja.lt\/produktas\/safyru-kaklo-papuosalas-begalybe\/#primaryimage\"},\"image\":{\"@id\":\"https:\/\/spindeja.lt\/produktas\/safyru-kaklo-papuosalas-begalybe\/#primaryimage\"},\"thumbnailUrl\":\"https:\/\/spindeja.lt\/wp-content\/uploads\/2025\/08\/Safyru_verinys4.webp\",\"datePublished\":\"2025-08-22T16:45:45+00:00\",\"dateModified\":\"2026-05-04T09:33:46+00:00\",\"description\":\"Safyr\u0173 kaklo papuo\u0161alas \\\"Begalyb\u0117\\\" - Spind\u0117ja Minimalistinis papuo\u0161alas. Auk\u0161ta kokyb\u0117, 100 proc. nat\u016bralumas, pagaminta su meile ir intencijomis.\",\"breadcrumb\":{\"@id\":\"https:\/\/spindeja.lt\/produktas\/safyru-kaklo-papuosalas-begalybe\/#breadcrumb\"},\"inLanguage\":\"en-GB\",\"potentialAction\":[{\"@type\":\"ReadAction\",\"target\":[\"https:\/\/spindeja.lt\/produktas\/safyru-kaklo-papuosalas-begalybe\/\"]}]},{\"@type\":\"ImageObject\",\"inLanguage\":\"en-GB\",\"@id\":\"https:\/\/spindeja.lt\/produktas\/safyru-kaklo-papuosalas-begalybe\/#primaryimage\",\"url\":\"https:\/\/spindeja.lt\/wp-content\/uploads\/2025\/08\/Safyru_verinys4.webp\",\"contentUrl\":\"https:\/\/spindeja.lt\/wp-content\/uploads\/2025\/08\/Safyru_verinys4.webp\",\"width\":750,\"height\":1000,\"caption\":\"safyr\u0173 v\u0117rinys\"},{\"@type\":\"BreadcrumbList\",\"@id\":\"https:\/\/spindeja.lt\/produktas\/safyru-kaklo-papuosalas-begalybe\/#breadcrumb\",\"itemListElement\":[{\"@type\":\"ListItem\",\"position\":1,\"name\":\"Prad\u017eia\",\"item\":\"https:\/\/spindeja.lt\/\"},{\"@type\":\"ListItem\",\"position\":2,\"name\":\"Parduotuv\u0117\",\"item\":\"https:\/\/spindeja.lt\/parduotuve\/\"},{\"@type\":\"ListItem\",\"position\":3,\"name\":\"Safyr\u0173 kaklo papuo\u0161alas &#8222;Begalyb\u0117&#8221;\"}]},{\"@type\":\"WebSite\",\"@id\":\"https:\/\/spindeja.lt\/#website\",\"url\":\"https:\/\/spindeja.lt\/\",\"name\":\"Spind\u0117ja\",\"description\":\"Rank\u0173 darbo papuo\u0161alai Jums\",\"publisher\":{\"@id\":\"https:\/\/spindeja.lt\/#organization\"},\"potentialAction\":[{\"@type\":\"SearchAction\",\"target\":{\"@type\":\"EntryPoint\",\"urlTemplate\":\"https:\/\/spindeja.lt\/?s={search_term_string}\"},\"query-input\":{\"@type\":\"PropertyValueSpecification\",\"valueRequired\":true,\"valueName\":\"search_term_string\"}}],\"inLanguage\":\"en-GB\"},{\"@type\":\"Organization\",\"@id\":\"https:\/\/spindeja.lt\/#organization\",\"name\":\"Spind\u0117ja\",\"url\":\"https:\/\/spindeja.lt\/\",\"logo\":{\"@type\":\"ImageObject\",\"inLanguage\":\"en-GB\",\"@id\":\"https:\/\/spindeja.lt\/#\/schema\/logo\/image\/\",\"url\":\"https:\/\/spindeja.lt\/wp-content\/uploads\/2019\/12\/Layer-2.png\",\"contentUrl\":\"https:\/\/spindeja.lt\/wp-content\/uploads\/2019\/12\/Layer-2.png\",\"width\":915,\"height\":616,\"caption\":\"Spind\u0117ja\"},\"image\":{\"@id\":\"https:\/\/spindeja.lt\/#\/schema\/logo\/image\/\"},\"sameAs\":[\"https:\/\/www.facebook.com\/profile.php?id=100063674195191\",\"https:\/\/www.instagram.com\/spindeja\/\"]}]}<\/script>\n<!-- \/ Yoast SEO plugin. -->","yoast_head_json":{"title":"Safyr\u0173 kaklo papuo\u0161alas \"Begalyb\u0117\" - Spind\u0117ja","description":"Safyr\u0173 kaklo papuo\u0161alas \"Begalyb\u0117\" - Spind\u0117ja Minimalistinis papuo\u0161alas. Auk\u0161ta kokyb\u0117, 100 proc. nat\u016bralumas, pagaminta su meile ir intencijomis.","robots":{"index":"index","follow":"follow","max-snippet":"max-snippet:-1","max-image-preview":"max-image-preview:large","max-video-preview":"max-video-preview:-1"},"canonical":"https:\/\/spindeja.lt\/en\/product\/safyru-kaklo-papuosalas-begalybe\/","og_locale":"en_GB","og_type":"article","og_title":"Safyr\u0173 kaklo papuo\u0161alas \"Begalyb\u0117\" - Spind\u0117ja","og_description":"Safyr\u0173 kaklo papuo\u0161alas \"Begalyb\u0117\" - Spind\u0117ja Minimalistinis papuo\u0161alas. Auk\u0161ta kokyb\u0117, 100 proc. nat\u016bralumas, pagaminta su meile ir intencijomis.","og_url":"https:\/\/spindeja.lt\/en\/product\/safyru-kaklo-papuosalas-begalybe\/","og_site_name":"Spind\u0117ja","article_publisher":"https:\/\/www.facebook.com\/profile.php?id=100063674195191","article_modified_time":"2026-05-04T09:33:46+00:00","og_image":[{"width":750,"height":1000,"url":"https:\/\/spindeja.lt\/wp-content\/uploads\/2025\/08\/Safyru_verinys4.webp","type":"image\/webp"}],"twitter_card":"summary_large_image","twitter_misc":{"Estimated reading time":"2 minutes"},"schema":{"@context":"https:\/\/schema.org","@graph":[{"@type":"WebPage","@id":"https:\/\/spindeja.lt\/produktas\/safyru-kaklo-papuosalas-begalybe\/","url":"https:\/\/spindeja.lt\/produktas\/safyru-kaklo-papuosalas-begalybe\/","name":"Safyr\u0173 kaklo papuo\u0161alas \"Begalyb\u0117\" - Spind\u0117ja","isPartOf":{"@id":"https:\/\/spindeja.lt\/#website"},"primaryImageOfPage":{"@id":"https:\/\/spindeja.lt\/produktas\/safyru-kaklo-papuosalas-begalybe\/#primaryimage"},"image":{"@id":"https:\/\/spindeja.lt\/produktas\/safyru-kaklo-papuosalas-begalybe\/#primaryimage"},"thumbnailUrl":"https:\/\/spindeja.lt\/wp-content\/uploads\/2025\/08\/Safyru_verinys4.webp","datePublished":"2025-08-22T16:45:45+00:00","dateModified":"2026-05-04T09:33:46+00:00","description":"Safyr\u0173 kaklo papuo\u0161alas \"Begalyb\u0117\" - Spind\u0117ja Minimalistinis papuo\u0161alas. Auk\u0161ta kokyb\u0117, 100 proc. nat\u016bralumas, pagaminta su meile ir intencijomis.","breadcrumb":{"@id":"https:\/\/spindeja.lt\/produktas\/safyru-kaklo-papuosalas-begalybe\/#breadcrumb"},"inLanguage":"en-GB","potentialAction":[{"@type":"ReadAction","target":["https:\/\/spindeja.lt\/produktas\/safyru-kaklo-papuosalas-begalybe\/"]}]},{"@type":"ImageObject","inLanguage":"en-GB","@id":"https:\/\/spindeja.lt\/produktas\/safyru-kaklo-papuosalas-begalybe\/#primaryimage","url":"https:\/\/spindeja.lt\/wp-content\/uploads\/2025\/08\/Safyru_verinys4.webp","contentUrl":"https:\/\/spindeja.lt\/wp-content\/uploads\/2025\/08\/Safyru_verinys4.webp","width":750,"height":1000,"caption":"safyr\u0173 v\u0117rinys"},{"@type":"BreadcrumbList","@id":"https:\/\/spindeja.lt\/produktas\/safyru-kaklo-papuosalas-begalybe\/#breadcrumb","itemListElement":[{"@type":"ListItem","position":1,"name":"Prad\u017eia","item":"https:\/\/spindeja.lt\/"},{"@type":"ListItem","position":2,"name":"Parduotuv\u0117","item":"https:\/\/spindeja.lt\/parduotuve\/"},{"@type":"ListItem","position":3,"name":"Safyr\u0173 kaklo papuo\u0161alas &#8222;Begalyb\u0117&#8221;"}]},{"@type":"WebSite","@id":"https:\/\/spindeja.lt\/#website","url":"https:\/\/spindeja.lt\/","name":"Spind\u0117ja","description":"Rank\u0173 darbo papuo\u0161alai Jums","publisher":{"@id":"https:\/\/spindeja.lt\/#organization"},"potentialAction":[{"@type":"SearchAction","target":{"@type":"EntryPoint","urlTemplate":"https:\/\/spindeja.lt\/?s={search_term_string}"},"query-input":{"@type":"PropertyValueSpecification","valueRequired":true,"valueName":"search_term_string"}}],"inLanguage":"en-GB"},{"@type":"Organization","@id":"https:\/\/spindeja.lt\/#organization","name":"Spind\u0117ja","url":"https:\/\/spindeja.lt\/","logo":{"@type":"ImageObject","inLanguage":"en-GB","@id":"https:\/\/spindeja.lt\/#\/schema\/logo\/image\/","url":"https:\/\/spindeja.lt\/wp-content\/uploads\/2019\/12\/Layer-2.png","contentUrl":"https:\/\/spindeja.lt\/wp-content\/uploads\/2019\/12\/Layer-2.png","width":915,"height":616,"caption":"Spind\u0117ja"},"image":{"@id":"https:\/\/spindeja.lt\/#\/schema\/logo\/image\/"},"sameAs":["https:\/\/www.facebook.com\/profile.php?id=100063674195191","https:\/\/www.instagram.com\/spindeja\/"]}]}},"uagb_featured_image_src":{"full":["https:\/\/spindeja.lt\/wp-content\/uploads\/2025\/08\/Safyru_verinys4.webp",750,1000,false],"thumbnail":["https:\/\/spindeja.lt\/wp-content\/uploads\/2025\/08\/Safyru_verinys4-150x150.webp",150,150,true],"medium":["https:\/\/spindeja.lt\/wp-content\/uploads\/2025\/08\/Safyru_verinys4-225x300.webp",225,300,true],"medium_large":["https:\/\/spindeja.lt\/wp-content\/uploads\/2025\/08\/Safyru_verinys4.webp",750,1000,false],"large":["https:\/\/spindeja.lt\/wp-content\/uploads\/2025\/08\/Safyru_verinys4.webp",750,1000,false],"1536x1536":["https:\/\/spindeja.lt\/wp-content\/uploads\/2025\/08\/Safyru_verinys4.webp",750,1000,false],"2048x2048":["https:\/\/spindeja.lt\/wp-content\/uploads\/2025\/08\/Safyru_verinys4.webp",750,1000,false],"trp-custom-language-flag":["https:\/\/spindeja.lt\/wp-content\/uploads\/2025\/08\/Safyru_verinys4-9x12.webp",9,12,true],"woocommerce_thumbnail":["https:\/\/spindeja.lt\/wp-content\/uploads\/2025\/08\/Safyru_verinys4-540x540.webp",540,540,true],"woocommerce_single":["https:\/\/spindeja.lt\/wp-content\/uploads\/2025\/08\/Safyru_verinys4-540x720.webp",540,720,true],"woocommerce_gallery_thumbnail":["https:\/\/spindeja.lt\/wp-content\/uploads\/2025\/08\/Safyru_verinys4-100x100.webp",100,100,true]},"uagb_author_info":{"display_name":"spindeja","author_link":"https:\/\/spindeja.lt\/en\/author\/"},"uagb_comment_info":0,"uagb_excerpt":"Eleganti\u0161kas m\u0117lynojo safyro v\u0117rinys su begalyb\u0117s simboliu - i\u0161minties, ramyb\u0117s ir am\u017eino ry\u0161io \u017eenklas. Facetuoti nat\u016bral\u016bs safyro kristalai subtiliai spindi, suteikdami vidin\u0117s stipryb\u0117s ir dvasin\u0117s \u0161viesos.","_links":{"self":[{"href":"https:\/\/spindeja.lt\/en\/wp-json\/wp\/v2\/product\/20841","targetHints":{"allow":["GET"]}}],"collection":[{"href":"https:\/\/spindeja.lt\/en\/wp-json\/wp\/v2\/product"}],"about":[{"href":"https:\/\/spindeja.lt\/en\/wp-json\/wp\/v2\/types\/product"}],"replies":[{"embeddable":true,"href":"https:\/\/spindeja.lt\/en\/wp-json\/wp\/v2\/comments?post=20841"}],"wp:featuredmedia":[{"embeddable":true,"href":"https:\/\/spindeja.lt\/en\/wp-json\/wp\/v2\/media\/20846"}],"wp:attachment":[{"href":"https:\/\/spindeja.lt\/en\/wp-json\/wp\/v2\/media?parent=20841"}],"wp:term":[{"taxonomy":"product_brand","embeddable":true,"href":"https:\/\/spindeja.lt\/en\/wp-json\/wp\/v2\/product_brand?post=20841"},{"taxonomy":"product_cat","embeddable":true,"href":"https:\/\/spindeja.lt\/en\/wp-json\/wp\/v2\/product_cat?post=20841"},{"taxonomy":"product_tag","embeddable":true,"href":"https:\/\/spindeja.lt\/en\/wp-json\/wp\/v2\/product_tag?post=20841"}],"curies":[{"name":"wp","href":"https:\/\/api.w.org\/{rel}","templated":true}]}}