{"id":20825,"date":"2025-08-11T20:07:24","date_gmt":"2025-08-11T18:07:24","guid":{"rendered":"https:\/\/spindeja.lt\/?post_type=product&#038;p=20825"},"modified":"2026-04-11T15:25:39","modified_gmt":"2026-04-11T13:25:39","slug":"topazo-kaklo-papuosalas","status":"publish","type":"product","link":"https:\/\/spindeja.lt\/en\/product\/topazo-kaklo-papuosalas\/","title":{"rendered":"Topazo kaklo papuo\u0161alas &#8222;Vandenyno \u0161viesa&#8221;"},"content":{"rendered":"<p data-start=\"212\" data-end=\"296\"><strong data-start=\"212\" data-end=\"296\">Melsvojo topazo kristal\u0173 kaklo papuo\u0161alas su kriaukl\u0117s pakabuku<\/strong><\/p>\n<p data-start=\"298\" data-end=\"619\">Subtilus, eleganti\u0161kas v\u0117rinys i\u0161 smulki\u0173, 3 mm facetuot\u0173 nat\u016brali\u0173 melsvojo topazo kristal\u0173, dekoruotas kriaukl\u0117s formos pakabuku &#8211; vandens, intuicijos ir moteri\u0161kos i\u0161minties simboliu. Topazas skleid\u017eia ai\u0161kumo, k\u016brybin\u0117s i\u0161rai\u0161kos ir pasitik\u0117jimo savimi energij\u0105, padeda atrasti vidin\u012f balans\u0105 bei pritraukti gaus\u0105 ir pozityvias permainas.<\/p>\n<p data-start=\"777\" data-end=\"915\"><em>Spind\u0117jos kristal\u0173 papuo\u0161al\u0173 gamyba &#8211; tai k\u016brybinis ritualas su pozityviomis afirmacijomis ir intuityviu energetiniu pakrovimu.<\/em><\/p>\n<ul data-start=\"917\" data-end=\"1207\">\n<li data-start=\"917\" data-end=\"933\">\n<p data-start=\"919\" data-end=\"933\">Ilgis: 42 cm<\/p>\n<\/li>\n<li data-start=\"934\" data-end=\"988\">\n<p data-start=\"936\" data-end=\"988\">Paauksuoto ner\u016bdijan\u010dio plieno ir \u017ealvario detal\u0117s<\/p>\n<\/li>\n<li data-start=\"989\" data-end=\"1037\">\n<p data-start=\"991\" data-end=\"1037\">Turimas vietoje &#8211; i\u0161siun\u010diamas per 1\u20132 d. d.<\/p>\n<\/li>\n<li data-start=\"1038\" data-end=\"1086\">\n<p data-start=\"1040\" data-end=\"1086\">Individualiems u\u017esakymams &#8211; 5\u20139 d. d. gamyba<\/p>\n<\/li>\n<li data-start=\"1087\" data-end=\"1162\">\n<p data-start=\"1089\" data-end=\"1162\">Galimas individualus ilgis (esant poreikiui, susisiekite d\u0117l korekcij\u0173)<\/p>\n<\/li>\n<li data-start=\"1163\" data-end=\"1207\">\n<p data-start=\"1165\" data-end=\"1207\">Supakuojamas \u012f \u201eSpind\u0117jos\u201c dovan\u0173 d\u0117\u017eut\u0119<\/p>\n<\/li>\n<\/ul>\n<p>Prie \u0161io v\u0117rinio galite \u012fsigyti paauksuoto ner\u016bdijan\u010dio plieno grandin\u0117l\u0119 su topazo karoliuk\u0173 pakabuku (\u017ei\u016br\u0117ti pasirinkimo variantus).<\/p>\n<hr data-start=\"1209\" data-end=\"1214\" \/>\n<p data-start=\"1216\" data-end=\"1554\"><strong>Melsvasis topazas<\/strong> &#8211; ramyb\u0117s, skaidrumo ir k\u016brybin\u0117s i\u0161rai\u0161kos kristalas, stiprinantis vaizduot\u0119 ir geb\u0117jim\u0105 pritraukti tai, ko trok\u0161tame. Jis padeda atskleisti vidin\u012f potencial\u0105, skatina ry\u017et\u0105, k\u016brybi\u0161kum\u0105 ir pasitik\u0117jim\u0105 savimi. \u0160is akmuo suaktyvina m\u0105stym\u0105, pary\u0161kina talentus, apsaugo nuo neigiam\u0173 energij\u0173 ir palaiko pozityv\u0173 po\u017ei\u016br\u012f \u012f gyvenim\u0105. Nuo sen\u0173 laik\u0173 tikima, kad topazo papuo\u0161alas atne\u0161a gaus\u0105, gerov\u0119 ir ger\u0105 sveikat\u0105 savo \u0161eimininkui.<\/p>\n<p data-start=\"1556\" data-end=\"1709\">Energeti\u0161kai m\u0117lynasis topazas stiprina <strong>gerkl\u0117s \u010dakr\u0105<\/strong> &#8211; skatina laisv\u0105 ir nuo\u0161ird\u0173 bendravim\u0105, padeda atrasti ir i\u0161reik\u0161ti vidin\u0119 ties\u0105, skatina s\u0105moningum\u0105, komunikabilum\u0105.<\/p>\n<p data-start=\"1556\" data-end=\"1709\">Fizi\u0161kai siejamas su nerv\u0173 sistemos balansu, gali pad\u0117ti suma\u017einti \u012ftamp\u0105, skatinti emocin\u012f lengvum\u0105.<\/p>\n<p data-start=\"1711\" data-end=\"1907\"><strong data-start=\"1711\" data-end=\"1734\">Kriaukl\u0117s pakabukas<\/strong> \u0161\u012f v\u0117rin\u012f papildomai \u012fkrauna <strong data-start=\"1764\" data-end=\"1785\">vandens stichijos<\/strong> energija &#8211; jautrumu, tek\u0117jimu, lankstumu, geb\u0117jimu prisitaikyti ir i\u0161likti harmoningai savimi \u012fvairiose gyvenimo t\u0117km\u0117se.<\/p>\n<hr data-start=\"2102\" data-end=\"2107\" \/>\n<p data-start=\"2109\" data-end=\"2349\"><em>Kaklo papuo\u0161alas \u2013 v\u0117rinys i\u0161 nat\u016brali\u0173 kristal\u0173, ne\u0161iojamas prie pat kaklo, veikia ypa\u010d stipriai, nes kaklas \u2013 subtili jungtis tarp galvos ir k\u016bno. Tokie v\u0117riniai \u2013 ne tik puo\u0161mena, bet ir stiprus energetinis palaikymas kasdienai.<\/em><\/p>","protected":false},"excerpt":{"rendered":"<p>Minimalistinis kaklo papuo\u0161alas i\u0161 topazo kristal\u0173 su kriaukl\u0117s pakabuku &#8211; savirealizacijai, gerovei ir dvasiniam augimui.<\/p>","protected":false},"featured_media":20826,"comment_status":"closed","ping_status":"closed","template":"","meta":{"_uag_custom_page_level_css":"","site-sidebar-layout":"default","site-content-layout":"","ast-site-content-layout":"default","site-content-style":"default","site-sidebar-style":"default","ast-global-header-display":"","ast-banner-title-visibility":"","ast-main-header-display":"","ast-hfb-above-header-display":"","ast-hfb-below-header-display":"","ast-hfb-mobile-header-display":"","site-post-title":"","ast-breadcrumbs-content":"","ast-featured-img":"","footer-sml-layout":"","ast-disable-related-posts":"","theme-transparent-header-meta":"default","adv-header-id-meta":"","stick-header-meta":"default","header-above-stick-meta":"","header-main-stick-meta":"","header-below-stick-meta":"","astra-migrate-meta-layouts":"set","ast-page-background-enabled":"default","ast-page-background-meta":{"desktop":{"background-color":"","background-image":"","background-repeat":"repeat","background-position":"center center","background-size":"auto","background-attachment":"scroll","background-type":"","background-media":"","overlay-type":"","overlay-color":"","overlay-opacity":"","overlay-gradient":""},"tablet":{"background-color":"","background-image":"","background-repeat":"repeat","background-position":"center center","background-size":"auto","background-attachment":"scroll","background-type":"","background-media":"","overlay-type":"","overlay-color":"","overlay-opacity":"","overlay-gradient":""},"mobile":{"background-color":"","background-image":"","background-repeat":"repeat","background-position":"center center","background-size":"auto","background-attachment":"scroll","background-type":"","background-media":"","overlay-type":"","overlay-color":"","overlay-opacity":"","overlay-gradient":""}},"ast-content-background-meta":{"desktop":{"background-color":"var(--ast-global-color-5)","background-image":"","background-repeat":"repeat","background-position":"center center","background-size":"auto","background-attachment":"scroll","background-type":"","background-media":"","overlay-type":"","overlay-color":"","overlay-opacity":"","overlay-gradient":""},"tablet":{"background-color":"var(--ast-global-color-5)","background-image":"","background-repeat":"repeat","background-position":"center center","background-size":"auto","background-attachment":"scroll","background-type":"","background-media":"","overlay-type":"","overlay-color":"","overlay-opacity":"","overlay-gradient":""},"mobile":{"background-color":"var(--ast-global-color-5)","background-image":"","background-repeat":"repeat","background-position":"center center","background-size":"auto","background-attachment":"scroll","background-type":"","background-media":"","overlay-type":"","overlay-color":"","overlay-opacity":"","overlay-gradient":""}}},"product_brand":[],"product_cat":[55,108],"product_tag":[],"class_list":{"0":"post-20825","1":"product","2":"type-product","3":"status-publish","4":"has-post-thumbnail","6":"product_cat-kaklo-papuosalai","7":"product_cat-veriniai","8":"desktop-align-left","9":"tablet-align-left","10":"mobile-align-left","11":"ast-product-gallery-layout-horizontal-slider","12":"ast-product-single-variable","13":"ast-product-tabs-layout-horizontal","15":"first","16":"instock","17":"shipping-taxable","18":"purchasable","19":"product-type-variable"},"yoast_head":"<!-- This site is optimized with the Yoast SEO plugin v26.9 - https:\/\/yoast.com\/product\/yoast-seo-wordpress\/ -->\n<title>Topazo kaklo papuo\u0161alas &quot;Vandenyno \u0161viesa&quot; - Spind\u0117ja<\/title>\n<meta name=\"description\" content=\"Topazo kaklo papuo\u0161alas &quot;Vandenyno \u0161viesa&quot; - Spind\u0117ja Minimalistinis kaklo papuo\u0161alas i\u0161 m\u0117lynojo topazo kristal\u0173. Auk\u0161ta kokyb\u0117, 100 proc. nat\u016bralumas.\" \/>\n<meta name=\"robots\" content=\"index, follow, max-snippet:-1, max-image-preview:large, max-video-preview:-1\" \/>\n<link rel=\"canonical\" href=\"https:\/\/spindeja.lt\/en\/product\/topazo-kaklo-papuosalas\/\" \/>\n<meta property=\"og:locale\" content=\"en_GB\" \/>\n<meta property=\"og:type\" content=\"article\" \/>\n<meta property=\"og:title\" content=\"Topazo kaklo papuo\u0161alas &quot;Vandenyno \u0161viesa&quot; - Spind\u0117ja\" \/>\n<meta property=\"og:description\" content=\"Topazo kaklo papuo\u0161alas &quot;Vandenyno \u0161viesa&quot; - Spind\u0117ja Minimalistinis kaklo papuo\u0161alas i\u0161 m\u0117lynojo topazo kristal\u0173. Auk\u0161ta kokyb\u0117, 100 proc. nat\u016bralumas.\" \/>\n<meta property=\"og:url\" content=\"https:\/\/spindeja.lt\/en\/product\/topazo-kaklo-papuosalas\/\" \/>\n<meta property=\"og:site_name\" content=\"Spind\u0117ja\" \/>\n<meta property=\"article:publisher\" content=\"https:\/\/www.facebook.com\/profile.php?id=100063674195191\" \/>\n<meta property=\"article:modified_time\" content=\"2026-04-11T13:25:39+00:00\" \/>\n<meta property=\"og:image\" content=\"https:\/\/spindeja.lt\/wp-content\/uploads\/2025\/08\/Topazo_verinys.webp\" \/>\n\t<meta property=\"og:image:width\" content=\"533\" \/>\n\t<meta property=\"og:image:height\" content=\"800\" \/>\n\t<meta property=\"og:image:type\" content=\"image\/webp\" \/>\n<meta name=\"twitter:card\" content=\"summary_large_image\" \/>\n<meta name=\"twitter:label1\" content=\"Estimated reading time\" \/>\n\t<meta name=\"twitter:data1\" content=\"2 minutes\" \/>\n<script type=\"application\/ld+json\" class=\"yoast-schema-graph\">{\"@context\":\"https:\/\/schema.org\",\"@graph\":[{\"@type\":\"WebPage\",\"@id\":\"https:\/\/spindeja.lt\/produktas\/topazo-kaklo-papuosalas\/\",\"url\":\"https:\/\/spindeja.lt\/produktas\/topazo-kaklo-papuosalas\/\",\"name\":\"Topazo kaklo papuo\u0161alas \\\"Vandenyno \u0161viesa\\\" - Spind\u0117ja\",\"isPartOf\":{\"@id\":\"https:\/\/spindeja.lt\/#website\"},\"primaryImageOfPage\":{\"@id\":\"https:\/\/spindeja.lt\/produktas\/topazo-kaklo-papuosalas\/#primaryimage\"},\"image\":{\"@id\":\"https:\/\/spindeja.lt\/produktas\/topazo-kaklo-papuosalas\/#primaryimage\"},\"thumbnailUrl\":\"https:\/\/spindeja.lt\/wp-content\/uploads\/2025\/08\/Topazo_verinys.webp\",\"datePublished\":\"2025-08-11T18:07:24+00:00\",\"dateModified\":\"2026-04-11T13:25:39+00:00\",\"description\":\"Topazo kaklo papuo\u0161alas \\\"Vandenyno \u0161viesa\\\" - Spind\u0117ja Minimalistinis kaklo papuo\u0161alas i\u0161 m\u0117lynojo topazo kristal\u0173. Auk\u0161ta kokyb\u0117, 100 proc. nat\u016bralumas.\",\"breadcrumb\":{\"@id\":\"https:\/\/spindeja.lt\/produktas\/topazo-kaklo-papuosalas\/#breadcrumb\"},\"inLanguage\":\"en-GB\",\"potentialAction\":[{\"@type\":\"ReadAction\",\"target\":[\"https:\/\/spindeja.lt\/produktas\/topazo-kaklo-papuosalas\/\"]}]},{\"@type\":\"ImageObject\",\"inLanguage\":\"en-GB\",\"@id\":\"https:\/\/spindeja.lt\/produktas\/topazo-kaklo-papuosalas\/#primaryimage\",\"url\":\"https:\/\/spindeja.lt\/wp-content\/uploads\/2025\/08\/Topazo_verinys.webp\",\"contentUrl\":\"https:\/\/spindeja.lt\/wp-content\/uploads\/2025\/08\/Topazo_verinys.webp\",\"width\":533,\"height\":800,\"caption\":\"Topazo v\u0117rinys\"},{\"@type\":\"BreadcrumbList\",\"@id\":\"https:\/\/spindeja.lt\/produktas\/topazo-kaklo-papuosalas\/#breadcrumb\",\"itemListElement\":[{\"@type\":\"ListItem\",\"position\":1,\"name\":\"Prad\u017eia\",\"item\":\"https:\/\/spindeja.lt\/\"},{\"@type\":\"ListItem\",\"position\":2,\"name\":\"Parduotuv\u0117\",\"item\":\"https:\/\/spindeja.lt\/parduotuve\/\"},{\"@type\":\"ListItem\",\"position\":3,\"name\":\"Topazo kaklo papuo\u0161alas &#8222;Vandenyno \u0161viesa&#8221;\"}]},{\"@type\":\"WebSite\",\"@id\":\"https:\/\/spindeja.lt\/#website\",\"url\":\"https:\/\/spindeja.lt\/\",\"name\":\"Spind\u0117ja\",\"description\":\"Rank\u0173 darbo papuo\u0161alai Jums\",\"publisher\":{\"@id\":\"https:\/\/spindeja.lt\/#organization\"},\"potentialAction\":[{\"@type\":\"SearchAction\",\"target\":{\"@type\":\"EntryPoint\",\"urlTemplate\":\"https:\/\/spindeja.lt\/?s={search_term_string}\"},\"query-input\":{\"@type\":\"PropertyValueSpecification\",\"valueRequired\":true,\"valueName\":\"search_term_string\"}}],\"inLanguage\":\"en-GB\"},{\"@type\":\"Organization\",\"@id\":\"https:\/\/spindeja.lt\/#organization\",\"name\":\"Spind\u0117ja\",\"url\":\"https:\/\/spindeja.lt\/\",\"logo\":{\"@type\":\"ImageObject\",\"inLanguage\":\"en-GB\",\"@id\":\"https:\/\/spindeja.lt\/#\/schema\/logo\/image\/\",\"url\":\"https:\/\/spindeja.lt\/wp-content\/uploads\/2019\/12\/Layer-2.png\",\"contentUrl\":\"https:\/\/spindeja.lt\/wp-content\/uploads\/2019\/12\/Layer-2.png\",\"width\":915,\"height\":616,\"caption\":\"Spind\u0117ja\"},\"image\":{\"@id\":\"https:\/\/spindeja.lt\/#\/schema\/logo\/image\/\"},\"sameAs\":[\"https:\/\/www.facebook.com\/profile.php?id=100063674195191\",\"https:\/\/www.instagram.com\/spindeja\/\"]}]}<\/script>\n<!-- \/ Yoast SEO plugin. -->","yoast_head_json":{"title":"Topazo kaklo papuo\u0161alas \"Vandenyno \u0161viesa\" - Spind\u0117ja","description":"Topazo kaklo papuo\u0161alas \"Vandenyno \u0161viesa\" - Spind\u0117ja Minimalistinis kaklo papuo\u0161alas i\u0161 m\u0117lynojo topazo kristal\u0173. Auk\u0161ta kokyb\u0117, 100 proc. nat\u016bralumas.","robots":{"index":"index","follow":"follow","max-snippet":"max-snippet:-1","max-image-preview":"max-image-preview:large","max-video-preview":"max-video-preview:-1"},"canonical":"https:\/\/spindeja.lt\/en\/product\/topazo-kaklo-papuosalas\/","og_locale":"en_GB","og_type":"article","og_title":"Topazo kaklo papuo\u0161alas \"Vandenyno \u0161viesa\" - Spind\u0117ja","og_description":"Topazo kaklo papuo\u0161alas \"Vandenyno \u0161viesa\" - Spind\u0117ja Minimalistinis kaklo papuo\u0161alas i\u0161 m\u0117lynojo topazo kristal\u0173. Auk\u0161ta kokyb\u0117, 100 proc. nat\u016bralumas.","og_url":"https:\/\/spindeja.lt\/en\/product\/topazo-kaklo-papuosalas\/","og_site_name":"Spind\u0117ja","article_publisher":"https:\/\/www.facebook.com\/profile.php?id=100063674195191","article_modified_time":"2026-04-11T13:25:39+00:00","og_image":[{"width":533,"height":800,"url":"https:\/\/spindeja.lt\/wp-content\/uploads\/2025\/08\/Topazo_verinys.webp","type":"image\/webp"}],"twitter_card":"summary_large_image","twitter_misc":{"Estimated reading time":"2 minutes"},"schema":{"@context":"https:\/\/schema.org","@graph":[{"@type":"WebPage","@id":"https:\/\/spindeja.lt\/produktas\/topazo-kaklo-papuosalas\/","url":"https:\/\/spindeja.lt\/produktas\/topazo-kaklo-papuosalas\/","name":"Topazo kaklo papuo\u0161alas \"Vandenyno \u0161viesa\" - Spind\u0117ja","isPartOf":{"@id":"https:\/\/spindeja.lt\/#website"},"primaryImageOfPage":{"@id":"https:\/\/spindeja.lt\/produktas\/topazo-kaklo-papuosalas\/#primaryimage"},"image":{"@id":"https:\/\/spindeja.lt\/produktas\/topazo-kaklo-papuosalas\/#primaryimage"},"thumbnailUrl":"https:\/\/spindeja.lt\/wp-content\/uploads\/2025\/08\/Topazo_verinys.webp","datePublished":"2025-08-11T18:07:24+00:00","dateModified":"2026-04-11T13:25:39+00:00","description":"Topazo kaklo papuo\u0161alas \"Vandenyno \u0161viesa\" - Spind\u0117ja Minimalistinis kaklo papuo\u0161alas i\u0161 m\u0117lynojo topazo kristal\u0173. Auk\u0161ta kokyb\u0117, 100 proc. nat\u016bralumas.","breadcrumb":{"@id":"https:\/\/spindeja.lt\/produktas\/topazo-kaklo-papuosalas\/#breadcrumb"},"inLanguage":"en-GB","potentialAction":[{"@type":"ReadAction","target":["https:\/\/spindeja.lt\/produktas\/topazo-kaklo-papuosalas\/"]}]},{"@type":"ImageObject","inLanguage":"en-GB","@id":"https:\/\/spindeja.lt\/produktas\/topazo-kaklo-papuosalas\/#primaryimage","url":"https:\/\/spindeja.lt\/wp-content\/uploads\/2025\/08\/Topazo_verinys.webp","contentUrl":"https:\/\/spindeja.lt\/wp-content\/uploads\/2025\/08\/Topazo_verinys.webp","width":533,"height":800,"caption":"Topazo v\u0117rinys"},{"@type":"BreadcrumbList","@id":"https:\/\/spindeja.lt\/produktas\/topazo-kaklo-papuosalas\/#breadcrumb","itemListElement":[{"@type":"ListItem","position":1,"name":"Prad\u017eia","item":"https:\/\/spindeja.lt\/"},{"@type":"ListItem","position":2,"name":"Parduotuv\u0117","item":"https:\/\/spindeja.lt\/parduotuve\/"},{"@type":"ListItem","position":3,"name":"Topazo kaklo papuo\u0161alas &#8222;Vandenyno \u0161viesa&#8221;"}]},{"@type":"WebSite","@id":"https:\/\/spindeja.lt\/#website","url":"https:\/\/spindeja.lt\/","name":"Spind\u0117ja","description":"Rank\u0173 darbo papuo\u0161alai Jums","publisher":{"@id":"https:\/\/spindeja.lt\/#organization"},"potentialAction":[{"@type":"SearchAction","target":{"@type":"EntryPoint","urlTemplate":"https:\/\/spindeja.lt\/?s={search_term_string}"},"query-input":{"@type":"PropertyValueSpecification","valueRequired":true,"valueName":"search_term_string"}}],"inLanguage":"en-GB"},{"@type":"Organization","@id":"https:\/\/spindeja.lt\/#organization","name":"Spind\u0117ja","url":"https:\/\/spindeja.lt\/","logo":{"@type":"ImageObject","inLanguage":"en-GB","@id":"https:\/\/spindeja.lt\/#\/schema\/logo\/image\/","url":"https:\/\/spindeja.lt\/wp-content\/uploads\/2019\/12\/Layer-2.png","contentUrl":"https:\/\/spindeja.lt\/wp-content\/uploads\/2019\/12\/Layer-2.png","width":915,"height":616,"caption":"Spind\u0117ja"},"image":{"@id":"https:\/\/spindeja.lt\/#\/schema\/logo\/image\/"},"sameAs":["https:\/\/www.facebook.com\/profile.php?id=100063674195191","https:\/\/www.instagram.com\/spindeja\/"]}]}},"uagb_featured_image_src":{"full":["https:\/\/spindeja.lt\/wp-content\/uploads\/2025\/08\/Topazo_verinys.webp",533,800,false],"thumbnail":["https:\/\/spindeja.lt\/wp-content\/uploads\/2025\/08\/Topazo_verinys-150x150.webp",150,150,true],"medium":["https:\/\/spindeja.lt\/wp-content\/uploads\/2025\/08\/Topazo_verinys-200x300.webp",200,300,true],"medium_large":["https:\/\/spindeja.lt\/wp-content\/uploads\/2025\/08\/Topazo_verinys.webp",533,800,false],"large":["https:\/\/spindeja.lt\/wp-content\/uploads\/2025\/08\/Topazo_verinys.webp",533,800,false],"1536x1536":["https:\/\/spindeja.lt\/wp-content\/uploads\/2025\/08\/Topazo_verinys.webp",533,800,false],"2048x2048":["https:\/\/spindeja.lt\/wp-content\/uploads\/2025\/08\/Topazo_verinys.webp",533,800,false],"trp-custom-language-flag":["https:\/\/spindeja.lt\/wp-content\/uploads\/2025\/08\/Topazo_verinys-8x12.webp",8,12,true],"woocommerce_thumbnail":["https:\/\/spindeja.lt\/wp-content\/uploads\/2025\/08\/Topazo_verinys-533x540.webp",533,540,true],"woocommerce_single":["https:\/\/spindeja.lt\/wp-content\/uploads\/2025\/08\/Topazo_verinys.webp",533,800,false],"woocommerce_gallery_thumbnail":["https:\/\/spindeja.lt\/wp-content\/uploads\/2025\/08\/Topazo_verinys-100x100.webp",100,100,true]},"uagb_author_info":{"display_name":"spindeja","author_link":"https:\/\/spindeja.lt\/en\/author\/"},"uagb_comment_info":0,"uagb_excerpt":"Minimalistinis kaklo papuo\u0161alas i\u0161 topazo kristal\u0173 su kriaukl\u0117s pakabuku - savirealizacijai, gerovei ir dvasiniam augimui.","_links":{"self":[{"href":"https:\/\/spindeja.lt\/en\/wp-json\/wp\/v2\/product\/20825","targetHints":{"allow":["GET"]}}],"collection":[{"href":"https:\/\/spindeja.lt\/en\/wp-json\/wp\/v2\/product"}],"about":[{"href":"https:\/\/spindeja.lt\/en\/wp-json\/wp\/v2\/types\/product"}],"replies":[{"embeddable":true,"href":"https:\/\/spindeja.lt\/en\/wp-json\/wp\/v2\/comments?post=20825"}],"wp:featuredmedia":[{"embeddable":true,"href":"https:\/\/spindeja.lt\/en\/wp-json\/wp\/v2\/media\/20826"}],"wp:attachment":[{"href":"https:\/\/spindeja.lt\/en\/wp-json\/wp\/v2\/media?parent=20825"}],"wp:term":[{"taxonomy":"product_brand","embeddable":true,"href":"https:\/\/spindeja.lt\/en\/wp-json\/wp\/v2\/product_brand?post=20825"},{"taxonomy":"product_cat","embeddable":true,"href":"https:\/\/spindeja.lt\/en\/wp-json\/wp\/v2\/product_cat?post=20825"},{"taxonomy":"product_tag","embeddable":true,"href":"https:\/\/spindeja.lt\/en\/wp-json\/wp\/v2\/product_tag?post=20825"}],"curies":[{"name":"wp","href":"https:\/\/api.w.org\/{rel}","templated":true}]}}