{"id":20803,"date":"2025-06-06T11:58:53","date_gmt":"2025-06-06T09:58:53","guid":{"rendered":"https:\/\/spindeja.lt\/?post_type=product&#038;p=20803"},"modified":"2025-06-06T11:58:54","modified_gmt":"2025-06-06T09:58:54","slug":"granato-auskarai","status":"publish","type":"product","link":"https:\/\/spindeja.lt\/en\/product\/granato-auskarai\/","title":{"rendered":"Granato auskarai"},"content":{"rendered":"<p>Stilingi granato auskarai &#8211; rinkut\u0117s su paauksuoto \u017ealvario \u0161irdele.<br \/>\n\u012ev\u0117rimo dalis &#8211; paauksuotas sidabras.<\/p>\n<p><em>&#8211; Spind\u0117jos papuo\u0161al\u0173 gamyba \u2013 tai k\u016brybinis ritualas su pozityviomis afirmacijomis ir intuityviu energetiniu pakrovimu.<\/em><\/p>\n<p><strong>Raudonasis granatas<\/strong> \u2013 stipryb\u0117s, gyvybingumo ir aistros akmuo, skleid\u017eiantis \u0161ilum\u0105 ir energij\u0105, tarsi vidin\u0117 ugnis. Nuo seniausi\u0173 laik\u0173 granatas buvo laikomas apsaugos ir gyvyb\u0117s simboliu. Jis suteikia j\u0117gos \u012fveikti kli\u016btis, stiprina i\u0161tverm\u0119 ir padeda i\u0161laikyti ry\u017et\u0105 net sud\u0117tingais laikotarpiais.<\/p>\n<p>Granato pagrindin\u0117 tema yra aktyvi savirealizacija. Jis skirtas vidin\u0117s ugnies \u012f\u017eiebimui tam, kad \u017emogus, jau surad\u0119s savo keli\u0105, atlikt\u0173 veiksmus d\u0117l savo tiksl\u0173 \u012fgyvendinimo. Granatas veikia, kaip \u017emogaus galios sustiprintojas, siekiant savo tiksl\u0173 ir svajoni\u0173.<\/p>\n<p>Tai pasitik\u0117jimo savimi, dr\u0105sos, valios ir d\u017eiaugsmo akmuo. Jis padeda atgauti j\u0117gas, sustiprina aistr\u0105 ir meil\u0119 gyvenimui, \u012fkvepia atsidavim\u0105 ir savirealizacij\u0105, skatina veikti ir daryti. Tai labai geras pagalbininkas \u017einantiems savo norus ir tikslus. Taip pat granatas padeda prad\u0117ti svajoti ir \u012fgyvendinti svajones. Ypa\u010d stipriai veikia patik\u0117jus\u012f jo galiomis. Padeda materializuoti id\u0117jas, pritraukti visokeriop\u0105 gaus\u0105 ir pagerinti finansin\u0119 pad\u0117t\u012f. Granatas labai tinka \u012fsi\u017eeminimui ir apsaugai. Suteikia stabilum\u0105.<br \/>\nGerina santykius, harmonizuoja seksualin\u0119 energij\u0105.<\/p>\n<p>Energeti\u0161kai raudonasis granatas stipriai veikia pamatin\u0119 (\u0161akn\u0173) \u010dakr\u0105, \u017eadina gyvybin\u0119 energij\u0105, padeda \u012f\u017eeminti emocijas, suteikia vidin\u0117s dr\u0105sos veikti ir kurti. Tai akmuo, kuris stiprina ry\u0161\u012f su savo k\u016bnu, \u017eeme ir esatimi.<\/p>\n<p>Emoci\u0161kai granatas \u017eadina gyvybingum\u0105, d\u017eiaugsm\u0105, seksualin\u0119 energij\u0105, padeda i\u0161laisvinti k\u016brybin\u012f potencial\u0105, skatina meil\u0117s ir aistros t\u0117km\u0119. Puikiai tinka tiems, kurie nori jaustis stipresni, labiau \u012fsi\u017eemin\u0119 ir energingi, atverti keli\u0105 gausai ir asmeniniams pasiekimams.<\/p>\n<p>Fizi\u0161kai siejamas su kraujotakos stiprinimu, i\u0161tverm\u0117s didinimu, gali tonizuoti organizm\u0105 ir skatinti bendr\u0105 gyvybingum\u0105.<\/p>\n<p>Tai akmuo toms, kurios nori gyventi su vidine ugnimi, dr\u0105siai sekti savo aistras ir i\u0161likti tvirtai stovin\u010diomis gyvenimo kelyje.<\/p>","protected":false},"excerpt":{"rendered":"<p>Nat\u016bralaus raudonojo granato kristal\u0173 auskarai su aukso spalvos \u0161irdel\u0117s pakabukais &#8211; subtiliai spindintys aistros, meil\u0117s ir vidin\u0117s stipryb\u0117s simboliai.<\/p>","protected":false},"featured_media":20804,"comment_status":"closed","ping_status":"closed","template":"","meta":{"_uag_custom_page_level_css":"","site-sidebar-layout":"default","site-content-layout":"","ast-site-content-layout":"default","site-content-style":"default","site-sidebar-style":"default","ast-global-header-display":"","ast-banner-title-visibility":"","ast-main-header-display":"","ast-hfb-above-header-display":"","ast-hfb-below-header-display":"","ast-hfb-mobile-header-display":"","site-post-title":"","ast-breadcrumbs-content":"","ast-featured-img":"","footer-sml-layout":"","ast-disable-related-posts":"","theme-transparent-header-meta":"default","adv-header-id-meta":"","stick-header-meta":"default","header-above-stick-meta":"","header-main-stick-meta":"","header-below-stick-meta":"","astra-migrate-meta-layouts":"set","ast-page-background-enabled":"default","ast-page-background-meta":{"desktop":{"background-color":"","background-image":"","background-repeat":"repeat","background-position":"center center","background-size":"auto","background-attachment":"scroll","background-type":"","background-media":"","overlay-type":"","overlay-color":"","overlay-opacity":"","overlay-gradient":""},"tablet":{"background-color":"","background-image":"","background-repeat":"repeat","background-position":"center center","background-size":"auto","background-attachment":"scroll","background-type":"","background-media":"","overlay-type":"","overlay-color":"","overlay-opacity":"","overlay-gradient":""},"mobile":{"background-color":"","background-image":"","background-repeat":"repeat","background-position":"center center","background-size":"auto","background-attachment":"scroll","background-type":"","background-media":"","overlay-type":"","overlay-color":"","overlay-opacity":"","overlay-gradient":""}},"ast-content-background-meta":{"desktop":{"background-color":"var(--ast-global-color-5)","background-image":"","background-repeat":"repeat","background-position":"center center","background-size":"auto","background-attachment":"scroll","background-type":"","background-media":"","overlay-type":"","overlay-color":"","overlay-opacity":"","overlay-gradient":""},"tablet":{"background-color":"var(--ast-global-color-5)","background-image":"","background-repeat":"repeat","background-position":"center center","background-size":"auto","background-attachment":"scroll","background-type":"","background-media":"","overlay-type":"","overlay-color":"","overlay-opacity":"","overlay-gradient":""},"mobile":{"background-color":"var(--ast-global-color-5)","background-image":"","background-repeat":"repeat","background-position":"center center","background-size":"auto","background-attachment":"scroll","background-type":"","background-media":"","overlay-type":"","overlay-color":"","overlay-opacity":"","overlay-gradient":""}}},"product_brand":[],"product_cat":[56],"product_tag":[],"class_list":{"0":"post-20803","1":"product","2":"type-product","3":"status-publish","4":"has-post-thumbnail","6":"product_cat-auskarai","7":"desktop-align-left","8":"tablet-align-left","9":"mobile-align-left","10":"ast-product-gallery-layout-horizontal-slider","11":"ast-product-tabs-layout-horizontal","13":"first","14":"instock","15":"shipping-taxable","16":"purchasable","17":"product-type-simple"},"yoast_head":"<!-- This site is optimized with the Yoast SEO plugin v26.9 - https:\/\/yoast.com\/product\/yoast-seo-wordpress\/ -->\n<title>Granato auskarai - Spind\u0117ja<\/title>\n<meta name=\"description\" content=\"Granato auskarai - Spind\u0117ja Auk\u0161ta kokyb\u0117, 100 proc. nat\u016bralumas, pagaminta su meile, intencijomis ir d\u0117mesiu klientui.\" \/>\n<meta name=\"robots\" content=\"index, follow, max-snippet:-1, max-image-preview:large, max-video-preview:-1\" \/>\n<link rel=\"canonical\" href=\"https:\/\/spindeja.lt\/en\/product\/granato-auskarai\/\" \/>\n<meta property=\"og:locale\" content=\"en_GB\" \/>\n<meta property=\"og:type\" content=\"article\" \/>\n<meta property=\"og:title\" content=\"Granato auskarai - Spind\u0117ja\" \/>\n<meta property=\"og:description\" content=\"Granato auskarai - Spind\u0117ja Auk\u0161ta kokyb\u0117, 100 proc. nat\u016bralumas, pagaminta su meile, intencijomis ir d\u0117mesiu klientui.\" \/>\n<meta property=\"og:url\" content=\"https:\/\/spindeja.lt\/en\/product\/granato-auskarai\/\" \/>\n<meta property=\"og:site_name\" content=\"Spind\u0117ja\" \/>\n<meta property=\"article:publisher\" content=\"https:\/\/www.facebook.com\/profile.php?id=100063674195191\" \/>\n<meta property=\"article:modified_time\" content=\"2025-06-06T09:58:54+00:00\" \/>\n<meta property=\"og:image\" content=\"https:\/\/spindeja.lt\/wp-content\/uploads\/2025\/06\/Granato-auskarai.webp\" \/>\n\t<meta property=\"og:image:width\" content=\"600\" \/>\n\t<meta property=\"og:image:height\" content=\"800\" \/>\n\t<meta property=\"og:image:type\" content=\"image\/webp\" \/>\n<meta name=\"twitter:card\" content=\"summary_large_image\" \/>\n<meta name=\"twitter:label1\" content=\"Estimated reading time\" \/>\n\t<meta name=\"twitter:data1\" content=\"1 minute\" \/>\n<script type=\"application\/ld+json\" class=\"yoast-schema-graph\">{\"@context\":\"https:\/\/schema.org\",\"@graph\":[{\"@type\":\"WebPage\",\"@id\":\"https:\/\/spindeja.lt\/produktas\/granato-auskarai\/\",\"url\":\"https:\/\/spindeja.lt\/produktas\/granato-auskarai\/\",\"name\":\"Granato auskarai - Spind\u0117ja\",\"isPartOf\":{\"@id\":\"https:\/\/spindeja.lt\/#website\"},\"primaryImageOfPage\":{\"@id\":\"https:\/\/spindeja.lt\/produktas\/granato-auskarai\/#primaryimage\"},\"image\":{\"@id\":\"https:\/\/spindeja.lt\/produktas\/granato-auskarai\/#primaryimage\"},\"thumbnailUrl\":\"https:\/\/spindeja.lt\/wp-content\/uploads\/2025\/06\/Granato-auskarai.webp\",\"datePublished\":\"2025-06-06T09:58:53+00:00\",\"dateModified\":\"2025-06-06T09:58:54+00:00\",\"description\":\"Granato auskarai - Spind\u0117ja Auk\u0161ta kokyb\u0117, 100 proc. nat\u016bralumas, pagaminta su meile, intencijomis ir d\u0117mesiu klientui.\",\"breadcrumb\":{\"@id\":\"https:\/\/spindeja.lt\/produktas\/granato-auskarai\/#breadcrumb\"},\"inLanguage\":\"en-GB\",\"potentialAction\":[{\"@type\":\"ReadAction\",\"target\":[\"https:\/\/spindeja.lt\/produktas\/granato-auskarai\/\"]}]},{\"@type\":\"ImageObject\",\"inLanguage\":\"en-GB\",\"@id\":\"https:\/\/spindeja.lt\/produktas\/granato-auskarai\/#primaryimage\",\"url\":\"https:\/\/spindeja.lt\/wp-content\/uploads\/2025\/06\/Granato-auskarai.webp\",\"contentUrl\":\"https:\/\/spindeja.lt\/wp-content\/uploads\/2025\/06\/Granato-auskarai.webp\",\"width\":600,\"height\":800,\"caption\":\"Granato auskarai\"},{\"@type\":\"BreadcrumbList\",\"@id\":\"https:\/\/spindeja.lt\/produktas\/granato-auskarai\/#breadcrumb\",\"itemListElement\":[{\"@type\":\"ListItem\",\"position\":1,\"name\":\"Prad\u017eia\",\"item\":\"https:\/\/spindeja.lt\/\"},{\"@type\":\"ListItem\",\"position\":2,\"name\":\"Parduotuv\u0117\",\"item\":\"https:\/\/spindeja.lt\/parduotuve\/\"},{\"@type\":\"ListItem\",\"position\":3,\"name\":\"Granato auskarai\"}]},{\"@type\":\"WebSite\",\"@id\":\"https:\/\/spindeja.lt\/#website\",\"url\":\"https:\/\/spindeja.lt\/\",\"name\":\"Spind\u0117ja\",\"description\":\"Rank\u0173 darbo papuo\u0161alai Jums\",\"publisher\":{\"@id\":\"https:\/\/spindeja.lt\/#organization\"},\"potentialAction\":[{\"@type\":\"SearchAction\",\"target\":{\"@type\":\"EntryPoint\",\"urlTemplate\":\"https:\/\/spindeja.lt\/?s={search_term_string}\"},\"query-input\":{\"@type\":\"PropertyValueSpecification\",\"valueRequired\":true,\"valueName\":\"search_term_string\"}}],\"inLanguage\":\"en-GB\"},{\"@type\":\"Organization\",\"@id\":\"https:\/\/spindeja.lt\/#organization\",\"name\":\"Spind\u0117ja\",\"url\":\"https:\/\/spindeja.lt\/\",\"logo\":{\"@type\":\"ImageObject\",\"inLanguage\":\"en-GB\",\"@id\":\"https:\/\/spindeja.lt\/#\/schema\/logo\/image\/\",\"url\":\"https:\/\/spindeja.lt\/wp-content\/uploads\/2019\/12\/Layer-2.png\",\"contentUrl\":\"https:\/\/spindeja.lt\/wp-content\/uploads\/2019\/12\/Layer-2.png\",\"width\":915,\"height\":616,\"caption\":\"Spind\u0117ja\"},\"image\":{\"@id\":\"https:\/\/spindeja.lt\/#\/schema\/logo\/image\/\"},\"sameAs\":[\"https:\/\/www.facebook.com\/profile.php?id=100063674195191\",\"https:\/\/www.instagram.com\/spindeja\/\"]}]}<\/script>\n<!-- \/ Yoast SEO plugin. -->","yoast_head_json":{"title":"Granato auskarai - Spind\u0117ja","description":"Granato auskarai - Spind\u0117ja Auk\u0161ta kokyb\u0117, 100 proc. nat\u016bralumas, pagaminta su meile, intencijomis ir d\u0117mesiu klientui.","robots":{"index":"index","follow":"follow","max-snippet":"max-snippet:-1","max-image-preview":"max-image-preview:large","max-video-preview":"max-video-preview:-1"},"canonical":"https:\/\/spindeja.lt\/en\/product\/granato-auskarai\/","og_locale":"en_GB","og_type":"article","og_title":"Granato auskarai - Spind\u0117ja","og_description":"Granato auskarai - Spind\u0117ja Auk\u0161ta kokyb\u0117, 100 proc. nat\u016bralumas, pagaminta su meile, intencijomis ir d\u0117mesiu klientui.","og_url":"https:\/\/spindeja.lt\/en\/product\/granato-auskarai\/","og_site_name":"Spind\u0117ja","article_publisher":"https:\/\/www.facebook.com\/profile.php?id=100063674195191","article_modified_time":"2025-06-06T09:58:54+00:00","og_image":[{"width":600,"height":800,"url":"https:\/\/spindeja.lt\/wp-content\/uploads\/2025\/06\/Granato-auskarai.webp","type":"image\/webp"}],"twitter_card":"summary_large_image","twitter_misc":{"Estimated reading time":"1 minute"},"schema":{"@context":"https:\/\/schema.org","@graph":[{"@type":"WebPage","@id":"https:\/\/spindeja.lt\/produktas\/granato-auskarai\/","url":"https:\/\/spindeja.lt\/produktas\/granato-auskarai\/","name":"Granato auskarai - Spind\u0117ja","isPartOf":{"@id":"https:\/\/spindeja.lt\/#website"},"primaryImageOfPage":{"@id":"https:\/\/spindeja.lt\/produktas\/granato-auskarai\/#primaryimage"},"image":{"@id":"https:\/\/spindeja.lt\/produktas\/granato-auskarai\/#primaryimage"},"thumbnailUrl":"https:\/\/spindeja.lt\/wp-content\/uploads\/2025\/06\/Granato-auskarai.webp","datePublished":"2025-06-06T09:58:53+00:00","dateModified":"2025-06-06T09:58:54+00:00","description":"Granato auskarai - Spind\u0117ja Auk\u0161ta kokyb\u0117, 100 proc. nat\u016bralumas, pagaminta su meile, intencijomis ir d\u0117mesiu klientui.","breadcrumb":{"@id":"https:\/\/spindeja.lt\/produktas\/granato-auskarai\/#breadcrumb"},"inLanguage":"en-GB","potentialAction":[{"@type":"ReadAction","target":["https:\/\/spindeja.lt\/produktas\/granato-auskarai\/"]}]},{"@type":"ImageObject","inLanguage":"en-GB","@id":"https:\/\/spindeja.lt\/produktas\/granato-auskarai\/#primaryimage","url":"https:\/\/spindeja.lt\/wp-content\/uploads\/2025\/06\/Granato-auskarai.webp","contentUrl":"https:\/\/spindeja.lt\/wp-content\/uploads\/2025\/06\/Granato-auskarai.webp","width":600,"height":800,"caption":"Granato auskarai"},{"@type":"BreadcrumbList","@id":"https:\/\/spindeja.lt\/produktas\/granato-auskarai\/#breadcrumb","itemListElement":[{"@type":"ListItem","position":1,"name":"Prad\u017eia","item":"https:\/\/spindeja.lt\/"},{"@type":"ListItem","position":2,"name":"Parduotuv\u0117","item":"https:\/\/spindeja.lt\/parduotuve\/"},{"@type":"ListItem","position":3,"name":"Granato auskarai"}]},{"@type":"WebSite","@id":"https:\/\/spindeja.lt\/#website","url":"https:\/\/spindeja.lt\/","name":"Spind\u0117ja","description":"Rank\u0173 darbo papuo\u0161alai Jums","publisher":{"@id":"https:\/\/spindeja.lt\/#organization"},"potentialAction":[{"@type":"SearchAction","target":{"@type":"EntryPoint","urlTemplate":"https:\/\/spindeja.lt\/?s={search_term_string}"},"query-input":{"@type":"PropertyValueSpecification","valueRequired":true,"valueName":"search_term_string"}}],"inLanguage":"en-GB"},{"@type":"Organization","@id":"https:\/\/spindeja.lt\/#organization","name":"Spind\u0117ja","url":"https:\/\/spindeja.lt\/","logo":{"@type":"ImageObject","inLanguage":"en-GB","@id":"https:\/\/spindeja.lt\/#\/schema\/logo\/image\/","url":"https:\/\/spindeja.lt\/wp-content\/uploads\/2019\/12\/Layer-2.png","contentUrl":"https:\/\/spindeja.lt\/wp-content\/uploads\/2019\/12\/Layer-2.png","width":915,"height":616,"caption":"Spind\u0117ja"},"image":{"@id":"https:\/\/spindeja.lt\/#\/schema\/logo\/image\/"},"sameAs":["https:\/\/www.facebook.com\/profile.php?id=100063674195191","https:\/\/www.instagram.com\/spindeja\/"]}]}},"uagb_featured_image_src":{"full":["https:\/\/spindeja.lt\/wp-content\/uploads\/2025\/06\/Granato-auskarai.webp",600,800,false],"thumbnail":["https:\/\/spindeja.lt\/wp-content\/uploads\/2025\/06\/Granato-auskarai-150x150.webp",150,150,true],"medium":["https:\/\/spindeja.lt\/wp-content\/uploads\/2025\/06\/Granato-auskarai-225x300.webp",225,300,true],"medium_large":["https:\/\/spindeja.lt\/wp-content\/uploads\/2025\/06\/Granato-auskarai.webp",600,800,false],"large":["https:\/\/spindeja.lt\/wp-content\/uploads\/2025\/06\/Granato-auskarai.webp",600,800,false],"1536x1536":["https:\/\/spindeja.lt\/wp-content\/uploads\/2025\/06\/Granato-auskarai.webp",600,800,false],"2048x2048":["https:\/\/spindeja.lt\/wp-content\/uploads\/2025\/06\/Granato-auskarai.webp",600,800,false],"trp-custom-language-flag":["https:\/\/spindeja.lt\/wp-content\/uploads\/2025\/06\/Granato-auskarai-9x12.webp",9,12,true],"woocommerce_thumbnail":["https:\/\/spindeja.lt\/wp-content\/uploads\/2025\/06\/Granato-auskarai-540x540.webp",540,540,true],"woocommerce_single":["https:\/\/spindeja.lt\/wp-content\/uploads\/2025\/06\/Granato-auskarai-540x720.webp",540,720,true],"woocommerce_gallery_thumbnail":["https:\/\/spindeja.lt\/wp-content\/uploads\/2025\/06\/Granato-auskarai-100x100.webp",100,100,true]},"uagb_author_info":{"display_name":"spindeja","author_link":"https:\/\/spindeja.lt\/en\/author\/"},"uagb_comment_info":0,"uagb_excerpt":"Nat\u016bralaus raudonojo granato kristal\u0173 auskarai su aukso spalvos \u0161irdel\u0117s pakabukais - subtiliai spindintys aistros, meil\u0117s ir vidin\u0117s stipryb\u0117s simboliai.","_links":{"self":[{"href":"https:\/\/spindeja.lt\/en\/wp-json\/wp\/v2\/product\/20803","targetHints":{"allow":["GET"]}}],"collection":[{"href":"https:\/\/spindeja.lt\/en\/wp-json\/wp\/v2\/product"}],"about":[{"href":"https:\/\/spindeja.lt\/en\/wp-json\/wp\/v2\/types\/product"}],"replies":[{"embeddable":true,"href":"https:\/\/spindeja.lt\/en\/wp-json\/wp\/v2\/comments?post=20803"}],"wp:featuredmedia":[{"embeddable":true,"href":"https:\/\/spindeja.lt\/en\/wp-json\/wp\/v2\/media\/20804"}],"wp:attachment":[{"href":"https:\/\/spindeja.lt\/en\/wp-json\/wp\/v2\/media?parent=20803"}],"wp:term":[{"taxonomy":"product_brand","embeddable":true,"href":"https:\/\/spindeja.lt\/en\/wp-json\/wp\/v2\/product_brand?post=20803"},{"taxonomy":"product_cat","embeddable":true,"href":"https:\/\/spindeja.lt\/en\/wp-json\/wp\/v2\/product_cat?post=20803"},{"taxonomy":"product_tag","embeddable":true,"href":"https:\/\/spindeja.lt\/en\/wp-json\/wp\/v2\/product_tag?post=20803"}],"curies":[{"name":"wp","href":"https:\/\/api.w.org\/{rel}","templated":true}]}}