{"id":20785,"date":"2025-06-06T00:14:03","date_gmt":"2025-06-05T22:14:03","guid":{"rendered":"https:\/\/spindeja.lt\/?post_type=product&#038;p=20785"},"modified":"2026-05-07T23:58:53","modified_gmt":"2026-05-07T21:58:53","slug":"berilu-apyranke","status":"publish","type":"product","link":"https:\/\/spindeja.lt\/en\/product\/berilu-apyranke\/","title":{"rendered":"Beril\u0173 apyrank\u0117"},"content":{"rendered":"<p><strong>Nat\u016brali\u0173 beril\u0173 kristal\u0173 apyrank\u0117 su \u201eSpind\u0117jos\u201c logo intarpu<\/strong><\/p>\n<p>Subtili ir eleganti\u0161ka apyrank\u0117 i\u0161 nat\u016brali\u0173, 8 mm beril\u0173 karoliuk\u0173.<br \/>\n\u0160ie kristalai skleid\u017eia \u0161viesi\u0105, tyli\u0105 energij\u0105 \u2013 padeda nuraminti mintis, subalansuoti emocijas ir \u012fne\u0161ti \u012f gyvenim\u0105 daugiau s\u0105moningo \u0161velnumo bei i\u0161minties.<\/p>\n<p>\ud83d\udd2e <strong>Kam tinka \u0161i apyrank\u0117?<\/strong><br \/>\n\u0160i apyrank\u0117 ypa\u010d tinkama moterims, kurios:<br \/>\n&#8211; ie\u0161ko vidin\u0117s pusiausvyros,<br \/>\n&#8211; nori sustiprinti intuicij\u0105 bei \u012f\u017evalg\u0105,<br \/>\n&#8211; trok\u0161ta \u012f\u017eeminti \u0161viesias vizijas ir k\u016brybinius sumanymus.<\/p>\n<p><em>Spind\u0117jos papuo\u0161al\u0173 gamyba \u2013 tai k\u016brybinis ritualas su pozityviomis afirmacijomis ir intuityviu energetiniu pakrovimu. <strong>Kartu su papuo\u0161alu J\u016bs gausite asmeni\u0161kai Jums i\u0161traukt\u0105 orakulo kort\u0105.<\/strong><\/em><\/p>\n<p>\ud83d\udcd0 <strong>Technin\u0117 informacija<\/strong><br \/>\n&#8211; Karoliuk\u0173 skersmuo \u2013 8 mm.<br \/>\n&#8211; Pristatymas \u2013 turima vietoje, i\u0161siun\u010diama per 1\u20132 d. d.<br \/>\n&#8211; Individual\u016bs u\u017esakymai \u2013 gamyba per 5\u20139 d. d. Apyrank\u0117s da\u017eniausiai gaminamos individualiai, retai turimos vietoje. Esant skubiam u\u017esakymui, para\u0161ykite susisiekite u\u017epild\u0119 <a href=\"https:\/\/spindeja.lt\/en\/kontaktai\/\">\u0161i\u0105 form\u0105<\/a> arba per soc. tinklus.<br \/>\n&#8211; Logo intarpas \u2013 pasirinktinai: aukso arba plieno spalvos.<br \/>\n&#8211; Apyrank\u0117s dyd\u017eiai \u2013 pagal rie\u0161o apimt\u012f (be laisvumo, matuoti ties lankstom\u0105ja dalimi)<br \/>\n&#8211; Dovan\u0173 pakuot\u0117 \u2013 pristatoma \u201eSpind\u0117ja\u201c d\u0117\u017eut\u0117je.<\/p>\n<p>\ud83c\udf08 Apie berilus<br \/>\nBerilai \u2013 auk\u0161t\u0173 vibracij\u0173 kristalai, spinduliuojantys ramyb\u0119, \u0161vies\u0105, harmonij\u0105 ir i\u0161mint\u012f. Tai viena turtingiausi\u0173 mineral\u0173 grupi\u0173:<br \/>\n\ud83d\udc8e smaragdas (\u017ealias),<br \/>\n\ud83d\udc8e akvamarinas (m\u0117lynas),<br \/>\n\ud83d\udc8e morganitas (ro\u017einis),<br \/>\n\ud83d\udc8e heliodoras (geltonas),<br \/>\n\ud83d\udc8e goshenitas (bespalvis).<\/p>\n<p>Mi\u0161rios spalvos apyrank\u0117 skleid\u017eia harmoning\u0105, subalansuot\u0105 energij\u0105.<\/p>\n<p>\u2728 <strong>Energetinis poveikis<\/strong><br \/>\n&#8211; Veikia \u0161irdies ir gerkl\u0117s \u010dakras<br \/>\n&#8211; Skatina ai\u0161k\u0173, \u0161irding\u0105 bendravim\u0105<br \/>\n&#8211; Padeda i\u0161reik\u0161ti savo ties\u0105 su meile ir \u0161velnumu<\/p>\n<p>Spalviniai niuansai:<br \/>\n\ud83d\udc9a \u017dalsvi \u2013 \u0161irdies gijimas, atleidimas<br \/>\n\ud83d\udc99 Melsvi \u2013 intuityvus bendravimas<br \/>\n\ud83d\udc97 Ro\u017einiai \u2013 meil\u0117, moteri\u0161kas \u0161velnumas<br \/>\n\ud83d\udc9b Geltoni \u2013 gyvybingumas, optimizmas<br \/>\n\ud83e\udd0d Bespalviai \u2013 s\u0105mon\u0117s \u0161vara<\/p>\n<p><strong>Emocin\u0117 ir fizin\u0117 nauda<\/strong><br \/>\n&#8211; Ramina prot\u0105 ir emocijas<br \/>\n&#8211; Ma\u017eina stres\u0105, \u012ftamp\u0105<br \/>\n&#8211; Palaiko nerv\u0173 sistem\u0105 ir hormon\u0173 pusiausvyr\u0105<br \/>\n&#8211; Stiprina \u0161irdies ramyb\u0119<\/p>\n<p><em>Apyrank\u0117 i\u0161 nat\u016brali\u0173 kristal\u0173 \u2013 tai ne tik puo\u0161mena, bet ir subtilus energetinis palaikymas kasdienai. Ji skatina ry\u0161\u012f tarp \u0161irdies, min\u010di\u0173 ir veiksm\u0173.<\/em><\/p>","protected":false},"excerpt":{"rendered":"<p>Nat\u016brali\u0173 beril\u0173 (akvamarino, morganito ir heliodoro) kristal\u0173 apyrank\u0117 \u2013 \u0161velnios \u0161irdies ramyb\u0117s, intuicijos ir vidin\u0117s \u0161viesos derinys. Puikus pasirinkimas s\u0105moningai moteriai, siekian\u010diai harmonijos ir subtilaus spindesio kasdienyb\u0117je.<\/p>","protected":false},"featured_media":20800,"comment_status":"closed","ping_status":"closed","template":"","meta":{"_uag_custom_page_level_css":"","site-sidebar-layout":"default","site-content-layout":"","ast-site-content-layout":"default","site-content-style":"default","site-sidebar-style":"default","ast-global-header-display":"","ast-banner-title-visibility":"","ast-main-header-display":"","ast-hfb-above-header-display":"","ast-hfb-below-header-display":"","ast-hfb-mobile-header-display":"","site-post-title":"","ast-breadcrumbs-content":"","ast-featured-img":"","footer-sml-layout":"","ast-disable-related-posts":"","theme-transparent-header-meta":"default","adv-header-id-meta":"","stick-header-meta":"default","header-above-stick-meta":"","header-main-stick-meta":"","header-below-stick-meta":"","astra-migrate-meta-layouts":"set","ast-page-background-enabled":"default","ast-page-background-meta":{"desktop":{"background-color":"","background-image":"","background-repeat":"repeat","background-position":"center center","background-size":"auto","background-attachment":"scroll","background-type":"","background-media":"","overlay-type":"","overlay-color":"","overlay-opacity":"","overlay-gradient":""},"tablet":{"background-color":"","background-image":"","background-repeat":"repeat","background-position":"center center","background-size":"auto","background-attachment":"scroll","background-type":"","background-media":"","overlay-type":"","overlay-color":"","overlay-opacity":"","overlay-gradient":""},"mobile":{"background-color":"","background-image":"","background-repeat":"repeat","background-position":"center center","background-size":"auto","background-attachment":"scroll","background-type":"","background-media":"","overlay-type":"","overlay-color":"","overlay-opacity":"","overlay-gradient":""}},"ast-content-background-meta":{"desktop":{"background-color":"var(--ast-global-color-5)","background-image":"","background-repeat":"repeat","background-position":"center center","background-size":"auto","background-attachment":"scroll","background-type":"","background-media":"","overlay-type":"","overlay-color":"","overlay-opacity":"","overlay-gradient":""},"tablet":{"background-color":"var(--ast-global-color-5)","background-image":"","background-repeat":"repeat","background-position":"center center","background-size":"auto","background-attachment":"scroll","background-type":"","background-media":"","overlay-type":"","overlay-color":"","overlay-opacity":"","overlay-gradient":""},"mobile":{"background-color":"var(--ast-global-color-5)","background-image":"","background-repeat":"repeat","background-position":"center center","background-size":"auto","background-attachment":"scroll","background-type":"","background-media":"","overlay-type":"","overlay-color":"","overlay-opacity":"","overlay-gradient":""}}},"product_brand":[],"product_cat":[53],"product_tag":[],"class_list":{"0":"post-20785","1":"product","2":"type-product","3":"status-publish","4":"has-post-thumbnail","6":"product_cat-apyrankes","7":"desktop-align-left","8":"tablet-align-left","9":"mobile-align-left","10":"ast-product-gallery-layout-horizontal-slider","11":"ast-product-single-variable","12":"ast-product-tabs-layout-horizontal","14":"first","15":"instock","16":"shipping-taxable","17":"purchasable","18":"product-type-variable"},"yoast_head":"<!-- This site is optimized with the Yoast SEO plugin v26.9 - https:\/\/yoast.com\/product\/yoast-seo-wordpress\/ -->\n<title>Beril\u0173 apyrank\u0117 - Spind\u0117ja<\/title>\n<meta name=\"description\" content=\"Beril\u0173 apyrank\u0117 - Spind\u0117ja Auk\u0161ta kokyb\u0117, 100 proc. nat\u016bralumas, pagaminta su meile, intencijomis ir d\u0117mesiu klientui.\" \/>\n<meta name=\"robots\" content=\"index, follow, max-snippet:-1, max-image-preview:large, max-video-preview:-1\" \/>\n<link rel=\"canonical\" href=\"https:\/\/spindeja.lt\/en\/product\/berilu-apyranke\/\" \/>\n<meta property=\"og:locale\" content=\"en_GB\" \/>\n<meta property=\"og:type\" content=\"article\" \/>\n<meta property=\"og:title\" content=\"Beril\u0173 apyrank\u0117 - Spind\u0117ja\" \/>\n<meta property=\"og:description\" content=\"Beril\u0173 apyrank\u0117 - Spind\u0117ja Auk\u0161ta kokyb\u0117, 100 proc. nat\u016bralumas, pagaminta su meile, intencijomis ir d\u0117mesiu klientui.\" \/>\n<meta property=\"og:url\" content=\"https:\/\/spindeja.lt\/en\/product\/berilu-apyranke\/\" \/>\n<meta property=\"og:site_name\" content=\"Spind\u0117ja\" \/>\n<meta property=\"article:publisher\" content=\"https:\/\/www.facebook.com\/profile.php?id=100063674195191\" \/>\n<meta property=\"article:modified_time\" content=\"2026-05-07T21:58:53+00:00\" \/>\n<meta property=\"og:image\" content=\"https:\/\/spindeja.lt\/wp-content\/uploads\/2025\/06\/Berilu-apyranke1.webp\" \/>\n\t<meta property=\"og:image:width\" content=\"600\" \/>\n\t<meta property=\"og:image:height\" content=\"800\" \/>\n\t<meta property=\"og:image:type\" content=\"image\/webp\" \/>\n<meta name=\"twitter:card\" content=\"summary_large_image\" \/>\n<meta name=\"twitter:label1\" content=\"Estimated reading time\" \/>\n\t<meta name=\"twitter:data1\" content=\"2 minutes\" \/>\n<script type=\"application\/ld+json\" class=\"yoast-schema-graph\">{\"@context\":\"https:\/\/schema.org\",\"@graph\":[{\"@type\":\"WebPage\",\"@id\":\"https:\/\/spindeja.lt\/produktas\/berilu-apyranke\/\",\"url\":\"https:\/\/spindeja.lt\/produktas\/berilu-apyranke\/\",\"name\":\"Beril\u0173 apyrank\u0117 - Spind\u0117ja\",\"isPartOf\":{\"@id\":\"https:\/\/spindeja.lt\/#website\"},\"primaryImageOfPage\":{\"@id\":\"https:\/\/spindeja.lt\/produktas\/berilu-apyranke\/#primaryimage\"},\"image\":{\"@id\":\"https:\/\/spindeja.lt\/produktas\/berilu-apyranke\/#primaryimage\"},\"thumbnailUrl\":\"https:\/\/spindeja.lt\/wp-content\/uploads\/2025\/06\/Berilu-apyranke1.webp\",\"datePublished\":\"2025-06-05T22:14:03+00:00\",\"dateModified\":\"2026-05-07T21:58:53+00:00\",\"description\":\"Beril\u0173 apyrank\u0117 - Spind\u0117ja Auk\u0161ta kokyb\u0117, 100 proc. nat\u016bralumas, pagaminta su meile, intencijomis ir d\u0117mesiu klientui.\",\"breadcrumb\":{\"@id\":\"https:\/\/spindeja.lt\/produktas\/berilu-apyranke\/#breadcrumb\"},\"inLanguage\":\"en-GB\",\"potentialAction\":[{\"@type\":\"ReadAction\",\"target\":[\"https:\/\/spindeja.lt\/produktas\/berilu-apyranke\/\"]}]},{\"@type\":\"ImageObject\",\"inLanguage\":\"en-GB\",\"@id\":\"https:\/\/spindeja.lt\/produktas\/berilu-apyranke\/#primaryimage\",\"url\":\"https:\/\/spindeja.lt\/wp-content\/uploads\/2025\/06\/Berilu-apyranke1.webp\",\"contentUrl\":\"https:\/\/spindeja.lt\/wp-content\/uploads\/2025\/06\/Berilu-apyranke1.webp\",\"width\":600,\"height\":800,\"caption\":\"Beril\u0173 apyrank\u0117\"},{\"@type\":\"BreadcrumbList\",\"@id\":\"https:\/\/spindeja.lt\/produktas\/berilu-apyranke\/#breadcrumb\",\"itemListElement\":[{\"@type\":\"ListItem\",\"position\":1,\"name\":\"Prad\u017eia\",\"item\":\"https:\/\/spindeja.lt\/\"},{\"@type\":\"ListItem\",\"position\":2,\"name\":\"Parduotuv\u0117\",\"item\":\"https:\/\/spindeja.lt\/parduotuve\/\"},{\"@type\":\"ListItem\",\"position\":3,\"name\":\"Beril\u0173 apyrank\u0117\"}]},{\"@type\":\"WebSite\",\"@id\":\"https:\/\/spindeja.lt\/#website\",\"url\":\"https:\/\/spindeja.lt\/\",\"name\":\"Spind\u0117ja\",\"description\":\"Rank\u0173 darbo papuo\u0161alai Jums\",\"publisher\":{\"@id\":\"https:\/\/spindeja.lt\/#organization\"},\"potentialAction\":[{\"@type\":\"SearchAction\",\"target\":{\"@type\":\"EntryPoint\",\"urlTemplate\":\"https:\/\/spindeja.lt\/?s={search_term_string}\"},\"query-input\":{\"@type\":\"PropertyValueSpecification\",\"valueRequired\":true,\"valueName\":\"search_term_string\"}}],\"inLanguage\":\"en-GB\"},{\"@type\":\"Organization\",\"@id\":\"https:\/\/spindeja.lt\/#organization\",\"name\":\"Spind\u0117ja\",\"url\":\"https:\/\/spindeja.lt\/\",\"logo\":{\"@type\":\"ImageObject\",\"inLanguage\":\"en-GB\",\"@id\":\"https:\/\/spindeja.lt\/#\/schema\/logo\/image\/\",\"url\":\"https:\/\/spindeja.lt\/wp-content\/uploads\/2019\/12\/Layer-2.png\",\"contentUrl\":\"https:\/\/spindeja.lt\/wp-content\/uploads\/2019\/12\/Layer-2.png\",\"width\":915,\"height\":616,\"caption\":\"Spind\u0117ja\"},\"image\":{\"@id\":\"https:\/\/spindeja.lt\/#\/schema\/logo\/image\/\"},\"sameAs\":[\"https:\/\/www.facebook.com\/profile.php?id=100063674195191\",\"https:\/\/www.instagram.com\/spindeja\/\"]}]}<\/script>\n<!-- \/ Yoast SEO plugin. -->","yoast_head_json":{"title":"Beril\u0173 apyrank\u0117 - Spind\u0117ja","description":"Beril\u0173 apyrank\u0117 - Spind\u0117ja Auk\u0161ta kokyb\u0117, 100 proc. nat\u016bralumas, pagaminta su meile, intencijomis ir d\u0117mesiu klientui.","robots":{"index":"index","follow":"follow","max-snippet":"max-snippet:-1","max-image-preview":"max-image-preview:large","max-video-preview":"max-video-preview:-1"},"canonical":"https:\/\/spindeja.lt\/en\/product\/berilu-apyranke\/","og_locale":"en_GB","og_type":"article","og_title":"Beril\u0173 apyrank\u0117 - Spind\u0117ja","og_description":"Beril\u0173 apyrank\u0117 - Spind\u0117ja Auk\u0161ta kokyb\u0117, 100 proc. nat\u016bralumas, pagaminta su meile, intencijomis ir d\u0117mesiu klientui.","og_url":"https:\/\/spindeja.lt\/en\/product\/berilu-apyranke\/","og_site_name":"Spind\u0117ja","article_publisher":"https:\/\/www.facebook.com\/profile.php?id=100063674195191","article_modified_time":"2026-05-07T21:58:53+00:00","og_image":[{"width":600,"height":800,"url":"https:\/\/spindeja.lt\/wp-content\/uploads\/2025\/06\/Berilu-apyranke1.webp","type":"image\/webp"}],"twitter_card":"summary_large_image","twitter_misc":{"Estimated reading time":"2 minutes"},"schema":{"@context":"https:\/\/schema.org","@graph":[{"@type":"WebPage","@id":"https:\/\/spindeja.lt\/produktas\/berilu-apyranke\/","url":"https:\/\/spindeja.lt\/produktas\/berilu-apyranke\/","name":"Beril\u0173 apyrank\u0117 - Spind\u0117ja","isPartOf":{"@id":"https:\/\/spindeja.lt\/#website"},"primaryImageOfPage":{"@id":"https:\/\/spindeja.lt\/produktas\/berilu-apyranke\/#primaryimage"},"image":{"@id":"https:\/\/spindeja.lt\/produktas\/berilu-apyranke\/#primaryimage"},"thumbnailUrl":"https:\/\/spindeja.lt\/wp-content\/uploads\/2025\/06\/Berilu-apyranke1.webp","datePublished":"2025-06-05T22:14:03+00:00","dateModified":"2026-05-07T21:58:53+00:00","description":"Beril\u0173 apyrank\u0117 - Spind\u0117ja Auk\u0161ta kokyb\u0117, 100 proc. nat\u016bralumas, pagaminta su meile, intencijomis ir d\u0117mesiu klientui.","breadcrumb":{"@id":"https:\/\/spindeja.lt\/produktas\/berilu-apyranke\/#breadcrumb"},"inLanguage":"en-GB","potentialAction":[{"@type":"ReadAction","target":["https:\/\/spindeja.lt\/produktas\/berilu-apyranke\/"]}]},{"@type":"ImageObject","inLanguage":"en-GB","@id":"https:\/\/spindeja.lt\/produktas\/berilu-apyranke\/#primaryimage","url":"https:\/\/spindeja.lt\/wp-content\/uploads\/2025\/06\/Berilu-apyranke1.webp","contentUrl":"https:\/\/spindeja.lt\/wp-content\/uploads\/2025\/06\/Berilu-apyranke1.webp","width":600,"height":800,"caption":"Beril\u0173 apyrank\u0117"},{"@type":"BreadcrumbList","@id":"https:\/\/spindeja.lt\/produktas\/berilu-apyranke\/#breadcrumb","itemListElement":[{"@type":"ListItem","position":1,"name":"Prad\u017eia","item":"https:\/\/spindeja.lt\/"},{"@type":"ListItem","position":2,"name":"Parduotuv\u0117","item":"https:\/\/spindeja.lt\/parduotuve\/"},{"@type":"ListItem","position":3,"name":"Beril\u0173 apyrank\u0117"}]},{"@type":"WebSite","@id":"https:\/\/spindeja.lt\/#website","url":"https:\/\/spindeja.lt\/","name":"Spind\u0117ja","description":"Rank\u0173 darbo papuo\u0161alai Jums","publisher":{"@id":"https:\/\/spindeja.lt\/#organization"},"potentialAction":[{"@type":"SearchAction","target":{"@type":"EntryPoint","urlTemplate":"https:\/\/spindeja.lt\/?s={search_term_string}"},"query-input":{"@type":"PropertyValueSpecification","valueRequired":true,"valueName":"search_term_string"}}],"inLanguage":"en-GB"},{"@type":"Organization","@id":"https:\/\/spindeja.lt\/#organization","name":"Spind\u0117ja","url":"https:\/\/spindeja.lt\/","logo":{"@type":"ImageObject","inLanguage":"en-GB","@id":"https:\/\/spindeja.lt\/#\/schema\/logo\/image\/","url":"https:\/\/spindeja.lt\/wp-content\/uploads\/2019\/12\/Layer-2.png","contentUrl":"https:\/\/spindeja.lt\/wp-content\/uploads\/2019\/12\/Layer-2.png","width":915,"height":616,"caption":"Spind\u0117ja"},"image":{"@id":"https:\/\/spindeja.lt\/#\/schema\/logo\/image\/"},"sameAs":["https:\/\/www.facebook.com\/profile.php?id=100063674195191","https:\/\/www.instagram.com\/spindeja\/"]}]}},"uagb_featured_image_src":{"full":["https:\/\/spindeja.lt\/wp-content\/uploads\/2025\/06\/Berilu-apyranke1.webp",600,800,false],"thumbnail":["https:\/\/spindeja.lt\/wp-content\/uploads\/2025\/06\/Berilu-apyranke1-150x150.webp",150,150,true],"medium":["https:\/\/spindeja.lt\/wp-content\/uploads\/2025\/06\/Berilu-apyranke1-225x300.webp",225,300,true],"medium_large":["https:\/\/spindeja.lt\/wp-content\/uploads\/2025\/06\/Berilu-apyranke1.webp",600,800,false],"large":["https:\/\/spindeja.lt\/wp-content\/uploads\/2025\/06\/Berilu-apyranke1.webp",600,800,false],"1536x1536":["https:\/\/spindeja.lt\/wp-content\/uploads\/2025\/06\/Berilu-apyranke1.webp",600,800,false],"2048x2048":["https:\/\/spindeja.lt\/wp-content\/uploads\/2025\/06\/Berilu-apyranke1.webp",600,800,false],"trp-custom-language-flag":["https:\/\/spindeja.lt\/wp-content\/uploads\/2025\/06\/Berilu-apyranke1-9x12.webp",9,12,true],"woocommerce_thumbnail":["https:\/\/spindeja.lt\/wp-content\/uploads\/2025\/06\/Berilu-apyranke1-540x540.webp",540,540,true],"woocommerce_single":["https:\/\/spindeja.lt\/wp-content\/uploads\/2025\/06\/Berilu-apyranke1-540x720.webp",540,720,true],"woocommerce_gallery_thumbnail":["https:\/\/spindeja.lt\/wp-content\/uploads\/2025\/06\/Berilu-apyranke1-100x100.webp",100,100,true]},"uagb_author_info":{"display_name":"spindeja","author_link":"https:\/\/spindeja.lt\/en\/author\/"},"uagb_comment_info":0,"uagb_excerpt":"Nat\u016brali\u0173 beril\u0173 (akvamarino, morganito ir heliodoro) kristal\u0173 apyrank\u0117 \u2013 \u0161velnios \u0161irdies ramyb\u0117s, intuicijos ir vidin\u0117s \u0161viesos derinys. Puikus pasirinkimas s\u0105moningai moteriai, siekian\u010diai harmonijos ir subtilaus spindesio kasdienyb\u0117je.","_links":{"self":[{"href":"https:\/\/spindeja.lt\/en\/wp-json\/wp\/v2\/product\/20785","targetHints":{"allow":["GET"]}}],"collection":[{"href":"https:\/\/spindeja.lt\/en\/wp-json\/wp\/v2\/product"}],"about":[{"href":"https:\/\/spindeja.lt\/en\/wp-json\/wp\/v2\/types\/product"}],"replies":[{"embeddable":true,"href":"https:\/\/spindeja.lt\/en\/wp-json\/wp\/v2\/comments?post=20785"}],"wp:featuredmedia":[{"embeddable":true,"href":"https:\/\/spindeja.lt\/en\/wp-json\/wp\/v2\/media\/20800"}],"wp:attachment":[{"href":"https:\/\/spindeja.lt\/en\/wp-json\/wp\/v2\/media?parent=20785"}],"wp:term":[{"taxonomy":"product_brand","embeddable":true,"href":"https:\/\/spindeja.lt\/en\/wp-json\/wp\/v2\/product_brand?post=20785"},{"taxonomy":"product_cat","embeddable":true,"href":"https:\/\/spindeja.lt\/en\/wp-json\/wp\/v2\/product_cat?post=20785"},{"taxonomy":"product_tag","embeddable":true,"href":"https:\/\/spindeja.lt\/en\/wp-json\/wp\/v2\/product_tag?post=20785"}],"curies":[{"name":"wp","href":"https:\/\/api.w.org\/{rel}","templated":true}]}}