{"id":20766,"date":"2025-06-05T20:34:21","date_gmt":"2025-06-05T18:34:21","guid":{"rendered":"https:\/\/spindeja.lt\/?post_type=product&#038;p=20766"},"modified":"2026-05-08T00:00:36","modified_gmt":"2026-05-07T22:00:36","slug":"citrino-apyranke","status":"publish","type":"product","link":"https:\/\/spindeja.lt\/en\/product\/citrino-apyranke\/","title":{"rendered":"Citrino apyrank\u0117"},"content":{"rendered":"<p>Citrino apyrank\u0117 su paauksuoto ner\u016bdijan\u010dio plieno \u201eSpind\u0117jos\u201c logotipo intarpu.<br \/>\nCitrino karoliuk\u0173 skersmuo \u2013 8 mm.<br \/>\nTurima vietoje i\u0161siun\u010diama per 1\u20132 d. d.<br \/>\nIndividualiems u\u017esakymams \u2013 5\u20139 d. d. gamyba. Apyrank\u0117s da\u017eniausiai gaminamos individualiai, retai turimos vietoje. Esant skubiam u\u017esakymui, para\u0161ykite susisiekite u\u017epild\u0119 <a href=\"https:\/\/spindeja.lt\/en\/kontaktai\/\">\u0161i\u0105 form\u0105<\/a> arba per soc. tinklus.<\/p>\n<p><strong>Atkreipkite d\u0117mes\u012f \u012f dyd\u017ei\u0173 pasirinkimo variantus.<\/strong><br \/>\nApyrank\u0117s dyd\u017eiai nurodyti pagal rie\u0161o apimt\u012f. Rie\u0161\u0105 reikia matuoti be laisvumo ties lankstom\u0105ja dalimi. Kilus klausim\u0173 d\u0117l dyd\u017eio pasirinkimo, pra\u0161ome susisiekti el. pa\u0161tu: spindeja8@gmail.com.<\/p>\n<p>Citrino apyrank\u0117 pristatoma \u201eSpind\u0117ja\u201c dovan\u0173 d\u0117\u017eut\u0117je.<\/p>\n<p><em>&#8211; Spind\u0117jos papuo\u0161al\u0173 gamyba \u2013 tai k\u016brybinis ritualas su pozityviomis afirmacijomis ir intuityviu energetiniu pakrovimu. <strong>Kartu su papuo\u0161alu J\u016bs gausite asmeni\u0161kai Jums i\u0161traukt\u0105 orakulo kort\u0105.<\/strong><\/em><\/p>\n<p><strong>Citrinas<\/strong> \u2013 tai \u0161viesos ir gausos akmuo, ne\u0161antis saul\u0117s energij\u0105, pozityvum\u0105 ir vidin\u0119 stipryb\u0119. Jis \u017einomas kaip vienas i\u0161 galingiausi\u0173 manifestacijos kristal\u0173, padedantis pritraukti klest\u0117jim\u0105, s\u0117km\u0119 bei savirealizacij\u0105. Citrinas skatina pasitik\u0117jim\u0105 savimi, k\u016brybi\u0161kum\u0105 ir padeda paleisti baimes bei sav\u0119s ribojan\u010dius \u012fsitikinimus.<\/p>\n<p>\u0160is akmuo valo ir aktyvina saul\u0117s rezginio \u010dakr\u0105 \u2013 m\u016bs\u0173 asmenin\u0117s galios centr\u0105. Stiprina vali\u0105, ry\u017et\u0105 bei optimizm\u0105. Citrinas ne tik saugo nuo neigiam\u0173 energij\u0173, bet ir j\u0173 nekaupia, tod\u0117l yra vienas i\u0161 nedaugelio kristal\u0173, kuri\u0173 n\u0117ra b\u016btina papildomai energeti\u0161kai valyti.<\/p>\n<p>Puikiai tinka tiems, kurie \u017eengia \u012f nauj\u0105 prad\u017ei\u0105, ie\u0161ko vidinio ai\u0161kumo, nori atverti keli\u0105 d\u017eiaugsmingai gausai ir gyventi i\u0161 \u0161irdies. Emoci\u0161kai citrinas valo baimes, stiprina optimizm\u0105 ir padeda i\u0161laikyti vidin\u0119 \u0161vies\u0105 net i\u0161\u0161\u016bki\u0173 laikotarpiais.<\/p>\n<p>Tai kristalas, kuris tarsi vidin\u0117 saul\u0117 palaiko gyvybingum\u0105, \u0161ilum\u0105 ir d\u017eiuges\u012f.<br \/>\nEnergeti\u0161kai aktyvina gyvybin\u0119 energij\u0105, stiprina asmenin\u0117s galios poj\u016bt\u012f, padeda realizuoti svajones ir tikslus.<\/p>\n<p>Fizi\u0161kai gali palaikyti vir\u0161kinimo sistem\u0105, stiprinti med\u017eiag\u0173 apykait\u0105, tonizuoti vis\u0105 organizm\u0105.<\/p>\n<p>Tai akmuo toms, kurios nori spind\u0117ti \u0161viesa, skleisti gyvybingum\u0105 ir traukti gausos t\u0117km\u0119 \u012f savo gyvenim\u0105 \u2013 kasdien\u0105 gyventi su d\u017eiaugsmu ir pasitik\u0117jimu.<\/p>","protected":false},"excerpt":{"rendered":"<p>Nat\u016bralaus citrino kristal\u0173 apyrank\u0117 \u2013 \u0161viesos, d\u017eiaugsmo ir gausos energijai. Skirta stiprinti vidin\u012f spindes\u012f, pasitik\u0117jim\u0105 savimi ir atverti gyvenimo t\u0117km\u0119.<\/p>","protected":false},"featured_media":20774,"comment_status":"closed","ping_status":"closed","template":"","meta":{"_uag_custom_page_level_css":"","site-sidebar-layout":"default","site-content-layout":"","ast-site-content-layout":"default","site-content-style":"default","site-sidebar-style":"default","ast-global-header-display":"","ast-banner-title-visibility":"","ast-main-header-display":"","ast-hfb-above-header-display":"","ast-hfb-below-header-display":"","ast-hfb-mobile-header-display":"","site-post-title":"","ast-breadcrumbs-content":"","ast-featured-img":"","footer-sml-layout":"","ast-disable-related-posts":"","theme-transparent-header-meta":"default","adv-header-id-meta":"","stick-header-meta":"default","header-above-stick-meta":"","header-main-stick-meta":"","header-below-stick-meta":"","astra-migrate-meta-layouts":"set","ast-page-background-enabled":"default","ast-page-background-meta":{"desktop":{"background-color":"","background-image":"","background-repeat":"repeat","background-position":"center center","background-size":"auto","background-attachment":"scroll","background-type":"","background-media":"","overlay-type":"","overlay-color":"","overlay-opacity":"","overlay-gradient":""},"tablet":{"background-color":"","background-image":"","background-repeat":"repeat","background-position":"center center","background-size":"auto","background-attachment":"scroll","background-type":"","background-media":"","overlay-type":"","overlay-color":"","overlay-opacity":"","overlay-gradient":""},"mobile":{"background-color":"","background-image":"","background-repeat":"repeat","background-position":"center center","background-size":"auto","background-attachment":"scroll","background-type":"","background-media":"","overlay-type":"","overlay-color":"","overlay-opacity":"","overlay-gradient":""}},"ast-content-background-meta":{"desktop":{"background-color":"var(--ast-global-color-5)","background-image":"","background-repeat":"repeat","background-position":"center center","background-size":"auto","background-attachment":"scroll","background-type":"","background-media":"","overlay-type":"","overlay-color":"","overlay-opacity":"","overlay-gradient":""},"tablet":{"background-color":"var(--ast-global-color-5)","background-image":"","background-repeat":"repeat","background-position":"center center","background-size":"auto","background-attachment":"scroll","background-type":"","background-media":"","overlay-type":"","overlay-color":"","overlay-opacity":"","overlay-gradient":""},"mobile":{"background-color":"var(--ast-global-color-5)","background-image":"","background-repeat":"repeat","background-position":"center center","background-size":"auto","background-attachment":"scroll","background-type":"","background-media":"","overlay-type":"","overlay-color":"","overlay-opacity":"","overlay-gradient":""}}},"product_brand":[],"product_cat":[53],"product_tag":[],"class_list":{"0":"post-20766","1":"product","2":"type-product","3":"status-publish","4":"has-post-thumbnail","6":"product_cat-apyrankes","7":"desktop-align-left","8":"tablet-align-left","9":"mobile-align-left","10":"ast-product-gallery-layout-horizontal-slider","11":"ast-product-single-variable","12":"ast-product-tabs-layout-horizontal","14":"first","15":"instock","16":"shipping-taxable","17":"purchasable","18":"product-type-variable"},"yoast_head":"<!-- This site is optimized with the Yoast SEO plugin v26.9 - https:\/\/yoast.com\/product\/yoast-seo-wordpress\/ -->\n<title>Citrino apyrank\u0117 - Spind\u0117ja<\/title>\n<meta name=\"description\" content=\"Citrino apyrank\u0117 - Spind\u0117ja Auk\u0161ta kokyb\u0117, 100 proc. nat\u016bralumas, pagaminta su meile, intencijomis ir d\u0117mesiu klientui.\" \/>\n<meta name=\"robots\" content=\"index, follow, max-snippet:-1, max-image-preview:large, max-video-preview:-1\" \/>\n<link rel=\"canonical\" href=\"https:\/\/spindeja.lt\/en\/product\/citrino-apyranke\/\" \/>\n<meta property=\"og:locale\" content=\"en_GB\" \/>\n<meta property=\"og:type\" content=\"article\" \/>\n<meta property=\"og:title\" content=\"Citrino apyrank\u0117 - Spind\u0117ja\" \/>\n<meta property=\"og:description\" content=\"Citrino apyrank\u0117 - Spind\u0117ja Auk\u0161ta kokyb\u0117, 100 proc. nat\u016bralumas, pagaminta su meile, intencijomis ir d\u0117mesiu klientui.\" \/>\n<meta property=\"og:url\" content=\"https:\/\/spindeja.lt\/en\/product\/citrino-apyranke\/\" \/>\n<meta property=\"og:site_name\" content=\"Spind\u0117ja\" \/>\n<meta property=\"article:publisher\" content=\"https:\/\/www.facebook.com\/profile.php?id=100063674195191\" \/>\n<meta property=\"article:modified_time\" content=\"2026-05-07T22:00:36+00:00\" \/>\n<meta property=\"og:image\" content=\"https:\/\/spindeja.lt\/wp-content\/uploads\/2025\/06\/Citrino-apyranke.webp\" \/>\n\t<meta property=\"og:image:width\" content=\"600\" \/>\n\t<meta property=\"og:image:height\" content=\"800\" \/>\n\t<meta property=\"og:image:type\" content=\"image\/webp\" \/>\n<meta name=\"twitter:card\" content=\"summary_large_image\" \/>\n<meta name=\"twitter:label1\" content=\"Estimated reading time\" \/>\n\t<meta name=\"twitter:data1\" content=\"2 minutes\" \/>\n<script type=\"application\/ld+json\" class=\"yoast-schema-graph\">{\"@context\":\"https:\/\/schema.org\",\"@graph\":[{\"@type\":\"WebPage\",\"@id\":\"https:\/\/spindeja.lt\/produktas\/citrino-apyranke\/\",\"url\":\"https:\/\/spindeja.lt\/produktas\/citrino-apyranke\/\",\"name\":\"Citrino apyrank\u0117 - Spind\u0117ja\",\"isPartOf\":{\"@id\":\"https:\/\/spindeja.lt\/#website\"},\"primaryImageOfPage\":{\"@id\":\"https:\/\/spindeja.lt\/produktas\/citrino-apyranke\/#primaryimage\"},\"image\":{\"@id\":\"https:\/\/spindeja.lt\/produktas\/citrino-apyranke\/#primaryimage\"},\"thumbnailUrl\":\"https:\/\/spindeja.lt\/wp-content\/uploads\/2025\/06\/Citrino-apyranke.webp\",\"datePublished\":\"2025-06-05T18:34:21+00:00\",\"dateModified\":\"2026-05-07T22:00:36+00:00\",\"description\":\"Citrino apyrank\u0117 - Spind\u0117ja Auk\u0161ta kokyb\u0117, 100 proc. nat\u016bralumas, pagaminta su meile, intencijomis ir d\u0117mesiu klientui.\",\"breadcrumb\":{\"@id\":\"https:\/\/spindeja.lt\/produktas\/citrino-apyranke\/#breadcrumb\"},\"inLanguage\":\"en-GB\",\"potentialAction\":[{\"@type\":\"ReadAction\",\"target\":[\"https:\/\/spindeja.lt\/produktas\/citrino-apyranke\/\"]}]},{\"@type\":\"ImageObject\",\"inLanguage\":\"en-GB\",\"@id\":\"https:\/\/spindeja.lt\/produktas\/citrino-apyranke\/#primaryimage\",\"url\":\"https:\/\/spindeja.lt\/wp-content\/uploads\/2025\/06\/Citrino-apyranke.webp\",\"contentUrl\":\"https:\/\/spindeja.lt\/wp-content\/uploads\/2025\/06\/Citrino-apyranke.webp\",\"width\":600,\"height\":800,\"caption\":\"Citrino apyrank\u0117\"},{\"@type\":\"BreadcrumbList\",\"@id\":\"https:\/\/spindeja.lt\/produktas\/citrino-apyranke\/#breadcrumb\",\"itemListElement\":[{\"@type\":\"ListItem\",\"position\":1,\"name\":\"Prad\u017eia\",\"item\":\"https:\/\/spindeja.lt\/\"},{\"@type\":\"ListItem\",\"position\":2,\"name\":\"Parduotuv\u0117\",\"item\":\"https:\/\/spindeja.lt\/parduotuve\/\"},{\"@type\":\"ListItem\",\"position\":3,\"name\":\"Citrino apyrank\u0117\"}]},{\"@type\":\"WebSite\",\"@id\":\"https:\/\/spindeja.lt\/#website\",\"url\":\"https:\/\/spindeja.lt\/\",\"name\":\"Spind\u0117ja\",\"description\":\"Rank\u0173 darbo papuo\u0161alai Jums\",\"publisher\":{\"@id\":\"https:\/\/spindeja.lt\/#organization\"},\"potentialAction\":[{\"@type\":\"SearchAction\",\"target\":{\"@type\":\"EntryPoint\",\"urlTemplate\":\"https:\/\/spindeja.lt\/?s={search_term_string}\"},\"query-input\":{\"@type\":\"PropertyValueSpecification\",\"valueRequired\":true,\"valueName\":\"search_term_string\"}}],\"inLanguage\":\"en-GB\"},{\"@type\":\"Organization\",\"@id\":\"https:\/\/spindeja.lt\/#organization\",\"name\":\"Spind\u0117ja\",\"url\":\"https:\/\/spindeja.lt\/\",\"logo\":{\"@type\":\"ImageObject\",\"inLanguage\":\"en-GB\",\"@id\":\"https:\/\/spindeja.lt\/#\/schema\/logo\/image\/\",\"url\":\"https:\/\/spindeja.lt\/wp-content\/uploads\/2019\/12\/Layer-2.png\",\"contentUrl\":\"https:\/\/spindeja.lt\/wp-content\/uploads\/2019\/12\/Layer-2.png\",\"width\":915,\"height\":616,\"caption\":\"Spind\u0117ja\"},\"image\":{\"@id\":\"https:\/\/spindeja.lt\/#\/schema\/logo\/image\/\"},\"sameAs\":[\"https:\/\/www.facebook.com\/profile.php?id=100063674195191\",\"https:\/\/www.instagram.com\/spindeja\/\"]}]}<\/script>\n<!-- \/ Yoast SEO plugin. -->","yoast_head_json":{"title":"Citrino apyrank\u0117 - Spind\u0117ja","description":"Citrino apyrank\u0117 - Spind\u0117ja Auk\u0161ta kokyb\u0117, 100 proc. nat\u016bralumas, pagaminta su meile, intencijomis ir d\u0117mesiu klientui.","robots":{"index":"index","follow":"follow","max-snippet":"max-snippet:-1","max-image-preview":"max-image-preview:large","max-video-preview":"max-video-preview:-1"},"canonical":"https:\/\/spindeja.lt\/en\/product\/citrino-apyranke\/","og_locale":"en_GB","og_type":"article","og_title":"Citrino apyrank\u0117 - Spind\u0117ja","og_description":"Citrino apyrank\u0117 - Spind\u0117ja Auk\u0161ta kokyb\u0117, 100 proc. nat\u016bralumas, pagaminta su meile, intencijomis ir d\u0117mesiu klientui.","og_url":"https:\/\/spindeja.lt\/en\/product\/citrino-apyranke\/","og_site_name":"Spind\u0117ja","article_publisher":"https:\/\/www.facebook.com\/profile.php?id=100063674195191","article_modified_time":"2026-05-07T22:00:36+00:00","og_image":[{"width":600,"height":800,"url":"https:\/\/spindeja.lt\/wp-content\/uploads\/2025\/06\/Citrino-apyranke.webp","type":"image\/webp"}],"twitter_card":"summary_large_image","twitter_misc":{"Estimated reading time":"2 minutes"},"schema":{"@context":"https:\/\/schema.org","@graph":[{"@type":"WebPage","@id":"https:\/\/spindeja.lt\/produktas\/citrino-apyranke\/","url":"https:\/\/spindeja.lt\/produktas\/citrino-apyranke\/","name":"Citrino apyrank\u0117 - Spind\u0117ja","isPartOf":{"@id":"https:\/\/spindeja.lt\/#website"},"primaryImageOfPage":{"@id":"https:\/\/spindeja.lt\/produktas\/citrino-apyranke\/#primaryimage"},"image":{"@id":"https:\/\/spindeja.lt\/produktas\/citrino-apyranke\/#primaryimage"},"thumbnailUrl":"https:\/\/spindeja.lt\/wp-content\/uploads\/2025\/06\/Citrino-apyranke.webp","datePublished":"2025-06-05T18:34:21+00:00","dateModified":"2026-05-07T22:00:36+00:00","description":"Citrino apyrank\u0117 - Spind\u0117ja Auk\u0161ta kokyb\u0117, 100 proc. nat\u016bralumas, pagaminta su meile, intencijomis ir d\u0117mesiu klientui.","breadcrumb":{"@id":"https:\/\/spindeja.lt\/produktas\/citrino-apyranke\/#breadcrumb"},"inLanguage":"en-GB","potentialAction":[{"@type":"ReadAction","target":["https:\/\/spindeja.lt\/produktas\/citrino-apyranke\/"]}]},{"@type":"ImageObject","inLanguage":"en-GB","@id":"https:\/\/spindeja.lt\/produktas\/citrino-apyranke\/#primaryimage","url":"https:\/\/spindeja.lt\/wp-content\/uploads\/2025\/06\/Citrino-apyranke.webp","contentUrl":"https:\/\/spindeja.lt\/wp-content\/uploads\/2025\/06\/Citrino-apyranke.webp","width":600,"height":800,"caption":"Citrino apyrank\u0117"},{"@type":"BreadcrumbList","@id":"https:\/\/spindeja.lt\/produktas\/citrino-apyranke\/#breadcrumb","itemListElement":[{"@type":"ListItem","position":1,"name":"Prad\u017eia","item":"https:\/\/spindeja.lt\/"},{"@type":"ListItem","position":2,"name":"Parduotuv\u0117","item":"https:\/\/spindeja.lt\/parduotuve\/"},{"@type":"ListItem","position":3,"name":"Citrino apyrank\u0117"}]},{"@type":"WebSite","@id":"https:\/\/spindeja.lt\/#website","url":"https:\/\/spindeja.lt\/","name":"Spind\u0117ja","description":"Rank\u0173 darbo papuo\u0161alai Jums","publisher":{"@id":"https:\/\/spindeja.lt\/#organization"},"potentialAction":[{"@type":"SearchAction","target":{"@type":"EntryPoint","urlTemplate":"https:\/\/spindeja.lt\/?s={search_term_string}"},"query-input":{"@type":"PropertyValueSpecification","valueRequired":true,"valueName":"search_term_string"}}],"inLanguage":"en-GB"},{"@type":"Organization","@id":"https:\/\/spindeja.lt\/#organization","name":"Spind\u0117ja","url":"https:\/\/spindeja.lt\/","logo":{"@type":"ImageObject","inLanguage":"en-GB","@id":"https:\/\/spindeja.lt\/#\/schema\/logo\/image\/","url":"https:\/\/spindeja.lt\/wp-content\/uploads\/2019\/12\/Layer-2.png","contentUrl":"https:\/\/spindeja.lt\/wp-content\/uploads\/2019\/12\/Layer-2.png","width":915,"height":616,"caption":"Spind\u0117ja"},"image":{"@id":"https:\/\/spindeja.lt\/#\/schema\/logo\/image\/"},"sameAs":["https:\/\/www.facebook.com\/profile.php?id=100063674195191","https:\/\/www.instagram.com\/spindeja\/"]}]}},"uagb_featured_image_src":{"full":["https:\/\/spindeja.lt\/wp-content\/uploads\/2025\/06\/Citrino-apyranke.webp",600,800,false],"thumbnail":["https:\/\/spindeja.lt\/wp-content\/uploads\/2025\/06\/Citrino-apyranke-150x150.webp",150,150,true],"medium":["https:\/\/spindeja.lt\/wp-content\/uploads\/2025\/06\/Citrino-apyranke-225x300.webp",225,300,true],"medium_large":["https:\/\/spindeja.lt\/wp-content\/uploads\/2025\/06\/Citrino-apyranke.webp",600,800,false],"large":["https:\/\/spindeja.lt\/wp-content\/uploads\/2025\/06\/Citrino-apyranke.webp",600,800,false],"1536x1536":["https:\/\/spindeja.lt\/wp-content\/uploads\/2025\/06\/Citrino-apyranke.webp",600,800,false],"2048x2048":["https:\/\/spindeja.lt\/wp-content\/uploads\/2025\/06\/Citrino-apyranke.webp",600,800,false],"trp-custom-language-flag":["https:\/\/spindeja.lt\/wp-content\/uploads\/2025\/06\/Citrino-apyranke-9x12.webp",9,12,true],"woocommerce_thumbnail":["https:\/\/spindeja.lt\/wp-content\/uploads\/2025\/06\/Citrino-apyranke-540x540.webp",540,540,true],"woocommerce_single":["https:\/\/spindeja.lt\/wp-content\/uploads\/2025\/06\/Citrino-apyranke-540x720.webp",540,720,true],"woocommerce_gallery_thumbnail":["https:\/\/spindeja.lt\/wp-content\/uploads\/2025\/06\/Citrino-apyranke-100x100.webp",100,100,true]},"uagb_author_info":{"display_name":"spindeja","author_link":"https:\/\/spindeja.lt\/en\/author\/"},"uagb_comment_info":0,"uagb_excerpt":"Nat\u016bralaus citrino kristal\u0173 apyrank\u0117 \u2013 \u0161viesos, d\u017eiaugsmo ir gausos energijai. Skirta stiprinti vidin\u012f spindes\u012f, pasitik\u0117jim\u0105 savimi ir atverti gyvenimo t\u0117km\u0119.","_links":{"self":[{"href":"https:\/\/spindeja.lt\/en\/wp-json\/wp\/v2\/product\/20766","targetHints":{"allow":["GET"]}}],"collection":[{"href":"https:\/\/spindeja.lt\/en\/wp-json\/wp\/v2\/product"}],"about":[{"href":"https:\/\/spindeja.lt\/en\/wp-json\/wp\/v2\/types\/product"}],"replies":[{"embeddable":true,"href":"https:\/\/spindeja.lt\/en\/wp-json\/wp\/v2\/comments?post=20766"}],"wp:featuredmedia":[{"embeddable":true,"href":"https:\/\/spindeja.lt\/en\/wp-json\/wp\/v2\/media\/20774"}],"wp:attachment":[{"href":"https:\/\/spindeja.lt\/en\/wp-json\/wp\/v2\/media?parent=20766"}],"wp:term":[{"taxonomy":"product_brand","embeddable":true,"href":"https:\/\/spindeja.lt\/en\/wp-json\/wp\/v2\/product_brand?post=20766"},{"taxonomy":"product_cat","embeddable":true,"href":"https:\/\/spindeja.lt\/en\/wp-json\/wp\/v2\/product_cat?post=20766"},{"taxonomy":"product_tag","embeddable":true,"href":"https:\/\/spindeja.lt\/en\/wp-json\/wp\/v2\/product_tag?post=20766"}],"curies":[{"name":"wp","href":"https:\/\/api.w.org\/{rel}","templated":true}]}}