{"id":20758,"date":"2025-06-05T19:29:26","date_gmt":"2025-06-05T17:29:26","guid":{"rendered":"https:\/\/spindeja.lt\/?post_type=product&#038;p=20758"},"modified":"2026-04-15T19:30:07","modified_gmt":"2026-04-15T17:30:07","slug":"citrino-kaklo-papuosalas-vidine-saule","status":"publish","type":"product","link":"https:\/\/spindeja.lt\/en\/product\/citrino-kaklo-papuosalas-vidine-saule\/","title":{"rendered":"Citrino kaklo papuo\u0161alas &#8222;Vidin\u0117 saul\u0117&#8221;"},"content":{"rendered":"<p><strong>Citrino kristal\u0173 kaklo papuo\u0161alas su saul\u0117s pakabuku<\/strong><\/p>\n<p>Subtilus, eleganti\u0161kas v\u0117rinys i\u0161 smulki\u0173, 3 mm facetuot\u0173 nat\u016brali\u0173 citrino kristal\u0173, dekoruotas saul\u0117s formos pakabuku &#8211; gyvybin\u0117s energijos, d\u017eiaugsmo ir \u0161viesos simboliu. Citrinas &#8211; tai spinduliuojan\u010dio optimizmo ir gausos kristalas, stiprinantis pasitik\u0117jim\u0105 savimi ir skatinantis vidin\u0119 saul\u0119 spind\u0117ti pasauliui.<\/p>\n<p>\u0160is citrino kaklo papuo\u0161alas puikiai tinka moterims, siekian\u010dioms spind\u0117ti savo autenti\u0161kumu, atskleisti k\u016brybi\u0161kum\u0105 bei pritraukti d\u017eiaugsm\u0105 \u012f kasdienyb\u0119.<\/p>\n<p><em>&#8211; Spind\u0117jos kristal\u0173 papuo\u0161al\u0173 gamyba \u2013 tai k\u016brybinis ritualas su pozityviomis afirmacijomis ir intuityviu energetiniu pakrovimu.<\/em><\/p>\n<p>&#8211; Ilgis: 42 cm. Galimas individualus ilgis (esant poreikiui, susisiekite d\u0117l korekcij\u0173)<br \/>\n&#8211; Paauksuoto \u017ealvario detal\u0117s<br \/>\n&#8211; Turimas vietoje \u2013 i\u0161siun\u010diamas per 1\u20132 d. d.<br \/>\n&#8211; Individualiems u\u017esakymams \u2013 5\u20139 d. d. gamyba<br \/>\n&#8211; Supakuojamas \u012f \u201eSpind\u0117jos\u201c dovan\u0173 d\u0117\u017eut\u0119<\/p>\n<p><strong>Citrinas<\/strong> \u2013 tai \u0161viesos ir gausos akmuo, ne\u0161antis saul\u0117s energij\u0105, pozityvum\u0105 ir vidin\u0119 stipryb\u0119. Jis \u017einomas kaip vienas i\u0161 galingiausi\u0173 manifestacijos kristal\u0173, padedantis pritraukti klest\u0117jim\u0105, s\u0117km\u0119 bei savirealizacij\u0105. Citrinas skatina pasitik\u0117jim\u0105 savimi, k\u016brybi\u0161kum\u0105 ir padeda paleisti baimes bei sav\u0119s ribojimus.<\/p>\n<p>\u0160is akmuo valo ir aktyvina Saul\u0117s rezginio \u010dakr\u0105 \u2013 m\u016bs\u0173 asmenin\u0117s galios centr\u0105, stiprina vali\u0105, ry\u017et\u0105 bei optimizm\u0105. Citrinas ne tik saugo nuo neigiam\u0173 energij\u0173, bet ir j\u0173 nekaupia, tod\u0117l yra vienas i\u0161 nedaugelio kristal\u0173, kuri\u0173 n\u0117ra b\u016btina energeti\u0161kai valyti. Puikiai tinka tiems, kurie kuria nauj\u0105 prad\u017ei\u0105, ie\u0161ko ai\u0161kumo, nori atverti keli\u0105 d\u017eiaugsmingai gausai bei gyventi i\u0161 \u0161irdies.<\/p>\n<p>Emoci\u0161kai citrinas valo baimes, stiprina optimizm\u0105 ir padeda i\u0161laikyti vidin\u0119 \u0161vies\u0105 net i\u0161\u0161\u016bki\u0173 laikotarpiais. Tai kristalas, kuris tarsi vidin\u0117 saul\u0117 palaiko gyvybingum\u0105, \u0161ilum\u0105 ir d\u017eiuges\u012f.<\/p>\n<p>Energeti\u0161kai stipriai veikia <strong>saul\u0117s rezginio \u010dakr\u0105<\/strong>, suaktyvina gyvybin\u0119 energij\u0105, stiprina asmenin\u0117s galios poj\u016bt\u012f, padeda realizuoti svajones ir tikslus.<\/p>\n<p>Fizi\u0161kai gali palaikyti vir\u0161kinimo sistem\u0105, stiprinti med\u017eiag\u0173 apykait\u0105, tonizuoti vis\u0105 organizm\u0105.<\/p>\n<p>Tai akmuo toms, kurios nori skleisti \u0161vies\u0105, gyvybingum\u0105 ir traukti gausos t\u0117km\u0119 \u012f savo gyvenim\u0105.<\/p>\n<p><em>Kaklo papuo\u0161alas \u2013 v\u0117rinys i\u0161 nat\u016brali\u0173 kristal\u0173, ne\u0161iojamas prie pat kaklo, veikia ypa\u010d stipriai, nes kaklas \u2013 subtili jungtis tarp galvos ir k\u016bno. Tokie v\u0117riniai \u2013 ne tik puo\u0161mena, bet ir stiprus energetinis palaikymas kasdienai.<\/em><\/p>","protected":false},"excerpt":{"rendered":"<p>Minimalistinis kaklo papuo\u0161alas i\u0161 citrino kristal\u0173 su saul\u0117s pakabuku \u2013 vidinei \u0161viesai, gausai ir d\u017eiaugsmo energijai.<\/p>","protected":false},"featured_media":20759,"comment_status":"closed","ping_status":"closed","template":"","meta":{"_uag_custom_page_level_css":"","site-sidebar-layout":"default","site-content-layout":"","ast-site-content-layout":"default","site-content-style":"default","site-sidebar-style":"default","ast-global-header-display":"","ast-banner-title-visibility":"","ast-main-header-display":"","ast-hfb-above-header-display":"","ast-hfb-below-header-display":"","ast-hfb-mobile-header-display":"","site-post-title":"","ast-breadcrumbs-content":"","ast-featured-img":"","footer-sml-layout":"","ast-disable-related-posts":"","theme-transparent-header-meta":"default","adv-header-id-meta":"","stick-header-meta":"default","header-above-stick-meta":"","header-main-stick-meta":"","header-below-stick-meta":"","astra-migrate-meta-layouts":"set","ast-page-background-enabled":"default","ast-page-background-meta":{"desktop":{"background-color":"","background-image":"","background-repeat":"repeat","background-position":"center center","background-size":"auto","background-attachment":"scroll","background-type":"","background-media":"","overlay-type":"","overlay-color":"","overlay-opacity":"","overlay-gradient":""},"tablet":{"background-color":"","background-image":"","background-repeat":"repeat","background-position":"center center","background-size":"auto","background-attachment":"scroll","background-type":"","background-media":"","overlay-type":"","overlay-color":"","overlay-opacity":"","overlay-gradient":""},"mobile":{"background-color":"","background-image":"","background-repeat":"repeat","background-position":"center center","background-size":"auto","background-attachment":"scroll","background-type":"","background-media":"","overlay-type":"","overlay-color":"","overlay-opacity":"","overlay-gradient":""}},"ast-content-background-meta":{"desktop":{"background-color":"var(--ast-global-color-5)","background-image":"","background-repeat":"repeat","background-position":"center center","background-size":"auto","background-attachment":"scroll","background-type":"","background-media":"","overlay-type":"","overlay-color":"","overlay-opacity":"","overlay-gradient":""},"tablet":{"background-color":"var(--ast-global-color-5)","background-image":"","background-repeat":"repeat","background-position":"center center","background-size":"auto","background-attachment":"scroll","background-type":"","background-media":"","overlay-type":"","overlay-color":"","overlay-opacity":"","overlay-gradient":""},"mobile":{"background-color":"var(--ast-global-color-5)","background-image":"","background-repeat":"repeat","background-position":"center center","background-size":"auto","background-attachment":"scroll","background-type":"","background-media":"","overlay-type":"","overlay-color":"","overlay-opacity":"","overlay-gradient":""}}},"product_brand":[],"product_cat":[55,108],"product_tag":[],"class_list":{"0":"post-20758","1":"product","2":"type-product","3":"status-publish","4":"has-post-thumbnail","6":"product_cat-kaklo-papuosalai","7":"product_cat-veriniai","8":"desktop-align-left","9":"tablet-align-left","10":"mobile-align-left","11":"ast-product-gallery-layout-horizontal-slider","12":"ast-product-tabs-layout-horizontal","14":"first","15":"instock","16":"shipping-taxable","17":"purchasable","18":"product-type-simple"},"yoast_head":"<!-- This site is optimized with the Yoast SEO plugin v26.9 - https:\/\/yoast.com\/product\/yoast-seo-wordpress\/ -->\n<title>Citrino kaklo papuo\u0161alas &quot;Vidin\u0117 saul\u0117&quot; - Spind\u0117ja<\/title>\n<meta name=\"description\" content=\"Citrino kaklo papuo\u0161alas &quot;Vidin\u0117 saul\u0117&quot; - Spind\u0117ja Minimalistinis papuo\u0161alas. Auk\u0161ta kokyb\u0117, 100 proc. nat\u016bralumas, pagaminta su meile, intencijomis ir d\u0117mesiu klientui\" \/>\n<meta name=\"robots\" content=\"index, follow, max-snippet:-1, max-image-preview:large, max-video-preview:-1\" \/>\n<link rel=\"canonical\" href=\"https:\/\/spindeja.lt\/en\/product\/citrino-kaklo-papuosalas-vidine-saule\/\" \/>\n<meta property=\"og:locale\" content=\"en_GB\" \/>\n<meta property=\"og:type\" content=\"article\" \/>\n<meta property=\"og:title\" content=\"Citrino kaklo papuo\u0161alas &quot;Vidin\u0117 saul\u0117&quot; - Spind\u0117ja\" \/>\n<meta property=\"og:description\" content=\"Citrino kaklo papuo\u0161alas &quot;Vidin\u0117 saul\u0117&quot; - Spind\u0117ja Minimalistinis papuo\u0161alas. Auk\u0161ta kokyb\u0117, 100 proc. nat\u016bralumas, pagaminta su meile, intencijomis ir d\u0117mesiu klientui\" \/>\n<meta property=\"og:url\" content=\"https:\/\/spindeja.lt\/en\/product\/citrino-kaklo-papuosalas-vidine-saule\/\" \/>\n<meta property=\"og:site_name\" content=\"Spind\u0117ja\" \/>\n<meta property=\"article:publisher\" content=\"https:\/\/www.facebook.com\/profile.php?id=100063674195191\" \/>\n<meta property=\"article:modified_time\" content=\"2026-04-15T17:30:07+00:00\" \/>\n<meta property=\"og:image\" content=\"https:\/\/spindeja.lt\/wp-content\/uploads\/2025\/06\/Citrino_verinys3.webp\" \/>\n\t<meta property=\"og:image:width\" content=\"533\" \/>\n\t<meta property=\"og:image:height\" content=\"800\" \/>\n\t<meta property=\"og:image:type\" content=\"image\/webp\" \/>\n<meta name=\"twitter:card\" content=\"summary_large_image\" \/>\n<meta name=\"twitter:label1\" content=\"Estimated reading time\" \/>\n\t<meta name=\"twitter:data1\" content=\"2 minutes\" \/>\n<script type=\"application\/ld+json\" class=\"yoast-schema-graph\">{\"@context\":\"https:\/\/schema.org\",\"@graph\":[{\"@type\":\"WebPage\",\"@id\":\"https:\/\/spindeja.lt\/produktas\/citrino-kaklo-papuosalas-vidine-saule\/\",\"url\":\"https:\/\/spindeja.lt\/produktas\/citrino-kaklo-papuosalas-vidine-saule\/\",\"name\":\"Citrino kaklo papuo\u0161alas \\\"Vidin\u0117 saul\u0117\\\" - Spind\u0117ja\",\"isPartOf\":{\"@id\":\"https:\/\/spindeja.lt\/#website\"},\"primaryImageOfPage\":{\"@id\":\"https:\/\/spindeja.lt\/produktas\/citrino-kaklo-papuosalas-vidine-saule\/#primaryimage\"},\"image\":{\"@id\":\"https:\/\/spindeja.lt\/produktas\/citrino-kaklo-papuosalas-vidine-saule\/#primaryimage\"},\"thumbnailUrl\":\"https:\/\/spindeja.lt\/wp-content\/uploads\/2025\/06\/Citrino_verinys3.webp\",\"datePublished\":\"2025-06-05T17:29:26+00:00\",\"dateModified\":\"2026-04-15T17:30:07+00:00\",\"description\":\"Citrino kaklo papuo\u0161alas \\\"Vidin\u0117 saul\u0117\\\" - Spind\u0117ja Minimalistinis papuo\u0161alas. Auk\u0161ta kokyb\u0117, 100 proc. nat\u016bralumas, pagaminta su meile, intencijomis ir d\u0117mesiu klientui\",\"breadcrumb\":{\"@id\":\"https:\/\/spindeja.lt\/produktas\/citrino-kaklo-papuosalas-vidine-saule\/#breadcrumb\"},\"inLanguage\":\"en-GB\",\"potentialAction\":[{\"@type\":\"ReadAction\",\"target\":[\"https:\/\/spindeja.lt\/produktas\/citrino-kaklo-papuosalas-vidine-saule\/\"]}]},{\"@type\":\"ImageObject\",\"inLanguage\":\"en-GB\",\"@id\":\"https:\/\/spindeja.lt\/produktas\/citrino-kaklo-papuosalas-vidine-saule\/#primaryimage\",\"url\":\"https:\/\/spindeja.lt\/wp-content\/uploads\/2025\/06\/Citrino_verinys3.webp\",\"contentUrl\":\"https:\/\/spindeja.lt\/wp-content\/uploads\/2025\/06\/Citrino_verinys3.webp\",\"width\":533,\"height\":800,\"caption\":\"Citrino v\u0117rinys\"},{\"@type\":\"BreadcrumbList\",\"@id\":\"https:\/\/spindeja.lt\/produktas\/citrino-kaklo-papuosalas-vidine-saule\/#breadcrumb\",\"itemListElement\":[{\"@type\":\"ListItem\",\"position\":1,\"name\":\"Prad\u017eia\",\"item\":\"https:\/\/spindeja.lt\/\"},{\"@type\":\"ListItem\",\"position\":2,\"name\":\"Parduotuv\u0117\",\"item\":\"https:\/\/spindeja.lt\/parduotuve\/\"},{\"@type\":\"ListItem\",\"position\":3,\"name\":\"Citrino kaklo papuo\u0161alas &#8222;Vidin\u0117 saul\u0117&#8221;\"}]},{\"@type\":\"WebSite\",\"@id\":\"https:\/\/spindeja.lt\/#website\",\"url\":\"https:\/\/spindeja.lt\/\",\"name\":\"Spind\u0117ja\",\"description\":\"Rank\u0173 darbo papuo\u0161alai Jums\",\"publisher\":{\"@id\":\"https:\/\/spindeja.lt\/#organization\"},\"potentialAction\":[{\"@type\":\"SearchAction\",\"target\":{\"@type\":\"EntryPoint\",\"urlTemplate\":\"https:\/\/spindeja.lt\/?s={search_term_string}\"},\"query-input\":{\"@type\":\"PropertyValueSpecification\",\"valueRequired\":true,\"valueName\":\"search_term_string\"}}],\"inLanguage\":\"en-GB\"},{\"@type\":\"Organization\",\"@id\":\"https:\/\/spindeja.lt\/#organization\",\"name\":\"Spind\u0117ja\",\"url\":\"https:\/\/spindeja.lt\/\",\"logo\":{\"@type\":\"ImageObject\",\"inLanguage\":\"en-GB\",\"@id\":\"https:\/\/spindeja.lt\/#\/schema\/logo\/image\/\",\"url\":\"https:\/\/spindeja.lt\/wp-content\/uploads\/2019\/12\/Layer-2.png\",\"contentUrl\":\"https:\/\/spindeja.lt\/wp-content\/uploads\/2019\/12\/Layer-2.png\",\"width\":915,\"height\":616,\"caption\":\"Spind\u0117ja\"},\"image\":{\"@id\":\"https:\/\/spindeja.lt\/#\/schema\/logo\/image\/\"},\"sameAs\":[\"https:\/\/www.facebook.com\/profile.php?id=100063674195191\",\"https:\/\/www.instagram.com\/spindeja\/\"]}]}<\/script>\n<!-- \/ Yoast SEO plugin. -->","yoast_head_json":{"title":"Citrino kaklo papuo\u0161alas \"Vidin\u0117 saul\u0117\" - Spind\u0117ja","description":"Citrino kaklo papuo\u0161alas \"Vidin\u0117 saul\u0117\" - Spind\u0117ja Minimalistinis papuo\u0161alas. Auk\u0161ta kokyb\u0117, 100 proc. nat\u016bralumas, pagaminta su meile, intencijomis ir d\u0117mesiu klientui","robots":{"index":"index","follow":"follow","max-snippet":"max-snippet:-1","max-image-preview":"max-image-preview:large","max-video-preview":"max-video-preview:-1"},"canonical":"https:\/\/spindeja.lt\/en\/product\/citrino-kaklo-papuosalas-vidine-saule\/","og_locale":"en_GB","og_type":"article","og_title":"Citrino kaklo papuo\u0161alas \"Vidin\u0117 saul\u0117\" - Spind\u0117ja","og_description":"Citrino kaklo papuo\u0161alas \"Vidin\u0117 saul\u0117\" - Spind\u0117ja Minimalistinis papuo\u0161alas. Auk\u0161ta kokyb\u0117, 100 proc. nat\u016bralumas, pagaminta su meile, intencijomis ir d\u0117mesiu klientui","og_url":"https:\/\/spindeja.lt\/en\/product\/citrino-kaklo-papuosalas-vidine-saule\/","og_site_name":"Spind\u0117ja","article_publisher":"https:\/\/www.facebook.com\/profile.php?id=100063674195191","article_modified_time":"2026-04-15T17:30:07+00:00","og_image":[{"width":533,"height":800,"url":"https:\/\/spindeja.lt\/wp-content\/uploads\/2025\/06\/Citrino_verinys3.webp","type":"image\/webp"}],"twitter_card":"summary_large_image","twitter_misc":{"Estimated reading time":"2 minutes"},"schema":{"@context":"https:\/\/schema.org","@graph":[{"@type":"WebPage","@id":"https:\/\/spindeja.lt\/produktas\/citrino-kaklo-papuosalas-vidine-saule\/","url":"https:\/\/spindeja.lt\/produktas\/citrino-kaklo-papuosalas-vidine-saule\/","name":"Citrino kaklo papuo\u0161alas \"Vidin\u0117 saul\u0117\" - Spind\u0117ja","isPartOf":{"@id":"https:\/\/spindeja.lt\/#website"},"primaryImageOfPage":{"@id":"https:\/\/spindeja.lt\/produktas\/citrino-kaklo-papuosalas-vidine-saule\/#primaryimage"},"image":{"@id":"https:\/\/spindeja.lt\/produktas\/citrino-kaklo-papuosalas-vidine-saule\/#primaryimage"},"thumbnailUrl":"https:\/\/spindeja.lt\/wp-content\/uploads\/2025\/06\/Citrino_verinys3.webp","datePublished":"2025-06-05T17:29:26+00:00","dateModified":"2026-04-15T17:30:07+00:00","description":"Citrino kaklo papuo\u0161alas \"Vidin\u0117 saul\u0117\" - Spind\u0117ja Minimalistinis papuo\u0161alas. Auk\u0161ta kokyb\u0117, 100 proc. nat\u016bralumas, pagaminta su meile, intencijomis ir d\u0117mesiu klientui","breadcrumb":{"@id":"https:\/\/spindeja.lt\/produktas\/citrino-kaklo-papuosalas-vidine-saule\/#breadcrumb"},"inLanguage":"en-GB","potentialAction":[{"@type":"ReadAction","target":["https:\/\/spindeja.lt\/produktas\/citrino-kaklo-papuosalas-vidine-saule\/"]}]},{"@type":"ImageObject","inLanguage":"en-GB","@id":"https:\/\/spindeja.lt\/produktas\/citrino-kaklo-papuosalas-vidine-saule\/#primaryimage","url":"https:\/\/spindeja.lt\/wp-content\/uploads\/2025\/06\/Citrino_verinys3.webp","contentUrl":"https:\/\/spindeja.lt\/wp-content\/uploads\/2025\/06\/Citrino_verinys3.webp","width":533,"height":800,"caption":"Citrino v\u0117rinys"},{"@type":"BreadcrumbList","@id":"https:\/\/spindeja.lt\/produktas\/citrino-kaklo-papuosalas-vidine-saule\/#breadcrumb","itemListElement":[{"@type":"ListItem","position":1,"name":"Prad\u017eia","item":"https:\/\/spindeja.lt\/"},{"@type":"ListItem","position":2,"name":"Parduotuv\u0117","item":"https:\/\/spindeja.lt\/parduotuve\/"},{"@type":"ListItem","position":3,"name":"Citrino kaklo papuo\u0161alas &#8222;Vidin\u0117 saul\u0117&#8221;"}]},{"@type":"WebSite","@id":"https:\/\/spindeja.lt\/#website","url":"https:\/\/spindeja.lt\/","name":"Spind\u0117ja","description":"Rank\u0173 darbo papuo\u0161alai Jums","publisher":{"@id":"https:\/\/spindeja.lt\/#organization"},"potentialAction":[{"@type":"SearchAction","target":{"@type":"EntryPoint","urlTemplate":"https:\/\/spindeja.lt\/?s={search_term_string}"},"query-input":{"@type":"PropertyValueSpecification","valueRequired":true,"valueName":"search_term_string"}}],"inLanguage":"en-GB"},{"@type":"Organization","@id":"https:\/\/spindeja.lt\/#organization","name":"Spind\u0117ja","url":"https:\/\/spindeja.lt\/","logo":{"@type":"ImageObject","inLanguage":"en-GB","@id":"https:\/\/spindeja.lt\/#\/schema\/logo\/image\/","url":"https:\/\/spindeja.lt\/wp-content\/uploads\/2019\/12\/Layer-2.png","contentUrl":"https:\/\/spindeja.lt\/wp-content\/uploads\/2019\/12\/Layer-2.png","width":915,"height":616,"caption":"Spind\u0117ja"},"image":{"@id":"https:\/\/spindeja.lt\/#\/schema\/logo\/image\/"},"sameAs":["https:\/\/www.facebook.com\/profile.php?id=100063674195191","https:\/\/www.instagram.com\/spindeja\/"]}]}},"uagb_featured_image_src":{"full":["https:\/\/spindeja.lt\/wp-content\/uploads\/2025\/06\/Citrino_verinys3.webp",533,800,false],"thumbnail":["https:\/\/spindeja.lt\/wp-content\/uploads\/2025\/06\/Citrino_verinys3-150x150.webp",150,150,true],"medium":["https:\/\/spindeja.lt\/wp-content\/uploads\/2025\/06\/Citrino_verinys3-200x300.webp",200,300,true],"medium_large":["https:\/\/spindeja.lt\/wp-content\/uploads\/2025\/06\/Citrino_verinys3.webp",533,800,false],"large":["https:\/\/spindeja.lt\/wp-content\/uploads\/2025\/06\/Citrino_verinys3.webp",533,800,false],"1536x1536":["https:\/\/spindeja.lt\/wp-content\/uploads\/2025\/06\/Citrino_verinys3.webp",533,800,false],"2048x2048":["https:\/\/spindeja.lt\/wp-content\/uploads\/2025\/06\/Citrino_verinys3.webp",533,800,false],"trp-custom-language-flag":["https:\/\/spindeja.lt\/wp-content\/uploads\/2025\/06\/Citrino_verinys3-8x12.webp",8,12,true],"woocommerce_thumbnail":["https:\/\/spindeja.lt\/wp-content\/uploads\/2025\/06\/Citrino_verinys3-533x540.webp",533,540,true],"woocommerce_single":["https:\/\/spindeja.lt\/wp-content\/uploads\/2025\/06\/Citrino_verinys3.webp",533,800,false],"woocommerce_gallery_thumbnail":["https:\/\/spindeja.lt\/wp-content\/uploads\/2025\/06\/Citrino_verinys3-100x100.webp",100,100,true]},"uagb_author_info":{"display_name":"spindeja","author_link":"https:\/\/spindeja.lt\/en\/author\/"},"uagb_comment_info":0,"uagb_excerpt":"Minimalistinis kaklo papuo\u0161alas i\u0161 citrino kristal\u0173 su saul\u0117s pakabuku \u2013 vidinei \u0161viesai, gausai ir d\u017eiaugsmo energijai.","_links":{"self":[{"href":"https:\/\/spindeja.lt\/en\/wp-json\/wp\/v2\/product\/20758","targetHints":{"allow":["GET"]}}],"collection":[{"href":"https:\/\/spindeja.lt\/en\/wp-json\/wp\/v2\/product"}],"about":[{"href":"https:\/\/spindeja.lt\/en\/wp-json\/wp\/v2\/types\/product"}],"replies":[{"embeddable":true,"href":"https:\/\/spindeja.lt\/en\/wp-json\/wp\/v2\/comments?post=20758"}],"wp:featuredmedia":[{"embeddable":true,"href":"https:\/\/spindeja.lt\/en\/wp-json\/wp\/v2\/media\/20759"}],"wp:attachment":[{"href":"https:\/\/spindeja.lt\/en\/wp-json\/wp\/v2\/media?parent=20758"}],"wp:term":[{"taxonomy":"product_brand","embeddable":true,"href":"https:\/\/spindeja.lt\/en\/wp-json\/wp\/v2\/product_brand?post=20758"},{"taxonomy":"product_cat","embeddable":true,"href":"https:\/\/spindeja.lt\/en\/wp-json\/wp\/v2\/product_cat?post=20758"},{"taxonomy":"product_tag","embeddable":true,"href":"https:\/\/spindeja.lt\/en\/wp-json\/wp\/v2\/product_tag?post=20758"}],"curies":[{"name":"wp","href":"https:\/\/api.w.org\/{rel}","templated":true}]}}