{"id":20746,"date":"2025-05-21T23:38:35","date_gmt":"2025-05-21T21:38:35","guid":{"rendered":"https:\/\/spindeja.lt\/?post_type=product&#038;p=20746"},"modified":"2026-04-12T12:00:05","modified_gmt":"2026-04-12T10:00:05","slug":"perlu-verinys-pasteline-saule","status":"publish","type":"product","link":"https:\/\/spindeja.lt\/en\/product\/perlu-verinys-pasteline-saule\/","title":{"rendered":"Perl\u0173 v\u0117rinys &#8222;Pastelin\u0117 saul\u0117&#8221;"},"content":{"rendered":"<p>Subtilus nat\u016brali\u0173 rausvo, pastelinio atspalvio perl\u0173 v\u0117rinys, dekoruotas saul\u0117s simbolio pakabuku ir eleganti\u0161ku, dekoratyviu u\u017esegimu priekyje. Perlai \u2013 tai senovinis i\u0161minties, tyrumo ir moteri\u0161kos energijos simbolis. Jie ramina, stiprina vidin\u012f balans\u0105 ir primena apie gro\u017e\u012f, gimstant\u012f i\u0161 kantryb\u0117s ir \u0161velnumo.<\/p>\n<p>Perl\u0173 v\u0117rinys &#8222;Pastelin\u0117 saul\u0117&#8221; kvie\u010dia \u012f susijungim\u0105 su savo vidine \u0161viesa, moteri\u0161kumu ir nat\u016braliu gro\u017eiu, puikiai tiks ie\u0161kan\u010dioms eleganti\u0161kos klasikos su prasme \u2013 tiek kasdienai, tiek ypatingoms progoms. Tai papuo\u0161alas moterims, mokan\u010dioms \u0161viesti i\u0161 vidaus.<\/p>\n<p><em>&#8211; Spind\u0117jos kristal\u0173 papuo\u0161al\u0173 gamyba \u2013 tai k\u016brybinis ritualas su pozityviomis afirmacijomis ir intuityviu energetiniu pakrovimu.<\/em><\/p>\n<p>&#8211; Ilgis: 43 cm (perl\u0173 dalis \u2013 40 cm).<br \/>\n&#8211; Perl\u0173 skersmuo: 6 mm.<br \/>\n&#8211; Paauksuoto ner\u016bdijan\u010dio plieno ir \u017ealvario detal\u0117s.<br \/>\n&#8211; Turimas vietoje \u2013 i\u0161siun\u010diamas per 1\u20132 d. d.<br \/>\n&#8211; Individualiems u\u017esakymams \u2013 5\u20139 d. d. gamyba.<\/p>\n<p>Galimas individualus ilgis (esant poreikiui, susisiekite d\u0117l korekcij\u0173).<br \/>\nSupakuojamas \u012f \u201eSpind\u0117jos\u201c dovan\u0173 d\u0117\u017eut\u0119.<\/p>\n<p><strong>Nat\u016bral\u016bs upiniai perlai<\/strong> \u2013 \u0161veln\u016bs g\u0117lavandeniai \u0161viesos brangakmeniai, gimstantys i\u0161 tylos ir kantryb\u0117s vandens gelm\u0117se. Nors j\u0173 vert\u0117 \u017eemi\u0161kesn\u0117 nei ret\u0173j\u0173 Piet\u0173 j\u016bros ar Tahiti perl\u0173, j\u0173 simbolika \u2013 moteri\u0161kumo, intuicijos ir vidin\u0117s ramyb\u0117s \u2013 i\u0161lieka tokia pat gili. Perl\u0173 vert\u0117 labai priklauso nuo j\u0173 kokyb\u0117s: blizgesio, formos ir pavir\u0161iaus \u0161varumo. Spind\u0117jos kuriamiems papuo\u0161alams naudojami auk\u0161tos kokyb\u0117s upiniai perlai, atrinkti su meile ir d\u0117mesiu.<\/p>\n<p>Perlai nuo senov\u0117s buvo laikomi moteri\u0161kumo, emocin\u0117s brandos ir i\u0161minties simboliu. \u0160ie perlai \u2013 \u0161velnaus blizgesio ir unikalios formos \u2013 veikia kaip energetinis skydas, kuris apsaugo, ramina ir gr\u0105\u017eina \u012f save. Perlai padeda susigr\u0105\u017einti vidin\u0119 ramyb\u0119, sustiprina savivert\u0119 ir sav\u0119s pri\u0117mim\u0105. Jie \u0161velniai gydo emocinius su\u017eeidimus, ramina stres\u0105 ir \u012ftamp\u0105, skatina \u0161velnum\u0105 ir intuicij\u0105. Tai puikus pasirinkimas moterims, kurios nori \u0161vyt\u0117ti nat\u016braliu spindesiu, be dirbtinio blizgesio.<\/p>\n<p>Energeti\u0161kai perlai veikia <strong>\u0161irdies ir sakralin\u0119 \u010dakras<\/strong>, pad\u0117dami atkurti jausmin\u0119 pusiausvyr\u0105, moteri\u0161k\u0105 \u0161velnum\u0105 ir geb\u0117jim\u0105 priimti. Fizi\u0161kai siejami su odos, reprodukcin\u0117s ir hormon\u0173 sistemos harmonija.<\/p>\n<p><em>Kaklo papuo\u0161alas \u2013 v\u0117rinys i\u0161 nat\u016brali\u0173 med\u017eiag\u0173, ne\u0161iojamas prie pat kaklo, veikia ypa\u010d stipriai, nes kaklas \u2013 subtili jungtis tarp galvos ir k\u016bno. Tokie v\u0117riniai \u2013 ne tik puo\u0161mena, bet ir stiprus energetinis palaikymas kasdienai.<\/em><\/p>","protected":false},"excerpt":{"rendered":"<p>Subtilus nat\u016brali\u0173 rausvo, pastelinio atspalvio perl\u0173 v\u0117rinys, dekoruotas saul\u0117s simbolio pakabuku ir eleganti\u0161ku, dekoratyviu u\u017esegimu priekyje. Perlai \u2013 tai senovinis i\u0161minties, tyrumo ir moteri\u0161kos energijos simbolis. Jie ramina, stiprina vidin\u012f balans\u0105 ir primena apie gro\u017e\u012f, gimstant\u012f i\u0161 kantryb\u0117s ir \u0161velnumo. Perl\u0173 v\u0117rinys &#8222;Pastelin\u0117 saul\u0117&#8221; kvie\u010dia \u012f susijungim\u0105 su savo vidine \u0161viesa, moteri\u0161kumu ir nat\u016braliu gro\u017eiu, [&hellip;]<\/p>","protected":false},"featured_media":20756,"comment_status":"closed","ping_status":"closed","template":"","meta":{"_uag_custom_page_level_css":"","site-sidebar-layout":"default","site-content-layout":"","ast-site-content-layout":"default","site-content-style":"default","site-sidebar-style":"default","ast-global-header-display":"","ast-banner-title-visibility":"","ast-main-header-display":"","ast-hfb-above-header-display":"","ast-hfb-below-header-display":"","ast-hfb-mobile-header-display":"","site-post-title":"","ast-breadcrumbs-content":"","ast-featured-img":"","footer-sml-layout":"","ast-disable-related-posts":"","theme-transparent-header-meta":"default","adv-header-id-meta":"","stick-header-meta":"default","header-above-stick-meta":"","header-main-stick-meta":"","header-below-stick-meta":"","astra-migrate-meta-layouts":"set","ast-page-background-enabled":"default","ast-page-background-meta":{"desktop":{"background-color":"","background-image":"","background-repeat":"repeat","background-position":"center center","background-size":"auto","background-attachment":"scroll","background-type":"","background-media":"","overlay-type":"","overlay-color":"","overlay-opacity":"","overlay-gradient":""},"tablet":{"background-color":"","background-image":"","background-repeat":"repeat","background-position":"center center","background-size":"auto","background-attachment":"scroll","background-type":"","background-media":"","overlay-type":"","overlay-color":"","overlay-opacity":"","overlay-gradient":""},"mobile":{"background-color":"","background-image":"","background-repeat":"repeat","background-position":"center center","background-size":"auto","background-attachment":"scroll","background-type":"","background-media":"","overlay-type":"","overlay-color":"","overlay-opacity":"","overlay-gradient":""}},"ast-content-background-meta":{"desktop":{"background-color":"var(--ast-global-color-5)","background-image":"","background-repeat":"repeat","background-position":"center center","background-size":"auto","background-attachment":"scroll","background-type":"","background-media":"","overlay-type":"","overlay-color":"","overlay-opacity":"","overlay-gradient":""},"tablet":{"background-color":"var(--ast-global-color-5)","background-image":"","background-repeat":"repeat","background-position":"center center","background-size":"auto","background-attachment":"scroll","background-type":"","background-media":"","overlay-type":"","overlay-color":"","overlay-opacity":"","overlay-gradient":""},"mobile":{"background-color":"var(--ast-global-color-5)","background-image":"","background-repeat":"repeat","background-position":"center center","background-size":"auto","background-attachment":"scroll","background-type":"","background-media":"","overlay-type":"","overlay-color":"","overlay-opacity":"","overlay-gradient":""}}},"product_brand":[],"product_cat":[55,108],"product_tag":[],"class_list":{"0":"post-20746","1":"product","2":"type-product","3":"status-publish","4":"has-post-thumbnail","6":"product_cat-kaklo-papuosalai","7":"product_cat-veriniai","8":"desktop-align-left","9":"tablet-align-left","10":"mobile-align-left","11":"ast-product-gallery-layout-horizontal-slider","12":"ast-product-tabs-layout-horizontal","14":"first","15":"instock","16":"shipping-taxable","17":"purchasable","18":"product-type-simple"},"yoast_head":"<!-- This site is optimized with the Yoast SEO plugin v26.9 - https:\/\/yoast.com\/product\/yoast-seo-wordpress\/ -->\n<title>Perl\u0173 v\u0117rinys &quot;Pastelin\u0117 saul\u0117&quot; - Spind\u0117ja<\/title>\n<meta name=\"description\" content=\"Perl\u0173 v\u0117rinys &quot;Pastelin\u0117 saul\u0117&quot; - Spind\u0117ja Minimalistinis kaklo papuo\u0161alas i\u0161 nat\u016brali\u0173 upini\u0173 perl\u0173 su saul\u0117s simbolio pakabuku \u2013 vidinei ramybei, \u0161velnumui ir moteri\u0161kai \u0161viesai.\" \/>\n<meta name=\"robots\" content=\"index, follow, max-snippet:-1, max-image-preview:large, max-video-preview:-1\" \/>\n<link rel=\"canonical\" href=\"https:\/\/spindeja.lt\/en\/product\/perlu-verinys-pasteline-saule\/\" \/>\n<meta property=\"og:locale\" content=\"en_GB\" \/>\n<meta property=\"og:type\" content=\"article\" \/>\n<meta property=\"og:title\" content=\"Perl\u0173 v\u0117rinys &quot;Pastelin\u0117 saul\u0117&quot; - Spind\u0117ja\" \/>\n<meta property=\"og:description\" content=\"Perl\u0173 v\u0117rinys &quot;Pastelin\u0117 saul\u0117&quot; - Spind\u0117ja Minimalistinis kaklo papuo\u0161alas i\u0161 nat\u016brali\u0173 upini\u0173 perl\u0173 su saul\u0117s simbolio pakabuku \u2013 vidinei ramybei, \u0161velnumui ir moteri\u0161kai \u0161viesai.\" \/>\n<meta property=\"og:url\" content=\"https:\/\/spindeja.lt\/en\/product\/perlu-verinys-pasteline-saule\/\" \/>\n<meta property=\"og:site_name\" content=\"Spind\u0117ja\" \/>\n<meta property=\"article:publisher\" content=\"https:\/\/www.facebook.com\/profile.php?id=100063674195191\" \/>\n<meta property=\"article:modified_time\" content=\"2026-04-12T10:00:05+00:00\" \/>\n<meta property=\"og:image\" content=\"https:\/\/spindeja.lt\/wp-content\/uploads\/2025\/05\/Perlu-verinys.jpg\" \/>\n\t<meta property=\"og:image:width\" content=\"1876\" \/>\n\t<meta property=\"og:image:height\" content=\"2499\" \/>\n\t<meta property=\"og:image:type\" content=\"image\/jpeg\" \/>\n<meta name=\"twitter:card\" content=\"summary_large_image\" \/>\n<meta name=\"twitter:label1\" content=\"Estimated reading time\" \/>\n\t<meta name=\"twitter:data1\" content=\"2 minutes\" \/>\n<script type=\"application\/ld+json\" class=\"yoast-schema-graph\">{\"@context\":\"https:\/\/schema.org\",\"@graph\":[{\"@type\":\"WebPage\",\"@id\":\"https:\/\/spindeja.lt\/produktas\/perlu-verinys-pasteline-saule\/\",\"url\":\"https:\/\/spindeja.lt\/produktas\/perlu-verinys-pasteline-saule\/\",\"name\":\"Perl\u0173 v\u0117rinys \\\"Pastelin\u0117 saul\u0117\\\" - Spind\u0117ja\",\"isPartOf\":{\"@id\":\"https:\/\/spindeja.lt\/#website\"},\"primaryImageOfPage\":{\"@id\":\"https:\/\/spindeja.lt\/produktas\/perlu-verinys-pasteline-saule\/#primaryimage\"},\"image\":{\"@id\":\"https:\/\/spindeja.lt\/produktas\/perlu-verinys-pasteline-saule\/#primaryimage\"},\"thumbnailUrl\":\"https:\/\/spindeja.lt\/wp-content\/uploads\/2025\/05\/Perlu-verinys.jpg\",\"datePublished\":\"2025-05-21T21:38:35+00:00\",\"dateModified\":\"2026-04-12T10:00:05+00:00\",\"description\":\"Perl\u0173 v\u0117rinys \\\"Pastelin\u0117 saul\u0117\\\" - Spind\u0117ja Minimalistinis kaklo papuo\u0161alas i\u0161 nat\u016brali\u0173 upini\u0173 perl\u0173 su saul\u0117s simbolio pakabuku \u2013 vidinei ramybei, \u0161velnumui ir moteri\u0161kai \u0161viesai.\",\"breadcrumb\":{\"@id\":\"https:\/\/spindeja.lt\/produktas\/perlu-verinys-pasteline-saule\/#breadcrumb\"},\"inLanguage\":\"en-GB\",\"potentialAction\":[{\"@type\":\"ReadAction\",\"target\":[\"https:\/\/spindeja.lt\/produktas\/perlu-verinys-pasteline-saule\/\"]}]},{\"@type\":\"ImageObject\",\"inLanguage\":\"en-GB\",\"@id\":\"https:\/\/spindeja.lt\/produktas\/perlu-verinys-pasteline-saule\/#primaryimage\",\"url\":\"https:\/\/spindeja.lt\/wp-content\/uploads\/2025\/05\/Perlu-verinys.jpg\",\"contentUrl\":\"https:\/\/spindeja.lt\/wp-content\/uploads\/2025\/05\/Perlu-verinys.jpg\",\"width\":1876,\"height\":2499,\"caption\":\"Perl\u0173 v\u0117rinys\"},{\"@type\":\"BreadcrumbList\",\"@id\":\"https:\/\/spindeja.lt\/produktas\/perlu-verinys-pasteline-saule\/#breadcrumb\",\"itemListElement\":[{\"@type\":\"ListItem\",\"position\":1,\"name\":\"Prad\u017eia\",\"item\":\"https:\/\/spindeja.lt\/\"},{\"@type\":\"ListItem\",\"position\":2,\"name\":\"Parduotuv\u0117\",\"item\":\"https:\/\/spindeja.lt\/parduotuve\/\"},{\"@type\":\"ListItem\",\"position\":3,\"name\":\"Perl\u0173 v\u0117rinys &#8222;Pastelin\u0117 saul\u0117&#8221;\"}]},{\"@type\":\"WebSite\",\"@id\":\"https:\/\/spindeja.lt\/#website\",\"url\":\"https:\/\/spindeja.lt\/\",\"name\":\"Spind\u0117ja\",\"description\":\"Rank\u0173 darbo papuo\u0161alai Jums\",\"publisher\":{\"@id\":\"https:\/\/spindeja.lt\/#organization\"},\"potentialAction\":[{\"@type\":\"SearchAction\",\"target\":{\"@type\":\"EntryPoint\",\"urlTemplate\":\"https:\/\/spindeja.lt\/?s={search_term_string}\"},\"query-input\":{\"@type\":\"PropertyValueSpecification\",\"valueRequired\":true,\"valueName\":\"search_term_string\"}}],\"inLanguage\":\"en-GB\"},{\"@type\":\"Organization\",\"@id\":\"https:\/\/spindeja.lt\/#organization\",\"name\":\"Spind\u0117ja\",\"url\":\"https:\/\/spindeja.lt\/\",\"logo\":{\"@type\":\"ImageObject\",\"inLanguage\":\"en-GB\",\"@id\":\"https:\/\/spindeja.lt\/#\/schema\/logo\/image\/\",\"url\":\"https:\/\/spindeja.lt\/wp-content\/uploads\/2019\/12\/Layer-2.png\",\"contentUrl\":\"https:\/\/spindeja.lt\/wp-content\/uploads\/2019\/12\/Layer-2.png\",\"width\":915,\"height\":616,\"caption\":\"Spind\u0117ja\"},\"image\":{\"@id\":\"https:\/\/spindeja.lt\/#\/schema\/logo\/image\/\"},\"sameAs\":[\"https:\/\/www.facebook.com\/profile.php?id=100063674195191\",\"https:\/\/www.instagram.com\/spindeja\/\"]}]}<\/script>\n<!-- \/ Yoast SEO plugin. -->","yoast_head_json":{"title":"Perl\u0173 v\u0117rinys \"Pastelin\u0117 saul\u0117\" - Spind\u0117ja","description":"Perl\u0173 v\u0117rinys \"Pastelin\u0117 saul\u0117\" - Spind\u0117ja Minimalistinis kaklo papuo\u0161alas i\u0161 nat\u016brali\u0173 upini\u0173 perl\u0173 su saul\u0117s simbolio pakabuku \u2013 vidinei ramybei, \u0161velnumui ir moteri\u0161kai \u0161viesai.","robots":{"index":"index","follow":"follow","max-snippet":"max-snippet:-1","max-image-preview":"max-image-preview:large","max-video-preview":"max-video-preview:-1"},"canonical":"https:\/\/spindeja.lt\/en\/product\/perlu-verinys-pasteline-saule\/","og_locale":"en_GB","og_type":"article","og_title":"Perl\u0173 v\u0117rinys \"Pastelin\u0117 saul\u0117\" - Spind\u0117ja","og_description":"Perl\u0173 v\u0117rinys \"Pastelin\u0117 saul\u0117\" - Spind\u0117ja Minimalistinis kaklo papuo\u0161alas i\u0161 nat\u016brali\u0173 upini\u0173 perl\u0173 su saul\u0117s simbolio pakabuku \u2013 vidinei ramybei, \u0161velnumui ir moteri\u0161kai \u0161viesai.","og_url":"https:\/\/spindeja.lt\/en\/product\/perlu-verinys-pasteline-saule\/","og_site_name":"Spind\u0117ja","article_publisher":"https:\/\/www.facebook.com\/profile.php?id=100063674195191","article_modified_time":"2026-04-12T10:00:05+00:00","og_image":[{"width":1876,"height":2499,"url":"https:\/\/spindeja.lt\/wp-content\/uploads\/2025\/05\/Perlu-verinys.jpg","type":"image\/jpeg"}],"twitter_card":"summary_large_image","twitter_misc":{"Estimated reading time":"2 minutes"},"schema":{"@context":"https:\/\/schema.org","@graph":[{"@type":"WebPage","@id":"https:\/\/spindeja.lt\/produktas\/perlu-verinys-pasteline-saule\/","url":"https:\/\/spindeja.lt\/produktas\/perlu-verinys-pasteline-saule\/","name":"Perl\u0173 v\u0117rinys \"Pastelin\u0117 saul\u0117\" - Spind\u0117ja","isPartOf":{"@id":"https:\/\/spindeja.lt\/#website"},"primaryImageOfPage":{"@id":"https:\/\/spindeja.lt\/produktas\/perlu-verinys-pasteline-saule\/#primaryimage"},"image":{"@id":"https:\/\/spindeja.lt\/produktas\/perlu-verinys-pasteline-saule\/#primaryimage"},"thumbnailUrl":"https:\/\/spindeja.lt\/wp-content\/uploads\/2025\/05\/Perlu-verinys.jpg","datePublished":"2025-05-21T21:38:35+00:00","dateModified":"2026-04-12T10:00:05+00:00","description":"Perl\u0173 v\u0117rinys \"Pastelin\u0117 saul\u0117\" - Spind\u0117ja Minimalistinis kaklo papuo\u0161alas i\u0161 nat\u016brali\u0173 upini\u0173 perl\u0173 su saul\u0117s simbolio pakabuku \u2013 vidinei ramybei, \u0161velnumui ir moteri\u0161kai \u0161viesai.","breadcrumb":{"@id":"https:\/\/spindeja.lt\/produktas\/perlu-verinys-pasteline-saule\/#breadcrumb"},"inLanguage":"en-GB","potentialAction":[{"@type":"ReadAction","target":["https:\/\/spindeja.lt\/produktas\/perlu-verinys-pasteline-saule\/"]}]},{"@type":"ImageObject","inLanguage":"en-GB","@id":"https:\/\/spindeja.lt\/produktas\/perlu-verinys-pasteline-saule\/#primaryimage","url":"https:\/\/spindeja.lt\/wp-content\/uploads\/2025\/05\/Perlu-verinys.jpg","contentUrl":"https:\/\/spindeja.lt\/wp-content\/uploads\/2025\/05\/Perlu-verinys.jpg","width":1876,"height":2499,"caption":"Perl\u0173 v\u0117rinys"},{"@type":"BreadcrumbList","@id":"https:\/\/spindeja.lt\/produktas\/perlu-verinys-pasteline-saule\/#breadcrumb","itemListElement":[{"@type":"ListItem","position":1,"name":"Prad\u017eia","item":"https:\/\/spindeja.lt\/"},{"@type":"ListItem","position":2,"name":"Parduotuv\u0117","item":"https:\/\/spindeja.lt\/parduotuve\/"},{"@type":"ListItem","position":3,"name":"Perl\u0173 v\u0117rinys &#8222;Pastelin\u0117 saul\u0117&#8221;"}]},{"@type":"WebSite","@id":"https:\/\/spindeja.lt\/#website","url":"https:\/\/spindeja.lt\/","name":"Spind\u0117ja","description":"Rank\u0173 darbo papuo\u0161alai Jums","publisher":{"@id":"https:\/\/spindeja.lt\/#organization"},"potentialAction":[{"@type":"SearchAction","target":{"@type":"EntryPoint","urlTemplate":"https:\/\/spindeja.lt\/?s={search_term_string}"},"query-input":{"@type":"PropertyValueSpecification","valueRequired":true,"valueName":"search_term_string"}}],"inLanguage":"en-GB"},{"@type":"Organization","@id":"https:\/\/spindeja.lt\/#organization","name":"Spind\u0117ja","url":"https:\/\/spindeja.lt\/","logo":{"@type":"ImageObject","inLanguage":"en-GB","@id":"https:\/\/spindeja.lt\/#\/schema\/logo\/image\/","url":"https:\/\/spindeja.lt\/wp-content\/uploads\/2019\/12\/Layer-2.png","contentUrl":"https:\/\/spindeja.lt\/wp-content\/uploads\/2019\/12\/Layer-2.png","width":915,"height":616,"caption":"Spind\u0117ja"},"image":{"@id":"https:\/\/spindeja.lt\/#\/schema\/logo\/image\/"},"sameAs":["https:\/\/www.facebook.com\/profile.php?id=100063674195191","https:\/\/www.instagram.com\/spindeja\/"]}]}},"uagb_featured_image_src":{"full":["https:\/\/spindeja.lt\/wp-content\/uploads\/2025\/05\/Perlu-verinys.jpg",1876,2499,false],"thumbnail":["https:\/\/spindeja.lt\/wp-content\/uploads\/2025\/05\/Perlu-verinys-150x150.jpg",150,150,true],"medium":["https:\/\/spindeja.lt\/wp-content\/uploads\/2025\/05\/Perlu-verinys-225x300.jpg",225,300,true],"medium_large":["https:\/\/spindeja.lt\/wp-content\/uploads\/2025\/05\/Perlu-verinys-768x1023.jpg",768,1023,true],"large":["https:\/\/spindeja.lt\/wp-content\/uploads\/2025\/05\/Perlu-verinys-769x1024.jpg",769,1024,true],"1536x1536":["https:\/\/spindeja.lt\/wp-content\/uploads\/2025\/05\/Perlu-verinys-1153x1536.jpg",1153,1536,true],"2048x2048":["https:\/\/spindeja.lt\/wp-content\/uploads\/2025\/05\/Perlu-verinys-1537x2048.jpg",1537,2048,true],"trp-custom-language-flag":["https:\/\/spindeja.lt\/wp-content\/uploads\/2025\/05\/Perlu-verinys-9x12.jpg",9,12,true],"woocommerce_thumbnail":["https:\/\/spindeja.lt\/wp-content\/uploads\/2025\/05\/Perlu-verinys-540x540.jpg",540,540,true],"woocommerce_single":["https:\/\/spindeja.lt\/wp-content\/uploads\/2025\/05\/Perlu-verinys-540x719.jpg",540,719,true],"woocommerce_gallery_thumbnail":["https:\/\/spindeja.lt\/wp-content\/uploads\/2025\/05\/Perlu-verinys-100x100.jpg",100,100,true]},"uagb_author_info":{"display_name":"spindeja","author_link":"https:\/\/spindeja.lt\/en\/author\/"},"uagb_comment_info":0,"uagb_excerpt":"Subtilus nat\u016brali\u0173 rausvo, pastelinio atspalvio perl\u0173 v\u0117rinys, dekoruotas saul\u0117s simbolio pakabuku ir eleganti\u0161ku, dekoratyviu u\u017esegimu priekyje. Perlai \u2013 tai senovinis i\u0161minties, tyrumo ir moteri\u0161kos energijos simbolis. Jie ramina, stiprina vidin\u012f balans\u0105 ir primena apie gro\u017e\u012f, gimstant\u012f i\u0161 kantryb\u0117s ir \u0161velnumo. Perl\u0173 v\u0117rinys &#8222;Pastelin\u0117 saul\u0117&#8221; kvie\u010dia \u012f susijungim\u0105 su savo vidine \u0161viesa, moteri\u0161kumu ir nat\u016braliu gro\u017eiu,&hellip;","_links":{"self":[{"href":"https:\/\/spindeja.lt\/en\/wp-json\/wp\/v2\/product\/20746","targetHints":{"allow":["GET"]}}],"collection":[{"href":"https:\/\/spindeja.lt\/en\/wp-json\/wp\/v2\/product"}],"about":[{"href":"https:\/\/spindeja.lt\/en\/wp-json\/wp\/v2\/types\/product"}],"replies":[{"embeddable":true,"href":"https:\/\/spindeja.lt\/en\/wp-json\/wp\/v2\/comments?post=20746"}],"wp:featuredmedia":[{"embeddable":true,"href":"https:\/\/spindeja.lt\/en\/wp-json\/wp\/v2\/media\/20756"}],"wp:attachment":[{"href":"https:\/\/spindeja.lt\/en\/wp-json\/wp\/v2\/media?parent=20746"}],"wp:term":[{"taxonomy":"product_brand","embeddable":true,"href":"https:\/\/spindeja.lt\/en\/wp-json\/wp\/v2\/product_brand?post=20746"},{"taxonomy":"product_cat","embeddable":true,"href":"https:\/\/spindeja.lt\/en\/wp-json\/wp\/v2\/product_cat?post=20746"},{"taxonomy":"product_tag","embeddable":true,"href":"https:\/\/spindeja.lt\/en\/wp-json\/wp\/v2\/product_tag?post=20746"}],"curies":[{"name":"wp","href":"https:\/\/api.w.org\/{rel}","templated":true}]}}