{"id":20738,"date":"2025-05-16T03:16:05","date_gmt":"2025-05-16T01:16:05","guid":{"rendered":"https:\/\/spindeja.lt\/?post_type=product&#038;p=20738"},"modified":"2025-05-17T00:58:26","modified_gmt":"2025-05-16T22:58:26","slug":"ametisto-kaklo-papuosalas","status":"publish","type":"product","link":"https:\/\/spindeja.lt\/en\/product\/ametisto-kaklo-papuosalas\/","title":{"rendered":"Kaklo papuo\u0161alas &#8222;Ametisto sparnai&#8221;"},"content":{"rendered":"<p><strong>Ametisto kaklo papuo\u0161alas su laum\u017eirgio pakabuku<\/strong><\/p>\n<p>Subtilus, eleganti\u0161kas v\u0117rinys i\u0161 smulki\u0173, facetuot\u0173 ametisto kristal\u0173 (3 mm), dekoruotas laum\u017eirgio formos pakabuku \u2013 \u0161viesos, virsmo ir dvasinio pakilimo simboliu. \u0160is motyvas primena apie gyvenimo trapum\u0105, gro\u017e\u012f ir geb\u0117jim\u0105 lengvai pereiti i\u0161 vienos b\u016bsenos \u012f kit\u0105. Ametistas \u2013 intuicijos, ramyb\u0117s ir transformacijos kristalas, padedantis i\u0161laikyti ai\u0161k\u0173 prot\u0105, emocin\u0119 pusiausvyr\u0105 ir s\u0105saj\u0105 su auk\u0161tesniuoju \u201ea\u0161\u201c.<\/p>\n<p>\u0160is ametisto kaklo papuo\u0161alas puikiai tiks moterims, kurios vertina dvasin\u0119 gelm\u0119, subtil\u0173 \u017eaves\u012f ir \u0161velnius, ne\u012fkyrius atspalvius, atne\u0161an\u010dius vidin\u0119 tyl\u0105 ir harmonij\u0105.<\/p>\n<p><em>&#8211; Spind\u0117jos kristal\u0173 papuo\u0161al\u0173 gamyba \u2013 tai k\u016brybinis ritualas su pozityviomis afirmacijomis ir intuityviu energetiniu pakrovimu.<\/em><\/p>\n<p>-Ilgis: 40cm + 5 cm prailginimo grandin\u0117l\u0117<br \/>\n&#8211; Paauksuoto ner\u016bdijan\u010dio plieno ir \u017ealvario detal\u0117s<br \/>\n&#8211; Turimas vietoje \u2013 i\u0161siun\u010diamas per 1\u20132 d. d.<br \/>\n&#8211; Individualiems u\u017esakymams \u2013 5\u20139 d. d. gamyba<br \/>\n&#8211; Galimas individualus ilgis (esant poreikiui, susisiekite d\u0117l korekcij\u0173)<br \/>\n&#8211; Supakuojamas \u012f \u201eSpind\u0117jos\u201c dovan\u0173 d\u0117\u017eut\u0119<\/p>\n<p><strong>Ametistas<\/strong> \u2013 tai sielos ramyb\u0117s, s\u0105moningumo akmuo ir transformacijos akmuo, \u0161velniai vibruojantis violetiniu atspalviu. Nuo senov\u0117s laikytas \u0161ventu kristalu, ametistas siejamas su auk\u0161tesne i\u0161mintimi, vidine \u0161vara ir apsauga. Jis padeda i\u0161laisvinti prot\u0105 nuo \u012fkyri\u0173 min\u010di\u0173, ma\u017eina stres\u0105, nerim\u0105 bei emocin\u012f chaos\u0105, suteikdamas erdv\u0117s intuicijai ir dvasinei \u012f\u017evalgai. Taip pat yra gan stiprus apsauginis akmuo, saugo nuo pikt\u0173 j\u0117g\u0173, nu\u017ei\u016br\u0117jim\u0173 ir \u017emoni\u0173 su negerais ketinimais.<\/p>\n<p>Ametistas stiprina vidin\u012f atsparum\u0105, padeda atgauti vidin\u0119 tyl\u0105 bei balans\u0105, o jo vibracijos ramina nerv\u0173 sistem\u0105, skatina s\u0105moningum\u0105, meditatyvi\u0105 b\u016bsen\u0105 ir sapn\u0173 ai\u0161kum\u0105. Tai kristalas, ne\u0161antis dvasin\u0117s ramyb\u0117s \u0161vies\u0105 \u2013 tiems, kurie ie\u0161ko gilios vidin\u0117s tylos, ai\u0161kumo ir ry\u0161io su auk\u0161tesni\u0105ja s\u0105mone.<\/p>\n<p>Energeti\u0161kai stipriai veikia <strong>tre\u010diosios akies ir kar\u016bnos \u010dakras<\/strong>, skatindamas gil\u0173 dvasin\u012f ry\u0161\u012f bei min\u010di\u0173 \u0161var\u0105. Fizi\u0161kai gali palaikyti nerv\u0173 sistem\u0105, gerinti mieg\u0105, \u0161velninti \u012ftamp\u0105 bei pad\u0117ti esant priklausomyb\u0117ms ar psichoemociniam disbalansui. Taip pat efektyviai padeda siekiantiems atsisakyti \u012fvairi\u0173 priklausomybi\u0173.<\/p>\n<p><em>Kaklo papuo\u0161alas \u2013 v\u0117rinys i\u0161 nat\u016brali\u0173 kristal\u0173, ne\u0161iojamas prie pat kaklo, veikia ypa\u010d stipriai, nes kaklas yra subtili jungtis tarp galvos ir k\u016bno. Tokie v\u0117riniai \u2013 ne tik puo\u0161mena, bet ir stiprus energetinis palaikymas kasdienai.<\/em><\/p>","protected":false},"excerpt":{"rendered":"<p>Minimalistinis kaklo v\u0117rinys i\u0161 smulki\u0173, facetuot\u0173 ametisto kristal\u0173 su laum\u017eirgio pakabuku \u2013 \u0161viesos, virsmo ir dvasinio pakilimo simboliu. \u0160iame v\u0117rinyje \u012fk\u016bnyta subtilios transformacijos energija.<\/p>","protected":false},"featured_media":20743,"comment_status":"closed","ping_status":"closed","template":"","meta":{"_uag_custom_page_level_css":"","site-sidebar-layout":"default","site-content-layout":"","ast-site-content-layout":"default","site-content-style":"default","site-sidebar-style":"default","ast-global-header-display":"","ast-banner-title-visibility":"","ast-main-header-display":"","ast-hfb-above-header-display":"","ast-hfb-below-header-display":"","ast-hfb-mobile-header-display":"","site-post-title":"","ast-breadcrumbs-content":"","ast-featured-img":"","footer-sml-layout":"","ast-disable-related-posts":"","theme-transparent-header-meta":"default","adv-header-id-meta":"","stick-header-meta":"default","header-above-stick-meta":"","header-main-stick-meta":"","header-below-stick-meta":"","astra-migrate-meta-layouts":"set","ast-page-background-enabled":"default","ast-page-background-meta":{"desktop":{"background-color":"","background-image":"","background-repeat":"repeat","background-position":"center center","background-size":"auto","background-attachment":"scroll","background-type":"","background-media":"","overlay-type":"","overlay-color":"","overlay-opacity":"","overlay-gradient":""},"tablet":{"background-color":"","background-image":"","background-repeat":"repeat","background-position":"center center","background-size":"auto","background-attachment":"scroll","background-type":"","background-media":"","overlay-type":"","overlay-color":"","overlay-opacity":"","overlay-gradient":""},"mobile":{"background-color":"","background-image":"","background-repeat":"repeat","background-position":"center center","background-size":"auto","background-attachment":"scroll","background-type":"","background-media":"","overlay-type":"","overlay-color":"","overlay-opacity":"","overlay-gradient":""}},"ast-content-background-meta":{"desktop":{"background-color":"var(--ast-global-color-5)","background-image":"","background-repeat":"repeat","background-position":"center center","background-size":"auto","background-attachment":"scroll","background-type":"","background-media":"","overlay-type":"","overlay-color":"","overlay-opacity":"","overlay-gradient":""},"tablet":{"background-color":"var(--ast-global-color-5)","background-image":"","background-repeat":"repeat","background-position":"center center","background-size":"auto","background-attachment":"scroll","background-type":"","background-media":"","overlay-type":"","overlay-color":"","overlay-opacity":"","overlay-gradient":""},"mobile":{"background-color":"var(--ast-global-color-5)","background-image":"","background-repeat":"repeat","background-position":"center center","background-size":"auto","background-attachment":"scroll","background-type":"","background-media":"","overlay-type":"","overlay-color":"","overlay-opacity":"","overlay-gradient":""}}},"product_brand":[],"product_cat":[55,108],"product_tag":[],"class_list":{"0":"post-20738","1":"product","2":"type-product","3":"status-publish","4":"has-post-thumbnail","6":"product_cat-kaklo-papuosalai","7":"product_cat-veriniai","8":"desktop-align-left","9":"tablet-align-left","10":"mobile-align-left","11":"ast-product-gallery-layout-horizontal-slider","12":"ast-product-tabs-layout-horizontal","14":"first","15":"instock","16":"shipping-taxable","17":"purchasable","18":"product-type-simple"},"yoast_head":"<!-- This site is optimized with the Yoast SEO plugin v26.9 - https:\/\/yoast.com\/product\/yoast-seo-wordpress\/ -->\n<title>Ametisto Kaklo papuo\u0161alas &quot;Ametisto sparnai&quot; - Spind\u0117ja<\/title>\n<meta name=\"description\" content=\"Kaklo papuo\u0161alas &quot;Ametisto sparnai&quot; su laum\u017eirgiu - Spind\u0117ja rank\u0173 darbo, pagamintas su meile, auk\u0161ta kokyb\u0117, 100 proc. nat\u016bralu, puiki dovana moteriai.\" \/>\n<meta name=\"robots\" content=\"index, follow, max-snippet:-1, max-image-preview:large, max-video-preview:-1\" \/>\n<link rel=\"canonical\" href=\"https:\/\/spindeja.lt\/en\/product\/ametisto-kaklo-papuosalas\/\" \/>\n<meta property=\"og:locale\" content=\"en_GB\" \/>\n<meta property=\"og:type\" content=\"article\" \/>\n<meta property=\"og:title\" content=\"Ametisto Kaklo papuo\u0161alas &quot;Ametisto sparnai&quot; - Spind\u0117ja\" \/>\n<meta property=\"og:description\" content=\"Kaklo papuo\u0161alas &quot;Ametisto sparnai&quot; su laum\u017eirgiu - Spind\u0117ja rank\u0173 darbo, pagamintas su meile, auk\u0161ta kokyb\u0117, 100 proc. nat\u016bralu, puiki dovana moteriai.\" \/>\n<meta property=\"og:url\" content=\"https:\/\/spindeja.lt\/en\/product\/ametisto-kaklo-papuosalas\/\" \/>\n<meta property=\"og:site_name\" content=\"Spind\u0117ja\" \/>\n<meta property=\"article:publisher\" content=\"https:\/\/www.facebook.com\/profile.php?id=100063674195191\" \/>\n<meta property=\"article:modified_time\" content=\"2025-05-16T22:58:26+00:00\" \/>\n<meta property=\"og:image\" content=\"https:\/\/spindeja.lt\/wp-content\/uploads\/2025\/05\/Ametisto-kaklo-papuosalas.jpg\" \/>\n\t<meta property=\"og:image:width\" content=\"1755\" \/>\n\t<meta property=\"og:image:height\" content=\"2339\" \/>\n\t<meta property=\"og:image:type\" content=\"image\/jpeg\" \/>\n<meta name=\"twitter:card\" content=\"summary_large_image\" \/>\n<meta name=\"twitter:label1\" content=\"Estimated reading time\" \/>\n\t<meta name=\"twitter:data1\" content=\"2 minutes\" \/>\n<script type=\"application\/ld+json\" class=\"yoast-schema-graph\">{\"@context\":\"https:\/\/schema.org\",\"@graph\":[{\"@type\":\"WebPage\",\"@id\":\"https:\/\/spindeja.lt\/produktas\/ametisto-kaklo-papuosalas\/\",\"url\":\"https:\/\/spindeja.lt\/produktas\/ametisto-kaklo-papuosalas\/\",\"name\":\"Ametisto Kaklo papuo\u0161alas \\\"Ametisto sparnai\\\" - Spind\u0117ja\",\"isPartOf\":{\"@id\":\"https:\/\/spindeja.lt\/#website\"},\"primaryImageOfPage\":{\"@id\":\"https:\/\/spindeja.lt\/produktas\/ametisto-kaklo-papuosalas\/#primaryimage\"},\"image\":{\"@id\":\"https:\/\/spindeja.lt\/produktas\/ametisto-kaklo-papuosalas\/#primaryimage\"},\"thumbnailUrl\":\"https:\/\/spindeja.lt\/wp-content\/uploads\/2025\/05\/Ametisto-kaklo-papuosalas.jpg\",\"datePublished\":\"2025-05-16T01:16:05+00:00\",\"dateModified\":\"2025-05-16T22:58:26+00:00\",\"description\":\"Kaklo papuo\u0161alas \\\"Ametisto sparnai\\\" su laum\u017eirgiu - Spind\u0117ja rank\u0173 darbo, pagamintas su meile, auk\u0161ta kokyb\u0117, 100 proc. nat\u016bralu, puiki dovana moteriai.\",\"breadcrumb\":{\"@id\":\"https:\/\/spindeja.lt\/produktas\/ametisto-kaklo-papuosalas\/#breadcrumb\"},\"inLanguage\":\"en-GB\",\"potentialAction\":[{\"@type\":\"ReadAction\",\"target\":[\"https:\/\/spindeja.lt\/produktas\/ametisto-kaklo-papuosalas\/\"]}]},{\"@type\":\"ImageObject\",\"inLanguage\":\"en-GB\",\"@id\":\"https:\/\/spindeja.lt\/produktas\/ametisto-kaklo-papuosalas\/#primaryimage\",\"url\":\"https:\/\/spindeja.lt\/wp-content\/uploads\/2025\/05\/Ametisto-kaklo-papuosalas.jpg\",\"contentUrl\":\"https:\/\/spindeja.lt\/wp-content\/uploads\/2025\/05\/Ametisto-kaklo-papuosalas.jpg\",\"width\":1755,\"height\":2339,\"caption\":\"Ametisto-kaklo-papuosalas\"},{\"@type\":\"BreadcrumbList\",\"@id\":\"https:\/\/spindeja.lt\/produktas\/ametisto-kaklo-papuosalas\/#breadcrumb\",\"itemListElement\":[{\"@type\":\"ListItem\",\"position\":1,\"name\":\"Prad\u017eia\",\"item\":\"https:\/\/spindeja.lt\/\"},{\"@type\":\"ListItem\",\"position\":2,\"name\":\"Parduotuv\u0117\",\"item\":\"https:\/\/spindeja.lt\/parduotuve\/\"},{\"@type\":\"ListItem\",\"position\":3,\"name\":\"Kaklo papuo\u0161alas &#8222;Ametisto sparnai&#8221;\"}]},{\"@type\":\"WebSite\",\"@id\":\"https:\/\/spindeja.lt\/#website\",\"url\":\"https:\/\/spindeja.lt\/\",\"name\":\"Spind\u0117ja\",\"description\":\"Rank\u0173 darbo papuo\u0161alai Jums\",\"publisher\":{\"@id\":\"https:\/\/spindeja.lt\/#organization\"},\"potentialAction\":[{\"@type\":\"SearchAction\",\"target\":{\"@type\":\"EntryPoint\",\"urlTemplate\":\"https:\/\/spindeja.lt\/?s={search_term_string}\"},\"query-input\":{\"@type\":\"PropertyValueSpecification\",\"valueRequired\":true,\"valueName\":\"search_term_string\"}}],\"inLanguage\":\"en-GB\"},{\"@type\":\"Organization\",\"@id\":\"https:\/\/spindeja.lt\/#organization\",\"name\":\"Spind\u0117ja\",\"url\":\"https:\/\/spindeja.lt\/\",\"logo\":{\"@type\":\"ImageObject\",\"inLanguage\":\"en-GB\",\"@id\":\"https:\/\/spindeja.lt\/#\/schema\/logo\/image\/\",\"url\":\"https:\/\/spindeja.lt\/wp-content\/uploads\/2019\/12\/Layer-2.png\",\"contentUrl\":\"https:\/\/spindeja.lt\/wp-content\/uploads\/2019\/12\/Layer-2.png\",\"width\":915,\"height\":616,\"caption\":\"Spind\u0117ja\"},\"image\":{\"@id\":\"https:\/\/spindeja.lt\/#\/schema\/logo\/image\/\"},\"sameAs\":[\"https:\/\/www.facebook.com\/profile.php?id=100063674195191\",\"https:\/\/www.instagram.com\/spindeja\/\"]}]}<\/script>\n<!-- \/ Yoast SEO plugin. -->","yoast_head_json":{"title":"Ametisto Kaklo papuo\u0161alas \"Ametisto sparnai\" - Spind\u0117ja","description":"Kaklo papuo\u0161alas \"Ametisto sparnai\" su laum\u017eirgiu - Spind\u0117ja rank\u0173 darbo, pagamintas su meile, auk\u0161ta kokyb\u0117, 100 proc. nat\u016bralu, puiki dovana moteriai.","robots":{"index":"index","follow":"follow","max-snippet":"max-snippet:-1","max-image-preview":"max-image-preview:large","max-video-preview":"max-video-preview:-1"},"canonical":"https:\/\/spindeja.lt\/en\/product\/ametisto-kaklo-papuosalas\/","og_locale":"en_GB","og_type":"article","og_title":"Ametisto Kaklo papuo\u0161alas \"Ametisto sparnai\" - Spind\u0117ja","og_description":"Kaklo papuo\u0161alas \"Ametisto sparnai\" su laum\u017eirgiu - Spind\u0117ja rank\u0173 darbo, pagamintas su meile, auk\u0161ta kokyb\u0117, 100 proc. nat\u016bralu, puiki dovana moteriai.","og_url":"https:\/\/spindeja.lt\/en\/product\/ametisto-kaklo-papuosalas\/","og_site_name":"Spind\u0117ja","article_publisher":"https:\/\/www.facebook.com\/profile.php?id=100063674195191","article_modified_time":"2025-05-16T22:58:26+00:00","og_image":[{"width":1755,"height":2339,"url":"https:\/\/spindeja.lt\/wp-content\/uploads\/2025\/05\/Ametisto-kaklo-papuosalas.jpg","type":"image\/jpeg"}],"twitter_card":"summary_large_image","twitter_misc":{"Estimated reading time":"2 minutes"},"schema":{"@context":"https:\/\/schema.org","@graph":[{"@type":"WebPage","@id":"https:\/\/spindeja.lt\/produktas\/ametisto-kaklo-papuosalas\/","url":"https:\/\/spindeja.lt\/produktas\/ametisto-kaklo-papuosalas\/","name":"Ametisto Kaklo papuo\u0161alas \"Ametisto sparnai\" - Spind\u0117ja","isPartOf":{"@id":"https:\/\/spindeja.lt\/#website"},"primaryImageOfPage":{"@id":"https:\/\/spindeja.lt\/produktas\/ametisto-kaklo-papuosalas\/#primaryimage"},"image":{"@id":"https:\/\/spindeja.lt\/produktas\/ametisto-kaklo-papuosalas\/#primaryimage"},"thumbnailUrl":"https:\/\/spindeja.lt\/wp-content\/uploads\/2025\/05\/Ametisto-kaklo-papuosalas.jpg","datePublished":"2025-05-16T01:16:05+00:00","dateModified":"2025-05-16T22:58:26+00:00","description":"Kaklo papuo\u0161alas \"Ametisto sparnai\" su laum\u017eirgiu - Spind\u0117ja rank\u0173 darbo, pagamintas su meile, auk\u0161ta kokyb\u0117, 100 proc. nat\u016bralu, puiki dovana moteriai.","breadcrumb":{"@id":"https:\/\/spindeja.lt\/produktas\/ametisto-kaklo-papuosalas\/#breadcrumb"},"inLanguage":"en-GB","potentialAction":[{"@type":"ReadAction","target":["https:\/\/spindeja.lt\/produktas\/ametisto-kaklo-papuosalas\/"]}]},{"@type":"ImageObject","inLanguage":"en-GB","@id":"https:\/\/spindeja.lt\/produktas\/ametisto-kaklo-papuosalas\/#primaryimage","url":"https:\/\/spindeja.lt\/wp-content\/uploads\/2025\/05\/Ametisto-kaklo-papuosalas.jpg","contentUrl":"https:\/\/spindeja.lt\/wp-content\/uploads\/2025\/05\/Ametisto-kaklo-papuosalas.jpg","width":1755,"height":2339,"caption":"Ametisto-kaklo-papuosalas"},{"@type":"BreadcrumbList","@id":"https:\/\/spindeja.lt\/produktas\/ametisto-kaklo-papuosalas\/#breadcrumb","itemListElement":[{"@type":"ListItem","position":1,"name":"Prad\u017eia","item":"https:\/\/spindeja.lt\/"},{"@type":"ListItem","position":2,"name":"Parduotuv\u0117","item":"https:\/\/spindeja.lt\/parduotuve\/"},{"@type":"ListItem","position":3,"name":"Kaklo papuo\u0161alas &#8222;Ametisto sparnai&#8221;"}]},{"@type":"WebSite","@id":"https:\/\/spindeja.lt\/#website","url":"https:\/\/spindeja.lt\/","name":"Spind\u0117ja","description":"Rank\u0173 darbo papuo\u0161alai Jums","publisher":{"@id":"https:\/\/spindeja.lt\/#organization"},"potentialAction":[{"@type":"SearchAction","target":{"@type":"EntryPoint","urlTemplate":"https:\/\/spindeja.lt\/?s={search_term_string}"},"query-input":{"@type":"PropertyValueSpecification","valueRequired":true,"valueName":"search_term_string"}}],"inLanguage":"en-GB"},{"@type":"Organization","@id":"https:\/\/spindeja.lt\/#organization","name":"Spind\u0117ja","url":"https:\/\/spindeja.lt\/","logo":{"@type":"ImageObject","inLanguage":"en-GB","@id":"https:\/\/spindeja.lt\/#\/schema\/logo\/image\/","url":"https:\/\/spindeja.lt\/wp-content\/uploads\/2019\/12\/Layer-2.png","contentUrl":"https:\/\/spindeja.lt\/wp-content\/uploads\/2019\/12\/Layer-2.png","width":915,"height":616,"caption":"Spind\u0117ja"},"image":{"@id":"https:\/\/spindeja.lt\/#\/schema\/logo\/image\/"},"sameAs":["https:\/\/www.facebook.com\/profile.php?id=100063674195191","https:\/\/www.instagram.com\/spindeja\/"]}]}},"uagb_featured_image_src":{"full":["https:\/\/spindeja.lt\/wp-content\/uploads\/2025\/05\/Ametisto-kaklo-papuosalas.jpg",1755,2339,false],"thumbnail":["https:\/\/spindeja.lt\/wp-content\/uploads\/2025\/05\/Ametisto-kaklo-papuosalas-150x150.jpg",150,150,true],"medium":["https:\/\/spindeja.lt\/wp-content\/uploads\/2025\/05\/Ametisto-kaklo-papuosalas-225x300.jpg",225,300,true],"medium_large":["https:\/\/spindeja.lt\/wp-content\/uploads\/2025\/05\/Ametisto-kaklo-papuosalas-768x1024.jpg",768,1024,true],"large":["https:\/\/spindeja.lt\/wp-content\/uploads\/2025\/05\/Ametisto-kaklo-papuosalas-768x1024.jpg",768,1024,true],"1536x1536":["https:\/\/spindeja.lt\/wp-content\/uploads\/2025\/05\/Ametisto-kaklo-papuosalas-1152x1536.jpg",1152,1536,true],"2048x2048":["https:\/\/spindeja.lt\/wp-content\/uploads\/2025\/05\/Ametisto-kaklo-papuosalas-1537x2048.jpg",1537,2048,true],"trp-custom-language-flag":["https:\/\/spindeja.lt\/wp-content\/uploads\/2025\/05\/Ametisto-kaklo-papuosalas-9x12.jpg",9,12,true],"woocommerce_thumbnail":["https:\/\/spindeja.lt\/wp-content\/uploads\/2025\/05\/Ametisto-kaklo-papuosalas-540x540.jpg",540,540,true],"woocommerce_single":["https:\/\/spindeja.lt\/wp-content\/uploads\/2025\/05\/Ametisto-kaklo-papuosalas-540x720.jpg",540,720,true],"woocommerce_gallery_thumbnail":["https:\/\/spindeja.lt\/wp-content\/uploads\/2025\/05\/Ametisto-kaklo-papuosalas-100x100.jpg",100,100,true]},"uagb_author_info":{"display_name":"spindeja","author_link":"https:\/\/spindeja.lt\/en\/author\/"},"uagb_comment_info":0,"uagb_excerpt":"Minimalistinis kaklo v\u0117rinys i\u0161 smulki\u0173, facetuot\u0173 ametisto kristal\u0173 su laum\u017eirgio pakabuku \u2013 \u0161viesos, virsmo ir dvasinio pakilimo simboliu. \u0160iame v\u0117rinyje \u012fk\u016bnyta subtilios transformacijos energija.","_links":{"self":[{"href":"https:\/\/spindeja.lt\/en\/wp-json\/wp\/v2\/product\/20738","targetHints":{"allow":["GET"]}}],"collection":[{"href":"https:\/\/spindeja.lt\/en\/wp-json\/wp\/v2\/product"}],"about":[{"href":"https:\/\/spindeja.lt\/en\/wp-json\/wp\/v2\/types\/product"}],"replies":[{"embeddable":true,"href":"https:\/\/spindeja.lt\/en\/wp-json\/wp\/v2\/comments?post=20738"}],"wp:featuredmedia":[{"embeddable":true,"href":"https:\/\/spindeja.lt\/en\/wp-json\/wp\/v2\/media\/20743"}],"wp:attachment":[{"href":"https:\/\/spindeja.lt\/en\/wp-json\/wp\/v2\/media?parent=20738"}],"wp:term":[{"taxonomy":"product_brand","embeddable":true,"href":"https:\/\/spindeja.lt\/en\/wp-json\/wp\/v2\/product_brand?post=20738"},{"taxonomy":"product_cat","embeddable":true,"href":"https:\/\/spindeja.lt\/en\/wp-json\/wp\/v2\/product_cat?post=20738"},{"taxonomy":"product_tag","embeddable":true,"href":"https:\/\/spindeja.lt\/en\/wp-json\/wp\/v2\/product_tag?post=20738"}],"curies":[{"name":"wp","href":"https:\/\/api.w.org\/{rel}","templated":true}]}}