{"id":20720,"date":"2025-05-13T19:12:09","date_gmt":"2025-05-13T17:12:09","guid":{"rendered":"https:\/\/spindeja.lt\/?post_type=product&#038;p=20720"},"modified":"2025-05-15T17:04:35","modified_gmt":"2025-05-15T15:04:35","slug":"amazonito-verinys","status":"publish","type":"product","link":"https:\/\/spindeja.lt\/en\/product\/amazonito-verinys\/","title":{"rendered":"Amazonito v\u0117rinys"},"content":{"rendered":"<p><strong>Amazonito v\u0117rinys su \u017evaig\u017edute<\/strong><\/p>\n<p>Subtilus, eleganti\u0161kas v\u0117rinys i\u0161 smulki\u0173, facetuot\u0173 amazonito akmen\u0117li\u0173 (3 mm), dekoruotas \u017evaig\u017edut\u0117s formos pakabuku, spindin\u010diu cirkoni\u0173 \u0161viesa. \u0160velniai priglunda prie kaklo, skleisdamas savo ramyb\u0117s energij\u0105.<\/p>\n<p><em>&#8211; Spind\u0117jos papuo\u0161al\u0173 gamyba &#8211; tai k\u016brybinis ritualas su pozityviomis afirmacijomis ir intuityviu energetiniu pakrovimu.<\/em><\/p>\n<p>&#8211; Ilgis: 40 cm + 5 cm prailginimo grandin\u0117l\u0117<br \/>\n&#8211; Paauksuoto ner\u016bdijan\u010dio plieno ir \u017ealvario detal\u0117s<br \/>\n&#8211; Turimas vietoje \u2013 i\u0161siun\u010diamas per 1\u20132 d. d.<br \/>\n&#8211; Individualiems u\u017esakymams \u2013 5\u20139 d. d. gamyba<br \/>\n&#8211; Galimas individualus ilgis (esant poreikiui, susisiekite d\u0117l korekcij\u0173)<br \/>\n&#8211; Supakuojamas \u012f \u201eSpind\u0117jos\u201c dovan\u0173 d\u0117\u017eut\u0119<\/p>\n<p>&#8212;&#8211;<br \/>\n<strong>Amazonitas \u2013 tai ramyb\u0117s, tiesos ir autenti\u0161kumo akmuo.<\/strong><\/p>\n<p>Jis padeda susijungti su savo vidiniu balsu ir dr\u0105siai i\u0161reik\u0161ti tai, kas slypi \u0161irdyje. Amazonitas veikia dvi pagrindines sritis \u2013 gerkl\u0117s ir \u0161irdies \u010dakras, skatindamas nuo\u0161ird\u0173 bendravim\u0105, \u0161velni\u0105 savirai\u0161k\u0105, empatij\u0105 ir emocin\u012f balanso poj\u016bt\u012f. Jis padeda kalb\u0117ti ties\u0105 ne i\u0161 ego, o i\u0161 meil\u0117s \u2013 su pagarba sau ir kitiems.<\/p>\n<p>Amazonitas veikia kaip subtilus skydas nuo neigiamos energijos ir emocinio triuk\u0161mo \u2013 sugeria stres\u0105, ma\u017eina \u012ftamp\u0105, nerim\u0105 ir padeda atgauti vidin\u0119 ramyb\u0119. Jis puikiai tinka jautriems, intuityviems \u017emon\u0117ms, kuriems svarbu i\u0161laikyti emocin\u012f balans\u0105.<\/p>\n<p>Fiziniame lygmenyje amazonitui priskiriamas raminantis poveikis nerv\u0173 sistemai \u2013 jis padeda suma\u017einti \u012ftamp\u0105 pe\u010di\u0173 ir kaklo srityje, kuri da\u017enai susikaupia nuo emocini\u0173 blok\u0173. Taip pat manoma, kad amazonitas gali palaikyti \u0161irdies, gerkl\u0117s, skydliauk\u0117s ir kv\u0117pavimo sistemos veikl\u0105 bei \u0161velniai subalansuoti moteri\u0161k\u0105 hormonin\u0119 sistem\u0105.<\/p>\n<p>Tai akmuo tiems, kurie ie\u0161ko taikos, nori gird\u0117ti save ai\u0161kiau, kalb\u0117ti atvirai ir gyventi i\u0161 \u0161irdies.<br \/>\n\u0160velnus, bet galingas palydovas kasdienai.<br \/>\n&#8212;&#8211;<\/p>\n<p>V\u0117riniai i\u0161 nat\u016brali\u0173 kristal\u0173, ne\u0161iojami prie pat kaklo, veikia ypa\u010d stipriai \u2013 kaklas yra subtili jungtis tarp galvos ir k\u016bno. Tod\u0117l b\u016btent tokio ilgio v\u0117riniai \u2013 ne tik puo\u0161mena, bet ir energetinis palaikymas kasdienai.<\/p>","protected":false},"excerpt":{"rendered":"<p>Subtilus minimalistinis amazonito karoliuk\u0173 v\u0117rinys su \u017evaig\u017edute \u2013 \u0161irdies balso harmonijai, skland\u017eiai i\u0161rai\u0161kai per kalb\u0105 bei vidinei ramybei.<\/p>","protected":false},"featured_media":20732,"comment_status":"closed","ping_status":"closed","template":"","meta":{"_uag_custom_page_level_css":"","site-sidebar-layout":"default","site-content-layout":"","ast-site-content-layout":"default","site-content-style":"default","site-sidebar-style":"default","ast-global-header-display":"","ast-banner-title-visibility":"","ast-main-header-display":"","ast-hfb-above-header-display":"","ast-hfb-below-header-display":"","ast-hfb-mobile-header-display":"","site-post-title":"","ast-breadcrumbs-content":"","ast-featured-img":"","footer-sml-layout":"","ast-disable-related-posts":"","theme-transparent-header-meta":"default","adv-header-id-meta":"","stick-header-meta":"default","header-above-stick-meta":"","header-main-stick-meta":"","header-below-stick-meta":"","astra-migrate-meta-layouts":"set","ast-page-background-enabled":"default","ast-page-background-meta":{"desktop":{"background-color":"","background-image":"","background-repeat":"repeat","background-position":"center center","background-size":"auto","background-attachment":"scroll","background-type":"","background-media":"","overlay-type":"","overlay-color":"","overlay-opacity":"","overlay-gradient":""},"tablet":{"background-color":"","background-image":"","background-repeat":"repeat","background-position":"center center","background-size":"auto","background-attachment":"scroll","background-type":"","background-media":"","overlay-type":"","overlay-color":"","overlay-opacity":"","overlay-gradient":""},"mobile":{"background-color":"","background-image":"","background-repeat":"repeat","background-position":"center center","background-size":"auto","background-attachment":"scroll","background-type":"","background-media":"","overlay-type":"","overlay-color":"","overlay-opacity":"","overlay-gradient":""}},"ast-content-background-meta":{"desktop":{"background-color":"var(--ast-global-color-5)","background-image":"","background-repeat":"repeat","background-position":"center center","background-size":"auto","background-attachment":"scroll","background-type":"","background-media":"","overlay-type":"","overlay-color":"","overlay-opacity":"","overlay-gradient":""},"tablet":{"background-color":"var(--ast-global-color-5)","background-image":"","background-repeat":"repeat","background-position":"center center","background-size":"auto","background-attachment":"scroll","background-type":"","background-media":"","overlay-type":"","overlay-color":"","overlay-opacity":"","overlay-gradient":""},"mobile":{"background-color":"var(--ast-global-color-5)","background-image":"","background-repeat":"repeat","background-position":"center center","background-size":"auto","background-attachment":"scroll","background-type":"","background-media":"","overlay-type":"","overlay-color":"","overlay-opacity":"","overlay-gradient":""}}},"product_brand":[],"product_cat":[108],"product_tag":[],"class_list":{"0":"post-20720","1":"product","2":"type-product","3":"status-publish","4":"has-post-thumbnail","6":"product_cat-veriniai","7":"desktop-align-left","8":"tablet-align-left","9":"mobile-align-left","10":"ast-product-gallery-layout-horizontal-slider","11":"ast-product-tabs-layout-horizontal","13":"first","14":"instock","15":"shipping-taxable","16":"purchasable","17":"product-type-simple"},"yoast_head":"<!-- This site is optimized with the Yoast SEO plugin v26.9 - https:\/\/yoast.com\/product\/yoast-seo-wordpress\/ -->\n<title>Amazonito v\u0117rinys - Spind\u0117ja<\/title>\n<meta name=\"description\" content=\"Amazonito v\u0117rinys - Spind\u0117ja Minimalistinis papuo\u0161alas. Auk\u0161ta kokyb\u0117, 100 proc. nat\u016bralumas, pagaminta su meile, intencijomis ir d\u0117mesiu klientui.\" \/>\n<meta name=\"robots\" content=\"index, follow, max-snippet:-1, max-image-preview:large, max-video-preview:-1\" \/>\n<link rel=\"canonical\" href=\"https:\/\/spindeja.lt\/en\/product\/amazonito-verinys\/\" \/>\n<meta property=\"og:locale\" content=\"en_GB\" \/>\n<meta property=\"og:type\" content=\"article\" \/>\n<meta property=\"og:title\" content=\"Amazonito v\u0117rinys - Spind\u0117ja\" \/>\n<meta property=\"og:description\" content=\"Amazonito v\u0117rinys - Spind\u0117ja Minimalistinis papuo\u0161alas. Auk\u0161ta kokyb\u0117, 100 proc. nat\u016bralumas, pagaminta su meile, intencijomis ir d\u0117mesiu klientui.\" \/>\n<meta property=\"og:url\" content=\"https:\/\/spindeja.lt\/en\/product\/amazonito-verinys\/\" \/>\n<meta property=\"og:site_name\" content=\"Spind\u0117ja\" \/>\n<meta property=\"article:publisher\" content=\"https:\/\/www.facebook.com\/profile.php?id=100063674195191\" \/>\n<meta property=\"article:modified_time\" content=\"2025-05-15T15:04:35+00:00\" \/>\n<meta property=\"og:image\" content=\"https:\/\/spindeja.lt\/wp-content\/uploads\/2025\/05\/Amazonito-verinys.jpg\" \/>\n\t<meta property=\"og:image:width\" content=\"1704\" \/>\n\t<meta property=\"og:image:height\" content=\"2271\" \/>\n\t<meta property=\"og:image:type\" content=\"image\/jpeg\" \/>\n<meta name=\"twitter:card\" content=\"summary_large_image\" \/>\n<meta name=\"twitter:label1\" content=\"Estimated reading time\" \/>\n\t<meta name=\"twitter:data1\" content=\"2 minutes\" \/>\n<script type=\"application\/ld+json\" class=\"yoast-schema-graph\">{\"@context\":\"https:\/\/schema.org\",\"@graph\":[{\"@type\":\"WebPage\",\"@id\":\"https:\/\/spindeja.lt\/produktas\/amazonito-verinys\/\",\"url\":\"https:\/\/spindeja.lt\/produktas\/amazonito-verinys\/\",\"name\":\"Amazonito v\u0117rinys - Spind\u0117ja\",\"isPartOf\":{\"@id\":\"https:\/\/spindeja.lt\/#website\"},\"primaryImageOfPage\":{\"@id\":\"https:\/\/spindeja.lt\/produktas\/amazonito-verinys\/#primaryimage\"},\"image\":{\"@id\":\"https:\/\/spindeja.lt\/produktas\/amazonito-verinys\/#primaryimage\"},\"thumbnailUrl\":\"https:\/\/spindeja.lt\/wp-content\/uploads\/2025\/05\/Amazonito-verinys.jpg\",\"datePublished\":\"2025-05-13T17:12:09+00:00\",\"dateModified\":\"2025-05-15T15:04:35+00:00\",\"description\":\"Amazonito v\u0117rinys - Spind\u0117ja Minimalistinis papuo\u0161alas. Auk\u0161ta kokyb\u0117, 100 proc. nat\u016bralumas, pagaminta su meile, intencijomis ir d\u0117mesiu klientui.\",\"breadcrumb\":{\"@id\":\"https:\/\/spindeja.lt\/produktas\/amazonito-verinys\/#breadcrumb\"},\"inLanguage\":\"en-GB\",\"potentialAction\":[{\"@type\":\"ReadAction\",\"target\":[\"https:\/\/spindeja.lt\/produktas\/amazonito-verinys\/\"]}]},{\"@type\":\"ImageObject\",\"inLanguage\":\"en-GB\",\"@id\":\"https:\/\/spindeja.lt\/produktas\/amazonito-verinys\/#primaryimage\",\"url\":\"https:\/\/spindeja.lt\/wp-content\/uploads\/2025\/05\/Amazonito-verinys.jpg\",\"contentUrl\":\"https:\/\/spindeja.lt\/wp-content\/uploads\/2025\/05\/Amazonito-verinys.jpg\",\"width\":1704,\"height\":2271,\"caption\":\"Amazonito v\u0117rinys\"},{\"@type\":\"BreadcrumbList\",\"@id\":\"https:\/\/spindeja.lt\/produktas\/amazonito-verinys\/#breadcrumb\",\"itemListElement\":[{\"@type\":\"ListItem\",\"position\":1,\"name\":\"Prad\u017eia\",\"item\":\"https:\/\/spindeja.lt\/\"},{\"@type\":\"ListItem\",\"position\":2,\"name\":\"Parduotuv\u0117\",\"item\":\"https:\/\/spindeja.lt\/parduotuve\/\"},{\"@type\":\"ListItem\",\"position\":3,\"name\":\"Amazonito v\u0117rinys\"}]},{\"@type\":\"WebSite\",\"@id\":\"https:\/\/spindeja.lt\/#website\",\"url\":\"https:\/\/spindeja.lt\/\",\"name\":\"Spind\u0117ja\",\"description\":\"Rank\u0173 darbo papuo\u0161alai Jums\",\"publisher\":{\"@id\":\"https:\/\/spindeja.lt\/#organization\"},\"potentialAction\":[{\"@type\":\"SearchAction\",\"target\":{\"@type\":\"EntryPoint\",\"urlTemplate\":\"https:\/\/spindeja.lt\/?s={search_term_string}\"},\"query-input\":{\"@type\":\"PropertyValueSpecification\",\"valueRequired\":true,\"valueName\":\"search_term_string\"}}],\"inLanguage\":\"en-GB\"},{\"@type\":\"Organization\",\"@id\":\"https:\/\/spindeja.lt\/#organization\",\"name\":\"Spind\u0117ja\",\"url\":\"https:\/\/spindeja.lt\/\",\"logo\":{\"@type\":\"ImageObject\",\"inLanguage\":\"en-GB\",\"@id\":\"https:\/\/spindeja.lt\/#\/schema\/logo\/image\/\",\"url\":\"https:\/\/spindeja.lt\/wp-content\/uploads\/2019\/12\/Layer-2.png\",\"contentUrl\":\"https:\/\/spindeja.lt\/wp-content\/uploads\/2019\/12\/Layer-2.png\",\"width\":915,\"height\":616,\"caption\":\"Spind\u0117ja\"},\"image\":{\"@id\":\"https:\/\/spindeja.lt\/#\/schema\/logo\/image\/\"},\"sameAs\":[\"https:\/\/www.facebook.com\/profile.php?id=100063674195191\",\"https:\/\/www.instagram.com\/spindeja\/\"]}]}<\/script>\n<!-- \/ Yoast SEO plugin. -->","yoast_head_json":{"title":"Amazonito v\u0117rinys - Spind\u0117ja","description":"Amazonito v\u0117rinys - Spind\u0117ja Minimalistinis papuo\u0161alas. Auk\u0161ta kokyb\u0117, 100 proc. nat\u016bralumas, pagaminta su meile, intencijomis ir d\u0117mesiu klientui.","robots":{"index":"index","follow":"follow","max-snippet":"max-snippet:-1","max-image-preview":"max-image-preview:large","max-video-preview":"max-video-preview:-1"},"canonical":"https:\/\/spindeja.lt\/en\/product\/amazonito-verinys\/","og_locale":"en_GB","og_type":"article","og_title":"Amazonito v\u0117rinys - Spind\u0117ja","og_description":"Amazonito v\u0117rinys - Spind\u0117ja Minimalistinis papuo\u0161alas. Auk\u0161ta kokyb\u0117, 100 proc. nat\u016bralumas, pagaminta su meile, intencijomis ir d\u0117mesiu klientui.","og_url":"https:\/\/spindeja.lt\/en\/product\/amazonito-verinys\/","og_site_name":"Spind\u0117ja","article_publisher":"https:\/\/www.facebook.com\/profile.php?id=100063674195191","article_modified_time":"2025-05-15T15:04:35+00:00","og_image":[{"width":1704,"height":2271,"url":"https:\/\/spindeja.lt\/wp-content\/uploads\/2025\/05\/Amazonito-verinys.jpg","type":"image\/jpeg"}],"twitter_card":"summary_large_image","twitter_misc":{"Estimated reading time":"2 minutes"},"schema":{"@context":"https:\/\/schema.org","@graph":[{"@type":"WebPage","@id":"https:\/\/spindeja.lt\/produktas\/amazonito-verinys\/","url":"https:\/\/spindeja.lt\/produktas\/amazonito-verinys\/","name":"Amazonito v\u0117rinys - Spind\u0117ja","isPartOf":{"@id":"https:\/\/spindeja.lt\/#website"},"primaryImageOfPage":{"@id":"https:\/\/spindeja.lt\/produktas\/amazonito-verinys\/#primaryimage"},"image":{"@id":"https:\/\/spindeja.lt\/produktas\/amazonito-verinys\/#primaryimage"},"thumbnailUrl":"https:\/\/spindeja.lt\/wp-content\/uploads\/2025\/05\/Amazonito-verinys.jpg","datePublished":"2025-05-13T17:12:09+00:00","dateModified":"2025-05-15T15:04:35+00:00","description":"Amazonito v\u0117rinys - Spind\u0117ja Minimalistinis papuo\u0161alas. Auk\u0161ta kokyb\u0117, 100 proc. nat\u016bralumas, pagaminta su meile, intencijomis ir d\u0117mesiu klientui.","breadcrumb":{"@id":"https:\/\/spindeja.lt\/produktas\/amazonito-verinys\/#breadcrumb"},"inLanguage":"en-GB","potentialAction":[{"@type":"ReadAction","target":["https:\/\/spindeja.lt\/produktas\/amazonito-verinys\/"]}]},{"@type":"ImageObject","inLanguage":"en-GB","@id":"https:\/\/spindeja.lt\/produktas\/amazonito-verinys\/#primaryimage","url":"https:\/\/spindeja.lt\/wp-content\/uploads\/2025\/05\/Amazonito-verinys.jpg","contentUrl":"https:\/\/spindeja.lt\/wp-content\/uploads\/2025\/05\/Amazonito-verinys.jpg","width":1704,"height":2271,"caption":"Amazonito v\u0117rinys"},{"@type":"BreadcrumbList","@id":"https:\/\/spindeja.lt\/produktas\/amazonito-verinys\/#breadcrumb","itemListElement":[{"@type":"ListItem","position":1,"name":"Prad\u017eia","item":"https:\/\/spindeja.lt\/"},{"@type":"ListItem","position":2,"name":"Parduotuv\u0117","item":"https:\/\/spindeja.lt\/parduotuve\/"},{"@type":"ListItem","position":3,"name":"Amazonito v\u0117rinys"}]},{"@type":"WebSite","@id":"https:\/\/spindeja.lt\/#website","url":"https:\/\/spindeja.lt\/","name":"Spind\u0117ja","description":"Rank\u0173 darbo papuo\u0161alai Jums","publisher":{"@id":"https:\/\/spindeja.lt\/#organization"},"potentialAction":[{"@type":"SearchAction","target":{"@type":"EntryPoint","urlTemplate":"https:\/\/spindeja.lt\/?s={search_term_string}"},"query-input":{"@type":"PropertyValueSpecification","valueRequired":true,"valueName":"search_term_string"}}],"inLanguage":"en-GB"},{"@type":"Organization","@id":"https:\/\/spindeja.lt\/#organization","name":"Spind\u0117ja","url":"https:\/\/spindeja.lt\/","logo":{"@type":"ImageObject","inLanguage":"en-GB","@id":"https:\/\/spindeja.lt\/#\/schema\/logo\/image\/","url":"https:\/\/spindeja.lt\/wp-content\/uploads\/2019\/12\/Layer-2.png","contentUrl":"https:\/\/spindeja.lt\/wp-content\/uploads\/2019\/12\/Layer-2.png","width":915,"height":616,"caption":"Spind\u0117ja"},"image":{"@id":"https:\/\/spindeja.lt\/#\/schema\/logo\/image\/"},"sameAs":["https:\/\/www.facebook.com\/profile.php?id=100063674195191","https:\/\/www.instagram.com\/spindeja\/"]}]}},"uagb_featured_image_src":{"full":["https:\/\/spindeja.lt\/wp-content\/uploads\/2025\/05\/Amazonito-verinys.jpg",1704,2271,false],"thumbnail":["https:\/\/spindeja.lt\/wp-content\/uploads\/2025\/05\/Amazonito-verinys-150x150.jpg",150,150,true],"medium":["https:\/\/spindeja.lt\/wp-content\/uploads\/2025\/05\/Amazonito-verinys-225x300.jpg",225,300,true],"medium_large":["https:\/\/spindeja.lt\/wp-content\/uploads\/2025\/05\/Amazonito-verinys-768x1024.jpg",768,1024,true],"large":["https:\/\/spindeja.lt\/wp-content\/uploads\/2025\/05\/Amazonito-verinys-768x1024.jpg",768,1024,true],"1536x1536":["https:\/\/spindeja.lt\/wp-content\/uploads\/2025\/05\/Amazonito-verinys-1153x1536.jpg",1153,1536,true],"2048x2048":["https:\/\/spindeja.lt\/wp-content\/uploads\/2025\/05\/Amazonito-verinys-1537x2048.jpg",1537,2048,true],"trp-custom-language-flag":["https:\/\/spindeja.lt\/wp-content\/uploads\/2025\/05\/Amazonito-verinys-9x12.jpg",9,12,true],"woocommerce_thumbnail":["https:\/\/spindeja.lt\/wp-content\/uploads\/2025\/05\/Amazonito-verinys-540x540.jpg",540,540,true],"woocommerce_single":["https:\/\/spindeja.lt\/wp-content\/uploads\/2025\/05\/Amazonito-verinys-540x720.jpg",540,720,true],"woocommerce_gallery_thumbnail":["https:\/\/spindeja.lt\/wp-content\/uploads\/2025\/05\/Amazonito-verinys-100x100.jpg",100,100,true]},"uagb_author_info":{"display_name":"spindeja","author_link":"https:\/\/spindeja.lt\/en\/author\/"},"uagb_comment_info":0,"uagb_excerpt":"Subtilus minimalistinis amazonito karoliuk\u0173 v\u0117rinys su \u017evaig\u017edute \u2013 \u0161irdies balso harmonijai, skland\u017eiai i\u0161rai\u0161kai per kalb\u0105 bei vidinei ramybei.","_links":{"self":[{"href":"https:\/\/spindeja.lt\/en\/wp-json\/wp\/v2\/product\/20720","targetHints":{"allow":["GET"]}}],"collection":[{"href":"https:\/\/spindeja.lt\/en\/wp-json\/wp\/v2\/product"}],"about":[{"href":"https:\/\/spindeja.lt\/en\/wp-json\/wp\/v2\/types\/product"}],"replies":[{"embeddable":true,"href":"https:\/\/spindeja.lt\/en\/wp-json\/wp\/v2\/comments?post=20720"}],"wp:featuredmedia":[{"embeddable":true,"href":"https:\/\/spindeja.lt\/en\/wp-json\/wp\/v2\/media\/20732"}],"wp:attachment":[{"href":"https:\/\/spindeja.lt\/en\/wp-json\/wp\/v2\/media?parent=20720"}],"wp:term":[{"taxonomy":"product_brand","embeddable":true,"href":"https:\/\/spindeja.lt\/en\/wp-json\/wp\/v2\/product_brand?post=20720"},{"taxonomy":"product_cat","embeddable":true,"href":"https:\/\/spindeja.lt\/en\/wp-json\/wp\/v2\/product_cat?post=20720"},{"taxonomy":"product_tag","embeddable":true,"href":"https:\/\/spindeja.lt\/en\/wp-json\/wp\/v2\/product_tag?post=20720"}],"curies":[{"name":"wp","href":"https:\/\/api.w.org\/{rel}","templated":true}]}}