{"id":20716,"date":"2025-05-13T19:02:50","date_gmt":"2025-05-13T17:02:50","guid":{"rendered":"https:\/\/spindeja.lt\/?post_type=product&#038;p=20716"},"modified":"2025-11-11T11:14:45","modified_gmt":"2025-11-11T09:14:45","slug":"kaklo-papuosalas","status":"publish","type":"product","link":"https:\/\/spindeja.lt\/en\/product\/kaklo-papuosalas\/","title":{"rendered":"Kaklo papuo\u0161alas &#8222;Peridoto \u0161irdis&#8221;"},"content":{"rendered":"<p style=\"text-align: left;\"><strong>Peridoto kristal\u0173 kaklo papuo\u0161alas su \u0161irdel\u0117s pakabuku<\/strong><\/p>\n<p>Subtilus, eleganti\u0161kas v\u0117rinys i\u0161 smulki\u0173, facetuot\u0173 peridoto akmen\u0117li\u0173 (2 mm), dekoruotas \u0161irdel\u0117s formos pakabuku, \u012fk\u016bnijan\u010diu pagrindin\u0119 \u0161io kristalo funkcij\u0105 &#8211; valyti ir harmonizuoti \u0161irdies srit\u012f, padedant paleisti nuoskaudas, pavyd\u0105, kalt\u0119 ir gr\u012f\u017eti \u012f meil\u0117s, atleidimo bei vidin\u0117s ramyb\u0117s b\u016bsen\u0105.<br \/>\n\u0160is kaklo papuo\u0161alas yra puikus pasirinkimas visi\u0161koms minimalist\u0117ms, nem\u0117gstan\u010dioms ry\u0161ki\u0173 spalv\u0173 ir masyvi\u0173 akcent\u0173 bei vertinan\u010dioms subtil\u0173 gro\u017e\u012f.<\/p>\n<p><em>&#8211; Spind\u0117jos kristal\u0173 papuo\u0161al\u0173 gamyba &#8211; tai k\u016brybinis ritualas su pozityviomis afirmacijomis ir intuityviu energetiniu pakrovimu.<\/em><\/p>\n<p>&#8211; Ilgis: 39 cm + 5 cm prailginimo grandin\u0117l\u0117<br \/>\n&#8211; Paauksuoto ner\u016bdijan\u010dio plieno ir \u017ealvario detal\u0117s<br \/>\n&#8211; Turimas vietoje i\u0161siun\u010diamas per 1\u20132 d. d.<br \/>\n&#8211; Individualiems u\u017esakymams \u2013 5\u20139 d. d. gamyba<br \/>\n&#8211; Galimas individualus ilgis (esant poreikiui, susisiekite d\u0117l korekcij\u0173)<br \/>\n&#8211; Supakuojamas \u012f \u201eSpind\u0117jos\u201c dovan\u0173 d\u0117\u017eut\u0119<\/p>\n<p>&#8212;&#8211;<br \/>\n<strong>Peridotas <\/strong>(dar kitaip vadinamas chrizolitu) \u2013 tai \u0161viesos akmuo, kurio \u017ealios alyvuogi\u0173 atspalvio spindesys primena pavasario pa\u017ead\u0105 \u2013 atgimim\u0105, \u0161var\u0105 ir augim\u0105. Jis nuo seno laikytas i\u0161minties ne\u0161\u0117ju, draugyst\u0117s ir i\u0161tikimyb\u0117s saugotoju, apsaugos skraiste nuo neigiam\u0173 \u012ftak\u0173.<\/p>\n<p>\u0160is kristalas turi unikali\u0105 rombin\u0119 strukt\u016br\u0105 \u2013 dviej\u0173 piramid\u017ei\u0173 susijungim\u0105, simbolizuojant\u012f dvasios ir materijos s\u0105jung\u0105. Tai gyvas priminimas apie Visatos princip\u0105: kaip vir\u0161uje, taip ir apa\u010dioje. Peridotas palaiko vidin\u0119 pusiausvyr\u0105 tarp dvasinio pa\u017einimo ir \u017eemi\u0161kojo kelio, kviesdamas gyventi s\u0105moningai ir teisingai.<\/p>\n<p>Jis padeda paleisti svetimas \u012ftakas, priimti savo klaidas su atjauta ir i\u0161 j\u0173 augti. Skatina s\u0105\u017einingum\u0105, teisingum\u0105 ir platesn\u012f kosmin\u0117s tvarkos supratim\u0105. Tai akmuo tiems, kurie eina s\u0105moningu keliu ir nori gyventi i\u0161 \u0161irdies \u2013 k\u016brybingai, \u012fkv\u0117ptai, kantriai ir su vidine ramybe.<\/p>\n<p>Energeti\u0161kai peridotas stipriai veikia <strong>\u0161irdies \u010dakr\u0105<\/strong>, pad\u0117damas praskaidrinti emocin\u012f lauk\u0105, paleisti pavyd\u0105, baimes, nuoskaudas. Fizi\u0161kai jis gali palaikyti imunitet\u0105, stiprinti regeneracij\u0105, suma\u017einti \u012ftamp\u0105.<\/p>\n<p>Tai akmuo, ne\u0161antis \u012ekv\u0117pimo spindul\u012f \u2013 tiems, kurie pasireng\u0119 \u0161vyt\u0117ti savo autenti\u0161ka \u0161viesa.<\/p>\n<p>Pasi\u017eymi \u0161iomis gydomosiomis savyb\u0117mis: stiprina \u0161ird\u012f, kaulus, nerv\u0173 sistem\u0105, padeda i\u0161vengti egzem\u0173 ir i\u0161b\u0117rim\u0173, teigiamai veikia \u017emones, jautrius or\u0173 permainoms.<\/p>\n<p>&#8212;&#8211;<br \/>\n<em>Kaklo papuo\u0161alas &#8211; v\u0117rinys i\u0161 nat\u016brali\u0173 kristal\u0173, ne\u0161iojamas prie pat kaklo, veikia ypa\u010d stipriai, nes kaklas yra subtili jungtis tarp galvos ir k\u016bno. Tod\u0117l b\u016btent tokio ilgio v\u0117riniai yra ne tik puo\u0161mena, bet ir vienas stipriausi\u0173 energetini\u0173 palaikym\u0173 kasdienai.<\/em><\/p>","protected":false},"excerpt":{"rendered":"<p>Subtilus minimalistinis peridoto karoliuk\u0173 v\u0117rinys su \u0161irdele, \u012fk\u016bnijan\u010dia pagrindin\u0119 \u0161io kristalo funkcij\u0105 &#8211; valyti ir harmonizuoti \u0161irdies srit\u012f, padedant paleisti nuoskaudas, pavyd\u0105, kalt\u0119 ir gr\u012f\u017eti \u012f meil\u0117s, atleidimo bei vidin\u0117s ramyb\u0117s b\u016bsen\u0105.<\/p>","protected":false},"featured_media":20734,"comment_status":"closed","ping_status":"closed","template":"","meta":{"_uag_custom_page_level_css":"","site-sidebar-layout":"default","site-content-layout":"","ast-site-content-layout":"default","site-content-style":"default","site-sidebar-style":"default","ast-global-header-display":"","ast-banner-title-visibility":"","ast-main-header-display":"","ast-hfb-above-header-display":"","ast-hfb-below-header-display":"","ast-hfb-mobile-header-display":"","site-post-title":"","ast-breadcrumbs-content":"","ast-featured-img":"","footer-sml-layout":"","ast-disable-related-posts":"","theme-transparent-header-meta":"default","adv-header-id-meta":"","stick-header-meta":"default","header-above-stick-meta":"","header-main-stick-meta":"","header-below-stick-meta":"","astra-migrate-meta-layouts":"set","ast-page-background-enabled":"default","ast-page-background-meta":{"desktop":{"background-color":"","background-image":"","background-repeat":"repeat","background-position":"center center","background-size":"auto","background-attachment":"scroll","background-type":"","background-media":"","overlay-type":"","overlay-color":"","overlay-opacity":"","overlay-gradient":""},"tablet":{"background-color":"","background-image":"","background-repeat":"repeat","background-position":"center center","background-size":"auto","background-attachment":"scroll","background-type":"","background-media":"","overlay-type":"","overlay-color":"","overlay-opacity":"","overlay-gradient":""},"mobile":{"background-color":"","background-image":"","background-repeat":"repeat","background-position":"center center","background-size":"auto","background-attachment":"scroll","background-type":"","background-media":"","overlay-type":"","overlay-color":"","overlay-opacity":"","overlay-gradient":""}},"ast-content-background-meta":{"desktop":{"background-color":"var(--ast-global-color-5)","background-image":"","background-repeat":"repeat","background-position":"center center","background-size":"auto","background-attachment":"scroll","background-type":"","background-media":"","overlay-type":"","overlay-color":"","overlay-opacity":"","overlay-gradient":""},"tablet":{"background-color":"var(--ast-global-color-5)","background-image":"","background-repeat":"repeat","background-position":"center center","background-size":"auto","background-attachment":"scroll","background-type":"","background-media":"","overlay-type":"","overlay-color":"","overlay-opacity":"","overlay-gradient":""},"mobile":{"background-color":"var(--ast-global-color-5)","background-image":"","background-repeat":"repeat","background-position":"center center","background-size":"auto","background-attachment":"scroll","background-type":"","background-media":"","overlay-type":"","overlay-color":"","overlay-opacity":"","overlay-gradient":""}}},"product_brand":[],"product_cat":[55,108],"product_tag":[],"class_list":{"0":"post-20716","1":"product","2":"type-product","3":"status-publish","4":"has-post-thumbnail","6":"product_cat-kaklo-papuosalai","7":"product_cat-veriniai","8":"desktop-align-left","9":"tablet-align-left","10":"mobile-align-left","11":"ast-product-gallery-layout-horizontal-slider","12":"ast-product-tabs-layout-horizontal","14":"first","15":"instock","16":"shipping-taxable","17":"purchasable","18":"product-type-simple"},"yoast_head":"<!-- This site is optimized with the Yoast SEO plugin v26.9 - https:\/\/yoast.com\/product\/yoast-seo-wordpress\/ -->\n<title>Kaklo papuo\u0161alas &quot;Peridoto \u0161irdis&quot; - Spind\u0117ja<\/title>\n<meta name=\"description\" content=\"Kaklo papuo\u0161alas &quot;Peridoto \u0161irdis&quot; - Spind\u0117ja Minimalistinis kaklo papuo\u0161alas. Auk\u0161ta kokyb\u0117, 100 proc. nat\u016bralumas, pagaminta su meile ir intencijomis.\" \/>\n<meta name=\"robots\" content=\"index, follow, max-snippet:-1, max-image-preview:large, max-video-preview:-1\" \/>\n<link rel=\"canonical\" href=\"https:\/\/spindeja.lt\/en\/product\/kaklo-papuosalas\/\" \/>\n<meta property=\"og:locale\" content=\"en_GB\" \/>\n<meta property=\"og:type\" content=\"article\" \/>\n<meta property=\"og:title\" content=\"Kaklo papuo\u0161alas &quot;Peridoto \u0161irdis&quot; - Spind\u0117ja\" \/>\n<meta property=\"og:description\" content=\"Kaklo papuo\u0161alas &quot;Peridoto \u0161irdis&quot; - Spind\u0117ja Minimalistinis kaklo papuo\u0161alas. Auk\u0161ta kokyb\u0117, 100 proc. nat\u016bralumas, pagaminta su meile ir intencijomis.\" \/>\n<meta property=\"og:url\" content=\"https:\/\/spindeja.lt\/en\/product\/kaklo-papuosalas\/\" \/>\n<meta property=\"og:site_name\" content=\"Spind\u0117ja\" \/>\n<meta property=\"article:publisher\" content=\"https:\/\/www.facebook.com\/profile.php?id=100063674195191\" \/>\n<meta property=\"article:modified_time\" content=\"2025-11-11T09:14:45+00:00\" \/>\n<meta property=\"og:image\" content=\"https:\/\/spindeja.lt\/wp-content\/uploads\/2025\/05\/Peridoto_verinys.webp\" \/>\n\t<meta property=\"og:image:width\" content=\"533\" \/>\n\t<meta property=\"og:image:height\" content=\"800\" \/>\n\t<meta property=\"og:image:type\" content=\"image\/webp\" \/>\n<meta name=\"twitter:card\" content=\"summary_large_image\" \/>\n<meta name=\"twitter:label1\" content=\"Estimated reading time\" \/>\n\t<meta name=\"twitter:data1\" content=\"2 minutes\" \/>\n<script type=\"application\/ld+json\" class=\"yoast-schema-graph\">{\"@context\":\"https:\/\/schema.org\",\"@graph\":[{\"@type\":\"WebPage\",\"@id\":\"https:\/\/spindeja.lt\/produktas\/kaklo-papuosalas\/\",\"url\":\"https:\/\/spindeja.lt\/produktas\/kaklo-papuosalas\/\",\"name\":\"Kaklo papuo\u0161alas \\\"Peridoto \u0161irdis\\\" - Spind\u0117ja\",\"isPartOf\":{\"@id\":\"https:\/\/spindeja.lt\/#website\"},\"primaryImageOfPage\":{\"@id\":\"https:\/\/spindeja.lt\/produktas\/kaklo-papuosalas\/#primaryimage\"},\"image\":{\"@id\":\"https:\/\/spindeja.lt\/produktas\/kaklo-papuosalas\/#primaryimage\"},\"thumbnailUrl\":\"https:\/\/spindeja.lt\/wp-content\/uploads\/2025\/05\/Peridoto_verinys.webp\",\"datePublished\":\"2025-05-13T17:02:50+00:00\",\"dateModified\":\"2025-11-11T09:14:45+00:00\",\"description\":\"Kaklo papuo\u0161alas \\\"Peridoto \u0161irdis\\\" - Spind\u0117ja Minimalistinis kaklo papuo\u0161alas. Auk\u0161ta kokyb\u0117, 100 proc. nat\u016bralumas, pagaminta su meile ir intencijomis.\",\"breadcrumb\":{\"@id\":\"https:\/\/spindeja.lt\/produktas\/kaklo-papuosalas\/#breadcrumb\"},\"inLanguage\":\"en-GB\",\"potentialAction\":[{\"@type\":\"ReadAction\",\"target\":[\"https:\/\/spindeja.lt\/produktas\/kaklo-papuosalas\/\"]}]},{\"@type\":\"ImageObject\",\"inLanguage\":\"en-GB\",\"@id\":\"https:\/\/spindeja.lt\/produktas\/kaklo-papuosalas\/#primaryimage\",\"url\":\"https:\/\/spindeja.lt\/wp-content\/uploads\/2025\/05\/Peridoto_verinys.webp\",\"contentUrl\":\"https:\/\/spindeja.lt\/wp-content\/uploads\/2025\/05\/Peridoto_verinys.webp\",\"width\":533,\"height\":800,\"caption\":\"Peridoto kaklo papuo\u0161alas\"},{\"@type\":\"BreadcrumbList\",\"@id\":\"https:\/\/spindeja.lt\/produktas\/kaklo-papuosalas\/#breadcrumb\",\"itemListElement\":[{\"@type\":\"ListItem\",\"position\":1,\"name\":\"Prad\u017eia\",\"item\":\"https:\/\/spindeja.lt\/\"},{\"@type\":\"ListItem\",\"position\":2,\"name\":\"Parduotuv\u0117\",\"item\":\"https:\/\/spindeja.lt\/parduotuve\/\"},{\"@type\":\"ListItem\",\"position\":3,\"name\":\"Kaklo papuo\u0161alas &#8222;Peridoto \u0161irdis&#8221;\"}]},{\"@type\":\"WebSite\",\"@id\":\"https:\/\/spindeja.lt\/#website\",\"url\":\"https:\/\/spindeja.lt\/\",\"name\":\"Spind\u0117ja\",\"description\":\"Rank\u0173 darbo papuo\u0161alai Jums\",\"publisher\":{\"@id\":\"https:\/\/spindeja.lt\/#organization\"},\"potentialAction\":[{\"@type\":\"SearchAction\",\"target\":{\"@type\":\"EntryPoint\",\"urlTemplate\":\"https:\/\/spindeja.lt\/?s={search_term_string}\"},\"query-input\":{\"@type\":\"PropertyValueSpecification\",\"valueRequired\":true,\"valueName\":\"search_term_string\"}}],\"inLanguage\":\"en-GB\"},{\"@type\":\"Organization\",\"@id\":\"https:\/\/spindeja.lt\/#organization\",\"name\":\"Spind\u0117ja\",\"url\":\"https:\/\/spindeja.lt\/\",\"logo\":{\"@type\":\"ImageObject\",\"inLanguage\":\"en-GB\",\"@id\":\"https:\/\/spindeja.lt\/#\/schema\/logo\/image\/\",\"url\":\"https:\/\/spindeja.lt\/wp-content\/uploads\/2019\/12\/Layer-2.png\",\"contentUrl\":\"https:\/\/spindeja.lt\/wp-content\/uploads\/2019\/12\/Layer-2.png\",\"width\":915,\"height\":616,\"caption\":\"Spind\u0117ja\"},\"image\":{\"@id\":\"https:\/\/spindeja.lt\/#\/schema\/logo\/image\/\"},\"sameAs\":[\"https:\/\/www.facebook.com\/profile.php?id=100063674195191\",\"https:\/\/www.instagram.com\/spindeja\/\"]}]}<\/script>\n<!-- \/ Yoast SEO plugin. -->","yoast_head_json":{"title":"Kaklo papuo\u0161alas \"Peridoto \u0161irdis\" - Spind\u0117ja","description":"Kaklo papuo\u0161alas \"Peridoto \u0161irdis\" - Spind\u0117ja Minimalistinis kaklo papuo\u0161alas. Auk\u0161ta kokyb\u0117, 100 proc. nat\u016bralumas, pagaminta su meile ir intencijomis.","robots":{"index":"index","follow":"follow","max-snippet":"max-snippet:-1","max-image-preview":"max-image-preview:large","max-video-preview":"max-video-preview:-1"},"canonical":"https:\/\/spindeja.lt\/en\/product\/kaklo-papuosalas\/","og_locale":"en_GB","og_type":"article","og_title":"Kaklo papuo\u0161alas \"Peridoto \u0161irdis\" - Spind\u0117ja","og_description":"Kaklo papuo\u0161alas \"Peridoto \u0161irdis\" - Spind\u0117ja Minimalistinis kaklo papuo\u0161alas. Auk\u0161ta kokyb\u0117, 100 proc. nat\u016bralumas, pagaminta su meile ir intencijomis.","og_url":"https:\/\/spindeja.lt\/en\/product\/kaklo-papuosalas\/","og_site_name":"Spind\u0117ja","article_publisher":"https:\/\/www.facebook.com\/profile.php?id=100063674195191","article_modified_time":"2025-11-11T09:14:45+00:00","og_image":[{"width":533,"height":800,"url":"https:\/\/spindeja.lt\/wp-content\/uploads\/2025\/05\/Peridoto_verinys.webp","type":"image\/webp"}],"twitter_card":"summary_large_image","twitter_misc":{"Estimated reading time":"2 minutes"},"schema":{"@context":"https:\/\/schema.org","@graph":[{"@type":"WebPage","@id":"https:\/\/spindeja.lt\/produktas\/kaklo-papuosalas\/","url":"https:\/\/spindeja.lt\/produktas\/kaklo-papuosalas\/","name":"Kaklo papuo\u0161alas \"Peridoto \u0161irdis\" - Spind\u0117ja","isPartOf":{"@id":"https:\/\/spindeja.lt\/#website"},"primaryImageOfPage":{"@id":"https:\/\/spindeja.lt\/produktas\/kaklo-papuosalas\/#primaryimage"},"image":{"@id":"https:\/\/spindeja.lt\/produktas\/kaklo-papuosalas\/#primaryimage"},"thumbnailUrl":"https:\/\/spindeja.lt\/wp-content\/uploads\/2025\/05\/Peridoto_verinys.webp","datePublished":"2025-05-13T17:02:50+00:00","dateModified":"2025-11-11T09:14:45+00:00","description":"Kaklo papuo\u0161alas \"Peridoto \u0161irdis\" - Spind\u0117ja Minimalistinis kaklo papuo\u0161alas. Auk\u0161ta kokyb\u0117, 100 proc. nat\u016bralumas, pagaminta su meile ir intencijomis.","breadcrumb":{"@id":"https:\/\/spindeja.lt\/produktas\/kaklo-papuosalas\/#breadcrumb"},"inLanguage":"en-GB","potentialAction":[{"@type":"ReadAction","target":["https:\/\/spindeja.lt\/produktas\/kaklo-papuosalas\/"]}]},{"@type":"ImageObject","inLanguage":"en-GB","@id":"https:\/\/spindeja.lt\/produktas\/kaklo-papuosalas\/#primaryimage","url":"https:\/\/spindeja.lt\/wp-content\/uploads\/2025\/05\/Peridoto_verinys.webp","contentUrl":"https:\/\/spindeja.lt\/wp-content\/uploads\/2025\/05\/Peridoto_verinys.webp","width":533,"height":800,"caption":"Peridoto kaklo papuo\u0161alas"},{"@type":"BreadcrumbList","@id":"https:\/\/spindeja.lt\/produktas\/kaklo-papuosalas\/#breadcrumb","itemListElement":[{"@type":"ListItem","position":1,"name":"Prad\u017eia","item":"https:\/\/spindeja.lt\/"},{"@type":"ListItem","position":2,"name":"Parduotuv\u0117","item":"https:\/\/spindeja.lt\/parduotuve\/"},{"@type":"ListItem","position":3,"name":"Kaklo papuo\u0161alas &#8222;Peridoto \u0161irdis&#8221;"}]},{"@type":"WebSite","@id":"https:\/\/spindeja.lt\/#website","url":"https:\/\/spindeja.lt\/","name":"Spind\u0117ja","description":"Rank\u0173 darbo papuo\u0161alai Jums","publisher":{"@id":"https:\/\/spindeja.lt\/#organization"},"potentialAction":[{"@type":"SearchAction","target":{"@type":"EntryPoint","urlTemplate":"https:\/\/spindeja.lt\/?s={search_term_string}"},"query-input":{"@type":"PropertyValueSpecification","valueRequired":true,"valueName":"search_term_string"}}],"inLanguage":"en-GB"},{"@type":"Organization","@id":"https:\/\/spindeja.lt\/#organization","name":"Spind\u0117ja","url":"https:\/\/spindeja.lt\/","logo":{"@type":"ImageObject","inLanguage":"en-GB","@id":"https:\/\/spindeja.lt\/#\/schema\/logo\/image\/","url":"https:\/\/spindeja.lt\/wp-content\/uploads\/2019\/12\/Layer-2.png","contentUrl":"https:\/\/spindeja.lt\/wp-content\/uploads\/2019\/12\/Layer-2.png","width":915,"height":616,"caption":"Spind\u0117ja"},"image":{"@id":"https:\/\/spindeja.lt\/#\/schema\/logo\/image\/"},"sameAs":["https:\/\/www.facebook.com\/profile.php?id=100063674195191","https:\/\/www.instagram.com\/spindeja\/"]}]}},"uagb_featured_image_src":{"full":["https:\/\/spindeja.lt\/wp-content\/uploads\/2025\/05\/Peridoto_verinys.webp",533,800,false],"thumbnail":["https:\/\/spindeja.lt\/wp-content\/uploads\/2025\/05\/Peridoto_verinys-150x150.webp",150,150,true],"medium":["https:\/\/spindeja.lt\/wp-content\/uploads\/2025\/05\/Peridoto_verinys-200x300.webp",200,300,true],"medium_large":["https:\/\/spindeja.lt\/wp-content\/uploads\/2025\/05\/Peridoto_verinys.webp",533,800,false],"large":["https:\/\/spindeja.lt\/wp-content\/uploads\/2025\/05\/Peridoto_verinys.webp",533,800,false],"1536x1536":["https:\/\/spindeja.lt\/wp-content\/uploads\/2025\/05\/Peridoto_verinys.webp",533,800,false],"2048x2048":["https:\/\/spindeja.lt\/wp-content\/uploads\/2025\/05\/Peridoto_verinys.webp",533,800,false],"trp-custom-language-flag":["https:\/\/spindeja.lt\/wp-content\/uploads\/2025\/05\/Peridoto_verinys-8x12.webp",8,12,true],"woocommerce_thumbnail":["https:\/\/spindeja.lt\/wp-content\/uploads\/2025\/05\/Peridoto_verinys-533x540.webp",533,540,true],"woocommerce_single":["https:\/\/spindeja.lt\/wp-content\/uploads\/2025\/05\/Peridoto_verinys.webp",533,800,false],"woocommerce_gallery_thumbnail":["https:\/\/spindeja.lt\/wp-content\/uploads\/2025\/05\/Peridoto_verinys-100x100.webp",100,100,true]},"uagb_author_info":{"display_name":"spindeja","author_link":"https:\/\/spindeja.lt\/en\/author\/"},"uagb_comment_info":0,"uagb_excerpt":"Subtilus minimalistinis peridoto karoliuk\u0173 v\u0117rinys su \u0161irdele, \u012fk\u016bnijan\u010dia pagrindin\u0119 \u0161io kristalo funkcij\u0105 - valyti ir harmonizuoti \u0161irdies srit\u012f, padedant paleisti nuoskaudas, pavyd\u0105, kalt\u0119 ir gr\u012f\u017eti \u012f meil\u0117s, atleidimo bei vidin\u0117s ramyb\u0117s b\u016bsen\u0105.","_links":{"self":[{"href":"https:\/\/spindeja.lt\/en\/wp-json\/wp\/v2\/product\/20716","targetHints":{"allow":["GET"]}}],"collection":[{"href":"https:\/\/spindeja.lt\/en\/wp-json\/wp\/v2\/product"}],"about":[{"href":"https:\/\/spindeja.lt\/en\/wp-json\/wp\/v2\/types\/product"}],"replies":[{"embeddable":true,"href":"https:\/\/spindeja.lt\/en\/wp-json\/wp\/v2\/comments?post=20716"}],"wp:featuredmedia":[{"embeddable":true,"href":"https:\/\/spindeja.lt\/en\/wp-json\/wp\/v2\/media\/20734"}],"wp:attachment":[{"href":"https:\/\/spindeja.lt\/en\/wp-json\/wp\/v2\/media?parent=20716"}],"wp:term":[{"taxonomy":"product_brand","embeddable":true,"href":"https:\/\/spindeja.lt\/en\/wp-json\/wp\/v2\/product_brand?post=20716"},{"taxonomy":"product_cat","embeddable":true,"href":"https:\/\/spindeja.lt\/en\/wp-json\/wp\/v2\/product_cat?post=20716"},{"taxonomy":"product_tag","embeddable":true,"href":"https:\/\/spindeja.lt\/en\/wp-json\/wp\/v2\/product_tag?post=20716"}],"curies":[{"name":"wp","href":"https:\/\/api.w.org\/{rel}","templated":true}]}}