{"id":20663,"date":"2024-11-11T23:13:55","date_gmt":"2024-11-11T21:13:55","guid":{"rendered":"https:\/\/spindeja.lt\/?post_type=product&#038;p=20663"},"modified":"2025-05-21T23:41:40","modified_gmt":"2025-05-21T21:41:40","slug":"perlu-verinys-spirale","status":"publish","type":"product","link":"https:\/\/spindeja.lt\/en\/product\/perlu-verinys-spirale\/","title":{"rendered":"Perl\u0173 v\u0117rinys &#8222;Spiral\u0117&#8221;"},"content":{"rendered":"<p>Perlai nuo senov\u0117s buvo laikomi grynumo, meil\u0117s ir \u0161velnumo simboliu. Jie taip pat da\u017enai asocijuojasi su moteri\u0161kumu ir vaisingumu. Perlai visame pasaulyje yra vertinami ne tik d\u0117l savo gro\u017eio, bet ir d\u0117l galimo teigiamo poveikio \u017emogaus emocinei bei fizinei b\u016bklei. Jie siejami su ramybe, vidine pusiausvyra ir stiprumu. Tradici\u0161kai perlai buvo laikomi simboliu, padedan\u010diu subalansuoti ir harmonizuoti energijas. Perlai gali pad\u0117ti gydyti emocinius sutrikimus, \u012fskaitant nerim\u0105 ir stres\u0105, taip pat pagerinti mieg\u0105.<\/p>\n<p>Spiral\u0117 yra senovinis simbolis, turintis daugyb\u0119 reik\u0161mi\u0173 \u012fvairiose kult\u016brose ir religijose. Jos formos ir dinamika \u2013 nuo centro besiple\u010diantis judesys \u2013 suteikia spiralei gil\u0173 simbolin\u012f turin\u012f, susijus\u012f su gamta, gyvenimu ir visatos strukt\u016bra. Spiral\u0117 simbolizuoja begalyb\u0119, am\u017ein\u0105 jud\u0117jim\u0105, vidin\u012f augim\u0105, dvasin\u0119 kelion\u0119 ir transformacij\u0105. Tai galinga ir universali simbolika, kuri\u0105 galima rasti tiek gamtoje, tiek \u017emoni\u0173 sukurtuose k\u016briniuose ir kult\u016briniuose \u0161altiniuose.<\/p>","protected":false},"excerpt":{"rendered":"<p>Dvipusis v\u0117rinys i\u0161 nat\u016brali\u0173 upini\u0173 perl\u0173 ir paauksuoto ner\u016bdijan\u010dio plieno detali\u0173. Dvi skirting\u0173 strukt\u016br\u0173 grandin\u0117l\u0117s suteikia papuo\u0161alui \u017eaismingo i\u0161skirtinumo, o spiral\u0117s formos pakabukas pasi\u017eymi reik\u0161minga simbolika.<\/p>\n<p>\u0160is papuo\u0161alas bus ne tik stilingas aksesuaras, bet ir teigiamai veikiantis talismanas. Visi Spind\u0117jos papuo\u0161alai yra energeti\u0161kai u\u017ekrauti teigiamomis intencijomis.<\/p>\n<p>Perl\u0173 skersmuo 6 mm, v\u0117rinio ilgis 45 cm.<br \/>\nPaauksuoto ner\u016bdijan\u010dio plieno detal\u0117s pasi\u017eymi patvarumu ir atsparumu oksidacijai.<\/p>\n<p>Turimas vietoje papuo\u0161alas i\u0161siun\u010diamas per 1-2 darbo dienas.<br \/>\nIndividualiems u\u017esakymams taikomas 5-9 darbo dien\u0173 pagaminimo terminas. Esant skubiam atvejui, susisiekite \u017einute.<\/p>\n<p>Pristatomas \u201eSpind\u0117ja\u201d dovan\u0173 d\u0117\u017eut\u0117je.<\/p>","protected":false},"featured_media":20664,"comment_status":"closed","ping_status":"closed","template":"","meta":{"_uag_custom_page_level_css":"","site-sidebar-layout":"default","site-content-layout":"","ast-site-content-layout":"default","site-content-style":"default","site-sidebar-style":"default","ast-global-header-display":"","ast-banner-title-visibility":"","ast-main-header-display":"","ast-hfb-above-header-display":"","ast-hfb-below-header-display":"","ast-hfb-mobile-header-display":"","site-post-title":"","ast-breadcrumbs-content":"","ast-featured-img":"","footer-sml-layout":"","ast-disable-related-posts":"","theme-transparent-header-meta":"default","adv-header-id-meta":"","stick-header-meta":"default","header-above-stick-meta":"","header-main-stick-meta":"","header-below-stick-meta":"","astra-migrate-meta-layouts":"set","ast-page-background-enabled":"default","ast-page-background-meta":{"desktop":{"background-color":"","background-image":"","background-repeat":"repeat","background-position":"center center","background-size":"auto","background-attachment":"scroll","background-type":"","background-media":"","overlay-type":"","overlay-color":"","overlay-opacity":"","overlay-gradient":""},"tablet":{"background-color":"","background-image":"","background-repeat":"repeat","background-position":"center center","background-size":"auto","background-attachment":"scroll","background-type":"","background-media":"","overlay-type":"","overlay-color":"","overlay-opacity":"","overlay-gradient":""},"mobile":{"background-color":"","background-image":"","background-repeat":"repeat","background-position":"center center","background-size":"auto","background-attachment":"scroll","background-type":"","background-media":"","overlay-type":"","overlay-color":"","overlay-opacity":"","overlay-gradient":""}},"ast-content-background-meta":{"desktop":{"background-color":"var(--ast-global-color-5)","background-image":"","background-repeat":"repeat","background-position":"center center","background-size":"auto","background-attachment":"scroll","background-type":"","background-media":"","overlay-type":"","overlay-color":"","overlay-opacity":"","overlay-gradient":""},"tablet":{"background-color":"var(--ast-global-color-5)","background-image":"","background-repeat":"repeat","background-position":"center center","background-size":"auto","background-attachment":"scroll","background-type":"","background-media":"","overlay-type":"","overlay-color":"","overlay-opacity":"","overlay-gradient":""},"mobile":{"background-color":"var(--ast-global-color-5)","background-image":"","background-repeat":"repeat","background-position":"center center","background-size":"auto","background-attachment":"scroll","background-type":"","background-media":"","overlay-type":"","overlay-color":"","overlay-opacity":"","overlay-gradient":""}}},"product_brand":[],"product_cat":[55,108],"product_tag":[],"class_list":{"0":"post-20663","1":"product","2":"type-product","3":"status-publish","4":"has-post-thumbnail","6":"product_cat-kaklo-papuosalai","7":"product_cat-veriniai","8":"desktop-align-left","9":"tablet-align-left","10":"mobile-align-left","11":"ast-product-gallery-layout-horizontal-slider","12":"ast-product-tabs-layout-horizontal","14":"first","15":"instock","16":"shipping-taxable","17":"purchasable","18":"product-type-simple"},"yoast_head":"<!-- This site is optimized with the Yoast SEO plugin v26.9 - https:\/\/yoast.com\/product\/yoast-seo-wordpress\/ -->\n<title>Perl\u0173 v\u0117rinys &quot;Spiral\u0117&quot; - Spind\u0117ja<\/title>\n<meta name=\"description\" content=\"Dvipusis v\u0117rinys i\u0161 nat\u016brali\u0173 upini\u0173 perl\u0173 ir ner\u016bdijan\u010dio grandin\u0117li\u0173, su spiral\u0117s formos pakabuku, pasi\u017eymin\u010diu reik\u0161minga simbolika.\" \/>\n<meta name=\"robots\" content=\"index, follow, max-snippet:-1, max-image-preview:large, max-video-preview:-1\" \/>\n<link rel=\"canonical\" href=\"https:\/\/spindeja.lt\/en\/product\/perlu-verinys-spirale\/\" \/>\n<meta property=\"og:locale\" content=\"en_GB\" \/>\n<meta property=\"og:type\" content=\"article\" \/>\n<meta property=\"og:title\" content=\"Perl\u0173 v\u0117rinys &quot;Spiral\u0117&quot; - Spind\u0117ja\" \/>\n<meta property=\"og:description\" content=\"Dvipusis v\u0117rinys i\u0161 nat\u016brali\u0173 upini\u0173 perl\u0173 ir ner\u016bdijan\u010dio grandin\u0117li\u0173, su spiral\u0117s formos pakabuku, pasi\u017eymin\u010diu reik\u0161minga simbolika.\" \/>\n<meta property=\"og:url\" content=\"https:\/\/spindeja.lt\/en\/product\/perlu-verinys-spirale\/\" \/>\n<meta property=\"og:site_name\" content=\"Spind\u0117ja\" \/>\n<meta property=\"article:publisher\" content=\"https:\/\/www.facebook.com\/profile.php?id=100063674195191\" \/>\n<meta property=\"article:modified_time\" content=\"2025-05-21T21:41:40+00:00\" \/>\n<meta property=\"og:image\" content=\"https:\/\/spindeja.lt\/wp-content\/uploads\/2024\/11\/Baltu-perlu-verinys.jpg\" \/>\n\t<meta property=\"og:image:width\" content=\"1500\" \/>\n\t<meta property=\"og:image:height\" content=\"2000\" \/>\n\t<meta property=\"og:image:type\" content=\"image\/jpeg\" \/>\n<meta name=\"twitter:card\" content=\"summary_large_image\" \/>\n<meta name=\"twitter:label1\" content=\"Estimated reading time\" \/>\n\t<meta name=\"twitter:data1\" content=\"1 minute\" \/>\n<script type=\"application\/ld+json\" class=\"yoast-schema-graph\">{\"@context\":\"https:\/\/schema.org\",\"@graph\":[{\"@type\":\"WebPage\",\"@id\":\"https:\/\/spindeja.lt\/produktas\/perlu-verinys-spirale\/\",\"url\":\"https:\/\/spindeja.lt\/produktas\/perlu-verinys-spirale\/\",\"name\":\"Perl\u0173 v\u0117rinys \\\"Spiral\u0117\\\" - Spind\u0117ja\",\"isPartOf\":{\"@id\":\"https:\/\/spindeja.lt\/#website\"},\"primaryImageOfPage\":{\"@id\":\"https:\/\/spindeja.lt\/produktas\/perlu-verinys-spirale\/#primaryimage\"},\"image\":{\"@id\":\"https:\/\/spindeja.lt\/produktas\/perlu-verinys-spirale\/#primaryimage\"},\"thumbnailUrl\":\"https:\/\/spindeja.lt\/wp-content\/uploads\/2024\/11\/Baltu-perlu-verinys.jpg\",\"datePublished\":\"2024-11-11T21:13:55+00:00\",\"dateModified\":\"2025-05-21T21:41:40+00:00\",\"description\":\"Dvipusis v\u0117rinys i\u0161 nat\u016brali\u0173 upini\u0173 perl\u0173 ir ner\u016bdijan\u010dio grandin\u0117li\u0173, su spiral\u0117s formos pakabuku, pasi\u017eymin\u010diu reik\u0161minga simbolika.\",\"breadcrumb\":{\"@id\":\"https:\/\/spindeja.lt\/produktas\/perlu-verinys-spirale\/#breadcrumb\"},\"inLanguage\":\"en-GB\",\"potentialAction\":[{\"@type\":\"ReadAction\",\"target\":[\"https:\/\/spindeja.lt\/produktas\/perlu-verinys-spirale\/\"]}]},{\"@type\":\"ImageObject\",\"inLanguage\":\"en-GB\",\"@id\":\"https:\/\/spindeja.lt\/produktas\/perlu-verinys-spirale\/#primaryimage\",\"url\":\"https:\/\/spindeja.lt\/wp-content\/uploads\/2024\/11\/Baltu-perlu-verinys.jpg\",\"contentUrl\":\"https:\/\/spindeja.lt\/wp-content\/uploads\/2024\/11\/Baltu-perlu-verinys.jpg\",\"width\":1500,\"height\":2000,\"caption\":\"Baltu-perlu-verinys\"},{\"@type\":\"BreadcrumbList\",\"@id\":\"https:\/\/spindeja.lt\/produktas\/perlu-verinys-spirale\/#breadcrumb\",\"itemListElement\":[{\"@type\":\"ListItem\",\"position\":1,\"name\":\"Prad\u017eia\",\"item\":\"https:\/\/spindeja.lt\/\"},{\"@type\":\"ListItem\",\"position\":2,\"name\":\"Parduotuv\u0117\",\"item\":\"https:\/\/spindeja.lt\/parduotuve\/\"},{\"@type\":\"ListItem\",\"position\":3,\"name\":\"Perl\u0173 v\u0117rinys &#8222;Spiral\u0117&#8221;\"}]},{\"@type\":\"WebSite\",\"@id\":\"https:\/\/spindeja.lt\/#website\",\"url\":\"https:\/\/spindeja.lt\/\",\"name\":\"Spind\u0117ja\",\"description\":\"Rank\u0173 darbo papuo\u0161alai Jums\",\"publisher\":{\"@id\":\"https:\/\/spindeja.lt\/#organization\"},\"potentialAction\":[{\"@type\":\"SearchAction\",\"target\":{\"@type\":\"EntryPoint\",\"urlTemplate\":\"https:\/\/spindeja.lt\/?s={search_term_string}\"},\"query-input\":{\"@type\":\"PropertyValueSpecification\",\"valueRequired\":true,\"valueName\":\"search_term_string\"}}],\"inLanguage\":\"en-GB\"},{\"@type\":\"Organization\",\"@id\":\"https:\/\/spindeja.lt\/#organization\",\"name\":\"Spind\u0117ja\",\"url\":\"https:\/\/spindeja.lt\/\",\"logo\":{\"@type\":\"ImageObject\",\"inLanguage\":\"en-GB\",\"@id\":\"https:\/\/spindeja.lt\/#\/schema\/logo\/image\/\",\"url\":\"https:\/\/spindeja.lt\/wp-content\/uploads\/2019\/12\/Layer-2.png\",\"contentUrl\":\"https:\/\/spindeja.lt\/wp-content\/uploads\/2019\/12\/Layer-2.png\",\"width\":915,\"height\":616,\"caption\":\"Spind\u0117ja\"},\"image\":{\"@id\":\"https:\/\/spindeja.lt\/#\/schema\/logo\/image\/\"},\"sameAs\":[\"https:\/\/www.facebook.com\/profile.php?id=100063674195191\",\"https:\/\/www.instagram.com\/spindeja\/\"]}]}<\/script>\n<!-- \/ Yoast SEO plugin. -->","yoast_head_json":{"title":"Perl\u0173 v\u0117rinys \"Spiral\u0117\" - Spind\u0117ja","description":"Dvipusis v\u0117rinys i\u0161 nat\u016brali\u0173 upini\u0173 perl\u0173 ir ner\u016bdijan\u010dio grandin\u0117li\u0173, su spiral\u0117s formos pakabuku, pasi\u017eymin\u010diu reik\u0161minga simbolika.","robots":{"index":"index","follow":"follow","max-snippet":"max-snippet:-1","max-image-preview":"max-image-preview:large","max-video-preview":"max-video-preview:-1"},"canonical":"https:\/\/spindeja.lt\/en\/product\/perlu-verinys-spirale\/","og_locale":"en_GB","og_type":"article","og_title":"Perl\u0173 v\u0117rinys \"Spiral\u0117\" - Spind\u0117ja","og_description":"Dvipusis v\u0117rinys i\u0161 nat\u016brali\u0173 upini\u0173 perl\u0173 ir ner\u016bdijan\u010dio grandin\u0117li\u0173, su spiral\u0117s formos pakabuku, pasi\u017eymin\u010diu reik\u0161minga simbolika.","og_url":"https:\/\/spindeja.lt\/en\/product\/perlu-verinys-spirale\/","og_site_name":"Spind\u0117ja","article_publisher":"https:\/\/www.facebook.com\/profile.php?id=100063674195191","article_modified_time":"2025-05-21T21:41:40+00:00","og_image":[{"width":1500,"height":2000,"url":"https:\/\/spindeja.lt\/wp-content\/uploads\/2024\/11\/Baltu-perlu-verinys.jpg","type":"image\/jpeg"}],"twitter_card":"summary_large_image","twitter_misc":{"Estimated reading time":"1 minute"},"schema":{"@context":"https:\/\/schema.org","@graph":[{"@type":"WebPage","@id":"https:\/\/spindeja.lt\/produktas\/perlu-verinys-spirale\/","url":"https:\/\/spindeja.lt\/produktas\/perlu-verinys-spirale\/","name":"Perl\u0173 v\u0117rinys \"Spiral\u0117\" - Spind\u0117ja","isPartOf":{"@id":"https:\/\/spindeja.lt\/#website"},"primaryImageOfPage":{"@id":"https:\/\/spindeja.lt\/produktas\/perlu-verinys-spirale\/#primaryimage"},"image":{"@id":"https:\/\/spindeja.lt\/produktas\/perlu-verinys-spirale\/#primaryimage"},"thumbnailUrl":"https:\/\/spindeja.lt\/wp-content\/uploads\/2024\/11\/Baltu-perlu-verinys.jpg","datePublished":"2024-11-11T21:13:55+00:00","dateModified":"2025-05-21T21:41:40+00:00","description":"Dvipusis v\u0117rinys i\u0161 nat\u016brali\u0173 upini\u0173 perl\u0173 ir ner\u016bdijan\u010dio grandin\u0117li\u0173, su spiral\u0117s formos pakabuku, pasi\u017eymin\u010diu reik\u0161minga simbolika.","breadcrumb":{"@id":"https:\/\/spindeja.lt\/produktas\/perlu-verinys-spirale\/#breadcrumb"},"inLanguage":"en-GB","potentialAction":[{"@type":"ReadAction","target":["https:\/\/spindeja.lt\/produktas\/perlu-verinys-spirale\/"]}]},{"@type":"ImageObject","inLanguage":"en-GB","@id":"https:\/\/spindeja.lt\/produktas\/perlu-verinys-spirale\/#primaryimage","url":"https:\/\/spindeja.lt\/wp-content\/uploads\/2024\/11\/Baltu-perlu-verinys.jpg","contentUrl":"https:\/\/spindeja.lt\/wp-content\/uploads\/2024\/11\/Baltu-perlu-verinys.jpg","width":1500,"height":2000,"caption":"Baltu-perlu-verinys"},{"@type":"BreadcrumbList","@id":"https:\/\/spindeja.lt\/produktas\/perlu-verinys-spirale\/#breadcrumb","itemListElement":[{"@type":"ListItem","position":1,"name":"Prad\u017eia","item":"https:\/\/spindeja.lt\/"},{"@type":"ListItem","position":2,"name":"Parduotuv\u0117","item":"https:\/\/spindeja.lt\/parduotuve\/"},{"@type":"ListItem","position":3,"name":"Perl\u0173 v\u0117rinys &#8222;Spiral\u0117&#8221;"}]},{"@type":"WebSite","@id":"https:\/\/spindeja.lt\/#website","url":"https:\/\/spindeja.lt\/","name":"Spind\u0117ja","description":"Rank\u0173 darbo papuo\u0161alai Jums","publisher":{"@id":"https:\/\/spindeja.lt\/#organization"},"potentialAction":[{"@type":"SearchAction","target":{"@type":"EntryPoint","urlTemplate":"https:\/\/spindeja.lt\/?s={search_term_string}"},"query-input":{"@type":"PropertyValueSpecification","valueRequired":true,"valueName":"search_term_string"}}],"inLanguage":"en-GB"},{"@type":"Organization","@id":"https:\/\/spindeja.lt\/#organization","name":"Spind\u0117ja","url":"https:\/\/spindeja.lt\/","logo":{"@type":"ImageObject","inLanguage":"en-GB","@id":"https:\/\/spindeja.lt\/#\/schema\/logo\/image\/","url":"https:\/\/spindeja.lt\/wp-content\/uploads\/2019\/12\/Layer-2.png","contentUrl":"https:\/\/spindeja.lt\/wp-content\/uploads\/2019\/12\/Layer-2.png","width":915,"height":616,"caption":"Spind\u0117ja"},"image":{"@id":"https:\/\/spindeja.lt\/#\/schema\/logo\/image\/"},"sameAs":["https:\/\/www.facebook.com\/profile.php?id=100063674195191","https:\/\/www.instagram.com\/spindeja\/"]}]}},"uagb_featured_image_src":{"full":["https:\/\/spindeja.lt\/wp-content\/uploads\/2024\/11\/Baltu-perlu-verinys.jpg",1500,2000,false],"thumbnail":["https:\/\/spindeja.lt\/wp-content\/uploads\/2024\/11\/Baltu-perlu-verinys-150x150.jpg",150,150,true],"medium":["https:\/\/spindeja.lt\/wp-content\/uploads\/2024\/11\/Baltu-perlu-verinys-225x300.jpg",225,300,true],"medium_large":["https:\/\/spindeja.lt\/wp-content\/uploads\/2024\/11\/Baltu-perlu-verinys-768x1024.jpg",768,1024,true],"large":["https:\/\/spindeja.lt\/wp-content\/uploads\/2024\/11\/Baltu-perlu-verinys-768x1024.jpg",768,1024,true],"1536x1536":["https:\/\/spindeja.lt\/wp-content\/uploads\/2024\/11\/Baltu-perlu-verinys-1152x1536.jpg",1152,1536,true],"2048x2048":["https:\/\/spindeja.lt\/wp-content\/uploads\/2024\/11\/Baltu-perlu-verinys.jpg",1500,2000,false],"trp-custom-language-flag":["https:\/\/spindeja.lt\/wp-content\/uploads\/2024\/11\/Baltu-perlu-verinys-9x12.jpg",9,12,true],"woocommerce_thumbnail":["https:\/\/spindeja.lt\/wp-content\/uploads\/2024\/11\/Baltu-perlu-verinys-540x540.jpg",540,540,true],"woocommerce_single":["https:\/\/spindeja.lt\/wp-content\/uploads\/2024\/11\/Baltu-perlu-verinys-540x720.jpg",540,720,true],"woocommerce_gallery_thumbnail":["https:\/\/spindeja.lt\/wp-content\/uploads\/2024\/11\/Baltu-perlu-verinys-100x100.jpg",100,100,true]},"uagb_author_info":{"display_name":"spindeja","author_link":"https:\/\/spindeja.lt\/en\/author\/"},"uagb_comment_info":0,"uagb_excerpt":"Dvipusis v\u0117rinys i\u0161 nat\u016brali\u0173 upini\u0173 perl\u0173 ir paauksuoto ner\u016bdijan\u010dio plieno detali\u0173. Dvi skirting\u0173 strukt\u016br\u0173 grandin\u0117l\u0117s suteikia papuo\u0161alui \u017eaismingo i\u0161skirtinumo, o spiral\u0117s formos pakabukas pasi\u017eymi reik\u0161minga simbolika. \u0160is papuo\u0161alas bus ne tik stilingas aksesuaras, bet ir teigiamai veikiantis talismanas. Visi Spind\u0117jos papuo\u0161alai yra energeti\u0161kai u\u017ekrauti teigiamomis intencijomis. Perl\u0173 skersmuo 6 mm, v\u0117rinio ilgis 45 cm. Paauksuoto&hellip;","_links":{"self":[{"href":"https:\/\/spindeja.lt\/en\/wp-json\/wp\/v2\/product\/20663","targetHints":{"allow":["GET"]}}],"collection":[{"href":"https:\/\/spindeja.lt\/en\/wp-json\/wp\/v2\/product"}],"about":[{"href":"https:\/\/spindeja.lt\/en\/wp-json\/wp\/v2\/types\/product"}],"replies":[{"embeddable":true,"href":"https:\/\/spindeja.lt\/en\/wp-json\/wp\/v2\/comments?post=20663"}],"wp:featuredmedia":[{"embeddable":true,"href":"https:\/\/spindeja.lt\/en\/wp-json\/wp\/v2\/media\/20664"}],"wp:attachment":[{"href":"https:\/\/spindeja.lt\/en\/wp-json\/wp\/v2\/media?parent=20663"}],"wp:term":[{"taxonomy":"product_brand","embeddable":true,"href":"https:\/\/spindeja.lt\/en\/wp-json\/wp\/v2\/product_brand?post=20663"},{"taxonomy":"product_cat","embeddable":true,"href":"https:\/\/spindeja.lt\/en\/wp-json\/wp\/v2\/product_cat?post=20663"},{"taxonomy":"product_tag","embeddable":true,"href":"https:\/\/spindeja.lt\/en\/wp-json\/wp\/v2\/product_tag?post=20663"}],"curies":[{"name":"wp","href":"https:\/\/api.w.org\/{rel}","templated":true}]}}