{"id":20655,"date":"2024-10-20T22:12:34","date_gmt":"2024-10-20T20:12:34","guid":{"rendered":"https:\/\/spindeja.lt\/?post_type=product&#038;p=20655"},"modified":"2026-04-29T16:20:29","modified_gmt":"2026-04-29T14:20:29","slug":"labradorito-verinys","status":"publish","type":"product","link":"https:\/\/spindeja.lt\/en\/product\/labradorito-verinys\/","title":{"rendered":"Labradorito v\u0117rinys"},"content":{"rendered":"<p>Labradoritas laikomas stipriu mineralu, pasi\u017eymi \u012fvairiomis energetin\u0117mis savyb\u0117mis. Da\u017enai vadinamas apsauginiu akmeniu, jis saugo nuo neigiam\u0173 energij\u0173, asmen\u0173 ir situacij\u0173. \u0160is akmuo yra glaud\u017eiai susij\u0119s su tre\u010diosios akies \u010dakra, tod\u0117l jis skatina intuicij\u0105 ir ai\u0161kiaregyst\u0119. Daugelis \u017emoni\u0173 naudoja labradorit\u0105 meditacijose, siekdami gilesnio sav\u0119s ir aplinkos suvokimo.<\/p>\n<p>Be to, labradoritas gali b\u016bti ypa\u010d naudingas k\u016brybingiems \u017emon\u0117ms, nes jis skatina naujas id\u0117jas ir inspiracij\u0105, padeda \u012fveikti k\u016brybines blokadas. Emociniu lygmeniu \u0161is mineralas padeda subalansuoti jausmus ir suteikia ramyb\u0119, ypa\u010d sunkiais laikotarpiais, leid\u017eiant paleisti senas nuoskaudas ir neigiamas emocijas.<\/p>\n<p>Dvasinio augimo po\u017ei\u016briu, labradoritas skatina vidin\u012f tobul\u0117jim\u0105 ir sav\u0119s pa\u017einim\u0105, pad\u0117damas atrasti tikr\u0105j\u012f \u201ea\u0161\u201c bei suvokti gyvenimo tiksl\u0105. Jis taip pat padeda subalansuoti energij\u0105 tiek viduje, tiek aplinkoje, tod\u0117l gali b\u016bti naudingas tiek meditacijoje, tiek kasdieniame gyvenime.<\/p>\n<p>Labradoritas ne tik \u017eavi savo gro\u017eiu, bet ir turi gili\u0105 simbolik\u0105 ir energij\u0105, kuri\u0105 gali i\u0161naudoti tie, kurie ie\u0161ko dvasin\u0117s ir emocin\u0117s pusiausvyros.<\/p>","protected":false},"excerpt":{"rendered":"<p>Rank\u0173 darbo kaklo v\u0117rinys, suvertas i\u0161 smulki\u0173 facetuot\u0173 labradorito akmen\u0117li\u0173, su ner\u016bdijan\u010dio plieno detal\u0117m.<\/p>\n<p>Akmen\u0117li\u0173 skersmuo 3 mm, v\u0117rinio ilgis 39 cm + 5 cm prailginimo grandin\u0117l\u0117.<\/p>\n<p>Turimas vietoje papuo\u0161alas i\u0161siun\u010diamas per 1-2 darbo dienas.<br \/>\nIndividualiems u\u017esakymams taikomas 5-9 darbo dien\u0173 pagaminimo terminas. Esant skubiam atvejui, susisiekite \u017einute.<\/p>\n<p>Pristatomas &#8222;Spind\u0117ja&#8221; dovan\u0173 d\u0117\u017eut\u0117je.<\/p>","protected":false},"featured_media":20656,"comment_status":"closed","ping_status":"closed","template":"","meta":{"_uag_custom_page_level_css":"","site-sidebar-layout":"default","site-content-layout":"","ast-site-content-layout":"default","site-content-style":"default","site-sidebar-style":"default","ast-global-header-display":"","ast-banner-title-visibility":"","ast-main-header-display":"","ast-hfb-above-header-display":"","ast-hfb-below-header-display":"","ast-hfb-mobile-header-display":"","site-post-title":"","ast-breadcrumbs-content":"","ast-featured-img":"","footer-sml-layout":"","ast-disable-related-posts":"","theme-transparent-header-meta":"default","adv-header-id-meta":"","stick-header-meta":"default","header-above-stick-meta":"","header-main-stick-meta":"","header-below-stick-meta":"","astra-migrate-meta-layouts":"set","ast-page-background-enabled":"default","ast-page-background-meta":{"desktop":{"background-color":"","background-image":"","background-repeat":"repeat","background-position":"center center","background-size":"auto","background-attachment":"scroll","background-type":"","background-media":"","overlay-type":"","overlay-color":"","overlay-opacity":"","overlay-gradient":""},"tablet":{"background-color":"","background-image":"","background-repeat":"repeat","background-position":"center center","background-size":"auto","background-attachment":"scroll","background-type":"","background-media":"","overlay-type":"","overlay-color":"","overlay-opacity":"","overlay-gradient":""},"mobile":{"background-color":"","background-image":"","background-repeat":"repeat","background-position":"center center","background-size":"auto","background-attachment":"scroll","background-type":"","background-media":"","overlay-type":"","overlay-color":"","overlay-opacity":"","overlay-gradient":""}},"ast-content-background-meta":{"desktop":{"background-color":"var(--ast-global-color-5)","background-image":"","background-repeat":"repeat","background-position":"center center","background-size":"auto","background-attachment":"scroll","background-type":"","background-media":"","overlay-type":"","overlay-color":"","overlay-opacity":"","overlay-gradient":""},"tablet":{"background-color":"var(--ast-global-color-5)","background-image":"","background-repeat":"repeat","background-position":"center center","background-size":"auto","background-attachment":"scroll","background-type":"","background-media":"","overlay-type":"","overlay-color":"","overlay-opacity":"","overlay-gradient":""},"mobile":{"background-color":"var(--ast-global-color-5)","background-image":"","background-repeat":"repeat","background-position":"center center","background-size":"auto","background-attachment":"scroll","background-type":"","background-media":"","overlay-type":"","overlay-color":"","overlay-opacity":"","overlay-gradient":""}}},"product_brand":[],"product_cat":[55,108],"product_tag":[],"class_list":{"0":"post-20655","1":"product","2":"type-product","3":"status-publish","4":"has-post-thumbnail","6":"product_cat-kaklo-papuosalai","7":"product_cat-veriniai","8":"desktop-align-left","9":"tablet-align-left","10":"mobile-align-left","11":"ast-product-gallery-layout-horizontal-slider","12":"ast-product-tabs-layout-horizontal","14":"first","15":"instock","16":"shipping-taxable","17":"purchasable","18":"product-type-simple"},"yoast_head":"<!-- This site is optimized with the Yoast SEO plugin v26.9 - https:\/\/yoast.com\/product\/yoast-seo-wordpress\/ -->\n<title>Labradorito v\u0117rinys - Spind\u0117ja<\/title>\n<meta name=\"description\" content=\"Labradorito v\u0117rinys - Spind\u0117ja Minimalistinis rank\u0173 darbo kaklo v\u0117rinys i\u0161 nat\u016brali\u0173 labradorito akmen\u0117li\u0173. Labradoritas pasi\u017eymi apsaugin\u0117mis ir energijos balansavimo savyb\u0117mis, padeda atskleisti intuicij\u0105 ir k\u016brybi\u0161kum\u0105.\" \/>\n<meta name=\"robots\" content=\"index, follow, max-snippet:-1, max-image-preview:large, max-video-preview:-1\" \/>\n<link rel=\"canonical\" href=\"https:\/\/spindeja.lt\/en\/product\/labradorito-verinys\/\" \/>\n<meta property=\"og:locale\" content=\"en_GB\" \/>\n<meta property=\"og:type\" content=\"article\" \/>\n<meta property=\"og:title\" content=\"Labradorito v\u0117rinys - Spind\u0117ja\" \/>\n<meta property=\"og:description\" content=\"Labradorito v\u0117rinys - Spind\u0117ja Minimalistinis rank\u0173 darbo kaklo v\u0117rinys i\u0161 nat\u016brali\u0173 labradorito akmen\u0117li\u0173. Labradoritas pasi\u017eymi apsaugin\u0117mis ir energijos balansavimo savyb\u0117mis, padeda atskleisti intuicij\u0105 ir k\u016brybi\u0161kum\u0105.\" \/>\n<meta property=\"og:url\" content=\"https:\/\/spindeja.lt\/en\/product\/labradorito-verinys\/\" \/>\n<meta property=\"og:site_name\" content=\"Spind\u0117ja\" \/>\n<meta property=\"article:publisher\" content=\"https:\/\/www.facebook.com\/profile.php?id=100063674195191\" \/>\n<meta property=\"article:modified_time\" content=\"2026-04-29T14:20:29+00:00\" \/>\n<meta property=\"og:image\" content=\"https:\/\/spindeja.lt\/wp-content\/uploads\/2024\/10\/Labradorito_verinys3.webp\" \/>\n\t<meta property=\"og:image:width\" content=\"600\" \/>\n\t<meta property=\"og:image:height\" content=\"800\" \/>\n\t<meta property=\"og:image:type\" content=\"image\/webp\" \/>\n<meta name=\"twitter:card\" content=\"summary_large_image\" \/>\n<meta name=\"twitter:label1\" content=\"Estimated reading time\" \/>\n\t<meta name=\"twitter:data1\" content=\"1 minute\" \/>\n<script type=\"application\/ld+json\" class=\"yoast-schema-graph\">{\"@context\":\"https:\/\/schema.org\",\"@graph\":[{\"@type\":\"WebPage\",\"@id\":\"https:\/\/spindeja.lt\/produktas\/labradorito-verinys\/\",\"url\":\"https:\/\/spindeja.lt\/produktas\/labradorito-verinys\/\",\"name\":\"Labradorito v\u0117rinys - Spind\u0117ja\",\"isPartOf\":{\"@id\":\"https:\/\/spindeja.lt\/#website\"},\"primaryImageOfPage\":{\"@id\":\"https:\/\/spindeja.lt\/produktas\/labradorito-verinys\/#primaryimage\"},\"image\":{\"@id\":\"https:\/\/spindeja.lt\/produktas\/labradorito-verinys\/#primaryimage\"},\"thumbnailUrl\":\"https:\/\/spindeja.lt\/wp-content\/uploads\/2024\/10\/Labradorito_verinys3.webp\",\"datePublished\":\"2024-10-20T20:12:34+00:00\",\"dateModified\":\"2026-04-29T14:20:29+00:00\",\"description\":\"Labradorito v\u0117rinys - Spind\u0117ja Minimalistinis rank\u0173 darbo kaklo v\u0117rinys i\u0161 nat\u016brali\u0173 labradorito akmen\u0117li\u0173. Labradoritas pasi\u017eymi apsaugin\u0117mis ir energijos balansavimo savyb\u0117mis, padeda atskleisti intuicij\u0105 ir k\u016brybi\u0161kum\u0105.\",\"breadcrumb\":{\"@id\":\"https:\/\/spindeja.lt\/produktas\/labradorito-verinys\/#breadcrumb\"},\"inLanguage\":\"en-GB\",\"potentialAction\":[{\"@type\":\"ReadAction\",\"target\":[\"https:\/\/spindeja.lt\/produktas\/labradorito-verinys\/\"]}]},{\"@type\":\"ImageObject\",\"inLanguage\":\"en-GB\",\"@id\":\"https:\/\/spindeja.lt\/produktas\/labradorito-verinys\/#primaryimage\",\"url\":\"https:\/\/spindeja.lt\/wp-content\/uploads\/2024\/10\/Labradorito_verinys3.webp\",\"contentUrl\":\"https:\/\/spindeja.lt\/wp-content\/uploads\/2024\/10\/Labradorito_verinys3.webp\",\"width\":600,\"height\":800,\"caption\":\"Labradorito_v\u0117rinys\"},{\"@type\":\"BreadcrumbList\",\"@id\":\"https:\/\/spindeja.lt\/produktas\/labradorito-verinys\/#breadcrumb\",\"itemListElement\":[{\"@type\":\"ListItem\",\"position\":1,\"name\":\"Prad\u017eia\",\"item\":\"https:\/\/spindeja.lt\/\"},{\"@type\":\"ListItem\",\"position\":2,\"name\":\"Parduotuv\u0117\",\"item\":\"https:\/\/spindeja.lt\/parduotuve\/\"},{\"@type\":\"ListItem\",\"position\":3,\"name\":\"Labradorito v\u0117rinys\"}]},{\"@type\":\"WebSite\",\"@id\":\"https:\/\/spindeja.lt\/#website\",\"url\":\"https:\/\/spindeja.lt\/\",\"name\":\"Spind\u0117ja\",\"description\":\"Rank\u0173 darbo papuo\u0161alai Jums\",\"publisher\":{\"@id\":\"https:\/\/spindeja.lt\/#organization\"},\"potentialAction\":[{\"@type\":\"SearchAction\",\"target\":{\"@type\":\"EntryPoint\",\"urlTemplate\":\"https:\/\/spindeja.lt\/?s={search_term_string}\"},\"query-input\":{\"@type\":\"PropertyValueSpecification\",\"valueRequired\":true,\"valueName\":\"search_term_string\"}}],\"inLanguage\":\"en-GB\"},{\"@type\":\"Organization\",\"@id\":\"https:\/\/spindeja.lt\/#organization\",\"name\":\"Spind\u0117ja\",\"url\":\"https:\/\/spindeja.lt\/\",\"logo\":{\"@type\":\"ImageObject\",\"inLanguage\":\"en-GB\",\"@id\":\"https:\/\/spindeja.lt\/#\/schema\/logo\/image\/\",\"url\":\"https:\/\/spindeja.lt\/wp-content\/uploads\/2019\/12\/Layer-2.png\",\"contentUrl\":\"https:\/\/spindeja.lt\/wp-content\/uploads\/2019\/12\/Layer-2.png\",\"width\":915,\"height\":616,\"caption\":\"Spind\u0117ja\"},\"image\":{\"@id\":\"https:\/\/spindeja.lt\/#\/schema\/logo\/image\/\"},\"sameAs\":[\"https:\/\/www.facebook.com\/profile.php?id=100063674195191\",\"https:\/\/www.instagram.com\/spindeja\/\"]}]}<\/script>\n<!-- \/ Yoast SEO plugin. -->","yoast_head_json":{"title":"Labradorito v\u0117rinys - Spind\u0117ja","description":"Labradorito v\u0117rinys - Spind\u0117ja Minimalistinis rank\u0173 darbo kaklo v\u0117rinys i\u0161 nat\u016brali\u0173 labradorito akmen\u0117li\u0173. Labradoritas pasi\u017eymi apsaugin\u0117mis ir energijos balansavimo savyb\u0117mis, padeda atskleisti intuicij\u0105 ir k\u016brybi\u0161kum\u0105.","robots":{"index":"index","follow":"follow","max-snippet":"max-snippet:-1","max-image-preview":"max-image-preview:large","max-video-preview":"max-video-preview:-1"},"canonical":"https:\/\/spindeja.lt\/en\/product\/labradorito-verinys\/","og_locale":"en_GB","og_type":"article","og_title":"Labradorito v\u0117rinys - Spind\u0117ja","og_description":"Labradorito v\u0117rinys - Spind\u0117ja Minimalistinis rank\u0173 darbo kaklo v\u0117rinys i\u0161 nat\u016brali\u0173 labradorito akmen\u0117li\u0173. Labradoritas pasi\u017eymi apsaugin\u0117mis ir energijos balansavimo savyb\u0117mis, padeda atskleisti intuicij\u0105 ir k\u016brybi\u0161kum\u0105.","og_url":"https:\/\/spindeja.lt\/en\/product\/labradorito-verinys\/","og_site_name":"Spind\u0117ja","article_publisher":"https:\/\/www.facebook.com\/profile.php?id=100063674195191","article_modified_time":"2026-04-29T14:20:29+00:00","og_image":[{"width":600,"height":800,"url":"https:\/\/spindeja.lt\/wp-content\/uploads\/2024\/10\/Labradorito_verinys3.webp","type":"image\/webp"}],"twitter_card":"summary_large_image","twitter_misc":{"Estimated reading time":"1 minute"},"schema":{"@context":"https:\/\/schema.org","@graph":[{"@type":"WebPage","@id":"https:\/\/spindeja.lt\/produktas\/labradorito-verinys\/","url":"https:\/\/spindeja.lt\/produktas\/labradorito-verinys\/","name":"Labradorito v\u0117rinys - Spind\u0117ja","isPartOf":{"@id":"https:\/\/spindeja.lt\/#website"},"primaryImageOfPage":{"@id":"https:\/\/spindeja.lt\/produktas\/labradorito-verinys\/#primaryimage"},"image":{"@id":"https:\/\/spindeja.lt\/produktas\/labradorito-verinys\/#primaryimage"},"thumbnailUrl":"https:\/\/spindeja.lt\/wp-content\/uploads\/2024\/10\/Labradorito_verinys3.webp","datePublished":"2024-10-20T20:12:34+00:00","dateModified":"2026-04-29T14:20:29+00:00","description":"Labradorito v\u0117rinys - Spind\u0117ja Minimalistinis rank\u0173 darbo kaklo v\u0117rinys i\u0161 nat\u016brali\u0173 labradorito akmen\u0117li\u0173. Labradoritas pasi\u017eymi apsaugin\u0117mis ir energijos balansavimo savyb\u0117mis, padeda atskleisti intuicij\u0105 ir k\u016brybi\u0161kum\u0105.","breadcrumb":{"@id":"https:\/\/spindeja.lt\/produktas\/labradorito-verinys\/#breadcrumb"},"inLanguage":"en-GB","potentialAction":[{"@type":"ReadAction","target":["https:\/\/spindeja.lt\/produktas\/labradorito-verinys\/"]}]},{"@type":"ImageObject","inLanguage":"en-GB","@id":"https:\/\/spindeja.lt\/produktas\/labradorito-verinys\/#primaryimage","url":"https:\/\/spindeja.lt\/wp-content\/uploads\/2024\/10\/Labradorito_verinys3.webp","contentUrl":"https:\/\/spindeja.lt\/wp-content\/uploads\/2024\/10\/Labradorito_verinys3.webp","width":600,"height":800,"caption":"Labradorito_v\u0117rinys"},{"@type":"BreadcrumbList","@id":"https:\/\/spindeja.lt\/produktas\/labradorito-verinys\/#breadcrumb","itemListElement":[{"@type":"ListItem","position":1,"name":"Prad\u017eia","item":"https:\/\/spindeja.lt\/"},{"@type":"ListItem","position":2,"name":"Parduotuv\u0117","item":"https:\/\/spindeja.lt\/parduotuve\/"},{"@type":"ListItem","position":3,"name":"Labradorito v\u0117rinys"}]},{"@type":"WebSite","@id":"https:\/\/spindeja.lt\/#website","url":"https:\/\/spindeja.lt\/","name":"Spind\u0117ja","description":"Rank\u0173 darbo papuo\u0161alai Jums","publisher":{"@id":"https:\/\/spindeja.lt\/#organization"},"potentialAction":[{"@type":"SearchAction","target":{"@type":"EntryPoint","urlTemplate":"https:\/\/spindeja.lt\/?s={search_term_string}"},"query-input":{"@type":"PropertyValueSpecification","valueRequired":true,"valueName":"search_term_string"}}],"inLanguage":"en-GB"},{"@type":"Organization","@id":"https:\/\/spindeja.lt\/#organization","name":"Spind\u0117ja","url":"https:\/\/spindeja.lt\/","logo":{"@type":"ImageObject","inLanguage":"en-GB","@id":"https:\/\/spindeja.lt\/#\/schema\/logo\/image\/","url":"https:\/\/spindeja.lt\/wp-content\/uploads\/2019\/12\/Layer-2.png","contentUrl":"https:\/\/spindeja.lt\/wp-content\/uploads\/2019\/12\/Layer-2.png","width":915,"height":616,"caption":"Spind\u0117ja"},"image":{"@id":"https:\/\/spindeja.lt\/#\/schema\/logo\/image\/"},"sameAs":["https:\/\/www.facebook.com\/profile.php?id=100063674195191","https:\/\/www.instagram.com\/spindeja\/"]}]}},"uagb_featured_image_src":{"full":["https:\/\/spindeja.lt\/wp-content\/uploads\/2024\/10\/Labradorito_verinys3.webp",600,800,false],"thumbnail":["https:\/\/spindeja.lt\/wp-content\/uploads\/2024\/10\/Labradorito_verinys3-150x150.webp",150,150,true],"medium":["https:\/\/spindeja.lt\/wp-content\/uploads\/2024\/10\/Labradorito_verinys3-225x300.webp",225,300,true],"medium_large":["https:\/\/spindeja.lt\/wp-content\/uploads\/2024\/10\/Labradorito_verinys3.webp",600,800,false],"large":["https:\/\/spindeja.lt\/wp-content\/uploads\/2024\/10\/Labradorito_verinys3.webp",600,800,false],"1536x1536":["https:\/\/spindeja.lt\/wp-content\/uploads\/2024\/10\/Labradorito_verinys3.webp",600,800,false],"2048x2048":["https:\/\/spindeja.lt\/wp-content\/uploads\/2024\/10\/Labradorito_verinys3.webp",600,800,false],"trp-custom-language-flag":["https:\/\/spindeja.lt\/wp-content\/uploads\/2024\/10\/Labradorito_verinys3-9x12.webp",9,12,true],"woocommerce_thumbnail":["https:\/\/spindeja.lt\/wp-content\/uploads\/2024\/10\/Labradorito_verinys3-540x540.webp",540,540,true],"woocommerce_single":["https:\/\/spindeja.lt\/wp-content\/uploads\/2024\/10\/Labradorito_verinys3-540x720.webp",540,720,true],"woocommerce_gallery_thumbnail":["https:\/\/spindeja.lt\/wp-content\/uploads\/2024\/10\/Labradorito_verinys3-100x100.webp",100,100,true]},"uagb_author_info":{"display_name":"spindeja","author_link":"https:\/\/spindeja.lt\/en\/author\/"},"uagb_comment_info":0,"uagb_excerpt":"Rank\u0173 darbo kaklo v\u0117rinys, suvertas i\u0161 smulki\u0173 facetuot\u0173 labradorito akmen\u0117li\u0173, su ner\u016bdijan\u010dio plieno detal\u0117m. Akmen\u0117li\u0173 skersmuo 3 mm, v\u0117rinio ilgis 39 cm + 5 cm prailginimo grandin\u0117l\u0117. Turimas vietoje papuo\u0161alas i\u0161siun\u010diamas per 1-2 darbo dienas. Individualiems u\u017esakymams taikomas 5-9 darbo dien\u0173 pagaminimo terminas. Esant skubiam atvejui, susisiekite \u017einute. Pristatomas \"Spind\u0117ja\" dovan\u0173 d\u0117\u017eut\u0117je.","_links":{"self":[{"href":"https:\/\/spindeja.lt\/en\/wp-json\/wp\/v2\/product\/20655","targetHints":{"allow":["GET"]}}],"collection":[{"href":"https:\/\/spindeja.lt\/en\/wp-json\/wp\/v2\/product"}],"about":[{"href":"https:\/\/spindeja.lt\/en\/wp-json\/wp\/v2\/types\/product"}],"replies":[{"embeddable":true,"href":"https:\/\/spindeja.lt\/en\/wp-json\/wp\/v2\/comments?post=20655"}],"wp:featuredmedia":[{"embeddable":true,"href":"https:\/\/spindeja.lt\/en\/wp-json\/wp\/v2\/media\/20656"}],"wp:attachment":[{"href":"https:\/\/spindeja.lt\/en\/wp-json\/wp\/v2\/media?parent=20655"}],"wp:term":[{"taxonomy":"product_brand","embeddable":true,"href":"https:\/\/spindeja.lt\/en\/wp-json\/wp\/v2\/product_brand?post=20655"},{"taxonomy":"product_cat","embeddable":true,"href":"https:\/\/spindeja.lt\/en\/wp-json\/wp\/v2\/product_cat?post=20655"},{"taxonomy":"product_tag","embeddable":true,"href":"https:\/\/spindeja.lt\/en\/wp-json\/wp\/v2\/product_tag?post=20655"}],"curies":[{"name":"wp","href":"https:\/\/api.w.org\/{rel}","templated":true}]}}