{"id":20649,"date":"2024-10-20T19:45:56","date_gmt":"2024-10-20T17:45:56","guid":{"rendered":"https:\/\/spindeja.lt\/?post_type=product&#038;p=20649"},"modified":"2025-08-11T18:30:26","modified_gmt":"2025-08-11T16:30:26","slug":"turmalinu-verinys","status":"publish","type":"product","link":"https:\/\/spindeja.lt\/en\/product\/turmalinu-verinys\/","title":{"rendered":"Turmalin\u0173 v\u0117rinys"},"content":{"rendered":"<p>Rank\u0173 darbo kaklo v\u0117rinys, suvertas i\u0161 smulki\u0173 facetuot\u0173 turmalino akmen\u0117li\u0173, su paauksuoto \u017ealvario ir ner\u016bdijan\u010dio plieno detal\u0117m.<\/p>\n<p>Akmen\u0117li\u0173 skersmuo 4 mm, v\u0117rinio ilgis 38 cm + 5 cm prailginimo grandin\u0117l\u0117. Jeigu reikalingas individualus ilgis, pra\u0161ome susisiekti nurodytais kontaktais.<\/p>\n<p>Turimas vietoje papuo\u0161alas i\u0161siun\u010diamas per 1-2 darbo dienas.<br \/>\nIndividualiems u\u017esakymams taikomas 5-9 darbo dien\u0173 pagaminimo terminas. Esant skubiam atvejui, susisiekite \u017einute.<\/p>\n<p>Pristatomas &#8222;Spind\u0117ja&#8221; dovan\u0173 d\u0117\u017eut\u0117je.<\/p>","protected":false},"excerpt":{"rendered":"<p>Turmalinas yra viena i\u0161 labiausiai vertinam\u0173 brangakmeni\u0173 grupi\u0173, pasi\u017eyminti pla\u010dia spalv\u0173 \u012fvairove. Jis gali b\u016bti juodas, \u017ealias, raudonas, ro\u017einis, m\u0117lynas, geltonas ar net bespalvis. \u0160is mineralas da\u017enai turi unikal\u0173 spalv\u0173 per\u0117jim\u0105 ir gali tur\u0117ti kelis atspalvius viename akmenyje.<\/p>\n<p>Turmalinas laikomas akmeniu, turin\u010diu stipri\u0105 energetin\u0119 gali\u0105. Jis da\u017enai naudojamas kaip apsauginis akmuo, teigiama, kad jis padeda apsisaugoti nuo neigiam\u0173 energij\u0173 ir stiprina intuicij\u0105. Be to, turmalinas teigiamai veikia emocin\u0119 b\u016bsen\u0105, padeda kovoti su stresu ir skatina k\u016brybi\u0161kum\u0105.<\/p>\n<p>Turmalinas taip pat turi ilg\u0105 istorij\u0105 naudojant j\u012f juvelyrikoje ir amuletuose ir jis yra vertinamas ne tik d\u0117l savo gro\u017eio, bet ir d\u0117l savo gydomosios galios.<\/p>","protected":false},"featured_media":20651,"comment_status":"closed","ping_status":"closed","template":"","meta":{"_uag_custom_page_level_css":"","site-sidebar-layout":"default","site-content-layout":"","ast-site-content-layout":"default","site-content-style":"default","site-sidebar-style":"default","ast-global-header-display":"","ast-banner-title-visibility":"","ast-main-header-display":"","ast-hfb-above-header-display":"","ast-hfb-below-header-display":"","ast-hfb-mobile-header-display":"","site-post-title":"","ast-breadcrumbs-content":"","ast-featured-img":"","footer-sml-layout":"","ast-disable-related-posts":"","theme-transparent-header-meta":"default","adv-header-id-meta":"","stick-header-meta":"default","header-above-stick-meta":"","header-main-stick-meta":"","header-below-stick-meta":"","astra-migrate-meta-layouts":"set","ast-page-background-enabled":"default","ast-page-background-meta":{"desktop":{"background-color":"","background-image":"","background-repeat":"repeat","background-position":"center center","background-size":"auto","background-attachment":"scroll","background-type":"","background-media":"","overlay-type":"","overlay-color":"","overlay-opacity":"","overlay-gradient":""},"tablet":{"background-color":"","background-image":"","background-repeat":"repeat","background-position":"center center","background-size":"auto","background-attachment":"scroll","background-type":"","background-media":"","overlay-type":"","overlay-color":"","overlay-opacity":"","overlay-gradient":""},"mobile":{"background-color":"","background-image":"","background-repeat":"repeat","background-position":"center center","background-size":"auto","background-attachment":"scroll","background-type":"","background-media":"","overlay-type":"","overlay-color":"","overlay-opacity":"","overlay-gradient":""}},"ast-content-background-meta":{"desktop":{"background-color":"var(--ast-global-color-5)","background-image":"","background-repeat":"repeat","background-position":"center center","background-size":"auto","background-attachment":"scroll","background-type":"","background-media":"","overlay-type":"","overlay-color":"","overlay-opacity":"","overlay-gradient":""},"tablet":{"background-color":"var(--ast-global-color-5)","background-image":"","background-repeat":"repeat","background-position":"center center","background-size":"auto","background-attachment":"scroll","background-type":"","background-media":"","overlay-type":"","overlay-color":"","overlay-opacity":"","overlay-gradient":""},"mobile":{"background-color":"var(--ast-global-color-5)","background-image":"","background-repeat":"repeat","background-position":"center center","background-size":"auto","background-attachment":"scroll","background-type":"","background-media":"","overlay-type":"","overlay-color":"","overlay-opacity":"","overlay-gradient":""}}},"product_brand":[],"product_cat":[55,108],"product_tag":[],"class_list":{"0":"post-20649","1":"product","2":"type-product","3":"status-publish","4":"has-post-thumbnail","6":"product_cat-kaklo-papuosalai","7":"product_cat-veriniai","8":"desktop-align-left","9":"tablet-align-left","10":"mobile-align-left","11":"ast-product-gallery-layout-horizontal-slider","12":"ast-product-tabs-layout-horizontal","14":"first","15":"outofstock","16":"shipping-taxable","17":"purchasable","18":"product-type-simple"},"yoast_head":"<!-- This site is optimized with the Yoast SEO plugin v26.9 - https:\/\/yoast.com\/product\/yoast-seo-wordpress\/ -->\n<title>Turmalin\u0173 v\u0117rinys - Spind\u0117ja<\/title>\n<meta name=\"description\" content=\"Turmalin\u0173 v\u0117rinys - Spind\u0117ja - Rank\u0173 darbo kaklo v\u0117rinys. Turmalinas laikomas akmeniu, turin\u010diu stipri\u0105 energetin\u0119 ir gydom\u0105j\u0105 gali\u0105.\" \/>\n<meta name=\"robots\" content=\"index, follow, max-snippet:-1, max-image-preview:large, max-video-preview:-1\" \/>\n<link rel=\"canonical\" href=\"https:\/\/spindeja.lt\/en\/product\/turmalinu-verinys\/\" \/>\n<meta property=\"og:locale\" content=\"en_GB\" \/>\n<meta property=\"og:type\" content=\"article\" \/>\n<meta property=\"og:title\" content=\"Turmalin\u0173 v\u0117rinys - Spind\u0117ja\" \/>\n<meta property=\"og:description\" content=\"Turmalin\u0173 v\u0117rinys - Spind\u0117ja - Rank\u0173 darbo kaklo v\u0117rinys. Turmalinas laikomas akmeniu, turin\u010diu stipri\u0105 energetin\u0119 ir gydom\u0105j\u0105 gali\u0105.\" \/>\n<meta property=\"og:url\" content=\"https:\/\/spindeja.lt\/en\/product\/turmalinu-verinys\/\" \/>\n<meta property=\"og:site_name\" content=\"Spind\u0117ja\" \/>\n<meta property=\"article:publisher\" content=\"https:\/\/www.facebook.com\/profile.php?id=100063674195191\" \/>\n<meta property=\"article:modified_time\" content=\"2025-08-11T16:30:26+00:00\" \/>\n<meta property=\"og:image\" content=\"https:\/\/spindeja.lt\/wp-content\/uploads\/2024\/10\/Turmalinu_verinys1.webp\" \/>\n\t<meta property=\"og:image:width\" content=\"600\" \/>\n\t<meta property=\"og:image:height\" content=\"800\" \/>\n\t<meta property=\"og:image:type\" content=\"image\/webp\" \/>\n<meta name=\"twitter:card\" content=\"summary_large_image\" \/>\n<meta name=\"twitter:label1\" content=\"Estimated reading time\" \/>\n\t<meta name=\"twitter:data1\" content=\"1 minute\" \/>\n<script type=\"application\/ld+json\" class=\"yoast-schema-graph\">{\"@context\":\"https:\/\/schema.org\",\"@graph\":[{\"@type\":\"WebPage\",\"@id\":\"https:\/\/spindeja.lt\/produktas\/turmalinu-verinys\/\",\"url\":\"https:\/\/spindeja.lt\/produktas\/turmalinu-verinys\/\",\"name\":\"Turmalin\u0173 v\u0117rinys - Spind\u0117ja\",\"isPartOf\":{\"@id\":\"https:\/\/spindeja.lt\/#website\"},\"primaryImageOfPage\":{\"@id\":\"https:\/\/spindeja.lt\/produktas\/turmalinu-verinys\/#primaryimage\"},\"image\":{\"@id\":\"https:\/\/spindeja.lt\/produktas\/turmalinu-verinys\/#primaryimage\"},\"thumbnailUrl\":\"https:\/\/spindeja.lt\/wp-content\/uploads\/2024\/10\/Turmalinu_verinys1.webp\",\"datePublished\":\"2024-10-20T17:45:56+00:00\",\"dateModified\":\"2025-08-11T16:30:26+00:00\",\"description\":\"Turmalin\u0173 v\u0117rinys - Spind\u0117ja - Rank\u0173 darbo kaklo v\u0117rinys. Turmalinas laikomas akmeniu, turin\u010diu stipri\u0105 energetin\u0119 ir gydom\u0105j\u0105 gali\u0105.\",\"breadcrumb\":{\"@id\":\"https:\/\/spindeja.lt\/produktas\/turmalinu-verinys\/#breadcrumb\"},\"inLanguage\":\"en-GB\",\"potentialAction\":[{\"@type\":\"ReadAction\",\"target\":[\"https:\/\/spindeja.lt\/produktas\/turmalinu-verinys\/\"]}]},{\"@type\":\"ImageObject\",\"inLanguage\":\"en-GB\",\"@id\":\"https:\/\/spindeja.lt\/produktas\/turmalinu-verinys\/#primaryimage\",\"url\":\"https:\/\/spindeja.lt\/wp-content\/uploads\/2024\/10\/Turmalinu_verinys1.webp\",\"contentUrl\":\"https:\/\/spindeja.lt\/wp-content\/uploads\/2024\/10\/Turmalinu_verinys1.webp\",\"width\":600,\"height\":800},{\"@type\":\"BreadcrumbList\",\"@id\":\"https:\/\/spindeja.lt\/produktas\/turmalinu-verinys\/#breadcrumb\",\"itemListElement\":[{\"@type\":\"ListItem\",\"position\":1,\"name\":\"Prad\u017eia\",\"item\":\"https:\/\/spindeja.lt\/\"},{\"@type\":\"ListItem\",\"position\":2,\"name\":\"Parduotuv\u0117\",\"item\":\"https:\/\/spindeja.lt\/parduotuve\/\"},{\"@type\":\"ListItem\",\"position\":3,\"name\":\"Turmalin\u0173 v\u0117rinys\"}]},{\"@type\":\"WebSite\",\"@id\":\"https:\/\/spindeja.lt\/#website\",\"url\":\"https:\/\/spindeja.lt\/\",\"name\":\"Spind\u0117ja\",\"description\":\"Rank\u0173 darbo papuo\u0161alai Jums\",\"publisher\":{\"@id\":\"https:\/\/spindeja.lt\/#organization\"},\"potentialAction\":[{\"@type\":\"SearchAction\",\"target\":{\"@type\":\"EntryPoint\",\"urlTemplate\":\"https:\/\/spindeja.lt\/?s={search_term_string}\"},\"query-input\":{\"@type\":\"PropertyValueSpecification\",\"valueRequired\":true,\"valueName\":\"search_term_string\"}}],\"inLanguage\":\"en-GB\"},{\"@type\":\"Organization\",\"@id\":\"https:\/\/spindeja.lt\/#organization\",\"name\":\"Spind\u0117ja\",\"url\":\"https:\/\/spindeja.lt\/\",\"logo\":{\"@type\":\"ImageObject\",\"inLanguage\":\"en-GB\",\"@id\":\"https:\/\/spindeja.lt\/#\/schema\/logo\/image\/\",\"url\":\"https:\/\/spindeja.lt\/wp-content\/uploads\/2019\/12\/Layer-2.png\",\"contentUrl\":\"https:\/\/spindeja.lt\/wp-content\/uploads\/2019\/12\/Layer-2.png\",\"width\":915,\"height\":616,\"caption\":\"Spind\u0117ja\"},\"image\":{\"@id\":\"https:\/\/spindeja.lt\/#\/schema\/logo\/image\/\"},\"sameAs\":[\"https:\/\/www.facebook.com\/profile.php?id=100063674195191\",\"https:\/\/www.instagram.com\/spindeja\/\"]}]}<\/script>\n<!-- \/ Yoast SEO plugin. -->","yoast_head_json":{"title":"Turmalin\u0173 v\u0117rinys - Spind\u0117ja","description":"Turmalin\u0173 v\u0117rinys - Spind\u0117ja - Rank\u0173 darbo kaklo v\u0117rinys. Turmalinas laikomas akmeniu, turin\u010diu stipri\u0105 energetin\u0119 ir gydom\u0105j\u0105 gali\u0105.","robots":{"index":"index","follow":"follow","max-snippet":"max-snippet:-1","max-image-preview":"max-image-preview:large","max-video-preview":"max-video-preview:-1"},"canonical":"https:\/\/spindeja.lt\/en\/product\/turmalinu-verinys\/","og_locale":"en_GB","og_type":"article","og_title":"Turmalin\u0173 v\u0117rinys - Spind\u0117ja","og_description":"Turmalin\u0173 v\u0117rinys - Spind\u0117ja - Rank\u0173 darbo kaklo v\u0117rinys. Turmalinas laikomas akmeniu, turin\u010diu stipri\u0105 energetin\u0119 ir gydom\u0105j\u0105 gali\u0105.","og_url":"https:\/\/spindeja.lt\/en\/product\/turmalinu-verinys\/","og_site_name":"Spind\u0117ja","article_publisher":"https:\/\/www.facebook.com\/profile.php?id=100063674195191","article_modified_time":"2025-08-11T16:30:26+00:00","og_image":[{"width":600,"height":800,"url":"https:\/\/spindeja.lt\/wp-content\/uploads\/2024\/10\/Turmalinu_verinys1.webp","type":"image\/webp"}],"twitter_card":"summary_large_image","twitter_misc":{"Estimated reading time":"1 minute"},"schema":{"@context":"https:\/\/schema.org","@graph":[{"@type":"WebPage","@id":"https:\/\/spindeja.lt\/produktas\/turmalinu-verinys\/","url":"https:\/\/spindeja.lt\/produktas\/turmalinu-verinys\/","name":"Turmalin\u0173 v\u0117rinys - Spind\u0117ja","isPartOf":{"@id":"https:\/\/spindeja.lt\/#website"},"primaryImageOfPage":{"@id":"https:\/\/spindeja.lt\/produktas\/turmalinu-verinys\/#primaryimage"},"image":{"@id":"https:\/\/spindeja.lt\/produktas\/turmalinu-verinys\/#primaryimage"},"thumbnailUrl":"https:\/\/spindeja.lt\/wp-content\/uploads\/2024\/10\/Turmalinu_verinys1.webp","datePublished":"2024-10-20T17:45:56+00:00","dateModified":"2025-08-11T16:30:26+00:00","description":"Turmalin\u0173 v\u0117rinys - Spind\u0117ja - Rank\u0173 darbo kaklo v\u0117rinys. Turmalinas laikomas akmeniu, turin\u010diu stipri\u0105 energetin\u0119 ir gydom\u0105j\u0105 gali\u0105.","breadcrumb":{"@id":"https:\/\/spindeja.lt\/produktas\/turmalinu-verinys\/#breadcrumb"},"inLanguage":"en-GB","potentialAction":[{"@type":"ReadAction","target":["https:\/\/spindeja.lt\/produktas\/turmalinu-verinys\/"]}]},{"@type":"ImageObject","inLanguage":"en-GB","@id":"https:\/\/spindeja.lt\/produktas\/turmalinu-verinys\/#primaryimage","url":"https:\/\/spindeja.lt\/wp-content\/uploads\/2024\/10\/Turmalinu_verinys1.webp","contentUrl":"https:\/\/spindeja.lt\/wp-content\/uploads\/2024\/10\/Turmalinu_verinys1.webp","width":600,"height":800},{"@type":"BreadcrumbList","@id":"https:\/\/spindeja.lt\/produktas\/turmalinu-verinys\/#breadcrumb","itemListElement":[{"@type":"ListItem","position":1,"name":"Prad\u017eia","item":"https:\/\/spindeja.lt\/"},{"@type":"ListItem","position":2,"name":"Parduotuv\u0117","item":"https:\/\/spindeja.lt\/parduotuve\/"},{"@type":"ListItem","position":3,"name":"Turmalin\u0173 v\u0117rinys"}]},{"@type":"WebSite","@id":"https:\/\/spindeja.lt\/#website","url":"https:\/\/spindeja.lt\/","name":"Spind\u0117ja","description":"Rank\u0173 darbo papuo\u0161alai Jums","publisher":{"@id":"https:\/\/spindeja.lt\/#organization"},"potentialAction":[{"@type":"SearchAction","target":{"@type":"EntryPoint","urlTemplate":"https:\/\/spindeja.lt\/?s={search_term_string}"},"query-input":{"@type":"PropertyValueSpecification","valueRequired":true,"valueName":"search_term_string"}}],"inLanguage":"en-GB"},{"@type":"Organization","@id":"https:\/\/spindeja.lt\/#organization","name":"Spind\u0117ja","url":"https:\/\/spindeja.lt\/","logo":{"@type":"ImageObject","inLanguage":"en-GB","@id":"https:\/\/spindeja.lt\/#\/schema\/logo\/image\/","url":"https:\/\/spindeja.lt\/wp-content\/uploads\/2019\/12\/Layer-2.png","contentUrl":"https:\/\/spindeja.lt\/wp-content\/uploads\/2019\/12\/Layer-2.png","width":915,"height":616,"caption":"Spind\u0117ja"},"image":{"@id":"https:\/\/spindeja.lt\/#\/schema\/logo\/image\/"},"sameAs":["https:\/\/www.facebook.com\/profile.php?id=100063674195191","https:\/\/www.instagram.com\/spindeja\/"]}]}},"uagb_featured_image_src":{"full":["https:\/\/spindeja.lt\/wp-content\/uploads\/2024\/10\/Turmalinu_verinys1.webp",600,800,false],"thumbnail":["https:\/\/spindeja.lt\/wp-content\/uploads\/2024\/10\/Turmalinu_verinys1-150x150.webp",150,150,true],"medium":["https:\/\/spindeja.lt\/wp-content\/uploads\/2024\/10\/Turmalinu_verinys1-225x300.webp",225,300,true],"medium_large":["https:\/\/spindeja.lt\/wp-content\/uploads\/2024\/10\/Turmalinu_verinys1.webp",600,800,false],"large":["https:\/\/spindeja.lt\/wp-content\/uploads\/2024\/10\/Turmalinu_verinys1.webp",600,800,false],"1536x1536":["https:\/\/spindeja.lt\/wp-content\/uploads\/2024\/10\/Turmalinu_verinys1.webp",600,800,false],"2048x2048":["https:\/\/spindeja.lt\/wp-content\/uploads\/2024\/10\/Turmalinu_verinys1.webp",600,800,false],"trp-custom-language-flag":["https:\/\/spindeja.lt\/wp-content\/uploads\/2024\/10\/Turmalinu_verinys1-9x12.webp",9,12,true],"woocommerce_thumbnail":["https:\/\/spindeja.lt\/wp-content\/uploads\/2024\/10\/Turmalinu_verinys1-540x540.webp",540,540,true],"woocommerce_single":["https:\/\/spindeja.lt\/wp-content\/uploads\/2024\/10\/Turmalinu_verinys1-540x720.webp",540,720,true],"woocommerce_gallery_thumbnail":["https:\/\/spindeja.lt\/wp-content\/uploads\/2024\/10\/Turmalinu_verinys1-100x100.webp",100,100,true]},"uagb_author_info":{"display_name":"spindeja","author_link":"https:\/\/spindeja.lt\/en\/author\/"},"uagb_comment_info":0,"uagb_excerpt":"Turmalinas yra viena i\u0161 labiausiai vertinam\u0173 brangakmeni\u0173 grupi\u0173, pasi\u017eyminti pla\u010dia spalv\u0173 \u012fvairove. Jis gali b\u016bti juodas, \u017ealias, raudonas, ro\u017einis, m\u0117lynas, geltonas ar net bespalvis. \u0160is mineralas da\u017enai turi unikal\u0173 spalv\u0173 per\u0117jim\u0105 ir gali tur\u0117ti kelis atspalvius viename akmenyje. Turmalinas laikomas akmeniu, turin\u010diu stipri\u0105 energetin\u0119 gali\u0105. Jis da\u017enai naudojamas kaip apsauginis akmuo, teigiama, kad jis padeda&hellip;","_links":{"self":[{"href":"https:\/\/spindeja.lt\/en\/wp-json\/wp\/v2\/product\/20649","targetHints":{"allow":["GET"]}}],"collection":[{"href":"https:\/\/spindeja.lt\/en\/wp-json\/wp\/v2\/product"}],"about":[{"href":"https:\/\/spindeja.lt\/en\/wp-json\/wp\/v2\/types\/product"}],"replies":[{"embeddable":true,"href":"https:\/\/spindeja.lt\/en\/wp-json\/wp\/v2\/comments?post=20649"}],"wp:featuredmedia":[{"embeddable":true,"href":"https:\/\/spindeja.lt\/en\/wp-json\/wp\/v2\/media\/20651"}],"wp:attachment":[{"href":"https:\/\/spindeja.lt\/en\/wp-json\/wp\/v2\/media?parent=20649"}],"wp:term":[{"taxonomy":"product_brand","embeddable":true,"href":"https:\/\/spindeja.lt\/en\/wp-json\/wp\/v2\/product_brand?post=20649"},{"taxonomy":"product_cat","embeddable":true,"href":"https:\/\/spindeja.lt\/en\/wp-json\/wp\/v2\/product_cat?post=20649"},{"taxonomy":"product_tag","embeddable":true,"href":"https:\/\/spindeja.lt\/en\/wp-json\/wp\/v2\/product_tag?post=20649"}],"curies":[{"name":"wp","href":"https:\/\/api.w.org\/{rel}","templated":true}]}}