{"id":20639,"date":"2024-10-13T20:13:51","date_gmt":"2024-10-13T18:13:51","guid":{"rendered":"https:\/\/spindeja.lt\/?post_type=product&#038;p=20639"},"modified":"2025-08-11T18:29:17","modified_gmt":"2025-08-11T16:29:17","slug":"karneolio-verinys","status":"publish","type":"product","link":"https:\/\/spindeja.lt\/en\/product\/karneolio-verinys\/","title":{"rendered":"Karneolio v\u0117rinys"},"content":{"rendered":"<p>Karneolio pagrindin\u0117 tema &#8211; d\u017eiaugsmas. Jis i\u0161laisvina nuo blok\u0173, trukdan\u010di\u0173 d\u017eiaugsmo energijos t\u0117kmei, skatina k\u016brybi\u0161kum\u0105, optimizm\u0105, analitin\u012f m\u0105stym\u0105, slopina i\u0161sibla\u0161kym\u0105. Teigiamai veikia santykius \u0161eimoje, su\u017eadina moteri\u0161kum\u0105, tod\u0117l labai tinkamas moterims.<\/p>\n<p>V\u0117riniai i\u0161 nat\u016brali\u0173 kristal\u0173 prie pat kaklo energeti\u0161kai veikia stipriausiai, nes kaklas yra jungiamoji grandis tarp m\u016bs\u0173 galvos ir k\u016bno. Tod\u0117l b\u016btent tokio ilgio v\u0117rinius geriausiai ne\u0161ioti ant kaklo. Nat\u016brali\u0173 akmen\u0173 poveikis aplink kakl\u0105 yra \u017eenkliai stipresnis u\u017e apyranki\u0173 energetin\u012f poveik\u012f.<\/p>","protected":false},"excerpt":{"rendered":"<p>Karneolio akmen\u0117li\u0173 v\u0117rinys su paauksuoto \u017ealvario ir ner\u016bdijan\u010dio plieno detal\u0117m. <\/p>\n<p>Akmen\u0117li\u0173 skersmuo 4 mm, v\u0117rinio ilgis 39 cm + 4 cm prailginimo grandin\u0117l\u0117. <\/p>\n<p>Turimas vietoje papuo\u0161alas i\u0161siun\u010diamas per 1-2 darbo dienas.<\/p>\n<p>Individualiems u\u017esakymams taikomas 5-9 darbo dien\u0173 pagaminimo terminas. Esant skubiam atvejui, susisiekite \u017einute.<\/p>\n<p>Pristatomas supakuotas Spind\u0117ja dovan\u0173 d\u0117\u017eut\u0117je.<\/p>","protected":false},"featured_media":20643,"comment_status":"closed","ping_status":"closed","template":"","meta":{"_uag_custom_page_level_css":"","site-sidebar-layout":"default","site-content-layout":"","ast-site-content-layout":"default","site-content-style":"default","site-sidebar-style":"default","ast-global-header-display":"","ast-banner-title-visibility":"","ast-main-header-display":"","ast-hfb-above-header-display":"","ast-hfb-below-header-display":"","ast-hfb-mobile-header-display":"","site-post-title":"","ast-breadcrumbs-content":"","ast-featured-img":"","footer-sml-layout":"","ast-disable-related-posts":"","theme-transparent-header-meta":"default","adv-header-id-meta":"","stick-header-meta":"default","header-above-stick-meta":"","header-main-stick-meta":"","header-below-stick-meta":"","astra-migrate-meta-layouts":"set","ast-page-background-enabled":"default","ast-page-background-meta":{"desktop":{"background-color":"","background-image":"","background-repeat":"repeat","background-position":"center center","background-size":"auto","background-attachment":"scroll","background-type":"","background-media":"","overlay-type":"","overlay-color":"","overlay-opacity":"","overlay-gradient":""},"tablet":{"background-color":"","background-image":"","background-repeat":"repeat","background-position":"center center","background-size":"auto","background-attachment":"scroll","background-type":"","background-media":"","overlay-type":"","overlay-color":"","overlay-opacity":"","overlay-gradient":""},"mobile":{"background-color":"","background-image":"","background-repeat":"repeat","background-position":"center center","background-size":"auto","background-attachment":"scroll","background-type":"","background-media":"","overlay-type":"","overlay-color":"","overlay-opacity":"","overlay-gradient":""}},"ast-content-background-meta":{"desktop":{"background-color":"var(--ast-global-color-5)","background-image":"","background-repeat":"repeat","background-position":"center center","background-size":"auto","background-attachment":"scroll","background-type":"","background-media":"","overlay-type":"","overlay-color":"","overlay-opacity":"","overlay-gradient":""},"tablet":{"background-color":"var(--ast-global-color-5)","background-image":"","background-repeat":"repeat","background-position":"center center","background-size":"auto","background-attachment":"scroll","background-type":"","background-media":"","overlay-type":"","overlay-color":"","overlay-opacity":"","overlay-gradient":""},"mobile":{"background-color":"var(--ast-global-color-5)","background-image":"","background-repeat":"repeat","background-position":"center center","background-size":"auto","background-attachment":"scroll","background-type":"","background-media":"","overlay-type":"","overlay-color":"","overlay-opacity":"","overlay-gradient":""}}},"product_brand":[],"product_cat":[55,108],"product_tag":[],"class_list":{"0":"post-20639","1":"product","2":"type-product","3":"status-publish","4":"has-post-thumbnail","6":"product_cat-kaklo-papuosalai","7":"product_cat-veriniai","8":"desktop-align-left","9":"tablet-align-left","10":"mobile-align-left","11":"ast-product-gallery-layout-horizontal-slider","12":"ast-product-tabs-layout-horizontal","14":"first","15":"outofstock","16":"sale","17":"shipping-taxable","18":"purchasable","19":"product-type-simple"},"yoast_head":"<!-- This site is optimized with the Yoast SEO plugin v26.9 - https:\/\/yoast.com\/product\/yoast-seo-wordpress\/ -->\n<title>Karneolio v\u0117rinys - Spind\u0117ja<\/title>\n<meta name=\"description\" content=\"Karneolio v\u0117rinys - Spind\u0117ja\" \/>\n<meta name=\"robots\" content=\"index, follow, max-snippet:-1, max-image-preview:large, max-video-preview:-1\" \/>\n<link rel=\"canonical\" href=\"https:\/\/spindeja.lt\/en\/product\/karneolio-verinys\/\" \/>\n<meta property=\"og:locale\" content=\"en_GB\" \/>\n<meta property=\"og:type\" content=\"article\" \/>\n<meta property=\"og:title\" content=\"Karneolio v\u0117rinys - Spind\u0117ja\" \/>\n<meta property=\"og:description\" content=\"Karneolio v\u0117rinys - Spind\u0117ja\" \/>\n<meta property=\"og:url\" content=\"https:\/\/spindeja.lt\/en\/product\/karneolio-verinys\/\" \/>\n<meta property=\"og:site_name\" content=\"Spind\u0117ja\" \/>\n<meta property=\"article:publisher\" content=\"https:\/\/www.facebook.com\/profile.php?id=100063674195191\" \/>\n<meta property=\"article:modified_time\" content=\"2025-08-11T16:29:17+00:00\" \/>\n<meta property=\"og:image\" content=\"https:\/\/spindeja.lt\/wp-content\/uploads\/2024\/10\/Karneolio_verinys3.webp\" \/>\n\t<meta property=\"og:image:width\" content=\"600\" \/>\n\t<meta property=\"og:image:height\" content=\"800\" \/>\n\t<meta property=\"og:image:type\" content=\"image\/webp\" \/>\n<meta name=\"twitter:card\" content=\"summary_large_image\" \/>\n<meta name=\"twitter:label1\" content=\"Estimated reading time\" \/>\n\t<meta name=\"twitter:data1\" content=\"1 minute\" \/>\n<script type=\"application\/ld+json\" class=\"yoast-schema-graph\">{\"@context\":\"https:\/\/schema.org\",\"@graph\":[{\"@type\":\"WebPage\",\"@id\":\"https:\/\/spindeja.lt\/produktas\/karneolio-verinys\/\",\"url\":\"https:\/\/spindeja.lt\/produktas\/karneolio-verinys\/\",\"name\":\"Karneolio v\u0117rinys - Spind\u0117ja\",\"isPartOf\":{\"@id\":\"https:\/\/spindeja.lt\/#website\"},\"primaryImageOfPage\":{\"@id\":\"https:\/\/spindeja.lt\/produktas\/karneolio-verinys\/#primaryimage\"},\"image\":{\"@id\":\"https:\/\/spindeja.lt\/produktas\/karneolio-verinys\/#primaryimage\"},\"thumbnailUrl\":\"https:\/\/spindeja.lt\/wp-content\/uploads\/2024\/10\/Karneolio_verinys3.webp\",\"datePublished\":\"2024-10-13T18:13:51+00:00\",\"dateModified\":\"2025-08-11T16:29:17+00:00\",\"description\":\"Karneolio v\u0117rinys - Spind\u0117ja\",\"breadcrumb\":{\"@id\":\"https:\/\/spindeja.lt\/produktas\/karneolio-verinys\/#breadcrumb\"},\"inLanguage\":\"en-GB\",\"potentialAction\":[{\"@type\":\"ReadAction\",\"target\":[\"https:\/\/spindeja.lt\/produktas\/karneolio-verinys\/\"]}]},{\"@type\":\"ImageObject\",\"inLanguage\":\"en-GB\",\"@id\":\"https:\/\/spindeja.lt\/produktas\/karneolio-verinys\/#primaryimage\",\"url\":\"https:\/\/spindeja.lt\/wp-content\/uploads\/2024\/10\/Karneolio_verinys3.webp\",\"contentUrl\":\"https:\/\/spindeja.lt\/wp-content\/uploads\/2024\/10\/Karneolio_verinys3.webp\",\"width\":600,\"height\":800},{\"@type\":\"BreadcrumbList\",\"@id\":\"https:\/\/spindeja.lt\/produktas\/karneolio-verinys\/#breadcrumb\",\"itemListElement\":[{\"@type\":\"ListItem\",\"position\":1,\"name\":\"Prad\u017eia\",\"item\":\"https:\/\/spindeja.lt\/\"},{\"@type\":\"ListItem\",\"position\":2,\"name\":\"Parduotuv\u0117\",\"item\":\"https:\/\/spindeja.lt\/parduotuve\/\"},{\"@type\":\"ListItem\",\"position\":3,\"name\":\"Karneolio v\u0117rinys\"}]},{\"@type\":\"WebSite\",\"@id\":\"https:\/\/spindeja.lt\/#website\",\"url\":\"https:\/\/spindeja.lt\/\",\"name\":\"Spind\u0117ja\",\"description\":\"Rank\u0173 darbo papuo\u0161alai Jums\",\"publisher\":{\"@id\":\"https:\/\/spindeja.lt\/#organization\"},\"potentialAction\":[{\"@type\":\"SearchAction\",\"target\":{\"@type\":\"EntryPoint\",\"urlTemplate\":\"https:\/\/spindeja.lt\/?s={search_term_string}\"},\"query-input\":{\"@type\":\"PropertyValueSpecification\",\"valueRequired\":true,\"valueName\":\"search_term_string\"}}],\"inLanguage\":\"en-GB\"},{\"@type\":\"Organization\",\"@id\":\"https:\/\/spindeja.lt\/#organization\",\"name\":\"Spind\u0117ja\",\"url\":\"https:\/\/spindeja.lt\/\",\"logo\":{\"@type\":\"ImageObject\",\"inLanguage\":\"en-GB\",\"@id\":\"https:\/\/spindeja.lt\/#\/schema\/logo\/image\/\",\"url\":\"https:\/\/spindeja.lt\/wp-content\/uploads\/2019\/12\/Layer-2.png\",\"contentUrl\":\"https:\/\/spindeja.lt\/wp-content\/uploads\/2019\/12\/Layer-2.png\",\"width\":915,\"height\":616,\"caption\":\"Spind\u0117ja\"},\"image\":{\"@id\":\"https:\/\/spindeja.lt\/#\/schema\/logo\/image\/\"},\"sameAs\":[\"https:\/\/www.facebook.com\/profile.php?id=100063674195191\",\"https:\/\/www.instagram.com\/spindeja\/\"]}]}<\/script>\n<!-- \/ Yoast SEO plugin. -->","yoast_head_json":{"title":"Karneolio v\u0117rinys - Spind\u0117ja","description":"Karneolio v\u0117rinys - Spind\u0117ja","robots":{"index":"index","follow":"follow","max-snippet":"max-snippet:-1","max-image-preview":"max-image-preview:large","max-video-preview":"max-video-preview:-1"},"canonical":"https:\/\/spindeja.lt\/en\/product\/karneolio-verinys\/","og_locale":"en_GB","og_type":"article","og_title":"Karneolio v\u0117rinys - Spind\u0117ja","og_description":"Karneolio v\u0117rinys - Spind\u0117ja","og_url":"https:\/\/spindeja.lt\/en\/product\/karneolio-verinys\/","og_site_name":"Spind\u0117ja","article_publisher":"https:\/\/www.facebook.com\/profile.php?id=100063674195191","article_modified_time":"2025-08-11T16:29:17+00:00","og_image":[{"width":600,"height":800,"url":"https:\/\/spindeja.lt\/wp-content\/uploads\/2024\/10\/Karneolio_verinys3.webp","type":"image\/webp"}],"twitter_card":"summary_large_image","twitter_misc":{"Estimated reading time":"1 minute"},"schema":{"@context":"https:\/\/schema.org","@graph":[{"@type":"WebPage","@id":"https:\/\/spindeja.lt\/produktas\/karneolio-verinys\/","url":"https:\/\/spindeja.lt\/produktas\/karneolio-verinys\/","name":"Karneolio v\u0117rinys - Spind\u0117ja","isPartOf":{"@id":"https:\/\/spindeja.lt\/#website"},"primaryImageOfPage":{"@id":"https:\/\/spindeja.lt\/produktas\/karneolio-verinys\/#primaryimage"},"image":{"@id":"https:\/\/spindeja.lt\/produktas\/karneolio-verinys\/#primaryimage"},"thumbnailUrl":"https:\/\/spindeja.lt\/wp-content\/uploads\/2024\/10\/Karneolio_verinys3.webp","datePublished":"2024-10-13T18:13:51+00:00","dateModified":"2025-08-11T16:29:17+00:00","description":"Karneolio v\u0117rinys - Spind\u0117ja","breadcrumb":{"@id":"https:\/\/spindeja.lt\/produktas\/karneolio-verinys\/#breadcrumb"},"inLanguage":"en-GB","potentialAction":[{"@type":"ReadAction","target":["https:\/\/spindeja.lt\/produktas\/karneolio-verinys\/"]}]},{"@type":"ImageObject","inLanguage":"en-GB","@id":"https:\/\/spindeja.lt\/produktas\/karneolio-verinys\/#primaryimage","url":"https:\/\/spindeja.lt\/wp-content\/uploads\/2024\/10\/Karneolio_verinys3.webp","contentUrl":"https:\/\/spindeja.lt\/wp-content\/uploads\/2024\/10\/Karneolio_verinys3.webp","width":600,"height":800},{"@type":"BreadcrumbList","@id":"https:\/\/spindeja.lt\/produktas\/karneolio-verinys\/#breadcrumb","itemListElement":[{"@type":"ListItem","position":1,"name":"Prad\u017eia","item":"https:\/\/spindeja.lt\/"},{"@type":"ListItem","position":2,"name":"Parduotuv\u0117","item":"https:\/\/spindeja.lt\/parduotuve\/"},{"@type":"ListItem","position":3,"name":"Karneolio v\u0117rinys"}]},{"@type":"WebSite","@id":"https:\/\/spindeja.lt\/#website","url":"https:\/\/spindeja.lt\/","name":"Spind\u0117ja","description":"Rank\u0173 darbo papuo\u0161alai Jums","publisher":{"@id":"https:\/\/spindeja.lt\/#organization"},"potentialAction":[{"@type":"SearchAction","target":{"@type":"EntryPoint","urlTemplate":"https:\/\/spindeja.lt\/?s={search_term_string}"},"query-input":{"@type":"PropertyValueSpecification","valueRequired":true,"valueName":"search_term_string"}}],"inLanguage":"en-GB"},{"@type":"Organization","@id":"https:\/\/spindeja.lt\/#organization","name":"Spind\u0117ja","url":"https:\/\/spindeja.lt\/","logo":{"@type":"ImageObject","inLanguage":"en-GB","@id":"https:\/\/spindeja.lt\/#\/schema\/logo\/image\/","url":"https:\/\/spindeja.lt\/wp-content\/uploads\/2019\/12\/Layer-2.png","contentUrl":"https:\/\/spindeja.lt\/wp-content\/uploads\/2019\/12\/Layer-2.png","width":915,"height":616,"caption":"Spind\u0117ja"},"image":{"@id":"https:\/\/spindeja.lt\/#\/schema\/logo\/image\/"},"sameAs":["https:\/\/www.facebook.com\/profile.php?id=100063674195191","https:\/\/www.instagram.com\/spindeja\/"]}]}},"uagb_featured_image_src":{"full":["https:\/\/spindeja.lt\/wp-content\/uploads\/2024\/10\/Karneolio_verinys3.webp",600,800,false],"thumbnail":["https:\/\/spindeja.lt\/wp-content\/uploads\/2024\/10\/Karneolio_verinys3-150x150.webp",150,150,true],"medium":["https:\/\/spindeja.lt\/wp-content\/uploads\/2024\/10\/Karneolio_verinys3-225x300.webp",225,300,true],"medium_large":["https:\/\/spindeja.lt\/wp-content\/uploads\/2024\/10\/Karneolio_verinys3.webp",600,800,false],"large":["https:\/\/spindeja.lt\/wp-content\/uploads\/2024\/10\/Karneolio_verinys3.webp",600,800,false],"1536x1536":["https:\/\/spindeja.lt\/wp-content\/uploads\/2024\/10\/Karneolio_verinys3.webp",600,800,false],"2048x2048":["https:\/\/spindeja.lt\/wp-content\/uploads\/2024\/10\/Karneolio_verinys3.webp",600,800,false],"trp-custom-language-flag":["https:\/\/spindeja.lt\/wp-content\/uploads\/2024\/10\/Karneolio_verinys3-9x12.webp",9,12,true],"woocommerce_thumbnail":["https:\/\/spindeja.lt\/wp-content\/uploads\/2024\/10\/Karneolio_verinys3-540x540.webp",540,540,true],"woocommerce_single":["https:\/\/spindeja.lt\/wp-content\/uploads\/2024\/10\/Karneolio_verinys3-540x720.webp",540,720,true],"woocommerce_gallery_thumbnail":["https:\/\/spindeja.lt\/wp-content\/uploads\/2024\/10\/Karneolio_verinys3-100x100.webp",100,100,true]},"uagb_author_info":{"display_name":"spindeja","author_link":"https:\/\/spindeja.lt\/en\/author\/"},"uagb_comment_info":0,"uagb_excerpt":"Karneolio akmen\u0117li\u0173 v\u0117rinys su paauksuoto \u017ealvario ir ner\u016bdijan\u010dio plieno detal\u0117m. Akmen\u0117li\u0173 skersmuo 4 mm, v\u0117rinio ilgis 39 cm + 4 cm prailginimo grandin\u0117l\u0117. Turimas vietoje papuo\u0161alas i\u0161siun\u010diamas per 1-2 darbo dienas. Individualiems u\u017esakymams taikomas 5-9 darbo dien\u0173 pagaminimo terminas. Esant skubiam atvejui, susisiekite \u017einute. Pristatomas supakuotas Spind\u0117ja dovan\u0173 d\u0117\u017eut\u0117je.","_links":{"self":[{"href":"https:\/\/spindeja.lt\/en\/wp-json\/wp\/v2\/product\/20639","targetHints":{"allow":["GET"]}}],"collection":[{"href":"https:\/\/spindeja.lt\/en\/wp-json\/wp\/v2\/product"}],"about":[{"href":"https:\/\/spindeja.lt\/en\/wp-json\/wp\/v2\/types\/product"}],"replies":[{"embeddable":true,"href":"https:\/\/spindeja.lt\/en\/wp-json\/wp\/v2\/comments?post=20639"}],"wp:featuredmedia":[{"embeddable":true,"href":"https:\/\/spindeja.lt\/en\/wp-json\/wp\/v2\/media\/20643"}],"wp:attachment":[{"href":"https:\/\/spindeja.lt\/en\/wp-json\/wp\/v2\/media?parent=20639"}],"wp:term":[{"taxonomy":"product_brand","embeddable":true,"href":"https:\/\/spindeja.lt\/en\/wp-json\/wp\/v2\/product_brand?post=20639"},{"taxonomy":"product_cat","embeddable":true,"href":"https:\/\/spindeja.lt\/en\/wp-json\/wp\/v2\/product_cat?post=20639"},{"taxonomy":"product_tag","embeddable":true,"href":"https:\/\/spindeja.lt\/en\/wp-json\/wp\/v2\/product_tag?post=20639"}],"curies":[{"name":"wp","href":"https:\/\/api.w.org\/{rel}","templated":true}]}}