{"id":20628,"date":"2024-10-12T23:35:13","date_gmt":"2024-10-12T21:35:13","guid":{"rendered":"https:\/\/spindeja.lt\/?post_type=product&#038;p=20628"},"modified":"2025-05-13T18:46:04","modified_gmt":"2025-05-13T16:46:04","slug":"teraherco-verinys","status":"publish","type":"product","link":"https:\/\/spindeja.lt\/en\/product\/teraherco-verinys\/","title":{"rendered":"Teraherco v\u0117rinys"},"content":{"rendered":"<p>Teraherco akmuo yra gamtin\u0117s kilm\u0117s r\u016bda, gaunama i\u0161gaunant silicio dioksid\u0105 i\u0161 kvarco ar sm\u0117lio. Jis pasi\u017eymi sidabriniu blizgesiu, kuris yra gana pana\u0161us \u012f hematit\u0105.<br \/>\nManoma, kad teraherco akmuo skleid\u017eia itin stipri\u0105 gydom\u0105j\u0105 energij\u0105. Jis turi auk\u0161t\u0105 virpesi\u0173 da\u017en\u012f ir \u0161ilumos laidum\u0105, daugiausia naudojamas d\u0117mesingumui stiprinti, meditacijos ir dvasini\u0173 praktik\u0173 metu.<br \/>\nTerahercinis akmuo rezonuoja su j\u016bs\u0173 psichinio k\u016bno da\u017eniu. Teigiama, kad tai padeda didinti ai\u0161kum\u0105, \u012f\u017evalgum\u0105 ir gabumus, taip pat naujos informacijos \u012fsisavinim\u0105. \u0160is akmuo gali stimuliuoti j\u016bs\u0173 smegen\u0173 l\u0105steli\u0173 elektrinius kr\u016bvius, pritraukdamas daugiau gyvybin\u0117s energijos, nes skatina j\u016bs\u0173 smegen\u0173 pusrutulius harmoningai dirbti.<br \/>\nBe to, teigiama, kad \u0161is akmuo padeda su\u017eadinti k\u016brybi\u0161kum\u0105 ir si\u016blo neribot\u0105 nuotyki\u0173 ir naujovi\u0173 spektr\u0105.<br \/>\nJis i\u0161valo prot\u0105 nuo r\u016bko ir psichini\u0173 kli\u016b\u010di\u0173, tuo pa\u010diu geriau suderindamas dvasi\u0105. Tai padeda sustiprinti j\u016bs\u0173 intuityvi\u0105sias galias ir padidinti j\u016bs\u0173 s\u0105moningum\u0105.<\/p>","protected":false},"excerpt":{"rendered":"<p>Smulki\u0173 facetuot\u0173 teraherco akmen\u0117li\u0173 v\u0117rinys su ner\u016bdijan\u010dio plieno detal\u0117m. Galima rinktis v\u0117rin\u012f su m\u0117nulio pakabuku arba be pakabuko.<\/p>\n<p>Akmen\u0117li\u0173 skersmuo 2 mm, v\u0117rinio ilgis 39 cm + 4 cm prailginimo grandin\u0117l\u0117. Jeigu reikalingas individualus ilgis, pra\u0161ome susisiekti nurodytais kontaktais.<\/p>\n<p>Turimas vietoje papuo\u0161alas i\u0161siun\u010diamas per 1-2 darbo dienas.<\/p>\n<p>Individualiems u\u017esakymams taikomas 5-9 darbo dien\u0173 pagaminimo terminas. Esant skubiam atvejui, susisiekite \u017einute.<\/p>","protected":false},"featured_media":20630,"comment_status":"closed","ping_status":"closed","template":"","meta":{"_uag_custom_page_level_css":"","site-sidebar-layout":"default","site-content-layout":"","ast-site-content-layout":"default","site-content-style":"default","site-sidebar-style":"default","ast-global-header-display":"","ast-banner-title-visibility":"","ast-main-header-display":"","ast-hfb-above-header-display":"","ast-hfb-below-header-display":"","ast-hfb-mobile-header-display":"","site-post-title":"","ast-breadcrumbs-content":"","ast-featured-img":"","footer-sml-layout":"","ast-disable-related-posts":"","theme-transparent-header-meta":"default","adv-header-id-meta":"","stick-header-meta":"default","header-above-stick-meta":"","header-main-stick-meta":"","header-below-stick-meta":"","astra-migrate-meta-layouts":"set","ast-page-background-enabled":"default","ast-page-background-meta":{"desktop":{"background-color":"","background-image":"","background-repeat":"repeat","background-position":"center center","background-size":"auto","background-attachment":"scroll","background-type":"","background-media":"","overlay-type":"","overlay-color":"","overlay-opacity":"","overlay-gradient":""},"tablet":{"background-color":"","background-image":"","background-repeat":"repeat","background-position":"center center","background-size":"auto","background-attachment":"scroll","background-type":"","background-media":"","overlay-type":"","overlay-color":"","overlay-opacity":"","overlay-gradient":""},"mobile":{"background-color":"","background-image":"","background-repeat":"repeat","background-position":"center center","background-size":"auto","background-attachment":"scroll","background-type":"","background-media":"","overlay-type":"","overlay-color":"","overlay-opacity":"","overlay-gradient":""}},"ast-content-background-meta":{"desktop":{"background-color":"var(--ast-global-color-5)","background-image":"","background-repeat":"repeat","background-position":"center center","background-size":"auto","background-attachment":"scroll","background-type":"","background-media":"","overlay-type":"","overlay-color":"","overlay-opacity":"","overlay-gradient":""},"tablet":{"background-color":"var(--ast-global-color-5)","background-image":"","background-repeat":"repeat","background-position":"center center","background-size":"auto","background-attachment":"scroll","background-type":"","background-media":"","overlay-type":"","overlay-color":"","overlay-opacity":"","overlay-gradient":""},"mobile":{"background-color":"var(--ast-global-color-5)","background-image":"","background-repeat":"repeat","background-position":"center center","background-size":"auto","background-attachment":"scroll","background-type":"","background-media":"","overlay-type":"","overlay-color":"","overlay-opacity":"","overlay-gradient":""}}},"product_brand":[],"product_cat":[55,108],"product_tag":[],"class_list":{"0":"post-20628","1":"product","2":"type-product","3":"status-publish","4":"has-post-thumbnail","6":"product_cat-kaklo-papuosalai","7":"product_cat-veriniai","8":"desktop-align-left","9":"tablet-align-left","10":"mobile-align-left","11":"ast-product-gallery-layout-horizontal-slider","12":"ast-product-single-variable","13":"ast-product-tabs-layout-horizontal","15":"first","16":"instock","17":"shipping-taxable","18":"purchasable","19":"product-type-variable"},"yoast_head":"<!-- This site is optimized with the Yoast SEO plugin v26.9 - https:\/\/yoast.com\/product\/yoast-seo-wordpress\/ -->\n<title>Teraherco v\u0117rinys - Spind\u0117ja<\/title>\n<meta name=\"description\" content=\"Teraherco v\u0117rinys - Spind\u0117ja minimalistinis, subtiliai \u017e\u0117rintis papuo\u0161alas\" \/>\n<meta name=\"robots\" content=\"index, follow, max-snippet:-1, max-image-preview:large, max-video-preview:-1\" \/>\n<link rel=\"canonical\" href=\"https:\/\/spindeja.lt\/en\/product\/teraherco-verinys\/\" \/>\n<meta property=\"og:locale\" content=\"en_GB\" \/>\n<meta property=\"og:type\" content=\"article\" \/>\n<meta property=\"og:title\" content=\"Teraherco v\u0117rinys - Spind\u0117ja\" \/>\n<meta property=\"og:description\" content=\"Teraherco v\u0117rinys - Spind\u0117ja minimalistinis, subtiliai \u017e\u0117rintis papuo\u0161alas\" \/>\n<meta property=\"og:url\" content=\"https:\/\/spindeja.lt\/en\/product\/teraherco-verinys\/\" \/>\n<meta property=\"og:site_name\" content=\"Spind\u0117ja\" \/>\n<meta property=\"article:publisher\" content=\"https:\/\/www.facebook.com\/profile.php?id=100063674195191\" \/>\n<meta property=\"article:modified_time\" content=\"2025-05-13T16:46:04+00:00\" \/>\n<meta property=\"og:image\" content=\"https:\/\/spindeja.lt\/wp-content\/uploads\/2024\/10\/Teraherco_verinys-1.webp\" \/>\n\t<meta property=\"og:image:width\" content=\"600\" \/>\n\t<meta property=\"og:image:height\" content=\"800\" \/>\n\t<meta property=\"og:image:type\" content=\"image\/webp\" \/>\n<meta name=\"twitter:card\" content=\"summary_large_image\" \/>\n<meta name=\"twitter:label1\" content=\"Estimated reading time\" \/>\n\t<meta name=\"twitter:data1\" content=\"1 minute\" \/>\n<script type=\"application\/ld+json\" class=\"yoast-schema-graph\">{\"@context\":\"https:\/\/schema.org\",\"@graph\":[{\"@type\":\"WebPage\",\"@id\":\"https:\/\/spindeja.lt\/produktas\/teraherco-verinys\/\",\"url\":\"https:\/\/spindeja.lt\/produktas\/teraherco-verinys\/\",\"name\":\"Teraherco v\u0117rinys - Spind\u0117ja\",\"isPartOf\":{\"@id\":\"https:\/\/spindeja.lt\/#website\"},\"primaryImageOfPage\":{\"@id\":\"https:\/\/spindeja.lt\/produktas\/teraherco-verinys\/#primaryimage\"},\"image\":{\"@id\":\"https:\/\/spindeja.lt\/produktas\/teraherco-verinys\/#primaryimage\"},\"thumbnailUrl\":\"https:\/\/spindeja.lt\/wp-content\/uploads\/2024\/10\/Teraherco_verinys-1.webp\",\"datePublished\":\"2024-10-12T21:35:13+00:00\",\"dateModified\":\"2025-05-13T16:46:04+00:00\",\"description\":\"Teraherco v\u0117rinys - Spind\u0117ja minimalistinis, subtiliai \u017e\u0117rintis papuo\u0161alas\",\"breadcrumb\":{\"@id\":\"https:\/\/spindeja.lt\/produktas\/teraherco-verinys\/#breadcrumb\"},\"inLanguage\":\"en-GB\",\"potentialAction\":[{\"@type\":\"ReadAction\",\"target\":[\"https:\/\/spindeja.lt\/produktas\/teraherco-verinys\/\"]}]},{\"@type\":\"ImageObject\",\"inLanguage\":\"en-GB\",\"@id\":\"https:\/\/spindeja.lt\/produktas\/teraherco-verinys\/#primaryimage\",\"url\":\"https:\/\/spindeja.lt\/wp-content\/uploads\/2024\/10\/Teraherco_verinys-1.webp\",\"contentUrl\":\"https:\/\/spindeja.lt\/wp-content\/uploads\/2024\/10\/Teraherco_verinys-1.webp\",\"width\":600,\"height\":800,\"caption\":\"Teraherco_verinys\"},{\"@type\":\"BreadcrumbList\",\"@id\":\"https:\/\/spindeja.lt\/produktas\/teraherco-verinys\/#breadcrumb\",\"itemListElement\":[{\"@type\":\"ListItem\",\"position\":1,\"name\":\"Prad\u017eia\",\"item\":\"https:\/\/spindeja.lt\/\"},{\"@type\":\"ListItem\",\"position\":2,\"name\":\"Parduotuv\u0117\",\"item\":\"https:\/\/spindeja.lt\/parduotuve\/\"},{\"@type\":\"ListItem\",\"position\":3,\"name\":\"Teraherco v\u0117rinys\"}]},{\"@type\":\"WebSite\",\"@id\":\"https:\/\/spindeja.lt\/#website\",\"url\":\"https:\/\/spindeja.lt\/\",\"name\":\"Spind\u0117ja\",\"description\":\"Rank\u0173 darbo papuo\u0161alai Jums\",\"publisher\":{\"@id\":\"https:\/\/spindeja.lt\/#organization\"},\"potentialAction\":[{\"@type\":\"SearchAction\",\"target\":{\"@type\":\"EntryPoint\",\"urlTemplate\":\"https:\/\/spindeja.lt\/?s={search_term_string}\"},\"query-input\":{\"@type\":\"PropertyValueSpecification\",\"valueRequired\":true,\"valueName\":\"search_term_string\"}}],\"inLanguage\":\"en-GB\"},{\"@type\":\"Organization\",\"@id\":\"https:\/\/spindeja.lt\/#organization\",\"name\":\"Spind\u0117ja\",\"url\":\"https:\/\/spindeja.lt\/\",\"logo\":{\"@type\":\"ImageObject\",\"inLanguage\":\"en-GB\",\"@id\":\"https:\/\/spindeja.lt\/#\/schema\/logo\/image\/\",\"url\":\"https:\/\/spindeja.lt\/wp-content\/uploads\/2019\/12\/Layer-2.png\",\"contentUrl\":\"https:\/\/spindeja.lt\/wp-content\/uploads\/2019\/12\/Layer-2.png\",\"width\":915,\"height\":616,\"caption\":\"Spind\u0117ja\"},\"image\":{\"@id\":\"https:\/\/spindeja.lt\/#\/schema\/logo\/image\/\"},\"sameAs\":[\"https:\/\/www.facebook.com\/profile.php?id=100063674195191\",\"https:\/\/www.instagram.com\/spindeja\/\"]}]}<\/script>\n<!-- \/ Yoast SEO plugin. -->","yoast_head_json":{"title":"Teraherco v\u0117rinys - Spind\u0117ja","description":"Teraherco v\u0117rinys - Spind\u0117ja minimalistinis, subtiliai \u017e\u0117rintis papuo\u0161alas","robots":{"index":"index","follow":"follow","max-snippet":"max-snippet:-1","max-image-preview":"max-image-preview:large","max-video-preview":"max-video-preview:-1"},"canonical":"https:\/\/spindeja.lt\/en\/product\/teraherco-verinys\/","og_locale":"en_GB","og_type":"article","og_title":"Teraherco v\u0117rinys - Spind\u0117ja","og_description":"Teraherco v\u0117rinys - Spind\u0117ja minimalistinis, subtiliai \u017e\u0117rintis papuo\u0161alas","og_url":"https:\/\/spindeja.lt\/en\/product\/teraherco-verinys\/","og_site_name":"Spind\u0117ja","article_publisher":"https:\/\/www.facebook.com\/profile.php?id=100063674195191","article_modified_time":"2025-05-13T16:46:04+00:00","og_image":[{"width":600,"height":800,"url":"https:\/\/spindeja.lt\/wp-content\/uploads\/2024\/10\/Teraherco_verinys-1.webp","type":"image\/webp"}],"twitter_card":"summary_large_image","twitter_misc":{"Estimated reading time":"1 minute"},"schema":{"@context":"https:\/\/schema.org","@graph":[{"@type":"WebPage","@id":"https:\/\/spindeja.lt\/produktas\/teraherco-verinys\/","url":"https:\/\/spindeja.lt\/produktas\/teraherco-verinys\/","name":"Teraherco v\u0117rinys - Spind\u0117ja","isPartOf":{"@id":"https:\/\/spindeja.lt\/#website"},"primaryImageOfPage":{"@id":"https:\/\/spindeja.lt\/produktas\/teraherco-verinys\/#primaryimage"},"image":{"@id":"https:\/\/spindeja.lt\/produktas\/teraherco-verinys\/#primaryimage"},"thumbnailUrl":"https:\/\/spindeja.lt\/wp-content\/uploads\/2024\/10\/Teraherco_verinys-1.webp","datePublished":"2024-10-12T21:35:13+00:00","dateModified":"2025-05-13T16:46:04+00:00","description":"Teraherco v\u0117rinys - Spind\u0117ja minimalistinis, subtiliai \u017e\u0117rintis papuo\u0161alas","breadcrumb":{"@id":"https:\/\/spindeja.lt\/produktas\/teraherco-verinys\/#breadcrumb"},"inLanguage":"en-GB","potentialAction":[{"@type":"ReadAction","target":["https:\/\/spindeja.lt\/produktas\/teraherco-verinys\/"]}]},{"@type":"ImageObject","inLanguage":"en-GB","@id":"https:\/\/spindeja.lt\/produktas\/teraherco-verinys\/#primaryimage","url":"https:\/\/spindeja.lt\/wp-content\/uploads\/2024\/10\/Teraherco_verinys-1.webp","contentUrl":"https:\/\/spindeja.lt\/wp-content\/uploads\/2024\/10\/Teraherco_verinys-1.webp","width":600,"height":800,"caption":"Teraherco_verinys"},{"@type":"BreadcrumbList","@id":"https:\/\/spindeja.lt\/produktas\/teraherco-verinys\/#breadcrumb","itemListElement":[{"@type":"ListItem","position":1,"name":"Prad\u017eia","item":"https:\/\/spindeja.lt\/"},{"@type":"ListItem","position":2,"name":"Parduotuv\u0117","item":"https:\/\/spindeja.lt\/parduotuve\/"},{"@type":"ListItem","position":3,"name":"Teraherco v\u0117rinys"}]},{"@type":"WebSite","@id":"https:\/\/spindeja.lt\/#website","url":"https:\/\/spindeja.lt\/","name":"Spind\u0117ja","description":"Rank\u0173 darbo papuo\u0161alai Jums","publisher":{"@id":"https:\/\/spindeja.lt\/#organization"},"potentialAction":[{"@type":"SearchAction","target":{"@type":"EntryPoint","urlTemplate":"https:\/\/spindeja.lt\/?s={search_term_string}"},"query-input":{"@type":"PropertyValueSpecification","valueRequired":true,"valueName":"search_term_string"}}],"inLanguage":"en-GB"},{"@type":"Organization","@id":"https:\/\/spindeja.lt\/#organization","name":"Spind\u0117ja","url":"https:\/\/spindeja.lt\/","logo":{"@type":"ImageObject","inLanguage":"en-GB","@id":"https:\/\/spindeja.lt\/#\/schema\/logo\/image\/","url":"https:\/\/spindeja.lt\/wp-content\/uploads\/2019\/12\/Layer-2.png","contentUrl":"https:\/\/spindeja.lt\/wp-content\/uploads\/2019\/12\/Layer-2.png","width":915,"height":616,"caption":"Spind\u0117ja"},"image":{"@id":"https:\/\/spindeja.lt\/#\/schema\/logo\/image\/"},"sameAs":["https:\/\/www.facebook.com\/profile.php?id=100063674195191","https:\/\/www.instagram.com\/spindeja\/"]}]}},"uagb_featured_image_src":{"full":["https:\/\/spindeja.lt\/wp-content\/uploads\/2024\/10\/Teraherco_verinys-1.webp",600,800,false],"thumbnail":["https:\/\/spindeja.lt\/wp-content\/uploads\/2024\/10\/Teraherco_verinys-1-150x150.webp",150,150,true],"medium":["https:\/\/spindeja.lt\/wp-content\/uploads\/2024\/10\/Teraherco_verinys-1-225x300.webp",225,300,true],"medium_large":["https:\/\/spindeja.lt\/wp-content\/uploads\/2024\/10\/Teraherco_verinys-1.webp",600,800,false],"large":["https:\/\/spindeja.lt\/wp-content\/uploads\/2024\/10\/Teraherco_verinys-1.webp",600,800,false],"1536x1536":["https:\/\/spindeja.lt\/wp-content\/uploads\/2024\/10\/Teraherco_verinys-1.webp",600,800,false],"2048x2048":["https:\/\/spindeja.lt\/wp-content\/uploads\/2024\/10\/Teraherco_verinys-1.webp",600,800,false],"trp-custom-language-flag":["https:\/\/spindeja.lt\/wp-content\/uploads\/2024\/10\/Teraherco_verinys-1-9x12.webp",9,12,true],"woocommerce_thumbnail":["https:\/\/spindeja.lt\/wp-content\/uploads\/2024\/10\/Teraherco_verinys-1-540x540.webp",540,540,true],"woocommerce_single":["https:\/\/spindeja.lt\/wp-content\/uploads\/2024\/10\/Teraherco_verinys-1-540x720.webp",540,720,true],"woocommerce_gallery_thumbnail":["https:\/\/spindeja.lt\/wp-content\/uploads\/2024\/10\/Teraherco_verinys-1-100x100.webp",100,100,true]},"uagb_author_info":{"display_name":"spindeja","author_link":"https:\/\/spindeja.lt\/en\/author\/"},"uagb_comment_info":0,"uagb_excerpt":"Smulki\u0173 facetuot\u0173 teraherco akmen\u0117li\u0173 v\u0117rinys su ner\u016bdijan\u010dio plieno detal\u0117m. Galima rinktis v\u0117rin\u012f su m\u0117nulio pakabuku arba be pakabuko. Akmen\u0117li\u0173 skersmuo 2 mm, v\u0117rinio ilgis 39 cm + 4 cm prailginimo grandin\u0117l\u0117. Jeigu reikalingas individualus ilgis, pra\u0161ome susisiekti nurodytais kontaktais. Turimas vietoje papuo\u0161alas i\u0161siun\u010diamas per 1-2 darbo dienas. Individualiems u\u017esakymams taikomas 5-9 darbo dien\u0173 pagaminimo terminas.&hellip;","_links":{"self":[{"href":"https:\/\/spindeja.lt\/en\/wp-json\/wp\/v2\/product\/20628","targetHints":{"allow":["GET"]}}],"collection":[{"href":"https:\/\/spindeja.lt\/en\/wp-json\/wp\/v2\/product"}],"about":[{"href":"https:\/\/spindeja.lt\/en\/wp-json\/wp\/v2\/types\/product"}],"replies":[{"embeddable":true,"href":"https:\/\/spindeja.lt\/en\/wp-json\/wp\/v2\/comments?post=20628"}],"wp:featuredmedia":[{"embeddable":true,"href":"https:\/\/spindeja.lt\/en\/wp-json\/wp\/v2\/media\/20630"}],"wp:attachment":[{"href":"https:\/\/spindeja.lt\/en\/wp-json\/wp\/v2\/media?parent=20628"}],"wp:term":[{"taxonomy":"product_brand","embeddable":true,"href":"https:\/\/spindeja.lt\/en\/wp-json\/wp\/v2\/product_brand?post=20628"},{"taxonomy":"product_cat","embeddable":true,"href":"https:\/\/spindeja.lt\/en\/wp-json\/wp\/v2\/product_cat?post=20628"},{"taxonomy":"product_tag","embeddable":true,"href":"https:\/\/spindeja.lt\/en\/wp-json\/wp\/v2\/product_tag?post=20628"}],"curies":[{"name":"wp","href":"https:\/\/api.w.org\/{rel}","templated":true}]}}