{"id":20607,"date":"2024-03-07T17:17:53","date_gmt":"2024-03-07T15:17:53","guid":{"rendered":"https:\/\/spindeja.lt\/?post_type=product&#038;p=20607"},"modified":"2025-07-25T10:14:59","modified_gmt":"2025-07-25T08:14:59","slug":"saules-akmens-verinys","status":"publish","type":"product","link":"https:\/\/spindeja.lt\/en\/product\/saules-akmens-verinys\/","title":{"rendered":"Saul\u0117s akmens v\u0117rinys"},"content":{"rendered":"<p>Saul\u0117s akmuo suteikia optimizmo, pasitik\u0117jimo savimi. Ypa\u010d tinka tiems, kurie savyje mato tik silpnybes ir tr\u016bkumus. Padeda \u012fveikti depresij\u0105, r\u016bpes\u010dius, baimes. Stimuliuoja vegetatyvin\u0119 nerv\u0173 sistem\u0105 ir skatina vis\u0173 vidaus organ\u0173 harmoning\u0105 veikl\u0105.<\/p>\n<p>V\u0117riniai i\u0161 nat\u016brali\u0173 kristal\u0173 prie pat kaklo energeti\u0161kai veikia stipriausiai, nes kaklas yra jungiamoji grandis tarp m\u016bs\u0173 galvos ir k\u016bno. Tod\u0117l b\u016btent tokio ilgio v\u0117rinius geriausiai ne\u0161ioti ant kaklo. Nat\u016brali\u0173 akmen\u0173 poveikis aplink kakl\u0105 yra \u017eenkliai stipresnis u\u017e apyranki\u0173 energetin\u012f poveik\u012f.<\/p>","protected":false},"excerpt":{"rendered":"<p>Minimalistinis saul\u0117s akmen\u0117li\u0173 kaklo v\u0117rinys. Facetuoti karoliukai subtiliai \u017e\u0117ri, \u012fliedami harmonijos, gyvybin\u0117s energijos ir pasitik\u0117jimo \u0161io papuo\u0161alo ne\u0161iotojai.<\/p>\n<p>Paauksuoto sidabro ir paauksuoto \u017ealvario detal\u0117s.<\/p>\n<p>V\u0117rinio ilgis 41 cm. Jeigu reikalingas individualus ilgis, susisiekite nurodytais kontaktais arba socialiniuose tinkluose.<\/p>\n<p>Pristatoma Spind\u0117jos dovan\u0173 d\u0117\u017eut\u0117je.<\/p>\n<p>Turimas vietoje papuo\u0161alas i\u0161siun\u010diamas per 1-2 darbo dienas.<\/p>\n<p>Individualiems u\u017esakymams taikomas 5-9 darbo dien\u0173 pagaminimo terminas. Esant skubiam atvejui, susisiekite \u017einute.<\/p>","protected":false},"featured_media":20608,"comment_status":"closed","ping_status":"closed","template":"","meta":{"_uag_custom_page_level_css":"","site-sidebar-layout":"default","site-content-layout":"","ast-site-content-layout":"default","site-content-style":"default","site-sidebar-style":"default","ast-global-header-display":"","ast-banner-title-visibility":"","ast-main-header-display":"","ast-hfb-above-header-display":"","ast-hfb-below-header-display":"","ast-hfb-mobile-header-display":"","site-post-title":"","ast-breadcrumbs-content":"","ast-featured-img":"","footer-sml-layout":"","ast-disable-related-posts":"","theme-transparent-header-meta":"default","adv-header-id-meta":"","stick-header-meta":"default","header-above-stick-meta":"","header-main-stick-meta":"","header-below-stick-meta":"","astra-migrate-meta-layouts":"set","ast-page-background-enabled":"default","ast-page-background-meta":{"desktop":{"background-color":"","background-image":"","background-repeat":"repeat","background-position":"center center","background-size":"auto","background-attachment":"scroll","background-type":"","background-media":"","overlay-type":"","overlay-color":"","overlay-opacity":"","overlay-gradient":""},"tablet":{"background-color":"","background-image":"","background-repeat":"repeat","background-position":"center center","background-size":"auto","background-attachment":"scroll","background-type":"","background-media":"","overlay-type":"","overlay-color":"","overlay-opacity":"","overlay-gradient":""},"mobile":{"background-color":"","background-image":"","background-repeat":"repeat","background-position":"center center","background-size":"auto","background-attachment":"scroll","background-type":"","background-media":"","overlay-type":"","overlay-color":"","overlay-opacity":"","overlay-gradient":""}},"ast-content-background-meta":{"desktop":{"background-color":"var(--ast-global-color-5)","background-image":"","background-repeat":"repeat","background-position":"center center","background-size":"auto","background-attachment":"scroll","background-type":"","background-media":"","overlay-type":"","overlay-color":"","overlay-opacity":"","overlay-gradient":""},"tablet":{"background-color":"var(--ast-global-color-5)","background-image":"","background-repeat":"repeat","background-position":"center center","background-size":"auto","background-attachment":"scroll","background-type":"","background-media":"","overlay-type":"","overlay-color":"","overlay-opacity":"","overlay-gradient":""},"mobile":{"background-color":"var(--ast-global-color-5)","background-image":"","background-repeat":"repeat","background-position":"center center","background-size":"auto","background-attachment":"scroll","background-type":"","background-media":"","overlay-type":"","overlay-color":"","overlay-opacity":"","overlay-gradient":""}}},"product_brand":[],"product_cat":[55,108],"product_tag":[],"class_list":{"0":"post-20607","1":"product","2":"type-product","3":"status-publish","4":"has-post-thumbnail","6":"product_cat-kaklo-papuosalai","7":"product_cat-veriniai","8":"desktop-align-left","9":"tablet-align-left","10":"mobile-align-left","11":"ast-product-gallery-layout-horizontal-slider","12":"ast-product-tabs-layout-horizontal","14":"first","15":"instock","16":"shipping-taxable","17":"purchasable","18":"product-type-simple"},"yoast_head":"<!-- This site is optimized with the Yoast SEO plugin v26.9 - https:\/\/yoast.com\/product\/yoast-seo-wordpress\/ -->\n<title>Saul\u0117s akmens v\u0117rinys - Spind\u0117ja<\/title>\n<meta name=\"description\" content=\"Minimalistinis saul\u0117s akmen\u0117li\u0173 kaklo v\u0117rinys. Facetuoti karoliukai subtiliai \u017e\u0117ri, \u012fliedami harmonijos, gyvybin\u0117s energijos ir pasitik\u0117jimo \u0161io papuo\u0161alo ne\u0161iotojai.\" \/>\n<meta name=\"robots\" content=\"index, follow, max-snippet:-1, max-image-preview:large, max-video-preview:-1\" \/>\n<link rel=\"canonical\" href=\"https:\/\/spindeja.lt\/en\/product\/saules-akmens-verinys\/\" \/>\n<meta property=\"og:locale\" content=\"en_GB\" \/>\n<meta property=\"og:type\" content=\"article\" \/>\n<meta property=\"og:title\" content=\"Saul\u0117s akmens v\u0117rinys - Spind\u0117ja\" \/>\n<meta property=\"og:description\" content=\"Minimalistinis saul\u0117s akmen\u0117li\u0173 kaklo v\u0117rinys. Facetuoti karoliukai subtiliai \u017e\u0117ri, \u012fliedami harmonijos, gyvybin\u0117s energijos ir pasitik\u0117jimo \u0161io papuo\u0161alo ne\u0161iotojai.\" \/>\n<meta property=\"og:url\" content=\"https:\/\/spindeja.lt\/en\/product\/saules-akmens-verinys\/\" \/>\n<meta property=\"og:site_name\" content=\"Spind\u0117ja\" \/>\n<meta property=\"article:publisher\" content=\"https:\/\/www.facebook.com\/profile.php?id=100063674195191\" \/>\n<meta property=\"article:modified_time\" content=\"2025-07-25T08:14:59+00:00\" \/>\n<meta property=\"og:image\" content=\"https:\/\/spindeja.lt\/wp-content\/uploads\/2024\/03\/Saules-akmens-verinys-2.jpg\" \/>\n\t<meta property=\"og:image:width\" content=\"800\" \/>\n\t<meta property=\"og:image:height\" content=\"533\" \/>\n\t<meta property=\"og:image:type\" content=\"image\/jpeg\" \/>\n<meta name=\"twitter:card\" content=\"summary_large_image\" \/>\n<meta name=\"twitter:label1\" content=\"Estimated reading time\" \/>\n\t<meta name=\"twitter:data1\" content=\"1 minute\" \/>\n<script type=\"application\/ld+json\" class=\"yoast-schema-graph\">{\"@context\":\"https:\/\/schema.org\",\"@graph\":[{\"@type\":\"WebPage\",\"@id\":\"https:\/\/spindeja.lt\/produktas\/saules-akmens-verinys\/\",\"url\":\"https:\/\/spindeja.lt\/produktas\/saules-akmens-verinys\/\",\"name\":\"Saul\u0117s akmens v\u0117rinys - Spind\u0117ja\",\"isPartOf\":{\"@id\":\"https:\/\/spindeja.lt\/#website\"},\"primaryImageOfPage\":{\"@id\":\"https:\/\/spindeja.lt\/produktas\/saules-akmens-verinys\/#primaryimage\"},\"image\":{\"@id\":\"https:\/\/spindeja.lt\/produktas\/saules-akmens-verinys\/#primaryimage\"},\"thumbnailUrl\":\"https:\/\/spindeja.lt\/wp-content\/uploads\/2024\/03\/Saules-akmens-verinys-2.jpg\",\"datePublished\":\"2024-03-07T15:17:53+00:00\",\"dateModified\":\"2025-07-25T08:14:59+00:00\",\"description\":\"Minimalistinis saul\u0117s akmen\u0117li\u0173 kaklo v\u0117rinys. Facetuoti karoliukai subtiliai \u017e\u0117ri, \u012fliedami harmonijos, gyvybin\u0117s energijos ir pasitik\u0117jimo \u0161io papuo\u0161alo ne\u0161iotojai.\",\"breadcrumb\":{\"@id\":\"https:\/\/spindeja.lt\/produktas\/saules-akmens-verinys\/#breadcrumb\"},\"inLanguage\":\"en-GB\",\"potentialAction\":[{\"@type\":\"ReadAction\",\"target\":[\"https:\/\/spindeja.lt\/produktas\/saules-akmens-verinys\/\"]}]},{\"@type\":\"ImageObject\",\"inLanguage\":\"en-GB\",\"@id\":\"https:\/\/spindeja.lt\/produktas\/saules-akmens-verinys\/#primaryimage\",\"url\":\"https:\/\/spindeja.lt\/wp-content\/uploads\/2024\/03\/Saules-akmens-verinys-2.jpg\",\"contentUrl\":\"https:\/\/spindeja.lt\/wp-content\/uploads\/2024\/03\/Saules-akmens-verinys-2.jpg\",\"width\":800,\"height\":533,\"caption\":\"Saul\u0117s akmens v\u0117rinys\"},{\"@type\":\"BreadcrumbList\",\"@id\":\"https:\/\/spindeja.lt\/produktas\/saules-akmens-verinys\/#breadcrumb\",\"itemListElement\":[{\"@type\":\"ListItem\",\"position\":1,\"name\":\"Prad\u017eia\",\"item\":\"https:\/\/spindeja.lt\/\"},{\"@type\":\"ListItem\",\"position\":2,\"name\":\"Parduotuv\u0117\",\"item\":\"https:\/\/spindeja.lt\/parduotuve\/\"},{\"@type\":\"ListItem\",\"position\":3,\"name\":\"Saul\u0117s akmens v\u0117rinys\"}]},{\"@type\":\"WebSite\",\"@id\":\"https:\/\/spindeja.lt\/#website\",\"url\":\"https:\/\/spindeja.lt\/\",\"name\":\"Spind\u0117ja\",\"description\":\"Rank\u0173 darbo papuo\u0161alai Jums\",\"publisher\":{\"@id\":\"https:\/\/spindeja.lt\/#organization\"},\"potentialAction\":[{\"@type\":\"SearchAction\",\"target\":{\"@type\":\"EntryPoint\",\"urlTemplate\":\"https:\/\/spindeja.lt\/?s={search_term_string}\"},\"query-input\":{\"@type\":\"PropertyValueSpecification\",\"valueRequired\":true,\"valueName\":\"search_term_string\"}}],\"inLanguage\":\"en-GB\"},{\"@type\":\"Organization\",\"@id\":\"https:\/\/spindeja.lt\/#organization\",\"name\":\"Spind\u0117ja\",\"url\":\"https:\/\/spindeja.lt\/\",\"logo\":{\"@type\":\"ImageObject\",\"inLanguage\":\"en-GB\",\"@id\":\"https:\/\/spindeja.lt\/#\/schema\/logo\/image\/\",\"url\":\"https:\/\/spindeja.lt\/wp-content\/uploads\/2019\/12\/Layer-2.png\",\"contentUrl\":\"https:\/\/spindeja.lt\/wp-content\/uploads\/2019\/12\/Layer-2.png\",\"width\":915,\"height\":616,\"caption\":\"Spind\u0117ja\"},\"image\":{\"@id\":\"https:\/\/spindeja.lt\/#\/schema\/logo\/image\/\"},\"sameAs\":[\"https:\/\/www.facebook.com\/profile.php?id=100063674195191\",\"https:\/\/www.instagram.com\/spindeja\/\"]}]}<\/script>\n<!-- \/ Yoast SEO plugin. -->","yoast_head_json":{"title":"Saul\u0117s akmens v\u0117rinys - Spind\u0117ja","description":"Minimalistinis saul\u0117s akmen\u0117li\u0173 kaklo v\u0117rinys. Facetuoti karoliukai subtiliai \u017e\u0117ri, \u012fliedami harmonijos, gyvybin\u0117s energijos ir pasitik\u0117jimo \u0161io papuo\u0161alo ne\u0161iotojai.","robots":{"index":"index","follow":"follow","max-snippet":"max-snippet:-1","max-image-preview":"max-image-preview:large","max-video-preview":"max-video-preview:-1"},"canonical":"https:\/\/spindeja.lt\/en\/product\/saules-akmens-verinys\/","og_locale":"en_GB","og_type":"article","og_title":"Saul\u0117s akmens v\u0117rinys - Spind\u0117ja","og_description":"Minimalistinis saul\u0117s akmen\u0117li\u0173 kaklo v\u0117rinys. Facetuoti karoliukai subtiliai \u017e\u0117ri, \u012fliedami harmonijos, gyvybin\u0117s energijos ir pasitik\u0117jimo \u0161io papuo\u0161alo ne\u0161iotojai.","og_url":"https:\/\/spindeja.lt\/en\/product\/saules-akmens-verinys\/","og_site_name":"Spind\u0117ja","article_publisher":"https:\/\/www.facebook.com\/profile.php?id=100063674195191","article_modified_time":"2025-07-25T08:14:59+00:00","og_image":[{"width":800,"height":533,"url":"https:\/\/spindeja.lt\/wp-content\/uploads\/2024\/03\/Saules-akmens-verinys-2.jpg","type":"image\/jpeg"}],"twitter_card":"summary_large_image","twitter_misc":{"Estimated reading time":"1 minute"},"schema":{"@context":"https:\/\/schema.org","@graph":[{"@type":"WebPage","@id":"https:\/\/spindeja.lt\/produktas\/saules-akmens-verinys\/","url":"https:\/\/spindeja.lt\/produktas\/saules-akmens-verinys\/","name":"Saul\u0117s akmens v\u0117rinys - Spind\u0117ja","isPartOf":{"@id":"https:\/\/spindeja.lt\/#website"},"primaryImageOfPage":{"@id":"https:\/\/spindeja.lt\/produktas\/saules-akmens-verinys\/#primaryimage"},"image":{"@id":"https:\/\/spindeja.lt\/produktas\/saules-akmens-verinys\/#primaryimage"},"thumbnailUrl":"https:\/\/spindeja.lt\/wp-content\/uploads\/2024\/03\/Saules-akmens-verinys-2.jpg","datePublished":"2024-03-07T15:17:53+00:00","dateModified":"2025-07-25T08:14:59+00:00","description":"Minimalistinis saul\u0117s akmen\u0117li\u0173 kaklo v\u0117rinys. Facetuoti karoliukai subtiliai \u017e\u0117ri, \u012fliedami harmonijos, gyvybin\u0117s energijos ir pasitik\u0117jimo \u0161io papuo\u0161alo ne\u0161iotojai.","breadcrumb":{"@id":"https:\/\/spindeja.lt\/produktas\/saules-akmens-verinys\/#breadcrumb"},"inLanguage":"en-GB","potentialAction":[{"@type":"ReadAction","target":["https:\/\/spindeja.lt\/produktas\/saules-akmens-verinys\/"]}]},{"@type":"ImageObject","inLanguage":"en-GB","@id":"https:\/\/spindeja.lt\/produktas\/saules-akmens-verinys\/#primaryimage","url":"https:\/\/spindeja.lt\/wp-content\/uploads\/2024\/03\/Saules-akmens-verinys-2.jpg","contentUrl":"https:\/\/spindeja.lt\/wp-content\/uploads\/2024\/03\/Saules-akmens-verinys-2.jpg","width":800,"height":533,"caption":"Saul\u0117s akmens v\u0117rinys"},{"@type":"BreadcrumbList","@id":"https:\/\/spindeja.lt\/produktas\/saules-akmens-verinys\/#breadcrumb","itemListElement":[{"@type":"ListItem","position":1,"name":"Prad\u017eia","item":"https:\/\/spindeja.lt\/"},{"@type":"ListItem","position":2,"name":"Parduotuv\u0117","item":"https:\/\/spindeja.lt\/parduotuve\/"},{"@type":"ListItem","position":3,"name":"Saul\u0117s akmens v\u0117rinys"}]},{"@type":"WebSite","@id":"https:\/\/spindeja.lt\/#website","url":"https:\/\/spindeja.lt\/","name":"Spind\u0117ja","description":"Rank\u0173 darbo papuo\u0161alai Jums","publisher":{"@id":"https:\/\/spindeja.lt\/#organization"},"potentialAction":[{"@type":"SearchAction","target":{"@type":"EntryPoint","urlTemplate":"https:\/\/spindeja.lt\/?s={search_term_string}"},"query-input":{"@type":"PropertyValueSpecification","valueRequired":true,"valueName":"search_term_string"}}],"inLanguage":"en-GB"},{"@type":"Organization","@id":"https:\/\/spindeja.lt\/#organization","name":"Spind\u0117ja","url":"https:\/\/spindeja.lt\/","logo":{"@type":"ImageObject","inLanguage":"en-GB","@id":"https:\/\/spindeja.lt\/#\/schema\/logo\/image\/","url":"https:\/\/spindeja.lt\/wp-content\/uploads\/2019\/12\/Layer-2.png","contentUrl":"https:\/\/spindeja.lt\/wp-content\/uploads\/2019\/12\/Layer-2.png","width":915,"height":616,"caption":"Spind\u0117ja"},"image":{"@id":"https:\/\/spindeja.lt\/#\/schema\/logo\/image\/"},"sameAs":["https:\/\/www.facebook.com\/profile.php?id=100063674195191","https:\/\/www.instagram.com\/spindeja\/"]}]}},"uagb_featured_image_src":{"full":["https:\/\/spindeja.lt\/wp-content\/uploads\/2024\/03\/Saules-akmens-verinys-2.jpg",800,533,false],"thumbnail":["https:\/\/spindeja.lt\/wp-content\/uploads\/2024\/03\/Saules-akmens-verinys-2-150x150.jpg",150,150,true],"medium":["https:\/\/spindeja.lt\/wp-content\/uploads\/2024\/03\/Saules-akmens-verinys-2-300x200.jpg",300,200,true],"medium_large":["https:\/\/spindeja.lt\/wp-content\/uploads\/2024\/03\/Saules-akmens-verinys-2-768x512.jpg",768,512,true],"large":["https:\/\/spindeja.lt\/wp-content\/uploads\/2024\/03\/Saules-akmens-verinys-2.jpg",800,533,false],"1536x1536":["https:\/\/spindeja.lt\/wp-content\/uploads\/2024\/03\/Saules-akmens-verinys-2.jpg",800,533,false],"2048x2048":["https:\/\/spindeja.lt\/wp-content\/uploads\/2024\/03\/Saules-akmens-verinys-2.jpg",800,533,false],"trp-custom-language-flag":["https:\/\/spindeja.lt\/wp-content\/uploads\/2024\/03\/Saules-akmens-verinys-2-18x12.jpg",18,12,true],"woocommerce_thumbnail":["https:\/\/spindeja.lt\/wp-content\/uploads\/2024\/03\/Saules-akmens-verinys-2-540x533.jpg",540,533,true],"woocommerce_single":["https:\/\/spindeja.lt\/wp-content\/uploads\/2024\/03\/Saules-akmens-verinys-2-540x360.jpg",540,360,true],"woocommerce_gallery_thumbnail":["https:\/\/spindeja.lt\/wp-content\/uploads\/2024\/03\/Saules-akmens-verinys-2-100x100.jpg",100,100,true]},"uagb_author_info":{"display_name":"spindeja","author_link":"https:\/\/spindeja.lt\/en\/author\/"},"uagb_comment_info":0,"uagb_excerpt":"Minimalistinis saul\u0117s akmen\u0117li\u0173 kaklo v\u0117rinys. Facetuoti karoliukai subtiliai \u017e\u0117ri, \u012fliedami harmonijos, gyvybin\u0117s energijos ir pasitik\u0117jimo \u0161io papuo\u0161alo ne\u0161iotojai. Paauksuoto sidabro ir paauksuoto \u017ealvario detal\u0117s. V\u0117rinio ilgis 41 cm. Jeigu reikalingas individualus ilgis, susisiekite nurodytais kontaktais arba socialiniuose tinkluose. Pristatoma Spind\u0117jos dovan\u0173 d\u0117\u017eut\u0117je. Turimas vietoje papuo\u0161alas i\u0161siun\u010diamas per 1-2 darbo dienas. Individualiems u\u017esakymams taikomas 5-9 darbo&hellip;","_links":{"self":[{"href":"https:\/\/spindeja.lt\/en\/wp-json\/wp\/v2\/product\/20607","targetHints":{"allow":["GET"]}}],"collection":[{"href":"https:\/\/spindeja.lt\/en\/wp-json\/wp\/v2\/product"}],"about":[{"href":"https:\/\/spindeja.lt\/en\/wp-json\/wp\/v2\/types\/product"}],"replies":[{"embeddable":true,"href":"https:\/\/spindeja.lt\/en\/wp-json\/wp\/v2\/comments?post=20607"}],"wp:featuredmedia":[{"embeddable":true,"href":"https:\/\/spindeja.lt\/en\/wp-json\/wp\/v2\/media\/20608"}],"wp:attachment":[{"href":"https:\/\/spindeja.lt\/en\/wp-json\/wp\/v2\/media?parent=20607"}],"wp:term":[{"taxonomy":"product_brand","embeddable":true,"href":"https:\/\/spindeja.lt\/en\/wp-json\/wp\/v2\/product_brand?post=20607"},{"taxonomy":"product_cat","embeddable":true,"href":"https:\/\/spindeja.lt\/en\/wp-json\/wp\/v2\/product_cat?post=20607"},{"taxonomy":"product_tag","embeddable":true,"href":"https:\/\/spindeja.lt\/en\/wp-json\/wp\/v2\/product_tag?post=20607"}],"curies":[{"name":"wp","href":"https:\/\/api.w.org\/{rel}","templated":true}]}}