{"id":20588,"date":"2024-02-02T13:10:20","date_gmt":"2024-02-02T11:10:20","guid":{"rendered":"https:\/\/spindeja.lt\/?post_type=product&#038;p=20588"},"modified":"2025-06-05T18:44:46","modified_gmt":"2025-06-05T16:44:46","slug":"spinelio-verinys","status":"publish","type":"product","link":"https:\/\/spindeja.lt\/en\/product\/spinelio-verinys\/","title":{"rendered":"\u0160pinelio v\u0117rinys"},"content":{"rendered":"<p>V\u0117riniai i\u0161 nat\u016brali\u0173 kristal\u0173 prie pat kaklo energeti\u0161kai veikia stipriausiai, nes kaklas yra jungiamoji grandis tarp m\u016bs\u0173 galvos ir k\u016bno. Tod\u0117l b\u016btent tokio ilgio v\u0117rinius geriausiai ne\u0161ioti ant kaklo. Nat\u016brali\u0173 akmen\u0173 poveikis aplink kakl\u0105 yra \u017eenkliai stipresnis u\u017e apyranki\u0173 energetin\u012f poveik\u012f.<\/p>\n<p>Juodasis \u0161pinelis yra harmonijos ir gyvybin\u0117s energijos akmuo, suteikiantis pasitik\u0117jimo savimi ir \u012fkvepiantis poky\u010diams.<br \/>\nTai s\u0105moningos kelion\u0117s \u012f priek\u012f akmuo, skatinantis ie\u0161koti nuotyki\u0173 ir \u012fvairi\u0173 u\u017eduo\u010di\u0173, kurios atne\u0161t\u0173 augim\u0105, pasitenkinim\u0105 ir norim\u0105 rezultat\u0105.<\/p>\n<p>Jis padeda \u012fveikti vis sunkesnes ir sunkesnes u\u017eduotis, skatina pozityv\u0173 m\u0105stym\u0105, pasitik\u0117jim\u0105 savimi, asmenyb\u0117s vystym\u0105si ir individualum\u0105. \u0160pinelis skatina energijos sraut\u0105, padeda atverti energetinius centrus, taip pakeliant gyvybingum\u0105.<\/p>\n<p>Taip pat \u0161pinelis yra apsaugos akmuo, galintis apsaugoti nuo negatyvi\u0173 energij\u0173 ir \u017emoni\u0173 \u012ftakos.<\/p>\n<p>&nbsp;<\/p>","protected":false},"excerpt":{"rendered":"<p>Minimalistinis juodojo \u0161pinelio kaklo v\u0117rinys su ner\u016bdijan\u010dio plieno m\u0117nulio pakabuku. Kai norisi minimaliai, subtiliai ir stilingai spind\u0117ti. Facetuoti karoliukai subtiliai \u017e\u0117ri, \u012fliedami harmonijos, gyvybin\u0117s energijos bei sukuria apsaugin\u012f lauk\u0105 \u0161io papuo\u0161alo ne\u0161iotojai.<\/p>\n<p>Akmen\u0117li\u0173 skersmuo 4 mm, v\u0117rinio ilgis 39 cm + 3 cm prailginimo grandin\u0117l\u0117. Jeigu reikalingas individualus ilgis, pra\u0161ome susisiekti nurodytais kontaktais.<\/p>\n<p>Paauksuoto ner\u016bdijan\u010dio plieno detal\u0117s.<\/p>\n<p>Turimas vietoje papuo\u0161alas i\u0161siun\u010diamas per 1-2 darbo dienas.<\/p>\n<p>Individualiems u\u017esakymams taikomas 5-9 darbo dien\u0173 pagaminimo terminas. Esant skubiam atvejui, susisiekite \u017einute.<\/p>","protected":false},"featured_media":20590,"comment_status":"closed","ping_status":"closed","template":"","meta":{"_uag_custom_page_level_css":"","site-sidebar-layout":"default","site-content-layout":"","ast-site-content-layout":"default","site-content-style":"default","site-sidebar-style":"default","ast-global-header-display":"","ast-banner-title-visibility":"","ast-main-header-display":"","ast-hfb-above-header-display":"","ast-hfb-below-header-display":"","ast-hfb-mobile-header-display":"","site-post-title":"","ast-breadcrumbs-content":"","ast-featured-img":"","footer-sml-layout":"","ast-disable-related-posts":"","theme-transparent-header-meta":"default","adv-header-id-meta":"","stick-header-meta":"default","header-above-stick-meta":"","header-main-stick-meta":"","header-below-stick-meta":"","astra-migrate-meta-layouts":"set","ast-page-background-enabled":"default","ast-page-background-meta":{"desktop":{"background-color":"","background-image":"","background-repeat":"repeat","background-position":"center center","background-size":"auto","background-attachment":"scroll","background-type":"","background-media":"","overlay-type":"","overlay-color":"","overlay-opacity":"","overlay-gradient":""},"tablet":{"background-color":"","background-image":"","background-repeat":"repeat","background-position":"center center","background-size":"auto","background-attachment":"scroll","background-type":"","background-media":"","overlay-type":"","overlay-color":"","overlay-opacity":"","overlay-gradient":""},"mobile":{"background-color":"","background-image":"","background-repeat":"repeat","background-position":"center center","background-size":"auto","background-attachment":"scroll","background-type":"","background-media":"","overlay-type":"","overlay-color":"","overlay-opacity":"","overlay-gradient":""}},"ast-content-background-meta":{"desktop":{"background-color":"var(--ast-global-color-5)","background-image":"","background-repeat":"repeat","background-position":"center center","background-size":"auto","background-attachment":"scroll","background-type":"","background-media":"","overlay-type":"","overlay-color":"","overlay-opacity":"","overlay-gradient":""},"tablet":{"background-color":"var(--ast-global-color-5)","background-image":"","background-repeat":"repeat","background-position":"center center","background-size":"auto","background-attachment":"scroll","background-type":"","background-media":"","overlay-type":"","overlay-color":"","overlay-opacity":"","overlay-gradient":""},"mobile":{"background-color":"var(--ast-global-color-5)","background-image":"","background-repeat":"repeat","background-position":"center center","background-size":"auto","background-attachment":"scroll","background-type":"","background-media":"","overlay-type":"","overlay-color":"","overlay-opacity":"","overlay-gradient":""}}},"product_brand":[],"product_cat":[55,108],"product_tag":[],"class_list":{"0":"post-20588","1":"product","2":"type-product","3":"status-publish","4":"has-post-thumbnail","6":"product_cat-kaklo-papuosalai","7":"product_cat-veriniai","8":"desktop-align-left","9":"tablet-align-left","10":"mobile-align-left","11":"ast-product-gallery-layout-horizontal-slider","12":"ast-product-tabs-layout-horizontal","14":"first","15":"instock","16":"shipping-taxable","17":"purchasable","18":"product-type-simple"},"yoast_head":"<!-- This site is optimized with the Yoast SEO plugin v26.9 - https:\/\/yoast.com\/product\/yoast-seo-wordpress\/ -->\n<title>\u0160pinelio v\u0117rinys - Spind\u0117ja<\/title>\n<meta name=\"description\" content=\"Minimalistinis juodojo \u0161pinelio kaklo v\u0117rinys su ner\u016bdijan\u010dio plieno m\u0117nulio pakabuku. Kai norisi minimaliai, subtiliai ir stilingai spind\u0117ti. Facetuoti karoliukai subtiliai \u017e\u0117ri, \u012fliedami harmonijos, gyvybin\u0117s energijos bei sukuria apsaugin\u012f lauk\u0105 \u0161io papuo\u0161alo ne\u0161iotojai.\" \/>\n<meta name=\"robots\" content=\"index, follow, max-snippet:-1, max-image-preview:large, max-video-preview:-1\" \/>\n<link rel=\"canonical\" href=\"https:\/\/spindeja.lt\/en\/product\/spinelio-verinys\/\" \/>\n<meta property=\"og:locale\" content=\"en_GB\" \/>\n<meta property=\"og:type\" content=\"article\" \/>\n<meta property=\"og:title\" content=\"\u0160pinelio v\u0117rinys - Spind\u0117ja\" \/>\n<meta property=\"og:description\" content=\"Minimalistinis juodojo \u0161pinelio kaklo v\u0117rinys su ner\u016bdijan\u010dio plieno m\u0117nulio pakabuku. Kai norisi minimaliai, subtiliai ir stilingai spind\u0117ti. Facetuoti karoliukai subtiliai \u017e\u0117ri, \u012fliedami harmonijos, gyvybin\u0117s energijos bei sukuria apsaugin\u012f lauk\u0105 \u0161io papuo\u0161alo ne\u0161iotojai.\" \/>\n<meta property=\"og:url\" content=\"https:\/\/spindeja.lt\/en\/product\/spinelio-verinys\/\" \/>\n<meta property=\"og:site_name\" content=\"Spind\u0117ja\" \/>\n<meta property=\"article:publisher\" content=\"https:\/\/www.facebook.com\/profile.php?id=100063674195191\" \/>\n<meta property=\"article:modified_time\" content=\"2025-06-05T16:44:46+00:00\" \/>\n<meta property=\"og:image\" content=\"https:\/\/spindeja.lt\/wp-content\/uploads\/2024\/02\/Spinelio-verinys.webp\" \/>\n\t<meta property=\"og:image:width\" content=\"533\" \/>\n\t<meta property=\"og:image:height\" content=\"800\" \/>\n\t<meta property=\"og:image:type\" content=\"image\/webp\" \/>\n<meta name=\"twitter:card\" content=\"summary_large_image\" \/>\n<meta name=\"twitter:label1\" content=\"Estimated reading time\" \/>\n\t<meta name=\"twitter:data1\" content=\"1 minute\" \/>\n<script type=\"application\/ld+json\" class=\"yoast-schema-graph\">{\"@context\":\"https:\/\/schema.org\",\"@graph\":[{\"@type\":\"WebPage\",\"@id\":\"https:\/\/spindeja.lt\/produktas\/spinelio-verinys\/\",\"url\":\"https:\/\/spindeja.lt\/produktas\/spinelio-verinys\/\",\"name\":\"\u0160pinelio v\u0117rinys - Spind\u0117ja\",\"isPartOf\":{\"@id\":\"https:\/\/spindeja.lt\/#website\"},\"primaryImageOfPage\":{\"@id\":\"https:\/\/spindeja.lt\/produktas\/spinelio-verinys\/#primaryimage\"},\"image\":{\"@id\":\"https:\/\/spindeja.lt\/produktas\/spinelio-verinys\/#primaryimage\"},\"thumbnailUrl\":\"https:\/\/spindeja.lt\/wp-content\/uploads\/2024\/02\/Spinelio-verinys.webp\",\"datePublished\":\"2024-02-02T11:10:20+00:00\",\"dateModified\":\"2025-06-05T16:44:46+00:00\",\"description\":\"Minimalistinis juodojo \u0161pinelio kaklo v\u0117rinys su ner\u016bdijan\u010dio plieno m\u0117nulio pakabuku. Kai norisi minimaliai, subtiliai ir stilingai spind\u0117ti. Facetuoti karoliukai subtiliai \u017e\u0117ri, \u012fliedami harmonijos, gyvybin\u0117s energijos bei sukuria apsaugin\u012f lauk\u0105 \u0161io papuo\u0161alo ne\u0161iotojai.\",\"breadcrumb\":{\"@id\":\"https:\/\/spindeja.lt\/produktas\/spinelio-verinys\/#breadcrumb\"},\"inLanguage\":\"en-GB\",\"potentialAction\":[{\"@type\":\"ReadAction\",\"target\":[\"https:\/\/spindeja.lt\/produktas\/spinelio-verinys\/\"]}]},{\"@type\":\"ImageObject\",\"inLanguage\":\"en-GB\",\"@id\":\"https:\/\/spindeja.lt\/produktas\/spinelio-verinys\/#primaryimage\",\"url\":\"https:\/\/spindeja.lt\/wp-content\/uploads\/2024\/02\/Spinelio-verinys.webp\",\"contentUrl\":\"https:\/\/spindeja.lt\/wp-content\/uploads\/2024\/02\/Spinelio-verinys.webp\",\"width\":533,\"height\":800,\"caption\":\"Juodojo \u0161pinelio v\u0117rinys\"},{\"@type\":\"BreadcrumbList\",\"@id\":\"https:\/\/spindeja.lt\/produktas\/spinelio-verinys\/#breadcrumb\",\"itemListElement\":[{\"@type\":\"ListItem\",\"position\":1,\"name\":\"Prad\u017eia\",\"item\":\"https:\/\/spindeja.lt\/\"},{\"@type\":\"ListItem\",\"position\":2,\"name\":\"Parduotuv\u0117\",\"item\":\"https:\/\/spindeja.lt\/parduotuve\/\"},{\"@type\":\"ListItem\",\"position\":3,\"name\":\"\u0160pinelio v\u0117rinys\"}]},{\"@type\":\"WebSite\",\"@id\":\"https:\/\/spindeja.lt\/#website\",\"url\":\"https:\/\/spindeja.lt\/\",\"name\":\"Spind\u0117ja\",\"description\":\"Rank\u0173 darbo papuo\u0161alai Jums\",\"publisher\":{\"@id\":\"https:\/\/spindeja.lt\/#organization\"},\"potentialAction\":[{\"@type\":\"SearchAction\",\"target\":{\"@type\":\"EntryPoint\",\"urlTemplate\":\"https:\/\/spindeja.lt\/?s={search_term_string}\"},\"query-input\":{\"@type\":\"PropertyValueSpecification\",\"valueRequired\":true,\"valueName\":\"search_term_string\"}}],\"inLanguage\":\"en-GB\"},{\"@type\":\"Organization\",\"@id\":\"https:\/\/spindeja.lt\/#organization\",\"name\":\"Spind\u0117ja\",\"url\":\"https:\/\/spindeja.lt\/\",\"logo\":{\"@type\":\"ImageObject\",\"inLanguage\":\"en-GB\",\"@id\":\"https:\/\/spindeja.lt\/#\/schema\/logo\/image\/\",\"url\":\"https:\/\/spindeja.lt\/wp-content\/uploads\/2019\/12\/Layer-2.png\",\"contentUrl\":\"https:\/\/spindeja.lt\/wp-content\/uploads\/2019\/12\/Layer-2.png\",\"width\":915,\"height\":616,\"caption\":\"Spind\u0117ja\"},\"image\":{\"@id\":\"https:\/\/spindeja.lt\/#\/schema\/logo\/image\/\"},\"sameAs\":[\"https:\/\/www.facebook.com\/profile.php?id=100063674195191\",\"https:\/\/www.instagram.com\/spindeja\/\"]}]}<\/script>\n<!-- \/ Yoast SEO plugin. -->","yoast_head_json":{"title":"\u0160pinelio v\u0117rinys - Spind\u0117ja","description":"Minimalistinis juodojo \u0161pinelio kaklo v\u0117rinys su ner\u016bdijan\u010dio plieno m\u0117nulio pakabuku. Kai norisi minimaliai, subtiliai ir stilingai spind\u0117ti. Facetuoti karoliukai subtiliai \u017e\u0117ri, \u012fliedami harmonijos, gyvybin\u0117s energijos bei sukuria apsaugin\u012f lauk\u0105 \u0161io papuo\u0161alo ne\u0161iotojai.","robots":{"index":"index","follow":"follow","max-snippet":"max-snippet:-1","max-image-preview":"max-image-preview:large","max-video-preview":"max-video-preview:-1"},"canonical":"https:\/\/spindeja.lt\/en\/product\/spinelio-verinys\/","og_locale":"en_GB","og_type":"article","og_title":"\u0160pinelio v\u0117rinys - Spind\u0117ja","og_description":"Minimalistinis juodojo \u0161pinelio kaklo v\u0117rinys su ner\u016bdijan\u010dio plieno m\u0117nulio pakabuku. Kai norisi minimaliai, subtiliai ir stilingai spind\u0117ti. Facetuoti karoliukai subtiliai \u017e\u0117ri, \u012fliedami harmonijos, gyvybin\u0117s energijos bei sukuria apsaugin\u012f lauk\u0105 \u0161io papuo\u0161alo ne\u0161iotojai.","og_url":"https:\/\/spindeja.lt\/en\/product\/spinelio-verinys\/","og_site_name":"Spind\u0117ja","article_publisher":"https:\/\/www.facebook.com\/profile.php?id=100063674195191","article_modified_time":"2025-06-05T16:44:46+00:00","og_image":[{"width":533,"height":800,"url":"https:\/\/spindeja.lt\/wp-content\/uploads\/2024\/02\/Spinelio-verinys.webp","type":"image\/webp"}],"twitter_card":"summary_large_image","twitter_misc":{"Estimated reading time":"1 minute"},"schema":{"@context":"https:\/\/schema.org","@graph":[{"@type":"WebPage","@id":"https:\/\/spindeja.lt\/produktas\/spinelio-verinys\/","url":"https:\/\/spindeja.lt\/produktas\/spinelio-verinys\/","name":"\u0160pinelio v\u0117rinys - Spind\u0117ja","isPartOf":{"@id":"https:\/\/spindeja.lt\/#website"},"primaryImageOfPage":{"@id":"https:\/\/spindeja.lt\/produktas\/spinelio-verinys\/#primaryimage"},"image":{"@id":"https:\/\/spindeja.lt\/produktas\/spinelio-verinys\/#primaryimage"},"thumbnailUrl":"https:\/\/spindeja.lt\/wp-content\/uploads\/2024\/02\/Spinelio-verinys.webp","datePublished":"2024-02-02T11:10:20+00:00","dateModified":"2025-06-05T16:44:46+00:00","description":"Minimalistinis juodojo \u0161pinelio kaklo v\u0117rinys su ner\u016bdijan\u010dio plieno m\u0117nulio pakabuku. Kai norisi minimaliai, subtiliai ir stilingai spind\u0117ti. Facetuoti karoliukai subtiliai \u017e\u0117ri, \u012fliedami harmonijos, gyvybin\u0117s energijos bei sukuria apsaugin\u012f lauk\u0105 \u0161io papuo\u0161alo ne\u0161iotojai.","breadcrumb":{"@id":"https:\/\/spindeja.lt\/produktas\/spinelio-verinys\/#breadcrumb"},"inLanguage":"en-GB","potentialAction":[{"@type":"ReadAction","target":["https:\/\/spindeja.lt\/produktas\/spinelio-verinys\/"]}]},{"@type":"ImageObject","inLanguage":"en-GB","@id":"https:\/\/spindeja.lt\/produktas\/spinelio-verinys\/#primaryimage","url":"https:\/\/spindeja.lt\/wp-content\/uploads\/2024\/02\/Spinelio-verinys.webp","contentUrl":"https:\/\/spindeja.lt\/wp-content\/uploads\/2024\/02\/Spinelio-verinys.webp","width":533,"height":800,"caption":"Juodojo \u0161pinelio v\u0117rinys"},{"@type":"BreadcrumbList","@id":"https:\/\/spindeja.lt\/produktas\/spinelio-verinys\/#breadcrumb","itemListElement":[{"@type":"ListItem","position":1,"name":"Prad\u017eia","item":"https:\/\/spindeja.lt\/"},{"@type":"ListItem","position":2,"name":"Parduotuv\u0117","item":"https:\/\/spindeja.lt\/parduotuve\/"},{"@type":"ListItem","position":3,"name":"\u0160pinelio v\u0117rinys"}]},{"@type":"WebSite","@id":"https:\/\/spindeja.lt\/#website","url":"https:\/\/spindeja.lt\/","name":"Spind\u0117ja","description":"Rank\u0173 darbo papuo\u0161alai Jums","publisher":{"@id":"https:\/\/spindeja.lt\/#organization"},"potentialAction":[{"@type":"SearchAction","target":{"@type":"EntryPoint","urlTemplate":"https:\/\/spindeja.lt\/?s={search_term_string}"},"query-input":{"@type":"PropertyValueSpecification","valueRequired":true,"valueName":"search_term_string"}}],"inLanguage":"en-GB"},{"@type":"Organization","@id":"https:\/\/spindeja.lt\/#organization","name":"Spind\u0117ja","url":"https:\/\/spindeja.lt\/","logo":{"@type":"ImageObject","inLanguage":"en-GB","@id":"https:\/\/spindeja.lt\/#\/schema\/logo\/image\/","url":"https:\/\/spindeja.lt\/wp-content\/uploads\/2019\/12\/Layer-2.png","contentUrl":"https:\/\/spindeja.lt\/wp-content\/uploads\/2019\/12\/Layer-2.png","width":915,"height":616,"caption":"Spind\u0117ja"},"image":{"@id":"https:\/\/spindeja.lt\/#\/schema\/logo\/image\/"},"sameAs":["https:\/\/www.facebook.com\/profile.php?id=100063674195191","https:\/\/www.instagram.com\/spindeja\/"]}]}},"uagb_featured_image_src":{"full":["https:\/\/spindeja.lt\/wp-content\/uploads\/2024\/02\/Spinelio-verinys.webp",533,800,false],"thumbnail":["https:\/\/spindeja.lt\/wp-content\/uploads\/2024\/02\/Spinelio-verinys-150x150.webp",150,150,true],"medium":["https:\/\/spindeja.lt\/wp-content\/uploads\/2024\/02\/Spinelio-verinys-200x300.webp",200,300,true],"medium_large":["https:\/\/spindeja.lt\/wp-content\/uploads\/2024\/02\/Spinelio-verinys.webp",533,800,false],"large":["https:\/\/spindeja.lt\/wp-content\/uploads\/2024\/02\/Spinelio-verinys.webp",533,800,false],"1536x1536":["https:\/\/spindeja.lt\/wp-content\/uploads\/2024\/02\/Spinelio-verinys.webp",533,800,false],"2048x2048":["https:\/\/spindeja.lt\/wp-content\/uploads\/2024\/02\/Spinelio-verinys.webp",533,800,false],"trp-custom-language-flag":["https:\/\/spindeja.lt\/wp-content\/uploads\/2024\/02\/Spinelio-verinys-8x12.webp",8,12,true],"woocommerce_thumbnail":["https:\/\/spindeja.lt\/wp-content\/uploads\/2024\/02\/Spinelio-verinys-533x540.webp",533,540,true],"woocommerce_single":["https:\/\/spindeja.lt\/wp-content\/uploads\/2024\/02\/Spinelio-verinys.webp",533,800,false],"woocommerce_gallery_thumbnail":["https:\/\/spindeja.lt\/wp-content\/uploads\/2024\/02\/Spinelio-verinys-100x100.webp",100,100,true]},"uagb_author_info":{"display_name":"spindeja","author_link":"https:\/\/spindeja.lt\/en\/author\/"},"uagb_comment_info":0,"uagb_excerpt":"Minimalistinis juodojo \u0161pinelio kaklo v\u0117rinys su ner\u016bdijan\u010dio plieno m\u0117nulio pakabuku. Kai norisi minimaliai, subtiliai ir stilingai spind\u0117ti. Facetuoti karoliukai subtiliai \u017e\u0117ri, \u012fliedami harmonijos, gyvybin\u0117s energijos bei sukuria apsaugin\u012f lauk\u0105 \u0161io papuo\u0161alo ne\u0161iotojai. Akmen\u0117li\u0173 skersmuo 4 mm, v\u0117rinio ilgis 39 cm + 3 cm prailginimo grandin\u0117l\u0117. Jeigu reikalingas individualus ilgis, pra\u0161ome susisiekti nurodytais kontaktais. Paauksuoto ner\u016bdijan\u010dio&hellip;","_links":{"self":[{"href":"https:\/\/spindeja.lt\/en\/wp-json\/wp\/v2\/product\/20588","targetHints":{"allow":["GET"]}}],"collection":[{"href":"https:\/\/spindeja.lt\/en\/wp-json\/wp\/v2\/product"}],"about":[{"href":"https:\/\/spindeja.lt\/en\/wp-json\/wp\/v2\/types\/product"}],"replies":[{"embeddable":true,"href":"https:\/\/spindeja.lt\/en\/wp-json\/wp\/v2\/comments?post=20588"}],"wp:featuredmedia":[{"embeddable":true,"href":"https:\/\/spindeja.lt\/en\/wp-json\/wp\/v2\/media\/20590"}],"wp:attachment":[{"href":"https:\/\/spindeja.lt\/en\/wp-json\/wp\/v2\/media?parent=20588"}],"wp:term":[{"taxonomy":"product_brand","embeddable":true,"href":"https:\/\/spindeja.lt\/en\/wp-json\/wp\/v2\/product_brand?post=20588"},{"taxonomy":"product_cat","embeddable":true,"href":"https:\/\/spindeja.lt\/en\/wp-json\/wp\/v2\/product_cat?post=20588"},{"taxonomy":"product_tag","embeddable":true,"href":"https:\/\/spindeja.lt\/en\/wp-json\/wp\/v2\/product_tag?post=20588"}],"curies":[{"name":"wp","href":"https:\/\/api.w.org\/{rel}","templated":true}]}}