{"id":20476,"date":"2023-12-22T22:50:10","date_gmt":"2023-12-22T20:50:10","guid":{"rendered":"https:\/\/spindeja.lt\/?post_type=product&#038;p=20476"},"modified":"2026-04-29T16:20:29","modified_gmt":"2026-04-29T14:20:29","slug":"rubinu-ir-safyru-verinys","status":"publish","type":"product","link":"https:\/\/spindeja.lt\/en\/product\/rubinu-ir-safyru-verinys\/","title":{"rendered":"Rubin\u0173 ir safyr\u0173 v\u0117rinys"},"content":{"rendered":"<p>V\u0117riniai i\u0161 nat\u016brali\u0173 kristal\u0173 prie pat kaklo energeti\u0161kai veikia stipriausiai, nes kaklas yra jungiamoji grandis tarp m\u016bs\u0173 galvos ir k\u016bno. Tod\u0117l b\u016btent tokio ilgio v\u0117rinius geriausiai ne\u0161ioti ant kaklo. Nat\u016brali\u0173 akmen\u0173 poveikis aplink kakl\u0105 yra \u017eenkliai stipresnis u\u017e apyranki\u0173 energetin\u012f poveik\u012f.<\/p>\n<p>Rubinas \u2013 tai gyvyb\u0117s, aistros ir karali\u0161kos dr\u0105sos akmuo. Jo ugnin\u0117 spalva primena \u0161irdies plakim\u0105, kupin\u0105 tik\u0117jimo, ry\u017eto ir nei\u0161senkan\u010dios meil\u0117s. Jis pa\u017eadina gyvybin\u0119 energij\u0105, stiprina vali\u0105, saugo nuo apatijos ir i\u0161sekimo. Tai sielos \u017eie\u017eirba, dr\u0105siai vedanti per vidines transformacijas, skatinanti save myl\u0117ti be kompromis\u0173.<br \/>\nRubinas ypa\u010d stiprina \u0161irdies \u010dakr\u0105, bet tuo pa\u010diu ir bazin\u0119 \u010dakr\u0105 \u2013 jungdamas meil\u0119 su \u017eemi\u0161kumu, dvasi\u0105 su veiksmu. Tinka tiems, kurie jau\u010dia pa\u0161aukim\u0105 gyventi i\u0161 \u0161irdies, bet dar nedr\u012fsta \u017eengti dr\u0105si\u0173 \u017eingsni\u0173.<\/p>\n<p>Safyras \u2013 tai gilaus dvasinio matymo ir ramyb\u0117s akmuo. Tarsi nakties dangus, jis nuramina prot\u0105, atveria intuicij\u0105 ir padeda i\u0161girsti \u0161irdies bals\u0105. Safyras da\u017enai vadinamas i\u0161minties akmeniu \u2013 jis palaiko ai\u0161k\u0173 m\u0105stym\u0105, s\u0105moning\u0105 kalb\u0105 ir teisingus sprendimus.<br \/>\nStiprina tre\u010diosios akies ir gerkl\u0117s \u010dakras \u2013 tod\u0117l ypa\u010d tinka tiems, kuri\u0173 darbas yra susij\u0119s su kalb\u0117jimu, k\u016bryba ar dvasiniu vedimu. Safyras suteikia vidin\u0119 ramyb\u0119 net ir audros akivaizdoje \u2013 jis padeda susijungti su savo auk\u0161tesni\u0105ja versija ir i\u0161laikyti tiesos \u0161vies\u0105 bet kokioje situacijoje.<\/p>","protected":false},"excerpt":{"rendered":"<p>I\u0161skirtinis v\u0117rinys i\u0161 rubin\u0173 ir safyr\u0173 facetuot\u0173 akmen\u0117li\u0173.<\/p>\n<p>Paauksuoto sidabro ir paauksuoto \u017ealvario detal\u0117s.<\/p>\n<p>V\u0117rinio ilgis 40 cm.<\/p>","protected":false},"featured_media":20477,"comment_status":"closed","ping_status":"closed","template":"","meta":{"_uag_custom_page_level_css":"","site-sidebar-layout":"default","site-content-layout":"","ast-site-content-layout":"default","site-content-style":"default","site-sidebar-style":"default","ast-global-header-display":"","ast-banner-title-visibility":"","ast-main-header-display":"","ast-hfb-above-header-display":"","ast-hfb-below-header-display":"","ast-hfb-mobile-header-display":"","site-post-title":"","ast-breadcrumbs-content":"","ast-featured-img":"","footer-sml-layout":"","ast-disable-related-posts":"","theme-transparent-header-meta":"default","adv-header-id-meta":"","stick-header-meta":"default","header-above-stick-meta":"","header-main-stick-meta":"","header-below-stick-meta":"","astra-migrate-meta-layouts":"set","ast-page-background-enabled":"default","ast-page-background-meta":{"desktop":{"background-color":"","background-image":"","background-repeat":"repeat","background-position":"center center","background-size":"auto","background-attachment":"scroll","background-type":"","background-media":"","overlay-type":"","overlay-color":"","overlay-opacity":"","overlay-gradient":""},"tablet":{"background-color":"","background-image":"","background-repeat":"repeat","background-position":"center center","background-size":"auto","background-attachment":"scroll","background-type":"","background-media":"","overlay-type":"","overlay-color":"","overlay-opacity":"","overlay-gradient":""},"mobile":{"background-color":"","background-image":"","background-repeat":"repeat","background-position":"center center","background-size":"auto","background-attachment":"scroll","background-type":"","background-media":"","overlay-type":"","overlay-color":"","overlay-opacity":"","overlay-gradient":""}},"ast-content-background-meta":{"desktop":{"background-color":"var(--ast-global-color-5)","background-image":"","background-repeat":"repeat","background-position":"center center","background-size":"auto","background-attachment":"scroll","background-type":"","background-media":"","overlay-type":"","overlay-color":"","overlay-opacity":"","overlay-gradient":""},"tablet":{"background-color":"var(--ast-global-color-5)","background-image":"","background-repeat":"repeat","background-position":"center center","background-size":"auto","background-attachment":"scroll","background-type":"","background-media":"","overlay-type":"","overlay-color":"","overlay-opacity":"","overlay-gradient":""},"mobile":{"background-color":"var(--ast-global-color-5)","background-image":"","background-repeat":"repeat","background-position":"center center","background-size":"auto","background-attachment":"scroll","background-type":"","background-media":"","overlay-type":"","overlay-color":"","overlay-opacity":"","overlay-gradient":""}}},"product_brand":[],"product_cat":[55,108],"product_tag":[],"class_list":{"0":"post-20476","1":"product","2":"type-product","3":"status-publish","4":"has-post-thumbnail","6":"product_cat-kaklo-papuosalai","7":"product_cat-veriniai","8":"desktop-align-left","9":"tablet-align-left","10":"mobile-align-left","11":"ast-product-gallery-layout-horizontal-slider","12":"ast-product-tabs-layout-horizontal","14":"first","15":"outofstock","16":"shipping-taxable","17":"purchasable","18":"product-type-simple"},"yoast_head":"<!-- This site is optimized with the Yoast SEO plugin v26.9 - https:\/\/yoast.com\/product\/yoast-seo-wordpress\/ -->\n<title>Rubin\u0173 ir safyr\u0173 v\u0117rinys - Spind\u0117ja<\/title>\n<meta name=\"description\" content=\"Rubin\u0173 ir safyr\u0173 v\u0117rinys - Spind\u0117ja\" \/>\n<meta name=\"robots\" content=\"index, follow, max-snippet:-1, max-image-preview:large, max-video-preview:-1\" \/>\n<link rel=\"canonical\" href=\"https:\/\/spindeja.lt\/en\/product\/rubinu-ir-safyru-verinys\/\" \/>\n<meta property=\"og:locale\" content=\"en_GB\" \/>\n<meta property=\"og:type\" content=\"article\" \/>\n<meta property=\"og:title\" content=\"Rubin\u0173 ir safyr\u0173 v\u0117rinys - Spind\u0117ja\" \/>\n<meta property=\"og:description\" content=\"Rubin\u0173 ir safyr\u0173 v\u0117rinys - Spind\u0117ja\" \/>\n<meta property=\"og:url\" content=\"https:\/\/spindeja.lt\/en\/product\/rubinu-ir-safyru-verinys\/\" \/>\n<meta property=\"og:site_name\" content=\"Spind\u0117ja\" \/>\n<meta property=\"article:publisher\" content=\"https:\/\/www.facebook.com\/profile.php?id=100063674195191\" \/>\n<meta property=\"article:modified_time\" content=\"2026-04-29T14:20:29+00:00\" \/>\n<meta property=\"og:image\" content=\"https:\/\/spindeja.lt\/wp-content\/uploads\/2023\/12\/Rubinu_smaragdu_safyru_verinys.webp\" \/>\n\t<meta property=\"og:image:width\" content=\"794\" \/>\n\t<meta property=\"og:image:height\" content=\"794\" \/>\n\t<meta property=\"og:image:type\" content=\"image\/webp\" \/>\n<meta name=\"twitter:card\" content=\"summary_large_image\" \/>\n<meta name=\"twitter:label1\" content=\"Estimated reading time\" \/>\n\t<meta name=\"twitter:data1\" content=\"2 minutes\" \/>\n<script type=\"application\/ld+json\" class=\"yoast-schema-graph\">{\"@context\":\"https:\/\/schema.org\",\"@graph\":[{\"@type\":\"WebPage\",\"@id\":\"https:\/\/spindeja.lt\/produktas\/rubinu-ir-safyru-verinys\/\",\"url\":\"https:\/\/spindeja.lt\/produktas\/rubinu-ir-safyru-verinys\/\",\"name\":\"Rubin\u0173 ir safyr\u0173 v\u0117rinys - Spind\u0117ja\",\"isPartOf\":{\"@id\":\"https:\/\/spindeja.lt\/#website\"},\"primaryImageOfPage\":{\"@id\":\"https:\/\/spindeja.lt\/produktas\/rubinu-ir-safyru-verinys\/#primaryimage\"},\"image\":{\"@id\":\"https:\/\/spindeja.lt\/produktas\/rubinu-ir-safyru-verinys\/#primaryimage\"},\"thumbnailUrl\":\"https:\/\/spindeja.lt\/wp-content\/uploads\/2023\/12\/Rubinu_smaragdu_safyru_verinys.webp\",\"datePublished\":\"2023-12-22T20:50:10+00:00\",\"dateModified\":\"2026-04-29T14:20:29+00:00\",\"description\":\"Rubin\u0173 ir safyr\u0173 v\u0117rinys - Spind\u0117ja\",\"breadcrumb\":{\"@id\":\"https:\/\/spindeja.lt\/produktas\/rubinu-ir-safyru-verinys\/#breadcrumb\"},\"inLanguage\":\"en-GB\",\"potentialAction\":[{\"@type\":\"ReadAction\",\"target\":[\"https:\/\/spindeja.lt\/produktas\/rubinu-ir-safyru-verinys\/\"]}]},{\"@type\":\"ImageObject\",\"inLanguage\":\"en-GB\",\"@id\":\"https:\/\/spindeja.lt\/produktas\/rubinu-ir-safyru-verinys\/#primaryimage\",\"url\":\"https:\/\/spindeja.lt\/wp-content\/uploads\/2023\/12\/Rubinu_smaragdu_safyru_verinys.webp\",\"contentUrl\":\"https:\/\/spindeja.lt\/wp-content\/uploads\/2023\/12\/Rubinu_smaragdu_safyru_verinys.webp\",\"width\":794,\"height\":794,\"caption\":\"Rubin\u0173, smaragd\u0173, safyr\u0173 v\u0117rinys\"},{\"@type\":\"BreadcrumbList\",\"@id\":\"https:\/\/spindeja.lt\/produktas\/rubinu-ir-safyru-verinys\/#breadcrumb\",\"itemListElement\":[{\"@type\":\"ListItem\",\"position\":1,\"name\":\"Prad\u017eia\",\"item\":\"https:\/\/spindeja.lt\/\"},{\"@type\":\"ListItem\",\"position\":2,\"name\":\"Parduotuv\u0117\",\"item\":\"https:\/\/spindeja.lt\/parduotuve\/\"},{\"@type\":\"ListItem\",\"position\":3,\"name\":\"Rubin\u0173 ir safyr\u0173 v\u0117rinys\"}]},{\"@type\":\"WebSite\",\"@id\":\"https:\/\/spindeja.lt\/#website\",\"url\":\"https:\/\/spindeja.lt\/\",\"name\":\"Spind\u0117ja\",\"description\":\"Rank\u0173 darbo papuo\u0161alai Jums\",\"publisher\":{\"@id\":\"https:\/\/spindeja.lt\/#organization\"},\"potentialAction\":[{\"@type\":\"SearchAction\",\"target\":{\"@type\":\"EntryPoint\",\"urlTemplate\":\"https:\/\/spindeja.lt\/?s={search_term_string}\"},\"query-input\":{\"@type\":\"PropertyValueSpecification\",\"valueRequired\":true,\"valueName\":\"search_term_string\"}}],\"inLanguage\":\"en-GB\"},{\"@type\":\"Organization\",\"@id\":\"https:\/\/spindeja.lt\/#organization\",\"name\":\"Spind\u0117ja\",\"url\":\"https:\/\/spindeja.lt\/\",\"logo\":{\"@type\":\"ImageObject\",\"inLanguage\":\"en-GB\",\"@id\":\"https:\/\/spindeja.lt\/#\/schema\/logo\/image\/\",\"url\":\"https:\/\/spindeja.lt\/wp-content\/uploads\/2019\/12\/Layer-2.png\",\"contentUrl\":\"https:\/\/spindeja.lt\/wp-content\/uploads\/2019\/12\/Layer-2.png\",\"width\":915,\"height\":616,\"caption\":\"Spind\u0117ja\"},\"image\":{\"@id\":\"https:\/\/spindeja.lt\/#\/schema\/logo\/image\/\"},\"sameAs\":[\"https:\/\/www.facebook.com\/profile.php?id=100063674195191\",\"https:\/\/www.instagram.com\/spindeja\/\"]}]}<\/script>\n<!-- \/ Yoast SEO plugin. -->","yoast_head_json":{"title":"Rubin\u0173 ir safyr\u0173 v\u0117rinys - Spind\u0117ja","description":"Rubin\u0173 ir safyr\u0173 v\u0117rinys - Spind\u0117ja","robots":{"index":"index","follow":"follow","max-snippet":"max-snippet:-1","max-image-preview":"max-image-preview:large","max-video-preview":"max-video-preview:-1"},"canonical":"https:\/\/spindeja.lt\/en\/product\/rubinu-ir-safyru-verinys\/","og_locale":"en_GB","og_type":"article","og_title":"Rubin\u0173 ir safyr\u0173 v\u0117rinys - Spind\u0117ja","og_description":"Rubin\u0173 ir safyr\u0173 v\u0117rinys - Spind\u0117ja","og_url":"https:\/\/spindeja.lt\/en\/product\/rubinu-ir-safyru-verinys\/","og_site_name":"Spind\u0117ja","article_publisher":"https:\/\/www.facebook.com\/profile.php?id=100063674195191","article_modified_time":"2026-04-29T14:20:29+00:00","og_image":[{"width":794,"height":794,"url":"https:\/\/spindeja.lt\/wp-content\/uploads\/2023\/12\/Rubinu_smaragdu_safyru_verinys.webp","type":"image\/webp"}],"twitter_card":"summary_large_image","twitter_misc":{"Estimated reading time":"2 minutes"},"schema":{"@context":"https:\/\/schema.org","@graph":[{"@type":"WebPage","@id":"https:\/\/spindeja.lt\/produktas\/rubinu-ir-safyru-verinys\/","url":"https:\/\/spindeja.lt\/produktas\/rubinu-ir-safyru-verinys\/","name":"Rubin\u0173 ir safyr\u0173 v\u0117rinys - Spind\u0117ja","isPartOf":{"@id":"https:\/\/spindeja.lt\/#website"},"primaryImageOfPage":{"@id":"https:\/\/spindeja.lt\/produktas\/rubinu-ir-safyru-verinys\/#primaryimage"},"image":{"@id":"https:\/\/spindeja.lt\/produktas\/rubinu-ir-safyru-verinys\/#primaryimage"},"thumbnailUrl":"https:\/\/spindeja.lt\/wp-content\/uploads\/2023\/12\/Rubinu_smaragdu_safyru_verinys.webp","datePublished":"2023-12-22T20:50:10+00:00","dateModified":"2026-04-29T14:20:29+00:00","description":"Rubin\u0173 ir safyr\u0173 v\u0117rinys - Spind\u0117ja","breadcrumb":{"@id":"https:\/\/spindeja.lt\/produktas\/rubinu-ir-safyru-verinys\/#breadcrumb"},"inLanguage":"en-GB","potentialAction":[{"@type":"ReadAction","target":["https:\/\/spindeja.lt\/produktas\/rubinu-ir-safyru-verinys\/"]}]},{"@type":"ImageObject","inLanguage":"en-GB","@id":"https:\/\/spindeja.lt\/produktas\/rubinu-ir-safyru-verinys\/#primaryimage","url":"https:\/\/spindeja.lt\/wp-content\/uploads\/2023\/12\/Rubinu_smaragdu_safyru_verinys.webp","contentUrl":"https:\/\/spindeja.lt\/wp-content\/uploads\/2023\/12\/Rubinu_smaragdu_safyru_verinys.webp","width":794,"height":794,"caption":"Rubin\u0173, smaragd\u0173, safyr\u0173 v\u0117rinys"},{"@type":"BreadcrumbList","@id":"https:\/\/spindeja.lt\/produktas\/rubinu-ir-safyru-verinys\/#breadcrumb","itemListElement":[{"@type":"ListItem","position":1,"name":"Prad\u017eia","item":"https:\/\/spindeja.lt\/"},{"@type":"ListItem","position":2,"name":"Parduotuv\u0117","item":"https:\/\/spindeja.lt\/parduotuve\/"},{"@type":"ListItem","position":3,"name":"Rubin\u0173 ir safyr\u0173 v\u0117rinys"}]},{"@type":"WebSite","@id":"https:\/\/spindeja.lt\/#website","url":"https:\/\/spindeja.lt\/","name":"Spind\u0117ja","description":"Rank\u0173 darbo papuo\u0161alai Jums","publisher":{"@id":"https:\/\/spindeja.lt\/#organization"},"potentialAction":[{"@type":"SearchAction","target":{"@type":"EntryPoint","urlTemplate":"https:\/\/spindeja.lt\/?s={search_term_string}"},"query-input":{"@type":"PropertyValueSpecification","valueRequired":true,"valueName":"search_term_string"}}],"inLanguage":"en-GB"},{"@type":"Organization","@id":"https:\/\/spindeja.lt\/#organization","name":"Spind\u0117ja","url":"https:\/\/spindeja.lt\/","logo":{"@type":"ImageObject","inLanguage":"en-GB","@id":"https:\/\/spindeja.lt\/#\/schema\/logo\/image\/","url":"https:\/\/spindeja.lt\/wp-content\/uploads\/2019\/12\/Layer-2.png","contentUrl":"https:\/\/spindeja.lt\/wp-content\/uploads\/2019\/12\/Layer-2.png","width":915,"height":616,"caption":"Spind\u0117ja"},"image":{"@id":"https:\/\/spindeja.lt\/#\/schema\/logo\/image\/"},"sameAs":["https:\/\/www.facebook.com\/profile.php?id=100063674195191","https:\/\/www.instagram.com\/spindeja\/"]}]}},"uagb_featured_image_src":{"full":["https:\/\/spindeja.lt\/wp-content\/uploads\/2023\/12\/Rubinu_smaragdu_safyru_verinys.webp",794,794,false],"thumbnail":["https:\/\/spindeja.lt\/wp-content\/uploads\/2023\/12\/Rubinu_smaragdu_safyru_verinys-150x150.webp",150,150,true],"medium":["https:\/\/spindeja.lt\/wp-content\/uploads\/2023\/12\/Rubinu_smaragdu_safyru_verinys-300x300.webp",300,300,true],"medium_large":["https:\/\/spindeja.lt\/wp-content\/uploads\/2023\/12\/Rubinu_smaragdu_safyru_verinys-768x768.webp",768,768,true],"large":["https:\/\/spindeja.lt\/wp-content\/uploads\/2023\/12\/Rubinu_smaragdu_safyru_verinys.webp",794,794,false],"1536x1536":["https:\/\/spindeja.lt\/wp-content\/uploads\/2023\/12\/Rubinu_smaragdu_safyru_verinys.webp",794,794,false],"2048x2048":["https:\/\/spindeja.lt\/wp-content\/uploads\/2023\/12\/Rubinu_smaragdu_safyru_verinys.webp",794,794,false],"trp-custom-language-flag":["https:\/\/spindeja.lt\/wp-content\/uploads\/2023\/12\/Rubinu_smaragdu_safyru_verinys-12x12.webp",12,12,true],"woocommerce_thumbnail":["https:\/\/spindeja.lt\/wp-content\/uploads\/2023\/12\/Rubinu_smaragdu_safyru_verinys-540x540.webp",540,540,true],"woocommerce_single":["https:\/\/spindeja.lt\/wp-content\/uploads\/2023\/12\/Rubinu_smaragdu_safyru_verinys-540x540.webp",540,540,true],"woocommerce_gallery_thumbnail":["https:\/\/spindeja.lt\/wp-content\/uploads\/2023\/12\/Rubinu_smaragdu_safyru_verinys-100x100.webp",100,100,true]},"uagb_author_info":{"display_name":"spindeja","author_link":"https:\/\/spindeja.lt\/en\/author\/"},"uagb_comment_info":0,"uagb_excerpt":"I\u0161skirtinis v\u0117rinys i\u0161 rubin\u0173 ir safyr\u0173 facetuot\u0173 akmen\u0117li\u0173. Paauksuoto sidabro ir paauksuoto \u017ealvario detal\u0117s. V\u0117rinio ilgis 40 cm.","_links":{"self":[{"href":"https:\/\/spindeja.lt\/en\/wp-json\/wp\/v2\/product\/20476","targetHints":{"allow":["GET"]}}],"collection":[{"href":"https:\/\/spindeja.lt\/en\/wp-json\/wp\/v2\/product"}],"about":[{"href":"https:\/\/spindeja.lt\/en\/wp-json\/wp\/v2\/types\/product"}],"replies":[{"embeddable":true,"href":"https:\/\/spindeja.lt\/en\/wp-json\/wp\/v2\/comments?post=20476"}],"wp:featuredmedia":[{"embeddable":true,"href":"https:\/\/spindeja.lt\/en\/wp-json\/wp\/v2\/media\/20477"}],"wp:attachment":[{"href":"https:\/\/spindeja.lt\/en\/wp-json\/wp\/v2\/media?parent=20476"}],"wp:term":[{"taxonomy":"product_brand","embeddable":true,"href":"https:\/\/spindeja.lt\/en\/wp-json\/wp\/v2\/product_brand?post=20476"},{"taxonomy":"product_cat","embeddable":true,"href":"https:\/\/spindeja.lt\/en\/wp-json\/wp\/v2\/product_cat?post=20476"},{"taxonomy":"product_tag","embeddable":true,"href":"https:\/\/spindeja.lt\/en\/wp-json\/wp\/v2\/product_tag?post=20476"}],"curies":[{"name":"wp","href":"https:\/\/api.w.org\/{rel}","templated":true}]}}