{"id":20459,"date":"2023-12-22T20:36:18","date_gmt":"2023-12-22T18:36:18","guid":{"rendered":"https:\/\/spindeja.lt\/?post_type=product&#038;p=20459"},"modified":"2026-05-08T00:08:12","modified_gmt":"2026-05-07T22:08:12","slug":"pakimerio-deimantu-apyranke","status":"publish","type":"product","link":"https:\/\/spindeja.lt\/en\/product\/pakimerio-deimantu-apyranke\/","title":{"rendered":"Pakimerio deimant\u0173 apyrank\u0117"},"content":{"rendered":"<p>Pakimerio deimant\u0173 apyrank\u0117 su sidabrine prailginimo grandin\u0117le.<\/p>\n<p>Apyrank\u0117s dyd\u017eio pasirinkimui, reikia pamatuoti rie\u0161\u0105 be laisvumo.<\/p>\n<p>Pristatoma Spind\u0117jos dovan\u0173 d\u0117\u017eut\u0117je.<\/p>\n<p>Turimas vietoje papuo\u0161alas i\u0161siun\u010diamas per 1-2 darbo dienas.<br \/>\nIndividualiems u\u017esakymams taikomas 5-9 darbo dien\u0173 pagaminimo terminas. Esant skubiam atvejui, susisiekite \u017einute.<\/p>\n<p><em>Spind\u0117jos papuo\u0161al\u0173 gamyba \u2013 tai k\u016brybinis ritualas su pozityviomis afirmacijomis ir intuityviu energetiniu pakrovimu. <strong>Kartu su papuo\u0161alu J\u016bs gausite asmeni\u0161kai Jums i\u0161traukt\u0105 orakulo kort\u0105.<\/strong><\/em><\/p>\n<p><strong>Pakimerio deimantai<\/strong> skatina budrum\u0105, ai\u0161kum\u0105, sustiprina s\u0105moningum\u0105, gerina sapn\u0173 atmint\u012f, palaiko nerv\u0173 sistem\u0105, smegen\u0173 darb\u0105 bei poj\u016b\u010dius. I\u0161valo elektromagnetin\u0119 tar\u0161\u0105, panaikina negatyvi\u0105 energij\u0105 ir stres\u0105, nuramina \u012ftamp\u0105. Skatina darn\u0105 su aplinka ir aplinkiniais \u017emon\u0117mis, apsaugo. Jis sustiprina \u0161alia esan\u010di\u0173 kristal\u0173 poveik\u012f.<\/p>","protected":false},"excerpt":{"rendered":"<p data-start=\"0\" data-end=\"70\">Pakimerio deimant\u0173 apyrank\u0117 \u2013 ai\u0161kumo ir auk\u0161t\u0173 vibracij\u0173 simbolis.<\/p>\n<p data-start=\"72\" data-end=\"266\">Apyrank\u0117 i\u0161 nat\u016brali\u0173 pakimerio deimant\u0173 kristal\u0173, skleid\u017eianti \u0161vari\u0105, lengv\u0105 ir harmonizuojan\u010di\u0105 energij\u0105.<br data-start=\"184\" data-end=\"187\" \/>\u0160ie kristalai siejami su intuicijos stiprinimu, s\u0105moningumu ir vidiniu ai\u0161kumu.<\/p>\n<p data-start=\"268\" data-end=\"360\" data-is-last-node=\"\" data-is-only-node=\"\">Puikiai tinka tiems, kurie ie\u0161ko \u0161viesos, harmonijos ir subtilaus energetinio palaikymo.<\/p>","protected":false},"featured_media":20467,"comment_status":"closed","ping_status":"closed","template":"","meta":{"_uag_custom_page_level_css":"","site-sidebar-layout":"default","site-content-layout":"","ast-site-content-layout":"default","site-content-style":"default","site-sidebar-style":"default","ast-global-header-display":"","ast-banner-title-visibility":"","ast-main-header-display":"","ast-hfb-above-header-display":"","ast-hfb-below-header-display":"","ast-hfb-mobile-header-display":"","site-post-title":"","ast-breadcrumbs-content":"","ast-featured-img":"","footer-sml-layout":"","ast-disable-related-posts":"","theme-transparent-header-meta":"default","adv-header-id-meta":"","stick-header-meta":"default","header-above-stick-meta":"","header-main-stick-meta":"","header-below-stick-meta":"","astra-migrate-meta-layouts":"set","ast-page-background-enabled":"default","ast-page-background-meta":{"desktop":{"background-color":"","background-image":"","background-repeat":"repeat","background-position":"center center","background-size":"auto","background-attachment":"scroll","background-type":"","background-media":"","overlay-type":"","overlay-color":"","overlay-opacity":"","overlay-gradient":""},"tablet":{"background-color":"","background-image":"","background-repeat":"repeat","background-position":"center center","background-size":"auto","background-attachment":"scroll","background-type":"","background-media":"","overlay-type":"","overlay-color":"","overlay-opacity":"","overlay-gradient":""},"mobile":{"background-color":"","background-image":"","background-repeat":"repeat","background-position":"center center","background-size":"auto","background-attachment":"scroll","background-type":"","background-media":"","overlay-type":"","overlay-color":"","overlay-opacity":"","overlay-gradient":""}},"ast-content-background-meta":{"desktop":{"background-color":"var(--ast-global-color-5)","background-image":"","background-repeat":"repeat","background-position":"center center","background-size":"auto","background-attachment":"scroll","background-type":"","background-media":"","overlay-type":"","overlay-color":"","overlay-opacity":"","overlay-gradient":""},"tablet":{"background-color":"var(--ast-global-color-5)","background-image":"","background-repeat":"repeat","background-position":"center center","background-size":"auto","background-attachment":"scroll","background-type":"","background-media":"","overlay-type":"","overlay-color":"","overlay-opacity":"","overlay-gradient":""},"mobile":{"background-color":"var(--ast-global-color-5)","background-image":"","background-repeat":"repeat","background-position":"center center","background-size":"auto","background-attachment":"scroll","background-type":"","background-media":"","overlay-type":"","overlay-color":"","overlay-opacity":"","overlay-gradient":""}}},"product_brand":[],"product_cat":[53],"product_tag":[],"class_list":{"0":"post-20459","1":"product","2":"type-product","3":"status-publish","4":"has-post-thumbnail","6":"product_cat-apyrankes","7":"desktop-align-left","8":"tablet-align-left","9":"mobile-align-left","10":"ast-product-gallery-layout-horizontal-slider","11":"ast-product-single-variable","12":"ast-product-tabs-layout-horizontal","14":"first","15":"instock","16":"shipping-taxable","17":"purchasable","18":"product-type-variable"},"yoast_head":"<!-- This site is optimized with the Yoast SEO plugin v26.9 - https:\/\/yoast.com\/product\/yoast-seo-wordpress\/ -->\n<title>Pakimerio deimant\u0173 apyrank\u0117 - Spind\u0117ja<\/title>\n<meta name=\"description\" content=\"Pakimerio deimant\u0173 apyrank\u0117 - Spind\u0117ja\" \/>\n<meta name=\"robots\" content=\"index, follow, max-snippet:-1, max-image-preview:large, max-video-preview:-1\" \/>\n<link rel=\"canonical\" href=\"https:\/\/spindeja.lt\/en\/product\/pakimerio-deimantu-apyranke\/\" \/>\n<meta property=\"og:locale\" content=\"en_GB\" \/>\n<meta property=\"og:type\" content=\"article\" \/>\n<meta property=\"og:title\" content=\"Pakimerio deimant\u0173 apyrank\u0117 - Spind\u0117ja\" \/>\n<meta property=\"og:description\" content=\"Pakimerio deimant\u0173 apyrank\u0117 - Spind\u0117ja\" \/>\n<meta property=\"og:url\" content=\"https:\/\/spindeja.lt\/en\/product\/pakimerio-deimantu-apyranke\/\" \/>\n<meta property=\"og:site_name\" content=\"Spind\u0117ja\" \/>\n<meta property=\"article:publisher\" content=\"https:\/\/www.facebook.com\/profile.php?id=100063674195191\" \/>\n<meta property=\"article:modified_time\" content=\"2026-05-07T22:08:12+00:00\" \/>\n<meta property=\"og:image\" content=\"https:\/\/spindeja.lt\/wp-content\/uploads\/2023\/12\/Pakimerio_deimantu_apyranke-4.webp\" \/>\n\t<meta property=\"og:image:width\" content=\"800\" \/>\n\t<meta property=\"og:image:height\" content=\"800\" \/>\n\t<meta property=\"og:image:type\" content=\"image\/webp\" \/>\n<meta name=\"twitter:card\" content=\"summary_large_image\" \/>\n<meta name=\"twitter:label1\" content=\"Estimated reading time\" \/>\n\t<meta name=\"twitter:data1\" content=\"1 minute\" \/>\n<script type=\"application\/ld+json\" class=\"yoast-schema-graph\">{\"@context\":\"https:\/\/schema.org\",\"@graph\":[{\"@type\":\"WebPage\",\"@id\":\"https:\/\/spindeja.lt\/produktas\/pakimerio-deimantu-apyranke\/\",\"url\":\"https:\/\/spindeja.lt\/produktas\/pakimerio-deimantu-apyranke\/\",\"name\":\"Pakimerio deimant\u0173 apyrank\u0117 - Spind\u0117ja\",\"isPartOf\":{\"@id\":\"https:\/\/spindeja.lt\/#website\"},\"primaryImageOfPage\":{\"@id\":\"https:\/\/spindeja.lt\/produktas\/pakimerio-deimantu-apyranke\/#primaryimage\"},\"image\":{\"@id\":\"https:\/\/spindeja.lt\/produktas\/pakimerio-deimantu-apyranke\/#primaryimage\"},\"thumbnailUrl\":\"https:\/\/spindeja.lt\/wp-content\/uploads\/2023\/12\/Pakimerio_deimantu_apyranke-4.webp\",\"datePublished\":\"2023-12-22T18:36:18+00:00\",\"dateModified\":\"2026-05-07T22:08:12+00:00\",\"description\":\"Pakimerio deimant\u0173 apyrank\u0117 - Spind\u0117ja\",\"breadcrumb\":{\"@id\":\"https:\/\/spindeja.lt\/produktas\/pakimerio-deimantu-apyranke\/#breadcrumb\"},\"inLanguage\":\"en-GB\",\"potentialAction\":[{\"@type\":\"ReadAction\",\"target\":[\"https:\/\/spindeja.lt\/produktas\/pakimerio-deimantu-apyranke\/\"]}]},{\"@type\":\"ImageObject\",\"inLanguage\":\"en-GB\",\"@id\":\"https:\/\/spindeja.lt\/produktas\/pakimerio-deimantu-apyranke\/#primaryimage\",\"url\":\"https:\/\/spindeja.lt\/wp-content\/uploads\/2023\/12\/Pakimerio_deimantu_apyranke-4.webp\",\"contentUrl\":\"https:\/\/spindeja.lt\/wp-content\/uploads\/2023\/12\/Pakimerio_deimantu_apyranke-4.webp\",\"width\":800,\"height\":800,\"caption\":\"Pakimerio deimant\u0173 apyrank\u0117\"},{\"@type\":\"BreadcrumbList\",\"@id\":\"https:\/\/spindeja.lt\/produktas\/pakimerio-deimantu-apyranke\/#breadcrumb\",\"itemListElement\":[{\"@type\":\"ListItem\",\"position\":1,\"name\":\"Prad\u017eia\",\"item\":\"https:\/\/spindeja.lt\/\"},{\"@type\":\"ListItem\",\"position\":2,\"name\":\"Parduotuv\u0117\",\"item\":\"https:\/\/spindeja.lt\/parduotuve\/\"},{\"@type\":\"ListItem\",\"position\":3,\"name\":\"Pakimerio deimant\u0173 apyrank\u0117\"}]},{\"@type\":\"WebSite\",\"@id\":\"https:\/\/spindeja.lt\/#website\",\"url\":\"https:\/\/spindeja.lt\/\",\"name\":\"Spind\u0117ja\",\"description\":\"Rank\u0173 darbo papuo\u0161alai Jums\",\"publisher\":{\"@id\":\"https:\/\/spindeja.lt\/#organization\"},\"potentialAction\":[{\"@type\":\"SearchAction\",\"target\":{\"@type\":\"EntryPoint\",\"urlTemplate\":\"https:\/\/spindeja.lt\/?s={search_term_string}\"},\"query-input\":{\"@type\":\"PropertyValueSpecification\",\"valueRequired\":true,\"valueName\":\"search_term_string\"}}],\"inLanguage\":\"en-GB\"},{\"@type\":\"Organization\",\"@id\":\"https:\/\/spindeja.lt\/#organization\",\"name\":\"Spind\u0117ja\",\"url\":\"https:\/\/spindeja.lt\/\",\"logo\":{\"@type\":\"ImageObject\",\"inLanguage\":\"en-GB\",\"@id\":\"https:\/\/spindeja.lt\/#\/schema\/logo\/image\/\",\"url\":\"https:\/\/spindeja.lt\/wp-content\/uploads\/2019\/12\/Layer-2.png\",\"contentUrl\":\"https:\/\/spindeja.lt\/wp-content\/uploads\/2019\/12\/Layer-2.png\",\"width\":915,\"height\":616,\"caption\":\"Spind\u0117ja\"},\"image\":{\"@id\":\"https:\/\/spindeja.lt\/#\/schema\/logo\/image\/\"},\"sameAs\":[\"https:\/\/www.facebook.com\/profile.php?id=100063674195191\",\"https:\/\/www.instagram.com\/spindeja\/\"]}]}<\/script>\n<!-- \/ Yoast SEO plugin. -->","yoast_head_json":{"title":"Pakimerio deimant\u0173 apyrank\u0117 - Spind\u0117ja","description":"Pakimerio deimant\u0173 apyrank\u0117 - Spind\u0117ja","robots":{"index":"index","follow":"follow","max-snippet":"max-snippet:-1","max-image-preview":"max-image-preview:large","max-video-preview":"max-video-preview:-1"},"canonical":"https:\/\/spindeja.lt\/en\/product\/pakimerio-deimantu-apyranke\/","og_locale":"en_GB","og_type":"article","og_title":"Pakimerio deimant\u0173 apyrank\u0117 - Spind\u0117ja","og_description":"Pakimerio deimant\u0173 apyrank\u0117 - Spind\u0117ja","og_url":"https:\/\/spindeja.lt\/en\/product\/pakimerio-deimantu-apyranke\/","og_site_name":"Spind\u0117ja","article_publisher":"https:\/\/www.facebook.com\/profile.php?id=100063674195191","article_modified_time":"2026-05-07T22:08:12+00:00","og_image":[{"width":800,"height":800,"url":"https:\/\/spindeja.lt\/wp-content\/uploads\/2023\/12\/Pakimerio_deimantu_apyranke-4.webp","type":"image\/webp"}],"twitter_card":"summary_large_image","twitter_misc":{"Estimated reading time":"1 minute"},"schema":{"@context":"https:\/\/schema.org","@graph":[{"@type":"WebPage","@id":"https:\/\/spindeja.lt\/produktas\/pakimerio-deimantu-apyranke\/","url":"https:\/\/spindeja.lt\/produktas\/pakimerio-deimantu-apyranke\/","name":"Pakimerio deimant\u0173 apyrank\u0117 - Spind\u0117ja","isPartOf":{"@id":"https:\/\/spindeja.lt\/#website"},"primaryImageOfPage":{"@id":"https:\/\/spindeja.lt\/produktas\/pakimerio-deimantu-apyranke\/#primaryimage"},"image":{"@id":"https:\/\/spindeja.lt\/produktas\/pakimerio-deimantu-apyranke\/#primaryimage"},"thumbnailUrl":"https:\/\/spindeja.lt\/wp-content\/uploads\/2023\/12\/Pakimerio_deimantu_apyranke-4.webp","datePublished":"2023-12-22T18:36:18+00:00","dateModified":"2026-05-07T22:08:12+00:00","description":"Pakimerio deimant\u0173 apyrank\u0117 - Spind\u0117ja","breadcrumb":{"@id":"https:\/\/spindeja.lt\/produktas\/pakimerio-deimantu-apyranke\/#breadcrumb"},"inLanguage":"en-GB","potentialAction":[{"@type":"ReadAction","target":["https:\/\/spindeja.lt\/produktas\/pakimerio-deimantu-apyranke\/"]}]},{"@type":"ImageObject","inLanguage":"en-GB","@id":"https:\/\/spindeja.lt\/produktas\/pakimerio-deimantu-apyranke\/#primaryimage","url":"https:\/\/spindeja.lt\/wp-content\/uploads\/2023\/12\/Pakimerio_deimantu_apyranke-4.webp","contentUrl":"https:\/\/spindeja.lt\/wp-content\/uploads\/2023\/12\/Pakimerio_deimantu_apyranke-4.webp","width":800,"height":800,"caption":"Pakimerio deimant\u0173 apyrank\u0117"},{"@type":"BreadcrumbList","@id":"https:\/\/spindeja.lt\/produktas\/pakimerio-deimantu-apyranke\/#breadcrumb","itemListElement":[{"@type":"ListItem","position":1,"name":"Prad\u017eia","item":"https:\/\/spindeja.lt\/"},{"@type":"ListItem","position":2,"name":"Parduotuv\u0117","item":"https:\/\/spindeja.lt\/parduotuve\/"},{"@type":"ListItem","position":3,"name":"Pakimerio deimant\u0173 apyrank\u0117"}]},{"@type":"WebSite","@id":"https:\/\/spindeja.lt\/#website","url":"https:\/\/spindeja.lt\/","name":"Spind\u0117ja","description":"Rank\u0173 darbo papuo\u0161alai Jums","publisher":{"@id":"https:\/\/spindeja.lt\/#organization"},"potentialAction":[{"@type":"SearchAction","target":{"@type":"EntryPoint","urlTemplate":"https:\/\/spindeja.lt\/?s={search_term_string}"},"query-input":{"@type":"PropertyValueSpecification","valueRequired":true,"valueName":"search_term_string"}}],"inLanguage":"en-GB"},{"@type":"Organization","@id":"https:\/\/spindeja.lt\/#organization","name":"Spind\u0117ja","url":"https:\/\/spindeja.lt\/","logo":{"@type":"ImageObject","inLanguage":"en-GB","@id":"https:\/\/spindeja.lt\/#\/schema\/logo\/image\/","url":"https:\/\/spindeja.lt\/wp-content\/uploads\/2019\/12\/Layer-2.png","contentUrl":"https:\/\/spindeja.lt\/wp-content\/uploads\/2019\/12\/Layer-2.png","width":915,"height":616,"caption":"Spind\u0117ja"},"image":{"@id":"https:\/\/spindeja.lt\/#\/schema\/logo\/image\/"},"sameAs":["https:\/\/www.facebook.com\/profile.php?id=100063674195191","https:\/\/www.instagram.com\/spindeja\/"]}]}},"uagb_featured_image_src":{"full":["https:\/\/spindeja.lt\/wp-content\/uploads\/2023\/12\/Pakimerio_deimantu_apyranke-4.webp",800,800,false],"thumbnail":["https:\/\/spindeja.lt\/wp-content\/uploads\/2023\/12\/Pakimerio_deimantu_apyranke-4-150x150.webp",150,150,true],"medium":["https:\/\/spindeja.lt\/wp-content\/uploads\/2023\/12\/Pakimerio_deimantu_apyranke-4-300x300.webp",300,300,true],"medium_large":["https:\/\/spindeja.lt\/wp-content\/uploads\/2023\/12\/Pakimerio_deimantu_apyranke-4-768x768.webp",768,768,true],"large":["https:\/\/spindeja.lt\/wp-content\/uploads\/2023\/12\/Pakimerio_deimantu_apyranke-4.webp",800,800,false],"1536x1536":["https:\/\/spindeja.lt\/wp-content\/uploads\/2023\/12\/Pakimerio_deimantu_apyranke-4.webp",800,800,false],"2048x2048":["https:\/\/spindeja.lt\/wp-content\/uploads\/2023\/12\/Pakimerio_deimantu_apyranke-4.webp",800,800,false],"trp-custom-language-flag":["https:\/\/spindeja.lt\/wp-content\/uploads\/2023\/12\/Pakimerio_deimantu_apyranke-4-12x12.webp",12,12,true],"woocommerce_thumbnail":["https:\/\/spindeja.lt\/wp-content\/uploads\/2023\/12\/Pakimerio_deimantu_apyranke-4-540x540.webp",540,540,true],"woocommerce_single":["https:\/\/spindeja.lt\/wp-content\/uploads\/2023\/12\/Pakimerio_deimantu_apyranke-4-540x540.webp",540,540,true],"woocommerce_gallery_thumbnail":["https:\/\/spindeja.lt\/wp-content\/uploads\/2023\/12\/Pakimerio_deimantu_apyranke-4-100x100.webp",100,100,true]},"uagb_author_info":{"display_name":"spindeja","author_link":"https:\/\/spindeja.lt\/en\/author\/"},"uagb_comment_info":0,"uagb_excerpt":"Pakimerio deimant\u0173 apyrank\u0117 \u2013 ai\u0161kumo ir auk\u0161t\u0173 vibracij\u0173 simbolis. Apyrank\u0117 i\u0161 nat\u016brali\u0173 pakimerio deimant\u0173 kristal\u0173, skleid\u017eianti \u0161vari\u0105, lengv\u0105 ir harmonizuojan\u010di\u0105 energij\u0105.\u0160ie kristalai siejami su intuicijos stiprinimu, s\u0105moningumu ir vidiniu ai\u0161kumu. Puikiai tinka tiems, kurie ie\u0161ko \u0161viesos, harmonijos ir subtilaus energetinio palaikymo.","_links":{"self":[{"href":"https:\/\/spindeja.lt\/en\/wp-json\/wp\/v2\/product\/20459","targetHints":{"allow":["GET"]}}],"collection":[{"href":"https:\/\/spindeja.lt\/en\/wp-json\/wp\/v2\/product"}],"about":[{"href":"https:\/\/spindeja.lt\/en\/wp-json\/wp\/v2\/types\/product"}],"replies":[{"embeddable":true,"href":"https:\/\/spindeja.lt\/en\/wp-json\/wp\/v2\/comments?post=20459"}],"wp:featuredmedia":[{"embeddable":true,"href":"https:\/\/spindeja.lt\/en\/wp-json\/wp\/v2\/media\/20467"}],"wp:attachment":[{"href":"https:\/\/spindeja.lt\/en\/wp-json\/wp\/v2\/media?parent=20459"}],"wp:term":[{"taxonomy":"product_brand","embeddable":true,"href":"https:\/\/spindeja.lt\/en\/wp-json\/wp\/v2\/product_brand?post=20459"},{"taxonomy":"product_cat","embeddable":true,"href":"https:\/\/spindeja.lt\/en\/wp-json\/wp\/v2\/product_cat?post=20459"},{"taxonomy":"product_tag","embeddable":true,"href":"https:\/\/spindeja.lt\/en\/wp-json\/wp\/v2\/product_tag?post=20459"}],"curies":[{"name":"wp","href":"https:\/\/api.w.org\/{rel}","templated":true}]}}