{"id":20428,"date":"2023-12-22T19:47:58","date_gmt":"2023-12-22T17:47:58","guid":{"rendered":"https:\/\/spindeja.lt\/?post_type=product&#038;p=20428"},"modified":"2025-05-13T18:35:08","modified_gmt":"2025-05-13T16:35:08","slug":"apyranke-lotosas","status":"publish","type":"product","link":"https:\/\/spindeja.lt\/en\/product\/apyranke-lotosas\/","title":{"rendered":"Apyrank\u0117 &#8222;Lotosas&#8221;"},"content":{"rendered":"<p>M\u0117nulio akmuo lavina intuicij\u0105 ir padeda atskleisti moteri\u0161kumui. Jis ramina, atpalaiduoja, skatina sugeb\u0117jim\u0105 myl\u0117ti save ir kitus, romantik\u0105, \u0161velnina kiet\u0105 b\u016bd\u0105, padeda atsiverti vidiniam ir i\u0161oriniam spind\u0117jimui.<\/p>\n<p>Apyrank\u0117 su vienu m\u0117nulio akmenuku netur\u0117s stipraus energetinio poveikio, tai bus daugiau kaip talismanas. Siekiant kristal\u0173 terapinio poveikio, rekomenduojama rinktis apyrankes su karoliukais aplink vis\u0105 rie\u0161\u0105 arba trumpus kaklo v\u0117rinius.<\/p>","protected":false},"excerpt":{"rendered":"<p>I\u0161skirtinio dizaino sidabrin\u0117 apyrank\u0117 su g\u0117l\u0117s \u017eiedo intarpu ir m\u0117nulio akmen\u0117liu.<\/p>\n<p>Apyrank\u0117s dyd\u017eio pasirinkimui, reikia pamatuoti rie\u0161\u0105 be laisvumo.<\/p>\n<p>Pristatoma Spind\u0117jos dovan\u0173 d\u0117\u017eut\u0117je.<\/p>\n<p>Turimas vietoje papuo\u0161alas i\u0161siun\u010diamas per 1-2 darbo dienas.<br \/>\nIndividualiems u\u017esakymams taikomas 5-9 darbo dien\u0173 pagaminimo terminas. Esant skubiam atvejui, susisiekite \u017einute.<\/p>","protected":false},"featured_media":20436,"comment_status":"closed","ping_status":"closed","template":"","meta":{"_uag_custom_page_level_css":"","site-sidebar-layout":"default","site-content-layout":"","ast-site-content-layout":"default","site-content-style":"default","site-sidebar-style":"default","ast-global-header-display":"","ast-banner-title-visibility":"","ast-main-header-display":"","ast-hfb-above-header-display":"","ast-hfb-below-header-display":"","ast-hfb-mobile-header-display":"","site-post-title":"","ast-breadcrumbs-content":"","ast-featured-img":"","footer-sml-layout":"","ast-disable-related-posts":"","theme-transparent-header-meta":"default","adv-header-id-meta":"","stick-header-meta":"default","header-above-stick-meta":"","header-main-stick-meta":"","header-below-stick-meta":"","astra-migrate-meta-layouts":"set","ast-page-background-enabled":"default","ast-page-background-meta":{"desktop":{"background-color":"","background-image":"","background-repeat":"repeat","background-position":"center center","background-size":"auto","background-attachment":"scroll","background-type":"","background-media":"","overlay-type":"","overlay-color":"","overlay-opacity":"","overlay-gradient":""},"tablet":{"background-color":"","background-image":"","background-repeat":"repeat","background-position":"center center","background-size":"auto","background-attachment":"scroll","background-type":"","background-media":"","overlay-type":"","overlay-color":"","overlay-opacity":"","overlay-gradient":""},"mobile":{"background-color":"","background-image":"","background-repeat":"repeat","background-position":"center center","background-size":"auto","background-attachment":"scroll","background-type":"","background-media":"","overlay-type":"","overlay-color":"","overlay-opacity":"","overlay-gradient":""}},"ast-content-background-meta":{"desktop":{"background-color":"var(--ast-global-color-5)","background-image":"","background-repeat":"repeat","background-position":"center center","background-size":"auto","background-attachment":"scroll","background-type":"","background-media":"","overlay-type":"","overlay-color":"","overlay-opacity":"","overlay-gradient":""},"tablet":{"background-color":"var(--ast-global-color-5)","background-image":"","background-repeat":"repeat","background-position":"center center","background-size":"auto","background-attachment":"scroll","background-type":"","background-media":"","overlay-type":"","overlay-color":"","overlay-opacity":"","overlay-gradient":""},"mobile":{"background-color":"var(--ast-global-color-5)","background-image":"","background-repeat":"repeat","background-position":"center center","background-size":"auto","background-attachment":"scroll","background-type":"","background-media":"","overlay-type":"","overlay-color":"","overlay-opacity":"","overlay-gradient":""}}},"product_brand":[],"product_cat":[53],"product_tag":[],"class_list":{"0":"post-20428","1":"product","2":"type-product","3":"status-publish","4":"has-post-thumbnail","6":"product_cat-apyrankes","7":"desktop-align-left","8":"tablet-align-left","9":"mobile-align-left","10":"ast-product-gallery-layout-horizontal-slider","11":"ast-product-single-variable","12":"ast-product-tabs-layout-horizontal","14":"first","15":"instock","16":"shipping-taxable","17":"purchasable","18":"product-type-variable"},"yoast_head":"<!-- This site is optimized with the Yoast SEO plugin v26.9 - https:\/\/yoast.com\/product\/yoast-seo-wordpress\/ -->\n<title>Apyrank\u0117 &quot;Lotosas&quot; - Spind\u0117ja<\/title>\n<meta name=\"description\" content=\"Apyrank\u0117 &quot;Lotosas&quot; - Spind\u0117ja\" \/>\n<meta name=\"robots\" content=\"index, follow, max-snippet:-1, max-image-preview:large, max-video-preview:-1\" \/>\n<link rel=\"canonical\" href=\"https:\/\/spindeja.lt\/en\/product\/apyranke-lotosas\/\" \/>\n<meta property=\"og:locale\" content=\"en_GB\" \/>\n<meta property=\"og:type\" content=\"article\" \/>\n<meta property=\"og:title\" content=\"Apyrank\u0117 &quot;Lotosas&quot; - Spind\u0117ja\" \/>\n<meta property=\"og:description\" content=\"Apyrank\u0117 &quot;Lotosas&quot; - Spind\u0117ja\" \/>\n<meta property=\"og:url\" content=\"https:\/\/spindeja.lt\/en\/product\/apyranke-lotosas\/\" \/>\n<meta property=\"og:site_name\" content=\"Spind\u0117ja\" \/>\n<meta property=\"article:publisher\" content=\"https:\/\/www.facebook.com\/profile.php?id=100063674195191\" \/>\n<meta property=\"article:modified_time\" content=\"2025-05-13T16:35:08+00:00\" \/>\n<meta property=\"og:image\" content=\"https:\/\/spindeja.lt\/wp-content\/uploads\/2023\/12\/Lotoso-apyranke-2.webp\" \/>\n\t<meta property=\"og:image:width\" content=\"800\" \/>\n\t<meta property=\"og:image:height\" content=\"800\" \/>\n\t<meta property=\"og:image:type\" content=\"image\/webp\" \/>\n<meta name=\"twitter:card\" content=\"summary_large_image\" \/>\n<meta name=\"twitter:label1\" content=\"Estimated reading time\" \/>\n\t<meta name=\"twitter:data1\" content=\"1 minute\" \/>\n<script type=\"application\/ld+json\" class=\"yoast-schema-graph\">{\"@context\":\"https:\/\/schema.org\",\"@graph\":[{\"@type\":\"WebPage\",\"@id\":\"https:\/\/spindeja.lt\/produktas\/apyranke-lotosas\/\",\"url\":\"https:\/\/spindeja.lt\/produktas\/apyranke-lotosas\/\",\"name\":\"Apyrank\u0117 \\\"Lotosas\\\" - Spind\u0117ja\",\"isPartOf\":{\"@id\":\"https:\/\/spindeja.lt\/#website\"},\"primaryImageOfPage\":{\"@id\":\"https:\/\/spindeja.lt\/produktas\/apyranke-lotosas\/#primaryimage\"},\"image\":{\"@id\":\"https:\/\/spindeja.lt\/produktas\/apyranke-lotosas\/#primaryimage\"},\"thumbnailUrl\":\"https:\/\/spindeja.lt\/wp-content\/uploads\/2023\/12\/Lotoso-apyranke-2.webp\",\"datePublished\":\"2023-12-22T17:47:58+00:00\",\"dateModified\":\"2025-05-13T16:35:08+00:00\",\"description\":\"Apyrank\u0117 \\\"Lotosas\\\" - Spind\u0117ja\",\"breadcrumb\":{\"@id\":\"https:\/\/spindeja.lt\/produktas\/apyranke-lotosas\/#breadcrumb\"},\"inLanguage\":\"en-GB\",\"potentialAction\":[{\"@type\":\"ReadAction\",\"target\":[\"https:\/\/spindeja.lt\/produktas\/apyranke-lotosas\/\"]}]},{\"@type\":\"ImageObject\",\"inLanguage\":\"en-GB\",\"@id\":\"https:\/\/spindeja.lt\/produktas\/apyranke-lotosas\/#primaryimage\",\"url\":\"https:\/\/spindeja.lt\/wp-content\/uploads\/2023\/12\/Lotoso-apyranke-2.webp\",\"contentUrl\":\"https:\/\/spindeja.lt\/wp-content\/uploads\/2023\/12\/Lotoso-apyranke-2.webp\",\"width\":800,\"height\":800,\"caption\":\"Lotoso apyrank\u0117\"},{\"@type\":\"BreadcrumbList\",\"@id\":\"https:\/\/spindeja.lt\/produktas\/apyranke-lotosas\/#breadcrumb\",\"itemListElement\":[{\"@type\":\"ListItem\",\"position\":1,\"name\":\"Prad\u017eia\",\"item\":\"https:\/\/spindeja.lt\/\"},{\"@type\":\"ListItem\",\"position\":2,\"name\":\"Parduotuv\u0117\",\"item\":\"https:\/\/spindeja.lt\/parduotuve\/\"},{\"@type\":\"ListItem\",\"position\":3,\"name\":\"Apyrank\u0117 &#8222;Lotosas&#8221;\"}]},{\"@type\":\"WebSite\",\"@id\":\"https:\/\/spindeja.lt\/#website\",\"url\":\"https:\/\/spindeja.lt\/\",\"name\":\"Spind\u0117ja\",\"description\":\"Rank\u0173 darbo papuo\u0161alai Jums\",\"publisher\":{\"@id\":\"https:\/\/spindeja.lt\/#organization\"},\"potentialAction\":[{\"@type\":\"SearchAction\",\"target\":{\"@type\":\"EntryPoint\",\"urlTemplate\":\"https:\/\/spindeja.lt\/?s={search_term_string}\"},\"query-input\":{\"@type\":\"PropertyValueSpecification\",\"valueRequired\":true,\"valueName\":\"search_term_string\"}}],\"inLanguage\":\"en-GB\"},{\"@type\":\"Organization\",\"@id\":\"https:\/\/spindeja.lt\/#organization\",\"name\":\"Spind\u0117ja\",\"url\":\"https:\/\/spindeja.lt\/\",\"logo\":{\"@type\":\"ImageObject\",\"inLanguage\":\"en-GB\",\"@id\":\"https:\/\/spindeja.lt\/#\/schema\/logo\/image\/\",\"url\":\"https:\/\/spindeja.lt\/wp-content\/uploads\/2019\/12\/Layer-2.png\",\"contentUrl\":\"https:\/\/spindeja.lt\/wp-content\/uploads\/2019\/12\/Layer-2.png\",\"width\":915,\"height\":616,\"caption\":\"Spind\u0117ja\"},\"image\":{\"@id\":\"https:\/\/spindeja.lt\/#\/schema\/logo\/image\/\"},\"sameAs\":[\"https:\/\/www.facebook.com\/profile.php?id=100063674195191\",\"https:\/\/www.instagram.com\/spindeja\/\"]}]}<\/script>\n<!-- \/ Yoast SEO plugin. -->","yoast_head_json":{"title":"Apyrank\u0117 \"Lotosas\" - Spind\u0117ja","description":"Apyrank\u0117 \"Lotosas\" - Spind\u0117ja","robots":{"index":"index","follow":"follow","max-snippet":"max-snippet:-1","max-image-preview":"max-image-preview:large","max-video-preview":"max-video-preview:-1"},"canonical":"https:\/\/spindeja.lt\/en\/product\/apyranke-lotosas\/","og_locale":"en_GB","og_type":"article","og_title":"Apyrank\u0117 \"Lotosas\" - Spind\u0117ja","og_description":"Apyrank\u0117 \"Lotosas\" - Spind\u0117ja","og_url":"https:\/\/spindeja.lt\/en\/product\/apyranke-lotosas\/","og_site_name":"Spind\u0117ja","article_publisher":"https:\/\/www.facebook.com\/profile.php?id=100063674195191","article_modified_time":"2025-05-13T16:35:08+00:00","og_image":[{"width":800,"height":800,"url":"https:\/\/spindeja.lt\/wp-content\/uploads\/2023\/12\/Lotoso-apyranke-2.webp","type":"image\/webp"}],"twitter_card":"summary_large_image","twitter_misc":{"Estimated reading time":"1 minute"},"schema":{"@context":"https:\/\/schema.org","@graph":[{"@type":"WebPage","@id":"https:\/\/spindeja.lt\/produktas\/apyranke-lotosas\/","url":"https:\/\/spindeja.lt\/produktas\/apyranke-lotosas\/","name":"Apyrank\u0117 \"Lotosas\" - Spind\u0117ja","isPartOf":{"@id":"https:\/\/spindeja.lt\/#website"},"primaryImageOfPage":{"@id":"https:\/\/spindeja.lt\/produktas\/apyranke-lotosas\/#primaryimage"},"image":{"@id":"https:\/\/spindeja.lt\/produktas\/apyranke-lotosas\/#primaryimage"},"thumbnailUrl":"https:\/\/spindeja.lt\/wp-content\/uploads\/2023\/12\/Lotoso-apyranke-2.webp","datePublished":"2023-12-22T17:47:58+00:00","dateModified":"2025-05-13T16:35:08+00:00","description":"Apyrank\u0117 \"Lotosas\" - Spind\u0117ja","breadcrumb":{"@id":"https:\/\/spindeja.lt\/produktas\/apyranke-lotosas\/#breadcrumb"},"inLanguage":"en-GB","potentialAction":[{"@type":"ReadAction","target":["https:\/\/spindeja.lt\/produktas\/apyranke-lotosas\/"]}]},{"@type":"ImageObject","inLanguage":"en-GB","@id":"https:\/\/spindeja.lt\/produktas\/apyranke-lotosas\/#primaryimage","url":"https:\/\/spindeja.lt\/wp-content\/uploads\/2023\/12\/Lotoso-apyranke-2.webp","contentUrl":"https:\/\/spindeja.lt\/wp-content\/uploads\/2023\/12\/Lotoso-apyranke-2.webp","width":800,"height":800,"caption":"Lotoso apyrank\u0117"},{"@type":"BreadcrumbList","@id":"https:\/\/spindeja.lt\/produktas\/apyranke-lotosas\/#breadcrumb","itemListElement":[{"@type":"ListItem","position":1,"name":"Prad\u017eia","item":"https:\/\/spindeja.lt\/"},{"@type":"ListItem","position":2,"name":"Parduotuv\u0117","item":"https:\/\/spindeja.lt\/parduotuve\/"},{"@type":"ListItem","position":3,"name":"Apyrank\u0117 &#8222;Lotosas&#8221;"}]},{"@type":"WebSite","@id":"https:\/\/spindeja.lt\/#website","url":"https:\/\/spindeja.lt\/","name":"Spind\u0117ja","description":"Rank\u0173 darbo papuo\u0161alai Jums","publisher":{"@id":"https:\/\/spindeja.lt\/#organization"},"potentialAction":[{"@type":"SearchAction","target":{"@type":"EntryPoint","urlTemplate":"https:\/\/spindeja.lt\/?s={search_term_string}"},"query-input":{"@type":"PropertyValueSpecification","valueRequired":true,"valueName":"search_term_string"}}],"inLanguage":"en-GB"},{"@type":"Organization","@id":"https:\/\/spindeja.lt\/#organization","name":"Spind\u0117ja","url":"https:\/\/spindeja.lt\/","logo":{"@type":"ImageObject","inLanguage":"en-GB","@id":"https:\/\/spindeja.lt\/#\/schema\/logo\/image\/","url":"https:\/\/spindeja.lt\/wp-content\/uploads\/2019\/12\/Layer-2.png","contentUrl":"https:\/\/spindeja.lt\/wp-content\/uploads\/2019\/12\/Layer-2.png","width":915,"height":616,"caption":"Spind\u0117ja"},"image":{"@id":"https:\/\/spindeja.lt\/#\/schema\/logo\/image\/"},"sameAs":["https:\/\/www.facebook.com\/profile.php?id=100063674195191","https:\/\/www.instagram.com\/spindeja\/"]}]}},"uagb_featured_image_src":{"full":["https:\/\/spindeja.lt\/wp-content\/uploads\/2023\/12\/Lotoso-apyranke-2.webp",800,800,false],"thumbnail":["https:\/\/spindeja.lt\/wp-content\/uploads\/2023\/12\/Lotoso-apyranke-2-150x150.webp",150,150,true],"medium":["https:\/\/spindeja.lt\/wp-content\/uploads\/2023\/12\/Lotoso-apyranke-2-300x300.webp",300,300,true],"medium_large":["https:\/\/spindeja.lt\/wp-content\/uploads\/2023\/12\/Lotoso-apyranke-2-768x768.webp",768,768,true],"large":["https:\/\/spindeja.lt\/wp-content\/uploads\/2023\/12\/Lotoso-apyranke-2.webp",800,800,false],"1536x1536":["https:\/\/spindeja.lt\/wp-content\/uploads\/2023\/12\/Lotoso-apyranke-2.webp",800,800,false],"2048x2048":["https:\/\/spindeja.lt\/wp-content\/uploads\/2023\/12\/Lotoso-apyranke-2.webp",800,800,false],"trp-custom-language-flag":["https:\/\/spindeja.lt\/wp-content\/uploads\/2023\/12\/Lotoso-apyranke-2-12x12.webp",12,12,true],"woocommerce_thumbnail":["https:\/\/spindeja.lt\/wp-content\/uploads\/2023\/12\/Lotoso-apyranke-2-540x540.webp",540,540,true],"woocommerce_single":["https:\/\/spindeja.lt\/wp-content\/uploads\/2023\/12\/Lotoso-apyranke-2-540x540.webp",540,540,true],"woocommerce_gallery_thumbnail":["https:\/\/spindeja.lt\/wp-content\/uploads\/2023\/12\/Lotoso-apyranke-2-100x100.webp",100,100,true]},"uagb_author_info":{"display_name":"spindeja","author_link":"https:\/\/spindeja.lt\/en\/author\/"},"uagb_comment_info":0,"uagb_excerpt":"I\u0161skirtinio dizaino sidabrin\u0117 apyrank\u0117 su g\u0117l\u0117s \u017eiedo intarpu ir m\u0117nulio akmen\u0117liu. Apyrank\u0117s dyd\u017eio pasirinkimui, reikia pamatuoti rie\u0161\u0105 be laisvumo. Pristatoma Spind\u0117jos dovan\u0173 d\u0117\u017eut\u0117je. Turimas vietoje papuo\u0161alas i\u0161siun\u010diamas per 1-2 darbo dienas. Individualiems u\u017esakymams taikomas 5-9 darbo dien\u0173 pagaminimo terminas. Esant skubiam atvejui, susisiekite \u017einute.","_links":{"self":[{"href":"https:\/\/spindeja.lt\/en\/wp-json\/wp\/v2\/product\/20428","targetHints":{"allow":["GET"]}}],"collection":[{"href":"https:\/\/spindeja.lt\/en\/wp-json\/wp\/v2\/product"}],"about":[{"href":"https:\/\/spindeja.lt\/en\/wp-json\/wp\/v2\/types\/product"}],"replies":[{"embeddable":true,"href":"https:\/\/spindeja.lt\/en\/wp-json\/wp\/v2\/comments?post=20428"}],"wp:featuredmedia":[{"embeddable":true,"href":"https:\/\/spindeja.lt\/en\/wp-json\/wp\/v2\/media\/20436"}],"wp:attachment":[{"href":"https:\/\/spindeja.lt\/en\/wp-json\/wp\/v2\/media?parent=20428"}],"wp:term":[{"taxonomy":"product_brand","embeddable":true,"href":"https:\/\/spindeja.lt\/en\/wp-json\/wp\/v2\/product_brand?post=20428"},{"taxonomy":"product_cat","embeddable":true,"href":"https:\/\/spindeja.lt\/en\/wp-json\/wp\/v2\/product_cat?post=20428"},{"taxonomy":"product_tag","embeddable":true,"href":"https:\/\/spindeja.lt\/en\/wp-json\/wp\/v2\/product_tag?post=20428"}],"curies":[{"name":"wp","href":"https:\/\/api.w.org\/{rel}","templated":true}]}}