{"id":20393,"date":"2023-12-22T15:53:48","date_gmt":"2023-12-22T13:53:48","guid":{"rendered":"https:\/\/spindeja.lt\/?post_type=product&#038;p=20393"},"modified":"2025-05-13T18:50:24","modified_gmt":"2025-05-13T16:50:24","slug":"juodo-gintaro-apyranke-su-metatronu","status":"publish","type":"product","link":"https:\/\/spindeja.lt\/en\/product\/juodo-gintaro-apyranke-su-metatronu\/","title":{"rendered":"Juodo gintaro apyrank\u0117 su metatronu"},"content":{"rendered":"<p>Metatronas yra sakrali geometrija ir tobulos s\u0105mon\u0117s simbolis. Daugiau apie tai galite skaityti\u00a0<a href=\"https:\/\/spindeja.lt\/en\/kristalai-ir-mentalines-strukturos\/\">\u0161iame straipsnyje.<\/a><\/p>\n<p>Kiekvienas gintaro gabal\u0117lis yra unikalus gamtos k\u016brinys, susiformav\u0119s prie\u0161 milijonus met\u0173. Tai liudija ne\u012fkainojam\u0105 gintaro vert\u0119.<\/p>\n<p>Gintarai suteikia d\u017eiaugsming\u0105 ir ram\u0173 buvim\u0105 \u010dia ir dabar, priartina prie gamtos ir sustiprina susijungim\u0105 su ja. Jie yra tarsi ma\u017eos saulyt\u0117s, spinduliuojan\u010dios \u0161ilum\u0105 ir jaukum\u0105. \u0160iluma jau\u010diama netgi fizi\u0161kai. \u00a0Tai amorfin\u0117s strukt\u016bros mineralai, padedantys dar labiau susijungti su K\u016br\u0117ju. J\u0173 galia \u0161velni, subtili ir efektyvi.<\/p>\n<p>Taip pat gintaras veikia, kaip \u0160viesos sargas nuo negatyvi\u0173 energij\u0173, \u012fvairi\u0173 virus\u0173 ir bakterij\u0173. Manoma, kad gintaro pavadinimas kilo nuo \u017eod\u017eio \u201eginti\u201c. Be vis\u0173 kit\u0173 ger\u0173 savybi\u0173 gintar\u0105 sudaranti r\u016bg\u0161tis (sukcinitas) prisideda prie imuniteto stiprinimo, kadangi, papuo\u0161alui lie\u010diantis prie odos, sukcinito mikrodalel\u0117s prasiskverbia pro od\u0105 \u012f m\u016bs\u0173 organizm\u0105.<\/p>\n<p>Gintaruose yra sukaupta milijon\u0173 met\u0173 patirtis, tobula s\u0105mon\u0117, kurios \u017einutes ir apsaug\u0105 reikia priimti atvira \u0161irdimi. Jie spinduliuoja tobul\u0105 i\u0161mint\u012f. Priimk ir pajusk Stebuklus.<\/p>","protected":false},"excerpt":{"rendered":"<p>Vyri\u0161ka juodo gintaro apyrank\u0117 su metatronu.<\/p>\n<p>Gintaro karoliuk\u0173 skersmuo 10 mm. Gintaras i\u0161gautas presavimo technologija.<\/p>\n<p>Ner\u016bdijan\u010dio plieno, sidabro detal\u0117s, patogus slankiojantis u\u017esegimas.<\/p>\n<p>Renkantis dyd\u012f, reikia pamatuoti rie\u0161\u0105 be laisvumo.<\/p>\n<p>Pristatoma Spind\u0117jos dovan\u0173 d\u0117\u017eut\u0117je.<\/p>\n<p>Turimas vietoje papuo\u0161alas i\u0161siun\u010diamas per 1-2 darbo dienas.<br \/>\nIndividualiems u\u017esakymams taikomas 5-9 darbo dien\u0173 pagaminimo terminas. Esant skubiam atvejui, susisiekite \u017einute.<\/p>","protected":false},"featured_media":20329,"comment_status":"closed","ping_status":"closed","template":"","meta":{"_uag_custom_page_level_css":"","site-sidebar-layout":"default","site-content-layout":"","ast-site-content-layout":"default","site-content-style":"default","site-sidebar-style":"default","ast-global-header-display":"","ast-banner-title-visibility":"","ast-main-header-display":"","ast-hfb-above-header-display":"","ast-hfb-below-header-display":"","ast-hfb-mobile-header-display":"","site-post-title":"","ast-breadcrumbs-content":"","ast-featured-img":"","footer-sml-layout":"","ast-disable-related-posts":"","theme-transparent-header-meta":"default","adv-header-id-meta":"","stick-header-meta":"default","header-above-stick-meta":"","header-main-stick-meta":"","header-below-stick-meta":"","astra-migrate-meta-layouts":"set","ast-page-background-enabled":"default","ast-page-background-meta":{"desktop":{"background-color":"","background-image":"","background-repeat":"repeat","background-position":"center center","background-size":"auto","background-attachment":"scroll","background-type":"","background-media":"","overlay-type":"","overlay-color":"","overlay-opacity":"","overlay-gradient":""},"tablet":{"background-color":"","background-image":"","background-repeat":"repeat","background-position":"center center","background-size":"auto","background-attachment":"scroll","background-type":"","background-media":"","overlay-type":"","overlay-color":"","overlay-opacity":"","overlay-gradient":""},"mobile":{"background-color":"","background-image":"","background-repeat":"repeat","background-position":"center center","background-size":"auto","background-attachment":"scroll","background-type":"","background-media":"","overlay-type":"","overlay-color":"","overlay-opacity":"","overlay-gradient":""}},"ast-content-background-meta":{"desktop":{"background-color":"var(--ast-global-color-5)","background-image":"","background-repeat":"repeat","background-position":"center center","background-size":"auto","background-attachment":"scroll","background-type":"","background-media":"","overlay-type":"","overlay-color":"","overlay-opacity":"","overlay-gradient":""},"tablet":{"background-color":"var(--ast-global-color-5)","background-image":"","background-repeat":"repeat","background-position":"center center","background-size":"auto","background-attachment":"scroll","background-type":"","background-media":"","overlay-type":"","overlay-color":"","overlay-opacity":"","overlay-gradient":""},"mobile":{"background-color":"var(--ast-global-color-5)","background-image":"","background-repeat":"repeat","background-position":"center center","background-size":"auto","background-attachment":"scroll","background-type":"","background-media":"","overlay-type":"","overlay-color":"","overlay-opacity":"","overlay-gradient":""}}},"product_brand":[],"product_cat":[53,59,107],"product_tag":[],"class_list":{"0":"post-20393","1":"product","2":"type-product","3":"status-publish","4":"has-post-thumbnail","6":"product_cat-apyrankes","7":"product_cat-gintaro-papuosalai","8":"product_cat-vyrams","9":"desktop-align-left","10":"tablet-align-left","11":"mobile-align-left","12":"ast-product-gallery-layout-horizontal-slider","13":"ast-product-single-variable","14":"ast-product-tabs-layout-horizontal","16":"first","17":"instock","18":"shipping-taxable","19":"purchasable","20":"product-type-variable"},"yoast_head":"<!-- This site is optimized with the Yoast SEO plugin v26.9 - https:\/\/yoast.com\/product\/yoast-seo-wordpress\/ -->\n<title>Juodo gintaro apyrank\u0117 su metatronu - Spind\u0117ja<\/title>\n<meta name=\"description\" content=\"Juodo gintaro apyrank\u0117 su metatronu - Spind\u0117ja Patogus u\u017esegimas\" \/>\n<meta name=\"robots\" content=\"index, follow, max-snippet:-1, max-image-preview:large, max-video-preview:-1\" \/>\n<link rel=\"canonical\" href=\"https:\/\/spindeja.lt\/en\/product\/juodo-gintaro-apyranke-su-metatronu\/\" \/>\n<meta property=\"og:locale\" content=\"en_GB\" \/>\n<meta property=\"og:type\" content=\"article\" \/>\n<meta property=\"og:title\" content=\"Juodo gintaro apyrank\u0117 su metatronu - Spind\u0117ja\" \/>\n<meta property=\"og:description\" content=\"Juodo gintaro apyrank\u0117 su metatronu - Spind\u0117ja Patogus u\u017esegimas\" \/>\n<meta property=\"og:url\" content=\"https:\/\/spindeja.lt\/en\/product\/juodo-gintaro-apyranke-su-metatronu\/\" \/>\n<meta property=\"og:site_name\" content=\"Spind\u0117ja\" \/>\n<meta property=\"article:publisher\" content=\"https:\/\/www.facebook.com\/profile.php?id=100063674195191\" \/>\n<meta property=\"article:modified_time\" content=\"2025-05-13T16:50:24+00:00\" \/>\n<meta property=\"og:image\" content=\"https:\/\/spindeja.lt\/wp-content\/uploads\/2023\/12\/Metatrono-apyranke-4-e1703203818704.webp\" \/>\n\t<meta property=\"og:image:width\" content=\"600\" \/>\n\t<meta property=\"og:image:height\" content=\"664\" \/>\n\t<meta property=\"og:image:type\" content=\"image\/webp\" \/>\n<meta name=\"twitter:card\" content=\"summary_large_image\" \/>\n<meta name=\"twitter:label1\" content=\"Estimated reading time\" \/>\n\t<meta name=\"twitter:data1\" content=\"2 minutes\" \/>\n<script type=\"application\/ld+json\" class=\"yoast-schema-graph\">{\"@context\":\"https:\/\/schema.org\",\"@graph\":[{\"@type\":\"WebPage\",\"@id\":\"https:\/\/spindeja.lt\/produktas\/juodo-gintaro-apyranke-su-metatronu\/\",\"url\":\"https:\/\/spindeja.lt\/produktas\/juodo-gintaro-apyranke-su-metatronu\/\",\"name\":\"Juodo gintaro apyrank\u0117 su metatronu - Spind\u0117ja\",\"isPartOf\":{\"@id\":\"https:\/\/spindeja.lt\/#website\"},\"primaryImageOfPage\":{\"@id\":\"https:\/\/spindeja.lt\/produktas\/juodo-gintaro-apyranke-su-metatronu\/#primaryimage\"},\"image\":{\"@id\":\"https:\/\/spindeja.lt\/produktas\/juodo-gintaro-apyranke-su-metatronu\/#primaryimage\"},\"thumbnailUrl\":\"https:\/\/spindeja.lt\/wp-content\/uploads\/2023\/12\/Metatrono-apyranke-4-e1703203818704.webp\",\"datePublished\":\"2023-12-22T13:53:48+00:00\",\"dateModified\":\"2025-05-13T16:50:24+00:00\",\"description\":\"Juodo gintaro apyrank\u0117 su metatronu - Spind\u0117ja Patogus u\u017esegimas\",\"breadcrumb\":{\"@id\":\"https:\/\/spindeja.lt\/produktas\/juodo-gintaro-apyranke-su-metatronu\/#breadcrumb\"},\"inLanguage\":\"en-GB\",\"potentialAction\":[{\"@type\":\"ReadAction\",\"target\":[\"https:\/\/spindeja.lt\/produktas\/juodo-gintaro-apyranke-su-metatronu\/\"]}]},{\"@type\":\"ImageObject\",\"inLanguage\":\"en-GB\",\"@id\":\"https:\/\/spindeja.lt\/produktas\/juodo-gintaro-apyranke-su-metatronu\/#primaryimage\",\"url\":\"https:\/\/spindeja.lt\/wp-content\/uploads\/2023\/12\/Metatrono-apyranke-4-e1703203818704.webp\",\"contentUrl\":\"https:\/\/spindeja.lt\/wp-content\/uploads\/2023\/12\/Metatrono-apyranke-4-e1703203818704.webp\",\"width\":600,\"height\":664,\"caption\":\"Metatrono apyrank\u0117\"},{\"@type\":\"BreadcrumbList\",\"@id\":\"https:\/\/spindeja.lt\/produktas\/juodo-gintaro-apyranke-su-metatronu\/#breadcrumb\",\"itemListElement\":[{\"@type\":\"ListItem\",\"position\":1,\"name\":\"Prad\u017eia\",\"item\":\"https:\/\/spindeja.lt\/\"},{\"@type\":\"ListItem\",\"position\":2,\"name\":\"Parduotuv\u0117\",\"item\":\"https:\/\/spindeja.lt\/parduotuve\/\"},{\"@type\":\"ListItem\",\"position\":3,\"name\":\"Juodo gintaro apyrank\u0117 su metatronu\"}]},{\"@type\":\"WebSite\",\"@id\":\"https:\/\/spindeja.lt\/#website\",\"url\":\"https:\/\/spindeja.lt\/\",\"name\":\"Spind\u0117ja\",\"description\":\"Rank\u0173 darbo papuo\u0161alai Jums\",\"publisher\":{\"@id\":\"https:\/\/spindeja.lt\/#organization\"},\"potentialAction\":[{\"@type\":\"SearchAction\",\"target\":{\"@type\":\"EntryPoint\",\"urlTemplate\":\"https:\/\/spindeja.lt\/?s={search_term_string}\"},\"query-input\":{\"@type\":\"PropertyValueSpecification\",\"valueRequired\":true,\"valueName\":\"search_term_string\"}}],\"inLanguage\":\"en-GB\"},{\"@type\":\"Organization\",\"@id\":\"https:\/\/spindeja.lt\/#organization\",\"name\":\"Spind\u0117ja\",\"url\":\"https:\/\/spindeja.lt\/\",\"logo\":{\"@type\":\"ImageObject\",\"inLanguage\":\"en-GB\",\"@id\":\"https:\/\/spindeja.lt\/#\/schema\/logo\/image\/\",\"url\":\"https:\/\/spindeja.lt\/wp-content\/uploads\/2019\/12\/Layer-2.png\",\"contentUrl\":\"https:\/\/spindeja.lt\/wp-content\/uploads\/2019\/12\/Layer-2.png\",\"width\":915,\"height\":616,\"caption\":\"Spind\u0117ja\"},\"image\":{\"@id\":\"https:\/\/spindeja.lt\/#\/schema\/logo\/image\/\"},\"sameAs\":[\"https:\/\/www.facebook.com\/profile.php?id=100063674195191\",\"https:\/\/www.instagram.com\/spindeja\/\"]}]}<\/script>\n<!-- \/ Yoast SEO plugin. -->","yoast_head_json":{"title":"Juodo gintaro apyrank\u0117 su metatronu - Spind\u0117ja","description":"Juodo gintaro apyrank\u0117 su metatronu - Spind\u0117ja Patogus u\u017esegimas","robots":{"index":"index","follow":"follow","max-snippet":"max-snippet:-1","max-image-preview":"max-image-preview:large","max-video-preview":"max-video-preview:-1"},"canonical":"https:\/\/spindeja.lt\/en\/product\/juodo-gintaro-apyranke-su-metatronu\/","og_locale":"en_GB","og_type":"article","og_title":"Juodo gintaro apyrank\u0117 su metatronu - Spind\u0117ja","og_description":"Juodo gintaro apyrank\u0117 su metatronu - Spind\u0117ja Patogus u\u017esegimas","og_url":"https:\/\/spindeja.lt\/en\/product\/juodo-gintaro-apyranke-su-metatronu\/","og_site_name":"Spind\u0117ja","article_publisher":"https:\/\/www.facebook.com\/profile.php?id=100063674195191","article_modified_time":"2025-05-13T16:50:24+00:00","og_image":[{"width":600,"height":664,"url":"https:\/\/spindeja.lt\/wp-content\/uploads\/2023\/12\/Metatrono-apyranke-4-e1703203818704.webp","type":"image\/webp"}],"twitter_card":"summary_large_image","twitter_misc":{"Estimated reading time":"2 minutes"},"schema":{"@context":"https:\/\/schema.org","@graph":[{"@type":"WebPage","@id":"https:\/\/spindeja.lt\/produktas\/juodo-gintaro-apyranke-su-metatronu\/","url":"https:\/\/spindeja.lt\/produktas\/juodo-gintaro-apyranke-su-metatronu\/","name":"Juodo gintaro apyrank\u0117 su metatronu - Spind\u0117ja","isPartOf":{"@id":"https:\/\/spindeja.lt\/#website"},"primaryImageOfPage":{"@id":"https:\/\/spindeja.lt\/produktas\/juodo-gintaro-apyranke-su-metatronu\/#primaryimage"},"image":{"@id":"https:\/\/spindeja.lt\/produktas\/juodo-gintaro-apyranke-su-metatronu\/#primaryimage"},"thumbnailUrl":"https:\/\/spindeja.lt\/wp-content\/uploads\/2023\/12\/Metatrono-apyranke-4-e1703203818704.webp","datePublished":"2023-12-22T13:53:48+00:00","dateModified":"2025-05-13T16:50:24+00:00","description":"Juodo gintaro apyrank\u0117 su metatronu - Spind\u0117ja Patogus u\u017esegimas","breadcrumb":{"@id":"https:\/\/spindeja.lt\/produktas\/juodo-gintaro-apyranke-su-metatronu\/#breadcrumb"},"inLanguage":"en-GB","potentialAction":[{"@type":"ReadAction","target":["https:\/\/spindeja.lt\/produktas\/juodo-gintaro-apyranke-su-metatronu\/"]}]},{"@type":"ImageObject","inLanguage":"en-GB","@id":"https:\/\/spindeja.lt\/produktas\/juodo-gintaro-apyranke-su-metatronu\/#primaryimage","url":"https:\/\/spindeja.lt\/wp-content\/uploads\/2023\/12\/Metatrono-apyranke-4-e1703203818704.webp","contentUrl":"https:\/\/spindeja.lt\/wp-content\/uploads\/2023\/12\/Metatrono-apyranke-4-e1703203818704.webp","width":600,"height":664,"caption":"Metatrono apyrank\u0117"},{"@type":"BreadcrumbList","@id":"https:\/\/spindeja.lt\/produktas\/juodo-gintaro-apyranke-su-metatronu\/#breadcrumb","itemListElement":[{"@type":"ListItem","position":1,"name":"Prad\u017eia","item":"https:\/\/spindeja.lt\/"},{"@type":"ListItem","position":2,"name":"Parduotuv\u0117","item":"https:\/\/spindeja.lt\/parduotuve\/"},{"@type":"ListItem","position":3,"name":"Juodo gintaro apyrank\u0117 su metatronu"}]},{"@type":"WebSite","@id":"https:\/\/spindeja.lt\/#website","url":"https:\/\/spindeja.lt\/","name":"Spind\u0117ja","description":"Rank\u0173 darbo papuo\u0161alai Jums","publisher":{"@id":"https:\/\/spindeja.lt\/#organization"},"potentialAction":[{"@type":"SearchAction","target":{"@type":"EntryPoint","urlTemplate":"https:\/\/spindeja.lt\/?s={search_term_string}"},"query-input":{"@type":"PropertyValueSpecification","valueRequired":true,"valueName":"search_term_string"}}],"inLanguage":"en-GB"},{"@type":"Organization","@id":"https:\/\/spindeja.lt\/#organization","name":"Spind\u0117ja","url":"https:\/\/spindeja.lt\/","logo":{"@type":"ImageObject","inLanguage":"en-GB","@id":"https:\/\/spindeja.lt\/#\/schema\/logo\/image\/","url":"https:\/\/spindeja.lt\/wp-content\/uploads\/2019\/12\/Layer-2.png","contentUrl":"https:\/\/spindeja.lt\/wp-content\/uploads\/2019\/12\/Layer-2.png","width":915,"height":616,"caption":"Spind\u0117ja"},"image":{"@id":"https:\/\/spindeja.lt\/#\/schema\/logo\/image\/"},"sameAs":["https:\/\/www.facebook.com\/profile.php?id=100063674195191","https:\/\/www.instagram.com\/spindeja\/"]}]}},"uagb_featured_image_src":{"full":["https:\/\/spindeja.lt\/wp-content\/uploads\/2023\/12\/Metatrono-apyranke-4-e1703203818704.webp",600,664,false],"thumbnail":["https:\/\/spindeja.lt\/wp-content\/uploads\/2023\/12\/Metatrono-apyranke-4-e1703203818704-150x150.webp",150,150,true],"medium":["https:\/\/spindeja.lt\/wp-content\/uploads\/2023\/12\/Metatrono-apyranke-4-e1703203818704-271x300.webp",271,300,true],"medium_large":["https:\/\/spindeja.lt\/wp-content\/uploads\/2023\/12\/Metatrono-apyranke-4-e1703203818704.webp",600,664,false],"large":["https:\/\/spindeja.lt\/wp-content\/uploads\/2023\/12\/Metatrono-apyranke-4-e1703203818704.webp",600,664,false],"1536x1536":["https:\/\/spindeja.lt\/wp-content\/uploads\/2023\/12\/Metatrono-apyranke-4-e1703203818704.webp",600,664,false],"2048x2048":["https:\/\/spindeja.lt\/wp-content\/uploads\/2023\/12\/Metatrono-apyranke-4-e1703203818704.webp",600,664,false],"trp-custom-language-flag":["https:\/\/spindeja.lt\/wp-content\/uploads\/2023\/12\/Metatrono-apyranke-4-e1703203818704-11x12.webp",11,12,true],"woocommerce_thumbnail":["https:\/\/spindeja.lt\/wp-content\/uploads\/2023\/12\/Metatrono-apyranke-4-e1703203818704-540x540.webp",540,540,true],"woocommerce_single":["https:\/\/spindeja.lt\/wp-content\/uploads\/2023\/12\/Metatrono-apyranke-4-e1703203818704-540x598.webp",540,598,true],"woocommerce_gallery_thumbnail":["https:\/\/spindeja.lt\/wp-content\/uploads\/2023\/12\/Metatrono-apyranke-4-e1703203818704-100x100.webp",100,100,true]},"uagb_author_info":{"display_name":"spindeja","author_link":"https:\/\/spindeja.lt\/en\/author\/"},"uagb_comment_info":0,"uagb_excerpt":"Vyri\u0161ka juodo gintaro apyrank\u0117 su metatronu. Gintaro karoliuk\u0173 skersmuo 10 mm. Gintaras i\u0161gautas presavimo technologija. Ner\u016bdijan\u010dio plieno, sidabro detal\u0117s, patogus slankiojantis u\u017esegimas. Renkantis dyd\u012f, reikia pamatuoti rie\u0161\u0105 be laisvumo. Pristatoma Spind\u0117jos dovan\u0173 d\u0117\u017eut\u0117je. Turimas vietoje papuo\u0161alas i\u0161siun\u010diamas per 1-2 darbo dienas. Individualiems u\u017esakymams taikomas 5-9 darbo dien\u0173 pagaminimo terminas. Esant skubiam atvejui, susisiekite \u017einute.","_links":{"self":[{"href":"https:\/\/spindeja.lt\/en\/wp-json\/wp\/v2\/product\/20393","targetHints":{"allow":["GET"]}}],"collection":[{"href":"https:\/\/spindeja.lt\/en\/wp-json\/wp\/v2\/product"}],"about":[{"href":"https:\/\/spindeja.lt\/en\/wp-json\/wp\/v2\/types\/product"}],"replies":[{"embeddable":true,"href":"https:\/\/spindeja.lt\/en\/wp-json\/wp\/v2\/comments?post=20393"}],"wp:featuredmedia":[{"embeddable":true,"href":"https:\/\/spindeja.lt\/en\/wp-json\/wp\/v2\/media\/20329"}],"wp:attachment":[{"href":"https:\/\/spindeja.lt\/en\/wp-json\/wp\/v2\/media?parent=20393"}],"wp:term":[{"taxonomy":"product_brand","embeddable":true,"href":"https:\/\/spindeja.lt\/en\/wp-json\/wp\/v2\/product_brand?post=20393"},{"taxonomy":"product_cat","embeddable":true,"href":"https:\/\/spindeja.lt\/en\/wp-json\/wp\/v2\/product_cat?post=20393"},{"taxonomy":"product_tag","embeddable":true,"href":"https:\/\/spindeja.lt\/en\/wp-json\/wp\/v2\/product_tag?post=20393"}],"curies":[{"name":"wp","href":"https:\/\/api.w.org\/{rel}","templated":true}]}}