{"id":20358,"date":"2023-12-22T13:51:13","date_gmt":"2023-12-22T11:51:13","guid":{"rendered":"https:\/\/spindeja.lt\/?post_type=product&#038;p=20358"},"modified":"2024-10-04T18:59:45","modified_gmt":"2024-10-04T16:59:45","slug":"rozinis-verinys-su-gelyte","status":"publish","type":"product","link":"https:\/\/spindeja.lt\/en\/product\/rozinis-verinys-su-gelyte\/","title":{"rendered":"Ro\u017einis v\u0117rinys su g\u0117lyte"},"content":{"rendered":"<p>Visoms ma\u017eoms ir didel\u0117ms mergait\u0117ms, mylin\u010dioms ro\u017ein\u0119 spalv\u0105 ir ry\u0161kius stiliaus akcentus.<br \/>\nSpind\u0117kite ry\u0161kiai ir \u012fsp\u016bdingai!<\/p>","protected":false},"excerpt":{"rendered":"<p>Ro\u017einis v\u0117rinys ant kaklo su geltonais, auksiniais akcentais ir g\u0117lyte.<br \/>\nSpalvoti karoliukai kau\u010diukiniai, intarpai hematito, u\u017esegimo detal\u0117s paauksuoto ner\u016bdijan\u010dio plieno.<\/p>\n<p>Ilgis 37 cm + 3 cm prailginimo grandin\u0117l\u0117.<\/p>","protected":false},"featured_media":20359,"comment_status":"closed","ping_status":"closed","template":"","meta":{"_uag_custom_page_level_css":"","site-sidebar-layout":"default","site-content-layout":"","ast-site-content-layout":"default","site-content-style":"default","site-sidebar-style":"default","ast-global-header-display":"","ast-banner-title-visibility":"","ast-main-header-display":"","ast-hfb-above-header-display":"","ast-hfb-below-header-display":"","ast-hfb-mobile-header-display":"","site-post-title":"","ast-breadcrumbs-content":"","ast-featured-img":"","footer-sml-layout":"","ast-disable-related-posts":"","theme-transparent-header-meta":"default","adv-header-id-meta":"","stick-header-meta":"default","header-above-stick-meta":"","header-main-stick-meta":"","header-below-stick-meta":"","astra-migrate-meta-layouts":"set","ast-page-background-enabled":"default","ast-page-background-meta":{"desktop":{"background-color":"","background-image":"","background-repeat":"repeat","background-position":"center center","background-size":"auto","background-attachment":"scroll","background-type":"","background-media":"","overlay-type":"","overlay-color":"","overlay-opacity":"","overlay-gradient":""},"tablet":{"background-color":"","background-image":"","background-repeat":"repeat","background-position":"center center","background-size":"auto","background-attachment":"scroll","background-type":"","background-media":"","overlay-type":"","overlay-color":"","overlay-opacity":"","overlay-gradient":""},"mobile":{"background-color":"","background-image":"","background-repeat":"repeat","background-position":"center center","background-size":"auto","background-attachment":"scroll","background-type":"","background-media":"","overlay-type":"","overlay-color":"","overlay-opacity":"","overlay-gradient":""}},"ast-content-background-meta":{"desktop":{"background-color":"var(--ast-global-color-5)","background-image":"","background-repeat":"repeat","background-position":"center center","background-size":"auto","background-attachment":"scroll","background-type":"","background-media":"","overlay-type":"","overlay-color":"","overlay-opacity":"","overlay-gradient":""},"tablet":{"background-color":"var(--ast-global-color-5)","background-image":"","background-repeat":"repeat","background-position":"center center","background-size":"auto","background-attachment":"scroll","background-type":"","background-media":"","overlay-type":"","overlay-color":"","overlay-opacity":"","overlay-gradient":""},"mobile":{"background-color":"var(--ast-global-color-5)","background-image":"","background-repeat":"repeat","background-position":"center center","background-size":"auto","background-attachment":"scroll","background-type":"","background-media":"","overlay-type":"","overlay-color":"","overlay-opacity":"","overlay-gradient":""}}},"product_brand":[],"product_cat":[110],"product_tag":[],"class_list":{"0":"post-20358","1":"product","2":"type-product","3":"status-publish","4":"has-post-thumbnail","6":"product_cat-vaikiski-papuosalai","7":"desktop-align-left","8":"tablet-align-left","9":"mobile-align-left","10":"ast-product-gallery-layout-horizontal-slider","11":"ast-product-tabs-layout-horizontal","13":"first","14":"instock","15":"sale","16":"shipping-taxable","17":"purchasable","18":"product-type-simple"},"yoast_head":"<!-- This site is optimized with the Yoast SEO plugin v26.9 - https:\/\/yoast.com\/product\/yoast-seo-wordpress\/ -->\n<title>Ro\u017einis v\u0117rinys su g\u0117lyte - Spind\u0117ja<\/title>\n<meta name=\"description\" content=\"Ro\u017einis v\u0117rinys su g\u0117lyte - Spind\u0117ja\" \/>\n<meta name=\"robots\" content=\"index, follow, max-snippet:-1, max-image-preview:large, max-video-preview:-1\" \/>\n<link rel=\"canonical\" href=\"https:\/\/spindeja.lt\/en\/product\/rozinis-verinys-su-gelyte\/\" \/>\n<meta property=\"og:locale\" content=\"en_GB\" \/>\n<meta property=\"og:type\" content=\"article\" \/>\n<meta property=\"og:title\" content=\"Ro\u017einis v\u0117rinys su g\u0117lyte - Spind\u0117ja\" \/>\n<meta property=\"og:description\" content=\"Ro\u017einis v\u0117rinys su g\u0117lyte - Spind\u0117ja\" \/>\n<meta property=\"og:url\" content=\"https:\/\/spindeja.lt\/en\/product\/rozinis-verinys-su-gelyte\/\" \/>\n<meta property=\"og:site_name\" content=\"Spind\u0117ja\" \/>\n<meta property=\"article:publisher\" content=\"https:\/\/www.facebook.com\/profile.php?id=100063674195191\" \/>\n<meta property=\"article:modified_time\" content=\"2024-10-04T16:59:45+00:00\" \/>\n<meta property=\"og:image\" content=\"https:\/\/spindeja.lt\/wp-content\/uploads\/2023\/12\/Rozinis-verinys-su-gelyte-2.webp\" \/>\n\t<meta property=\"og:image:width\" content=\"533\" \/>\n\t<meta property=\"og:image:height\" content=\"800\" \/>\n\t<meta property=\"og:image:type\" content=\"image\/webp\" \/>\n<meta name=\"twitter:card\" content=\"summary_large_image\" \/>\n<meta name=\"twitter:label1\" content=\"Estimated reading time\" \/>\n\t<meta name=\"twitter:data1\" content=\"1 minute\" \/>\n<script type=\"application\/ld+json\" class=\"yoast-schema-graph\">{\"@context\":\"https:\/\/schema.org\",\"@graph\":[{\"@type\":\"WebPage\",\"@id\":\"https:\/\/spindeja.lt\/produktas\/rozinis-verinys-su-gelyte\/\",\"url\":\"https:\/\/spindeja.lt\/produktas\/rozinis-verinys-su-gelyte\/\",\"name\":\"Ro\u017einis v\u0117rinys su g\u0117lyte - Spind\u0117ja\",\"isPartOf\":{\"@id\":\"https:\/\/spindeja.lt\/#website\"},\"primaryImageOfPage\":{\"@id\":\"https:\/\/spindeja.lt\/produktas\/rozinis-verinys-su-gelyte\/#primaryimage\"},\"image\":{\"@id\":\"https:\/\/spindeja.lt\/produktas\/rozinis-verinys-su-gelyte\/#primaryimage\"},\"thumbnailUrl\":\"https:\/\/spindeja.lt\/wp-content\/uploads\/2023\/12\/Rozinis-verinys-su-gelyte-2.webp\",\"datePublished\":\"2023-12-22T11:51:13+00:00\",\"dateModified\":\"2024-10-04T16:59:45+00:00\",\"description\":\"Ro\u017einis v\u0117rinys su g\u0117lyte - Spind\u0117ja\",\"breadcrumb\":{\"@id\":\"https:\/\/spindeja.lt\/produktas\/rozinis-verinys-su-gelyte\/#breadcrumb\"},\"inLanguage\":\"en-GB\",\"potentialAction\":[{\"@type\":\"ReadAction\",\"target\":[\"https:\/\/spindeja.lt\/produktas\/rozinis-verinys-su-gelyte\/\"]}]},{\"@type\":\"ImageObject\",\"inLanguage\":\"en-GB\",\"@id\":\"https:\/\/spindeja.lt\/produktas\/rozinis-verinys-su-gelyte\/#primaryimage\",\"url\":\"https:\/\/spindeja.lt\/wp-content\/uploads\/2023\/12\/Rozinis-verinys-su-gelyte-2.webp\",\"contentUrl\":\"https:\/\/spindeja.lt\/wp-content\/uploads\/2023\/12\/Rozinis-verinys-su-gelyte-2.webp\",\"width\":533,\"height\":800,\"caption\":\"Rozinis-verinys-su-gelyte\"},{\"@type\":\"BreadcrumbList\",\"@id\":\"https:\/\/spindeja.lt\/produktas\/rozinis-verinys-su-gelyte\/#breadcrumb\",\"itemListElement\":[{\"@type\":\"ListItem\",\"position\":1,\"name\":\"Prad\u017eia\",\"item\":\"https:\/\/spindeja.lt\/\"},{\"@type\":\"ListItem\",\"position\":2,\"name\":\"Parduotuv\u0117\",\"item\":\"https:\/\/spindeja.lt\/parduotuve\/\"},{\"@type\":\"ListItem\",\"position\":3,\"name\":\"Ro\u017einis v\u0117rinys su g\u0117lyte\"}]},{\"@type\":\"WebSite\",\"@id\":\"https:\/\/spindeja.lt\/#website\",\"url\":\"https:\/\/spindeja.lt\/\",\"name\":\"Spind\u0117ja\",\"description\":\"Rank\u0173 darbo papuo\u0161alai Jums\",\"publisher\":{\"@id\":\"https:\/\/spindeja.lt\/#organization\"},\"potentialAction\":[{\"@type\":\"SearchAction\",\"target\":{\"@type\":\"EntryPoint\",\"urlTemplate\":\"https:\/\/spindeja.lt\/?s={search_term_string}\"},\"query-input\":{\"@type\":\"PropertyValueSpecification\",\"valueRequired\":true,\"valueName\":\"search_term_string\"}}],\"inLanguage\":\"en-GB\"},{\"@type\":\"Organization\",\"@id\":\"https:\/\/spindeja.lt\/#organization\",\"name\":\"Spind\u0117ja\",\"url\":\"https:\/\/spindeja.lt\/\",\"logo\":{\"@type\":\"ImageObject\",\"inLanguage\":\"en-GB\",\"@id\":\"https:\/\/spindeja.lt\/#\/schema\/logo\/image\/\",\"url\":\"https:\/\/spindeja.lt\/wp-content\/uploads\/2019\/12\/Layer-2.png\",\"contentUrl\":\"https:\/\/spindeja.lt\/wp-content\/uploads\/2019\/12\/Layer-2.png\",\"width\":915,\"height\":616,\"caption\":\"Spind\u0117ja\"},\"image\":{\"@id\":\"https:\/\/spindeja.lt\/#\/schema\/logo\/image\/\"},\"sameAs\":[\"https:\/\/www.facebook.com\/profile.php?id=100063674195191\",\"https:\/\/www.instagram.com\/spindeja\/\"]}]}<\/script>\n<!-- \/ Yoast SEO plugin. -->","yoast_head_json":{"title":"Ro\u017einis v\u0117rinys su g\u0117lyte - Spind\u0117ja","description":"Ro\u017einis v\u0117rinys su g\u0117lyte - Spind\u0117ja","robots":{"index":"index","follow":"follow","max-snippet":"max-snippet:-1","max-image-preview":"max-image-preview:large","max-video-preview":"max-video-preview:-1"},"canonical":"https:\/\/spindeja.lt\/en\/product\/rozinis-verinys-su-gelyte\/","og_locale":"en_GB","og_type":"article","og_title":"Ro\u017einis v\u0117rinys su g\u0117lyte - Spind\u0117ja","og_description":"Ro\u017einis v\u0117rinys su g\u0117lyte - Spind\u0117ja","og_url":"https:\/\/spindeja.lt\/en\/product\/rozinis-verinys-su-gelyte\/","og_site_name":"Spind\u0117ja","article_publisher":"https:\/\/www.facebook.com\/profile.php?id=100063674195191","article_modified_time":"2024-10-04T16:59:45+00:00","og_image":[{"width":533,"height":800,"url":"https:\/\/spindeja.lt\/wp-content\/uploads\/2023\/12\/Rozinis-verinys-su-gelyte-2.webp","type":"image\/webp"}],"twitter_card":"summary_large_image","twitter_misc":{"Estimated reading time":"1 minute"},"schema":{"@context":"https:\/\/schema.org","@graph":[{"@type":"WebPage","@id":"https:\/\/spindeja.lt\/produktas\/rozinis-verinys-su-gelyte\/","url":"https:\/\/spindeja.lt\/produktas\/rozinis-verinys-su-gelyte\/","name":"Ro\u017einis v\u0117rinys su g\u0117lyte - Spind\u0117ja","isPartOf":{"@id":"https:\/\/spindeja.lt\/#website"},"primaryImageOfPage":{"@id":"https:\/\/spindeja.lt\/produktas\/rozinis-verinys-su-gelyte\/#primaryimage"},"image":{"@id":"https:\/\/spindeja.lt\/produktas\/rozinis-verinys-su-gelyte\/#primaryimage"},"thumbnailUrl":"https:\/\/spindeja.lt\/wp-content\/uploads\/2023\/12\/Rozinis-verinys-su-gelyte-2.webp","datePublished":"2023-12-22T11:51:13+00:00","dateModified":"2024-10-04T16:59:45+00:00","description":"Ro\u017einis v\u0117rinys su g\u0117lyte - Spind\u0117ja","breadcrumb":{"@id":"https:\/\/spindeja.lt\/produktas\/rozinis-verinys-su-gelyte\/#breadcrumb"},"inLanguage":"en-GB","potentialAction":[{"@type":"ReadAction","target":["https:\/\/spindeja.lt\/produktas\/rozinis-verinys-su-gelyte\/"]}]},{"@type":"ImageObject","inLanguage":"en-GB","@id":"https:\/\/spindeja.lt\/produktas\/rozinis-verinys-su-gelyte\/#primaryimage","url":"https:\/\/spindeja.lt\/wp-content\/uploads\/2023\/12\/Rozinis-verinys-su-gelyte-2.webp","contentUrl":"https:\/\/spindeja.lt\/wp-content\/uploads\/2023\/12\/Rozinis-verinys-su-gelyte-2.webp","width":533,"height":800,"caption":"Rozinis-verinys-su-gelyte"},{"@type":"BreadcrumbList","@id":"https:\/\/spindeja.lt\/produktas\/rozinis-verinys-su-gelyte\/#breadcrumb","itemListElement":[{"@type":"ListItem","position":1,"name":"Prad\u017eia","item":"https:\/\/spindeja.lt\/"},{"@type":"ListItem","position":2,"name":"Parduotuv\u0117","item":"https:\/\/spindeja.lt\/parduotuve\/"},{"@type":"ListItem","position":3,"name":"Ro\u017einis v\u0117rinys su g\u0117lyte"}]},{"@type":"WebSite","@id":"https:\/\/spindeja.lt\/#website","url":"https:\/\/spindeja.lt\/","name":"Spind\u0117ja","description":"Rank\u0173 darbo papuo\u0161alai Jums","publisher":{"@id":"https:\/\/spindeja.lt\/#organization"},"potentialAction":[{"@type":"SearchAction","target":{"@type":"EntryPoint","urlTemplate":"https:\/\/spindeja.lt\/?s={search_term_string}"},"query-input":{"@type":"PropertyValueSpecification","valueRequired":true,"valueName":"search_term_string"}}],"inLanguage":"en-GB"},{"@type":"Organization","@id":"https:\/\/spindeja.lt\/#organization","name":"Spind\u0117ja","url":"https:\/\/spindeja.lt\/","logo":{"@type":"ImageObject","inLanguage":"en-GB","@id":"https:\/\/spindeja.lt\/#\/schema\/logo\/image\/","url":"https:\/\/spindeja.lt\/wp-content\/uploads\/2019\/12\/Layer-2.png","contentUrl":"https:\/\/spindeja.lt\/wp-content\/uploads\/2019\/12\/Layer-2.png","width":915,"height":616,"caption":"Spind\u0117ja"},"image":{"@id":"https:\/\/spindeja.lt\/#\/schema\/logo\/image\/"},"sameAs":["https:\/\/www.facebook.com\/profile.php?id=100063674195191","https:\/\/www.instagram.com\/spindeja\/"]}]}},"uagb_featured_image_src":{"full":["https:\/\/spindeja.lt\/wp-content\/uploads\/2023\/12\/Rozinis-verinys-su-gelyte-2.webp",533,800,false],"thumbnail":["https:\/\/spindeja.lt\/wp-content\/uploads\/2023\/12\/Rozinis-verinys-su-gelyte-2-150x150.webp",150,150,true],"medium":["https:\/\/spindeja.lt\/wp-content\/uploads\/2023\/12\/Rozinis-verinys-su-gelyte-2-200x300.webp",200,300,true],"medium_large":["https:\/\/spindeja.lt\/wp-content\/uploads\/2023\/12\/Rozinis-verinys-su-gelyte-2.webp",533,800,false],"large":["https:\/\/spindeja.lt\/wp-content\/uploads\/2023\/12\/Rozinis-verinys-su-gelyte-2.webp",533,800,false],"1536x1536":["https:\/\/spindeja.lt\/wp-content\/uploads\/2023\/12\/Rozinis-verinys-su-gelyte-2.webp",533,800,false],"2048x2048":["https:\/\/spindeja.lt\/wp-content\/uploads\/2023\/12\/Rozinis-verinys-su-gelyte-2.webp",533,800,false],"trp-custom-language-flag":["https:\/\/spindeja.lt\/wp-content\/uploads\/2023\/12\/Rozinis-verinys-su-gelyte-2-8x12.webp",8,12,true],"woocommerce_thumbnail":["https:\/\/spindeja.lt\/wp-content\/uploads\/2023\/12\/Rozinis-verinys-su-gelyte-2-533x540.webp",533,540,true],"woocommerce_single":["https:\/\/spindeja.lt\/wp-content\/uploads\/2023\/12\/Rozinis-verinys-su-gelyte-2.webp",533,800,false],"woocommerce_gallery_thumbnail":["https:\/\/spindeja.lt\/wp-content\/uploads\/2023\/12\/Rozinis-verinys-su-gelyte-2-100x100.webp",100,100,true]},"uagb_author_info":{"display_name":"spindeja","author_link":"https:\/\/spindeja.lt\/en\/author\/"},"uagb_comment_info":0,"uagb_excerpt":"Ro\u017einis v\u0117rinys ant kaklo su geltonais, auksiniais akcentais ir g\u0117lyte. Spalvoti karoliukai kau\u010diukiniai, intarpai hematito, u\u017esegimo detal\u0117s paauksuoto ner\u016bdijan\u010dio plieno. Ilgis 37 cm + 3 cm prailginimo grandin\u0117l\u0117.","_links":{"self":[{"href":"https:\/\/spindeja.lt\/en\/wp-json\/wp\/v2\/product\/20358","targetHints":{"allow":["GET"]}}],"collection":[{"href":"https:\/\/spindeja.lt\/en\/wp-json\/wp\/v2\/product"}],"about":[{"href":"https:\/\/spindeja.lt\/en\/wp-json\/wp\/v2\/types\/product"}],"replies":[{"embeddable":true,"href":"https:\/\/spindeja.lt\/en\/wp-json\/wp\/v2\/comments?post=20358"}],"wp:featuredmedia":[{"embeddable":true,"href":"https:\/\/spindeja.lt\/en\/wp-json\/wp\/v2\/media\/20359"}],"wp:attachment":[{"href":"https:\/\/spindeja.lt\/en\/wp-json\/wp\/v2\/media?parent=20358"}],"wp:term":[{"taxonomy":"product_brand","embeddable":true,"href":"https:\/\/spindeja.lt\/en\/wp-json\/wp\/v2\/product_brand?post=20358"},{"taxonomy":"product_cat","embeddable":true,"href":"https:\/\/spindeja.lt\/en\/wp-json\/wp\/v2\/product_cat?post=20358"},{"taxonomy":"product_tag","embeddable":true,"href":"https:\/\/spindeja.lt\/en\/wp-json\/wp\/v2\/product_tag?post=20358"}],"curies":[{"name":"wp","href":"https:\/\/api.w.org\/{rel}","templated":true}]}}