{"id":20334,"date":"2023-12-22T03:37:38","date_gmt":"2023-12-22T01:37:38","guid":{"rendered":"https:\/\/spindeja.lt\/?post_type=product&#038;p=20334"},"modified":"2026-05-01T18:38:45","modified_gmt":"2026-05-01T16:38:45","slug":"granato-verinys","status":"publish","type":"product","link":"https:\/\/spindeja.lt\/en\/product\/granato-verinys\/","title":{"rendered":"Granato v\u0117rinys"},"content":{"rendered":"<p>Subtilus, eleganti\u0161kas v\u0117rinys i\u0161 smulki\u0173, facetuot\u0173 raudonojo granato akmen\u0117li\u0173 (2,5 mm), dekoruotas minimalistiniu \u017evaig\u017edut\u0117s formos pakabuku, spindin\u010diu cirkonio \u0161viesa. <\/p>\n<p>&#8211; Granato v\u0117rinio ilgis: 39 cm + 5 cm prailginimo grandin\u0117l\u0117. Galimas individualus ilgis (esant poreikiui, susisiekite d\u0117l korekcij\u0173)<br \/>\n&#8211; Paauksuoto ner\u016bdijan\u010dio plieno detal\u0117s<br \/>\n&#8211; Turimas vietoje \u2013 i\u0161siun\u010diamas per 1\u20132 d. d.<br \/>\n&#8211; Individualiems u\u017esakymams \u2013 5\u20139 d. d. gamyba<br \/>\n&#8211; Supakuojamas \u012f \u201eSpind\u0117jos\u201c dovan\u0173 d\u0117\u017eut\u0119<\/p>\n<p><em>&#8211; Spind\u0117jos papuo\u0161al\u0173 gamyba &#8211; tai k\u016brybinis ritualas su pozityviomis afirmacijomis ir intuityviu energetiniu pakrovimu.<\/em><\/p>\n<p>Granato tema yra aktyvi savirealizacija. Jis skirtas vidin\u0117s ugnies \u012f\u017eiebimui tam, kad \u017emogus, jau surad\u0119s savo keli\u0105, atlikt\u0173 veiksmus d\u0117l savo tiksl\u0173 \u012fgyvendinimo. Granatas veikia, kaip \u017emogaus galios sustiprintojas, siekiant savo tiksl\u0173 ir svajoni\u0173.<\/p>\n<p>Tai pasitik\u0117jimo savimi, dr\u0105sos, valios ir d\u017eiaugsmo akmuo. Jis padeda atgauti j\u0117gas, sustiprina aistr\u0105 ir meil\u0119 gyvenimui, \u012fkvepia atsidavim\u0105 ir savirealizacij\u0105, skatina veikti ir daryti. Tai labai geras pagalbininkas \u017einantiems savo norus ir tikslus. Taip pat granatas padeda prad\u0117ti svajoti ir \u012fgyvendinti svajones. Ypa\u010d stipriai veikia patik\u0117jus\u012f jo galiomis. Padeda materializuoti id\u0117jas, pritraukti visokeriop\u0105 gaus\u0105 ir pagerinti finansin\u0119 pad\u0117t\u012f. Granatas labai tinka \u012fsi\u017eeminimui ir apsaugai. Suteikia stabilum\u0105.<br \/>\nGerina santykius, harmonizuoja seksualin\u0119 energij\u0105.<\/p>","protected":false},"excerpt":{"rendered":"<p>Minimalistinis facetuot\u0173 raudonojo granato akmen\u0117li\u0173 kaklo v\u0117rinys vidin\u0117s galios \u012f\u017eiebimui, savirealizacijai, pasitik\u0117jimui savimi.<\/p>","protected":false},"featured_media":20341,"comment_status":"closed","ping_status":"closed","template":"","meta":{"_uag_custom_page_level_css":"","site-sidebar-layout":"default","site-content-layout":"","ast-site-content-layout":"default","site-content-style":"default","site-sidebar-style":"default","ast-global-header-display":"","ast-banner-title-visibility":"","ast-main-header-display":"","ast-hfb-above-header-display":"","ast-hfb-below-header-display":"","ast-hfb-mobile-header-display":"","site-post-title":"","ast-breadcrumbs-content":"","ast-featured-img":"","footer-sml-layout":"","ast-disable-related-posts":"","theme-transparent-header-meta":"default","adv-header-id-meta":"","stick-header-meta":"default","header-above-stick-meta":"","header-main-stick-meta":"","header-below-stick-meta":"","astra-migrate-meta-layouts":"set","ast-page-background-enabled":"default","ast-page-background-meta":{"desktop":{"background-color":"","background-image":"","background-repeat":"repeat","background-position":"center center","background-size":"auto","background-attachment":"scroll","background-type":"","background-media":"","overlay-type":"","overlay-color":"","overlay-opacity":"","overlay-gradient":""},"tablet":{"background-color":"","background-image":"","background-repeat":"repeat","background-position":"center center","background-size":"auto","background-attachment":"scroll","background-type":"","background-media":"","overlay-type":"","overlay-color":"","overlay-opacity":"","overlay-gradient":""},"mobile":{"background-color":"","background-image":"","background-repeat":"repeat","background-position":"center center","background-size":"auto","background-attachment":"scroll","background-type":"","background-media":"","overlay-type":"","overlay-color":"","overlay-opacity":"","overlay-gradient":""}},"ast-content-background-meta":{"desktop":{"background-color":"var(--ast-global-color-5)","background-image":"","background-repeat":"repeat","background-position":"center center","background-size":"auto","background-attachment":"scroll","background-type":"","background-media":"","overlay-type":"","overlay-color":"","overlay-opacity":"","overlay-gradient":""},"tablet":{"background-color":"var(--ast-global-color-5)","background-image":"","background-repeat":"repeat","background-position":"center center","background-size":"auto","background-attachment":"scroll","background-type":"","background-media":"","overlay-type":"","overlay-color":"","overlay-opacity":"","overlay-gradient":""},"mobile":{"background-color":"var(--ast-global-color-5)","background-image":"","background-repeat":"repeat","background-position":"center center","background-size":"auto","background-attachment":"scroll","background-type":"","background-media":"","overlay-type":"","overlay-color":"","overlay-opacity":"","overlay-gradient":""}}},"product_brand":[],"product_cat":[55,108],"product_tag":[],"class_list":{"0":"post-20334","1":"product","2":"type-product","3":"status-publish","4":"has-post-thumbnail","6":"product_cat-kaklo-papuosalai","7":"product_cat-veriniai","8":"desktop-align-left","9":"tablet-align-left","10":"mobile-align-left","11":"ast-product-gallery-layout-horizontal-slider","12":"ast-product-tabs-layout-horizontal","14":"first","15":"instock","16":"shipping-taxable","17":"purchasable","18":"product-type-simple"},"yoast_head":"<!-- This site is optimized with the Yoast SEO plugin v26.9 - https:\/\/yoast.com\/product\/yoast-seo-wordpress\/ -->\n<title>Granato v\u0117rinys - Spind\u0117ja<\/title>\n<meta name=\"description\" content=\"Granato v\u0117rinys - Spind\u0117ja Minimalistinis papuo\u0161alas. Auk\u0161ta kokyb\u0117, 100 proc. nat\u016bralumas, pagaminta su meile, intencijomis ir d\u0117mesiu klientui\" \/>\n<meta name=\"robots\" content=\"index, follow, max-snippet:-1, max-image-preview:large, max-video-preview:-1\" \/>\n<link rel=\"canonical\" href=\"https:\/\/spindeja.lt\/en\/product\/granato-verinys\/\" \/>\n<meta property=\"og:locale\" content=\"en_GB\" \/>\n<meta property=\"og:type\" content=\"article\" \/>\n<meta property=\"og:title\" content=\"Granato v\u0117rinys - Spind\u0117ja\" \/>\n<meta property=\"og:description\" content=\"Granato v\u0117rinys - Spind\u0117ja Minimalistinis papuo\u0161alas. Auk\u0161ta kokyb\u0117, 100 proc. nat\u016bralumas, pagaminta su meile, intencijomis ir d\u0117mesiu klientui\" \/>\n<meta property=\"og:url\" content=\"https:\/\/spindeja.lt\/en\/product\/granato-verinys\/\" \/>\n<meta property=\"og:site_name\" content=\"Spind\u0117ja\" \/>\n<meta property=\"article:publisher\" content=\"https:\/\/www.facebook.com\/profile.php?id=100063674195191\" \/>\n<meta property=\"article:modified_time\" content=\"2026-05-01T16:38:45+00:00\" \/>\n<meta property=\"og:image\" content=\"https:\/\/spindeja.lt\/wp-content\/uploads\/2023\/12\/Granato-verinys-6-e1703214261454.webp\" \/>\n\t<meta property=\"og:image:width\" content=\"800\" \/>\n\t<meta property=\"og:image:height\" content=\"1178\" \/>\n\t<meta property=\"og:image:type\" content=\"image\/webp\" \/>\n<meta name=\"twitter:card\" content=\"summary_large_image\" \/>\n<meta name=\"twitter:label1\" content=\"Estimated reading time\" \/>\n\t<meta name=\"twitter:data1\" content=\"1 minute\" \/>\n<script type=\"application\/ld+json\" class=\"yoast-schema-graph\">{\"@context\":\"https:\/\/schema.org\",\"@graph\":[{\"@type\":\"WebPage\",\"@id\":\"https:\/\/spindeja.lt\/produktas\/granato-verinys\/\",\"url\":\"https:\/\/spindeja.lt\/produktas\/granato-verinys\/\",\"name\":\"Granato v\u0117rinys - Spind\u0117ja\",\"isPartOf\":{\"@id\":\"https:\/\/spindeja.lt\/#website\"},\"primaryImageOfPage\":{\"@id\":\"https:\/\/spindeja.lt\/produktas\/granato-verinys\/#primaryimage\"},\"image\":{\"@id\":\"https:\/\/spindeja.lt\/produktas\/granato-verinys\/#primaryimage\"},\"thumbnailUrl\":\"https:\/\/spindeja.lt\/wp-content\/uploads\/2023\/12\/Granato-verinys-6-e1703214261454.webp\",\"datePublished\":\"2023-12-22T01:37:38+00:00\",\"dateModified\":\"2026-05-01T16:38:45+00:00\",\"description\":\"Granato v\u0117rinys - Spind\u0117ja Minimalistinis papuo\u0161alas. Auk\u0161ta kokyb\u0117, 100 proc. nat\u016bralumas, pagaminta su meile, intencijomis ir d\u0117mesiu klientui\",\"breadcrumb\":{\"@id\":\"https:\/\/spindeja.lt\/produktas\/granato-verinys\/#breadcrumb\"},\"inLanguage\":\"en-GB\",\"potentialAction\":[{\"@type\":\"ReadAction\",\"target\":[\"https:\/\/spindeja.lt\/produktas\/granato-verinys\/\"]}]},{\"@type\":\"ImageObject\",\"inLanguage\":\"en-GB\",\"@id\":\"https:\/\/spindeja.lt\/produktas\/granato-verinys\/#primaryimage\",\"url\":\"https:\/\/spindeja.lt\/wp-content\/uploads\/2023\/12\/Granato-verinys-6-e1703214261454.webp\",\"contentUrl\":\"https:\/\/spindeja.lt\/wp-content\/uploads\/2023\/12\/Granato-verinys-6-e1703214261454.webp\",\"width\":800,\"height\":1178,\"caption\":\"Granato v\u0117rinys\"},{\"@type\":\"BreadcrumbList\",\"@id\":\"https:\/\/spindeja.lt\/produktas\/granato-verinys\/#breadcrumb\",\"itemListElement\":[{\"@type\":\"ListItem\",\"position\":1,\"name\":\"Prad\u017eia\",\"item\":\"https:\/\/spindeja.lt\/\"},{\"@type\":\"ListItem\",\"position\":2,\"name\":\"Parduotuv\u0117\",\"item\":\"https:\/\/spindeja.lt\/parduotuve\/\"},{\"@type\":\"ListItem\",\"position\":3,\"name\":\"Granato v\u0117rinys\"}]},{\"@type\":\"WebSite\",\"@id\":\"https:\/\/spindeja.lt\/#website\",\"url\":\"https:\/\/spindeja.lt\/\",\"name\":\"Spind\u0117ja\",\"description\":\"Rank\u0173 darbo papuo\u0161alai Jums\",\"publisher\":{\"@id\":\"https:\/\/spindeja.lt\/#organization\"},\"potentialAction\":[{\"@type\":\"SearchAction\",\"target\":{\"@type\":\"EntryPoint\",\"urlTemplate\":\"https:\/\/spindeja.lt\/?s={search_term_string}\"},\"query-input\":{\"@type\":\"PropertyValueSpecification\",\"valueRequired\":true,\"valueName\":\"search_term_string\"}}],\"inLanguage\":\"en-GB\"},{\"@type\":\"Organization\",\"@id\":\"https:\/\/spindeja.lt\/#organization\",\"name\":\"Spind\u0117ja\",\"url\":\"https:\/\/spindeja.lt\/\",\"logo\":{\"@type\":\"ImageObject\",\"inLanguage\":\"en-GB\",\"@id\":\"https:\/\/spindeja.lt\/#\/schema\/logo\/image\/\",\"url\":\"https:\/\/spindeja.lt\/wp-content\/uploads\/2019\/12\/Layer-2.png\",\"contentUrl\":\"https:\/\/spindeja.lt\/wp-content\/uploads\/2019\/12\/Layer-2.png\",\"width\":915,\"height\":616,\"caption\":\"Spind\u0117ja\"},\"image\":{\"@id\":\"https:\/\/spindeja.lt\/#\/schema\/logo\/image\/\"},\"sameAs\":[\"https:\/\/www.facebook.com\/profile.php?id=100063674195191\",\"https:\/\/www.instagram.com\/spindeja\/\"]}]}<\/script>\n<!-- \/ Yoast SEO plugin. -->","yoast_head_json":{"title":"Granato v\u0117rinys - Spind\u0117ja","description":"Granato v\u0117rinys - Spind\u0117ja Minimalistinis papuo\u0161alas. Auk\u0161ta kokyb\u0117, 100 proc. nat\u016bralumas, pagaminta su meile, intencijomis ir d\u0117mesiu klientui","robots":{"index":"index","follow":"follow","max-snippet":"max-snippet:-1","max-image-preview":"max-image-preview:large","max-video-preview":"max-video-preview:-1"},"canonical":"https:\/\/spindeja.lt\/en\/product\/granato-verinys\/","og_locale":"en_GB","og_type":"article","og_title":"Granato v\u0117rinys - Spind\u0117ja","og_description":"Granato v\u0117rinys - Spind\u0117ja Minimalistinis papuo\u0161alas. Auk\u0161ta kokyb\u0117, 100 proc. nat\u016bralumas, pagaminta su meile, intencijomis ir d\u0117mesiu klientui","og_url":"https:\/\/spindeja.lt\/en\/product\/granato-verinys\/","og_site_name":"Spind\u0117ja","article_publisher":"https:\/\/www.facebook.com\/profile.php?id=100063674195191","article_modified_time":"2026-05-01T16:38:45+00:00","og_image":[{"width":800,"height":1178,"url":"https:\/\/spindeja.lt\/wp-content\/uploads\/2023\/12\/Granato-verinys-6-e1703214261454.webp","type":"image\/webp"}],"twitter_card":"summary_large_image","twitter_misc":{"Estimated reading time":"1 minute"},"schema":{"@context":"https:\/\/schema.org","@graph":[{"@type":"WebPage","@id":"https:\/\/spindeja.lt\/produktas\/granato-verinys\/","url":"https:\/\/spindeja.lt\/produktas\/granato-verinys\/","name":"Granato v\u0117rinys - Spind\u0117ja","isPartOf":{"@id":"https:\/\/spindeja.lt\/#website"},"primaryImageOfPage":{"@id":"https:\/\/spindeja.lt\/produktas\/granato-verinys\/#primaryimage"},"image":{"@id":"https:\/\/spindeja.lt\/produktas\/granato-verinys\/#primaryimage"},"thumbnailUrl":"https:\/\/spindeja.lt\/wp-content\/uploads\/2023\/12\/Granato-verinys-6-e1703214261454.webp","datePublished":"2023-12-22T01:37:38+00:00","dateModified":"2026-05-01T16:38:45+00:00","description":"Granato v\u0117rinys - Spind\u0117ja Minimalistinis papuo\u0161alas. Auk\u0161ta kokyb\u0117, 100 proc. nat\u016bralumas, pagaminta su meile, intencijomis ir d\u0117mesiu klientui","breadcrumb":{"@id":"https:\/\/spindeja.lt\/produktas\/granato-verinys\/#breadcrumb"},"inLanguage":"en-GB","potentialAction":[{"@type":"ReadAction","target":["https:\/\/spindeja.lt\/produktas\/granato-verinys\/"]}]},{"@type":"ImageObject","inLanguage":"en-GB","@id":"https:\/\/spindeja.lt\/produktas\/granato-verinys\/#primaryimage","url":"https:\/\/spindeja.lt\/wp-content\/uploads\/2023\/12\/Granato-verinys-6-e1703214261454.webp","contentUrl":"https:\/\/spindeja.lt\/wp-content\/uploads\/2023\/12\/Granato-verinys-6-e1703214261454.webp","width":800,"height":1178,"caption":"Granato v\u0117rinys"},{"@type":"BreadcrumbList","@id":"https:\/\/spindeja.lt\/produktas\/granato-verinys\/#breadcrumb","itemListElement":[{"@type":"ListItem","position":1,"name":"Prad\u017eia","item":"https:\/\/spindeja.lt\/"},{"@type":"ListItem","position":2,"name":"Parduotuv\u0117","item":"https:\/\/spindeja.lt\/parduotuve\/"},{"@type":"ListItem","position":3,"name":"Granato v\u0117rinys"}]},{"@type":"WebSite","@id":"https:\/\/spindeja.lt\/#website","url":"https:\/\/spindeja.lt\/","name":"Spind\u0117ja","description":"Rank\u0173 darbo papuo\u0161alai Jums","publisher":{"@id":"https:\/\/spindeja.lt\/#organization"},"potentialAction":[{"@type":"SearchAction","target":{"@type":"EntryPoint","urlTemplate":"https:\/\/spindeja.lt\/?s={search_term_string}"},"query-input":{"@type":"PropertyValueSpecification","valueRequired":true,"valueName":"search_term_string"}}],"inLanguage":"en-GB"},{"@type":"Organization","@id":"https:\/\/spindeja.lt\/#organization","name":"Spind\u0117ja","url":"https:\/\/spindeja.lt\/","logo":{"@type":"ImageObject","inLanguage":"en-GB","@id":"https:\/\/spindeja.lt\/#\/schema\/logo\/image\/","url":"https:\/\/spindeja.lt\/wp-content\/uploads\/2019\/12\/Layer-2.png","contentUrl":"https:\/\/spindeja.lt\/wp-content\/uploads\/2019\/12\/Layer-2.png","width":915,"height":616,"caption":"Spind\u0117ja"},"image":{"@id":"https:\/\/spindeja.lt\/#\/schema\/logo\/image\/"},"sameAs":["https:\/\/www.facebook.com\/profile.php?id=100063674195191","https:\/\/www.instagram.com\/spindeja\/"]}]}},"uagb_featured_image_src":{"full":["https:\/\/spindeja.lt\/wp-content\/uploads\/2023\/12\/Granato-verinys-6-e1703214261454.webp",800,1178,false],"thumbnail":["https:\/\/spindeja.lt\/wp-content\/uploads\/2023\/12\/Granato-verinys-6-e1703214261454-150x150.webp",150,150,true],"medium":["https:\/\/spindeja.lt\/wp-content\/uploads\/2023\/12\/Granato-verinys-6-e1703214261454-204x300.webp",204,300,true],"medium_large":["https:\/\/spindeja.lt\/wp-content\/uploads\/2023\/12\/Granato-verinys-6-e1703214261454-768x1131.webp",768,1131,true],"large":["https:\/\/spindeja.lt\/wp-content\/uploads\/2023\/12\/Granato-verinys-6-e1703214261454-695x1024.webp",695,1024,true],"1536x1536":["https:\/\/spindeja.lt\/wp-content\/uploads\/2023\/12\/Granato-verinys-6-e1703214261454.webp",800,1178,false],"2048x2048":["https:\/\/spindeja.lt\/wp-content\/uploads\/2023\/12\/Granato-verinys-6-e1703214261454.webp",800,1178,false],"trp-custom-language-flag":["https:\/\/spindeja.lt\/wp-content\/uploads\/2023\/12\/Granato-verinys-6-e1703214261454-8x12.webp",8,12,true],"woocommerce_thumbnail":["https:\/\/spindeja.lt\/wp-content\/uploads\/2023\/12\/Granato-verinys-6-e1703214261454-540x540.webp",540,540,true],"woocommerce_single":["https:\/\/spindeja.lt\/wp-content\/uploads\/2023\/12\/Granato-verinys-6-e1703214261454-540x795.webp",540,795,true],"woocommerce_gallery_thumbnail":["https:\/\/spindeja.lt\/wp-content\/uploads\/2023\/12\/Granato-verinys-6-e1703214261454-100x100.webp",100,100,true]},"uagb_author_info":{"display_name":"spindeja","author_link":"https:\/\/spindeja.lt\/en\/author\/"},"uagb_comment_info":0,"uagb_excerpt":"Minimalistinis facetuot\u0173 raudonojo granato akmen\u0117li\u0173 kaklo v\u0117rinys vidin\u0117s galios \u012f\u017eiebimui, savirealizacijai, pasitik\u0117jimui savimi.","_links":{"self":[{"href":"https:\/\/spindeja.lt\/en\/wp-json\/wp\/v2\/product\/20334","targetHints":{"allow":["GET"]}}],"collection":[{"href":"https:\/\/spindeja.lt\/en\/wp-json\/wp\/v2\/product"}],"about":[{"href":"https:\/\/spindeja.lt\/en\/wp-json\/wp\/v2\/types\/product"}],"replies":[{"embeddable":true,"href":"https:\/\/spindeja.lt\/en\/wp-json\/wp\/v2\/comments?post=20334"}],"wp:featuredmedia":[{"embeddable":true,"href":"https:\/\/spindeja.lt\/en\/wp-json\/wp\/v2\/media\/20341"}],"wp:attachment":[{"href":"https:\/\/spindeja.lt\/en\/wp-json\/wp\/v2\/media?parent=20334"}],"wp:term":[{"taxonomy":"product_brand","embeddable":true,"href":"https:\/\/spindeja.lt\/en\/wp-json\/wp\/v2\/product_brand?post=20334"},{"taxonomy":"product_cat","embeddable":true,"href":"https:\/\/spindeja.lt\/en\/wp-json\/wp\/v2\/product_cat?post=20334"},{"taxonomy":"product_tag","embeddable":true,"href":"https:\/\/spindeja.lt\/en\/wp-json\/wp\/v2\/product_tag?post=20334"}],"curies":[{"name":"wp","href":"https:\/\/api.w.org\/{rel}","templated":true}]}}