{"id":20232,"date":"2023-12-18T23:10:50","date_gmt":"2023-12-18T21:10:50","guid":{"rendered":"https:\/\/spindeja.lt\/?post_type=product&#038;p=20232"},"modified":"2025-05-15T15:13:18","modified_gmt":"2025-05-15T13:13:18","slug":"lavos-verinys","status":"publish","type":"product","link":"https:\/\/spindeja.lt\/en\/product\/lavos-verinys\/","title":{"rendered":"Lavos v\u0117rinys"},"content":{"rendered":"<p>Lavos akmens v\u0117rinys su hematito intarpais ir str\u0117l\u0117s antgalio formos hematito pakabuku. Ner\u016bdijan\u010dio plieno detal\u0117s, lavos akmen\u0117li\u0173 skersmuo &#8211; 1 cm, bendras v\u0117rinio ilgis 70 cm. V\u0117rinys suvertas ant dvigubo plieninio troselio.<\/p>\n<p>Lava &#8211; tai akmuo, kuris i\u0161siver\u017eia i\u0161 pa\u010di\u0173 \u017dem\u0117s gelmi\u0173 su did\u017eiule energija, d\u0117l to ji yra laikoma atgimimo simboliu, padedan\u010diu atsikratyti slegian\u010dios emocij\u0173 na\u0161tos. Tai stipryb\u0117s ir dr\u0105sos akmuo, siejamas su ugnies elementu, kaip fenikso pakilimu i\u0161 pelen\u0173.<\/p>\n<p>Lava surenka negatyvi\u0105 energij\u0105 ir transformuoja j\u0105 \u012f ger\u0105j\u0105. Labai palanku, kai lava lie\u010diasi prie odos, tuomet ji mus apsaugo ir leid\u017eia energijai laisvai tek\u0117ti m\u016bs\u0173 k\u016bnu ir siela. Esant \u012ftampai, lava suteiks mums stabilumo.<\/p>\n<p>Lavos akmuo turi galing\u0105 \u017eemi\u0161k\u0105j\u0105 energij\u0105 d\u0117l savo \u012fvairi\u0173 element\u0173 \u012ftakos. \u0160is mineralas:<br \/>\n\u2022 Suteikia i\u0161minties ir padeda \u012fgyti ai\u0161kumo mintyse.<br \/>\n\u2022 Suteikia ramyb\u0119 bei fizin\u0119 ir energin\u0119 j\u0117g\u0105, i\u0161laisvina nuo blog\u0173 min\u010di\u0173, priartina k\u016bn\u0105 prie gamtos.<br \/>\n\u2022 \u012esp\u0117ja apie blogus ketinimus ir nes\u0105\u017einingum\u0105 j\u016bs\u0173 at\u017evilgiu.<br \/>\n\u2022 I\u0161laisvina pasl\u0117ptus talentus ir sugeb\u0117jimus, skatina poky\u010dius ir min\u010di\u0173 bei veikl\u0173 atsinaujinim\u0105.<\/p>","protected":false},"excerpt":{"rendered":"<p>Vyri\u0161kas lavos akmens v\u0117rinys su hematito intarpais ir str\u0117l\u0117s antgalio formos hematito pakabuku.<\/p>","protected":false},"featured_media":20560,"comment_status":"closed","ping_status":"closed","template":"","meta":{"_uag_custom_page_level_css":"","site-sidebar-layout":"default","site-content-layout":"","ast-site-content-layout":"default","site-content-style":"default","site-sidebar-style":"default","ast-global-header-display":"","ast-banner-title-visibility":"","ast-main-header-display":"","ast-hfb-above-header-display":"","ast-hfb-below-header-display":"","ast-hfb-mobile-header-display":"","site-post-title":"","ast-breadcrumbs-content":"","ast-featured-img":"","footer-sml-layout":"","ast-disable-related-posts":"","theme-transparent-header-meta":"default","adv-header-id-meta":"","stick-header-meta":"default","header-above-stick-meta":"","header-main-stick-meta":"","header-below-stick-meta":"","astra-migrate-meta-layouts":"set","ast-page-background-enabled":"default","ast-page-background-meta":{"desktop":{"background-color":"","background-image":"","background-repeat":"repeat","background-position":"center center","background-size":"auto","background-attachment":"scroll","background-type":"","background-media":"","overlay-type":"","overlay-color":"","overlay-opacity":"","overlay-gradient":""},"tablet":{"background-color":"","background-image":"","background-repeat":"repeat","background-position":"center center","background-size":"auto","background-attachment":"scroll","background-type":"","background-media":"","overlay-type":"","overlay-color":"","overlay-opacity":"","overlay-gradient":""},"mobile":{"background-color":"","background-image":"","background-repeat":"repeat","background-position":"center center","background-size":"auto","background-attachment":"scroll","background-type":"","background-media":"","overlay-type":"","overlay-color":"","overlay-opacity":"","overlay-gradient":""}},"ast-content-background-meta":{"desktop":{"background-color":"var(--ast-global-color-5)","background-image":"","background-repeat":"repeat","background-position":"center center","background-size":"auto","background-attachment":"scroll","background-type":"","background-media":"","overlay-type":"","overlay-color":"","overlay-opacity":"","overlay-gradient":""},"tablet":{"background-color":"var(--ast-global-color-5)","background-image":"","background-repeat":"repeat","background-position":"center center","background-size":"auto","background-attachment":"scroll","background-type":"","background-media":"","overlay-type":"","overlay-color":"","overlay-opacity":"","overlay-gradient":""},"mobile":{"background-color":"var(--ast-global-color-5)","background-image":"","background-repeat":"repeat","background-position":"center center","background-size":"auto","background-attachment":"scroll","background-type":"","background-media":"","overlay-type":"","overlay-color":"","overlay-opacity":"","overlay-gradient":""}}},"product_brand":[],"product_cat":[55,108,107],"product_tag":[],"class_list":{"0":"post-20232","1":"product","2":"type-product","3":"status-publish","4":"has-post-thumbnail","6":"product_cat-kaklo-papuosalai","7":"product_cat-veriniai","8":"product_cat-vyrams","9":"desktop-align-left","10":"tablet-align-left","11":"mobile-align-left","12":"ast-product-gallery-layout-horizontal-slider","13":"ast-product-tabs-layout-horizontal","15":"first","16":"instock","17":"shipping-taxable","18":"purchasable","19":"product-type-simple"},"yoast_head":"<!-- This site is optimized with the Yoast SEO plugin v26.9 - https:\/\/yoast.com\/product\/yoast-seo-wordpress\/ -->\n<title>Vyri\u0161kas kaklo v\u0117rinys - Spind\u0117ja<\/title>\n<meta name=\"description\" content=\"Vyri\u0161kas lavos akmens v\u0117rinys su hematito intarpais ir str\u0117l\u0117s antgalio formos hematito pakabuku. Lava - tai akmuo, kuris i\u0161siver\u017eia i\u0161 pa\u010di\u0173 \u017dem\u0117s gelmi\u0173 su did\u017eiule energija, d\u0117l to ji yra laikoma atgimimo simboliu, padedan\u010diu atsikratyti slegian\u010dios emocij\u0173 na\u0161tos. Tai stipryb\u0117s ir dr\u0105sos akmuo, siejamas su ugnies elementu, kaip fenikso pakilimu i\u0161 pelen\u0173.Lava surenka negatyvi\u0105 energij\u0105 ir transformuoja j\u0105 \u012f ger\u0105j\u0105. Labai palanku, kai lava lie\u010diasi prie odos, tuomet ji mus apsaugo ir leid\u017eia energijai laisvai tek\u0117ti m\u016bs\u0173 k\u016bnu ir siela. Esant \u012ftampai, lava suteiks mums stabilumo.\" \/>\n<meta name=\"robots\" content=\"index, follow, max-snippet:-1, max-image-preview:large, max-video-preview:-1\" \/>\n<link rel=\"canonical\" href=\"https:\/\/spindeja.lt\/en\/product\/lavos-verinys\/\" \/>\n<meta property=\"og:locale\" content=\"en_GB\" \/>\n<meta property=\"og:type\" content=\"article\" \/>\n<meta property=\"og:title\" content=\"Vyri\u0161kas kaklo v\u0117rinys - Spind\u0117ja\" \/>\n<meta property=\"og:description\" content=\"Vyri\u0161kas lavos akmens v\u0117rinys su hematito intarpais ir str\u0117l\u0117s antgalio formos hematito pakabuku. Lava - tai akmuo, kuris i\u0161siver\u017eia i\u0161 pa\u010di\u0173 \u017dem\u0117s gelmi\u0173 su did\u017eiule energija, d\u0117l to ji yra laikoma atgimimo simboliu, padedan\u010diu atsikratyti slegian\u010dios emocij\u0173 na\u0161tos. Tai stipryb\u0117s ir dr\u0105sos akmuo, siejamas su ugnies elementu, kaip fenikso pakilimu i\u0161 pelen\u0173.Lava surenka negatyvi\u0105 energij\u0105 ir transformuoja j\u0105 \u012f ger\u0105j\u0105. Labai palanku, kai lava lie\u010diasi prie odos, tuomet ji mus apsaugo ir leid\u017eia energijai laisvai tek\u0117ti m\u016bs\u0173 k\u016bnu ir siela. Esant \u012ftampai, lava suteiks mums stabilumo.\" \/>\n<meta property=\"og:url\" content=\"https:\/\/spindeja.lt\/en\/product\/lavos-verinys\/\" \/>\n<meta property=\"og:site_name\" content=\"Spind\u0117ja\" \/>\n<meta property=\"article:publisher\" content=\"https:\/\/www.facebook.com\/profile.php?id=100063674195191\" \/>\n<meta property=\"article:modified_time\" content=\"2025-05-15T13:13:18+00:00\" \/>\n<meta property=\"og:image\" content=\"https:\/\/spindeja.lt\/wp-content\/uploads\/2024\/02\/Lavos_verinys.webp\" \/>\n\t<meta property=\"og:image:width\" content=\"800\" \/>\n\t<meta property=\"og:image:height\" content=\"533\" \/>\n\t<meta property=\"og:image:type\" content=\"image\/webp\" \/>\n<meta name=\"twitter:card\" content=\"summary_large_image\" \/>\n<meta name=\"twitter:label1\" content=\"Estimated reading time\" \/>\n\t<meta name=\"twitter:data1\" content=\"2 minutes\" \/>\n<script type=\"application\/ld+json\" class=\"yoast-schema-graph\">{\"@context\":\"https:\/\/schema.org\",\"@graph\":[{\"@type\":\"WebPage\",\"@id\":\"https:\/\/spindeja.lt\/produktas\/lavos-verinys\/\",\"url\":\"https:\/\/spindeja.lt\/produktas\/lavos-verinys\/\",\"name\":\"Vyri\u0161kas kaklo v\u0117rinys - Spind\u0117ja\",\"isPartOf\":{\"@id\":\"https:\/\/spindeja.lt\/#website\"},\"primaryImageOfPage\":{\"@id\":\"https:\/\/spindeja.lt\/produktas\/lavos-verinys\/#primaryimage\"},\"image\":{\"@id\":\"https:\/\/spindeja.lt\/produktas\/lavos-verinys\/#primaryimage\"},\"thumbnailUrl\":\"https:\/\/spindeja.lt\/wp-content\/uploads\/2024\/02\/Lavos_verinys.webp\",\"datePublished\":\"2023-12-18T21:10:50+00:00\",\"dateModified\":\"2025-05-15T13:13:18+00:00\",\"description\":\"Vyri\u0161kas lavos akmens v\u0117rinys su hematito intarpais ir str\u0117l\u0117s antgalio formos hematito pakabuku. Lava - tai akmuo, kuris i\u0161siver\u017eia i\u0161 pa\u010di\u0173 \u017dem\u0117s gelmi\u0173 su did\u017eiule energija, d\u0117l to ji yra laikoma atgimimo simboliu, padedan\u010diu atsikratyti slegian\u010dios emocij\u0173 na\u0161tos. Tai stipryb\u0117s ir dr\u0105sos akmuo, siejamas su ugnies elementu, kaip fenikso pakilimu i\u0161 pelen\u0173.Lava surenka negatyvi\u0105 energij\u0105 ir transformuoja j\u0105 \u012f ger\u0105j\u0105. Labai palanku, kai lava lie\u010diasi prie odos, tuomet ji mus apsaugo ir leid\u017eia energijai laisvai tek\u0117ti m\u016bs\u0173 k\u016bnu ir siela. Esant \u012ftampai, lava suteiks mums stabilumo.\",\"breadcrumb\":{\"@id\":\"https:\/\/spindeja.lt\/produktas\/lavos-verinys\/#breadcrumb\"},\"inLanguage\":\"en-GB\",\"potentialAction\":[{\"@type\":\"ReadAction\",\"target\":[\"https:\/\/spindeja.lt\/produktas\/lavos-verinys\/\"]}]},{\"@type\":\"ImageObject\",\"inLanguage\":\"en-GB\",\"@id\":\"https:\/\/spindeja.lt\/produktas\/lavos-verinys\/#primaryimage\",\"url\":\"https:\/\/spindeja.lt\/wp-content\/uploads\/2024\/02\/Lavos_verinys.webp\",\"contentUrl\":\"https:\/\/spindeja.lt\/wp-content\/uploads\/2024\/02\/Lavos_verinys.webp\",\"width\":800,\"height\":533,\"caption\":\"Lavos v\u0117rinys\"},{\"@type\":\"BreadcrumbList\",\"@id\":\"https:\/\/spindeja.lt\/produktas\/lavos-verinys\/#breadcrumb\",\"itemListElement\":[{\"@type\":\"ListItem\",\"position\":1,\"name\":\"Prad\u017eia\",\"item\":\"https:\/\/spindeja.lt\/\"},{\"@type\":\"ListItem\",\"position\":2,\"name\":\"Parduotuv\u0117\",\"item\":\"https:\/\/spindeja.lt\/parduotuve\/\"},{\"@type\":\"ListItem\",\"position\":3,\"name\":\"Lavos v\u0117rinys\"}]},{\"@type\":\"WebSite\",\"@id\":\"https:\/\/spindeja.lt\/#website\",\"url\":\"https:\/\/spindeja.lt\/\",\"name\":\"Spind\u0117ja\",\"description\":\"Rank\u0173 darbo papuo\u0161alai Jums\",\"publisher\":{\"@id\":\"https:\/\/spindeja.lt\/#organization\"},\"potentialAction\":[{\"@type\":\"SearchAction\",\"target\":{\"@type\":\"EntryPoint\",\"urlTemplate\":\"https:\/\/spindeja.lt\/?s={search_term_string}\"},\"query-input\":{\"@type\":\"PropertyValueSpecification\",\"valueRequired\":true,\"valueName\":\"search_term_string\"}}],\"inLanguage\":\"en-GB\"},{\"@type\":\"Organization\",\"@id\":\"https:\/\/spindeja.lt\/#organization\",\"name\":\"Spind\u0117ja\",\"url\":\"https:\/\/spindeja.lt\/\",\"logo\":{\"@type\":\"ImageObject\",\"inLanguage\":\"en-GB\",\"@id\":\"https:\/\/spindeja.lt\/#\/schema\/logo\/image\/\",\"url\":\"https:\/\/spindeja.lt\/wp-content\/uploads\/2019\/12\/Layer-2.png\",\"contentUrl\":\"https:\/\/spindeja.lt\/wp-content\/uploads\/2019\/12\/Layer-2.png\",\"width\":915,\"height\":616,\"caption\":\"Spind\u0117ja\"},\"image\":{\"@id\":\"https:\/\/spindeja.lt\/#\/schema\/logo\/image\/\"},\"sameAs\":[\"https:\/\/www.facebook.com\/profile.php?id=100063674195191\",\"https:\/\/www.instagram.com\/spindeja\/\"]}]}<\/script>\n<!-- \/ Yoast SEO plugin. -->","yoast_head_json":{"title":"Vyri\u0161kas kaklo v\u0117rinys - Spind\u0117ja","description":"Vyri\u0161kas lavos akmens v\u0117rinys su hematito intarpais ir str\u0117l\u0117s antgalio formos hematito pakabuku. Lava - tai akmuo, kuris i\u0161siver\u017eia i\u0161 pa\u010di\u0173 \u017dem\u0117s gelmi\u0173 su did\u017eiule energija, d\u0117l to ji yra laikoma atgimimo simboliu, padedan\u010diu atsikratyti slegian\u010dios emocij\u0173 na\u0161tos. Tai stipryb\u0117s ir dr\u0105sos akmuo, siejamas su ugnies elementu, kaip fenikso pakilimu i\u0161 pelen\u0173.Lava surenka negatyvi\u0105 energij\u0105 ir transformuoja j\u0105 \u012f ger\u0105j\u0105. Labai palanku, kai lava lie\u010diasi prie odos, tuomet ji mus apsaugo ir leid\u017eia energijai laisvai tek\u0117ti m\u016bs\u0173 k\u016bnu ir siela. Esant \u012ftampai, lava suteiks mums stabilumo.","robots":{"index":"index","follow":"follow","max-snippet":"max-snippet:-1","max-image-preview":"max-image-preview:large","max-video-preview":"max-video-preview:-1"},"canonical":"https:\/\/spindeja.lt\/en\/product\/lavos-verinys\/","og_locale":"en_GB","og_type":"article","og_title":"Vyri\u0161kas kaklo v\u0117rinys - Spind\u0117ja","og_description":"Vyri\u0161kas lavos akmens v\u0117rinys su hematito intarpais ir str\u0117l\u0117s antgalio formos hematito pakabuku. Lava - tai akmuo, kuris i\u0161siver\u017eia i\u0161 pa\u010di\u0173 \u017dem\u0117s gelmi\u0173 su did\u017eiule energija, d\u0117l to ji yra laikoma atgimimo simboliu, padedan\u010diu atsikratyti slegian\u010dios emocij\u0173 na\u0161tos. Tai stipryb\u0117s ir dr\u0105sos akmuo, siejamas su ugnies elementu, kaip fenikso pakilimu i\u0161 pelen\u0173.Lava surenka negatyvi\u0105 energij\u0105 ir transformuoja j\u0105 \u012f ger\u0105j\u0105. Labai palanku, kai lava lie\u010diasi prie odos, tuomet ji mus apsaugo ir leid\u017eia energijai laisvai tek\u0117ti m\u016bs\u0173 k\u016bnu ir siela. Esant \u012ftampai, lava suteiks mums stabilumo.","og_url":"https:\/\/spindeja.lt\/en\/product\/lavos-verinys\/","og_site_name":"Spind\u0117ja","article_publisher":"https:\/\/www.facebook.com\/profile.php?id=100063674195191","article_modified_time":"2025-05-15T13:13:18+00:00","og_image":[{"width":800,"height":533,"url":"https:\/\/spindeja.lt\/wp-content\/uploads\/2024\/02\/Lavos_verinys.webp","type":"image\/webp"}],"twitter_card":"summary_large_image","twitter_misc":{"Estimated reading time":"2 minutes"},"schema":{"@context":"https:\/\/schema.org","@graph":[{"@type":"WebPage","@id":"https:\/\/spindeja.lt\/produktas\/lavos-verinys\/","url":"https:\/\/spindeja.lt\/produktas\/lavos-verinys\/","name":"Vyri\u0161kas kaklo v\u0117rinys - Spind\u0117ja","isPartOf":{"@id":"https:\/\/spindeja.lt\/#website"},"primaryImageOfPage":{"@id":"https:\/\/spindeja.lt\/produktas\/lavos-verinys\/#primaryimage"},"image":{"@id":"https:\/\/spindeja.lt\/produktas\/lavos-verinys\/#primaryimage"},"thumbnailUrl":"https:\/\/spindeja.lt\/wp-content\/uploads\/2024\/02\/Lavos_verinys.webp","datePublished":"2023-12-18T21:10:50+00:00","dateModified":"2025-05-15T13:13:18+00:00","description":"Vyri\u0161kas lavos akmens v\u0117rinys su hematito intarpais ir str\u0117l\u0117s antgalio formos hematito pakabuku. Lava - tai akmuo, kuris i\u0161siver\u017eia i\u0161 pa\u010di\u0173 \u017dem\u0117s gelmi\u0173 su did\u017eiule energija, d\u0117l to ji yra laikoma atgimimo simboliu, padedan\u010diu atsikratyti slegian\u010dios emocij\u0173 na\u0161tos. Tai stipryb\u0117s ir dr\u0105sos akmuo, siejamas su ugnies elementu, kaip fenikso pakilimu i\u0161 pelen\u0173.Lava surenka negatyvi\u0105 energij\u0105 ir transformuoja j\u0105 \u012f ger\u0105j\u0105. Labai palanku, kai lava lie\u010diasi prie odos, tuomet ji mus apsaugo ir leid\u017eia energijai laisvai tek\u0117ti m\u016bs\u0173 k\u016bnu ir siela. Esant \u012ftampai, lava suteiks mums stabilumo.","breadcrumb":{"@id":"https:\/\/spindeja.lt\/produktas\/lavos-verinys\/#breadcrumb"},"inLanguage":"en-GB","potentialAction":[{"@type":"ReadAction","target":["https:\/\/spindeja.lt\/produktas\/lavos-verinys\/"]}]},{"@type":"ImageObject","inLanguage":"en-GB","@id":"https:\/\/spindeja.lt\/produktas\/lavos-verinys\/#primaryimage","url":"https:\/\/spindeja.lt\/wp-content\/uploads\/2024\/02\/Lavos_verinys.webp","contentUrl":"https:\/\/spindeja.lt\/wp-content\/uploads\/2024\/02\/Lavos_verinys.webp","width":800,"height":533,"caption":"Lavos v\u0117rinys"},{"@type":"BreadcrumbList","@id":"https:\/\/spindeja.lt\/produktas\/lavos-verinys\/#breadcrumb","itemListElement":[{"@type":"ListItem","position":1,"name":"Prad\u017eia","item":"https:\/\/spindeja.lt\/"},{"@type":"ListItem","position":2,"name":"Parduotuv\u0117","item":"https:\/\/spindeja.lt\/parduotuve\/"},{"@type":"ListItem","position":3,"name":"Lavos v\u0117rinys"}]},{"@type":"WebSite","@id":"https:\/\/spindeja.lt\/#website","url":"https:\/\/spindeja.lt\/","name":"Spind\u0117ja","description":"Rank\u0173 darbo papuo\u0161alai Jums","publisher":{"@id":"https:\/\/spindeja.lt\/#organization"},"potentialAction":[{"@type":"SearchAction","target":{"@type":"EntryPoint","urlTemplate":"https:\/\/spindeja.lt\/?s={search_term_string}"},"query-input":{"@type":"PropertyValueSpecification","valueRequired":true,"valueName":"search_term_string"}}],"inLanguage":"en-GB"},{"@type":"Organization","@id":"https:\/\/spindeja.lt\/#organization","name":"Spind\u0117ja","url":"https:\/\/spindeja.lt\/","logo":{"@type":"ImageObject","inLanguage":"en-GB","@id":"https:\/\/spindeja.lt\/#\/schema\/logo\/image\/","url":"https:\/\/spindeja.lt\/wp-content\/uploads\/2019\/12\/Layer-2.png","contentUrl":"https:\/\/spindeja.lt\/wp-content\/uploads\/2019\/12\/Layer-2.png","width":915,"height":616,"caption":"Spind\u0117ja"},"image":{"@id":"https:\/\/spindeja.lt\/#\/schema\/logo\/image\/"},"sameAs":["https:\/\/www.facebook.com\/profile.php?id=100063674195191","https:\/\/www.instagram.com\/spindeja\/"]}]}},"uagb_featured_image_src":{"full":["https:\/\/spindeja.lt\/wp-content\/uploads\/2024\/02\/Lavos_verinys.webp",800,533,false],"thumbnail":["https:\/\/spindeja.lt\/wp-content\/uploads\/2024\/02\/Lavos_verinys-150x150.webp",150,150,true],"medium":["https:\/\/spindeja.lt\/wp-content\/uploads\/2024\/02\/Lavos_verinys-300x200.webp",300,200,true],"medium_large":["https:\/\/spindeja.lt\/wp-content\/uploads\/2024\/02\/Lavos_verinys-768x512.webp",768,512,true],"large":["https:\/\/spindeja.lt\/wp-content\/uploads\/2024\/02\/Lavos_verinys.webp",800,533,false],"1536x1536":["https:\/\/spindeja.lt\/wp-content\/uploads\/2024\/02\/Lavos_verinys.webp",800,533,false],"2048x2048":["https:\/\/spindeja.lt\/wp-content\/uploads\/2024\/02\/Lavos_verinys.webp",800,533,false],"trp-custom-language-flag":["https:\/\/spindeja.lt\/wp-content\/uploads\/2024\/02\/Lavos_verinys-18x12.webp",18,12,true],"woocommerce_thumbnail":["https:\/\/spindeja.lt\/wp-content\/uploads\/2024\/02\/Lavos_verinys-540x533.webp",540,533,true],"woocommerce_single":["https:\/\/spindeja.lt\/wp-content\/uploads\/2024\/02\/Lavos_verinys-540x360.webp",540,360,true],"woocommerce_gallery_thumbnail":["https:\/\/spindeja.lt\/wp-content\/uploads\/2024\/02\/Lavos_verinys-100x100.webp",100,100,true]},"uagb_author_info":{"display_name":"spindeja","author_link":"https:\/\/spindeja.lt\/en\/author\/"},"uagb_comment_info":0,"uagb_excerpt":"Vyri\u0161kas lavos akmens v\u0117rinys su hematito intarpais ir str\u0117l\u0117s antgalio formos hematito pakabuku.","_links":{"self":[{"href":"https:\/\/spindeja.lt\/en\/wp-json\/wp\/v2\/product\/20232","targetHints":{"allow":["GET"]}}],"collection":[{"href":"https:\/\/spindeja.lt\/en\/wp-json\/wp\/v2\/product"}],"about":[{"href":"https:\/\/spindeja.lt\/en\/wp-json\/wp\/v2\/types\/product"}],"replies":[{"embeddable":true,"href":"https:\/\/spindeja.lt\/en\/wp-json\/wp\/v2\/comments?post=20232"}],"wp:featuredmedia":[{"embeddable":true,"href":"https:\/\/spindeja.lt\/en\/wp-json\/wp\/v2\/media\/20560"}],"wp:attachment":[{"href":"https:\/\/spindeja.lt\/en\/wp-json\/wp\/v2\/media?parent=20232"}],"wp:term":[{"taxonomy":"product_brand","embeddable":true,"href":"https:\/\/spindeja.lt\/en\/wp-json\/wp\/v2\/product_brand?post=20232"},{"taxonomy":"product_cat","embeddable":true,"href":"https:\/\/spindeja.lt\/en\/wp-json\/wp\/v2\/product_cat?post=20232"},{"taxonomy":"product_tag","embeddable":true,"href":"https:\/\/spindeja.lt\/en\/wp-json\/wp\/v2\/product_tag?post=20232"}],"curies":[{"name":"wp","href":"https:\/\/api.w.org\/{rel}","templated":true}]}}