{"id":20195,"date":"2023-11-19T17:04:51","date_gmt":"2023-11-19T15:04:51","guid":{"rendered":"https:\/\/spindeja.lt\/?post_type=product&#038;p=20195"},"modified":"2023-12-19T16:31:07","modified_gmt":"2023-12-19T14:31:07","slug":"dovanu-kuponas","status":"publish","type":"product","link":"https:\/\/spindeja.lt\/en\/product\/dovanu-kuponas\/","title":{"rendered":"Dovan\u0173 kuponas"},"content":{"rendered":"<p>Dovan\u0173 kupono dovanojimo b\u016bdai:<\/p>\n<ol>\n<li>Kupon\u0105 galite nusi\u0173sti tiesiogiai norimam asmeniui, \u012fra\u0161\u0119 jo el. pa\u0161to adres\u0105 \u012f laukel\u012f \u201eGav\u0117jo el. pa\u0161tas\u201c. Galite nurodyti, koki\u0105 dien\u0105 tur\u0117t\u0173 b\u016bti gautas kuponas. Jei pristatymo dienos ne\u012fvesite, kuponas bus i\u0161si\u0173stas po u\u017esakymo \u012fvykdymo (apmok\u0117jimo).<\/li>\n<li>Jei norite kupon\u0105 \u012fteikti asmeni\u0161kai, laukel\u012f \u201eGav\u0117jo el. pa\u0161tas\u201c palikite tu\u0161\u010di\u0105 ir kuponas bus atsi\u0173stas tik Jums. Po to, galite: a) kupon\u0105 atsispausdinti; b) u\u017era\u0161yti kupono kod\u0105 ir elektronin\u0117s parduotuv\u0117s adres\u0105 ant atviruko; c) persi\u0173sti gaut\u0105 el. lai\u0161k\u0105 su kuponu; d) kitu b\u016bdu perduoti kupone esan\u010di\u0105 informacij\u0105.<\/li>\n<\/ol>","protected":false},"excerpt":{"rendered":"<p>Padovanokite savo artimajam Spind\u0117jos dovan\u0173 kupon\u0105, kaip galimyb\u0119 i\u0161sirinkti norim\u0105 papuo\u0161al\u0105 i\u0161 m\u016bs\u0173 elektronin\u0117s parduotuv\u0117s<\/p>","protected":false},"featured_media":20244,"comment_status":"closed","ping_status":"closed","template":"","meta":{"_uag_custom_page_level_css":"","site-sidebar-layout":"default","site-content-layout":"","ast-site-content-layout":"default","site-content-style":"default","site-sidebar-style":"default","ast-global-header-display":"","ast-banner-title-visibility":"","ast-main-header-display":"","ast-hfb-above-header-display":"","ast-hfb-below-header-display":"","ast-hfb-mobile-header-display":"","site-post-title":"","ast-breadcrumbs-content":"","ast-featured-img":"","footer-sml-layout":"","ast-disable-related-posts":"","theme-transparent-header-meta":"default","adv-header-id-meta":"","stick-header-meta":"default","header-above-stick-meta":"","header-main-stick-meta":"","header-below-stick-meta":"","astra-migrate-meta-layouts":"set","ast-page-background-enabled":"default","ast-page-background-meta":{"desktop":{"background-color":"","background-image":"","background-repeat":"repeat","background-position":"center center","background-size":"auto","background-attachment":"scroll","background-type":"","background-media":"","overlay-type":"","overlay-color":"","overlay-opacity":"","overlay-gradient":""},"tablet":{"background-color":"","background-image":"","background-repeat":"repeat","background-position":"center center","background-size":"auto","background-attachment":"scroll","background-type":"","background-media":"","overlay-type":"","overlay-color":"","overlay-opacity":"","overlay-gradient":""},"mobile":{"background-color":"","background-image":"","background-repeat":"repeat","background-position":"center center","background-size":"auto","background-attachment":"scroll","background-type":"","background-media":"","overlay-type":"","overlay-color":"","overlay-opacity":"","overlay-gradient":""}},"ast-content-background-meta":{"desktop":{"background-color":"var(--ast-global-color-5)","background-image":"","background-repeat":"repeat","background-position":"center center","background-size":"auto","background-attachment":"scroll","background-type":"","background-media":"","overlay-type":"","overlay-color":"","overlay-opacity":"","overlay-gradient":""},"tablet":{"background-color":"var(--ast-global-color-5)","background-image":"","background-repeat":"repeat","background-position":"center center","background-size":"auto","background-attachment":"scroll","background-type":"","background-media":"","overlay-type":"","overlay-color":"","overlay-opacity":"","overlay-gradient":""},"mobile":{"background-color":"var(--ast-global-color-5)","background-image":"","background-repeat":"repeat","background-position":"center center","background-size":"auto","background-attachment":"scroll","background-type":"","background-media":"","overlay-type":"","overlay-color":"","overlay-opacity":"","overlay-gradient":""}}},"product_brand":[],"product_cat":[115],"product_tag":[],"class_list":{"0":"post-20195","1":"product","2":"type-product","3":"status-publish","4":"has-post-thumbnail","6":"product_cat-wps_wgm_giftcard","7":"desktop-align-left","8":"tablet-align-left","9":"mobile-align-left","10":"ast-product-gallery-layout-horizontal-slider","11":"ast-product-gallery-with-no-image","12":"ast-product-tabs-layout-horizontal","14":"first","15":"instock","16":"shipping-taxable","17":"purchasable","18":"product-type-giftcard"},"yoast_head":"<!-- This site is optimized with the Yoast SEO plugin v26.9 - https:\/\/yoast.com\/product\/yoast-seo-wordpress\/ -->\n<title>Dovan\u0173 kuponas - Spind\u0117ja<\/title>\n<meta name=\"description\" content=\"Dovan\u0173 kuponas - Spind\u0117ja\" \/>\n<meta name=\"robots\" content=\"index, follow, max-snippet:-1, max-image-preview:large, max-video-preview:-1\" \/>\n<link rel=\"canonical\" href=\"https:\/\/spindeja.lt\/en\/product\/dovanu-kuponas\/\" \/>\n<meta property=\"og:locale\" content=\"en_GB\" \/>\n<meta property=\"og:type\" content=\"article\" \/>\n<meta property=\"og:title\" content=\"Dovan\u0173 kuponas - Spind\u0117ja\" \/>\n<meta property=\"og:description\" content=\"Dovan\u0173 kuponas - Spind\u0117ja\" \/>\n<meta property=\"og:url\" content=\"https:\/\/spindeja.lt\/en\/product\/dovanu-kuponas\/\" \/>\n<meta property=\"og:site_name\" content=\"Spind\u0117ja\" \/>\n<meta property=\"article:publisher\" content=\"https:\/\/www.facebook.com\/profile.php?id=100063674195191\" \/>\n<meta property=\"article:modified_time\" content=\"2023-12-19T14:31:07+00:00\" \/>\n<meta property=\"og:image\" content=\"https:\/\/spindeja.lt\/wp-content\/uploads\/2023\/11\/Pink-Elegant-Luxury-Gift-Certificate.jpg\" \/>\n\t<meta property=\"og:image:width\" content=\"874\" \/>\n\t<meta property=\"og:image:height\" content=\"620\" \/>\n\t<meta property=\"og:image:type\" content=\"image\/jpeg\" \/>\n<meta name=\"twitter:card\" content=\"summary_large_image\" \/>\n<meta name=\"twitter:label1\" content=\"Estimated reading time\" \/>\n\t<meta name=\"twitter:data1\" content=\"1 minute\" \/>\n<script type=\"application\/ld+json\" class=\"yoast-schema-graph\">{\"@context\":\"https:\/\/schema.org\",\"@graph\":[{\"@type\":\"WebPage\",\"@id\":\"https:\/\/spindeja.lt\/produktas\/dovanu-kuponas\/\",\"url\":\"https:\/\/spindeja.lt\/produktas\/dovanu-kuponas\/\",\"name\":\"Dovan\u0173 kuponas - Spind\u0117ja\",\"isPartOf\":{\"@id\":\"https:\/\/spindeja.lt\/#website\"},\"primaryImageOfPage\":{\"@id\":\"https:\/\/spindeja.lt\/produktas\/dovanu-kuponas\/#primaryimage\"},\"image\":{\"@id\":\"https:\/\/spindeja.lt\/produktas\/dovanu-kuponas\/#primaryimage\"},\"thumbnailUrl\":\"https:\/\/spindeja.lt\/wp-content\/uploads\/2023\/11\/Pink-Elegant-Luxury-Gift-Certificate.jpg\",\"datePublished\":\"2023-11-19T15:04:51+00:00\",\"dateModified\":\"2023-12-19T14:31:07+00:00\",\"description\":\"Dovan\u0173 kuponas - Spind\u0117ja\",\"breadcrumb\":{\"@id\":\"https:\/\/spindeja.lt\/produktas\/dovanu-kuponas\/#breadcrumb\"},\"inLanguage\":\"en-GB\",\"potentialAction\":[{\"@type\":\"ReadAction\",\"target\":[\"https:\/\/spindeja.lt\/produktas\/dovanu-kuponas\/\"]}]},{\"@type\":\"ImageObject\",\"inLanguage\":\"en-GB\",\"@id\":\"https:\/\/spindeja.lt\/produktas\/dovanu-kuponas\/#primaryimage\",\"url\":\"https:\/\/spindeja.lt\/wp-content\/uploads\/2023\/11\/Pink-Elegant-Luxury-Gift-Certificate.jpg\",\"contentUrl\":\"https:\/\/spindeja.lt\/wp-content\/uploads\/2023\/11\/Pink-Elegant-Luxury-Gift-Certificate.jpg\",\"width\":874,\"height\":620,\"caption\":\"Dovan\u0173 kuponas\"},{\"@type\":\"BreadcrumbList\",\"@id\":\"https:\/\/spindeja.lt\/produktas\/dovanu-kuponas\/#breadcrumb\",\"itemListElement\":[{\"@type\":\"ListItem\",\"position\":1,\"name\":\"Prad\u017eia\",\"item\":\"https:\/\/spindeja.lt\/\"},{\"@type\":\"ListItem\",\"position\":2,\"name\":\"Parduotuv\u0117\",\"item\":\"https:\/\/spindeja.lt\/parduotuve\/\"},{\"@type\":\"ListItem\",\"position\":3,\"name\":\"Dovan\u0173 kuponas\"}]},{\"@type\":\"WebSite\",\"@id\":\"https:\/\/spindeja.lt\/#website\",\"url\":\"https:\/\/spindeja.lt\/\",\"name\":\"Spind\u0117ja\",\"description\":\"Rank\u0173 darbo papuo\u0161alai Jums\",\"publisher\":{\"@id\":\"https:\/\/spindeja.lt\/#organization\"},\"potentialAction\":[{\"@type\":\"SearchAction\",\"target\":{\"@type\":\"EntryPoint\",\"urlTemplate\":\"https:\/\/spindeja.lt\/?s={search_term_string}\"},\"query-input\":{\"@type\":\"PropertyValueSpecification\",\"valueRequired\":true,\"valueName\":\"search_term_string\"}}],\"inLanguage\":\"en-GB\"},{\"@type\":\"Organization\",\"@id\":\"https:\/\/spindeja.lt\/#organization\",\"name\":\"Spind\u0117ja\",\"url\":\"https:\/\/spindeja.lt\/\",\"logo\":{\"@type\":\"ImageObject\",\"inLanguage\":\"en-GB\",\"@id\":\"https:\/\/spindeja.lt\/#\/schema\/logo\/image\/\",\"url\":\"https:\/\/spindeja.lt\/wp-content\/uploads\/2019\/12\/Layer-2.png\",\"contentUrl\":\"https:\/\/spindeja.lt\/wp-content\/uploads\/2019\/12\/Layer-2.png\",\"width\":915,\"height\":616,\"caption\":\"Spind\u0117ja\"},\"image\":{\"@id\":\"https:\/\/spindeja.lt\/#\/schema\/logo\/image\/\"},\"sameAs\":[\"https:\/\/www.facebook.com\/profile.php?id=100063674195191\",\"https:\/\/www.instagram.com\/spindeja\/\"]}]}<\/script>\n<!-- \/ Yoast SEO plugin. -->","yoast_head_json":{"title":"Dovan\u0173 kuponas - Spind\u0117ja","description":"Dovan\u0173 kuponas - Spind\u0117ja","robots":{"index":"index","follow":"follow","max-snippet":"max-snippet:-1","max-image-preview":"max-image-preview:large","max-video-preview":"max-video-preview:-1"},"canonical":"https:\/\/spindeja.lt\/en\/product\/dovanu-kuponas\/","og_locale":"en_GB","og_type":"article","og_title":"Dovan\u0173 kuponas - Spind\u0117ja","og_description":"Dovan\u0173 kuponas - Spind\u0117ja","og_url":"https:\/\/spindeja.lt\/en\/product\/dovanu-kuponas\/","og_site_name":"Spind\u0117ja","article_publisher":"https:\/\/www.facebook.com\/profile.php?id=100063674195191","article_modified_time":"2023-12-19T14:31:07+00:00","og_image":[{"width":874,"height":620,"url":"https:\/\/spindeja.lt\/wp-content\/uploads\/2023\/11\/Pink-Elegant-Luxury-Gift-Certificate.jpg","type":"image\/jpeg"}],"twitter_card":"summary_large_image","twitter_misc":{"Estimated reading time":"1 minute"},"schema":{"@context":"https:\/\/schema.org","@graph":[{"@type":"WebPage","@id":"https:\/\/spindeja.lt\/produktas\/dovanu-kuponas\/","url":"https:\/\/spindeja.lt\/produktas\/dovanu-kuponas\/","name":"Dovan\u0173 kuponas - Spind\u0117ja","isPartOf":{"@id":"https:\/\/spindeja.lt\/#website"},"primaryImageOfPage":{"@id":"https:\/\/spindeja.lt\/produktas\/dovanu-kuponas\/#primaryimage"},"image":{"@id":"https:\/\/spindeja.lt\/produktas\/dovanu-kuponas\/#primaryimage"},"thumbnailUrl":"https:\/\/spindeja.lt\/wp-content\/uploads\/2023\/11\/Pink-Elegant-Luxury-Gift-Certificate.jpg","datePublished":"2023-11-19T15:04:51+00:00","dateModified":"2023-12-19T14:31:07+00:00","description":"Dovan\u0173 kuponas - Spind\u0117ja","breadcrumb":{"@id":"https:\/\/spindeja.lt\/produktas\/dovanu-kuponas\/#breadcrumb"},"inLanguage":"en-GB","potentialAction":[{"@type":"ReadAction","target":["https:\/\/spindeja.lt\/produktas\/dovanu-kuponas\/"]}]},{"@type":"ImageObject","inLanguage":"en-GB","@id":"https:\/\/spindeja.lt\/produktas\/dovanu-kuponas\/#primaryimage","url":"https:\/\/spindeja.lt\/wp-content\/uploads\/2023\/11\/Pink-Elegant-Luxury-Gift-Certificate.jpg","contentUrl":"https:\/\/spindeja.lt\/wp-content\/uploads\/2023\/11\/Pink-Elegant-Luxury-Gift-Certificate.jpg","width":874,"height":620,"caption":"Dovan\u0173 kuponas"},{"@type":"BreadcrumbList","@id":"https:\/\/spindeja.lt\/produktas\/dovanu-kuponas\/#breadcrumb","itemListElement":[{"@type":"ListItem","position":1,"name":"Prad\u017eia","item":"https:\/\/spindeja.lt\/"},{"@type":"ListItem","position":2,"name":"Parduotuv\u0117","item":"https:\/\/spindeja.lt\/parduotuve\/"},{"@type":"ListItem","position":3,"name":"Dovan\u0173 kuponas"}]},{"@type":"WebSite","@id":"https:\/\/spindeja.lt\/#website","url":"https:\/\/spindeja.lt\/","name":"Spind\u0117ja","description":"Rank\u0173 darbo papuo\u0161alai Jums","publisher":{"@id":"https:\/\/spindeja.lt\/#organization"},"potentialAction":[{"@type":"SearchAction","target":{"@type":"EntryPoint","urlTemplate":"https:\/\/spindeja.lt\/?s={search_term_string}"},"query-input":{"@type":"PropertyValueSpecification","valueRequired":true,"valueName":"search_term_string"}}],"inLanguage":"en-GB"},{"@type":"Organization","@id":"https:\/\/spindeja.lt\/#organization","name":"Spind\u0117ja","url":"https:\/\/spindeja.lt\/","logo":{"@type":"ImageObject","inLanguage":"en-GB","@id":"https:\/\/spindeja.lt\/#\/schema\/logo\/image\/","url":"https:\/\/spindeja.lt\/wp-content\/uploads\/2019\/12\/Layer-2.png","contentUrl":"https:\/\/spindeja.lt\/wp-content\/uploads\/2019\/12\/Layer-2.png","width":915,"height":616,"caption":"Spind\u0117ja"},"image":{"@id":"https:\/\/spindeja.lt\/#\/schema\/logo\/image\/"},"sameAs":["https:\/\/www.facebook.com\/profile.php?id=100063674195191","https:\/\/www.instagram.com\/spindeja\/"]}]}},"uagb_featured_image_src":{"full":["https:\/\/spindeja.lt\/wp-content\/uploads\/2023\/11\/Pink-Elegant-Luxury-Gift-Certificate.jpg",874,620,false],"thumbnail":["https:\/\/spindeja.lt\/wp-content\/uploads\/2023\/11\/Pink-Elegant-Luxury-Gift-Certificate-150x150.jpg",150,150,true],"medium":["https:\/\/spindeja.lt\/wp-content\/uploads\/2023\/11\/Pink-Elegant-Luxury-Gift-Certificate-300x213.jpg",300,213,true],"medium_large":["https:\/\/spindeja.lt\/wp-content\/uploads\/2023\/11\/Pink-Elegant-Luxury-Gift-Certificate-768x545.jpg",768,545,true],"large":["https:\/\/spindeja.lt\/wp-content\/uploads\/2023\/11\/Pink-Elegant-Luxury-Gift-Certificate.jpg",874,620,false],"1536x1536":["https:\/\/spindeja.lt\/wp-content\/uploads\/2023\/11\/Pink-Elegant-Luxury-Gift-Certificate.jpg",874,620,false],"2048x2048":["https:\/\/spindeja.lt\/wp-content\/uploads\/2023\/11\/Pink-Elegant-Luxury-Gift-Certificate.jpg",874,620,false],"trp-custom-language-flag":["https:\/\/spindeja.lt\/wp-content\/uploads\/2023\/11\/Pink-Elegant-Luxury-Gift-Certificate-18x12.jpg",18,12,true],"woocommerce_thumbnail":["https:\/\/spindeja.lt\/wp-content\/uploads\/2023\/11\/Pink-Elegant-Luxury-Gift-Certificate-540x540.jpg",540,540,true],"woocommerce_single":["https:\/\/spindeja.lt\/wp-content\/uploads\/2023\/11\/Pink-Elegant-Luxury-Gift-Certificate-540x383.jpg",540,383,true],"woocommerce_gallery_thumbnail":["https:\/\/spindeja.lt\/wp-content\/uploads\/2023\/11\/Pink-Elegant-Luxury-Gift-Certificate-100x100.jpg",100,100,true]},"uagb_author_info":{"display_name":"spindeja","author_link":"https:\/\/spindeja.lt\/en\/author\/"},"uagb_comment_info":0,"uagb_excerpt":"Padovanokite savo artimajam Spind\u0117jos dovan\u0173 kupon\u0105, kaip galimyb\u0119 i\u0161sirinkti norim\u0105 papuo\u0161al\u0105 i\u0161 m\u016bs\u0173 elektronin\u0117s parduotuv\u0117s","_links":{"self":[{"href":"https:\/\/spindeja.lt\/en\/wp-json\/wp\/v2\/product\/20195","targetHints":{"allow":["GET"]}}],"collection":[{"href":"https:\/\/spindeja.lt\/en\/wp-json\/wp\/v2\/product"}],"about":[{"href":"https:\/\/spindeja.lt\/en\/wp-json\/wp\/v2\/types\/product"}],"replies":[{"embeddable":true,"href":"https:\/\/spindeja.lt\/en\/wp-json\/wp\/v2\/comments?post=20195"}],"wp:featuredmedia":[{"embeddable":true,"href":"https:\/\/spindeja.lt\/en\/wp-json\/wp\/v2\/media\/20244"}],"wp:attachment":[{"href":"https:\/\/spindeja.lt\/en\/wp-json\/wp\/v2\/media?parent=20195"}],"wp:term":[{"taxonomy":"product_brand","embeddable":true,"href":"https:\/\/spindeja.lt\/en\/wp-json\/wp\/v2\/product_brand?post=20195"},{"taxonomy":"product_cat","embeddable":true,"href":"https:\/\/spindeja.lt\/en\/wp-json\/wp\/v2\/product_cat?post=20195"},{"taxonomy":"product_tag","embeddable":true,"href":"https:\/\/spindeja.lt\/en\/wp-json\/wp\/v2\/product_tag?post=20195"}],"curies":[{"name":"wp","href":"https:\/\/api.w.org\/{rel}","templated":true}]}}