{"id":545,"date":"2020-08-26T03:14:50","date_gmt":"2020-08-26T03:14:50","guid":{"rendered":"https:\/\/spindeja.lt\/about\/"},"modified":"2023-12-22T19:31:12","modified_gmt":"2023-12-22T17:31:12","slug":"apie","status":"publish","type":"page","link":"https:\/\/spindeja.lt\/en\/apie\/","title":{"rendered":"Apie"},"content":{"rendered":"<div class=\"wp-block-uagb-container uagb-block-42e70927 alignfull uagb-is-root-container\"><div class=\"uagb-container-inner-blocks-wrap\">\n<div class=\"wp-block-uagb-container uagb-block-672c2967\">\n<div class=\"wp-block-uagb-info-box uagb-block-b380b427 uagb-infobox__content-wrap  uagb-infobox-icon-above-title uagb-infobox-image-valign-top\"><div class=\"uagb-ifb-content\"><div class=\"uagb-ifb-title-wrap\"><h6 class=\"uagb-ifb-title-prefix\">Apie m\u016bs\u0173 spindin\u010di\u0105 k\u016bryb\u0105 kartu<\/h6><\/div><p class=\"uagb-ifb-desc\">Mes esame mama ir dukra, kurian\u010dios gro\u017e\u012f, matom\u0105 akimis ir jau\u010diam\u0105 \u0161irdimi. Savo mylin\u010diomis rankomis mes kuriame papuo\u0161alus i\u0161 Baltijos gintaro ir kit\u0173 akmen\u0117li\u0173, kristal\u0173. Kiekvienas papuo\u0161alas yra gaminamas su meile k\u016brybai ir geriausiomis intencijomis. <br>\u00a0<br>Spind\u0117ja yra tarsi tre\u010dias mano k\u016bdikis, gim\u0119s per sapnus ir meditacijas. \u0160is k\u016brybinis vaikas pama\u017eu auga ir br\u0119sta, o kartu augame ir mes su dukra Saule. Ilg\u0105 laik\u0105 k\u016briau viena, kol pama\u017eu vis da\u017eniau prie man\u0119s prisijungdavo Saul\u0117. O man labai gera b\u016bti pavyzd\u017eiu ir \u012fkv\u0117pimu kurti. <br><br>Saul\u0117s pagaminti papuo\u0161alai yra kategorijoje &#8222;Saul\u0117s k\u016bryba&#8221;.  A\u0161 jai padedu su technologiniais sprendimais, o visa k\u016brybin\u0117 dalis jos. Tai m\u016bs\u0173 laikas kartu su spindin\u010dia \u0161irdies ir mylin\u010di\u0173 rank\u0173 k\u016bryba.<br>\u00a0<br>M\u016bs\u0173 kuriami ir parduodami papuo\u0161alai yra i\u0161 tikro Baltijos gintaro, nat\u016brali\u0173 kristal\u0173 ir kit\u0173 auk\u0161tos kokyb\u0117s karoliuk\u0173. Skiriame daug d\u0117mesio kristal\u0173 tikrumo analizei, gamini\u0173 kokybei, tod\u0117l kiekvienas karoliukas ir detal\u0117s yra kruop\u0161\u010diai atrinkti, kad maksimaliai pateisint\u0173 J\u016bs\u0173 l\u016bkes\u010dius Spind\u0117ti ilgai ir laimingai.<br>\u00a0<br>Su meile,<br>\u00a0<br>Reda Kotryna ir Saul\u0117<\/p><\/div><\/div>\n\n\n\n<div class=\"wp-block-uagb-advanced-heading uagb-block-7015a766\"><\/div>\n<\/div>\n\n\n\n<div class=\"wp-block-uagb-container uagb-block-2d237b00\">\n<div class=\"wp-block-uagb-image alignright uagb-block-c31514d6 wp-block-uagb-image--layout-default wp-block-uagb-image--effect-static wp-block-uagb-image--align-right\"><figure class=\"wp-block-uagb-image__figure\"><img decoding=\"async\" srcset=\"https:\/\/spindeja.lt\/wp-content\/uploads\/2023\/12\/Apie_mus.webp ,https:\/\/spindeja.lt\/wp-content\/uploads\/2023\/12\/Apie_mus.webp 780w, https:\/\/spindeja.lt\/wp-content\/uploads\/2023\/12\/Apie_mus.webp 360w\" sizes=\"auto, (max-width: 480px) 150px\" src=\"https:\/\/spindeja.lt\/wp-content\/uploads\/2023\/12\/Apie_mus.webp\" alt=\"Apie mus\" class=\"uag-image-20355\" width=\"440\" height=\"1419\" title=\"\" loading=\"lazy\"\/><\/figure><\/div>\n<\/div>\n<\/div><\/div>\n\n\n\n<div class=\"wp-block-uagb-container uagb-block-0aab5cee alignfull uagb-is-root-container\"><div class=\"uagb-container-inner-blocks-wrap\"><\/div><\/div>","protected":false},"excerpt":{"rendered":"","protected":false},"author":2,"featured_media":0,"parent":0,"menu_order":0,"comment_status":"closed","ping_status":"closed","template":"","meta":{"_uag_custom_page_level_css":"","site-sidebar-layout":"no-sidebar","site-content-layout":"plain-container","ast-site-content-layout":"normal-width-container","site-content-style":"unboxed","site-sidebar-style":"unboxed","ast-global-header-display":"","ast-banner-title-visibility":"","ast-main-header-display":"","ast-hfb-above-header-display":"","ast-hfb-below-header-display":"","ast-hfb-mobile-header-display":"","site-post-title":"disabled","ast-breadcrumbs-content":"disabled","ast-featured-img":"disabled","footer-sml-layout":"","ast-disable-related-posts":"","theme-transparent-header-meta":"default","adv-header-id-meta":"","stick-header-meta":"","header-above-stick-meta":"","header-main-stick-meta":"","header-below-stick-meta":"","astra-migrate-meta-layouts":"set","ast-page-background-enabled":"default","ast-page-background-meta":{"desktop":{"background-color":"","background-image":"","background-repeat":"repeat","background-position":"center center","background-size":"auto","background-attachment":"scroll","background-type":"","background-media":"","overlay-type":"","overlay-color":"","overlay-opacity":"","overlay-gradient":""},"tablet":{"background-color":"","background-image":"","background-repeat":"repeat","background-position":"center center","background-size":"auto","background-attachment":"scroll","background-type":"","background-media":"","overlay-type":"","overlay-color":"","overlay-opacity":"","overlay-gradient":""},"mobile":{"background-color":"","background-image":"","background-repeat":"repeat","background-position":"center center","background-size":"auto","background-attachment":"scroll","background-type":"","background-media":"","overlay-type":"","overlay-color":"","overlay-opacity":"","overlay-gradient":""}},"ast-content-background-meta":{"desktop":{"background-color":"var(--ast-global-color-5)","background-image":"","background-repeat":"repeat","background-position":"center center","background-size":"auto","background-attachment":"scroll","background-type":"","background-media":"","overlay-type":"","overlay-color":"","overlay-opacity":"","overlay-gradient":""},"tablet":{"background-color":"var(--ast-global-color-5)","background-image":"","background-repeat":"repeat","background-position":"center center","background-size":"auto","background-attachment":"scroll","background-type":"","background-media":"","overlay-type":"","overlay-color":"","overlay-opacity":"","overlay-gradient":""},"mobile":{"background-color":"var(--ast-global-color-5)","background-image":"","background-repeat":"repeat","background-position":"center center","background-size":"auto","background-attachment":"scroll","background-type":"","background-media":"","overlay-type":"","overlay-color":"","overlay-opacity":"","overlay-gradient":""}},"footnotes":""},"folder":[],"class_list":["post-545","page","type-page","status-publish","hentry"],"yoast_head":"<!-- This site is optimized with the Yoast SEO plugin v26.9 - https:\/\/yoast.com\/product\/yoast-seo-wordpress\/ -->\n<title>Apie - Spind\u0117ja<\/title>\n<meta name=\"description\" content=\"Apie - Spind\u0117ja\" \/>\n<meta name=\"robots\" content=\"index, follow, max-snippet:-1, max-image-preview:large, max-video-preview:-1\" \/>\n<link rel=\"canonical\" href=\"https:\/\/spindeja.lt\/en\/apie\/\" \/>\n<meta property=\"og:locale\" content=\"en_GB\" \/>\n<meta property=\"og:type\" content=\"article\" \/>\n<meta property=\"og:title\" content=\"Apie - Spind\u0117ja\" \/>\n<meta property=\"og:description\" content=\"Apie - Spind\u0117ja\" \/>\n<meta property=\"og:url\" content=\"https:\/\/spindeja.lt\/en\/apie\/\" \/>\n<meta property=\"og:site_name\" content=\"Spind\u0117ja\" \/>\n<meta property=\"article:publisher\" content=\"https:\/\/www.facebook.com\/profile.php?id=100063674195191\" \/>\n<meta property=\"article:modified_time\" content=\"2023-12-22T17:31:12+00:00\" \/>\n<meta property=\"og:image\" content=\"https:\/\/spindeja.lt\/wp-content\/uploads\/2023\/12\/Apie_mus.webp\" \/>\n<meta name=\"twitter:card\" content=\"summary_large_image\" \/>\n<meta name=\"twitter:label1\" content=\"Estimated reading time\" \/>\n\t<meta name=\"twitter:data1\" content=\"2 minutes\" \/>\n<script type=\"application\/ld+json\" class=\"yoast-schema-graph\">{\"@context\":\"https:\/\/schema.org\",\"@graph\":[{\"@type\":\"WebPage\",\"@id\":\"https:\/\/spindeja.lt\/apie\/\",\"url\":\"https:\/\/spindeja.lt\/apie\/\",\"name\":\"Apie - Spind\u0117ja\",\"isPartOf\":{\"@id\":\"https:\/\/spindeja.lt\/#website\"},\"primaryImageOfPage\":{\"@id\":\"https:\/\/spindeja.lt\/apie\/#primaryimage\"},\"image\":{\"@id\":\"https:\/\/spindeja.lt\/apie\/#primaryimage\"},\"thumbnailUrl\":\"https:\/\/spindeja.lt\/wp-content\/uploads\/2023\/12\/Apie_mus.webp\",\"datePublished\":\"2020-08-26T03:14:50+00:00\",\"dateModified\":\"2023-12-22T17:31:12+00:00\",\"description\":\"Apie - Spind\u0117ja\",\"breadcrumb\":{\"@id\":\"https:\/\/spindeja.lt\/apie\/#breadcrumb\"},\"inLanguage\":\"en-GB\",\"potentialAction\":[{\"@type\":\"ReadAction\",\"target\":[\"https:\/\/spindeja.lt\/apie\/\"]}]},{\"@type\":\"ImageObject\",\"inLanguage\":\"en-GB\",\"@id\":\"https:\/\/spindeja.lt\/apie\/#primaryimage\",\"url\":\"https:\/\/spindeja.lt\/wp-content\/uploads\/2023\/12\/Apie_mus.webp\",\"contentUrl\":\"https:\/\/spindeja.lt\/wp-content\/uploads\/2023\/12\/Apie_mus.webp\"},{\"@type\":\"BreadcrumbList\",\"@id\":\"https:\/\/spindeja.lt\/apie\/#breadcrumb\",\"itemListElement\":[{\"@type\":\"ListItem\",\"position\":1,\"name\":\"Prad\u017eia\",\"item\":\"https:\/\/spindeja.lt\/\"},{\"@type\":\"ListItem\",\"position\":2,\"name\":\"Apie\"}]},{\"@type\":\"WebSite\",\"@id\":\"https:\/\/spindeja.lt\/#website\",\"url\":\"https:\/\/spindeja.lt\/\",\"name\":\"Spind\u0117ja\",\"description\":\"Rank\u0173 darbo papuo\u0161alai Jums\",\"publisher\":{\"@id\":\"https:\/\/spindeja.lt\/#organization\"},\"potentialAction\":[{\"@type\":\"SearchAction\",\"target\":{\"@type\":\"EntryPoint\",\"urlTemplate\":\"https:\/\/spindeja.lt\/?s={search_term_string}\"},\"query-input\":{\"@type\":\"PropertyValueSpecification\",\"valueRequired\":true,\"valueName\":\"search_term_string\"}}],\"inLanguage\":\"en-GB\"},{\"@type\":\"Organization\",\"@id\":\"https:\/\/spindeja.lt\/#organization\",\"name\":\"Spind\u0117ja\",\"url\":\"https:\/\/spindeja.lt\/\",\"logo\":{\"@type\":\"ImageObject\",\"inLanguage\":\"en-GB\",\"@id\":\"https:\/\/spindeja.lt\/#\/schema\/logo\/image\/\",\"url\":\"https:\/\/spindeja.lt\/wp-content\/uploads\/2019\/12\/Layer-2.png\",\"contentUrl\":\"https:\/\/spindeja.lt\/wp-content\/uploads\/2019\/12\/Layer-2.png\",\"width\":915,\"height\":616,\"caption\":\"Spind\u0117ja\"},\"image\":{\"@id\":\"https:\/\/spindeja.lt\/#\/schema\/logo\/image\/\"},\"sameAs\":[\"https:\/\/www.facebook.com\/profile.php?id=100063674195191\",\"https:\/\/www.instagram.com\/spindeja\/\"]}]}<\/script>\n<!-- \/ Yoast SEO plugin. -->","yoast_head_json":{"title":"Apie - Spind\u0117ja","description":"Apie - Spind\u0117ja","robots":{"index":"index","follow":"follow","max-snippet":"max-snippet:-1","max-image-preview":"max-image-preview:large","max-video-preview":"max-video-preview:-1"},"canonical":"https:\/\/spindeja.lt\/en\/apie\/","og_locale":"en_GB","og_type":"article","og_title":"Apie - Spind\u0117ja","og_description":"Apie - Spind\u0117ja","og_url":"https:\/\/spindeja.lt\/en\/apie\/","og_site_name":"Spind\u0117ja","article_publisher":"https:\/\/www.facebook.com\/profile.php?id=100063674195191","article_modified_time":"2023-12-22T17:31:12+00:00","og_image":[{"url":"https:\/\/spindeja.lt\/wp-content\/uploads\/2023\/12\/Apie_mus.webp","type":"","width":"","height":""}],"twitter_card":"summary_large_image","twitter_misc":{"Estimated reading time":"2 minutes"},"schema":{"@context":"https:\/\/schema.org","@graph":[{"@type":"WebPage","@id":"https:\/\/spindeja.lt\/apie\/","url":"https:\/\/spindeja.lt\/apie\/","name":"Apie - Spind\u0117ja","isPartOf":{"@id":"https:\/\/spindeja.lt\/#website"},"primaryImageOfPage":{"@id":"https:\/\/spindeja.lt\/apie\/#primaryimage"},"image":{"@id":"https:\/\/spindeja.lt\/apie\/#primaryimage"},"thumbnailUrl":"https:\/\/spindeja.lt\/wp-content\/uploads\/2023\/12\/Apie_mus.webp","datePublished":"2020-08-26T03:14:50+00:00","dateModified":"2023-12-22T17:31:12+00:00","description":"Apie - Spind\u0117ja","breadcrumb":{"@id":"https:\/\/spindeja.lt\/apie\/#breadcrumb"},"inLanguage":"en-GB","potentialAction":[{"@type":"ReadAction","target":["https:\/\/spindeja.lt\/apie\/"]}]},{"@type":"ImageObject","inLanguage":"en-GB","@id":"https:\/\/spindeja.lt\/apie\/#primaryimage","url":"https:\/\/spindeja.lt\/wp-content\/uploads\/2023\/12\/Apie_mus.webp","contentUrl":"https:\/\/spindeja.lt\/wp-content\/uploads\/2023\/12\/Apie_mus.webp"},{"@type":"BreadcrumbList","@id":"https:\/\/spindeja.lt\/apie\/#breadcrumb","itemListElement":[{"@type":"ListItem","position":1,"name":"Prad\u017eia","item":"https:\/\/spindeja.lt\/"},{"@type":"ListItem","position":2,"name":"Apie"}]},{"@type":"WebSite","@id":"https:\/\/spindeja.lt\/#website","url":"https:\/\/spindeja.lt\/","name":"Spind\u0117ja","description":"Rank\u0173 darbo papuo\u0161alai Jums","publisher":{"@id":"https:\/\/spindeja.lt\/#organization"},"potentialAction":[{"@type":"SearchAction","target":{"@type":"EntryPoint","urlTemplate":"https:\/\/spindeja.lt\/?s={search_term_string}"},"query-input":{"@type":"PropertyValueSpecification","valueRequired":true,"valueName":"search_term_string"}}],"inLanguage":"en-GB"},{"@type":"Organization","@id":"https:\/\/spindeja.lt\/#organization","name":"Spind\u0117ja","url":"https:\/\/spindeja.lt\/","logo":{"@type":"ImageObject","inLanguage":"en-GB","@id":"https:\/\/spindeja.lt\/#\/schema\/logo\/image\/","url":"https:\/\/spindeja.lt\/wp-content\/uploads\/2019\/12\/Layer-2.png","contentUrl":"https:\/\/spindeja.lt\/wp-content\/uploads\/2019\/12\/Layer-2.png","width":915,"height":616,"caption":"Spind\u0117ja"},"image":{"@id":"https:\/\/spindeja.lt\/#\/schema\/logo\/image\/"},"sameAs":["https:\/\/www.facebook.com\/profile.php?id=100063674195191","https:\/\/www.instagram.com\/spindeja\/"]}]}},"uagb_featured_image_src":{"full":false,"thumbnail":false,"medium":false,"medium_large":false,"large":false,"1536x1536":false,"2048x2048":false,"trp-custom-language-flag":false,"woocommerce_thumbnail":false,"woocommerce_single":false,"woocommerce_gallery_thumbnail":false},"uagb_author_info":{"display_name":"spindeja","author_link":"https:\/\/spindeja.lt\/en\/author\/spindeja\/"},"uagb_comment_info":0,"uagb_excerpt":null,"_links":{"self":[{"href":"https:\/\/spindeja.lt\/en\/wp-json\/wp\/v2\/pages\/545","targetHints":{"allow":["GET"]}}],"collection":[{"href":"https:\/\/spindeja.lt\/en\/wp-json\/wp\/v2\/pages"}],"about":[{"href":"https:\/\/spindeja.lt\/en\/wp-json\/wp\/v2\/types\/page"}],"author":[{"embeddable":true,"href":"https:\/\/spindeja.lt\/en\/wp-json\/wp\/v2\/users\/2"}],"replies":[{"embeddable":true,"href":"https:\/\/spindeja.lt\/en\/wp-json\/wp\/v2\/comments?post=545"}],"version-history":[{"count":11,"href":"https:\/\/spindeja.lt\/en\/wp-json\/wp\/v2\/pages\/545\/revisions"}],"predecessor-version":[{"id":20427,"href":"https:\/\/spindeja.lt\/en\/wp-json\/wp\/v2\/pages\/545\/revisions\/20427"}],"wp:attachment":[{"href":"https:\/\/spindeja.lt\/en\/wp-json\/wp\/v2\/media?parent=545"}],"wp:term":[{"taxonomy":"folder","embeddable":true,"href":"https:\/\/spindeja.lt\/en\/wp-json\/wp\/v2\/folder?post=545"}],"curies":[{"name":"wp","href":"https:\/\/api.w.org\/{rel}","templated":true}]}}