{"id":3657,"date":"2020-02-03T17:56:25","date_gmt":"2020-02-03T15:56:25","guid":{"rendered":"https:\/\/spindeja.lt\/?page_id=3657"},"modified":"2026-05-07T22:12:37","modified_gmt":"2026-05-07T20:12:37","slug":"pristatymas","status":"publish","type":"page","link":"https:\/\/spindeja.lt\/en\/pristatymas\/","title":{"rendered":"Pristatymas"},"content":{"rendered":"<h2 class=\"wp-block-heading\"><\/h2>\n\n\n\n<p>NEMOKAMAS* PRISTATYMAS PER 1-2 DARBO DIENAS*<br><\/p>\n\n\n\n<p>U\u017esakytas prekes interneto parduotuv\u0117je Spind\u0117ja pristatome visoje Lietuvoje ir u\u017esienyje.<\/p>\n\n\n\n<ul class=\"wp-block-list\">\n<li>0,00 Eur &#8211; pristatymo kaina, kai u\u017esakymo suma didesn\u0117 nei 50 Eur (netaikomas siun\u010diant per kurjer\u012f ir \u012f u\u017esien\u012f);<\/li>\n<\/ul>\n\n\n\n<p>Kai u\u017esakymo suma ma\u017eesn\u0117 nei 50 Eur:<\/p>\n\n\n\n<ul class=\"wp-block-list\">\n<li>2,99 Eur &#8211; pristatymo kaina, pasirinkus preki\u0173 pristatym\u0105 registruota pa\u0161to siunta.<\/li>\n\n\n\n<li>2,99 Eur &#8211; pristatymo kaina, pasirinkus preki\u0173 pristatym\u0105 per Omniva savitarnos terminalus.<\/li>\n\n\n\n<li>2,49 Eur \u2013 pristatymo kaina, pasirinkus preki\u0173 pristatym\u0105 per Omniva, LP Express savitarnos terminalus.<\/li>\n\n\n\n<li>5,99 Eur \u2013 pristatymo kaina, pasirinkus preki\u0173 pristatym\u0105 per kurjer\u012f. Apie siuntos pristatym\u0105 kurjeris informuos skambu\u010diu arba SMS prane\u0161imu prie\u0161 pristatydamas siunt\u0105.<\/li>\n\n\n\n<li>7,49 Eur &#8211; pristatymo kaina Europoje.<\/li>\n\n\n\n<li>10 Eur &#8211; pristatymo kaina kitose \u0161alyse nei Europoje.<\/li>\n<\/ul>\n\n\n\n<p>ATSISKAITYMAS<\/p>\n\n\n\n<p> Atsiskaityti u\u017e Spind\u0117ja parduodamas prekes galite per PAYSERA \u012fmok\u0173 surinkimo sistem\u0105:<\/p>\n\n\n\n<ul class=\"wp-block-list\">\n<li>naudodamiesi elektronine bankininkyste: \u201eSwedbank\u201c, \u201eSEB\u201c Bankas,\u201eDNB\u201c bankas, \u201eNordea Bank Lietuva\u201c, \u201eDanske Bank\u201c, \u201eCitadele\u201c bankas, \u0160iauli\u0173 bankas, Medicinos bankas, \u201ePaysera\u201c banklink, kreditin\u0117s kortel\u0117s: VISA MASTERCARD.<\/li>\n<\/ul>\n\n\n\n<p>Patvirtinus u\u017esakym\u0105 iki 12 val. (darbo dienomis) \u2013 prekes i\u0161si\u0173sime t\u0105 pa\u010di\u0105 darbo dien\u0105;<\/p>\n\n\n\n<p>Patvirtinus u\u017esakym\u0105 po 12 val. (ar savaitgal\u012f) \u2013 prekes i\u0161si\u0173sime per 1 &#8211; 2 darbo dienas;<\/p>\n\n\n\n<p>Pasirinkus pristatym\u0105 registruota pa\u0161to siunta, prie auk\u0161\u010diau nurodyt\u0173 termin\u0173 prisideda 1 &#8211; 2 darbo dienos.<\/p>\n\n\n\n<p>*Reali pristatymo trukm\u0117 priklauso nuo to, ar prek\u0117s yra turimos vietoje. Jeigu prek\u0117s yra turimos vietoje, Pirk\u0117jui nurodytu adresu i\u0161siun\u010diamos per 1&nbsp; darbo dien\u0105 po pilno apmok\u0117jimo gavimo \u012f Pardav\u0117jo s\u0105skait\u0105. Kitokie terminai taikomi, kai prek\u0117s apra\u0161yme buvo pamin\u0117tas kitoks terminas arba individualus prek\u0117s pagaminimo ir\/arba pristatymo terminas. Jeigu Pirk\u0117jo \u012fsigytos prek\u0117s n\u0117ra galimyb\u0117s i\u0161si\u0173sti per 1-2 darbo dienas, Pirk\u0117jas apie tai informuojamas ir derinama galimyb\u0117 i\u0161si\u0173sti prek\u0119 kitais terminais. Jeigu Pirk\u0117jo netenkina kiti prek\u0117s i\u0161siuntimo terminai, tuomet Pardav\u0117jas per 3 darbo dienas gr\u0105\u017eina Pirk\u0117jui pinigus.<\/p>\n\n\n\n<p><strong>Jeigu Pirk\u0117jui yra labai svarbu gauti prek\u0119 kuo skubiau, rekomenduojama susisiekti telefonu Nr. 0-657-99392 ir apie tai informuoti, kad gal\u0117tume maksimaliai patenkinti J\u016bs\u0173 l\u016bkes\u010dius.<\/strong><\/p>","protected":false},"excerpt":{"rendered":"<p>NEMOKAMAS* PRISTATYMAS PER 1-2 DARBO DIENAS* U\u017esakytas prekes interneto parduotuv\u0117je Spind\u0117ja pristatome visoje Lietuvoje ir u\u017esienyje. Kai u\u017esakymo suma ma\u017eesn\u0117 nei 50 Eur: ATSISKAITYMAS Atsiskaityti u\u017e Spind\u0117ja parduodamas prekes galite per PAYSERA \u012fmok\u0173 surinkimo sistem\u0105: Patvirtinus u\u017esakym\u0105 iki 12 val. (darbo dienomis) \u2013 prekes i\u0161si\u0173sime t\u0105 pa\u010di\u0105 darbo dien\u0105; Patvirtinus u\u017esakym\u0105 po 12 val. (ar [&hellip;]<\/p>","protected":false},"author":1,"featured_media":0,"parent":0,"menu_order":0,"comment_status":"closed","ping_status":"closed","template":"","meta":{"_uag_custom_page_level_css":"","site-sidebar-layout":"default","site-content-layout":"","ast-site-content-layout":"default","site-content-style":"default","site-sidebar-style":"default","ast-global-header-display":"","ast-banner-title-visibility":"","ast-main-header-display":"","ast-hfb-above-header-display":"","ast-hfb-below-header-display":"","ast-hfb-mobile-header-display":"","site-post-title":"","ast-breadcrumbs-content":"","ast-featured-img":"","footer-sml-layout":"","ast-disable-related-posts":"","theme-transparent-header-meta":"","adv-header-id-meta":"","stick-header-meta":"","header-above-stick-meta":"","header-main-stick-meta":"","header-below-stick-meta":"","astra-migrate-meta-layouts":"set","ast-page-background-enabled":"default","ast-page-background-meta":{"desktop":{"background-color":"","background-image":"","background-repeat":"repeat","background-position":"center center","background-size":"auto","background-attachment":"scroll","background-type":"","background-media":"","overlay-type":"","overlay-color":"","overlay-opacity":"","overlay-gradient":""},"tablet":{"background-color":"","background-image":"","background-repeat":"repeat","background-position":"center center","background-size":"auto","background-attachment":"scroll","background-type":"","background-media":"","overlay-type":"","overlay-color":"","overlay-opacity":"","overlay-gradient":""},"mobile":{"background-color":"","background-image":"","background-repeat":"repeat","background-position":"center center","background-size":"auto","background-attachment":"scroll","background-type":"","background-media":"","overlay-type":"","overlay-color":"","overlay-opacity":"","overlay-gradient":""}},"ast-content-background-meta":{"desktop":{"background-color":"var(--ast-global-color-5)","background-image":"","background-repeat":"repeat","background-position":"center center","background-size":"auto","background-attachment":"scroll","background-type":"","background-media":"","overlay-type":"","overlay-color":"","overlay-opacity":"","overlay-gradient":""},"tablet":{"background-color":"var(--ast-global-color-5)","background-image":"","background-repeat":"repeat","background-position":"center center","background-size":"auto","background-attachment":"scroll","background-type":"","background-media":"","overlay-type":"","overlay-color":"","overlay-opacity":"","overlay-gradient":""},"mobile":{"background-color":"var(--ast-global-color-5)","background-image":"","background-repeat":"repeat","background-position":"center center","background-size":"auto","background-attachment":"scroll","background-type":"","background-media":"","overlay-type":"","overlay-color":"","overlay-opacity":"","overlay-gradient":""}},"footnotes":""},"folder":[],"class_list":["post-3657","page","type-page","status-publish","hentry"],"yoast_head":"<!-- This site is optimized with the Yoast SEO plugin v26.9 - https:\/\/yoast.com\/product\/yoast-seo-wordpress\/ -->\n<title>Pristatymas - Spind\u0117ja<\/title>\n<meta name=\"description\" content=\"Pristatymas - Spind\u0117ja\" \/>\n<meta name=\"robots\" content=\"index, follow, max-snippet:-1, max-image-preview:large, max-video-preview:-1\" \/>\n<link rel=\"canonical\" href=\"https:\/\/spindeja.lt\/en\/pristatymas\/\" \/>\n<meta property=\"og:locale\" content=\"en_GB\" \/>\n<meta property=\"og:type\" content=\"article\" \/>\n<meta property=\"og:title\" content=\"Pristatymas - Spind\u0117ja\" \/>\n<meta property=\"og:description\" content=\"Pristatymas - Spind\u0117ja\" \/>\n<meta property=\"og:url\" content=\"https:\/\/spindeja.lt\/en\/pristatymas\/\" \/>\n<meta property=\"og:site_name\" content=\"Spind\u0117ja\" \/>\n<meta property=\"article:publisher\" content=\"https:\/\/www.facebook.com\/profile.php?id=100063674195191\" \/>\n<meta property=\"article:modified_time\" content=\"2026-05-07T20:12:37+00:00\" \/>\n<meta name=\"twitter:card\" content=\"summary_large_image\" \/>\n<meta name=\"twitter:label1\" content=\"Estimated reading time\" \/>\n\t<meta name=\"twitter:data1\" content=\"2 minutes\" \/>\n<script type=\"application\/ld+json\" class=\"yoast-schema-graph\">{\"@context\":\"https:\/\/schema.org\",\"@graph\":[{\"@type\":\"WebPage\",\"@id\":\"https:\/\/spindeja.lt\/pristatymas\/\",\"url\":\"https:\/\/spindeja.lt\/pristatymas\/\",\"name\":\"Pristatymas - Spind\u0117ja\",\"isPartOf\":{\"@id\":\"https:\/\/spindeja.lt\/#website\"},\"datePublished\":\"2020-02-03T15:56:25+00:00\",\"dateModified\":\"2026-05-07T20:12:37+00:00\",\"description\":\"Pristatymas - Spind\u0117ja\",\"breadcrumb\":{\"@id\":\"https:\/\/spindeja.lt\/pristatymas\/#breadcrumb\"},\"inLanguage\":\"en-GB\",\"potentialAction\":[{\"@type\":\"ReadAction\",\"target\":[\"https:\/\/spindeja.lt\/pristatymas\/\"]}]},{\"@type\":\"BreadcrumbList\",\"@id\":\"https:\/\/spindeja.lt\/pristatymas\/#breadcrumb\",\"itemListElement\":[{\"@type\":\"ListItem\",\"position\":1,\"name\":\"Prad\u017eia\",\"item\":\"https:\/\/spindeja.lt\/\"},{\"@type\":\"ListItem\",\"position\":2,\"name\":\"Pristatymas\"}]},{\"@type\":\"WebSite\",\"@id\":\"https:\/\/spindeja.lt\/#website\",\"url\":\"https:\/\/spindeja.lt\/\",\"name\":\"Spind\u0117ja\",\"description\":\"Rank\u0173 darbo papuo\u0161alai Jums\",\"publisher\":{\"@id\":\"https:\/\/spindeja.lt\/#organization\"},\"potentialAction\":[{\"@type\":\"SearchAction\",\"target\":{\"@type\":\"EntryPoint\",\"urlTemplate\":\"https:\/\/spindeja.lt\/?s={search_term_string}\"},\"query-input\":{\"@type\":\"PropertyValueSpecification\",\"valueRequired\":true,\"valueName\":\"search_term_string\"}}],\"inLanguage\":\"en-GB\"},{\"@type\":\"Organization\",\"@id\":\"https:\/\/spindeja.lt\/#organization\",\"name\":\"Spind\u0117ja\",\"url\":\"https:\/\/spindeja.lt\/\",\"logo\":{\"@type\":\"ImageObject\",\"inLanguage\":\"en-GB\",\"@id\":\"https:\/\/spindeja.lt\/#\/schema\/logo\/image\/\",\"url\":\"https:\/\/spindeja.lt\/wp-content\/uploads\/2019\/12\/Layer-2.png\",\"contentUrl\":\"https:\/\/spindeja.lt\/wp-content\/uploads\/2019\/12\/Layer-2.png\",\"width\":915,\"height\":616,\"caption\":\"Spind\u0117ja\"},\"image\":{\"@id\":\"https:\/\/spindeja.lt\/#\/schema\/logo\/image\/\"},\"sameAs\":[\"https:\/\/www.facebook.com\/profile.php?id=100063674195191\",\"https:\/\/www.instagram.com\/spindeja\/\"]}]}<\/script>\n<!-- \/ Yoast SEO plugin. -->","yoast_head_json":{"title":"Pristatymas - Spind\u0117ja","description":"Pristatymas - Spind\u0117ja","robots":{"index":"index","follow":"follow","max-snippet":"max-snippet:-1","max-image-preview":"max-image-preview:large","max-video-preview":"max-video-preview:-1"},"canonical":"https:\/\/spindeja.lt\/en\/pristatymas\/","og_locale":"en_GB","og_type":"article","og_title":"Pristatymas - Spind\u0117ja","og_description":"Pristatymas - Spind\u0117ja","og_url":"https:\/\/spindeja.lt\/en\/pristatymas\/","og_site_name":"Spind\u0117ja","article_publisher":"https:\/\/www.facebook.com\/profile.php?id=100063674195191","article_modified_time":"2026-05-07T20:12:37+00:00","twitter_card":"summary_large_image","twitter_misc":{"Estimated reading time":"2 minutes"},"schema":{"@context":"https:\/\/schema.org","@graph":[{"@type":"WebPage","@id":"https:\/\/spindeja.lt\/pristatymas\/","url":"https:\/\/spindeja.lt\/pristatymas\/","name":"Pristatymas - Spind\u0117ja","isPartOf":{"@id":"https:\/\/spindeja.lt\/#website"},"datePublished":"2020-02-03T15:56:25+00:00","dateModified":"2026-05-07T20:12:37+00:00","description":"Pristatymas - Spind\u0117ja","breadcrumb":{"@id":"https:\/\/spindeja.lt\/pristatymas\/#breadcrumb"},"inLanguage":"en-GB","potentialAction":[{"@type":"ReadAction","target":["https:\/\/spindeja.lt\/pristatymas\/"]}]},{"@type":"BreadcrumbList","@id":"https:\/\/spindeja.lt\/pristatymas\/#breadcrumb","itemListElement":[{"@type":"ListItem","position":1,"name":"Prad\u017eia","item":"https:\/\/spindeja.lt\/"},{"@type":"ListItem","position":2,"name":"Pristatymas"}]},{"@type":"WebSite","@id":"https:\/\/spindeja.lt\/#website","url":"https:\/\/spindeja.lt\/","name":"Spind\u0117ja","description":"Rank\u0173 darbo papuo\u0161alai Jums","publisher":{"@id":"https:\/\/spindeja.lt\/#organization"},"potentialAction":[{"@type":"SearchAction","target":{"@type":"EntryPoint","urlTemplate":"https:\/\/spindeja.lt\/?s={search_term_string}"},"query-input":{"@type":"PropertyValueSpecification","valueRequired":true,"valueName":"search_term_string"}}],"inLanguage":"en-GB"},{"@type":"Organization","@id":"https:\/\/spindeja.lt\/#organization","name":"Spind\u0117ja","url":"https:\/\/spindeja.lt\/","logo":{"@type":"ImageObject","inLanguage":"en-GB","@id":"https:\/\/spindeja.lt\/#\/schema\/logo\/image\/","url":"https:\/\/spindeja.lt\/wp-content\/uploads\/2019\/12\/Layer-2.png","contentUrl":"https:\/\/spindeja.lt\/wp-content\/uploads\/2019\/12\/Layer-2.png","width":915,"height":616,"caption":"Spind\u0117ja"},"image":{"@id":"https:\/\/spindeja.lt\/#\/schema\/logo\/image\/"},"sameAs":["https:\/\/www.facebook.com\/profile.php?id=100063674195191","https:\/\/www.instagram.com\/spindeja\/"]}]}},"uagb_featured_image_src":{"full":false,"thumbnail":false,"medium":false,"medium_large":false,"large":false,"1536x1536":false,"2048x2048":false,"trp-custom-language-flag":false,"woocommerce_thumbnail":false,"woocommerce_single":false,"woocommerce_gallery_thumbnail":false},"uagb_author_info":{"display_name":"Spind\u0117ja","author_link":"https:\/\/spindeja.lt\/en\/author\/admin\/"},"uagb_comment_info":0,"uagb_excerpt":"NEMOKAMAS* PRISTATYMAS PER 1-2 DARBO DIENAS* U\u017esakytas prekes interneto parduotuv\u0117je Spind\u0117ja pristatome visoje Lietuvoje ir u\u017esienyje. Kai u\u017esakymo suma ma\u017eesn\u0117 nei 50 Eur: ATSISKAITYMAS Atsiskaityti u\u017e Spind\u0117ja parduodamas prekes galite per PAYSERA \u012fmok\u0173 surinkimo sistem\u0105: Patvirtinus u\u017esakym\u0105 iki 12 val. (darbo dienomis) \u2013 prekes i\u0161si\u0173sime t\u0105 pa\u010di\u0105 darbo dien\u0105; Patvirtinus u\u017esakym\u0105 po 12 val. (ar&hellip;","_links":{"self":[{"href":"https:\/\/spindeja.lt\/en\/wp-json\/wp\/v2\/pages\/3657","targetHints":{"allow":["GET"]}}],"collection":[{"href":"https:\/\/spindeja.lt\/en\/wp-json\/wp\/v2\/pages"}],"about":[{"href":"https:\/\/spindeja.lt\/en\/wp-json\/wp\/v2\/types\/page"}],"author":[{"embeddable":true,"href":"https:\/\/spindeja.lt\/en\/wp-json\/wp\/v2\/users\/1"}],"replies":[{"embeddable":true,"href":"https:\/\/spindeja.lt\/en\/wp-json\/wp\/v2\/comments?post=3657"}],"version-history":[{"count":8,"href":"https:\/\/spindeja.lt\/en\/wp-json\/wp\/v2\/pages\/3657\/revisions"}],"predecessor-version":[{"id":20987,"href":"https:\/\/spindeja.lt\/en\/wp-json\/wp\/v2\/pages\/3657\/revisions\/20987"}],"wp:attachment":[{"href":"https:\/\/spindeja.lt\/en\/wp-json\/wp\/v2\/media?parent=3657"}],"wp:term":[{"taxonomy":"folder","embeddable":true,"href":"https:\/\/spindeja.lt\/en\/wp-json\/wp\/v2\/folder?post=3657"}],"curies":[{"name":"wp","href":"https:\/\/api.w.org\/{rel}","templated":true}]}}